{"id":16683,"date":"2018-05-03T14:23:28","date_gmt":"2018-05-03T13:23:28","guid":{"rendered":"https:\/\/lottohoy.com\/pelata\/pelaa-uk-lottery\/"},"modified":"2018-05-03T14:23:28","modified_gmt":"2018-05-03T13:23:28","slug":"pelaa-uk-lottery","status":"publish","type":"page","link":"https:\/\/lottohoy.com\/fi\/pelata\/pelaa-uk-lottery\/","title":{"rendered":"Pelaa UK Lottery"},"content":{"rendered":"<h2><strong>Pelaa Lotto UK verkossa<\/strong><\/h2>\n<p>UK Lotto on Yhdistyneen kuningaskunnan kansallinen arpajaiset, m\u00e4\u00e4r\u00e4ykset osoittavat, ett\u00e4 yli 18-vuotiaat ovat oikeutettuja pelaamaan ja ker\u00e4\u00e4m\u00e4\u00e4n palkintoja, ja heid\u00e4n on asuttava Yhdistyneess\u00e4 kuningaskunnassa tai Mansaarella. Onneksi t\u00e4t\u00e4 lottoa on mahdollista pelata my\u00f6s verkkoalustojen, kuten LottoHoy.comin, kautta.<\/p>\n<p>Voiton sattuessa palkintosumma kirjataan automaattisesti k\u00e4ytt\u00e4j\u00e4tilille, ja jos kyseess\u00e4 on eritt\u00e4in suuri summa, tarjoamme kaiken tarvittavan tuen, jotta voit noutaa palkinnon mahdollisimman yksinkertaisella tavalla.<\/p>\n<h2><strong>Miten pelata UK Lotto verkossa?<\/strong><\/h2>\n<p>Avaa ensin UK Lotto -pelisivu, jossa n\u00e4et rivin, jossa on viisi pelilippua. Kussakin niist\u00e4 on 59 ruutua, jotka on numeroitu vastaavasti 1-59.<\/p>\n<p>Jotta voit ly\u00f6d\u00e4 vetoa, sinun on valittava kuusi tarjotuista 59 numerosta ja toistettava t\u00e4m\u00e4 toiminto niin monessa sarakkeessa kuin haluat pelata. Yhden panoksen hinta on 4,06 euroa.<\/p>\n<p>Kukin sarake vastaa yht\u00e4 panosta, joten maksettava summa saadaan kertomalla panoksen m\u00e4\u00e4r\u00e4 pelattujen lohkojen lukum\u00e4\u00e4r\u00e4ll\u00e4.<\/p>\n<h2><strong>Min\u00e4 p\u00e4ivin\u00e4 UK Lotto arvotaan?<\/strong><\/h2>\n<p>Yhdistyneen kuningaskunnan lottoarvonnat suoritetaan joka keskiviikko klo 20.00 GMT ja lauantaisin klo 20.30 GMT. Lipunmyynti p\u00e4\u00e4ttyy virallisesti klo 19:30 GMT.<\/p>\n<h2><strong>Yhdistyneen kuningaskunnan lottoa verkossa pelaamisen edut<\/strong><\/h2>\n<p>Yhdistyneen kuningaskunnan lottoostoksilla verkossa on monia etuja, etenkin kun otetaan huomioon uudet kuluttajatrendit ja niihin liittyv\u00e4 helppous.<\/p>\n<p>N\u00e4m\u00e4 ovat joitakin t\u00e4rkeimpi\u00e4 etuja LottoHoy:ssa pelaamisesta:<\/p>\n<ul>\n<li>Transaktioiden turvallisuus HTTPS-protokollan avulla.<\/li>\n<li>Voit ostaa lippuja 24\/7 vuoden jokaisena p\u00e4iv\u00e4n\u00e4. En\u00e4\u00e4 ei tarvitse huolehtia, myyntipisteiden aukioloajoista.<\/li>\n<li>Mist\u00e4 tahansa, ilman jonoja tai poistumatta kotoa. Riitt\u00e4\u00e4, kun sinulla on mobiililaite, tabletti tai tietokone, jossa on internet-yhteys. Yhdistyneen kuningaskunnan lottoa voi pelata ilman maantieteellisi\u00e4 esteit\u00e4.<\/li>\n<li>Kun ostat lipun verkossa, et koskaan menet\u00e4 sit\u00e4, vaan se on aina tilill\u00e4si. Alustamme kautta et ainoastaan pid\u00e4 kirjaa ostamastasi lipusta, vaan jos voitat, saat v\u00e4litt\u00f6m\u00e4sti ilmoituksen k\u00e4ytt\u00e4j\u00e4tilill\u00e4si.<\/li>\n<li>Saat voitetut palkinnot v\u00e4litt\u00f6m\u00e4sti k\u00e4ytt\u00e4j\u00e4tilillesi. Kun arvonta on suoritettu ja kun vastaavat <a href=\"https:\/\/lottohoy.com\/results\/lotto-uk\/\"><strong>Yhdistyneen kuningaskunnan loton<\/strong><\/a> viralliset <a href=\"https:\/\/lottohoy.com\/results\/lotto-uk\/\"><strong>tulokset<\/strong><\/a> on julkaistu, voitettu summa kirjataan k\u00e4ytt\u00e4j\u00e4tilillesi.<\/li>\n<li>Pysy ajan tasalla kertyneist\u00e4 j\u00e4ttipoteista ja poikkeuksellisista arvonnoista. N\u00e4in tied\u00e4t etuk\u00e4teen t\u00e4rkeimm\u00e4t j\u00e4ttipotit ja voit s\u00e4\u00e4t\u00e4\u00e4 panostasi saadaksesi supermiljon\u00e4\u00e4rin j\u00e4ttipotin.<\/li>\n<\/ul>\n","protected":false},"excerpt":{"rendered":"<p>Pelaa Lotto UK verkossa UK Lotto on Yhdistyneen kuningaskunnan kansallinen arpajaiset, m\u00e4\u00e4r\u00e4ykset osoittavat, ett\u00e4 yli 18-vuotiaat ovat oikeutettuja pelaamaan ja ker\u00e4\u00e4m\u00e4\u00e4n palkintoja, ja heid\u00e4n on asuttava Yhdistyneess\u00e4 kuningaskunnassa tai Mansaarella. Onneksi t\u00e4t\u00e4 lottoa on mahdollista pelata my\u00f6s verkkoalustojen, kuten LottoHoy.comin, kautta. Voiton sattuessa palkintosumma kirjataan automaattisesti k\u00e4ytt\u00e4j\u00e4tilille, ja jos kyseess\u00e4 on eritt\u00e4in suuri summa, tarjoamme [&hellip;]<\/p>\n","protected":false},"author":2,"featured_media":0,"parent":16581,"menu_order":9,"comment_status":"closed","ping_status":"closed","template":"lotto-uk.php","meta":{"_et_pb_use_builder":"","_et_pb_old_content":"","_et_gb_content_width":"","exclude_from_search":false,"footnotes":""},"class_list":["post-16683","page","type-page","status-publish","hentry"],"yoast_head":"<!-- This site is optimized with the Yoast SEO plugin v23.7 - https:\/\/yoast.com\/wordpress\/plugins\/seo\/ -->\n<title>Pelaa Yhdistyneen kuningaskunnan lottoa verkossa - Yhdistyneen kuningaskunnan suurin lotto - LottoHoy<\/title>\n<meta name=\"description\" content=\"Valitse vain 6 tarjotuista 59 numerosta ja niin monessa sarakkeessa kuin haluat pelata. Pelaa turvallisesti Lottohoylla ja tule seuraavaksi miljon\u00e4\u00e4riksi!\" \/>\n<meta name=\"robots\" content=\"index, follow, max-snippet:-1, max-image-preview:large, max-video-preview:-1\" \/>\n<link rel=\"canonical\" href=\"https:\/\/lottohoy.com\/fi\/pelata\/pelaa-uk-lottery\/\" \/>\n<meta property=\"og:locale\" content=\"fi_FI\" \/>\n<meta property=\"og:type\" content=\"article\" \/>\n<meta property=\"og:title\" content=\"Pelaa Yhdistyneen kuningaskunnan lottoa verkossa - Yhdistyneen kuningaskunnan suurin lotto - LottoHoy\" \/>\n<meta property=\"og:description\" content=\"Valitse vain 6 tarjotuista 59 numerosta ja niin monessa sarakkeessa kuin haluat pelata. Pelaa turvallisesti Lottohoylla ja tule seuraavaksi miljon\u00e4\u00e4riksi!\" \/>\n<meta property=\"og:url\" content=\"https:\/\/lottohoy.com\/fi\/pelata\/pelaa-uk-lottery\/\" \/>\n<meta property=\"og:site_name\" content=\"Lottohoy\" \/>\n<meta name=\"twitter:card\" content=\"summary_large_image\" \/>\n<meta name=\"twitter:label1\" content=\"Arvioitu lukuaika\" \/>\n\t<meta name=\"twitter:data1\" content=\"2 minuuttia\" \/>\n<script type=\"application\/ld+json\" class=\"yoast-schema-graph\">{\"@context\":\"https:\/\/schema.org\",\"@graph\":[{\"@type\":\"WebPage\",\"@id\":\"https:\/\/lottohoy.com\/fi\/pelata\/pelaa-uk-lottery\/\",\"url\":\"https:\/\/lottohoy.com\/fi\/pelata\/pelaa-uk-lottery\/\",\"name\":\"Pelaa Yhdistyneen kuningaskunnan lottoa verkossa - Yhdistyneen kuningaskunnan suurin lotto - LottoHoy\",\"isPartOf\":{\"@id\":\"https:\/\/lottohoy.com\/fi\/#website\"},\"datePublished\":\"2018-05-03T13:23:28+00:00\",\"dateModified\":\"2018-05-03T13:23:28+00:00\",\"description\":\"Valitse vain 6 tarjotuista 59 numerosta ja niin monessa sarakkeessa kuin haluat pelata. Pelaa turvallisesti Lottohoylla ja tule seuraavaksi miljon\u00e4\u00e4riksi!\",\"breadcrumb\":{\"@id\":\"https:\/\/lottohoy.com\/fi\/pelata\/pelaa-uk-lottery\/#breadcrumb\"},\"inLanguage\":\"fi\",\"potentialAction\":[{\"@type\":\"ReadAction\",\"target\":[\"https:\/\/lottohoy.com\/fi\/pelata\/pelaa-uk-lottery\/\"]}]},{\"@type\":\"BreadcrumbList\",\"@id\":\"https:\/\/lottohoy.com\/fi\/pelata\/pelaa-uk-lottery\/#breadcrumb\",\"itemListElement\":[{\"@type\":\"ListItem\",\"position\":1,\"name\":\"Home\",\"item\":\"https:\/\/lottohoy.com\/fi\/\"},{\"@type\":\"ListItem\",\"position\":2,\"name\":\"Pelaa lottoa verkossa\",\"item\":\"https:\/\/lottohoy.com\/fi\/pelata\/\"},{\"@type\":\"ListItem\",\"position\":3,\"name\":\"Pelaa UK Lottery\"}]},{\"@type\":\"WebSite\",\"@id\":\"https:\/\/lottohoy.com\/fi\/#website\",\"url\":\"https:\/\/lottohoy.com\/fi\/\",\"name\":\"Lottohoy\",\"description\":\"\",\"potentialAction\":[{\"@type\":\"SearchAction\",\"target\":{\"@type\":\"EntryPoint\",\"urlTemplate\":\"https:\/\/lottohoy.com\/fi\/?s={search_term_string}\"},\"query-input\":{\"@type\":\"PropertyValueSpecification\",\"valueRequired\":true,\"valueName\":\"search_term_string\"}}],\"inLanguage\":\"fi\"}]}<\/script>\n<!-- \/ Yoast SEO plugin. -->","yoast_head_json":{"title":"Pelaa Yhdistyneen kuningaskunnan lottoa verkossa - Yhdistyneen kuningaskunnan suurin lotto - LottoHoy","description":"Valitse vain 6 tarjotuista 59 numerosta ja niin monessa sarakkeessa kuin haluat pelata. Pelaa turvallisesti Lottohoylla ja tule seuraavaksi miljon\u00e4\u00e4riksi!","robots":{"index":"index","follow":"follow","max-snippet":"max-snippet:-1","max-image-preview":"max-image-preview:large","max-video-preview":"max-video-preview:-1"},"canonical":"https:\/\/lottohoy.com\/fi\/pelata\/pelaa-uk-lottery\/","og_locale":"fi_FI","og_type":"article","og_title":"Pelaa Yhdistyneen kuningaskunnan lottoa verkossa - Yhdistyneen kuningaskunnan suurin lotto - LottoHoy","og_description":"Valitse vain 6 tarjotuista 59 numerosta ja niin monessa sarakkeessa kuin haluat pelata. Pelaa turvallisesti Lottohoylla ja tule seuraavaksi miljon\u00e4\u00e4riksi!","og_url":"https:\/\/lottohoy.com\/fi\/pelata\/pelaa-uk-lottery\/","og_site_name":"Lottohoy","twitter_card":"summary_large_image","twitter_misc":{"Arvioitu lukuaika":"2 minuuttia"},"schema":{"@context":"https:\/\/schema.org","@graph":[{"@type":"WebPage","@id":"https:\/\/lottohoy.com\/fi\/pelata\/pelaa-uk-lottery\/","url":"https:\/\/lottohoy.com\/fi\/pelata\/pelaa-uk-lottery\/","name":"Pelaa Yhdistyneen kuningaskunnan lottoa verkossa - Yhdistyneen kuningaskunnan suurin lotto - LottoHoy","isPartOf":{"@id":"https:\/\/lottohoy.com\/fi\/#website"},"datePublished":"2018-05-03T13:23:28+00:00","dateModified":"2018-05-03T13:23:28+00:00","description":"Valitse vain 6 tarjotuista 59 numerosta ja niin monessa sarakkeessa kuin haluat pelata. Pelaa turvallisesti Lottohoylla ja tule seuraavaksi miljon\u00e4\u00e4riksi!","breadcrumb":{"@id":"https:\/\/lottohoy.com\/fi\/pelata\/pelaa-uk-lottery\/#breadcrumb"},"inLanguage":"fi","potentialAction":[{"@type":"ReadAction","target":["https:\/\/lottohoy.com\/fi\/pelata\/pelaa-uk-lottery\/"]}]},{"@type":"BreadcrumbList","@id":"https:\/\/lottohoy.com\/fi\/pelata\/pelaa-uk-lottery\/#breadcrumb","itemListElement":[{"@type":"ListItem","position":1,"name":"Home","item":"https:\/\/lottohoy.com\/fi\/"},{"@type":"ListItem","position":2,"name":"Pelaa lottoa verkossa","item":"https:\/\/lottohoy.com\/fi\/pelata\/"},{"@type":"ListItem","position":3,"name":"Pelaa UK Lottery"}]},{"@type":"WebSite","@id":"https:\/\/lottohoy.com\/fi\/#website","url":"https:\/\/lottohoy.com\/fi\/","name":"Lottohoy","description":"","potentialAction":[{"@type":"SearchAction","target":{"@type":"EntryPoint","urlTemplate":"https:\/\/lottohoy.com\/fi\/?s={search_term_string}"},"query-input":{"@type":"PropertyValueSpecification","valueRequired":true,"valueName":"search_term_string"}}],"inLanguage":"fi"}]}},"_links":{"self":[{"href":"https:\/\/lottohoy.com\/fi\/wp-json\/wp\/v2\/pages\/16683","targetHints":{"allow":["GET"]}}],"collection":[{"href":"https:\/\/lottohoy.com\/fi\/wp-json\/wp\/v2\/pages"}],"about":[{"href":"https:\/\/lottohoy.com\/fi\/wp-json\/wp\/v2\/types\/page"}],"author":[{"embeddable":true,"href":"https:\/\/lottohoy.com\/fi\/wp-json\/wp\/v2\/users\/2"}],"replies":[{"embeddable":true,"href":"https:\/\/lottohoy.com\/fi\/wp-json\/wp\/v2\/comments?post=16683"}],"version-history":[{"count":0,"href":"https:\/\/lottohoy.com\/fi\/wp-json\/wp\/v2\/pages\/16683\/revisions"}],"up":[{"embeddable":true,"href":"https:\/\/lottohoy.com\/fi\/wp-json\/wp\/v2\/pages\/16581"}],"wp:attachment":[{"href":"https:\/\/lottohoy.com\/fi\/wp-json\/wp\/v2\/media?parent=16683"}],"curies":[{"name":"wp","href":"https:\/\/api.w.org\/{rel}","templated":true}]}}