{"id":16672,"date":"2018-08-21T10:08:33","date_gmt":"2018-08-21T09:08:33","guid":{"rendered":"https:\/\/lottohoy.com\/pelata\/pelaa-la-primitiva\/"},"modified":"2018-08-21T10:08:33","modified_gmt":"2018-08-21T09:08:33","slug":"pelaa-la-primitiva","status":"publish","type":"page","link":"https:\/\/lottohoy.com\/fi\/pelata\/pelaa-la-primitiva\/","title":{"rendered":"Pelaa La Primitiva"},"content":{"rendered":"<p>Se, mink\u00e4 nyky\u00e4\u00e4n tunnemme nimell\u00e4 \u201dLa primitiva\u201d, on Espanjan vanhin lottopeli. Sen luomisesta vuonna 1763 l\u00e4htien sen kehitys oli hyvin samankaltainen kuin nykyisen j\u00e4rjestelm\u00e4n, jossa voit valita nelj\u00e4 numeroa yhteens\u00e4 90:st\u00e4, ja t\u00e4st\u00e4 syyst\u00e4 se tunnettiin nimell\u00e4 \u201dnumeroiden perusteella suoritettava arpajaiset\u201d. T\u00e4t\u00e4 arpajaista kutsuttiin lopullisesti nimell\u00e4 La Primitiva, kun luotiin uusi arpajaiset, joita markkinoitiin lippujen avulla, joihin oli painettu numero, jolla ne osallistuivat arvontoihin. tunnemme sen nyky\u00e4\u00e4n nimell\u00e4 Kansallisarpajaiset. Vuonna 1862 hallitus p\u00e4\u00e4tti lakkauttaa entiset Primitiva-arvonnat painottaakseen enemm\u00e4n numeroiden perusteella j\u00e4rjestett\u00e4v\u00e4\u00e4 arpajaista, koska se oli saanut suuren hyv\u00e4ksynn\u00e4n; ja vasta yli sata vuotta my\u00f6hemmin, vuonna 1985, Primitiva-arpajaiset her\u00e4siv\u00e4t uudelleen henkiin <b><strong>Loter\u00edas y Apuestas del Estadon (LAE<\/strong><\/b>) , Espanjan arpajaisista vastaavan elimen, avustuksella.<\/p>\n<h2>S\u00e4\u00e4nt\u00f6jen muutokset t\u00e4h\u00e4n menness\u00e4<\/h2>\n<ul>\n<li>La Primitiva siirtyi viikoittaisesta arvonnasta kahteen arvontaan (<i><em>torstai ja lauantai toukokuusta 1990 alkaen<\/em><\/i>).<\/li>\n<li>Alkuper\u00e4inen hinta oli 25 Ptas. (noin 0,15 euroa), ja se on noussut pikkuhiljaa nykyiseen hintaan.<\/li>\n<li>Vuonna 1991 luotiin ylim\u00e4\u00e4r\u00e4inen pallo \u201d<b><strong>korvaus<\/strong><\/b>\u201d.<\/li>\n<li>Vuonna 2012 lis\u00e4ttiin yksi mahdollisuus pelata Primitivan arvonnassa, jossa on valinnainen arvonta, joka liittyy samaan Primitivan lippuun, \u201d<b><strong>Jokeriin<\/strong><\/b>.<\/li>\n<\/ul>\n<h2>Miten Primitivaa pelataan<\/h2>\n<p>Pelataksesi Primitivaa sinun tarvitsee vain valita kuusi numeroa sarakkeesta, jossa on yhteens\u00e4 49 numeroa (numerot 1-49). Voit asettaa panoksen usealla eri tavalla: kerta-, moninkertainen ja alennettu panos.<\/p>\n<ul>\n<li><b><strong>Yksitt\u00e4inen panos: <\/strong><\/b>K\u00e4yt\u00e4 niin monta pelisaraketta kuin haluat, v\u00e4hint\u00e4\u00e4n 1 ja enint\u00e4\u00e4n 8 saraketta. Kun pelaat verkossa, voit panostaa niin monta saraketta kuin pelaaja haluaa.<\/li>\n<li><b><strong>Monipanos: <\/strong><\/b>T\u00e4ss\u00e4 tapauksessa k\u00e4ytet\u00e4\u00e4n vain pelilipun ensimm\u00e4ist\u00e4 saraketta, ja voit valita 7 numerosta 11 numeroon. Mit\u00e4 enemm\u00e4n numeroita on merkitty, sit\u00e4 useampaan panokseen osallistut.<\/li>\n<li><b><strong>Pienennetty panos:<\/strong><\/b> T\u00e4m\u00e4n panoksen tarjoaa j\u00e4rjestelm\u00e4 itse, ja sit\u00e4 k\u00e4ytet\u00e4\u00e4n yleens\u00e4 yksinomaan fyysisess\u00e4 lipussa.<\/li>\n<\/ul>\n<p>Yhden vedon hinta Lottohoyssa on vain 2,00 euroa.<\/p>\n<h3>Miten Primitiva-arvonta toimii?<\/h3>\n<p>Arvonta suoritetaan kahden rummun avulla. Toisessa rummussa on 49 numeroitua palloa, joista poimitaan 6 numeroa voittoyhdistelm\u00e4\u00e4 varten, sek\u00e4 seitsem\u00e4s pallo, jota kutsutaan \u201dt\u00e4ydent\u00e4v\u00e4ksi\u201d. T\u00e4t\u00e4 t\u00e4ydent\u00e4v\u00e4\u00e4 numeroa ei ole valittu lippuun, ja kuten nimikin kertoo, sen tarkoituksena on t\u00e4ydent\u00e4\u00e4 niit\u00e4 vetoja, jotka vastaavat viitt\u00e4 voittoyhdistelm\u00e4n kuudesta numerosta. Palkinto toiseen luokkaan, jossa on viisi numeroa plus t\u00e4ydent\u00e4v\u00e4. Rahapallo otetaan toisesta rummusta. T\u00e4m\u00e4n palautusnumeron tarkoituksena on palkita yksinomaan ne pelaajat, jotka osuvat t\u00e4h\u00e4n numeroon, ja he saavat palkinnoksi yksitt\u00e4isen panoksensa m\u00e4\u00e4r\u00e4n.<\/p>\n<h2>Milloin La Primitivaa pelataan?<\/h2>\n<p>Primitiva pelataan kahdesti viikossa, torstaisin ja lauantaisin. Arvonta suoritetaan klo 21.40 Espanjan aikaa julkisessa seremoniassa Madridissa sijaitsevassa Loter\u00edas y Apuestas del Estadon (LAE) arvontasalissa. Primitivan s\u00e4\u00e4nn\u00f6iss\u00e4 s\u00e4\u00e4det\u00e4\u00e4n mahdollisuudesta muuttaa arvonnan suorittamispaikkaa, -p\u00e4iv\u00e4\u00e4 ja -aikaa tai p\u00e4iv\u00e4m\u00e4\u00e4ri\u00e4.<\/p>\n<h2>Kuinka paljon Primitiva-lippu maksaa?<\/h2>\n<p>LottoHoyssa voit pelata Primitivaa alkaen 2,5 euron l\u00e4ht\u00f6hinnasta sarakkeelta. Vaikka virallisesti vain Espanjassa asuvat voivat osallistua t\u00e4h\u00e4n peliin, nyky\u00e4\u00e4n ja verkkoalustojen kautta voit p\u00e4\u00e4st\u00e4 ostamaan lippuja ja osallistumaan arvontoihin mist\u00e4 tahansa maasta.<\/p>\n<h2>Miten ostaa La Primitiva verkossa?<\/h2>\n<p>Primitiva-arvontojen ostaminen ja niihin osallistuminen alustamme kautta on hyvin yksinkertaista, helppoa ja k\u00e4tev\u00e4\u00e4. Kun p\u00e4\u00e4set pelisivulle, voit asettaa haluamasi vedon tai vedot k\u00e4ytt\u00e4m\u00e4ll\u00e4 n\u00e4kyvill\u00e4 olevia sarakkeita (joita kutsutaan my\u00f6s riveiksi). Aluksi n\u00e4kyviin tulee viisi saraketta, mutta niit\u00e4 voidaan laajentaa niin monta kertaa kuin halutaan yksinkertaisesti klikkaamalla \u201d<b><strong>Lis\u00e4\u00e4 rivej\u00e4<\/strong><\/b>\u201d -ruutua. Jokaiseen sarakkeeseen valitaan kuusi numeroa, joiden avulla voit m\u00e4\u00e4ritt\u00e4\u00e4 pelisi. T\u00e4m\u00e4 yhdistelm\u00e4 voidaan tehd\u00e4 manuaalisesti tai antaa j\u00e4rjestelm\u00e4n itse valita satunnainen yhdistelm\u00e4 pelaajalle. T\u00e4m\u00e4 satunnaisvalinta tehd\u00e4\u00e4n sijoittamalla kursori sarakkeen p\u00e4\u00e4lle, jolloin n\u00e4kyviin tulee yl\u00e4laatikko, jossa lukee \u201dpikavalinta\u201d. Kun sarakkeiden (panosten) m\u00e4\u00e4r\u00e4 on m\u00e4\u00e4ritetty ja pelaaja on valmis pelaamaan, vihre\u00e4 \u201djatka\u201d -ruutu tulee n\u00e4kyviin. Kun ostoskoriin on p\u00e4\u00e4ssyt, n\u00e4ytt\u00f6\u00f6n ilmestyy uusi ruutu, joka n\u00e4ytt\u00e4\u00e4 valikoiman maksutapoja: luottokorteista ja Skrillin tai Netellerin kaltaisista j\u00e4rjestelmist\u00e4 monenlaisiin kansallisiin maksutapoihin, my\u00f6s kryptovaluuttojen kautta.<\/p>\n<h2>Primitivan palkinnot<\/h2>\n<p>Viisikymment\u00e4viisi prosenttia jokaisesta arvontakokoelmasta menee palkintojen maksamiseen, 10 prosenttia on tarkoitettu korvausten maksamiseen, ja j\u00e4ljelle j\u00e4\u00e4v\u00e4st\u00e4 35 prosentista 8 euron kiinte\u00e4\u00e4 maksua vastaava m\u00e4\u00e4r\u00e4 erotetaan jokaiselle viidennen luokan voittajalle, ja loput jaetaan nelj\u00e4n p\u00e4\u00e4luokan ja erikoisluokan kesken.<\/p>\n<ul>\n<li><b><strong>Erityisluokka<\/strong><\/b> niille, jotka osuvat t\u00e4ydelliseen voittoyhdistelm\u00e4\u00e4n (kuusi numeroa + palautus). T\u00e4m\u00e4 kategoria ottaa noin 6,18 % tuloista sek\u00e4 mahdollisen kertyneen potin m\u00e4\u00e4r\u00e4n. V\u00e4hint\u00e4\u00e4n kaksi miljoonaa euroa on taattu.<\/li>\n<li><b><strong>Ensimm\u00e4inen luokka<\/strong><\/b>, kuuden numeron p\u00e4\u00e4yhdistelm\u00e4n voittajille. T\u00e4h\u00e4n luokkaan on tarkoitettu 12,04 % ker\u00e4yksest\u00e4, joka jaetaan kaikkien t\u00e4m\u00e4n luokan menestyneiden k\u00e4ytt\u00e4jien kesken.<\/li>\n<li><b><strong>Toinen kategoria<\/strong><\/b>, viidelle numerolle, jotka vastaavat toisiaan, sek\u00e4 t\u00e4ydent\u00e4v\u00e4lle numerolle. T\u00e4ss\u00e4 luokassa voittajille jaetaan 1,80 % kokoelmasta.<\/li>\n<li><b><strong>Kolmas kategoria<\/strong><\/b>, viiden numeron voittajille, he jakavat 3,91 %.<\/li>\n<li><b><strong>Nelj\u00e4s kategoria<\/strong><\/b>, nelj\u00e4n numeron voittajille, he jakavat 6,32 %.<\/li>\n<li><b><strong>Viidenness\u00e4 luokassa<\/strong><\/b>, kolmen numeron voittajille, on kiinte\u00e4 palkinto, 8 euroa kullekin, ja se tarkoittaa noin 14,12 % kokoelmasta.<\/li>\n<li><b><strong>Palautus<\/strong><\/b>, voittajille numero pidet\u00e4\u00e4n palautuksena, rahasto luotiin 10 % ker\u00e4yksest\u00e4 kunkin arvonnan tehd\u00e4 kiinte\u00e4 maksu vastaa summaa yksinkertainen veto.<\/li>\n<\/ul>\n<p>Saatujen palkintojen m\u00e4\u00e4r\u00e4 kirjataan suoraan rekister\u00f6ityneiden k\u00e4ytt\u00e4jien tileille.<\/p>\n","protected":false},"excerpt":{"rendered":"<p>Se, mink\u00e4 nyky\u00e4\u00e4n tunnemme nimell\u00e4 \u201dLa primitiva\u201d, on Espanjan vanhin lottopeli. Sen luomisesta vuonna 1763 l\u00e4htien sen kehitys oli hyvin samankaltainen kuin nykyisen j\u00e4rjestelm\u00e4n, jossa voit valita nelj\u00e4 numeroa yhteens\u00e4 90:st\u00e4, ja t\u00e4st\u00e4 syyst\u00e4 se tunnettiin nimell\u00e4 \u201dnumeroiden perusteella suoritettava arpajaiset\u201d. T\u00e4t\u00e4 arpajaista kutsuttiin lopullisesti nimell\u00e4 La Primitiva, kun luotiin uusi arpajaiset, joita markkinoitiin lippujen [&hellip;]<\/p>\n","protected":false},"author":2,"featured_media":0,"parent":16581,"menu_order":6,"comment_status":"closed","ping_status":"closed","template":"la-primitiva.php","meta":{"_et_pb_use_builder":"","_et_pb_old_content":"","_et_gb_content_width":"","exclude_from_search":false,"footnotes":""},"class_list":["post-16672","page","type-page","status-publish","hentry"],"yoast_head":"<!-- This site is optimized with the Yoast SEO plugin v23.7 - https:\/\/yoast.com\/wordpress\/plugins\/seo\/ -->\n<title>Pelaa La Primitiva verkossa - Espanjan online-arpajaiset - Lottohoy<\/title>\n<meta name=\"description\" content=\"Pelataksesi Primitivaa sinun tarvitsee vain valita 6 numeroa sarakkeesta, joka koostuu yhteens\u00e4 49 numerosta (numeroitu 1-49). Pelaa nyt ja voita!\" \/>\n<meta name=\"robots\" content=\"index, follow, max-snippet:-1, max-image-preview:large, max-video-preview:-1\" \/>\n<link rel=\"canonical\" href=\"https:\/\/lottohoy.com\/fi\/pelata\/pelaa-la-primitiva\/\" \/>\n<meta property=\"og:locale\" content=\"fi_FI\" \/>\n<meta property=\"og:type\" content=\"article\" \/>\n<meta property=\"og:title\" content=\"Pelaa La Primitiva verkossa - Espanjan online-arpajaiset - Lottohoy\" \/>\n<meta property=\"og:description\" content=\"Pelataksesi Primitivaa sinun tarvitsee vain valita 6 numeroa sarakkeesta, joka koostuu yhteens\u00e4 49 numerosta (numeroitu 1-49). Pelaa nyt ja voita!\" \/>\n<meta property=\"og:url\" content=\"https:\/\/lottohoy.com\/fi\/pelata\/pelaa-la-primitiva\/\" \/>\n<meta property=\"og:site_name\" content=\"Lottohoy\" \/>\n<meta name=\"twitter:card\" content=\"summary_large_image\" \/>\n<meta name=\"twitter:label1\" content=\"Arvioitu lukuaika\" \/>\n\t<meta name=\"twitter:data1\" content=\"4 minuuttia\" \/>\n<script type=\"application\/ld+json\" class=\"yoast-schema-graph\">{\"@context\":\"https:\/\/schema.org\",\"@graph\":[{\"@type\":\"WebPage\",\"@id\":\"https:\/\/lottohoy.com\/fi\/pelata\/pelaa-la-primitiva\/\",\"url\":\"https:\/\/lottohoy.com\/fi\/pelata\/pelaa-la-primitiva\/\",\"name\":\"Pelaa La Primitiva verkossa - Espanjan online-arpajaiset - Lottohoy\",\"isPartOf\":{\"@id\":\"https:\/\/lottohoy.com\/fi\/#website\"},\"datePublished\":\"2018-08-21T09:08:33+00:00\",\"dateModified\":\"2018-08-21T09:08:33+00:00\",\"description\":\"Pelataksesi Primitivaa sinun tarvitsee vain valita 6 numeroa sarakkeesta, joka koostuu yhteens\u00e4 49 numerosta (numeroitu 1-49). Pelaa nyt ja voita!\",\"breadcrumb\":{\"@id\":\"https:\/\/lottohoy.com\/fi\/pelata\/pelaa-la-primitiva\/#breadcrumb\"},\"inLanguage\":\"fi\",\"potentialAction\":[{\"@type\":\"ReadAction\",\"target\":[\"https:\/\/lottohoy.com\/fi\/pelata\/pelaa-la-primitiva\/\"]}]},{\"@type\":\"BreadcrumbList\",\"@id\":\"https:\/\/lottohoy.com\/fi\/pelata\/pelaa-la-primitiva\/#breadcrumb\",\"itemListElement\":[{\"@type\":\"ListItem\",\"position\":1,\"name\":\"Home\",\"item\":\"https:\/\/lottohoy.com\/fi\/\"},{\"@type\":\"ListItem\",\"position\":2,\"name\":\"Pelaa lottoa verkossa\",\"item\":\"https:\/\/lottohoy.com\/fi\/pelata\/\"},{\"@type\":\"ListItem\",\"position\":3,\"name\":\"Pelaa La Primitiva\"}]},{\"@type\":\"WebSite\",\"@id\":\"https:\/\/lottohoy.com\/fi\/#website\",\"url\":\"https:\/\/lottohoy.com\/fi\/\",\"name\":\"Lottohoy\",\"description\":\"\",\"potentialAction\":[{\"@type\":\"SearchAction\",\"target\":{\"@type\":\"EntryPoint\",\"urlTemplate\":\"https:\/\/lottohoy.com\/fi\/?s={search_term_string}\"},\"query-input\":{\"@type\":\"PropertyValueSpecification\",\"valueRequired\":true,\"valueName\":\"search_term_string\"}}],\"inLanguage\":\"fi\"}]}<\/script>\n<!-- \/ Yoast SEO plugin. -->","yoast_head_json":{"title":"Pelaa La Primitiva verkossa - Espanjan online-arpajaiset - Lottohoy","description":"Pelataksesi Primitivaa sinun tarvitsee vain valita 6 numeroa sarakkeesta, joka koostuu yhteens\u00e4 49 numerosta (numeroitu 1-49). Pelaa nyt ja voita!","robots":{"index":"index","follow":"follow","max-snippet":"max-snippet:-1","max-image-preview":"max-image-preview:large","max-video-preview":"max-video-preview:-1"},"canonical":"https:\/\/lottohoy.com\/fi\/pelata\/pelaa-la-primitiva\/","og_locale":"fi_FI","og_type":"article","og_title":"Pelaa La Primitiva verkossa - Espanjan online-arpajaiset - Lottohoy","og_description":"Pelataksesi Primitivaa sinun tarvitsee vain valita 6 numeroa sarakkeesta, joka koostuu yhteens\u00e4 49 numerosta (numeroitu 1-49). Pelaa nyt ja voita!","og_url":"https:\/\/lottohoy.com\/fi\/pelata\/pelaa-la-primitiva\/","og_site_name":"Lottohoy","twitter_card":"summary_large_image","twitter_misc":{"Arvioitu lukuaika":"4 minuuttia"},"schema":{"@context":"https:\/\/schema.org","@graph":[{"@type":"WebPage","@id":"https:\/\/lottohoy.com\/fi\/pelata\/pelaa-la-primitiva\/","url":"https:\/\/lottohoy.com\/fi\/pelata\/pelaa-la-primitiva\/","name":"Pelaa La Primitiva verkossa - Espanjan online-arpajaiset - Lottohoy","isPartOf":{"@id":"https:\/\/lottohoy.com\/fi\/#website"},"datePublished":"2018-08-21T09:08:33+00:00","dateModified":"2018-08-21T09:08:33+00:00","description":"Pelataksesi Primitivaa sinun tarvitsee vain valita 6 numeroa sarakkeesta, joka koostuu yhteens\u00e4 49 numerosta (numeroitu 1-49). Pelaa nyt ja voita!","breadcrumb":{"@id":"https:\/\/lottohoy.com\/fi\/pelata\/pelaa-la-primitiva\/#breadcrumb"},"inLanguage":"fi","potentialAction":[{"@type":"ReadAction","target":["https:\/\/lottohoy.com\/fi\/pelata\/pelaa-la-primitiva\/"]}]},{"@type":"BreadcrumbList","@id":"https:\/\/lottohoy.com\/fi\/pelata\/pelaa-la-primitiva\/#breadcrumb","itemListElement":[{"@type":"ListItem","position":1,"name":"Home","item":"https:\/\/lottohoy.com\/fi\/"},{"@type":"ListItem","position":2,"name":"Pelaa lottoa verkossa","item":"https:\/\/lottohoy.com\/fi\/pelata\/"},{"@type":"ListItem","position":3,"name":"Pelaa La Primitiva"}]},{"@type":"WebSite","@id":"https:\/\/lottohoy.com\/fi\/#website","url":"https:\/\/lottohoy.com\/fi\/","name":"Lottohoy","description":"","potentialAction":[{"@type":"SearchAction","target":{"@type":"EntryPoint","urlTemplate":"https:\/\/lottohoy.com\/fi\/?s={search_term_string}"},"query-input":{"@type":"PropertyValueSpecification","valueRequired":true,"valueName":"search_term_string"}}],"inLanguage":"fi"}]}},"_links":{"self":[{"href":"https:\/\/lottohoy.com\/fi\/wp-json\/wp\/v2\/pages\/16672","targetHints":{"allow":["GET"]}}],"collection":[{"href":"https:\/\/lottohoy.com\/fi\/wp-json\/wp\/v2\/pages"}],"about":[{"href":"https:\/\/lottohoy.com\/fi\/wp-json\/wp\/v2\/types\/page"}],"author":[{"embeddable":true,"href":"https:\/\/lottohoy.com\/fi\/wp-json\/wp\/v2\/users\/2"}],"replies":[{"embeddable":true,"href":"https:\/\/lottohoy.com\/fi\/wp-json\/wp\/v2\/comments?post=16672"}],"version-history":[{"count":0,"href":"https:\/\/lottohoy.com\/fi\/wp-json\/wp\/v2\/pages\/16672\/revisions"}],"up":[{"embeddable":true,"href":"https:\/\/lottohoy.com\/fi\/wp-json\/wp\/v2\/pages\/16581"}],"wp:attachment":[{"href":"https:\/\/lottohoy.com\/fi\/wp-json\/wp\/v2\/media?parent=16672"}],"curies":[{"name":"wp","href":"https:\/\/api.w.org\/{rel}","templated":true}]}}