{"id":16666,"date":"2019-02-13T18:44:38","date_gmt":"2019-02-13T18:44:38","guid":{"rendered":"https:\/\/lottohoy.com\/pelata\/pelaa-el-gordo-de-la-primitiva\/"},"modified":"2019-02-13T18:44:38","modified_gmt":"2019-02-13T18:44:38","slug":"pelaa-el-gordo-de-la-primitiva","status":"publish","type":"page","link":"https:\/\/lottohoy.com\/fi\/pelata\/pelaa-el-gordo-de-la-primitiva\/","title":{"rendered":"Pelaa El Gordo de la Primitiva"},"content":{"rendered":"<h2>Pelaa el Gordo verkossa<\/h2>\n<p>Lokakuun <sup>31<\/sup>. p\u00e4iv\u00e4n\u00e4 1993 j\u00e4rjestettiin ensimm\u00e4inen Gordo de la Primitiva -arvonta, joka nyky\u00e4\u00e4n suoritetaan joka sunnuntai, vaikka ensimm\u00e4iset arvonnat suoritettiin vain kerran kuukaudessa, kuukauden viimeisen\u00e4 sunnuntaina. T\u00e4m\u00e4 arvontarakenne s\u00e4ilyi <sup>12<\/sup>. lokakuuta 1997 suoritettuun arvontaan asti. Nyky\u00e4\u00e4n Gordo de la Primitiva -arvonnan pelaaminen verkossa on todella yksinkertaista. Tarjoamme sinulle mahdollisuuden ostaa lippuja viikon jokaisena p\u00e4iv\u00e4n\u00e4, 24 tuntia vuorokaudessa.<\/p>\n<h2>Kuinka pelata Gordo de la Primitivaa?<\/h2>\n<p>El Gordon pelaaminen koostuu viiden numeron valitsemisesta taulukosta, jossa on 54 paikkaa, jotka on numeroitu 1:st\u00e4 54:\u00e4\u00e4n. Lis\u00e4ksi on valittava yksi avainnumero toisesta taulukosta, joka on numeroitu 0-9. El Gordon pelaamiseen on periaatteessa kaksi tapaa: yksinkertainen panostus ja monipanostus. <b><strong>Yksinkertainen veto<\/strong><\/b>, koostuu viiden numeron valitsemisesta ensimm\u00e4isest\u00e4 taulukosta, joka sis\u00e4lt\u00e4\u00e4 54 ruutua numeroilla 1-54, ja avainnumeron (jota kutsutaan my\u00f6s korvaukseksi) toisesta taulukosta, joka tarjoaa lipun ja sis\u00e4lt\u00e4\u00e4 10 numeroitua ruutua numeroilla 0-9. Yksi lippu maksaa vain 3 euroa, jos hankit sen Lottohoysta. T\u00e4m\u00e4 avainnumero tai palautus on yhteinen kaikille panoksille tai lohkoille, jotka laitetaan peliin yhdell\u00e4 lipulla. <b><strong>Moninkertainen veto <\/strong><\/b>tehd\u00e4\u00e4n yksinomaan lipun ensimm\u00e4iseen lohkoon, ja voit merkit\u00e4 v\u00e4hint\u00e4\u00e4n 6 ruutua ja enint\u00e4\u00e4n 11 ruutua ensimm\u00e4isest\u00e4 taulukosta sek\u00e4 liitteen\u00e4 olevan taulukon avainnumeron tai palautuksen. Kun t\u00e4yt\u00e4t monipuolista vetoa, merkittyjen numeroiden m\u00e4\u00e4r\u00e4 ja on suoraan yhteydess\u00e4 tehtyihin vetoihin ja niiden kustannuksiin.<\/p>\n<p><b>Valitut kokonaispanokset<\/b><\/p>\n<p>6 6<\/p>\n<p>7 21<\/p>\n<p>8 56<\/p>\n<p>9 126<\/p>\n<p>10 252<\/p>\n<p>11 462<\/p>\n<h2>Min\u00e4 p\u00e4iv\u00e4n\u00e4 el Gordo de la Primitiva arvotaan?<\/h2>\n<p>El Gordo de la Primitiva arvotaan kerran viikossa, joka sunnuntai, ja arvonta suoritetaan klo 21.30 (CET) Madridissa. P\u00e4\u00e4st\u00e4ksesi n\u00e4ihin arvontoihin sinun on otettava huomioon katkaisuajat. Kun pelaat verkossa, normaaliaikataulu on noin klo 13:00 riippuen maasta, jossa peli\u00e4 pelataan (suositellaan katsomaan etuk\u00e4teen).<\/p>\n<h2>Pelaa Gordo de la Primitiva verkossa<\/h2>\n<p>Gordo de la Primitivan pelaamisessa verkossa on monia etuja verrattuna perinteiseen peliin, jossa lippu vahvistetaan fyysisess\u00e4 arpajaishallinnossa. Uuden teknologian my\u00f6t\u00e4 monet toiminnot ovat helpottuneet mukavuuden, ajan ja turvallisuuden saavuttamiseksi. Todenn\u00e4k\u00f6isyys voittaa mik\u00e4 tahansa Gordo de la Primitiva -palkinto pelaamalla verkossa on t\u00e4sm\u00e4lleen sama kuin ostamalla fyysinen lippu arpajaishallinnosta, ja meid\u00e4n kaltaiset online-arpajaisalustat tekev\u00e4t siit\u00e4 eritt\u00e4in helppoa. Sinun on vain luotava k\u00e4ytt\u00e4j\u00e4tili LottoHoy-verkkopalveluun, ja t\u00e4ll\u00e4 tavoin p\u00e4\u00e4set k\u00e4siksi kaikkiin ker\u00e4yksi\u00e4 ja maksuja koskeviin tietoihin t\u00e4ysin turvallisesti. Kun p\u00e4\u00e4set Gordo de la Primitivan peliosioon alustallamme, yl\u00e4reunassa on valikkopalkki, jossa on nelj\u00e4 vaihtoehtoa:<\/p>\n<ul>\n<li><b><strong>Pelaa Gordo de la Primitiva<\/strong><\/b>: Osio, jossa voit valita suosikkinumerosi kaikissa haluamissasi sarakkeissa. Periaatteessa n\u00e4yt\u00f6ss\u00e4 on viisi saraketta, mutta panoksesi voidaan laajentaa niin moneen sarakkeeseen kuin haluat, yksinkertaisesti klikkaamalla ensimm\u00e4isen sarakkeen alla olevaa ruutua, jossa lukee \u201dlis\u00e4\u00e4 rivej\u00e4\u201d.<\/li>\n<li><b><strong>Gordo de la Primitivan tulokset:<\/strong><\/b> Tietoja viimeisimm\u00e4st\u00e4 arvonnasta, jossa pidettiin voittoyhdistelm\u00e4, ja eri luokkien palkintojen jako. P\u00e4\u00e4set my\u00f6s tutustumaan aiempien arvontojen tietoihin ja niiden palkintosummiin.<\/li>\n<li><b><strong>Gordo de la Primitivan tiedot:<\/strong><\/b> Kaikki t\u00e4h\u00e4n peliin liittyv\u00e4t tiedot, palkintoluokat, kullekin luokalle osoitetut ker\u00e4ysprosentit ja kunkin luokan voittomahdollisuudet.<\/li>\n<li><b><strong>Gordo de la Primitivan uutiset<\/strong><\/b>: Kaikki t\u00e4m\u00e4ntyyppist\u00e4 arpajaista koskevat uutiset.<\/li>\n<\/ul>\n<p>Aivan alla n\u00e4kyy ensimm\u00e4inen pelirivi, joka koostuu viidest\u00e4 sarakkeesta (tai lipusta). Voit pelata yht\u00e4 saraketta tai niin monta kuin haluat, voit jopa lis\u00e4t\u00e4 rivej\u00e4 ja pelata enemm\u00e4n numeroita. Kukin sarake tai rivi on numeroitu 1:st\u00e4 54:\u00e4\u00e4n, ja siin\u00e4 on teht\u00e4v\u00e4 haluttu ennuste, alkaen siit\u00e4, ett\u00e4 <b><strong>viisi ruutua tai numeroa on merkitt\u00e4v\u00e4 <\/strong><\/b>yksinkertaista siirtoa varten. J\u00e4rjestelm\u00e4n avulla voit t\u00e4ytt\u00e4\u00e4 n\u00e4m\u00e4 ruudut manuaalisesti suosikkinumeroillasi tai kunkin taulukon yl\u00e4puolella n\u00e4kyv\u00e4n pikavalintavaihtoehdon avulla. N\u00e4in j\u00e4rjestelm\u00e4 itse valitsee satunnaisesti pelattavan yhdistelm\u00e4n.<\/p>\n","protected":false},"excerpt":{"rendered":"<p>Pelaa el Gordo verkossa Lokakuun 31. p\u00e4iv\u00e4n\u00e4 1993 j\u00e4rjestettiin ensimm\u00e4inen Gordo de la Primitiva -arvonta, joka nyky\u00e4\u00e4n suoritetaan joka sunnuntai, vaikka ensimm\u00e4iset arvonnat suoritettiin vain kerran kuukaudessa, kuukauden viimeisen\u00e4 sunnuntaina. T\u00e4m\u00e4 arvontarakenne s\u00e4ilyi 12. lokakuuta 1997 suoritettuun arvontaan asti. Nyky\u00e4\u00e4n Gordo de la Primitiva -arvonnan pelaaminen verkossa on todella yksinkertaista. Tarjoamme sinulle mahdollisuuden ostaa lippuja [&hellip;]<\/p>\n","protected":false},"author":2,"featured_media":0,"parent":16581,"menu_order":6,"comment_status":"closed","ping_status":"closed","template":"el-gordo.php","meta":{"_et_pb_use_builder":"","_et_pb_old_content":"","_et_gb_content_width":"","exclude_from_search":false,"footnotes":""},"class_list":["post-16666","page","type-page","status-publish","hentry"],"yoast_head":"<!-- This site is optimized with the Yoast SEO plugin v23.7 - https:\/\/yoast.com\/wordpress\/plugins\/seo\/ -->\n<title>Espanjan online-arpajaiset<\/title>\n<meta name=\"description\" content=\"Pelaa nyt El Gordo de La Primitiva, yksi Espanjan tunnetuimmista lottoarvonnoista, jossa on fantastisia palkintoja ja j\u00e4ttipotteja, jotka voivat muuttaa el\u00e4m\u00e4si lopullisesti.\" \/>\n<meta name=\"robots\" content=\"index, follow, max-snippet:-1, max-image-preview:large, max-video-preview:-1\" \/>\n<link rel=\"canonical\" href=\"https:\/\/lottohoy.com\/fi\/pelata\/pelaa-el-gordo-de-la-primitiva\/\" \/>\n<meta property=\"og:locale\" content=\"fi_FI\" \/>\n<meta property=\"og:type\" content=\"article\" \/>\n<meta property=\"og:title\" content=\"Espanjan online-arpajaiset\" \/>\n<meta property=\"og:description\" content=\"Pelaa nyt El Gordo de La Primitiva, yksi Espanjan tunnetuimmista lottoarvonnoista, jossa on fantastisia palkintoja ja j\u00e4ttipotteja, jotka voivat muuttaa el\u00e4m\u00e4si lopullisesti.\" \/>\n<meta property=\"og:url\" content=\"https:\/\/lottohoy.com\/fi\/pelata\/pelaa-el-gordo-de-la-primitiva\/\" \/>\n<meta property=\"og:site_name\" content=\"Lottohoy\" \/>\n<meta name=\"twitter:card\" content=\"summary_large_image\" \/>\n<meta name=\"twitter:label1\" content=\"Arvioitu lukuaika\" \/>\n\t<meta name=\"twitter:data1\" content=\"3 minuuttia\" \/>\n<script type=\"application\/ld+json\" class=\"yoast-schema-graph\">{\"@context\":\"https:\/\/schema.org\",\"@graph\":[{\"@type\":\"WebPage\",\"@id\":\"https:\/\/lottohoy.com\/fi\/pelata\/pelaa-el-gordo-de-la-primitiva\/\",\"url\":\"https:\/\/lottohoy.com\/fi\/pelata\/pelaa-el-gordo-de-la-primitiva\/\",\"name\":\"Espanjan online-arpajaiset\",\"isPartOf\":{\"@id\":\"https:\/\/lottohoy.com\/fi\/#website\"},\"datePublished\":\"2019-02-13T18:44:38+00:00\",\"dateModified\":\"2019-02-13T18:44:38+00:00\",\"description\":\"Pelaa nyt El Gordo de La Primitiva, yksi Espanjan tunnetuimmista lottoarvonnoista, jossa on fantastisia palkintoja ja j\u00e4ttipotteja, jotka voivat muuttaa el\u00e4m\u00e4si lopullisesti.\",\"breadcrumb\":{\"@id\":\"https:\/\/lottohoy.com\/fi\/pelata\/pelaa-el-gordo-de-la-primitiva\/#breadcrumb\"},\"inLanguage\":\"fi\",\"potentialAction\":[{\"@type\":\"ReadAction\",\"target\":[\"https:\/\/lottohoy.com\/fi\/pelata\/pelaa-el-gordo-de-la-primitiva\/\"]}]},{\"@type\":\"BreadcrumbList\",\"@id\":\"https:\/\/lottohoy.com\/fi\/pelata\/pelaa-el-gordo-de-la-primitiva\/#breadcrumb\",\"itemListElement\":[{\"@type\":\"ListItem\",\"position\":1,\"name\":\"Home\",\"item\":\"https:\/\/lottohoy.com\/fi\/\"},{\"@type\":\"ListItem\",\"position\":2,\"name\":\"Pelaa lottoa verkossa\",\"item\":\"https:\/\/lottohoy.com\/fi\/pelata\/\"},{\"@type\":\"ListItem\",\"position\":3,\"name\":\"Pelaa El Gordo de la Primitiva\"}]},{\"@type\":\"WebSite\",\"@id\":\"https:\/\/lottohoy.com\/fi\/#website\",\"url\":\"https:\/\/lottohoy.com\/fi\/\",\"name\":\"Lottohoy\",\"description\":\"\",\"potentialAction\":[{\"@type\":\"SearchAction\",\"target\":{\"@type\":\"EntryPoint\",\"urlTemplate\":\"https:\/\/lottohoy.com\/fi\/?s={search_term_string}\"},\"query-input\":{\"@type\":\"PropertyValueSpecification\",\"valueRequired\":true,\"valueName\":\"search_term_string\"}}],\"inLanguage\":\"fi\"}]}<\/script>\n<!-- \/ Yoast SEO plugin. -->","yoast_head_json":{"title":"Espanjan online-arpajaiset","description":"Pelaa nyt El Gordo de La Primitiva, yksi Espanjan tunnetuimmista lottoarvonnoista, jossa on fantastisia palkintoja ja j\u00e4ttipotteja, jotka voivat muuttaa el\u00e4m\u00e4si lopullisesti.","robots":{"index":"index","follow":"follow","max-snippet":"max-snippet:-1","max-image-preview":"max-image-preview:large","max-video-preview":"max-video-preview:-1"},"canonical":"https:\/\/lottohoy.com\/fi\/pelata\/pelaa-el-gordo-de-la-primitiva\/","og_locale":"fi_FI","og_type":"article","og_title":"Espanjan online-arpajaiset","og_description":"Pelaa nyt El Gordo de La Primitiva, yksi Espanjan tunnetuimmista lottoarvonnoista, jossa on fantastisia palkintoja ja j\u00e4ttipotteja, jotka voivat muuttaa el\u00e4m\u00e4si lopullisesti.","og_url":"https:\/\/lottohoy.com\/fi\/pelata\/pelaa-el-gordo-de-la-primitiva\/","og_site_name":"Lottohoy","twitter_card":"summary_large_image","twitter_misc":{"Arvioitu lukuaika":"3 minuuttia"},"schema":{"@context":"https:\/\/schema.org","@graph":[{"@type":"WebPage","@id":"https:\/\/lottohoy.com\/fi\/pelata\/pelaa-el-gordo-de-la-primitiva\/","url":"https:\/\/lottohoy.com\/fi\/pelata\/pelaa-el-gordo-de-la-primitiva\/","name":"Espanjan online-arpajaiset","isPartOf":{"@id":"https:\/\/lottohoy.com\/fi\/#website"},"datePublished":"2019-02-13T18:44:38+00:00","dateModified":"2019-02-13T18:44:38+00:00","description":"Pelaa nyt El Gordo de La Primitiva, yksi Espanjan tunnetuimmista lottoarvonnoista, jossa on fantastisia palkintoja ja j\u00e4ttipotteja, jotka voivat muuttaa el\u00e4m\u00e4si lopullisesti.","breadcrumb":{"@id":"https:\/\/lottohoy.com\/fi\/pelata\/pelaa-el-gordo-de-la-primitiva\/#breadcrumb"},"inLanguage":"fi","potentialAction":[{"@type":"ReadAction","target":["https:\/\/lottohoy.com\/fi\/pelata\/pelaa-el-gordo-de-la-primitiva\/"]}]},{"@type":"BreadcrumbList","@id":"https:\/\/lottohoy.com\/fi\/pelata\/pelaa-el-gordo-de-la-primitiva\/#breadcrumb","itemListElement":[{"@type":"ListItem","position":1,"name":"Home","item":"https:\/\/lottohoy.com\/fi\/"},{"@type":"ListItem","position":2,"name":"Pelaa lottoa verkossa","item":"https:\/\/lottohoy.com\/fi\/pelata\/"},{"@type":"ListItem","position":3,"name":"Pelaa El Gordo de la Primitiva"}]},{"@type":"WebSite","@id":"https:\/\/lottohoy.com\/fi\/#website","url":"https:\/\/lottohoy.com\/fi\/","name":"Lottohoy","description":"","potentialAction":[{"@type":"SearchAction","target":{"@type":"EntryPoint","urlTemplate":"https:\/\/lottohoy.com\/fi\/?s={search_term_string}"},"query-input":{"@type":"PropertyValueSpecification","valueRequired":true,"valueName":"search_term_string"}}],"inLanguage":"fi"}]}},"_links":{"self":[{"href":"https:\/\/lottohoy.com\/fi\/wp-json\/wp\/v2\/pages\/16666","targetHints":{"allow":["GET"]}}],"collection":[{"href":"https:\/\/lottohoy.com\/fi\/wp-json\/wp\/v2\/pages"}],"about":[{"href":"https:\/\/lottohoy.com\/fi\/wp-json\/wp\/v2\/types\/page"}],"author":[{"embeddable":true,"href":"https:\/\/lottohoy.com\/fi\/wp-json\/wp\/v2\/users\/2"}],"replies":[{"embeddable":true,"href":"https:\/\/lottohoy.com\/fi\/wp-json\/wp\/v2\/comments?post=16666"}],"version-history":[{"count":0,"href":"https:\/\/lottohoy.com\/fi\/wp-json\/wp\/v2\/pages\/16666\/revisions"}],"up":[{"embeddable":true,"href":"https:\/\/lottohoy.com\/fi\/wp-json\/wp\/v2\/pages\/16581"}],"wp:attachment":[{"href":"https:\/\/lottohoy.com\/fi\/wp-json\/wp\/v2\/media?parent=16666"}],"curies":[{"name":"wp","href":"https:\/\/api.w.org\/{rel}","templated":true}]}}