{"id":16660,"date":"2018-05-03T14:23:27","date_gmt":"2018-05-03T13:23:27","guid":{"rendered":"https:\/\/lottohoy.com\/pelata\/pelaa-superenalotto\/"},"modified":"2018-05-03T14:23:27","modified_gmt":"2018-05-03T13:23:27","slug":"pelaa-superenalotto","status":"publish","type":"page","link":"https:\/\/lottohoy.com\/fi\/pelata\/pelaa-superenalotto\/","title":{"rendered":"Pelaa SuperEnalotto"},"content":{"rendered":"<p>SuperEnaloton pelaaminen verkossa on todella helppoa, sinun tarvitsee vain luoda k\u00e4ytt\u00e4j\u00e4tili LottoHoy:ssa, jotta p\u00e4\u00e4set k\u00e4siksi kaikkiin tietoihin peleist\u00e4, maksuista, tilauksista, ostetuista lipuista, tilastoista jne. T\u00e4ll\u00e4 samalla sivulla on viisi saraketta (lippuja), jokaisessa n\u00e4ist\u00e4 viidest\u00e4 sarakkeesta on laatikot, jotka on numeroitu 1-90, ja voit t\u00e4ytt\u00e4\u00e4 niin monta kuin haluat. Sinun tarvitsee vain valita kuusi numeroa yksinkertaista vetoa varten. Alustan avulla voimme t\u00e4ytt\u00e4\u00e4 n\u00e4m\u00e4 laatikot manuaalisesti tai k\u00e4ytt\u00e4\u00e4 pikavalintaominaisuutta ja antaa j\u00e4rjestelm\u00e4n itse valita satunnaisesti vetomme yhdistelm\u00e4n. Kun numeroiden valinta on tehty, siirry JATKA-painikkeeseen ja siirry maksuun. Se on yht\u00e4 yksinkertaista kuin t\u00e4m\u00e4.<\/p>\n<h2><b><strong>SuperEnalotto jackpot<\/strong><\/b><\/h2>\n<p>SuperEnalottossa on taattu 2.000.000 euron (2 miljoonan euron) minimij\u00e4ttipotti. Se voi vaikuttaa pienelt\u00e4 takuulta, mutta se kasvaa nopeasti, sill\u00e4 60 % jokaisessa arvonnassa ker\u00e4tyist\u00e4 varoista jaetaan palkintoihin. Yksi t\u00e4m\u00e4n loton t\u00e4rkeimmist\u00e4 ominaisuuksista on se, ett\u00e4 p\u00e4\u00e4palkinnolle ei ole yl\u00e4rajaa. T\u00e4m\u00e4 yhdistettyn\u00e4 siihen, ett\u00e4 j\u00e4ttipotti kasvaa nopeasti, luo eritt\u00e4in mielenkiintoisia monimiljon\u00e4\u00e4risi\u00e4 j\u00e4ttipotteja.<\/p>\n<h2><b><strong>SuperEnalotto-palkintojen jakautuminen<\/strong><\/b><\/h2>\n<p>SuperEnalotossa on eri palkintotasoja, yhteens\u00e4 15:een asti, p\u00e4\u00e4palkintojen, Super Starin ja pikavoittopalkintojen v\u00e4lill\u00e4. Jaettavien palkintojen kokonaism\u00e4\u00e4r\u00e4 vaihtelee ker\u00e4ttyjen summien mukaan. T\u00e4ss\u00e4 keskitymme p\u00e4\u00e4palkintoihin, joihin p\u00e4\u00e4see k\u00e4siksi verkkoalustalta. Katso seuraava taulukko:<\/p>\n<h2><b><strong>Miten voittaa SuperEnalotto<\/strong><\/b><\/h2>\n<p>Olemme ker\u00e4nneet hy\u00f6dyllisimm\u00e4t niksit ja neuvot, joilla voit lis\u00e4t\u00e4 mahdollisuuksiasi voittaa SuperEnalotto. Mit\u00e4\u00e4n maagista strategiaa ei ole, mutta olet varmasti tyytyv\u00e4inen n\u00e4iden vaiheiden tuloksiin:<\/p>\n<ul>\n<li>Tasapainota parilliset ja parittomat numerot: Sekoita numeroita parillisten ja parittomien v\u00e4lill\u00e4, sill\u00e4 vain 3 % voittaneista yhdistelmist\u00e4 oli kaikki parillisia tai parittomia.<\/li>\n<li>Sekoita korkeita ja matalia numeroita: \u00c4l\u00e4 keskity vain mataliin numeroihin (kuten p\u00e4iv\u00e4m\u00e4\u00e4riin), useimmat ihmiset tekev\u00e4t n\u00e4in.<\/li>\n<li>Pelaa tasapainoisia numeroita: Valitse numerot ja laske ne yhteen, tuloksen tulisi olla 140 ja 240 v\u00e4lill\u00e4. Noin 70 prosenttia aiemmista voittoyhdistelmist\u00e4 oli tasapainoisia.<\/li>\n<li>\u00c4l\u00e4 valitse per\u00e4kk\u00e4isi\u00e4 numerosarjoja.<\/li>\n<li>V\u00e4lt\u00e4 aiempia voittosarjoja: Jos yhdistelm\u00e4si on voitettu hiljattain, yrit\u00e4 valita uusi yhdistelm\u00e4.<\/li>\n<li>Tarkista yleisimm\u00e4t numerot: Voit k\u00e4yd\u00e4 <a href=\"https:\/\/lottohoy.com\/results\/superenalotto\/\"><b><strong>SuperEnalotto-tulossivullamme<\/strong><\/b><\/a> katsomassa, mitk\u00e4 numerot on valittu useammin.<\/li>\n<\/ul>\n<h2><b><strong>Kuka voi pelata SuperEnalottoa?<\/strong><\/b><\/h2>\n<p>Pelaajat kaikkialta maailmasta ovat tervetulleita pelaamaan SuperEnalottoa LottoHoylla. Ei tarvitse olla Italiassa, jotta voi pelata fyysisess\u00e4 v\u00e4hitt\u00e4ismyym\u00e4l\u00e4ss\u00e4. Nyt voit ostaa viralliset lippusi meilt\u00e4. Yksinkertainen lippu maksaa vain 3,00 euroa, joten miksi et kokeilisi onneasi?<\/p>\n","protected":false},"excerpt":{"rendered":"<p>SuperEnaloton pelaaminen verkossa on todella helppoa, sinun tarvitsee vain luoda k\u00e4ytt\u00e4j\u00e4tili LottoHoy:ssa, jotta p\u00e4\u00e4set k\u00e4siksi kaikkiin tietoihin peleist\u00e4, maksuista, tilauksista, ostetuista lipuista, tilastoista jne. T\u00e4ll\u00e4 samalla sivulla on viisi saraketta (lippuja), jokaisessa n\u00e4ist\u00e4 viidest\u00e4 sarakkeesta on laatikot, jotka on numeroitu 1-90, ja voit t\u00e4ytt\u00e4\u00e4 niin monta kuin haluat. Sinun tarvitsee vain valita kuusi numeroa yksinkertaista [&hellip;]<\/p>\n","protected":false},"author":2,"featured_media":0,"parent":16581,"menu_order":5,"comment_status":"closed","ping_status":"closed","template":"superenalotto.php","meta":{"_et_pb_use_builder":"","_et_pb_old_content":"","_et_gb_content_width":"","exclude_from_search":false,"footnotes":""},"class_list":["post-16660","page","type-page","status-publish","hentry"],"yoast_head":"<!-- This site is optimized with the Yoast SEO plugin v23.7 - https:\/\/yoast.com\/wordpress\/plugins\/seo\/ -->\n<title>Pelaa SuperEnalotto verkossa - Italian suurin lotto - LottoHoy<\/title>\n<meta name=\"description\" content=\"Superenalotton pelaaminen ei voisi olla helpompaa. Rekister\u00f6idy, valitse suosikkinumerosi ja tule seuraavaksi miljon\u00e4\u00e4riksi! ??\" \/>\n<meta name=\"robots\" content=\"index, follow, max-snippet:-1, max-image-preview:large, max-video-preview:-1\" \/>\n<link rel=\"canonical\" href=\"https:\/\/lottohoy.com\/fi\/pelata\/pelaa-superenalotto\/\" \/>\n<meta property=\"og:locale\" content=\"fi_FI\" \/>\n<meta property=\"og:type\" content=\"article\" \/>\n<meta property=\"og:title\" content=\"Pelaa SuperEnalotto verkossa - Italian suurin lotto - LottoHoy\" \/>\n<meta property=\"og:description\" content=\"Superenalotton pelaaminen ei voisi olla helpompaa. Rekister\u00f6idy, valitse suosikkinumerosi ja tule seuraavaksi miljon\u00e4\u00e4riksi! ??\" \/>\n<meta property=\"og:url\" content=\"https:\/\/lottohoy.com\/fi\/pelata\/pelaa-superenalotto\/\" \/>\n<meta property=\"og:site_name\" content=\"Lottohoy\" \/>\n<meta name=\"twitter:card\" content=\"summary_large_image\" \/>\n<meta name=\"twitter:label1\" content=\"Arvioitu lukuaika\" \/>\n\t<meta name=\"twitter:data1\" content=\"2 minuuttia\" \/>\n<script type=\"application\/ld+json\" class=\"yoast-schema-graph\">{\"@context\":\"https:\/\/schema.org\",\"@graph\":[{\"@type\":\"WebPage\",\"@id\":\"https:\/\/lottohoy.com\/fi\/pelata\/pelaa-superenalotto\/\",\"url\":\"https:\/\/lottohoy.com\/fi\/pelata\/pelaa-superenalotto\/\",\"name\":\"Pelaa SuperEnalotto verkossa - Italian suurin lotto - LottoHoy\",\"isPartOf\":{\"@id\":\"https:\/\/lottohoy.com\/fi\/#website\"},\"datePublished\":\"2018-05-03T13:23:27+00:00\",\"dateModified\":\"2018-05-03T13:23:27+00:00\",\"description\":\"Superenalotton pelaaminen ei voisi olla helpompaa. Rekister\u00f6idy, valitse suosikkinumerosi ja tule seuraavaksi miljon\u00e4\u00e4riksi! ??\",\"breadcrumb\":{\"@id\":\"https:\/\/lottohoy.com\/fi\/pelata\/pelaa-superenalotto\/#breadcrumb\"},\"inLanguage\":\"fi\",\"potentialAction\":[{\"@type\":\"ReadAction\",\"target\":[\"https:\/\/lottohoy.com\/fi\/pelata\/pelaa-superenalotto\/\"]}]},{\"@type\":\"BreadcrumbList\",\"@id\":\"https:\/\/lottohoy.com\/fi\/pelata\/pelaa-superenalotto\/#breadcrumb\",\"itemListElement\":[{\"@type\":\"ListItem\",\"position\":1,\"name\":\"Home\",\"item\":\"https:\/\/lottohoy.com\/fi\/\"},{\"@type\":\"ListItem\",\"position\":2,\"name\":\"Pelaa lottoa verkossa\",\"item\":\"https:\/\/lottohoy.com\/fi\/pelata\/\"},{\"@type\":\"ListItem\",\"position\":3,\"name\":\"Pelaa SuperEnalotto\"}]},{\"@type\":\"WebSite\",\"@id\":\"https:\/\/lottohoy.com\/fi\/#website\",\"url\":\"https:\/\/lottohoy.com\/fi\/\",\"name\":\"Lottohoy\",\"description\":\"\",\"potentialAction\":[{\"@type\":\"SearchAction\",\"target\":{\"@type\":\"EntryPoint\",\"urlTemplate\":\"https:\/\/lottohoy.com\/fi\/?s={search_term_string}\"},\"query-input\":{\"@type\":\"PropertyValueSpecification\",\"valueRequired\":true,\"valueName\":\"search_term_string\"}}],\"inLanguage\":\"fi\"}]}<\/script>\n<!-- \/ Yoast SEO plugin. -->","yoast_head_json":{"title":"Pelaa SuperEnalotto verkossa - Italian suurin lotto - LottoHoy","description":"Superenalotton pelaaminen ei voisi olla helpompaa. Rekister\u00f6idy, valitse suosikkinumerosi ja tule seuraavaksi miljon\u00e4\u00e4riksi! ??","robots":{"index":"index","follow":"follow","max-snippet":"max-snippet:-1","max-image-preview":"max-image-preview:large","max-video-preview":"max-video-preview:-1"},"canonical":"https:\/\/lottohoy.com\/fi\/pelata\/pelaa-superenalotto\/","og_locale":"fi_FI","og_type":"article","og_title":"Pelaa SuperEnalotto verkossa - Italian suurin lotto - LottoHoy","og_description":"Superenalotton pelaaminen ei voisi olla helpompaa. Rekister\u00f6idy, valitse suosikkinumerosi ja tule seuraavaksi miljon\u00e4\u00e4riksi! ??","og_url":"https:\/\/lottohoy.com\/fi\/pelata\/pelaa-superenalotto\/","og_site_name":"Lottohoy","twitter_card":"summary_large_image","twitter_misc":{"Arvioitu lukuaika":"2 minuuttia"},"schema":{"@context":"https:\/\/schema.org","@graph":[{"@type":"WebPage","@id":"https:\/\/lottohoy.com\/fi\/pelata\/pelaa-superenalotto\/","url":"https:\/\/lottohoy.com\/fi\/pelata\/pelaa-superenalotto\/","name":"Pelaa SuperEnalotto verkossa - Italian suurin lotto - LottoHoy","isPartOf":{"@id":"https:\/\/lottohoy.com\/fi\/#website"},"datePublished":"2018-05-03T13:23:27+00:00","dateModified":"2018-05-03T13:23:27+00:00","description":"Superenalotton pelaaminen ei voisi olla helpompaa. Rekister\u00f6idy, valitse suosikkinumerosi ja tule seuraavaksi miljon\u00e4\u00e4riksi! ??","breadcrumb":{"@id":"https:\/\/lottohoy.com\/fi\/pelata\/pelaa-superenalotto\/#breadcrumb"},"inLanguage":"fi","potentialAction":[{"@type":"ReadAction","target":["https:\/\/lottohoy.com\/fi\/pelata\/pelaa-superenalotto\/"]}]},{"@type":"BreadcrumbList","@id":"https:\/\/lottohoy.com\/fi\/pelata\/pelaa-superenalotto\/#breadcrumb","itemListElement":[{"@type":"ListItem","position":1,"name":"Home","item":"https:\/\/lottohoy.com\/fi\/"},{"@type":"ListItem","position":2,"name":"Pelaa lottoa verkossa","item":"https:\/\/lottohoy.com\/fi\/pelata\/"},{"@type":"ListItem","position":3,"name":"Pelaa SuperEnalotto"}]},{"@type":"WebSite","@id":"https:\/\/lottohoy.com\/fi\/#website","url":"https:\/\/lottohoy.com\/fi\/","name":"Lottohoy","description":"","potentialAction":[{"@type":"SearchAction","target":{"@type":"EntryPoint","urlTemplate":"https:\/\/lottohoy.com\/fi\/?s={search_term_string}"},"query-input":{"@type":"PropertyValueSpecification","valueRequired":true,"valueName":"search_term_string"}}],"inLanguage":"fi"}]}},"_links":{"self":[{"href":"https:\/\/lottohoy.com\/fi\/wp-json\/wp\/v2\/pages\/16660","targetHints":{"allow":["GET"]}}],"collection":[{"href":"https:\/\/lottohoy.com\/fi\/wp-json\/wp\/v2\/pages"}],"about":[{"href":"https:\/\/lottohoy.com\/fi\/wp-json\/wp\/v2\/types\/page"}],"author":[{"embeddable":true,"href":"https:\/\/lottohoy.com\/fi\/wp-json\/wp\/v2\/users\/2"}],"replies":[{"embeddable":true,"href":"https:\/\/lottohoy.com\/fi\/wp-json\/wp\/v2\/comments?post=16660"}],"version-history":[{"count":0,"href":"https:\/\/lottohoy.com\/fi\/wp-json\/wp\/v2\/pages\/16660\/revisions"}],"up":[{"embeddable":true,"href":"https:\/\/lottohoy.com\/fi\/wp-json\/wp\/v2\/pages\/16581"}],"wp:attachment":[{"href":"https:\/\/lottohoy.com\/fi\/wp-json\/wp\/v2\/media?parent=16660"}],"curies":[{"name":"wp","href":"https:\/\/api.w.org\/{rel}","templated":true}]}}