{"id":16652,"date":"2018-05-03T14:23:25","date_gmt":"2018-05-03T13:23:25","guid":{"rendered":"https:\/\/lottohoy.com\/pelata\/pelaa-eurojackpotia\/"},"modified":"2018-05-03T14:23:25","modified_gmt":"2018-05-03T13:23:25","slug":"pelaa-eurojackpotia","status":"publish","type":"page","link":"https:\/\/lottohoy.com\/fi\/pelata\/pelaa-eurojackpotia\/","title":{"rendered":"Pelaa Eurojackpotia"},"content":{"rendered":"<h2><b><strong>Miten pelata Eurojackpotia?<\/strong><\/b><\/h2>\n<p><b><strong>Eurojackpot-arpajaiset<\/strong><\/b> ovat yksi Euroopan suurimmista arpajaisista, ja se on hyvin samankaltainen peli kuin <a href=\"\u201dhttps:\/\/lottohoy.com\/play\/euromillions\/\u201d\"><b><strong>EuroMillions-arpajaiset<\/strong><\/b><\/a>. Siin\u00e4 valitaan v\u00e4hint\u00e4\u00e4n 5 numeroa, jotka on numeroitu 1:st\u00e4 50:een. Samoin tarvitaan 2 lis\u00e4numeroa, joita kutsutaan \u201dsoles\u201d-numeroiksi, jotka ovat lipun toisessa osassa ja jotka on numeroitu 1-12. Mit\u00e4 useampia numeroita ja pohjalukuja osut, sit\u00e4 <b><strong>suuremman voiton voitat<\/strong><\/b>. Ensimm\u00e4isen palkintoluokan saa lippu, jossa on viisi numeroa ja kaksi solaa (<a href=\"https:\/\/lottohoy.com\/jackpots\/\"><b><strong>j\u00e4ttipottipalkinto<\/strong><\/b><\/a>), ja sen j\u00e4lkeen on 11 muuta huonompien palkintojen luokkaa. <b><strong>Eurojackpot<\/strong><\/b> on eurooppalainen lotto, jota pelataan 18 osallistujamaassa: Saksa, Kroatia, Tanska, Slovakia, Slovenia, Espanja, Viro, Suomi, Unkari, Italia, Islanti, Liettua, Latvia, Norja, Norja, Alankomaat, Puola, T\u0161ekki ja Ruotsi. Ja nyt kaikki lottopelaajat voivat pelata kotoa k\u00e4sin.<\/p>\n<h2><b><strong>Paljonko Eurojackpot-liput maksavat?<\/strong><\/b><\/h2>\n<p>Voit ostaa lippuja <b><strong>Eurojackpotin nettipelaamiseen netist\u00e4<\/strong><\/b> alkaen <b><strong>3,95 \u20ac<\/strong><\/b> per lippu. LottoHoy:lla tarjoamme parhaan hinnan internetin hinnalla pelaamiseen turvallisimmalla alustalla. <a href=\"https:\/\/lottohoy.com\/signup\/\"><b><strong>Avaa tilisi<\/strong><\/b><\/a> nyt ja aloita virallisten lottokuponkien ostaminen ja Eurojackpotin pelaaminen.<\/p>\n<h2><b><strong>Miten voittaa Eurojackpotissa<\/strong><\/b><\/h2>\n<p>Ei ole olemassa mit\u00e4\u00e4n strategiaa, joka voisi taata, ett\u00e4 sinusta tulee seuraava Eurojackpot-voittaja. T\u00e4st\u00e4 huolimatta voit noudattaa joitakin yksinkertaisia neuvoja, jotka lis\u00e4\u00e4v\u00e4t todenn\u00e4k\u00f6isyytt\u00e4si voittaa ja osua mihin tahansa palkintotasoon:<\/p>\n<ul>\n<li style=\"list-style-type: none;\">\n<ul>\n<li><b><strong>Sekoita parittomia ja parillisia numeroita<\/strong><\/b>: Kaikki parilliset tai kaikki parittomat numeroyhdistelm\u00e4t arvotaan harvoin, tilastollisesti alle 3 %.<\/li>\n<\/ul>\n<\/li>\n<\/ul>\n<ul>\n<li style=\"list-style-type: none;\">\n<ul>\n<li><b><strong>Lottonumeroryhm\u00e4t<\/strong><\/b>: V\u00e4lt\u00e4 valitsemasta kaikkia samaan ryhm\u00e4\u00e4n kuuluvia numeroita (20:t, 30:t&#8230;). Voit jopa tarkistaa sen ryhm\u00e4n, joka on arvottu useammin.<\/li>\n<\/ul>\n<\/li>\n<\/ul>\n<ul>\n<li style=\"list-style-type: none;\">\n<ul>\n<li>Tarkista <b><strong>yleisimm\u00e4t numerot<\/strong><\/b>: Voit tarkistaa <a href=\"https:\/\/lottohoy.com\/results\/eurojackpot\/\"><b><strong>Eurojackpot-tulossivumme<\/strong><\/b><\/a> ja poimia sielt\u00e4 luettelon numeroista, jotka on valittu useammin.<\/li>\n<li><b><strong>Numeroiden summa<\/strong><\/b>: Kun olet valinnut viisi numeroa, varmista, ett\u00e4 lasket ne yhteen ja ett\u00e4 kaikkien numeroiden summa on 90 ja 160 v\u00e4lill\u00e4. Seitsem\u00e4nkymment\u00e4 prosenttia voittoyhdistelmist\u00e4 osuu t\u00e4lle alueelle.<\/li>\n<\/ul>\n<\/li>\n<\/ul>\n<ul>\n<li style=\"list-style-type: none;\">\n<ul>\n<li><b><strong>Sekoita korkeita ja matalia numeroita<\/strong><\/b>: Kuusikymment\u00e4nelj\u00e4 prosenttia voittavista yhdistelmist\u00e4 koostuu kahdesta matalasta numerosta ja kolmesta korkeasta numerosta tai p\u00e4invastoin.<\/li>\n<li>Etsi yleisimm\u00e4t per\u00e4kk\u00e4iset ja yleisimm\u00e4t ei-per\u00e4kk\u00e4iset yhdistelm\u00e4t.<\/li>\n<li>\u00a0<\/li>\n<\/ul>\n<\/li>\n<\/ul>\n<h2><b><strong>Pelaa Eurojackpotia verkossa<\/strong><\/b><\/h2>\n<p><b><strong>Panoksen<\/strong><\/b> tekeminen <b><strong>Eurojackpot-arvonnassa<\/strong><\/b> on hyvin yksinkertaista. Sinun tarvitsee vain valita viisi suosikkinumeroasi v\u00e4lilt\u00e4 1 ja 50 sek\u00e4 kaksi muuta numeroa v\u00e4lilt\u00e4 1 ja 12 (ns. \u201dsoles\u201d). <a href=\"\u201dhttps:\/\/lottohoy.com\/play\/eurojackpot\/\u201d\"><b><strong>Pelaa Eurojackpotia -sivulla<\/strong><\/b><\/a> on viisi alkusaraketta rivi\u00e4 kohden (laajennettavissa kahdeksaan riviin MORE LINES -vaihtoehdon avulla).<\/p>\n<p>Taso #x + x Palkinto noin<\/p>\n<p>I 5+2 Jackpot<\/p>\n<p>II 5+1 811.146\u20ac<\/p>\n<p>III 5+0 150.558\u20ac<\/p>\n<p>IV 4+2 4.733\u20ac<\/p>\n<p>V 4+1 249\u20ac<\/p>\n<p>VI 4+0 111\u20ac<\/p>\n<p>VII 3+2 61\u20ac<\/p>\n<p>VIII 2+2 22\u20ac<\/p>\n<p>IX 3+1 18\u20ac<\/p>\n<p>X 3+0 15\u20ac<\/p>\n<p>XI 1+2 10\u20ac<\/p>\n<p>XII 2+1 8\u20ac<\/p>\n<p>Voit valita numerot yhdistelm\u00e4\u00e4si <b><strong>manuaalisesti tai antaa j\u00e4rjestelm\u00e4n valita ne satunnaisesti<\/strong><\/b> kehitt\u00e4m\u00e4mme pikatoiminnon avulla. Jos valitset vain yhden sarakkeen, pelaat yhden pelin, joten muista pelata niin monta saraketta kuin haluat. Nyt voit my\u00f6s valita, kuinka monta arvontakertaa haluat pelata, yhdest\u00e4 arvonnasta jopa 16:een, jotta et menet\u00e4 yht\u00e4\u00e4n mahdollisuutta voittaa yht\u00e4 Euroopan arpajaisten suurimmista j\u00e4ttipotista. Kun olet valinnut sarakkeen tai sarakkeet, joihin haluat osallistua, sinun tarvitsee vain <b><strong>klikata Jatka<\/strong><\/b> ja jatkaa maksua Eurojackpot-lipuista.<\/p>\n<h3>Useita panoksia Eurojackpotissa<\/h3>\n<p>Erona yksinkertaiseen vetoon, jossa 5 + 2 numeroa merkit\u00e4\u00e4n jokaiseen sarakkeeseen tai lippuun, jossa haluat pelata, monipanoksessa k\u00e4ytet\u00e4\u00e4n vain lipun ensimm\u00e4ist\u00e4 saraketta ja 5, 6, 7, 8, 9 tai 10 numeroa merkit\u00e4\u00e4n p\u00e4\u00e4matriisin ruutuihin 1 ja 50 v\u00e4lill\u00e4. Voit my\u00f6s merkit\u00e4 2, 3, 4 tai 5 numeroa tuohon ensimm\u00e4iseen sarakkeeseen, mutta toissijaisesta matriisista, auringoista. Seuraavassa taulukossa esitet\u00e4\u00e4n mahdolliset yhdistelm\u00e4t ja kunkin numero- ja aurinkoyhdistelm\u00e4n kokonaispanokset.<\/p>\n<p>T\u00e4hdet Numerot<\/p>\n<p>5 6 7 8 9 10<\/p>\n<p>2 &#8211; 6 21 56 126 252<\/p>\n<p>3 3 18 63 168 378 756<\/p>\n<p>4 6 36 126 336 756 1.512<\/p>\n<p>5 10 60 210 560 1.260 2.520<\/p>\n<h1><b><strong>Eurojackpot Jackpotit<\/strong><\/b><\/h1>\n<p>Eurojackpot-arpajaispeliss\u00e4 on vahvistettu 10 miljoonan euron v\u00e4himm\u00e4isj\u00e4ttipotti, josta maksetaan ensimm\u00e4isen luokan palkinnot. Samoin s\u00e4\u00e4nn\u00f6iss\u00e4 todetaan, ett\u00e4 ensimm\u00e4isen luokan palkinto, johon on kertynyt j\u00e4ttipotteja, voi olla enint\u00e4\u00e4n 120 miljoonaa euroa. Jos t\u00e4m\u00e4 m\u00e4\u00e4r\u00e4 ylittyy arvonnassa, ylittynyt summa k\u00e4ytet\u00e4\u00e4n toisen luokan palkintojen korottamiseen. Jos 12 per\u00e4kk\u00e4isess\u00e4 arvonnassa ei ole ensimm\u00e4isen luokan voittajaa, seuraavassa arvonnassa jaetaan siihen menness\u00e4 kertynyt kokonaisj\u00e4ttipotti pakollisin perustein. Ensimm\u00e4isen Eurojackpot-j\u00e4ttipotin voitti Saksan kansalainen 11. toukokuuta 2012, jolloin h\u00e4n vei kotiin komeat 19,2 miljoonaa euroa.<\/p>\n<p>* Perjantai 6. joulukuuta 2024 120 000 000 euroa * Tiistai 4. kes\u00e4kuuta 2024 120 000 000 euroa * Tiistai 23. huhtikuuta 2024 120 000 000 euroa * Tiistai 16. tammikuuta 2024 120 000 000 euroa * Perjantai 23. kes\u00e4kuuta 2023 120 000 000 euroa * Tiistai 8. marraskuuta 2022 120 000 000 euroa * Perjantai 22. hein\u00e4kuuta 2022 120 000 000 euroa * Perjantai 13. elokuuta 2021 90 000 000 euroa.<\/p>\n<p>Alla on joitakin suurimpia Eurojackpotin jakamia lottoj\u00e4ttipotteja: Ja my\u00f6s pelaajat Argentiinasta, Brasiliasta, Chilest\u00e4, Costa Ricasta, El Salvadorista, Hondurasista, Panamasta, Paraguaysta, Perusta, Uruguaysta, Venezuelasta&#8230; ovat jo osa LottoHoy.com-perhett\u00e4. Palvelumme ovat Latinalaisen Amerikan pelaajien saatavilla, jotta he voivat osallistua eri maailman lottoihin ja my\u00f6s Eurojackpot-arvontaan. Nyt voit tehd\u00e4 lippuostokset ja pelata verkossa Eurojackpot-arvonnassa, olla yksi voittajista ja saada miljoonia euroja j\u00e4ttipottipalkinnolla.<\/p>\n","protected":false},"excerpt":{"rendered":"<p>Miten pelata Eurojackpotia? Eurojackpot-arpajaiset ovat yksi Euroopan suurimmista arpajaisista, ja se on hyvin samankaltainen peli kuin EuroMillions-arpajaiset. Siin\u00e4 valitaan v\u00e4hint\u00e4\u00e4n 5 numeroa, jotka on numeroitu 1:st\u00e4 50:een. Samoin tarvitaan 2 lis\u00e4numeroa, joita kutsutaan \u201dsoles\u201d-numeroiksi, jotka ovat lipun toisessa osassa ja jotka on numeroitu 1-12. Mit\u00e4 useampia numeroita ja pohjalukuja osut, sit\u00e4 suuremman voiton voitat. Ensimm\u00e4isen [&hellip;]<\/p>\n","protected":false},"author":2,"featured_media":0,"parent":16581,"menu_order":4,"comment_status":"closed","ping_status":"closed","template":"eurojackpot.php","meta":{"_et_pb_use_builder":"","_et_pb_old_content":"","_et_gb_content_width":"","exclude_from_search":false,"footnotes":""},"class_list":["post-16652","page","type-page","status-publish","hentry"],"yoast_head":"<!-- This site is optimized with the Yoast SEO plugin v23.7 - https:\/\/yoast.com\/wordpress\/plugins\/seo\/ -->\n<title>Eurojackpot - Pelaa Eurojackpotia netiss\u00e4 - helposti ja nopeasti!<\/title>\n<meta name=\"description\" content=\"Valitse v\u00e4hint\u00e4\u00e4n 5 numeroa ja kaksi \u201dsolaa\u201d ja hanki lippusi seuraavaan Eurojackpor-arvontaan. Voit voittaa uskomattomia palkintoja!\" \/>\n<meta name=\"robots\" content=\"index, follow, max-snippet:-1, max-image-preview:large, max-video-preview:-1\" \/>\n<link rel=\"canonical\" href=\"https:\/\/lottohoy.com\/fi\/pelata\/pelaa-eurojackpotia\/\" \/>\n<meta property=\"og:locale\" content=\"fi_FI\" \/>\n<meta property=\"og:type\" content=\"article\" \/>\n<meta property=\"og:title\" content=\"Eurojackpot - Pelaa Eurojackpotia netiss\u00e4 - helposti ja nopeasti!\" \/>\n<meta property=\"og:description\" content=\"Valitse v\u00e4hint\u00e4\u00e4n 5 numeroa ja kaksi \u201dsolaa\u201d ja hanki lippusi seuraavaan Eurojackpor-arvontaan. Voit voittaa uskomattomia palkintoja!\" \/>\n<meta property=\"og:url\" content=\"https:\/\/lottohoy.com\/fi\/pelata\/pelaa-eurojackpotia\/\" \/>\n<meta property=\"og:site_name\" content=\"Lottohoy\" \/>\n<meta name=\"twitter:card\" content=\"summary_large_image\" \/>\n<meta name=\"twitter:label1\" content=\"Arvioitu lukuaika\" \/>\n\t<meta name=\"twitter:data1\" content=\"3 minuuttia\" \/>\n<script type=\"application\/ld+json\" class=\"yoast-schema-graph\">{\"@context\":\"https:\/\/schema.org\",\"@graph\":[{\"@type\":\"WebPage\",\"@id\":\"https:\/\/lottohoy.com\/fi\/pelata\/pelaa-eurojackpotia\/\",\"url\":\"https:\/\/lottohoy.com\/fi\/pelata\/pelaa-eurojackpotia\/\",\"name\":\"Eurojackpot - Pelaa Eurojackpotia netiss\u00e4 - helposti ja nopeasti!\",\"isPartOf\":{\"@id\":\"https:\/\/lottohoy.com\/fi\/#website\"},\"datePublished\":\"2018-05-03T13:23:25+00:00\",\"dateModified\":\"2018-05-03T13:23:25+00:00\",\"description\":\"Valitse v\u00e4hint\u00e4\u00e4n 5 numeroa ja kaksi \u201dsolaa\u201d ja hanki lippusi seuraavaan Eurojackpor-arvontaan. Voit voittaa uskomattomia palkintoja!\",\"breadcrumb\":{\"@id\":\"https:\/\/lottohoy.com\/fi\/pelata\/pelaa-eurojackpotia\/#breadcrumb\"},\"inLanguage\":\"fi\",\"potentialAction\":[{\"@type\":\"ReadAction\",\"target\":[\"https:\/\/lottohoy.com\/fi\/pelata\/pelaa-eurojackpotia\/\"]}]},{\"@type\":\"BreadcrumbList\",\"@id\":\"https:\/\/lottohoy.com\/fi\/pelata\/pelaa-eurojackpotia\/#breadcrumb\",\"itemListElement\":[{\"@type\":\"ListItem\",\"position\":1,\"name\":\"Home\",\"item\":\"https:\/\/lottohoy.com\/fi\/\"},{\"@type\":\"ListItem\",\"position\":2,\"name\":\"Pelaa lottoa verkossa\",\"item\":\"https:\/\/lottohoy.com\/fi\/pelata\/\"},{\"@type\":\"ListItem\",\"position\":3,\"name\":\"Pelaa Eurojackpotia\"}]},{\"@type\":\"WebSite\",\"@id\":\"https:\/\/lottohoy.com\/fi\/#website\",\"url\":\"https:\/\/lottohoy.com\/fi\/\",\"name\":\"Lottohoy\",\"description\":\"\",\"potentialAction\":[{\"@type\":\"SearchAction\",\"target\":{\"@type\":\"EntryPoint\",\"urlTemplate\":\"https:\/\/lottohoy.com\/fi\/?s={search_term_string}\"},\"query-input\":{\"@type\":\"PropertyValueSpecification\",\"valueRequired\":true,\"valueName\":\"search_term_string\"}}],\"inLanguage\":\"fi\"}]}<\/script>\n<!-- \/ Yoast SEO plugin. -->","yoast_head_json":{"title":"Eurojackpot - Pelaa Eurojackpotia netiss\u00e4 - helposti ja nopeasti!","description":"Valitse v\u00e4hint\u00e4\u00e4n 5 numeroa ja kaksi \u201dsolaa\u201d ja hanki lippusi seuraavaan Eurojackpor-arvontaan. Voit voittaa uskomattomia palkintoja!","robots":{"index":"index","follow":"follow","max-snippet":"max-snippet:-1","max-image-preview":"max-image-preview:large","max-video-preview":"max-video-preview:-1"},"canonical":"https:\/\/lottohoy.com\/fi\/pelata\/pelaa-eurojackpotia\/","og_locale":"fi_FI","og_type":"article","og_title":"Eurojackpot - Pelaa Eurojackpotia netiss\u00e4 - helposti ja nopeasti!","og_description":"Valitse v\u00e4hint\u00e4\u00e4n 5 numeroa ja kaksi \u201dsolaa\u201d ja hanki lippusi seuraavaan Eurojackpor-arvontaan. Voit voittaa uskomattomia palkintoja!","og_url":"https:\/\/lottohoy.com\/fi\/pelata\/pelaa-eurojackpotia\/","og_site_name":"Lottohoy","twitter_card":"summary_large_image","twitter_misc":{"Arvioitu lukuaika":"3 minuuttia"},"schema":{"@context":"https:\/\/schema.org","@graph":[{"@type":"WebPage","@id":"https:\/\/lottohoy.com\/fi\/pelata\/pelaa-eurojackpotia\/","url":"https:\/\/lottohoy.com\/fi\/pelata\/pelaa-eurojackpotia\/","name":"Eurojackpot - Pelaa Eurojackpotia netiss\u00e4 - helposti ja nopeasti!","isPartOf":{"@id":"https:\/\/lottohoy.com\/fi\/#website"},"datePublished":"2018-05-03T13:23:25+00:00","dateModified":"2018-05-03T13:23:25+00:00","description":"Valitse v\u00e4hint\u00e4\u00e4n 5 numeroa ja kaksi \u201dsolaa\u201d ja hanki lippusi seuraavaan Eurojackpor-arvontaan. Voit voittaa uskomattomia palkintoja!","breadcrumb":{"@id":"https:\/\/lottohoy.com\/fi\/pelata\/pelaa-eurojackpotia\/#breadcrumb"},"inLanguage":"fi","potentialAction":[{"@type":"ReadAction","target":["https:\/\/lottohoy.com\/fi\/pelata\/pelaa-eurojackpotia\/"]}]},{"@type":"BreadcrumbList","@id":"https:\/\/lottohoy.com\/fi\/pelata\/pelaa-eurojackpotia\/#breadcrumb","itemListElement":[{"@type":"ListItem","position":1,"name":"Home","item":"https:\/\/lottohoy.com\/fi\/"},{"@type":"ListItem","position":2,"name":"Pelaa lottoa verkossa","item":"https:\/\/lottohoy.com\/fi\/pelata\/"},{"@type":"ListItem","position":3,"name":"Pelaa Eurojackpotia"}]},{"@type":"WebSite","@id":"https:\/\/lottohoy.com\/fi\/#website","url":"https:\/\/lottohoy.com\/fi\/","name":"Lottohoy","description":"","potentialAction":[{"@type":"SearchAction","target":{"@type":"EntryPoint","urlTemplate":"https:\/\/lottohoy.com\/fi\/?s={search_term_string}"},"query-input":{"@type":"PropertyValueSpecification","valueRequired":true,"valueName":"search_term_string"}}],"inLanguage":"fi"}]}},"_links":{"self":[{"href":"https:\/\/lottohoy.com\/fi\/wp-json\/wp\/v2\/pages\/16652","targetHints":{"allow":["GET"]}}],"collection":[{"href":"https:\/\/lottohoy.com\/fi\/wp-json\/wp\/v2\/pages"}],"about":[{"href":"https:\/\/lottohoy.com\/fi\/wp-json\/wp\/v2\/types\/page"}],"author":[{"embeddable":true,"href":"https:\/\/lottohoy.com\/fi\/wp-json\/wp\/v2\/users\/2"}],"replies":[{"embeddable":true,"href":"https:\/\/lottohoy.com\/fi\/wp-json\/wp\/v2\/comments?post=16652"}],"version-history":[{"count":0,"href":"https:\/\/lottohoy.com\/fi\/wp-json\/wp\/v2\/pages\/16652\/revisions"}],"up":[{"embeddable":true,"href":"https:\/\/lottohoy.com\/fi\/wp-json\/wp\/v2\/pages\/16581"}],"wp:attachment":[{"href":"https:\/\/lottohoy.com\/fi\/wp-json\/wp\/v2\/media?parent=16652"}],"curies":[{"name":"wp","href":"https:\/\/api.w.org\/{rel}","templated":true}]}}