{"id":16638,"date":"2024-11-04T05:24:53","date_gmt":"2024-11-04T05:24:53","guid":{"rendered":"https:\/\/lottohoy.com\/tietosuojakaytanto\/"},"modified":"2024-11-04T05:24:53","modified_gmt":"2024-11-04T05:24:53","slug":"tietosuojakaytanto","status":"publish","type":"page","link":"https:\/\/lottohoy.com\/fi\/tietosuojakaytanto\/","title":{"rendered":"Tietosuojak\u00e4yt\u00e4nt\u00f6"},"content":{"rendered":"<p>Lottohoyn tietosuojak\u00e4yt\u00e4nt\u00f6\u00e4 (j\u00e4ljemp\u00e4n\u00e4 \u201dtietosuojak\u00e4yt\u00e4nt\u00f6\u201d) sovelletaan lottohoy.com-verkkosivustoon (j\u00e4ljemp\u00e4n\u00e4 \u201dverkkosivusto\u201d), jota yll\u00e4pit\u00e4\u00e4 LLL World Marketing Limited, Peiraios 30, 1st floor, office 1, 2023 Strovolos, Nicosia &#8211; Kypros. K\u00e4ytt\u00e4m\u00e4ll\u00e4 verkkosivustoamme hyv\u00e4ksyt seuraavat tietosuojak\u00e4yt\u00e4nn\u00f6t sek\u00e4 k\u00e4ytt\u00f6ehtomme.<\/p>\n<h2>Ker\u00e4\u00e4m\u00e4mme tiedot<\/h2>\n<p>Kun k\u00e4yt\u00e4t verkkosivustoa, ker\u00e4\u00e4mme seuraavia tietoja:<\/p>\n<h2>Avoimesti sinulta ker\u00e4tyt<\/h2>\n<p>K\u00e4ytt\u00e4j\u00e4tili\u00e4 luodessasi annat s\u00e4hk\u00f6postiosoitteesi, jota k\u00e4ytet\u00e4\u00e4n tilisi yksil\u00f6imiseen ja sen valinnaiseen aktivointiin. S\u00e4hk\u00f6postiosoitetta k\u00e4ytet\u00e4\u00e4n my\u00f6s salasanamuistutuksen suorittamiseen.<\/p>\n<p>Saatamme k\u00e4ytt\u00e4\u00e4 s\u00e4hk\u00f6postiosoitettasi ja puhelinnumeroasi my\u00f6s l\u00e4hett\u00e4\u00e4ksemme verkkosivuston toimintaan liittyvi\u00e4 ilmoituksia (mukaan lukien lain edellytt\u00e4m\u00e4t ilmoitukset), verkkosivustoa koskevia uutisia, tietoja verkkosivustolla olevista tuotteista ja palveluista sek\u00e4 muihin markkinointitarkoituksiin, mukaan lukien kolmansien osapuolten tuotteet tai palvelut, joista saatat olla kiinnostunut (j\u00e4ljemp\u00e4n\u00e4 \u201dilmoitukset\u201d). Voit lopettaa markkinointiin liittyvien ilmoitusten vastaanottamisen milloin tahansa k\u00e4ytt\u00e4m\u00e4ll\u00e4 peruutuslinkki\u00e4, joka sis\u00e4ltyy jokaiseen l\u00e4hett\u00e4m\u00e4\u00e4mme s\u00e4hk\u00f6postiviestiin, tai ottamalla meihin yhteytt\u00e4 k\u00e4ytett\u00e4viss\u00e4 olevilla yhteydenottov\u00e4lineill\u00e4: s\u00e4hk\u00f6postitse, puhelimitse tai yhteydenottolomakkeella.<\/p>\n<p>Kun olet luonut tilin, voit t\u00e4ydent\u00e4\u00e4 profiiliasi seuraavilla tiedoilla: etunimi, sukunimi, asuinosoite, syntym\u00e4aika, puhelinnumero ja aikavy\u00f6hyke. N\u00e4it\u00e4 tietoja k\u00e4ytet\u00e4\u00e4n maksujen, talletusten ja kotiutusten parantamiseen, verkkosivuston r\u00e4\u00e4t\u00e4l\u00f6intiin (mukaan lukien ilmoitukset) sek\u00e4 yli 2500 Yhdysvaltain dollarin voittojen k\u00e4sittelyyn k\u00e4ytt\u00f6ehtojen kohdan 3.5 mukaisesti.<\/p>\n<p>Saatamme my\u00f6s pit\u00e4\u00e4 rekisteri\u00e4 tiedoista, jotka meille on vapaaehtoisesti annettu yhteydenottolomakkeen, puhelinkeskustelun, postiviestin, Facebookin, Twitterin tai muun yhteydenottov\u00e4lineen kautta, mukaan lukien nimi, s\u00e4hk\u00f6postiosoite, puhelinnumero ja postiosoite. Nimen ja s\u00e4hk\u00f6postiosoitteen antaminen on v\u00e4ltt\u00e4m\u00e4t\u00f6nt\u00e4 viestin l\u00e4hett\u00e4miseksi yhteydenottolomakkeen kautta.<\/p>\n<p>Yhteydenottoa sosiaalisessa mediassa, kuten Facebookissa tai Twitteriss\u00e4, ei pid\u00e4 pit\u00e4\u00e4 virallisena. Pid\u00e4t\u00e4mme oikeuden olla vastaamatta n\u00e4iden yhteydenottov\u00e4lineiden kautta l\u00e4hetettyihin viesteihin, mutta ilmoitamme samalla, ett\u00e4 teemme parhaamme vastataksemme niihin. Saadakseen yksityiskohtaista tietoa edell\u00e4 mainittujen sosiaalisten medioiden ker\u00e4\u00e4mist\u00e4 tiedoista on tutustuttava seuraaviin asiakirjoihin:<\/p>\n<p>Facebook: tietosuojak\u00e4yt\u00e4nt\u00f6 sek\u00e4 ehdot ja k\u00e4yt\u00e4nn\u00f6t;<\/p>\n<p>Twitter: tietosuojak\u00e4yt\u00e4nt\u00f6 ja k\u00e4ytt\u00f6ehdot.<\/p>\n<p>K\u00e4sittelemme my\u00f6s maksukorttitietoja (numero, voimassaoloaika, haltijan etu- ja sukunimi, CVV-koodi) maksukorttimaksuprosessin suorittamiseksi &#8211; <a href=\"https:\/\/lottohoy.xyz\/terms-and-conditions\/\">lis\u00e4tietoja<\/a>.<\/p>\n<h2>Ei ker\u00e4t\u00e4 avoimesti<\/h2>\n<p>Kun k\u00e4yt\u00e4t verkkosivustoa, ker\u00e4\u00e4mme automaattisesti tiettyj\u00e4 tietoja ja k\u00e4yt\u00e4mme niit\u00e4 verkkosivuston p\u00e4\u00e4ominaisuuksien k\u00e4sittelyyn, verkkosivuston mukauttamiseen (mukaan lukien ilmoitukset), saapuvan liikenteen seurantaan ja turvallisuuden yll\u00e4pit\u00e4miseen. N\u00e4it\u00e4 ovat mm:<\/p>\n<p>-IP-osoite;<\/p>\n<p>-selaimen l\u00e4hett\u00e4m\u00e4t otsikot, erityisesti \u201dUser-Agent\u201d, \u201dAccept-Language\u201d ja \u201dReferer\u201d, jotka sis\u00e4lt\u00e4v\u00e4t muun muassa selaimen tyypin, version ja kielen, k\u00e4ytt\u00f6j\u00e4rjestelm\u00e4n tyypin ja version sek\u00e4 verkko-osoitteen, jonka kautta Verkkosivusto l\u00f6ydettiin;<\/p>\n<p>-j\u00e4rjestelm\u00e4n aika;<\/p>\n<p>-HTTP-pyynn\u00f6t;<\/p>\n<p>redfoxlotto.com-verkkotunnukseen tai aliverkkotunnuksiin tallennetut ev\u00e4stetiedostot.<\/p>\n<p>Saatamme my\u00f6s k\u00e4ytt\u00e4\u00e4 IP-osoitetta ker\u00e4t\u00e4ksemme ja k\u00e4sitelless\u00e4mme tietoja todellisesta sijainnistasi parantaaksemme tietojen p\u00e4ivitysprosessia sek\u00e4 r\u00e4\u00e4t\u00e4l\u00f6id\u00e4ksemme verkkosivustoa (mukaan lukien ilmoitukset).<\/p>\n<p>Palvelinlokeihin tallennetaan joitakin verkkoselaimien automaattisesti saataville asettamia tietoja, kuten t\u00e4ydelliset HTTP-pyynn\u00f6t, niiden saapumisaika, IP-osoite ja pyynt\u00f6\u00f6n liittyv\u00e4t URL-osoitteet.<\/p>\n<p>Verkkosivuston toiminta k\u00e4ytt\u00e4\u00e4 selaimesi v\u00e4limuistia. Sen avulla voidaan optimoida verkkosivuston latausaika ja helpottaa verkkosivuston k\u00e4ytt\u00f6\u00e4 tallentamalla tietoja istuntojen v\u00e4lill\u00e4 my\u00f6s selaimen uudelleenk\u00e4ynnistyksen j\u00e4lkeen.<\/p>\n<p>Tietoja, joita ei ker\u00e4t\u00e4 avoimesti, ovat muun muassa seuraavat tiedot, joita k\u00e4ytet\u00e4\u00e4n maksuprosessin k\u00e4sittelyyn ja parantamiseen:<\/p>\n<p>&#8211; S\u00e4hk\u00f6postiosoite, henkil\u00f6tiedot (etunimi, sukunimi, osoite, yhteystiedot ja maksutapahtuman tunnus maksujen suorittamiseksi; nimenomaisella suostumuksellasi tallennamme my\u00f6s k\u00e4ytt\u00e4miesi maksukorttien ei-herk\u00e4t tiedot, jotta maksujen suorittaminen nopeutuisi; -s\u00e4hk\u00f6postiosoite, p\u00e4iv\u00e4m\u00e4\u00e4r\u00e4, tila, summa ja maksutapahtuman tunnus, joita k\u00e4ytet\u00e4\u00e4n tai luodaan tpay.com-maksujen suorittamiseksi;<\/p>\n<p>-s\u00e4hk\u00f6postiosoite, k\u00e4ytt\u00e4j\u00e4tilin tunnus, tila, summa ja maksutapahtuman tunnus, jota k\u00e4ytet\u00e4\u00e4n tai joka syntyy Skrill-maksujen suorittamiseen;<\/p>\n<p>-s\u00e4hk\u00f6postiosoite, k\u00e4ytt\u00e4j\u00e4tilin tunnus, henkil\u00f6tiedot (etunimi, sukunimi, osoite, syntym\u00e4aika, sukupuoli, yhteystiedot, tilin saldo, tilin kieli ja valuutta) ja laskutustiedot, joita k\u00e4ytet\u00e4\u00e4n tai luodaan Neteller-maksujen suorittamiseen;<\/p>\n<p>-p\u00e4\u00e4m\u00e4\u00e4r\u00e4inen bitcoin-osoite ja maksutapahtuman tunnus, joita k\u00e4ytet\u00e4\u00e4n tai luodaan maksujen suorittamiseen;<\/p>\n<p>-s\u00e4hk\u00f6postiosoite, puhelin, maa ja tapahtumatunnus, joita k\u00e4ytet\u00e4\u00e4n tai luodaan Sofort-maksujen suorittamiseen.<\/p>\n<p>Saadaksesi lis\u00e4tietoja maksujen yhteydess\u00e4 ker\u00e4tyist\u00e4 tiedoista kehotamme sinua tutustumaan eri maksuportaiden tietosuojak\u00e4yt\u00e4nt\u00f6ihin (<a href=\"https:\/\/lottohoy.xyz\/terms-and-conditions\/\">lis\u00e4tietoja<\/a>).<\/p>\n<p>My\u00f6s kolmannen osapuolen palvelut k\u00e4ytt\u00e4v\u00e4t tietoja, joita ei ker\u00e4t\u00e4 avoimesti (<a href=\"https:\/\/lottohoy.xyz\/terms-and-conditions\/\">lis\u00e4tietoja<\/a>).<\/p>\n<h2>Kolmannen osapuolen palvelut<\/h2>\n<p>Tilastot, mainonta ja turvallisuus<\/p>\n<p>Verkkosivuston turvallisuuden hoitamiseen sek\u00e4 sen toimintaa koskevien tietojen ker\u00e4\u00e4miseen ja analysointiin k\u00e4yt\u00e4mme seuraavia kolmannen osapuolen palveluita:<\/p>\n<p>Google Analytics &#8211; seurata liikennett\u00e4 ja pit\u00e4\u00e4 yksityiskohtaisia tilastoja, joiden avulla voimme tunnistaa vierailujen l\u00e4hteet ja analysoida verkkosivuston toimintaa;<\/p>\n<p>Google reCAPTCHA &#8211; parantaa verkkosivuston turvallisuutta suojaamalla automaattisilta skripteilt\u00e4;<\/p>\n<p>Facebook Pixel &#8211; seurata liikennett\u00e4 ja pit\u00e4\u00e4 yksityiskohtaisia tilastoja, joiden avulla voimme luoda parempia mainoskampanjoita.<\/p>\n<p>Edell\u00e4 mainitut palvelut ker\u00e4\u00e4v\u00e4t ja k\u00e4ytt\u00e4v\u00e4t tietoja toimiakseen asianmukaisesti. Saadaksesi tietoa Googlen palveluiden ker\u00e4\u00e4mist\u00e4 tiedoista pyyd\u00e4mme sinua tutustumaan Googlen k\u00e4ytt\u00f6ehtoihin ja Googlen tietosuojak\u00e4yt\u00e4nt\u00f6\u00f6n. Saadaksesi tietoa Facebook-palveluiden ker\u00e4\u00e4mist\u00e4 tiedoista pyyd\u00e4mme sinua tutustumaan Facebookin k\u00e4yt\u00e4nt\u00f6ihin.<\/p>\n<h2>Maksut<\/h2>\n<p>Emme tallenna tietokantoihin yksityiskohtaisia tietoja maksukorteista. Maksukorttitietojen tallentamiseen k\u00e4yt\u00e4mme kolmannen osapuolen maksuliittymi\u00e4, jotka t\u00e4ytt\u00e4v\u00e4t PCI-DSS (Payment Card Industry Data Security Standard) -turvallisuusstandardien vaatimukset. Tietokantamme tallentavat vain viittaukset kolmannen osapuolen maksuporttien kautta tallennettuihin maksukortteihin. S\u00e4ilytt\u00e4m\u00e4mme viitteet sis\u00e4lt\u00e4v\u00e4t vain maksukorttien ei-arkkoja tietoja: voimassaolon p\u00e4\u00e4ttymisp\u00e4iv\u00e4, haltijan etu- ja sukunimi sek\u00e4 korttinumeron nelj\u00e4 viimeist\u00e4 numeroa. Maksukorttitietoja k\u00e4ytet\u00e4\u00e4n ja tallennetaan vain nimenomaisella suostumuksellasi. Voit poistaa tallennettujen maksukorttien viitteet milloin tahansa. Maksukorttitiedot poistetaan my\u00f6s tietyst\u00e4 kolmannen osapuolen maksuportaalista, jos se tarjoaa t\u00e4llaisen ominaisuuden. On muistettava, ett\u00e4 tietoja ei v\u00e4ltt\u00e4m\u00e4tt\u00e4 ole mahdollista poistaa kokonaan tietyn maksuportin toimintatavan vuoksi. Yksityiskohtaiset tiedot k\u00e4ytt\u00e4miemme maksuportaiden tallentamista tiedoista l\u00f6ytyv\u00e4t eri maksuportaiden tietosuojak\u00e4yt\u00e4nn\u00f6ist\u00e4 ja k\u00e4ytt\u00f6ehdoista &#8211; lis\u00e4tietoja. Tallennettujen maksukorttitietojen poistaminen ei peruuta aloitettuja maksutapahtumia.<\/p>\n<p>Edell\u00e4 mainitun toteuttamiseksi k\u00e4sittelemme maksukorttitietoja, jotka on annettu verkkosivustolla olevien lomakkeiden kautta. T\u00e4llainen toiminta on t\u00e4ysin PCI-DSS-vaatimusten (Payment Card Industry Data Security Standard) mukaista. Kaikki antamasi maksutiedot l\u00e4hetet\u00e4\u00e4n salatun SSL-yhteyden (Secure Socket Layer) kautta.<\/p>\n<p>Ilmoitamme sinulle, ett\u00e4 tietojen suojaamiseksi toteutamme kaikki tarvittavat toimet varmistaaksemme, ett\u00e4 tietojasi ei vahingossa hukata, k\u00e4ytet\u00e4 v\u00e4\u00e4rin, julkisteta, muuteta tai tuhota. Suojaamme ne my\u00f6s luvattomalta k\u00e4yt\u00f6lt\u00e4.<\/p>\n<p>Yksityiskohtaisia tietoja eri maksuportaiden ker\u00e4\u00e4mist\u00e4 tiedoista saa tutustumalla kyseisten maksuportaiden verkkosivuilla oleviin asiakirjoihin.<\/p>\n<h2>Jaetut tiedot<\/h2>\n<p>Emme anna tietojasi yritysten, organisaatioiden tai muiden kolmansien osapuolten k\u00e4ytt\u00f6\u00f6n seuraavia poikkeuksia lukuun ottamatta:<\/p>\n<p>-jos olemme saaneet nimenomaisen suostumuksesi tietojen luovuttamiseen;<\/p>\n<p>&#8211; saatamme l\u00e4hett\u00e4\u00e4 tietojasi luotetuille yksik\u00f6ille, jotka k\u00e4sittelev\u00e4t niit\u00e4 tarpeisiimme ja ainoastaan meid\u00e4n m\u00e4\u00e4rittelemiimme tarkoituksiin s\u00e4ilytt\u00e4en samalla korkeimman mahdollisen luottamuksellisuuden ja tietoturvan, erityisesti konserniimme kuuluville yrityksille tai liikekumppaneillemme;<\/p>\n<p>-jos pid\u00e4mme sit\u00e4 perusteltuna noudattaaksemme lakia, jota meihin sovelletaan;<\/p>\n<p>-verkkosivuston tietoturvaloukkausten analysointi, petosten havaitseminen ja est\u00e4minen sek\u00e4 turvallisuuden ja muiden teknisten asioiden parantaminen;<\/p>\n<p>-voimme my\u00f6s jakaa tietoja, joita ei voida k\u00e4ytt\u00e4\u00e4 yksil\u00f6n yksiselitteiseen tunnistamiseen, esimerkiksi viimeisimpien voittojen n\u00e4ytt\u00e4miseksi tai verkkosivuston k\u00e4ytt\u00f6\u00e4 koskevien yleisten tilastojen julkaisemiseksi.<\/p>\n<h2>Tietoturva<\/h2>\n<p>Teemme parhaamme varmistaaksemme, ett\u00e4 tietojasi s\u00e4ilytet\u00e4\u00e4n turvallisesti. Turvallisuuspolitiikkamme mukaisesti emme tallenna salasanoja selv\u00e4kielisen\u00e4 tekstin\u00e4. K\u00e4yt\u00e4mme viimeisimpi\u00e4 standardeja ja suosituksia varmistaaksemme, ett\u00e4 k\u00e4ytt\u00e4jiemme tiedot ja tilit ovat t\u00e4ysin turvassa, mukaan lukien muun muassa seuraavat:<\/p>\n<p>-palvelimen s\u00e4\u00e4nn\u00f6llinen p\u00e4ivitt\u00e4minen;<\/p>\n<p>-tietoturvap\u00e4ivitysten v\u00e4lit\u00f6n k\u00e4ytt\u00f6\u00f6notto;<\/p>\n<p>-kaikkien PCI-DSS:ss\u00e4 m\u00e4\u00e4riteltyjen turvallisuusstandardien vaatimusten t\u00e4ytt\u00e4minen maksukorttitietoja k\u00e4sittelev\u00e4lle yksik\u00f6lle;<\/p>\n<p>-suojattujen yhteyksien k\u00e4ytt\u00f6\u00f6notto ja k\u00e4ytt\u00e4minen aina kun se on mahdollista;<\/p>\n<p>-sellaisten tietojen k\u00e4ytt\u00f6oikeuden tasojen valvonta, jotka ovat vain niiden henkil\u00f6iden, yritysten tai organisaatioiden k\u00e4ytett\u00e4viss\u00e4, jotka tarvitsevat tietoja; t\u00e4llaisten yksik\u00f6iden on my\u00f6s noudatettava tiukkaa luottamuksellisuutta tai kohdattava vakavia seuraamuksia;<\/p>\n<p>-suojaus luvattomalta k\u00e4yt\u00f6lt\u00e4, automaattiset hy\u00f6kk\u00e4ysten estot ja verkkosivuston toiminnan yleinen valvonta.<\/p>\n<h2>Tietojen poistaminen<\/h2>\n<p>Profiilitietojen poistaminen ei ole synonyymi niiden poistamiselle kokonaan j\u00e4rjestelm\u00e4st\u00e4mme. Kyseiset tiedot saattavat olla edelleen tallessa j\u00e4rjestelmiss\u00e4 ja tiedostoissa varmuuskopioissa jopa vuoden ajan. Varmuuskopiot tallennetaan niiden merkityksen ja arkaluonteisuuden vuoksi my\u00f6s muille omistamillemme palvelimille, joita yll\u00e4pid\u00e4mme me itse tai palvelimiamme erillisen sopimuksen nojalla yll\u00e4pit\u00e4v\u00e4t kolmannet osapuolet. Varmuuskopioihin sis\u00e4ltyvi\u00e4 tietojasi saatetaan k\u00e4ytt\u00e4\u00e4 niiden palauttamiseen vain erityistapauksissa, jotka edellytt\u00e4v\u00e4t varmuuskopioiden k\u00e4ytt\u00f6\u00e4. Profiilisi tietoihin varmuuskopion luomisen ja palauttamisen v\u00e4lisen\u00e4 aikana tehdyt muutokset menetet\u00e4\u00e4n, mist\u00e4 sinulle ilmoitetaan nimenomaisesti.<\/p>\n<p>Voit poistaa k\u00e4ytt\u00e4j\u00e4tilisi ottamalla meihin yhteytt\u00e4 kirjallisesti. Poistetun k\u00e4ytt\u00e4j\u00e4tilin tiedot s\u00e4ilytet\u00e4\u00e4n, jotta v\u00e4ltett\u00e4isiin tilin ja suoritettujen tapahtumien sek\u00e4 muiden j\u00e4rjestelm\u00e4ss\u00e4 suorittamiesi toimien v\u00e4lisen yhteyden menett\u00e4minen. Voimme nimenomaisesta pyynn\u00f6st\u00e4si poistaa profiilitietosi kokonaan j\u00e4rjestelm\u00e4st\u00e4 korvaamalla ne anonyymeill\u00e4 tiedoilla, mutta se ei kuitenkaan poista suoritettuja tapahtumia koskevia tietoja.<\/p>\n<h2>Ik\u00e4rajoitukset<\/h2>\n<p>Verkkosivustomme on suunnattu yli 18-vuotiaille. Emme koskaan tarkoituksella ker\u00e4\u00e4 tai k\u00e4yt\u00e4 sellaisten henkil\u00f6iden tietoja, joiden tied\u00e4mme, ett\u00e4 he eiv\u00e4t t\u00e4yt\u00e4 ik\u00e4kriteerej\u00e4mme. Aina kun huomaamme, ett\u00e4 alle 18-vuotias henkil\u00f6 on tehnyt tilin verkkosivustollamme, pyrimme parhaan kykymme mukaan poistamaan h\u00e4nen tietonsa j\u00e4rjestelm\u00e4st\u00e4mme.<\/p>\n<h2>Yksityisyyden suojaa koskevat rajoitukset<\/h2>\n<p>T\u00e4t\u00e4 tietosuojak\u00e4yt\u00e4nt\u00f6\u00e4 ei sovelleta kumppaneidemme tai muiden yhteis\u00f6jen tarjoamiin palveluihin, joilla on mainoksia ja\/tai viittauksia verkkosivustoomme, eik\u00e4 sit\u00e4 sovelleta my\u00f6sk\u00e4\u00e4n muihin verkkosivustoihin, joihin verkkosivustollamme on viittauksia. Niiden tietosuojak\u00e4yt\u00e4nt\u00f6ihin ja k\u00e4ytt\u00f6ehtoihin on tutustuttava erikseen.<\/p>\n<h2>Ev\u00e4stek\u00e4yt\u00e4nt\u00f6<\/h2>\n<p>Verkkosivuston t\u00e4rkeimpien ominaisuuksien k\u00e4ytt\u00e4minen edellytt\u00e4\u00e4 ev\u00e4steiden ottamista k\u00e4ytt\u00f6\u00f6n verkkoselaimessa. Voit halutessasi est\u00e4\u00e4 ev\u00e4steiden k\u00e4yt\u00f6n selaimessasi, mutta se rajoittaa verkkosivustomme k\u00e4ytt\u00f6\u00e4 huomattavasti.<\/p>\n<p>Jos haluat tiet\u00e4\u00e4, miten voit poistaa ev\u00e4steet k\u00e4yt\u00f6st\u00e4, tutustu selaimesi dokumentaatioon.<\/p>\n<h2>Muutokset<\/h2>\n<p>Teemme parhaamme p\u00e4ivitt\u00e4\u00e4ksemme t\u00e4t\u00e4 tietosuojak\u00e4yt\u00e4nt\u00f6\u00e4 jatkuvasti. Jos tehd\u00e4\u00e4n merkitt\u00e4vi\u00e4 muutoksia, erityisesti sellaisia, joihin sis\u00e4ltyy tietojesi saatavuuden rajoitusten lis\u00e4\u00e4minen tai tietojen jakamisen laajuuden laajentaminen, ilmoitamme muutoksista s\u00e4hk\u00f6isesti l\u00e4hett\u00e4m\u00e4ll\u00e4 viestin s\u00e4hk\u00f6postiosoitteeseesi, vaikka pid\u00e4t\u00e4mme oikeuden tehd\u00e4 muutoksia t\u00e4h\u00e4n tietosuojak\u00e4yt\u00e4nt\u00f6\u00f6n t\u00e4ysin huomaamattomasti ilman ennakkoilmoitusta. On yksin sinun vastuullasi varmistaa, onko t\u00e4h\u00e4n tietosuojak\u00e4yt\u00e4nt\u00f6\u00f6n tai k\u00e4ytt\u00f6ehtoihin tehty muutoksia. Verkkosivuston k\u00e4ytt\u00e4minen sen j\u00e4lkeen, kun tietosuojapolitiikkaan tai k\u00e4ytt\u00f6ehtoihin on tehty muutoksia, katsotaan niiden hyv\u00e4ksymiseksi. Voit tarkistaa tietosi tai poistaa ne milloin tahansa t\u00e4ss\u00e4 tietosuojak\u00e4yt\u00e4nn\u00f6ss\u00e4 m\u00e4\u00e4ritellyn mukaisesti ja sen soveltamisalan puitteissa.<\/p>\n<h3>Ota yhteytt\u00e4<\/h3>\n<p>Jos sinulla on kysytt\u00e4v\u00e4\u00e4 t\u00e4st\u00e4 tietosuojak\u00e4yt\u00e4nn\u00f6st\u00e4, ota meihin yhteytt\u00e4 k\u00e4ytett\u00e4viss\u00e4 olevien yhteydenottotapojen kautta (s\u00e4hk\u00f6posti, yhteydenottolomake).<\/p>\n<p>&nbsp;<\/p>\n","protected":false},"excerpt":{"rendered":"<p>Lottohoyn tietosuojak\u00e4yt\u00e4nt\u00f6\u00e4 (j\u00e4ljemp\u00e4n\u00e4 \u201dtietosuojak\u00e4yt\u00e4nt\u00f6\u201d) sovelletaan lottohoy.com-verkkosivustoon (j\u00e4ljemp\u00e4n\u00e4 \u201dverkkosivusto\u201d), jota yll\u00e4pit\u00e4\u00e4 LLL World Marketing Limited, Peiraios 30, 1st floor, office 1, 2023 Strovolos, Nicosia &#8211; Kypros. K\u00e4ytt\u00e4m\u00e4ll\u00e4 verkkosivustoamme hyv\u00e4ksyt seuraavat tietosuojak\u00e4yt\u00e4nn\u00f6t sek\u00e4 k\u00e4ytt\u00f6ehtomme. Ker\u00e4\u00e4m\u00e4mme tiedot Kun k\u00e4yt\u00e4t verkkosivustoa, ker\u00e4\u00e4mme seuraavia tietoja: Avoimesti sinulta ker\u00e4tyt K\u00e4ytt\u00e4j\u00e4tili\u00e4 luodessasi annat s\u00e4hk\u00f6postiosoitteesi, jota k\u00e4ytet\u00e4\u00e4n tilisi yksil\u00f6imiseen ja sen valinnaiseen aktivointiin. [&hellip;]<\/p>\n","protected":false},"author":1,"featured_media":0,"parent":0,"menu_order":0,"comment_status":"closed","ping_status":"closed","template":"","meta":{"_et_pb_use_builder":"","_et_pb_old_content":"","_et_gb_content_width":"","exclude_from_search":false,"footnotes":""},"class_list":["post-16638","page","type-page","status-publish","hentry"],"yoast_head":"<!-- This site is optimized with the Yoast SEO plugin v23.7 - https:\/\/yoast.com\/wordpress\/plugins\/seo\/ -->\n<title>Tietosuojak\u00e4yt\u00e4nt\u00f6 - Lottohoy<\/title>\n<meta name=\"robots\" content=\"index, follow, max-snippet:-1, max-image-preview:large, max-video-preview:-1\" \/>\n<link rel=\"canonical\" href=\"https:\/\/lottohoy.com\/fi\/tietosuojakaytanto\/\" \/>\n<meta property=\"og:locale\" content=\"fi_FI\" \/>\n<meta property=\"og:type\" content=\"article\" \/>\n<meta property=\"og:title\" content=\"Tietosuojak\u00e4yt\u00e4nt\u00f6 - Lottohoy\" \/>\n<meta property=\"og:description\" content=\"Lottohoyn tietosuojak\u00e4yt\u00e4nt\u00f6\u00e4 (j\u00e4ljemp\u00e4n\u00e4 \u201dtietosuojak\u00e4yt\u00e4nt\u00f6\u201d) sovelletaan lottohoy.com-verkkosivustoon (j\u00e4ljemp\u00e4n\u00e4 \u201dverkkosivusto\u201d), jota yll\u00e4pit\u00e4\u00e4 LLL World Marketing Limited, Peiraios 30, 1st floor, office 1, 2023 Strovolos, Nicosia &#8211; Kypros. K\u00e4ytt\u00e4m\u00e4ll\u00e4 verkkosivustoamme hyv\u00e4ksyt seuraavat tietosuojak\u00e4yt\u00e4nn\u00f6t sek\u00e4 k\u00e4ytt\u00f6ehtomme. Ker\u00e4\u00e4m\u00e4mme tiedot Kun k\u00e4yt\u00e4t verkkosivustoa, ker\u00e4\u00e4mme seuraavia tietoja: Avoimesti sinulta ker\u00e4tyt K\u00e4ytt\u00e4j\u00e4tili\u00e4 luodessasi annat s\u00e4hk\u00f6postiosoitteesi, jota k\u00e4ytet\u00e4\u00e4n tilisi yksil\u00f6imiseen ja sen valinnaiseen aktivointiin. [&hellip;]\" \/>\n<meta property=\"og:url\" content=\"https:\/\/lottohoy.com\/fi\/tietosuojakaytanto\/\" \/>\n<meta property=\"og:site_name\" content=\"Lottohoy\" \/>\n<meta name=\"twitter:card\" content=\"summary_large_image\" \/>\n<meta name=\"twitter:label1\" content=\"Arvioitu lukuaika\" \/>\n\t<meta name=\"twitter:data1\" content=\"9 minuuttia\" \/>\n<script type=\"application\/ld+json\" class=\"yoast-schema-graph\">{\"@context\":\"https:\/\/schema.org\",\"@graph\":[{\"@type\":\"WebPage\",\"@id\":\"https:\/\/lottohoy.com\/fi\/tietosuojakaytanto\/\",\"url\":\"https:\/\/lottohoy.com\/fi\/tietosuojakaytanto\/\",\"name\":\"Tietosuojak\u00e4yt\u00e4nt\u00f6 - Lottohoy\",\"isPartOf\":{\"@id\":\"https:\/\/lottohoy.com\/fi\/#website\"},\"datePublished\":\"2024-11-04T05:24:53+00:00\",\"dateModified\":\"2024-11-04T05:24:53+00:00\",\"breadcrumb\":{\"@id\":\"https:\/\/lottohoy.com\/fi\/tietosuojakaytanto\/#breadcrumb\"},\"inLanguage\":\"fi\",\"potentialAction\":[{\"@type\":\"ReadAction\",\"target\":[\"https:\/\/lottohoy.com\/fi\/tietosuojakaytanto\/\"]}]},{\"@type\":\"BreadcrumbList\",\"@id\":\"https:\/\/lottohoy.com\/fi\/tietosuojakaytanto\/#breadcrumb\",\"itemListElement\":[{\"@type\":\"ListItem\",\"position\":1,\"name\":\"Home\",\"item\":\"https:\/\/lottohoy.com\/fi\/\"},{\"@type\":\"ListItem\",\"position\":2,\"name\":\"Tietosuojak\u00e4yt\u00e4nt\u00f6\"}]},{\"@type\":\"WebSite\",\"@id\":\"https:\/\/lottohoy.com\/fi\/#website\",\"url\":\"https:\/\/lottohoy.com\/fi\/\",\"name\":\"Lottohoy\",\"description\":\"\",\"potentialAction\":[{\"@type\":\"SearchAction\",\"target\":{\"@type\":\"EntryPoint\",\"urlTemplate\":\"https:\/\/lottohoy.com\/fi\/?s={search_term_string}\"},\"query-input\":{\"@type\":\"PropertyValueSpecification\",\"valueRequired\":true,\"valueName\":\"search_term_string\"}}],\"inLanguage\":\"fi\"}]}<\/script>\n<!-- \/ Yoast SEO plugin. -->","yoast_head_json":{"title":"Tietosuojak\u00e4yt\u00e4nt\u00f6 - Lottohoy","robots":{"index":"index","follow":"follow","max-snippet":"max-snippet:-1","max-image-preview":"max-image-preview:large","max-video-preview":"max-video-preview:-1"},"canonical":"https:\/\/lottohoy.com\/fi\/tietosuojakaytanto\/","og_locale":"fi_FI","og_type":"article","og_title":"Tietosuojak\u00e4yt\u00e4nt\u00f6 - Lottohoy","og_description":"Lottohoyn tietosuojak\u00e4yt\u00e4nt\u00f6\u00e4 (j\u00e4ljemp\u00e4n\u00e4 \u201dtietosuojak\u00e4yt\u00e4nt\u00f6\u201d) sovelletaan lottohoy.com-verkkosivustoon (j\u00e4ljemp\u00e4n\u00e4 \u201dverkkosivusto\u201d), jota yll\u00e4pit\u00e4\u00e4 LLL World Marketing Limited, Peiraios 30, 1st floor, office 1, 2023 Strovolos, Nicosia &#8211; Kypros. K\u00e4ytt\u00e4m\u00e4ll\u00e4 verkkosivustoamme hyv\u00e4ksyt seuraavat tietosuojak\u00e4yt\u00e4nn\u00f6t sek\u00e4 k\u00e4ytt\u00f6ehtomme. Ker\u00e4\u00e4m\u00e4mme tiedot Kun k\u00e4yt\u00e4t verkkosivustoa, ker\u00e4\u00e4mme seuraavia tietoja: Avoimesti sinulta ker\u00e4tyt K\u00e4ytt\u00e4j\u00e4tili\u00e4 luodessasi annat s\u00e4hk\u00f6postiosoitteesi, jota k\u00e4ytet\u00e4\u00e4n tilisi yksil\u00f6imiseen ja sen valinnaiseen aktivointiin. [&hellip;]","og_url":"https:\/\/lottohoy.com\/fi\/tietosuojakaytanto\/","og_site_name":"Lottohoy","twitter_card":"summary_large_image","twitter_misc":{"Arvioitu lukuaika":"9 minuuttia"},"schema":{"@context":"https:\/\/schema.org","@graph":[{"@type":"WebPage","@id":"https:\/\/lottohoy.com\/fi\/tietosuojakaytanto\/","url":"https:\/\/lottohoy.com\/fi\/tietosuojakaytanto\/","name":"Tietosuojak\u00e4yt\u00e4nt\u00f6 - Lottohoy","isPartOf":{"@id":"https:\/\/lottohoy.com\/fi\/#website"},"datePublished":"2024-11-04T05:24:53+00:00","dateModified":"2024-11-04T05:24:53+00:00","breadcrumb":{"@id":"https:\/\/lottohoy.com\/fi\/tietosuojakaytanto\/#breadcrumb"},"inLanguage":"fi","potentialAction":[{"@type":"ReadAction","target":["https:\/\/lottohoy.com\/fi\/tietosuojakaytanto\/"]}]},{"@type":"BreadcrumbList","@id":"https:\/\/lottohoy.com\/fi\/tietosuojakaytanto\/#breadcrumb","itemListElement":[{"@type":"ListItem","position":1,"name":"Home","item":"https:\/\/lottohoy.com\/fi\/"},{"@type":"ListItem","position":2,"name":"Tietosuojak\u00e4yt\u00e4nt\u00f6"}]},{"@type":"WebSite","@id":"https:\/\/lottohoy.com\/fi\/#website","url":"https:\/\/lottohoy.com\/fi\/","name":"Lottohoy","description":"","potentialAction":[{"@type":"SearchAction","target":{"@type":"EntryPoint","urlTemplate":"https:\/\/lottohoy.com\/fi\/?s={search_term_string}"},"query-input":{"@type":"PropertyValueSpecification","valueRequired":true,"valueName":"search_term_string"}}],"inLanguage":"fi"}]}},"_links":{"self":[{"href":"https:\/\/lottohoy.com\/fi\/wp-json\/wp\/v2\/pages\/16638","targetHints":{"allow":["GET"]}}],"collection":[{"href":"https:\/\/lottohoy.com\/fi\/wp-json\/wp\/v2\/pages"}],"about":[{"href":"https:\/\/lottohoy.com\/fi\/wp-json\/wp\/v2\/types\/page"}],"author":[{"embeddable":true,"href":"https:\/\/lottohoy.com\/fi\/wp-json\/wp\/v2\/users\/1"}],"replies":[{"embeddable":true,"href":"https:\/\/lottohoy.com\/fi\/wp-json\/wp\/v2\/comments?post=16638"}],"version-history":[{"count":0,"href":"https:\/\/lottohoy.com\/fi\/wp-json\/wp\/v2\/pages\/16638\/revisions"}],"wp:attachment":[{"href":"https:\/\/lottohoy.com\/fi\/wp-json\/wp\/v2\/media?parent=16638"}],"curies":[{"name":"wp","href":"https:\/\/api.w.org\/{rel}","templated":true}]}}