{"id":16629,"date":"2018-05-03T14:23:26","date_gmt":"2018-05-03T13:23:26","guid":{"rendered":"https:\/\/lottohoy.com\/pelata\/pelaa-euromillions\/"},"modified":"2025-06-13T16:26:52","modified_gmt":"2025-06-13T15:26:52","slug":"pelaa-euromillions","status":"publish","type":"page","link":"https:\/\/lottohoy.com\/fi\/pelata\/pelaa-euromillions\/","title":{"rendered":"Pelaa EuroMillions"},"content":{"rendered":"<h2>Pelaa Euromillions verkossa<\/h2>\n<p>Euromillions on lotto, jota useimmat ihmiset pelaavat Euroopassa. Sen j\u00e4rjest\u00e4v\u00e4t yhdeks\u00e4n arpajaisista vastaavaa elint\u00e4: Espanjassa (valtion arpajaiset ja rahapelit), Ranskassa (La Fran\u00e7aise des Jeux) ja Yhdistyneess\u00e4 kuningaskunnassa (kansallinen lotto), jotka olivat kolme edell\u00e4k\u00e4vij\u00e4\u00e4,\u00a0joihin muutamaa kuukautta my\u00f6hemmin liittyiv\u00e4t It\u00e4valta, Belgia, Irlanti, Luxemburg, Portugali ja Sveitsi.<\/p>\n<p>On selv\u00e4\u00e4, ett\u00e4 ajat etenev\u00e4t ja uudet teknologiat mahdollistavat paljon mukavampaa, aikaa s\u00e4\u00e4st\u00e4v\u00e4\u00e4 ja turvallisempaa toimintaa. T\u00e4ss\u00e4 mieless\u00e4 tarjoamme mahdollisuuden pelata Euromillions-arpajaisia \u200b\u200bverkossa alustamme kautta ja nauttia sen tuomista eduista.<\/p>\n<p>Todenn\u00e4k\u00f6isyys voittaa mik\u00e4 tahansa palkinto ostamalla Euromillions-lippusi, mukaan lukien miljoonien eurojen suuret j\u00e4ttipotit, on t\u00e4sm\u00e4lleen sama pelatessasi verkossa kuin fyysisill\u00e4 arpalipuilla, jotka on ostettu valtuutetulta lottohallinnolta.<\/p>\n<h2>Kuinka pelata Euromillions verkossa?<\/h2>\n<p>Euromillionsin pelaaminen verkossa on todella helppoa; Luo vain k\u00e4ytt\u00e4j\u00e4tili LottoHoyssa ja p\u00e4\u00e4set k\u00e4siksi kaikkiin ker\u00e4ily-, maksu-, tilaus- ja tilastotietoihin ja voit tehd\u00e4 Euromillions-vedoksiasi.<\/p>\n<h2>T\u00e4m\u00e4n osion yl\u00e4osassa on valikkopalkki, jossa on nelj\u00e4 vaihtoehtoa:<\/h2>\n<p>Play Euromillions : Osio, jossa voit valita suosikkinumerosi.<br \/>\nEuromillions-tulokset: Tiedot viimeisest\u00e4 arvonnasta, voittoyhdistelm\u00e4st\u00e4 ja palkintojen jakautumisesta eri kategorioissa. Saat my\u00f6s tietoa aiemmista arvonnoista ja niiden palkintosummasta.<br \/>\nEuromillions-tiedot: Kaikki t\u00e4h\u00e4n peliin liittyv\u00e4t tiedot, palkintoluokat, kuhunkin kategoriaan kohdistetut ker\u00e4ysprosentit ja mahdollisuudet voittaa arvonnassa kussakin kategoriassa.<br \/>\nEuromillions-uutiset: Kaikki t\u00e4m\u00e4ntyyppisist\u00e4 arpajaisista.<\/p>\n<p>Alla on ensimm\u00e4inen pelirivi, joka koostuu viidest\u00e4 sarakkeesta (tai lipusta). Voit toistaa yhden sarakkeen tai niin monta kuin haluat, voit jopa lis\u00e4t\u00e4 rivej\u00e4, jos haluat soittaa enemm\u00e4n numeroita.<\/p>\n<p>Jokainen Euromillions-lippu maksaa 4,25 euroa ja on numeroitu 1-50, ja hieman alla on 12 muuta t\u00e4hdille varattua laatikkoa.<\/p>\n<p>N\u00e4ill\u00e4 50 numeron ja 12 t\u00e4hden tauluilla sinun on teht\u00e4v\u00e4 haluamasi ennuste alkaen alustasta, johon sinun on merkitt\u00e4v\u00e4 viisi ruutua tai numeroa ja kaksi t\u00e4hte\u00e4 yksinkertaista liikett\u00e4 varten.<br \/>\nJ\u00e4rjestelm\u00e4n avulla voimme t\u00e4ytt\u00e4\u00e4 n\u00e4m\u00e4 laatikot manuaalisesti suosikkinumeroillasi tai kunkin taulun yl\u00e4puolella n\u00e4kyv\u00e4n pikavalintavaihtoehdon avulla. T\u00e4ll\u00e4 tavalla j\u00e4rjestelm\u00e4 itse valitsee satunnaisesti yhdistelm\u00e4n, jolla pelaat.<\/p>\n<p>Kuten tied\u00e4t, t\u00e4m\u00e4 on Euroopan suurin lotto ja se, joka jakaa eniten palkintoja. Siksi on t\u00e4rke\u00e4\u00e4 tiet\u00e4\u00e4 erityyppiset Euromillions-vedot, joita voit tehd\u00e4 lis\u00e4t\u00e4ksesi mahdollisuuksiasi voittaa suurin palkinto.<br \/>\nPelitiloja on useita:<\/p>\n<h2>Yksinkertainen Euromillions-veto<\/h2>\n<p>Yksinkertainen veto koostuu kunkin laudan tai sarakkeen k\u00e4ytt\u00e4misest\u00e4 yhten\u00e4isell\u00e4 tavalla panoksen asettamiseen. On yksinkertaisesti tarpeen merkit\u00e4 viisi ruutua tai numeroa ja kaksi t\u00e4hte\u00e4.<br \/>\nVoit t\u00e4ytt\u00e4\u00e4 niin monta saraketta tai lippua kuin haluat tehd\u00e4ksesi vetoja. Lis\u00e4ksi sinulla on mahdollisuus lis\u00e4t\u00e4 lis\u00e4\u00e4 rivej\u00e4. Yksinkertainen Euromillions-asetus maksaa Lottohoylla pelatessasi 4,25 \u20ac.<\/p>\n<h2>Euromiljoonien monivetoja<\/h2>\n<p>Jos haluat asettaa useita vetoja, t\u00e4yt\u00e4 jokaiseen sarakkeeseen v\u00e4hint\u00e4\u00e4n kuusi numeroa ja enint\u00e4\u00e4n 10 numeroa ja kahdesta t\u00e4hdest\u00e4 enint\u00e4\u00e4n kuuteen.<br \/>\nT\u00e4sm\u00e4lleen sama kuin yksitt\u00e4isess\u00e4 vedossa, my\u00f6s useiden Euromillions-vetojen tapauksessa voit valita, ett\u00e4 j\u00e4rjestelm\u00e4 valitsee pelit satunnaisesti.<br \/>\nMonet pelaajat k\u00e4ytt\u00e4v\u00e4t useita vetoja lis\u00e4t\u00e4kseen mahdollisuuksiaan voittaa tasapeli tai ainakin voittaa.<\/p>\n<h2>Kuinka paljon Euromillions-monipanos maksaa?<\/h2>\n<p>Pelattavissa olevat kokonaispanokset tulevat alla olevan numero- ja t\u00e4htitaulukon ennusteiden yhdistelm\u00e4st\u00e4:<\/p>\n<p>Euromiljoonien moninkertainen veto<br \/>\nT\u00e4htien numerot<br \/>\n5 6 7 8 9 10<br \/>\n2-6 21 56 126 252<br \/>\n3 3 18 63 168 378 756<br \/>\n4 6 36 126 336 756 1,512<br \/>\n5 10 60 210 560 1 260 2 520<\/p>\n<p>Saatu hinta kerrotaan tuloksena saatujen vetojen m\u00e4\u00e4r\u00e4 kunkin vedon yksikk\u00f6m\u00e4\u00e4r\u00e4ll\u00e4.<\/p>\n<h2>T\u00e4ss\u00e4 muutamia esimerkkej\u00e4:<\/h2>\n<p>Usein 7 numeron ja 3 t\u00e4hden yhdistelm\u00e4 vastaa 63 vetoa.<br \/>\n9 numeron ja 5 t\u00e4hden moninkertainen yhdistelm\u00e4 vastaa 1 260 vetoa.<br \/>\nAlennettu panos Euromillionsille<\/p>\n<p>Euromillions-pelien alennettu panosj\u00e4rjestelm\u00e4 koostuu jostain niin yksinkertaisesta kuin etsimme yhdistelmi\u00e4, joiden avulla voimme pelata enemm\u00e4n numeroita pienemm\u00e4ll\u00e4 rahalla.<\/p>\n<h2>Mahdolliset v\u00e4hennykset ovat seuraavat:<\/h2>\n<p>10 numeron ja 2 t\u00e4hden merkitseminen vastaa 14 vetoa (252 suoran vedon suhteen).<br \/>\nValitse 10 numeroa ja 4 t\u00e4hte\u00e4 vastaa 28 vetoa (verrattuna 1512:een suoraan).<br \/>\n10 numeron ja 4 t\u00e4hden valitseminen vastaa 84 vetoa (verrattuna 1512:een suoraan).<br \/>\n12 numeron ja 3 t\u00e4hden valitseminen vastaa 114 vetoa (verrattuna 2376:een suoraan).<br \/>\n15 numeron ja 4 t\u00e4hden valitseminen vastaa 30 vetoa (verrattuna 18018:aan suoraan).<\/p>\n<h2>Min\u00e4 p\u00e4ivin\u00e4 Euromillions-arpajaiset arvotaan?<\/h2>\n<p>Euromillions arvontaaj\u00e4rjestet\u00e4\u00e4n joka tiistai ja perjantai klo 21.30 (Keski-Euroopan aikaa) ja se pidet\u00e4\u00e4n Pariisista, ja se arvostelee voittoyhdistelm\u00e4n ja yhteisen tarkastelun kaikille osallistuville maille.<\/p>\n<p>Voit osallistua arvontaan ostamalla vedon tai vedot enint\u00e4\u00e4n tuntia ennen arvonnan p\u00e4\u00e4ttymist\u00e4. Voit my\u00f6s pelata kaksi arvontaa viikoittaisella tilauksella tai kaikilla haluamillasi Euromillions-arvonnoilla.<\/p>\n<p>On anteeksiantamatonta, ett\u00e4 ensimm\u00e4inen veto n\u00e4ist\u00e4 arvonnoista on vahvistettava tuntia ennen ensimm\u00e4isen vedon p\u00e4iv\u00e4m\u00e4\u00e4r\u00e4\u00e4, kun taas loput vedot vahvistetaan automaattisesti, eik\u00e4 sinun tarvitse en\u00e4\u00e4 huolehtia mist\u00e4\u00e4n muusta.<\/p>\n<p>Voittoyhdistelm\u00e4 koostuu kahdesta vaiheesta: Yksi tapa on sovittaa yhteen viisi\u00a0numeroa, jotka vastaavat viitt\u00e4 bassorumpuun sijoitettua palloa, joiden numerot ovat 1\u201350, ja toinen tapa on yhdist\u00e4\u00e4 kaksi muuta numeroa, jotka vastaavat toisen erikoisbassorummun t\u00e4hti\u00e4, jotka on my\u00f6s numeroitu 1\u201312.<\/p>\n<p>Toisin sanoen, saadakseen voittoyhdistelm\u00e4n ensimm\u00e4isess\u00e4 luokassaan, sinun on arvattava yhteens\u00e4 seitsem\u00e4n merkki\u00e4 (viisi numeroa plus kaksi t\u00e4hte\u00e4).<\/p>\n<h2>Milloin Euromillionsin m\u00e4\u00e4r\u00e4aika on?<\/h2>\n<p>Viikoittain j\u00e4rjestet\u00e4\u00e4n kaksi Euromillions-arvontaa, tiistaisin ja perjantaisin, klo 20.30 GMT. Tuntia ennen, klo 19.30 GMT, lipunmyynti kyseisen p\u00e4iv\u00e4n arvontaan suljetaan (tiistai tai perjantai Euromillions).<\/p>\n<p>Kun arvonta on suoritettu ja voittajavedot on paljastettu, organisaatio hyv\u00e4ksyy j\u00e4lleen klo 22:00 alkaen lippujen oston ja vahvistamisen seuraaviin arvontoihin.<br \/>\nYksi Euromillionsin online-eduista on se, ett\u00e4 se on avoinna 24\/7 ja sit\u00e4 voi pelata mihin aikaan p\u00e4iv\u00e4st\u00e4 tahansa.<\/p>\n<p>Voit my\u00f6s tehd\u00e4 ostoksia toistuvasti eri arvontoja varten ilman, ett\u00e4 sinun tarvitsee sopeutua tiettyyn p\u00e4iv\u00e4\u00e4n ja arvontaa.<\/p>\n<p>J\u00e4rjest\u00e4j\u00e4n aikataulu huomioon ottaen, jos ostos tehd\u00e4\u00e4n arvonnan enimm\u00e4isajan ulkopuolella, osto ja sit\u00e4 vastaava Euromillions-lippu validoidaan seuraavaan arvontaan, mutta samoin ehdoin.<\/p>\n<h2>Euromillions-lippujen verkossa ostamisen edut<\/h2>\n<p>P\u00e4iv\u00e4 p\u00e4iv\u00e4lt\u00e4 nettiarpajaisten edut tulevat selvemmiksi, mik\u00e4 johtuu toisaalta kuluttajien trendist\u00e4 ja uusista tavoista, toisaalta t\u00e4m\u00e4n tavan mahdollistamista mukavuudesta ja eduista.<\/p>\n<p>Ainoa vaatimus on, ett\u00e4 sinulla on v\u00e4hint\u00e4\u00e4n laillinen ik\u00e4 pelataksesi asuinmaassasi. Useimmissa maissa t\u00e4m\u00e4 ik\u00e4 on 18 tai 21 vuotta.<\/p>\n<p>Euromillions-ostoksilla verkossa on monia etuja. T\u00e4ss\u00e4 on joitain niist\u00e4:<\/p>\n<p>Suojaus tapahtumissa: Turvallinen ostos tarjotaan HTTPS:\/\/-protokollan kautta, muistaen, ett\u00e4 &#8221;s&#8221; tarkoittaa, ett\u00e4 kyseess\u00e4 on suojattu sivusto. On t\u00e4rke\u00e4\u00e4 varmistaa t\u00e4m\u00e4 kohta.<\/p>\n<p>Erilaiset maksuj\u00e4rjestelm\u00e4t ja palautukset t\u00e4ysin luottavaisina, saatavilla milloin sinulle sopii.<\/p>\n<p>Voit ostaa lippuja 24\/7 vuoden jokaisena p\u00e4iv\u00e4n\u00e4: Arpajaishallintojen aukiolo- ja sulkemisaikoista ei tarvitse olla tietoinen. Pelaa verkossa ikkunasi on avoinna 24 tuntia vuorokaudessa, vuoden jokaisena p\u00e4iv\u00e4n\u00e4.<\/p>\n<p>Mist\u00e4 tahansa, ilman jonoja tai siirtymi\u00e4: Yksinkertaisesti mobiililaite, tabletti tai p\u00f6yt\u00e4kone Internet-yhteydell\u00e4 ja mist\u00e4 tahansa. Euromillionsin pelaamiselle ei ole en\u00e4\u00e4 maantieteellisi\u00e4 esteit\u00e4.<\/p>\n<h2>Et koskaan menet\u00e4 lippuasi, se pysyy aina tilill\u00e4si.<\/h2>\n<p>Saat voitetut palkinnot heti k\u00e4ytt\u00e4j\u00e4tilillesi: Arvonnan ja vastaavan tarkastuksen j\u00e4lkeen voitetut summat hyvitet\u00e4\u00e4n k\u00e4ytt\u00e4j\u00e4tilillesi.<\/p>\n<p>Saat tiedon kertyneist\u00e4 j\u00e4ttipoteista ja poikkeuksellisista arvonnoista: joko verkkosivuillamme tai s\u00e4hk\u00f6postitse. T\u00e4ll\u00e4 tavalla voit tiet\u00e4\u00e4 etuk\u00e4teen t\u00e4rkeimm\u00e4t j\u00e4ttipotit ja voit s\u00e4\u00e4t\u00e4\u00e4 panostasi saadaksesi supermiljon\u00e4\u00e4rij\u00e4ttipotin.<\/p>\n<p>Pysy ajan tasalla Euromillions-arvontojen tuloksista automaattisesti s\u00e4hk\u00f6postitietoj\u00e4rjestelm\u00e4mme ansiosta.<\/p>\n","protected":false},"excerpt":{"rendered":"<p>Pelaa Euromillions verkossa Euromillions on lotto, jota useimmat ihmiset pelaavat Euroopassa. Sen j\u00e4rjest\u00e4v\u00e4t yhdeks\u00e4n arpajaisista vastaavaa elint\u00e4: Espanjassa (valtion arpajaiset ja rahapelit), Ranskassa (La Fran\u00e7aise des Jeux) ja Yhdistyneess\u00e4 kuningaskunnassa (kansallinen lotto), jotka olivat kolme edell\u00e4k\u00e4vij\u00e4\u00e4,\u00a0joihin muutamaa kuukautta my\u00f6hemmin liittyiv\u00e4t It\u00e4valta, Belgia, Irlanti, Luxemburg, Portugali ja Sveitsi. On selv\u00e4\u00e4, ett\u00e4 ajat etenev\u00e4t ja uudet teknologiat [&hellip;]<\/p>\n","protected":false},"author":2,"featured_media":0,"parent":16581,"menu_order":3,"comment_status":"closed","ping_status":"closed","template":"euromillions-at.php","meta":{"_et_pb_use_builder":"","_et_pb_old_content":"","_et_gb_content_width":"","exclude_from_search":false,"footnotes":""},"class_list":["post-16629","page","type-page","status-publish","hentry"],"yoast_head":"<!-- This site is optimized with the Yoast SEO plugin v23.7 - https:\/\/yoast.com\/wordpress\/plugins\/seo\/ -->\n<title>\u25b7 Pelaa Euromillions nyt | Online-arpajaiset - LottoHoy<\/title>\n<meta name=\"description\" content=\"LottoHoysta voit ostaa Euromillions-lippusi edullisimpaan hintaan. Pelaa Euromillions verkossa 100 % suojatulla alustalla.\" \/>\n<meta name=\"robots\" content=\"index, follow, max-snippet:-1, max-image-preview:large, max-video-preview:-1\" \/>\n<link rel=\"canonical\" href=\"https:\/\/lottohoy.com\/fi\/pelata\/pelaa-euromillions\/\" \/>\n<meta property=\"og:locale\" content=\"fi_FI\" \/>\n<meta property=\"og:type\" content=\"article\" \/>\n<meta property=\"og:title\" content=\"\u25b7 Pelaa Euromillions nyt | Online-arpajaiset - LottoHoy\" \/>\n<meta property=\"og:description\" content=\"LottoHoysta voit ostaa Euromillions-lippusi edullisimpaan hintaan. Pelaa Euromillions verkossa 100 % suojatulla alustalla.\" \/>\n<meta property=\"og:url\" content=\"https:\/\/lottohoy.com\/fi\/pelata\/pelaa-euromillions\/\" \/>\n<meta property=\"og:site_name\" content=\"Lottohoy\" \/>\n<meta property=\"article:modified_time\" content=\"2025-06-13T15:26:52+00:00\" \/>\n<meta name=\"twitter:card\" content=\"summary_large_image\" \/>\n<meta name=\"twitter:label1\" content=\"Arvioitu lukuaika\" \/>\n\t<meta name=\"twitter:data1\" content=\"5 minuuttia\" \/>\n<script type=\"application\/ld+json\" class=\"yoast-schema-graph\">{\"@context\":\"https:\/\/schema.org\",\"@graph\":[{\"@type\":\"WebPage\",\"@id\":\"https:\/\/lottohoy.com\/fi\/pelata\/pelaa-euromillions\/\",\"url\":\"https:\/\/lottohoy.com\/fi\/pelata\/pelaa-euromillions\/\",\"name\":\"\u25b7 Pelaa Euromillions nyt | Online-arpajaiset - LottoHoy\",\"isPartOf\":{\"@id\":\"https:\/\/lottohoy.com\/fi\/#website\"},\"datePublished\":\"2018-05-03T13:23:26+00:00\",\"dateModified\":\"2025-06-13T15:26:52+00:00\",\"description\":\"LottoHoysta voit ostaa Euromillions-lippusi edullisimpaan hintaan. Pelaa Euromillions verkossa 100 % suojatulla alustalla.\",\"breadcrumb\":{\"@id\":\"https:\/\/lottohoy.com\/fi\/pelata\/pelaa-euromillions\/#breadcrumb\"},\"inLanguage\":\"fi\",\"potentialAction\":[{\"@type\":\"ReadAction\",\"target\":[\"https:\/\/lottohoy.com\/fi\/pelata\/pelaa-euromillions\/\"]}]},{\"@type\":\"BreadcrumbList\",\"@id\":\"https:\/\/lottohoy.com\/fi\/pelata\/pelaa-euromillions\/#breadcrumb\",\"itemListElement\":[{\"@type\":\"ListItem\",\"position\":1,\"name\":\"Home\",\"item\":\"https:\/\/lottohoy.com\/fi\/\"},{\"@type\":\"ListItem\",\"position\":2,\"name\":\"Pelaa lottoa verkossa\",\"item\":\"https:\/\/lottohoy.com\/fi\/pelata\/\"},{\"@type\":\"ListItem\",\"position\":3,\"name\":\"Pelaa EuroMillions\"}]},{\"@type\":\"WebSite\",\"@id\":\"https:\/\/lottohoy.com\/fi\/#website\",\"url\":\"https:\/\/lottohoy.com\/fi\/\",\"name\":\"Lottohoy\",\"description\":\"\",\"potentialAction\":[{\"@type\":\"SearchAction\",\"target\":{\"@type\":\"EntryPoint\",\"urlTemplate\":\"https:\/\/lottohoy.com\/fi\/?s={search_term_string}\"},\"query-input\":{\"@type\":\"PropertyValueSpecification\",\"valueRequired\":true,\"valueName\":\"search_term_string\"}}],\"inLanguage\":\"fi\"}]}<\/script>\n<!-- \/ Yoast SEO plugin. -->","yoast_head_json":{"title":"\u25b7 Pelaa Euromillions nyt | Online-arpajaiset - LottoHoy","description":"LottoHoysta voit ostaa Euromillions-lippusi edullisimpaan hintaan. Pelaa Euromillions verkossa 100 % suojatulla alustalla.","robots":{"index":"index","follow":"follow","max-snippet":"max-snippet:-1","max-image-preview":"max-image-preview:large","max-video-preview":"max-video-preview:-1"},"canonical":"https:\/\/lottohoy.com\/fi\/pelata\/pelaa-euromillions\/","og_locale":"fi_FI","og_type":"article","og_title":"\u25b7 Pelaa Euromillions nyt | Online-arpajaiset - LottoHoy","og_description":"LottoHoysta voit ostaa Euromillions-lippusi edullisimpaan hintaan. Pelaa Euromillions verkossa 100 % suojatulla alustalla.","og_url":"https:\/\/lottohoy.com\/fi\/pelata\/pelaa-euromillions\/","og_site_name":"Lottohoy","article_modified_time":"2025-06-13T15:26:52+00:00","twitter_card":"summary_large_image","twitter_misc":{"Arvioitu lukuaika":"5 minuuttia"},"schema":{"@context":"https:\/\/schema.org","@graph":[{"@type":"WebPage","@id":"https:\/\/lottohoy.com\/fi\/pelata\/pelaa-euromillions\/","url":"https:\/\/lottohoy.com\/fi\/pelata\/pelaa-euromillions\/","name":"\u25b7 Pelaa Euromillions nyt | Online-arpajaiset - LottoHoy","isPartOf":{"@id":"https:\/\/lottohoy.com\/fi\/#website"},"datePublished":"2018-05-03T13:23:26+00:00","dateModified":"2025-06-13T15:26:52+00:00","description":"LottoHoysta voit ostaa Euromillions-lippusi edullisimpaan hintaan. Pelaa Euromillions verkossa 100 % suojatulla alustalla.","breadcrumb":{"@id":"https:\/\/lottohoy.com\/fi\/pelata\/pelaa-euromillions\/#breadcrumb"},"inLanguage":"fi","potentialAction":[{"@type":"ReadAction","target":["https:\/\/lottohoy.com\/fi\/pelata\/pelaa-euromillions\/"]}]},{"@type":"BreadcrumbList","@id":"https:\/\/lottohoy.com\/fi\/pelata\/pelaa-euromillions\/#breadcrumb","itemListElement":[{"@type":"ListItem","position":1,"name":"Home","item":"https:\/\/lottohoy.com\/fi\/"},{"@type":"ListItem","position":2,"name":"Pelaa lottoa verkossa","item":"https:\/\/lottohoy.com\/fi\/pelata\/"},{"@type":"ListItem","position":3,"name":"Pelaa EuroMillions"}]},{"@type":"WebSite","@id":"https:\/\/lottohoy.com\/fi\/#website","url":"https:\/\/lottohoy.com\/fi\/","name":"Lottohoy","description":"","potentialAction":[{"@type":"SearchAction","target":{"@type":"EntryPoint","urlTemplate":"https:\/\/lottohoy.com\/fi\/?s={search_term_string}"},"query-input":{"@type":"PropertyValueSpecification","valueRequired":true,"valueName":"search_term_string"}}],"inLanguage":"fi"}]}},"_links":{"self":[{"href":"https:\/\/lottohoy.com\/fi\/wp-json\/wp\/v2\/pages\/16629","targetHints":{"allow":["GET"]}}],"collection":[{"href":"https:\/\/lottohoy.com\/fi\/wp-json\/wp\/v2\/pages"}],"about":[{"href":"https:\/\/lottohoy.com\/fi\/wp-json\/wp\/v2\/types\/page"}],"author":[{"embeddable":true,"href":"https:\/\/lottohoy.com\/fi\/wp-json\/wp\/v2\/users\/2"}],"replies":[{"embeddable":true,"href":"https:\/\/lottohoy.com\/fi\/wp-json\/wp\/v2\/comments?post=16629"}],"version-history":[{"count":1,"href":"https:\/\/lottohoy.com\/fi\/wp-json\/wp\/v2\/pages\/16629\/revisions"}],"predecessor-version":[{"id":20499,"href":"https:\/\/lottohoy.com\/fi\/wp-json\/wp\/v2\/pages\/16629\/revisions\/20499"}],"up":[{"embeddable":true,"href":"https:\/\/lottohoy.com\/fi\/wp-json\/wp\/v2\/pages\/16581"}],"wp:attachment":[{"href":"https:\/\/lottohoy.com\/fi\/wp-json\/wp\/v2\/media?parent=16629"}],"curies":[{"name":"wp","href":"https:\/\/api.w.org\/{rel}","templated":true}]}}