{"id":16623,"date":"2018-05-03T14:23:26","date_gmt":"2018-05-03T13:23:26","guid":{"rendered":"https:\/\/lottohoy.com\/pelata\/pelaa-mega-millionsia\/"},"modified":"2025-05-27T16:50:52","modified_gmt":"2025-05-27T15:50:52","slug":"pelaa-mega-millionsia","status":"publish","type":"page","link":"https:\/\/lottohoy.com\/fi\/pelata\/pelaa-mega-millionsia\/","title":{"rendered":"Pelaa Mega Millionsia"},"content":{"rendered":"<h1 data-start=\"145\" data-end=\"187\"><strong data-start=\"147\" data-end=\"187\">Pelaa Mega Millions -lottoa verkossa<\/strong><\/h1>\n<p data-start=\"189\" data-end=\"421\"><strong data-start=\"189\" data-end=\"206\">Mega Millions<\/strong> -lotto, yhdess\u00e4 <a href=\"https:\/\/lottohoy.com\/fi\/pelata\/powerball\/\"><strong data-start=\"223\" data-end=\"238\">Powerballin<\/strong> <\/a>kanssa, jakaa suurimmat palkinnot ensimm\u00e4isen voittoluokan voittajille. Ja nyt, pelin uudistuksen my\u00f6t\u00e4, my\u00f6s alempien voittoluokkien palkinnot voivat <strong data-start=\"390\" data-end=\"420\">kasvaa eksponentiaalisesti<\/strong>.<\/p>\n<p data-start=\"423\" data-end=\"667\">T\u00e4ss\u00e4 uudessa vaiheessa jokaisessa arvontaan osallistuvassa kupongissa on <strong data-start=\"497\" data-end=\"508\">kerroin<\/strong>, joka valitaan satunnaisesti j\u00e4rjestelm\u00e4n toimesta. T\u00e4m\u00e4 tarkoittaa, ett\u00e4 p\u00e4\u00e4palkintoa lukuun ottamatta voitot voidaan kertoa <strong data-start=\"635\" data-end=\"666\">x2, x3, x4, x5 tai jopa x10<\/strong>.<\/p>\n<p data-start=\"669\" data-end=\"906\"><strong data-start=\"669\" data-end=\"726\"><a class=\"\" href=\"https:\/\/lottohoy.com\/fi\/pelata\/\" target=\"_new\" rel=\"noopener\" data-start=\"671\" data-end=\"724\">LottoHoyn<\/a><\/strong> kautta voit pelata verkossa ja hy\u00f6ty\u00e4 eduista: <strong data-start=\"774\" data-end=\"796\">turvalliset maksut<\/strong>, <strong data-start=\"798\" data-end=\"830\">nopea ja tehokas asiakastuki<\/strong> ja mik\u00e4 parasta \u2013 <strong data-start=\"849\" data-end=\"889\">ei tarvitse matkustaa Yhdysvaltoihin<\/strong> osallistuakseen.<\/p>\n<p data-start=\"908\" data-end=\"1125\">Mega Millionsin pelaaminen on helppoa: valitse <strong data-start=\"955\" data-end=\"981\">5 numeroa v\u00e4lill\u00e4 1\u201370<\/strong> ja yksi erikoisnumero nimelt\u00e4\u00e4n <strong data-start=\"1014\" data-end=\"1027\">Mega Ball<\/strong>, v\u00e4lill\u00e4 1\u201325. Tarvitset vain internetyhteyden ja laitteen \u2013 puhelimen, tabletin tai tietokoneen.<\/p>\n<p data-start=\"1127\" data-end=\"1238\">Yksitt\u00e4isen rivin hinta on <strong data-start=\"1154\" data-end=\"1166\">11 euroa<\/strong> (m\u00e4\u00e4r\u00e4 voi vaihdella dollarin ja euron v\u00e4lisen valuuttakurssin mukaan).<\/p>\n<p data-start=\"1240\" data-end=\"1369\">T\u00e4rkeint\u00e4 on, ett\u00e4 <strong data-start=\"1259\" data-end=\"1283\">alle $\/\u20ac2 500 voitot<\/strong> maksetaan <strong data-start=\"1294\" data-end=\"1331\">automaattisesti k\u00e4ytt\u00e4j\u00e4n tilille<\/strong>, joten rahat ovat heti k\u00e4ytett\u00e4viss\u00e4.<\/p>\n<h2 data-start=\"1376\" data-end=\"1404\"><strong data-start=\"1379\" data-end=\"1404\">Mega Millions -voitot<\/strong><\/h2>\n<p data-start=\"1406\" data-end=\"1554\">Mega Millionsin j\u00e4ttipotti (5 numeroa + Mega Ball) alkaa v\u00e4hint\u00e4\u00e4n <strong data-start=\"1473\" data-end=\"1502\">20 miljoonasta dollarista<\/strong>. T\u00e4ll\u00e4 hetkell\u00e4 potti on <strong data-start=\"1528\" data-end=\"1553\">50 miljoonaa dollaria<\/strong>.<\/p>\n<p data-start=\"1556\" data-end=\"1665\">Summa kasvaa osallistujam\u00e4\u00e4r\u00e4n mukaan. Mik\u00e4li ei ole p\u00e4\u00e4voittajaa, <strong data-start=\"1623\" data-end=\"1664\">palkinto siirtyy seuraavaan arvontaan<\/strong>.<\/p>\n<p data-start=\"1667\" data-end=\"1805\">Toisin kuin monissa muissa lotossa, <strong data-start=\"1703\" data-end=\"1757\">Mega Millions -peliss\u00e4 ei ole yl\u00e4rajaa p\u00e4\u00e4voitolle<\/strong>, joten summat voivat nousta <strong data-start=\"1786\" data-end=\"1804\">astronomisiksi<\/strong>.<\/p>\n<p data-start=\"1807\" data-end=\"1910\">J\u00e4ttipotin lis\u00e4ksi Mega Millionsissa on <strong data-start=\"1847\" data-end=\"1872\">8 muuta voittoluokkaa<\/strong>, joilla on <strong data-start=\"1884\" data-end=\"1909\">kiinte\u00e4t voittosummat<\/strong>.<\/p>\n<div class=\"_tableContainer_16hzy_1\">\n<div class=\"_tableWrapper_16hzy_14 group flex w-fit flex-col-reverse\">\n<table class=\"w-fit min-w-(--thread-content-width)\" style=\"width: 280px\" data-start=\"1954\" data-end=\"2470\">\n<thead data-start=\"1954\" data-end=\"2000\">\n<tr data-start=\"1954\" data-end=\"2000\">\n<th style=\"width: 52.2656px\" data-start=\"1954\" data-end=\"1965\" data-col-size=\"sm\">Luokka<\/th>\n<th style=\"width: 97.6875px\" data-start=\"1965\" data-end=\"1982\" data-col-size=\"sm\">Oikeat numerot<\/th>\n<th style=\"width: 108.047px\" data-start=\"1982\" data-end=\"2000\" data-col-size=\"sm\">Palkinto<\/th>\n<\/tr>\n<\/thead>\n<tbody data-start=\"2048\" data-end=\"2470\">\n<tr data-start=\"2048\" data-end=\"2094\">\n<td style=\"width: 52.2656px\" data-start=\"2048\" data-end=\"2059\" data-col-size=\"sm\">I<\/td>\n<td style=\"width: 97.6875px\" data-col-size=\"sm\" data-start=\"2059\" data-end=\"2076\">5 + 1<\/td>\n<td style=\"width: 108.047px\" data-col-size=\"sm\" data-start=\"2076\" data-end=\"2094\">J\u00e4ttipotti<\/td>\n<\/tr>\n<tr data-start=\"2095\" data-end=\"2141\">\n<td style=\"width: 52.2656px\" data-start=\"2095\" data-end=\"2106\" data-col-size=\"sm\">II<\/td>\n<td style=\"width: 97.6875px\" data-col-size=\"sm\" data-start=\"2106\" data-end=\"2123\">5 + 0<\/td>\n<td style=\"width: 108.047px\" data-col-size=\"sm\" data-start=\"2123\" data-end=\"2141\">$1 000 000<\/td>\n<\/tr>\n<tr data-start=\"2142\" data-end=\"2188\">\n<td style=\"width: 52.2656px\" data-start=\"2142\" data-end=\"2153\" data-col-size=\"sm\">III<\/td>\n<td style=\"width: 97.6875px\" data-col-size=\"sm\" data-start=\"2153\" data-end=\"2170\">4 + 1<\/td>\n<td style=\"width: 108.047px\" data-col-size=\"sm\" data-start=\"2170\" data-end=\"2188\">$10 000<\/td>\n<\/tr>\n<tr data-start=\"2189\" data-end=\"2235\">\n<td style=\"width: 52.2656px\" data-start=\"2189\" data-end=\"2200\" data-col-size=\"sm\">IV<\/td>\n<td style=\"width: 97.6875px\" data-col-size=\"sm\" data-start=\"2200\" data-end=\"2217\">4 + 0<\/td>\n<td style=\"width: 108.047px\" data-col-size=\"sm\" data-start=\"2217\" data-end=\"2235\">$500<\/td>\n<\/tr>\n<tr data-start=\"2236\" data-end=\"2282\">\n<td style=\"width: 52.2656px\" data-start=\"2236\" data-end=\"2247\" data-col-size=\"sm\">V<\/td>\n<td style=\"width: 97.6875px\" data-col-size=\"sm\" data-start=\"2247\" data-end=\"2264\">3 + 1<\/td>\n<td style=\"width: 108.047px\" data-col-size=\"sm\" data-start=\"2264\" data-end=\"2282\">$200<\/td>\n<\/tr>\n<tr data-start=\"2283\" data-end=\"2329\">\n<td style=\"width: 52.2656px\" data-start=\"2283\" data-end=\"2294\" data-col-size=\"sm\">VI<\/td>\n<td style=\"width: 97.6875px\" data-col-size=\"sm\" data-start=\"2294\" data-end=\"2311\">3 + 0<\/td>\n<td style=\"width: 108.047px\" data-col-size=\"sm\" data-start=\"2311\" data-end=\"2329\">$10<\/td>\n<\/tr>\n<tr data-start=\"2330\" data-end=\"2376\">\n<td style=\"width: 52.2656px\" data-start=\"2330\" data-end=\"2341\" data-col-size=\"sm\">VII<\/td>\n<td style=\"width: 97.6875px\" data-col-size=\"sm\" data-start=\"2341\" data-end=\"2358\">2 + 1<\/td>\n<td style=\"width: 108.047px\" data-col-size=\"sm\" data-start=\"2358\" data-end=\"2376\">$10<\/td>\n<\/tr>\n<tr data-start=\"2377\" data-end=\"2423\">\n<td style=\"width: 52.2656px\" data-start=\"2377\" data-end=\"2388\" data-col-size=\"sm\">VIII<\/td>\n<td style=\"width: 97.6875px\" data-col-size=\"sm\" data-start=\"2388\" data-end=\"2405\">1 + 1<\/td>\n<td style=\"width: 108.047px\" data-col-size=\"sm\" data-start=\"2405\" data-end=\"2423\">$7<\/td>\n<\/tr>\n<tr data-start=\"2424\" data-end=\"2470\">\n<td style=\"width: 52.2656px\" data-start=\"2424\" data-end=\"2435\" data-col-size=\"sm\">IX<\/td>\n<td style=\"width: 97.6875px\" data-col-size=\"sm\" data-start=\"2435\" data-end=\"2452\">0 + 1<\/td>\n<td style=\"width: 108.047px\" data-col-size=\"sm\" data-start=\"2452\" data-end=\"2470\">$5<\/td>\n<\/tr>\n<\/tbody>\n<\/table>\n<div class=\"sticky end-(--thread-content-margin) h-0 self-end select-none\">\n<div class=\"absolute end-0 flex items-end\"><\/div>\n<\/div>\n<\/div>\n<\/div>\n<p data-start=\"2472\" data-end=\"2640\">Huhtikuusta 2025 l\u00e4htien jokaisessa kupongissa on <strong data-start=\"2522\" data-end=\"2547\">automaattinen kerroin<\/strong>, joten luokat <strong data-start=\"2562\" data-end=\"2571\">II\u2013IX<\/strong> voivat saada voittosumman kertomalla sen <strong data-start=\"2613\" data-end=\"2639\">x2, x3, x4, x5 tai x10<\/strong>.<\/p>\n<p data-start=\"2642\" data-end=\"2747\">Esimerkiksi toisen luokan palkinto <strong data-start=\"2677\" data-end=\"2691\">$1 000 000<\/strong>, kertoimella <strong data-start=\"2705\" data-end=\"2712\">x10<\/strong>, muuttuu <strong data-start=\"2722\" data-end=\"2737\">$10 000 000<\/strong> summaksi.<\/p>\n<p data-start=\"2749\" data-end=\"2818\">Tai IV-luokan $500 voitto voi muuttua $1 000:ksi tai jopa $5 000:ksi.<\/p>\n<h2 data-start=\"2825\" data-end=\"2859\"><strong data-start=\"2828\" data-end=\"2859\">Mega Millionsin j\u00e4ttivoitot<\/strong><\/h2>\n<p data-start=\"2861\" data-end=\"3032\">Kuten mainittu, jos j\u00e4ttipottia ei voiteta, <strong data-start=\"2905\" data-end=\"2944\">se siirtyy eteenp\u00e4in ilman yl\u00e4rajaa<\/strong>. T\u00e4m\u00e4n ansiosta osa voitoista on ollut uskomattoman suuria. T\u00e4ss\u00e4 muutamia esimerkkej\u00e4:<\/p>\n<ul data-start=\"3034\" data-end=\"3360\">\n<li data-start=\"3034\" data-end=\"3088\">\n<p data-start=\"3036\" data-end=\"3088\">$1,602 miljardia (Mega Millions): 9. elokuuta 2023<\/p>\n<\/li>\n<li data-start=\"3089\" data-end=\"3162\">\n<p data-start=\"3091\" data-end=\"3162\">$1,537 miljardia (Mega Millions): 23. lokakuuta 2018 \u2013 Etel\u00e4-Carolina<\/p>\n<\/li>\n<li data-start=\"3163\" data-end=\"3228\">\n<p data-start=\"3165\" data-end=\"3228\">$1,348 miljardia (Mega Millions): 13. tammikuuta 2023 \u2013 Maine<\/p>\n<\/li>\n<li data-start=\"3229\" data-end=\"3297\">\n<p data-start=\"3231\" data-end=\"3297\">$1,337 miljardia (Mega Millions): 29. hein\u00e4kuuta 2022 \u2013 Illinois<\/p>\n<\/li>\n<li data-start=\"3298\" data-end=\"3360\">\n<p data-start=\"3300\" data-end=\"3360\">$1,250 miljardia (Mega Millions): arvonta 4. elokuuta 2023<\/p>\n<\/li>\n<\/ul>\n<p data-start=\"3362\" data-end=\"3462\">Katso kaikki <a href=\"https:\/\/lottohoy.com\/fi\/lottery-tulokset\/mega-millions-tulokset\/\"><strong data-start=\"3375\" data-end=\"3402\">Mega Millions -tulokset<\/strong><\/a> t\u00e4\u00e4lt\u00e4:<\/p>\n<h2 data-start=\"3469\" data-end=\"3507\"><strong data-start=\"3472\" data-end=\"3507\">Milloin Mega Millions arvotaan?<\/strong><\/h2>\n<p data-start=\"3509\" data-end=\"3632\">Mega Millions -arvonta suoritetaan <strong data-start=\"3544\" data-end=\"3600\">tiistaisin ja perjantaisin klo 23:00 EST (03:00 GMT)<\/strong>, paikkana <strong data-start=\"3611\" data-end=\"3631\">Atlanta, Georgia<\/strong>.<\/p>\n<p data-start=\"3634\" data-end=\"3752\">Myynti sulkeutuu yleens\u00e4 tuntia ennen arvontaa, mutta jos pelaat verkossa, tarkista sulkeutumisajat suoraan alustalta.<\/p>\n<h2 data-start=\"3759\" data-end=\"3796\"><strong data-start=\"3762\" data-end=\"3796\">Paljonko Mega Millions maksaa?<\/strong><\/h2>\n<p data-start=\"3798\" data-end=\"3932\">Alustallamme Mega Millionsin rivin hinta alkaa <strong data-start=\"3845\" data-end=\"3853\">11 \u20ac<\/strong>, ja se antaa sinulle mahdollisuuden voittaa <strong data-start=\"3898\" data-end=\"3931\">monimiljoonaisia j\u00e4ttipotteja<\/strong>.<\/p>\n<p data-start=\"3934\" data-end=\"4101\">Hinta voi vaihdella <strong data-start=\"3954\" data-end=\"3983\">dollarin ja euron kurssin<\/strong> sek\u00e4 valittujen rivien m\u00e4\u00e4r\u00e4n mukaan. Voit lis\u00e4t\u00e4 niin monta rivi\u00e4 kuin haluat ja <strong data-start=\"4066\" data-end=\"4100\">lis\u00e4t\u00e4 voittomahdollisuuksiasi<\/strong>.<\/p>\n<p data-start=\"4103\" data-end=\"4308\">Ostaaksesi Mega Millions -kupongin sinun tarvitsee vain rekister\u00f6ity\u00e4 <strong data-start=\"4173\" data-end=\"4249\"><a class=\"\" href=\"https:\/\/lottohoy.com\/fi\/rekisterointi\/\" target=\"_new\" rel=\"noopener\" data-start=\"4175\" data-end=\"4247\">LottoHoy<\/a><\/strong> -sivustolla ja valita suosikkinumerosi. Mit\u00e4 viel\u00e4 odotat?<\/p>\n","protected":false},"excerpt":{"rendered":"<p>Pelaa Mega Millions -lottoa verkossa Mega Millions -lotto, yhdess\u00e4 Powerballin kanssa, jakaa suurimmat palkinnot ensimm\u00e4isen voittoluokan voittajille. Ja nyt, pelin uudistuksen my\u00f6t\u00e4, my\u00f6s alempien voittoluokkien palkinnot voivat kasvaa eksponentiaalisesti. T\u00e4ss\u00e4 uudessa vaiheessa jokaisessa arvontaan osallistuvassa kupongissa on kerroin, joka valitaan satunnaisesti j\u00e4rjestelm\u00e4n toimesta. T\u00e4m\u00e4 tarkoittaa, ett\u00e4 p\u00e4\u00e4palkintoa lukuun ottamatta voitot voidaan kertoa x2, x3, x4, [&hellip;]<\/p>\n","protected":false},"author":2,"featured_media":0,"parent":16581,"menu_order":2,"comment_status":"closed","ping_status":"closed","template":"megamillion.php","meta":{"_et_pb_use_builder":"","_et_pb_old_content":"","_et_gb_content_width":"","exclude_from_search":false,"footnotes":""},"class_list":["post-16623","page","type-page","status-publish","hentry"],"yoast_head":"<!-- This site is optimized with the Yoast SEO plugin v23.7 - https:\/\/yoast.com\/wordpress\/plugins\/seo\/ -->\n<title>Pelaa Mega Millions Online - helppoa ja 100 % turvallista - Lottohoy<\/title>\n<meta name=\"description\" content=\"MegaMillions on lotto, joka tarjoaa joitain suurimmista palkinnoista. LottoHoylla voit pelata Megamillions verkossa ja voittaa suuria voittoja. Kokeile nyt!\" \/>\n<meta name=\"robots\" content=\"index, follow, max-snippet:-1, max-image-preview:large, max-video-preview:-1\" \/>\n<link rel=\"canonical\" href=\"https:\/\/lottohoy.com\/fi\/pelata\/pelaa-mega-millionsia\/\" \/>\n<meta property=\"og:locale\" content=\"fi_FI\" \/>\n<meta property=\"og:type\" content=\"article\" \/>\n<meta property=\"og:title\" content=\"Pelaa Mega Millions Online - helppoa ja 100 % turvallista - Lottohoy\" \/>\n<meta property=\"og:description\" content=\"MegaMillions on lotto, joka tarjoaa joitain suurimmista palkinnoista. LottoHoylla voit pelata Megamillions verkossa ja voittaa suuria voittoja. Kokeile nyt!\" \/>\n<meta property=\"og:url\" content=\"https:\/\/lottohoy.com\/fi\/pelata\/pelaa-mega-millionsia\/\" \/>\n<meta property=\"og:site_name\" content=\"Lottohoy\" \/>\n<meta property=\"article:modified_time\" content=\"2025-05-27T15:50:52+00:00\" \/>\n<meta name=\"twitter:card\" content=\"summary_large_image\" \/>\n<meta name=\"twitter:label1\" content=\"Arvioitu lukuaika\" \/>\n\t<meta name=\"twitter:data1\" content=\"2 minuuttia\" \/>\n<script type=\"application\/ld+json\" class=\"yoast-schema-graph\">{\"@context\":\"https:\/\/schema.org\",\"@graph\":[{\"@type\":\"WebPage\",\"@id\":\"https:\/\/lottohoy.com\/fi\/pelata\/pelaa-mega-millionsia\/\",\"url\":\"https:\/\/lottohoy.com\/fi\/pelata\/pelaa-mega-millionsia\/\",\"name\":\"Pelaa Mega Millions Online - helppoa ja 100 % turvallista - Lottohoy\",\"isPartOf\":{\"@id\":\"https:\/\/lottohoy.com\/fi\/#website\"},\"datePublished\":\"2018-05-03T13:23:26+00:00\",\"dateModified\":\"2025-05-27T15:50:52+00:00\",\"description\":\"MegaMillions on lotto, joka tarjoaa joitain suurimmista palkinnoista. LottoHoylla voit pelata Megamillions verkossa ja voittaa suuria voittoja. Kokeile nyt!\",\"breadcrumb\":{\"@id\":\"https:\/\/lottohoy.com\/fi\/pelata\/pelaa-mega-millionsia\/#breadcrumb\"},\"inLanguage\":\"fi\",\"potentialAction\":[{\"@type\":\"ReadAction\",\"target\":[\"https:\/\/lottohoy.com\/fi\/pelata\/pelaa-mega-millionsia\/\"]}]},{\"@type\":\"BreadcrumbList\",\"@id\":\"https:\/\/lottohoy.com\/fi\/pelata\/pelaa-mega-millionsia\/#breadcrumb\",\"itemListElement\":[{\"@type\":\"ListItem\",\"position\":1,\"name\":\"Home\",\"item\":\"https:\/\/lottohoy.com\/fi\/\"},{\"@type\":\"ListItem\",\"position\":2,\"name\":\"Pelaa lottoa verkossa\",\"item\":\"https:\/\/lottohoy.com\/fi\/pelata\/\"},{\"@type\":\"ListItem\",\"position\":3,\"name\":\"Pelaa Mega Millionsia\"}]},{\"@type\":\"WebSite\",\"@id\":\"https:\/\/lottohoy.com\/fi\/#website\",\"url\":\"https:\/\/lottohoy.com\/fi\/\",\"name\":\"Lottohoy\",\"description\":\"\",\"potentialAction\":[{\"@type\":\"SearchAction\",\"target\":{\"@type\":\"EntryPoint\",\"urlTemplate\":\"https:\/\/lottohoy.com\/fi\/?s={search_term_string}\"},\"query-input\":{\"@type\":\"PropertyValueSpecification\",\"valueRequired\":true,\"valueName\":\"search_term_string\"}}],\"inLanguage\":\"fi\"}]}<\/script>\n<!-- \/ Yoast SEO plugin. -->","yoast_head_json":{"title":"Pelaa Mega Millions Online - helppoa ja 100 % turvallista - Lottohoy","description":"MegaMillions on lotto, joka tarjoaa joitain suurimmista palkinnoista. LottoHoylla voit pelata Megamillions verkossa ja voittaa suuria voittoja. Kokeile nyt!","robots":{"index":"index","follow":"follow","max-snippet":"max-snippet:-1","max-image-preview":"max-image-preview:large","max-video-preview":"max-video-preview:-1"},"canonical":"https:\/\/lottohoy.com\/fi\/pelata\/pelaa-mega-millionsia\/","og_locale":"fi_FI","og_type":"article","og_title":"Pelaa Mega Millions Online - helppoa ja 100 % turvallista - Lottohoy","og_description":"MegaMillions on lotto, joka tarjoaa joitain suurimmista palkinnoista. LottoHoylla voit pelata Megamillions verkossa ja voittaa suuria voittoja. Kokeile nyt!","og_url":"https:\/\/lottohoy.com\/fi\/pelata\/pelaa-mega-millionsia\/","og_site_name":"Lottohoy","article_modified_time":"2025-05-27T15:50:52+00:00","twitter_card":"summary_large_image","twitter_misc":{"Arvioitu lukuaika":"2 minuuttia"},"schema":{"@context":"https:\/\/schema.org","@graph":[{"@type":"WebPage","@id":"https:\/\/lottohoy.com\/fi\/pelata\/pelaa-mega-millionsia\/","url":"https:\/\/lottohoy.com\/fi\/pelata\/pelaa-mega-millionsia\/","name":"Pelaa Mega Millions Online - helppoa ja 100 % turvallista - Lottohoy","isPartOf":{"@id":"https:\/\/lottohoy.com\/fi\/#website"},"datePublished":"2018-05-03T13:23:26+00:00","dateModified":"2025-05-27T15:50:52+00:00","description":"MegaMillions on lotto, joka tarjoaa joitain suurimmista palkinnoista. LottoHoylla voit pelata Megamillions verkossa ja voittaa suuria voittoja. Kokeile nyt!","breadcrumb":{"@id":"https:\/\/lottohoy.com\/fi\/pelata\/pelaa-mega-millionsia\/#breadcrumb"},"inLanguage":"fi","potentialAction":[{"@type":"ReadAction","target":["https:\/\/lottohoy.com\/fi\/pelata\/pelaa-mega-millionsia\/"]}]},{"@type":"BreadcrumbList","@id":"https:\/\/lottohoy.com\/fi\/pelata\/pelaa-mega-millionsia\/#breadcrumb","itemListElement":[{"@type":"ListItem","position":1,"name":"Home","item":"https:\/\/lottohoy.com\/fi\/"},{"@type":"ListItem","position":2,"name":"Pelaa lottoa verkossa","item":"https:\/\/lottohoy.com\/fi\/pelata\/"},{"@type":"ListItem","position":3,"name":"Pelaa Mega Millionsia"}]},{"@type":"WebSite","@id":"https:\/\/lottohoy.com\/fi\/#website","url":"https:\/\/lottohoy.com\/fi\/","name":"Lottohoy","description":"","potentialAction":[{"@type":"SearchAction","target":{"@type":"EntryPoint","urlTemplate":"https:\/\/lottohoy.com\/fi\/?s={search_term_string}"},"query-input":{"@type":"PropertyValueSpecification","valueRequired":true,"valueName":"search_term_string"}}],"inLanguage":"fi"}]}},"_links":{"self":[{"href":"https:\/\/lottohoy.com\/fi\/wp-json\/wp\/v2\/pages\/16623","targetHints":{"allow":["GET"]}}],"collection":[{"href":"https:\/\/lottohoy.com\/fi\/wp-json\/wp\/v2\/pages"}],"about":[{"href":"https:\/\/lottohoy.com\/fi\/wp-json\/wp\/v2\/types\/page"}],"author":[{"embeddable":true,"href":"https:\/\/lottohoy.com\/fi\/wp-json\/wp\/v2\/users\/2"}],"replies":[{"embeddable":true,"href":"https:\/\/lottohoy.com\/fi\/wp-json\/wp\/v2\/comments?post=16623"}],"version-history":[{"count":2,"href":"https:\/\/lottohoy.com\/fi\/wp-json\/wp\/v2\/pages\/16623\/revisions"}],"predecessor-version":[{"id":19915,"href":"https:\/\/lottohoy.com\/fi\/wp-json\/wp\/v2\/pages\/16623\/revisions\/19915"}],"up":[{"embeddable":true,"href":"https:\/\/lottohoy.com\/fi\/wp-json\/wp\/v2\/pages\/16581"}],"wp:attachment":[{"href":"https:\/\/lottohoy.com\/fi\/wp-json\/wp\/v2\/media?parent=16623"}],"curies":[{"name":"wp","href":"https:\/\/api.w.org\/{rel}","templated":true}]}}