{"id":16615,"date":"2018-05-03T14:23:27","date_gmt":"2018-05-03T13:23:27","guid":{"rendered":"https:\/\/lottohoy.com\/?page_id=16615"},"modified":"2025-03-25T08:13:05","modified_gmt":"2025-03-25T08:13:05","slug":"powerball","status":"publish","type":"page","link":"https:\/\/lottohoy.com\/fi\/pelata\/powerball\/","title":{"rendered":"Pelaa Powerballia"},"content":{"rendered":"<h2>Kuinka pelata Powerballia<\/h2>\n<p>Powerball-loton pelaaminen on todella yksinkertaista, sinun tarvitsee vain valita viisi numeroa v\u00e4lilt\u00e4 1-69 ja sitten ylim\u00e4\u00e4r\u00e4inen numero (nimelt\u00e4\u00e4n Powerball) v\u00e4lilt\u00e4 1-26.<\/p>\n<p>Mutta menn\u00e4\u00e4n yksityiskohtiin; ensimm\u00e4inen asia, joka sinun tulee tehd\u00e4, on avata tili LottoHoyssa. Kun olet rekister\u00f6itynyt, voit ostaa viralliset arpalippusi verkossa seuraamalla n\u00e4it\u00e4 ohjeita:<\/p>\n<p>Peliosiossa on rivi tai rivi, joka koostuu 5 sarakkeesta. Jokainen n\u00e4ist\u00e4 sarakkeista on Powerball-lippu.<br \/>\nKertalippu maksaa vain\u00a03,50 euroa, mik\u00e4 on yksi parhaista verkosta saatavista hinnoista. (T\u00e4m\u00e4 m\u00e4\u00e4r\u00e4 voi vaihdella dollarin ja euron vaihtokurssin mukaan.<br \/>\nSarakkeen yl\u00e4osassa sinun on valittava viisi numeroa laatikoista, jotka on numeroitu v\u00e4lilt\u00e4 1\u201369.<br \/>\nMainitun taulukon alaosassa on viel\u00e4 26 numeroa, joista meid\u00e4n on valittava yksi. T\u00e4m\u00e4 numero on Powerball.<\/p>\n<p>Halutessasi voit my\u00f6s k\u00e4ytt\u00e4\u00e4 Quick Pick -vaihtoehtoja, jolloin j\u00e4rjestelm\u00e4 valitsee yhdistelm\u00e4n satunnaisesti.<\/p>\n<p>Muista, ett\u00e4 jos haluat ostaa enemm\u00e4n kuin viisi lippua kerralla, voit lis\u00e4t\u00e4 kaikki tarvitsemasi rivit napsauttamalla &#8221;Lis\u00e4\u00e4 rivej\u00e4&#8221; -painiketta. Muista, ett\u00e4 mit\u00e4 useammalla numerolla pelaat, sit\u00e4 todenn\u00e4k\u00f6isemmin voit voittaa j\u00e4ttipotin.<\/p>\n<h2>Powerballin arvontap\u00e4iv\u00e4t<\/h2>\n<p>USA Powerball-arvonnat pidet\u00e4\u00e4n joka keskiviikko ja lauantai klo 22:59 ET aikaa (torstaina ja sunnuntaina klo 4:59 CET). Lipunmyynti on avoinna 3 tuntia ennen arvonnan alkamista.<\/p>\n<p>Heti arvonnan p\u00e4\u00e4tytty\u00e4 voit tarkistaa viralliset Powerball-tulokset ja saada voittosi suoraan pelaajatilillesi.<\/p>\n<h2>Kuinka paljon Powerballin j\u00e4ttipotti on?<\/h2>\n<p>Powerball-j\u00e4ttipotti p\u00e4ivittyy heti jokaisen arvonnan j\u00e4lkeen, ja voit tarkistaa sen milloin tahansa verkkosivustoltamme.<\/p>\n<p>Powerballin pienin j\u00e4ttipotti on 40 000 000 dollaria, mik\u00e4 on paljon suurempi kuin muiden lottojen suurin j\u00e4ttipotti.<\/p>\n<p>Jos arvonnan j\u00e4lkeen ensimm\u00e4isess\u00e4 kategoriassa tai p\u00e4\u00e4palkinnossa ei ole voittajia, j\u00e4ttipotin summa siirret\u00e4\u00e4n seuraavaan arvontaan. Koska suurinta j\u00e4ttipottia ei ole, on melko usein n\u00e4hd\u00e4 uusi enn\u00e4tys j\u00e4ttipotti<\/p>\n<p>Taso #x + x -palkinto<br \/>\nI 5+1 j\u00e4ttipotti<br \/>\nII 5+0 1 000 000 $<br \/>\nIII 4+1 50.000 $<br \/>\nIV 4+0 100 $<br \/>\nV 3+1 100 $<br \/>\nVI 3+0 7$<br \/>\nVII 2+1 7 $<br \/>\nVIII 1+1 4$<br \/>\nIX 0+1 4$<\/p>\n<p>Arvioitu j\u00e4ttipottipalkinto on ainoa, joka kiertyy, muilla Powerball-palkinnoilla on kiinte\u00e4 summa.<\/p>\n<h2>Kuinka voittaa Powerball-lotto<\/h2>\n<p>N\u00e4m\u00e4 eiv\u00e4t ole menetelmi\u00e4, jotka takaavat voiton, mutta voit noudattaa joitain yksinkertaisia \u200b\u200b\u200b\u200bohjeita, jotka voivat auttaa sinua lis\u00e4\u00e4m\u00e4\u00e4n mahdollisuuksiasi tulla yhdeksi Powerball-voittajista:<\/p>\n<p>Sekoita pieni\u00e4 ja suuria lukuja.<br \/>\n\u00c4l\u00e4 k\u00e4yt\u00e4 p\u00e4iv\u00e4m\u00e4\u00e4ri\u00e4 numeroina. Monet ihmiset tekev\u00e4t t\u00e4t\u00e4.<br \/>\nTutki PowerBall-tulossivultamme, mitk\u00e4 ovat yleisimm\u00e4t numerot.<br \/>\nParillisten ja parillisten lukujen v\u00e4linen tasapaino.<br \/>\nV\u00e4lt\u00e4 yhdistelmi\u00e4, jotka on jo\u00a0valittu.<br \/>\nK\u00e4yt\u00e4 pikavalintavaihtoehtoa.<\/p>\n<p>Pelaa niin monta lippua kuin pystyt kasvattaaksesi voittomahdollisuuttasi joka keskiviikko ja lauantai.<\/p>\n<h2>Osta Powerball verkosta<\/h2>\n<p>Voit ostaa Powerball-lippuja osoitteessa LottoHoy.com, olemme lottoj\u00e4rjest\u00e4j\u00e4. Yksi Powerball-lippu maksaa 3,07 \u20ac ja kaikki liput ostetaan virallisten edustajien kautta valtuutetuista toimipisteist\u00e4.<\/p>\n<h2>Powerballin ostamisella verkossa on monia etuja fyysiseen ostoon verrattuna:<\/h2>\n<p>Toimipaikkaan ei tarvitse matkustaa.<br \/>\nSinun ei tarvitse huolehtia aukiolo- ja sulkemisajoista. Se on avoinna 24 tuntia vuorokaudessa ja 7 p\u00e4iv\u00e4\u00e4 viikossa.<br \/>\nSuojaus pit\u00e4\u00e4ksesi lippusi turvassa, jotta se ei katoa tai unohdu.<br \/>\nVoit hankkia Powerball-lippusi mist\u00e4 tahansa maasta yksinkertaisesti Internet-yhteyden avulla ja joko matkapuhelimella, tabletilla tai p\u00f6yt\u00e4koneella.<br \/>\nPalkinnot maksetaan suoraan pelaajatilillesi.<br \/>\nVoit saada satunnaisia \u200b\u200byhdistelmi\u00e4 k\u00e4ytt\u00e4m\u00e4ll\u00e4 pikavalintaa.<\/p>\n<p>Powerballin pelaaminen verkossa ei voisi olla helpompaa. Kokeile onneasi nyt ja ole yksi onnekkaista voittajista!<\/p>\n","protected":false},"excerpt":{"rendered":"<p>Kuinka pelata Powerballia Powerball-loton pelaaminen on todella yksinkertaista, sinun tarvitsee vain valita viisi numeroa v\u00e4lilt\u00e4 1-69 ja sitten ylim\u00e4\u00e4r\u00e4inen numero (nimelt\u00e4\u00e4n Powerball) v\u00e4lilt\u00e4 1-26. Mutta menn\u00e4\u00e4n yksityiskohtiin; ensimm\u00e4inen asia, joka sinun tulee tehd\u00e4, on avata tili LottoHoyssa. Kun olet rekister\u00f6itynyt, voit ostaa viralliset arpalippusi verkossa seuraamalla n\u00e4it\u00e4 ohjeita: Peliosiossa on rivi tai rivi, joka koostuu [&hellip;]<\/p>\n","protected":false},"author":7,"featured_media":0,"parent":16581,"menu_order":1,"comment_status":"closed","ping_status":"closed","template":"powerball-usa.php","meta":{"_et_pb_use_builder":"","_et_pb_old_content":"","_et_gb_content_width":"","exclude_from_search":false,"footnotes":""},"class_list":["post-16615","page","type-page","status-publish","hentry"],"yoast_head":"<!-- This site is optimized with the Yoast SEO plugin v23.7 - https:\/\/yoast.com\/wordpress\/plugins\/seo\/ -->\n<title>\u25b7 Pelaa Powerballia verkossa | Miss\u00e4 tahansa, milloin tahansa - LottoHoy<\/title>\n<meta name=\"description\" content=\"Powerballin pelaaminen on yksinkertaista: valitse 5 numeroa v\u00e4lilt\u00e4 1-69 ja sitten ylim\u00e4\u00e4r\u00e4inen numero (Powerball) v\u00e4lilt\u00e4 1-26. Hanki Porweball-lippu nyt!\" \/>\n<meta name=\"robots\" content=\"index, follow, max-snippet:-1, max-image-preview:large, max-video-preview:-1\" \/>\n<link rel=\"canonical\" href=\"https:\/\/lottohoy.com\/fi\/pelata\/powerball\/\" \/>\n<meta property=\"og:locale\" content=\"fi_FI\" \/>\n<meta property=\"og:type\" content=\"article\" \/>\n<meta property=\"og:title\" content=\"\u25b7 Pelaa Powerballia verkossa | Miss\u00e4 tahansa, milloin tahansa - LottoHoy\" \/>\n<meta property=\"og:description\" content=\"Powerballin pelaaminen on yksinkertaista: valitse 5 numeroa v\u00e4lilt\u00e4 1-69 ja sitten ylim\u00e4\u00e4r\u00e4inen numero (Powerball) v\u00e4lilt\u00e4 1-26. Hanki Porweball-lippu nyt!\" \/>\n<meta property=\"og:url\" content=\"https:\/\/lottohoy.com\/fi\/pelata\/powerball\/\" \/>\n<meta property=\"og:site_name\" content=\"Lottohoy\" \/>\n<meta property=\"article:modified_time\" content=\"2025-03-25T08:13:05+00:00\" \/>\n<meta name=\"twitter:card\" content=\"summary_large_image\" \/>\n<meta name=\"twitter:label1\" content=\"Arvioitu lukuaika\" \/>\n\t<meta name=\"twitter:data1\" content=\"3 minuuttia\" \/>\n<script type=\"application\/ld+json\" class=\"yoast-schema-graph\">{\"@context\":\"https:\/\/schema.org\",\"@graph\":[{\"@type\":\"WebPage\",\"@id\":\"https:\/\/lottohoy.com\/fi\/pelata\/powerball\/\",\"url\":\"https:\/\/lottohoy.com\/fi\/pelata\/powerball\/\",\"name\":\"\u25b7 Pelaa Powerballia verkossa | Miss\u00e4 tahansa, milloin tahansa - LottoHoy\",\"isPartOf\":{\"@id\":\"https:\/\/lottohoy.com\/fi\/#website\"},\"datePublished\":\"2018-05-03T13:23:27+00:00\",\"dateModified\":\"2025-03-25T08:13:05+00:00\",\"description\":\"Powerballin pelaaminen on yksinkertaista: valitse 5 numeroa v\u00e4lilt\u00e4 1-69 ja sitten ylim\u00e4\u00e4r\u00e4inen numero (Powerball) v\u00e4lilt\u00e4 1-26. Hanki Porweball-lippu nyt!\",\"breadcrumb\":{\"@id\":\"https:\/\/lottohoy.com\/fi\/pelata\/powerball\/#breadcrumb\"},\"inLanguage\":\"fi\",\"potentialAction\":[{\"@type\":\"ReadAction\",\"target\":[\"https:\/\/lottohoy.com\/fi\/pelata\/powerball\/\"]}]},{\"@type\":\"BreadcrumbList\",\"@id\":\"https:\/\/lottohoy.com\/fi\/pelata\/powerball\/#breadcrumb\",\"itemListElement\":[{\"@type\":\"ListItem\",\"position\":1,\"name\":\"Home\",\"item\":\"https:\/\/lottohoy.com\/fi\/\"},{\"@type\":\"ListItem\",\"position\":2,\"name\":\"Pelaa lottoa verkossa\",\"item\":\"https:\/\/lottohoy.com\/fi\/pelata\/\"},{\"@type\":\"ListItem\",\"position\":3,\"name\":\"Pelaa Powerballia\"}]},{\"@type\":\"WebSite\",\"@id\":\"https:\/\/lottohoy.com\/fi\/#website\",\"url\":\"https:\/\/lottohoy.com\/fi\/\",\"name\":\"Lottohoy\",\"description\":\"\",\"potentialAction\":[{\"@type\":\"SearchAction\",\"target\":{\"@type\":\"EntryPoint\",\"urlTemplate\":\"https:\/\/lottohoy.com\/fi\/?s={search_term_string}\"},\"query-input\":{\"@type\":\"PropertyValueSpecification\",\"valueRequired\":true,\"valueName\":\"search_term_string\"}}],\"inLanguage\":\"fi\"}]}<\/script>\n<!-- \/ Yoast SEO plugin. -->","yoast_head_json":{"title":"\u25b7 Pelaa Powerballia verkossa | Miss\u00e4 tahansa, milloin tahansa - LottoHoy","description":"Powerballin pelaaminen on yksinkertaista: valitse 5 numeroa v\u00e4lilt\u00e4 1-69 ja sitten ylim\u00e4\u00e4r\u00e4inen numero (Powerball) v\u00e4lilt\u00e4 1-26. Hanki Porweball-lippu nyt!","robots":{"index":"index","follow":"follow","max-snippet":"max-snippet:-1","max-image-preview":"max-image-preview:large","max-video-preview":"max-video-preview:-1"},"canonical":"https:\/\/lottohoy.com\/fi\/pelata\/powerball\/","og_locale":"fi_FI","og_type":"article","og_title":"\u25b7 Pelaa Powerballia verkossa | Miss\u00e4 tahansa, milloin tahansa - LottoHoy","og_description":"Powerballin pelaaminen on yksinkertaista: valitse 5 numeroa v\u00e4lilt\u00e4 1-69 ja sitten ylim\u00e4\u00e4r\u00e4inen numero (Powerball) v\u00e4lilt\u00e4 1-26. Hanki Porweball-lippu nyt!","og_url":"https:\/\/lottohoy.com\/fi\/pelata\/powerball\/","og_site_name":"Lottohoy","article_modified_time":"2025-03-25T08:13:05+00:00","twitter_card":"summary_large_image","twitter_misc":{"Arvioitu lukuaika":"3 minuuttia"},"schema":{"@context":"https:\/\/schema.org","@graph":[{"@type":"WebPage","@id":"https:\/\/lottohoy.com\/fi\/pelata\/powerball\/","url":"https:\/\/lottohoy.com\/fi\/pelata\/powerball\/","name":"\u25b7 Pelaa Powerballia verkossa | Miss\u00e4 tahansa, milloin tahansa - LottoHoy","isPartOf":{"@id":"https:\/\/lottohoy.com\/fi\/#website"},"datePublished":"2018-05-03T13:23:27+00:00","dateModified":"2025-03-25T08:13:05+00:00","description":"Powerballin pelaaminen on yksinkertaista: valitse 5 numeroa v\u00e4lilt\u00e4 1-69 ja sitten ylim\u00e4\u00e4r\u00e4inen numero (Powerball) v\u00e4lilt\u00e4 1-26. Hanki Porweball-lippu nyt!","breadcrumb":{"@id":"https:\/\/lottohoy.com\/fi\/pelata\/powerball\/#breadcrumb"},"inLanguage":"fi","potentialAction":[{"@type":"ReadAction","target":["https:\/\/lottohoy.com\/fi\/pelata\/powerball\/"]}]},{"@type":"BreadcrumbList","@id":"https:\/\/lottohoy.com\/fi\/pelata\/powerball\/#breadcrumb","itemListElement":[{"@type":"ListItem","position":1,"name":"Home","item":"https:\/\/lottohoy.com\/fi\/"},{"@type":"ListItem","position":2,"name":"Pelaa lottoa verkossa","item":"https:\/\/lottohoy.com\/fi\/pelata\/"},{"@type":"ListItem","position":3,"name":"Pelaa Powerballia"}]},{"@type":"WebSite","@id":"https:\/\/lottohoy.com\/fi\/#website","url":"https:\/\/lottohoy.com\/fi\/","name":"Lottohoy","description":"","potentialAction":[{"@type":"SearchAction","target":{"@type":"EntryPoint","urlTemplate":"https:\/\/lottohoy.com\/fi\/?s={search_term_string}"},"query-input":{"@type":"PropertyValueSpecification","valueRequired":true,"valueName":"search_term_string"}}],"inLanguage":"fi"}]}},"_links":{"self":[{"href":"https:\/\/lottohoy.com\/fi\/wp-json\/wp\/v2\/pages\/16615","targetHints":{"allow":["GET"]}}],"collection":[{"href":"https:\/\/lottohoy.com\/fi\/wp-json\/wp\/v2\/pages"}],"about":[{"href":"https:\/\/lottohoy.com\/fi\/wp-json\/wp\/v2\/types\/page"}],"author":[{"embeddable":true,"href":"https:\/\/lottohoy.com\/fi\/wp-json\/wp\/v2\/users\/7"}],"replies":[{"embeddable":true,"href":"https:\/\/lottohoy.com\/fi\/wp-json\/wp\/v2\/comments?post=16615"}],"version-history":[{"count":1,"href":"https:\/\/lottohoy.com\/fi\/wp-json\/wp\/v2\/pages\/16615\/revisions"}],"predecessor-version":[{"id":16616,"href":"https:\/\/lottohoy.com\/fi\/wp-json\/wp\/v2\/pages\/16615\/revisions\/16616"}],"up":[{"embeddable":true,"href":"https:\/\/lottohoy.com\/fi\/wp-json\/wp\/v2\/pages\/16581"}],"wp:attachment":[{"href":"https:\/\/lottohoy.com\/fi\/wp-json\/wp\/v2\/media?parent=16615"}],"curies":[{"name":"wp","href":"https:\/\/api.w.org\/{rel}","templated":true}]}}