{"id":16600,"date":"2018-05-03T14:23:31","date_gmt":"2018-05-03T13:23:31","guid":{"rendered":"https:\/\/lottohoy.com\/?page_id=16600"},"modified":"2025-04-02T09:53:40","modified_gmt":"2025-04-02T08:53:40","slug":"osta-lottokuponkeja-ja-voita-maailman-suurimmat-jattipotit","status":"publish","type":"page","link":"https:\/\/lottohoy.com\/fi\/","title":{"rendered":"Etusivu"},"content":{"rendered":"<h1>Osta lottokuponkeja ja voita maailman suurimmat j\u00e4ttipotit<\/h1>\n<p>Pelaaminen maailman lotoissa ja tekem\u00e4ss\u00e4 sen mukavasti kotonasi, t\u00f6iss\u00e4, bussissa tai miss\u00e4 tahansa tilanteessa&#8230; yksinkertaisesti Internet-yhteyden avulla, avaa joukon mahdollisuuksia voittaa miljoonan dollarin palkintoja.<\/p>\n<p>Jos et ole koskaan aiemmin pelannut lottovoittoja verkossa, lottohoy.com tarjoaa sinulle nyt ja t\u00e4\u00e4lt\u00e4 mahdollisuuden p\u00e4\u00e4st\u00e4 k\u00e4siksi maailman lottoarvoihin, jotka pelaavat kunkin arvonnan suurimmat j\u00e4ttipotit.<\/p>\n<p>Pelaa paikallista lottoa vai mit\u00e4 tahansa lottoa maailmassa?<\/p>\n<p>Joskus voi olla mukavaa menn\u00e4 tavalliseen paikkaan, josta ostat lipun pelataksesi paikallista lottoa, ja pit\u00e4\u00e4 lippua k\u00e4siss\u00e4si tarkistaaksesi arvontap\u00e4iv\u00e4n\u00e4, oletko voittanut palkintoja.<\/p>\n<p>Mutta mik\u00e4 viel\u00e4 parempaa, nyky\u00e4\u00e4n Internet tarjoaa sinulle kaltaisten alustojen kautta mahdollisuuden jatkaa samojen paikallisten arpajaisten pelaamista ja avata laajemmat mahdollisuudet p\u00e4\u00e4st\u00e4 k\u00e4siksi kansainv\u00e4lisiin arpajaisiin, jotka tarjoavat poikkeuksellisia miljoonan dollarin palkintoja, jotka joskus ylitt\u00e4v\u00e4t miljardin.<\/p>\n<p>Jos lis\u00e4\u00e4t t\u00e4h\u00e4n mielenrauhan siit\u00e4, ett\u00e4 voit pelata mink\u00e4 tahansa arvonnan etuk\u00e4teen, saat tiedon voitetuista palkinnoista suoraan ja voitetusta summasta riippuen, summat l\u00e4hetet\u00e4\u00e4n suoraan tilillesi &#8211; pid\u00e4tk\u00f6 pelaamisesta lottohoy.com:n kanssa?<\/p>\n<p>Ei ole v\u00e4li\u00e4 miss\u00e4 maassa asut, jos haluat pelata arpajaisia \u200b\u200bverkossa.<\/p>\n<p>Kun ostat arpalippuja verkosta, sill\u00e4 ei ole v\u00e4li\u00e4 miss\u00e4 maassa asut. Sinun ei tarvitse matkustaa ostaaksesi arpalippuja vieraassa maassa.<\/p>\n<p>Palvelemme asiakkaita l\u00e4hes kaikista maista globaalilla palvelullamme.<\/p>\n<p>Kuinka online-arpajaispalvelu toimii<\/p>\n<p>Osoitteessa lottohoy.com voit n\u00e4hd\u00e4 erilaisia \u200b\u200blottopelej\u00e4 eri puolilta maailmaa. Voit valita ne, joita haluat pelata, ja ostaa ne verkosta. Se on paljon helpompaa kuin luuletkaan.<\/p>\n<h2>Voit valita kaiken, mik\u00e4 liittyy arpalippuun:<\/h2>\n<p>\u2022 Valitse lotto, joka tarjoaa suurimman j\u00e4ttipotin, jos haluat<\/p>\n<p>\u2022 Valitse numerot manuaalisesti tai anna j\u00e4rjestelm\u00e4n valita sinulle satunnainen yhdistelm\u00e4.<\/p>\n<p>\u2022 Voit pelata niin monta panosta (linjaa) haluamillasi yhdistelmill\u00e4<\/p>\n<p>\u2022 Voit valita yhden tai useamman per\u00e4kk\u00e4isen arvonnan<\/p>\n<p>Super lotot satojen miljoonien j\u00e4ttipoteilla<\/p>\n<p>Arpajaiset, kuten American Powerball tai MegaMillions, European Euromillions, Eurojackpot ja SuperEnalotto Italian.<\/p>\n<p>Tiesitk\u00f6, ett\u00e4 t\u00e4h\u00e4n menness\u00e4 suurin Powerball-palkinto oli 2,04 miljardia dollaria ja se voitettiin vuonna 2022? Satojen miljoonien arvoisen palkinnon voittaminen saattaa tuntua unelmalta, mutta se on todellisuutta!<\/p>\n<h2>Voit varmasti kysy\u00e4 itselt\u00e4si monia kysymyksi\u00e4:<\/h2>\n<p>\u2022 Pit\u00e4isik\u00f6 sinun aina hakea korkein j\u00e4ttipotti?<\/p>\n<p>\u2022 Onko suurimman j\u00e4ttipotin arvo ainoa kriteeri valittaessa, mit\u00e4 lottoa verkossa pelataan?<\/p>\n<p>\u2022 Mutta ent\u00e4 jos toisen tason palkinto on tarpeeksi suuri muuttaakseen el\u00e4m\u00e4si?<\/p>\n<p>\u2022 Jotkut j\u00e4ttipotit kasvavat niin suuriksi, koska niit\u00e4 on vaikea voittaa. Mit\u00e4 jos todenn\u00e4k\u00f6isyys voittaa toisen tason palkinto olisi paljon parempi kuin miss\u00e4 tahansa lotossa j\u00e4ttipotti?<\/p>\n<p>\u2022 Onko muita tekij\u00f6it\u00e4, jotka on otettava huomioon, kun pelaat arpajaisia \u200b\u200bverkossa?<\/p>\n<p>Kaikilla lotoilla ei ole samanlaisia \u200b\u200bvoittomahdollisuuksia. On t\u00e4ysin j\u00e4rkev\u00e4\u00e4 etsi\u00e4 suurimpia j\u00e4ttipotteja, mutta on my\u00f6s j\u00e4rkev\u00e4\u00e4 tarkistaa, miss\u00e4 sinulle tarjotaan parhaat mahdollisuudet voittaa suuri palkinto.<\/p>\n<p>Meill\u00e4 on laaja valikoima lottoja jokaiseen makuun.<br \/>\nNauti kokeilla jotain uutta, pelej\u00e4, joita et ehk\u00e4 ole koskaan n\u00e4hnyt tai kuullut ennen. Saatat yll\u00e4tty\u00e4 kaikista tarjoamistamme vaihtoehdoista.<\/p>\n<h2>Miten lottohoy.comin tarjoama palvelu toimii?<\/h2>\n<p>Kun olet luonut muuton tai haluamasi siirrot, sinun tarvitsee vain vahvistaa tilaus ja suorittaa maksu verkossa (verkkomaksulle on useita vaihtoehtoja)<\/p>\n<p>Jos et ole luonut k\u00e4ytt\u00e4j\u00e4tili\u00e4si aiemmin, sinun on luotava ja vahvistettava se t\u00e4m\u00e4n prosessin aikana k\u00e4ytt\u00e4m\u00e4ll\u00e4 voimassa olevaa s\u00e4hk\u00f6postiosoitetta ja salasanaa my\u00f6hempi\u00e4 kirjautumisia varten.<\/p>\n<p>Heti kun tilauksesi on vahvistettu ja maksu on vahvistettu, yksi agenteistamme ostaa lottolipun(t) siit\u00e4 maasta, jossa arpajaiset pidet\u00e4\u00e4n.<\/p>\n<p>Skannaus lipustasi ladataan sitten k\u00e4ytt\u00e4j\u00e4tilillesi.<\/p>\n<p>T\u00e4m\u00e4 toiminto vaatii jonkin aikaa, ennen kuin se k\u00e4sitell\u00e4\u00e4n ja skannaus n\u00e4kyy tilill\u00e4si. Voit milloin tahansa katsoa k\u00e4ytt\u00e4j\u00e4tili\u00e4si &#8221;Omat liput&#8221; -osiossa, josta voit tarkistaa tilauksesi ja valitsemasi numerot.<\/p>\n<p>Kun arvonnat on suoritettu, voittotiedot ovat saatavilla ja vastaavat numerot ja tarvittaessa saadut palkinnot n\u00e4kyv\u00e4t tilill\u00e4si.<\/p>\n<h2>Okei, ent\u00e4 jos voitan?<\/h2>\n<p>Asiakkaistamme huolehtiminen ymp\u00e4ri maailmaa heid\u00e4n voittaessaan on t\u00e4rke\u00e4 osa online-lippupalveluamme.<\/p>\n<p>Sinun ei tarvitse asua maassa, jossa arpajaiset j\u00e4rjestet\u00e4\u00e4n. Ostamme liput sinulle paikallisesti ik\u00e4\u00e4n kuin viett\u00e4isit lomaa kyseisess\u00e4 maassa! Varmistaa, ett\u00e4 saat maksun, kun voitat, on my\u00f6s osa online-lippupalveluamme.<\/p>\n<p>Palkintovoitot aina noin \u20ac\/$2500 asti maksetaan ja hyvitet\u00e4\u00e4n suoraan k\u00e4ytt\u00e4j\u00e4llesi\/<br \/>\npelaajatili ja ovat heti saatavilla to pyyt\u00e4\u00e4 kotiutusta tai k\u00e4ytt\u00e4\u00e4 mink\u00e4 tahansa arpajaisten my\u00f6hempien arpojen ostamiseen.<\/p>\n<p>Isommissa voitoissa asiakaspalvelumme tarjoaa sinulle VIP-palvelumme voittajille.<\/p>\n<p>Jos sinulla on ep\u00e4ilyksi\u00e4, t\u00e4m\u00e4 palvelu on t\u00e4ysin laillinen ja neuvomme ja autamme sinua perinn\u00e4ss\u00e4.<\/p>\n<p>Palkintosi maksetaan kokonaisuudessaan, eik\u00e4 voittoistasi koskaan v\u00e4hennet\u00e4 maksuja tai provisioita, paitsi lottomaan ja asuinmaasi veros\u00e4\u00e4nn\u00f6sten mukaisesti.<\/p>\n<p>Joissakin poikkeustapauksissa perinn\u00e4n hallinnointikuluja voi synty\u00e4 siin\u00e4 tapauksessa, ett\u00e4 voittaja ei voi matkustaa palkinnon maksavaan maahan ja siihen asianmukaisesti valtuutetun henkil\u00f6n tai yrityksen on puututtava h\u00e4nen puolestaan.<\/p>\n<p>Lottohoy.com-sivustolta l\u00f6yd\u00e4t tietoa ja vinkkej\u00e4 parhaiden online-arpajaisten pelaamiseen.<\/p>\n<p>L\u00f6yd\u00e4t t\u00e4m\u00e4n kaiken t\u00e4\u00e4lt\u00e4 verkkosivuiltamme. Emme vain anna sinulle tarkat kertoimet ja s\u00e4\u00e4nn\u00f6t jokaiselle lotolle, vaan meill\u00e4 on my\u00f6s artikkeleita kaikista loton eri puolista.<\/p>\n<p>Suosittelemme parantamaan voittomahdollisuuksiasi, ja l\u00f6yd\u00e4t my\u00f6s uusimmat tulokset ja arkiston kaikkien arpajaisten uusimmista tuloksista verkkosivuiltamme.<\/p>\n","protected":false},"excerpt":{"rendered":"<p>Osta lottokuponkeja ja voita maailman suurimmat j\u00e4ttipotit Pelaaminen maailman lotoissa ja tekem\u00e4ss\u00e4 sen mukavasti kotonasi, t\u00f6iss\u00e4, bussissa tai miss\u00e4 tahansa tilanteessa&#8230; yksinkertaisesti Internet-yhteyden avulla, avaa joukon mahdollisuuksia voittaa miljoonan dollarin palkintoja. Jos et ole koskaan aiemmin pelannut lottovoittoja verkossa, lottohoy.com tarjoaa sinulle nyt ja t\u00e4\u00e4lt\u00e4 mahdollisuuden p\u00e4\u00e4st\u00e4 k\u00e4siksi maailman lottoarvoihin, jotka pelaavat kunkin arvonnan suurimmat [&hellip;]<\/p>\n","protected":false},"author":7,"featured_media":0,"parent":0,"menu_order":1,"comment_status":"closed","ping_status":"closed","template":"lotto.php","meta":{"_et_pb_use_builder":"","_et_pb_old_content":"","_et_gb_content_width":"","exclude_from_search":false,"footnotes":""},"class_list":["post-16600","page","type-page","status-publish","hentry"],"yoast_head":"<!-- This site is optimized with the Yoast SEO plugin v23.7 - https:\/\/yoast.com\/wordpress\/plugins\/seo\/ -->\n<title>Osta kansainv\u00e4lisi\u00e4 lottoja netiss\u00e4 - turvallisesti ja nop<\/title>\n<meta name=\"description\" content=\"Osta suosituimmat arpajaiset LottoHoylta. Voita suurimmat j\u00e4ttipotit EuroMillionsissa, Powerballissa, Megamillionsissa ja monissa muissa \u2713 Nopeasti, helposti ja turvallisesti!\" \/>\n<meta name=\"robots\" content=\"index, follow, max-snippet:-1, max-image-preview:large, max-video-preview:-1\" \/>\n<link rel=\"canonical\" href=\"https:\/\/lottohoy.com\/fi\/\" \/>\n<meta property=\"og:locale\" content=\"fi_FI\" \/>\n<meta property=\"og:type\" content=\"article\" \/>\n<meta property=\"og:title\" content=\"Osta kansainv\u00e4lisi\u00e4 lottoja netiss\u00e4 - turvallisesti ja nop\" \/>\n<meta property=\"og:description\" content=\"Osta suosituimmat arpajaiset LottoHoylta. Voita suurimmat j\u00e4ttipotit EuroMillionsissa, Powerballissa, Megamillionsissa ja monissa muissa \u2713 Nopeasti, helposti ja turvallisesti!\" \/>\n<meta property=\"og:url\" content=\"https:\/\/lottohoy.com\/fi\/\" \/>\n<meta property=\"og:site_name\" content=\"Lottohoy\" \/>\n<meta property=\"article:modified_time\" content=\"2025-04-02T08:53:40+00:00\" \/>\n<meta name=\"twitter:card\" content=\"summary_large_image\" \/>\n<meta name=\"twitter:label1\" content=\"Arvioitu lukuaika\" \/>\n\t<meta name=\"twitter:data1\" content=\"5 minuuttia\" \/>\n<script type=\"application\/ld+json\" class=\"yoast-schema-graph\">{\"@context\":\"https:\/\/schema.org\",\"@graph\":[{\"@type\":\"WebPage\",\"@id\":\"https:\/\/lottohoy.com\/fi\/\",\"url\":\"https:\/\/lottohoy.com\/fi\/\",\"name\":\"Osta kansainv\u00e4lisi\u00e4 lottoja netiss\u00e4 - turvallisesti ja nop\",\"isPartOf\":{\"@id\":\"https:\/\/lottohoy.com\/fi\/#website\"},\"datePublished\":\"2018-05-03T13:23:31+00:00\",\"dateModified\":\"2025-04-02T08:53:40+00:00\",\"description\":\"Osta suosituimmat arpajaiset LottoHoylta. Voita suurimmat j\u00e4ttipotit EuroMillionsissa, Powerballissa, Megamillionsissa ja monissa muissa \u2713 Nopeasti, helposti ja turvallisesti!\",\"breadcrumb\":{\"@id\":\"https:\/\/lottohoy.com\/fi\/#breadcrumb\"},\"inLanguage\":\"fi\",\"potentialAction\":[{\"@type\":\"ReadAction\",\"target\":[\"https:\/\/lottohoy.com\/fi\/\"]}]},{\"@type\":\"BreadcrumbList\",\"@id\":\"https:\/\/lottohoy.com\/fi\/#breadcrumb\",\"itemListElement\":[{\"@type\":\"ListItem\",\"position\":1,\"name\":\"Home\",\"item\":\"https:\/\/lottohoy.com\/fi\/\"},{\"@type\":\"ListItem\",\"position\":2,\"name\":\"Etusivu\"}]},{\"@type\":\"WebSite\",\"@id\":\"https:\/\/lottohoy.com\/fi\/#website\",\"url\":\"https:\/\/lottohoy.com\/fi\/\",\"name\":\"Lottohoy\",\"description\":\"\",\"potentialAction\":[{\"@type\":\"SearchAction\",\"target\":{\"@type\":\"EntryPoint\",\"urlTemplate\":\"https:\/\/lottohoy.com\/fi\/?s={search_term_string}\"},\"query-input\":{\"@type\":\"PropertyValueSpecification\",\"valueRequired\":true,\"valueName\":\"search_term_string\"}}],\"inLanguage\":\"fi\"}]}<\/script>\n<!-- \/ Yoast SEO plugin. -->","yoast_head_json":{"title":"Osta kansainv\u00e4lisi\u00e4 lottoja netiss\u00e4 - turvallisesti ja nop","description":"Osta suosituimmat arpajaiset LottoHoylta. Voita suurimmat j\u00e4ttipotit EuroMillionsissa, Powerballissa, Megamillionsissa ja monissa muissa \u2713 Nopeasti, helposti ja turvallisesti!","robots":{"index":"index","follow":"follow","max-snippet":"max-snippet:-1","max-image-preview":"max-image-preview:large","max-video-preview":"max-video-preview:-1"},"canonical":"https:\/\/lottohoy.com\/fi\/","og_locale":"fi_FI","og_type":"article","og_title":"Osta kansainv\u00e4lisi\u00e4 lottoja netiss\u00e4 - turvallisesti ja nop","og_description":"Osta suosituimmat arpajaiset LottoHoylta. Voita suurimmat j\u00e4ttipotit EuroMillionsissa, Powerballissa, Megamillionsissa ja monissa muissa \u2713 Nopeasti, helposti ja turvallisesti!","og_url":"https:\/\/lottohoy.com\/fi\/","og_site_name":"Lottohoy","article_modified_time":"2025-04-02T08:53:40+00:00","twitter_card":"summary_large_image","twitter_misc":{"Arvioitu lukuaika":"5 minuuttia"},"schema":{"@context":"https:\/\/schema.org","@graph":[{"@type":"WebPage","@id":"https:\/\/lottohoy.com\/fi\/","url":"https:\/\/lottohoy.com\/fi\/","name":"Osta kansainv\u00e4lisi\u00e4 lottoja netiss\u00e4 - turvallisesti ja nop","isPartOf":{"@id":"https:\/\/lottohoy.com\/fi\/#website"},"datePublished":"2018-05-03T13:23:31+00:00","dateModified":"2025-04-02T08:53:40+00:00","description":"Osta suosituimmat arpajaiset LottoHoylta. Voita suurimmat j\u00e4ttipotit EuroMillionsissa, Powerballissa, Megamillionsissa ja monissa muissa \u2713 Nopeasti, helposti ja turvallisesti!","breadcrumb":{"@id":"https:\/\/lottohoy.com\/fi\/#breadcrumb"},"inLanguage":"fi","potentialAction":[{"@type":"ReadAction","target":["https:\/\/lottohoy.com\/fi\/"]}]},{"@type":"BreadcrumbList","@id":"https:\/\/lottohoy.com\/fi\/#breadcrumb","itemListElement":[{"@type":"ListItem","position":1,"name":"Home","item":"https:\/\/lottohoy.com\/fi\/"},{"@type":"ListItem","position":2,"name":"Etusivu"}]},{"@type":"WebSite","@id":"https:\/\/lottohoy.com\/fi\/#website","url":"https:\/\/lottohoy.com\/fi\/","name":"Lottohoy","description":"","potentialAction":[{"@type":"SearchAction","target":{"@type":"EntryPoint","urlTemplate":"https:\/\/lottohoy.com\/fi\/?s={search_term_string}"},"query-input":{"@type":"PropertyValueSpecification","valueRequired":true,"valueName":"search_term_string"}}],"inLanguage":"fi"}]}},"_links":{"self":[{"href":"https:\/\/lottohoy.com\/fi\/wp-json\/wp\/v2\/pages\/16600","targetHints":{"allow":["GET"]}}],"collection":[{"href":"https:\/\/lottohoy.com\/fi\/wp-json\/wp\/v2\/pages"}],"about":[{"href":"https:\/\/lottohoy.com\/fi\/wp-json\/wp\/v2\/types\/page"}],"author":[{"embeddable":true,"href":"https:\/\/lottohoy.com\/fi\/wp-json\/wp\/v2\/users\/7"}],"replies":[{"embeddable":true,"href":"https:\/\/lottohoy.com\/fi\/wp-json\/wp\/v2\/comments?post=16600"}],"version-history":[{"count":4,"href":"https:\/\/lottohoy.com\/fi\/wp-json\/wp\/v2\/pages\/16600\/revisions"}],"predecessor-version":[{"id":17861,"href":"https:\/\/lottohoy.com\/fi\/wp-json\/wp\/v2\/pages\/16600\/revisions\/17861"}],"wp:attachment":[{"href":"https:\/\/lottohoy.com\/fi\/wp-json\/wp\/v2\/media?parent=16600"}],"curies":[{"name":"wp","href":"https:\/\/api.w.org\/{rel}","templated":true}]}}