{"id":16581,"date":"2018-05-03T14:23:25","date_gmt":"2018-05-03T13:23:25","guid":{"rendered":"https:\/\/lottohoy.com\/?page_id=16581"},"modified":"2025-03-25T06:54:38","modified_gmt":"2025-03-25T06:54:38","slug":"pelata","status":"publish","type":"page","link":"https:\/\/lottohoy.com\/fi\/pelata\/","title":{"rendered":"Pelaa lottoa verkossa"},"content":{"rendered":"<h2>Lippujen ostaminen mihin tahansa online-arpajaiseen Lottohoysta on helppoa, nopeaa ja turvallista.<\/h2>\n<p>Se on yksinkertaista, koska voit tehd\u00e4 ostoksen mist\u00e4 tahansa, tarvitset vain Internet-yhteyden esimerkiksi matkapuhelimen, tabletin tai tietokoneen kautta.<br \/>\nSe on nopea. Vain muutamassa sekunnissa voit pelata mit\u00e4 tahansa lottoa LottoHoyn tarjoamien lukuisten lottojen joukosta. Sinun tarvitsee vain valita suosikkinumerosi ja tehd\u00e4 ostos sinulle parhaiten sopivalla maksutavalla\u2026 Siin\u00e4 se! Voittoyhdistelm\u00e4si on tulossa!<br \/>\nSe on turvallista, sill\u00e4 kun osto on tehty, se n\u00e4kyy k\u00e4ytt\u00e4j\u00e4tilill\u00e4, kunnes arvonta on suoritettu ja vahvistus tulee s\u00e4hk\u00f6isesti.Luo tilisi jo t\u00e4n\u00e4\u00e4n ja aloita pelaaminen kanssamme!<br \/>\nKuinka pelata lottoa verkossa<\/p>\n<p>LottoHoylla on tarjolla valtava valikoima p\u00e4ivitt\u00e4isi\u00e4 lottoja. Voit valita, kumpaan haluat osallistua, ja tarjolla on laaja valikoima tietoa ja lottotilastoja, jotka auttavat sinua valitsemaan vetosi ja ymm\u00e4rt\u00e4m\u00e4\u00e4n pelin ominaisuuksia ja s\u00e4\u00e4nt\u00f6j\u00e4.<\/p>\n<p>Voit valita pelattavan numeroyhdistelm\u00e4n\u00a0manuaalisesti valitsemalla numerot, tai voit my\u00f6s antaa pikavalinnan lottotoiminnon valita numerot ja pallot satunnaisesti.<\/p>\n<p>Kun peli on m\u00e4\u00e4ritetty, sinun tarvitsee vain jatkaa maksua. Meill\u00e4 on laaja valikoima maksutapoja, jotka sopivat kaikkien pelaajien tarpeisiin.<\/p>\n<h2>Kuinka vastaanottaa lottovoitot<\/h2>\n<p>Lottoarvontojen j\u00e4lkeen kaikki voitot talletetaan v\u00e4litt\u00f6m\u00e4sti k\u00e4ytt\u00e4j\u00e4n tilille, jotta ne ovat heti k\u00e4ytett\u00e4viss\u00e4.<\/p>\n<p>Kun voitot ovat suuria, asiakasta neuvotaan parhaista laillisista ratkaisuista palkintojen vastaanottamiseksi.<\/p>\n<p>Kuhunkin arpajaiseen sovelletaan sen maan verolains\u00e4\u00e4d\u00e4nt\u00f6\u00e4, jossa ne j\u00e4rjestet\u00e4\u00e4n, koska niist\u00e4 voi aiheutua vero- ja muita kuluja, jotka voivat vaikuttaa my\u00f6nnettyihin summiin.<\/p>\n<p>Online-arpajaisten pelaamisen edut<br \/>\nAjan s\u00e4\u00e4st\u00e4minen on kenties suurin etu, jonka lotossa pelaaminen verkossa tarjoaa.<br \/>\nLottoHoyn kautta voit ostaa lippusi 24 tuntia vuorokaudessa, 7 p\u00e4iv\u00e4\u00e4 viikossa ja 365 p\u00e4iv\u00e4\u00e4 vuodessa ilman lomia tai aikatauluja.<br \/>\nLaajan valikoiman lottoja verkossa ymp\u00e4ri maailmaa. Arpajaiset, jotka tarjoavat parhaat j\u00e4ttipotit.<br \/>\nVoit pelata miss\u00e4 tahansa milloin tahansa, kotona, t\u00f6iss\u00e4, bussia odotellessa tai miss\u00e4 tahansa p\u00e4ivitt\u00e4isess\u00e4 el\u00e4m\u00e4ss\u00e4si. Perusinternet-yhteys mist\u00e4 tahansa laitteesta: matkapuhelimesta, tabletista tai tietokoneesta.<br \/>\nvakuutena, ett\u00e4 et menet\u00e4 palkintoa, koska lippu on kadonnut, arvonnan tulosta ei tarkistettu tai sen lunastamisen m\u00e4\u00e4r\u00e4aika on umpeutunut.<br \/>\nOstetut liput n\u00e4kyv\u00e4t k\u00e4ytt\u00e4j\u00e4tilill\u00e4 sek\u00e4 muissa tapahtumissa.<br \/>\nJos voitat palkinnon, voitettu summa talletetaan v\u00e4litt\u00f6m\u00e4sti k\u00e4ytt\u00e4j\u00e4n saldoon.<br \/>\nTarkista suurimpien lottojen tulokset ja voittoyhdistelm\u00e4t reaaliajassa.<\/p>\n<h2>\nKuka voi pelata lottoa verkossa?<\/h2>\n<p>Kaikki voivat pelata LottoHoyssa! Asuinmaasi ei ole haitta, vaikka tekisit sen toiselta puolelta maailmaa. Jos olet Ruotsista, Suomesta, Espanjasta, Ranskasta, Etel\u00e4-Afrikasta, Australiasta, kaikki ovat tervetulleita! Rekister\u00f6idy ja aloita lotto!<\/p>\n<p>Lis\u00e4\u00e4 voittomahdollisuuksiasi ostamalla lippuja verkosta ei ole koskaan ollut n\u00e4in helppoa.<\/p>\n<h2>Mit\u00e4 arpajaisia \u200b\u200bLottohoyssa voi pelata?<\/h2>\n<p>T\u00e4ll\u00e4 lottosivustolla voit ostaa arpajaisia \u200b\u200bmaailman suurimpiin arpajaisiin ja lis\u00e4t\u00e4 mahdollisuuksiasi voittaa mit\u00e4 tahansa tarjoamistamme miljon\u00e4\u00e4rij\u00e4ttipoteista: Pelaa USA Powerballia, MegaMillionsia, UK Lottoa, Euromillionsia, Eurojackpotia, California Superlottoa, Oz Powerballia, New York Lottoa ja monia muita.<\/p>\n<h2>Osta viralliset arpajaiset<\/h2>\n<p>Kun pelaat lottoa LottoHoyssa, ostat virallisia lottokuponkeja ja n\u00e4et k\u00e4ytt\u00e4j\u00e4profiilissasi skannatun kopion USA Powerball-, megamillions-, EuroMillions- tai mink\u00e4 tahansa muun loton lipustasi.<\/p>\n<p>LottoHoy on arpajaisten concierge, joka tarjoaa laajan valikoiman arpajaisia. Emme tarjoa lottovedonly\u00f6nti\u00e4.<\/p>\n","protected":false},"excerpt":{"rendered":"<p>Lippujen ostaminen mihin tahansa online-arpajaiseen Lottohoysta on helppoa, nopeaa ja turvallista. Se on yksinkertaista, koska voit tehd\u00e4 ostoksen mist\u00e4 tahansa, tarvitset vain Internet-yhteyden esimerkiksi matkapuhelimen, tabletin tai tietokoneen kautta. Se on nopea. Vain muutamassa sekunnissa voit pelata mit\u00e4 tahansa lottoa LottoHoyn tarjoamien lukuisten lottojen joukosta. Sinun tarvitsee vain valita suosikkinumerosi ja tehd\u00e4 ostos sinulle parhaiten [&hellip;]<\/p>\n","protected":false},"author":7,"featured_media":0,"parent":0,"menu_order":2,"comment_status":"closed","ping_status":"closed","template":"Play-all.php","meta":{"_et_pb_use_builder":"","_et_pb_old_content":"","_et_gb_content_width":"","exclude_from_search":false,"footnotes":""},"class_list":["post-16581","page","type-page","status-publish","hentry"],"yoast_head":"<!-- This site is optimized with the Yoast SEO plugin v23.7 - https:\/\/yoast.com\/wordpress\/plugins\/seo\/ -->\n<title>\u25b7 Pelaa lottoa verkossa | Online-arpajaiset - LottoHoy<\/title>\n<meta name=\"description\" content=\"LottoHoylla tarjoamme valtavan valikoiman kansainv\u00e4lisi\u00e4 lottopelej\u00e4. Opi pelaamaan niit\u00e4, valitse suosikkilottosi ja toteuta unelmasi!\" \/>\n<meta name=\"robots\" content=\"index, follow, max-snippet:-1, max-image-preview:large, max-video-preview:-1\" \/>\n<link rel=\"canonical\" href=\"https:\/\/lottohoy.com\/fi\/pelata\/\" \/>\n<meta property=\"og:locale\" content=\"fi_FI\" \/>\n<meta property=\"og:type\" content=\"article\" \/>\n<meta property=\"og:title\" content=\"\u25b7 Pelaa lottoa verkossa | Online-arpajaiset - LottoHoy\" \/>\n<meta property=\"og:description\" content=\"LottoHoylla tarjoamme valtavan valikoiman kansainv\u00e4lisi\u00e4 lottopelej\u00e4. Opi pelaamaan niit\u00e4, valitse suosikkilottosi ja toteuta unelmasi!\" \/>\n<meta property=\"og:url\" content=\"https:\/\/lottohoy.com\/fi\/pelata\/\" \/>\n<meta property=\"og:site_name\" content=\"Lottohoy\" \/>\n<meta property=\"article:modified_time\" content=\"2025-03-25T06:54:38+00:00\" \/>\n<meta name=\"twitter:card\" content=\"summary_large_image\" \/>\n<meta name=\"twitter:label1\" content=\"Arvioitu lukuaika\" \/>\n\t<meta name=\"twitter:data1\" content=\"2 minuuttia\" \/>\n<script type=\"application\/ld+json\" class=\"yoast-schema-graph\">{\"@context\":\"https:\/\/schema.org\",\"@graph\":[{\"@type\":\"WebPage\",\"@id\":\"https:\/\/lottohoy.com\/fi\/pelata\/\",\"url\":\"https:\/\/lottohoy.com\/fi\/pelata\/\",\"name\":\"\u25b7 Pelaa lottoa verkossa | Online-arpajaiset - LottoHoy\",\"isPartOf\":{\"@id\":\"https:\/\/lottohoy.com\/fi\/#website\"},\"datePublished\":\"2018-05-03T13:23:25+00:00\",\"dateModified\":\"2025-03-25T06:54:38+00:00\",\"description\":\"LottoHoylla tarjoamme valtavan valikoiman kansainv\u00e4lisi\u00e4 lottopelej\u00e4. Opi pelaamaan niit\u00e4, valitse suosikkilottosi ja toteuta unelmasi!\",\"breadcrumb\":{\"@id\":\"https:\/\/lottohoy.com\/fi\/pelata\/#breadcrumb\"},\"inLanguage\":\"fi\",\"potentialAction\":[{\"@type\":\"ReadAction\",\"target\":[\"https:\/\/lottohoy.com\/fi\/pelata\/\"]}]},{\"@type\":\"BreadcrumbList\",\"@id\":\"https:\/\/lottohoy.com\/fi\/pelata\/#breadcrumb\",\"itemListElement\":[{\"@type\":\"ListItem\",\"position\":1,\"name\":\"Home\",\"item\":\"https:\/\/lottohoy.com\/fi\/\"},{\"@type\":\"ListItem\",\"position\":2,\"name\":\"Pelaa lottoa verkossa\"}]},{\"@type\":\"WebSite\",\"@id\":\"https:\/\/lottohoy.com\/fi\/#website\",\"url\":\"https:\/\/lottohoy.com\/fi\/\",\"name\":\"Lottohoy\",\"description\":\"\",\"potentialAction\":[{\"@type\":\"SearchAction\",\"target\":{\"@type\":\"EntryPoint\",\"urlTemplate\":\"https:\/\/lottohoy.com\/fi\/?s={search_term_string}\"},\"query-input\":{\"@type\":\"PropertyValueSpecification\",\"valueRequired\":true,\"valueName\":\"search_term_string\"}}],\"inLanguage\":\"fi\"}]}<\/script>\n<!-- \/ Yoast SEO plugin. -->","yoast_head_json":{"title":"\u25b7 Pelaa lottoa verkossa | Online-arpajaiset - LottoHoy","description":"LottoHoylla tarjoamme valtavan valikoiman kansainv\u00e4lisi\u00e4 lottopelej\u00e4. Opi pelaamaan niit\u00e4, valitse suosikkilottosi ja toteuta unelmasi!","robots":{"index":"index","follow":"follow","max-snippet":"max-snippet:-1","max-image-preview":"max-image-preview:large","max-video-preview":"max-video-preview:-1"},"canonical":"https:\/\/lottohoy.com\/fi\/pelata\/","og_locale":"fi_FI","og_type":"article","og_title":"\u25b7 Pelaa lottoa verkossa | Online-arpajaiset - LottoHoy","og_description":"LottoHoylla tarjoamme valtavan valikoiman kansainv\u00e4lisi\u00e4 lottopelej\u00e4. Opi pelaamaan niit\u00e4, valitse suosikkilottosi ja toteuta unelmasi!","og_url":"https:\/\/lottohoy.com\/fi\/pelata\/","og_site_name":"Lottohoy","article_modified_time":"2025-03-25T06:54:38+00:00","twitter_card":"summary_large_image","twitter_misc":{"Arvioitu lukuaika":"2 minuuttia"},"schema":{"@context":"https:\/\/schema.org","@graph":[{"@type":"WebPage","@id":"https:\/\/lottohoy.com\/fi\/pelata\/","url":"https:\/\/lottohoy.com\/fi\/pelata\/","name":"\u25b7 Pelaa lottoa verkossa | Online-arpajaiset - LottoHoy","isPartOf":{"@id":"https:\/\/lottohoy.com\/fi\/#website"},"datePublished":"2018-05-03T13:23:25+00:00","dateModified":"2025-03-25T06:54:38+00:00","description":"LottoHoylla tarjoamme valtavan valikoiman kansainv\u00e4lisi\u00e4 lottopelej\u00e4. Opi pelaamaan niit\u00e4, valitse suosikkilottosi ja toteuta unelmasi!","breadcrumb":{"@id":"https:\/\/lottohoy.com\/fi\/pelata\/#breadcrumb"},"inLanguage":"fi","potentialAction":[{"@type":"ReadAction","target":["https:\/\/lottohoy.com\/fi\/pelata\/"]}]},{"@type":"BreadcrumbList","@id":"https:\/\/lottohoy.com\/fi\/pelata\/#breadcrumb","itemListElement":[{"@type":"ListItem","position":1,"name":"Home","item":"https:\/\/lottohoy.com\/fi\/"},{"@type":"ListItem","position":2,"name":"Pelaa lottoa verkossa"}]},{"@type":"WebSite","@id":"https:\/\/lottohoy.com\/fi\/#website","url":"https:\/\/lottohoy.com\/fi\/","name":"Lottohoy","description":"","potentialAction":[{"@type":"SearchAction","target":{"@type":"EntryPoint","urlTemplate":"https:\/\/lottohoy.com\/fi\/?s={search_term_string}"},"query-input":{"@type":"PropertyValueSpecification","valueRequired":true,"valueName":"search_term_string"}}],"inLanguage":"fi"}]}},"_links":{"self":[{"href":"https:\/\/lottohoy.com\/fi\/wp-json\/wp\/v2\/pages\/16581","targetHints":{"allow":["GET"]}}],"collection":[{"href":"https:\/\/lottohoy.com\/fi\/wp-json\/wp\/v2\/pages"}],"about":[{"href":"https:\/\/lottohoy.com\/fi\/wp-json\/wp\/v2\/types\/page"}],"author":[{"embeddable":true,"href":"https:\/\/lottohoy.com\/fi\/wp-json\/wp\/v2\/users\/7"}],"replies":[{"embeddable":true,"href":"https:\/\/lottohoy.com\/fi\/wp-json\/wp\/v2\/comments?post=16581"}],"version-history":[{"count":1,"href":"https:\/\/lottohoy.com\/fi\/wp-json\/wp\/v2\/pages\/16581\/revisions"}],"predecessor-version":[{"id":16582,"href":"https:\/\/lottohoy.com\/fi\/wp-json\/wp\/v2\/pages\/16581\/revisions\/16582"}],"wp:attachment":[{"href":"https:\/\/lottohoy.com\/fi\/wp-json\/wp\/v2\/media?parent=16581"}],"curies":[{"name":"wp","href":"https:\/\/api.w.org\/{rel}","templated":true}]}}