{"id":6219,"date":"2020-08-10T22:50:30","date_gmt":"2020-08-10T21:50:30","guid":{"rendered":"https:\/\/www.lottohoy.com\/?page_id=6219"},"modified":"2025-02-11T17:30:43","modified_gmt":"2025-02-11T17:30:43","slug":"lotto-6aus49","status":"publish","type":"page","link":"https:\/\/lottohoy.com\/es\/jugar\/lotto-6aus49\/","title":{"rendered":"Jugar Lotto 6aus49"},"content":{"rendered":"<h2><strong>Jugar 6aus49 online<\/strong><\/h2>\n<p>La 6aus49 es la loter\u00eda m\u00e1s conocida de Alemania, la forma de jugar es muy sencilla, los jugadores deber\u00e1n seleccionar de una tabla que consta de 49 casillas, numeradas del 1 al 49, los 6 n\u00fameros de la combinaci\u00f3n principal, m\u00e1s un n\u00famero de bonificaci\u00f3n especial conocido como Superzahl, de una lista numerada del 0 al9<\/p>\n<p>La extracci\u00f3n de estos n\u00fameros se realiza a trav\u00e9s de dos m\u00e1quinas. De la primera se extraen las bolas numeradas (6 principales) y de la otra m\u00e1quina se extrae una bola para determinar el n\u00famero S\u00fapezahl<\/p>\n<h2><strong>\u00bfC\u00f3mo jugar a 6aus49 online?<\/strong><\/h2>\n<p>Jugar a 6aus49 online, es realmente f\u00e1cil, simplemente se ha de crear una cuenta de usuario en LottoHoy para poder acceder a toda la informaci\u00f3n sobre cobros, pagos, abonos, tickets comprados, estad\u00edsticas, etc\u2026<\/p>\n<p>En esta misma p\u00e1gina de juego, se muestran cinco columnas de apuestas (tambi\u00e9n llamadas l\u00edneas), cada una de las 5 columnas cuenta con casilleros numerados del 1 al 49) y se pueden rellenar tantas como quieras. Cada columna se refiere a una apuesta simple cuyo precio es de 2,50 Euros.<\/p>\n<p>En estas columnas o l\u00edneas de 49 n\u00fameros es donde se debe realizar el pron\u00f3stico que se desea, partiendo de la base que se deben marcar 6 n\u00fameros para una jugada simple.<br \/>\nEl sistema nos permite rellenar manualmente estas casillas o bien mediante el cuadro de selecci\u00f3n r\u00e1pida, que aparece encima de cada tablero, dejar que el propio sistema de una manera aleatoria elija la combinaci\u00f3n de nuestra apuesta.<\/p>\n<p>Una vez efectuada la selecci\u00f3n de n\u00fameros en una o varias columnas, ir al recuadro CONTINUAR, y proceder al pago de la misma. As\u00ed de sencillo.<\/p>\n<h2><strong>\u00bfQu\u00e9 premios reparte 6aus49?<\/strong><\/h2>\n<p>Lotto 6aus49 tiene nueve categor\u00edas de premios diferentes. Para ganar el premio mayor, debes acertar los seis n\u00fameros principales y el Superzahl. Sus probabilidades generales de hacerse con cualquier premio de Lotto 6aus 9 son de 1 en 31.<\/p>\n<p>Hay nueve categor\u00edas para los <a href=\"https:\/\/lottohoy.com\/es\/resultados\/lotto-6aus49\/\">resultados de 6aus49<\/a><\/p>\n<ul>\n<li><strong>Primera categor\u00eda<\/strong>: \u00a0Para los acertantes de los 6 n\u00fameros + el Superzahl,<\/li>\n<li><strong>Segunda categor\u00eda<\/strong>: 6 aciertos de la combinaci\u00f3n principal<\/li>\n<li><strong>Tercera categor\u00eda<\/strong>:5 aciertos de la combinaci\u00f3n + el Superzahl,<\/li>\n<li><strong>Cuarta categor\u00eda<\/strong>: 5 aciertos de la combinaci\u00f3n.<\/li>\n<li><strong>Quinta categor\u00eda<\/strong>: 4 aciertos de la combinaci\u00f3n + el Superzahl,<\/li>\n<li><strong>Sexta categor\u00eda<\/strong>: 4 aciertos combinaci\u00f3n principal<\/li>\n<li><strong>S\u00e9ptima categor\u00eda: <\/strong>3 aciertos + el Superzahl,<\/li>\n<li><strong>Octava categor\u00eda: <\/strong>3 aciertos<\/li>\n<li><strong>Novena categor\u00eda: <\/strong>2 aciertos + el Superzahl,<\/li>\n<\/ul>\n<h2><strong>\u00bfCu\u00e1ndo se sortea la 6aus49?<\/strong><\/h2>\n<p>De manera ordinaria los sorteos de la loter\u00eda 6aus49 se realizan todos los mi\u00e9rcoles a las 18:25 h. (CET), y los s\u00e1bados a las 19:25 h. (CET)<\/p>\n<p>Para la venta online, se cierra la admisi\u00f3n de compras 2 horas antes de la celebraci\u00f3n de los sorteos, para cuestiones de administraci\u00f3n y seguridad.<\/p>\n<h2><strong>\u00bfCu\u00e1nto cuesta jugar a 6aus49?<\/strong><\/h2>\n<p>El precio de cada boleto de 6aus49 en LottoHoy es a partir de 2,50 \u20ac e incluye todos los costes de manipulaci\u00f3n y gesti\u00f3n de compra a trav\u00e9s de vendedores oficiales y\/o similares.<\/p>\n","protected":false},"excerpt":{"rendered":"<p>Jugar 6aus49 online La 6aus49 es la loter\u00eda m\u00e1s conocida de Alemania, la forma de jugar es muy sencilla, los jugadores deber\u00e1n seleccionar de una tabla que consta de 49 casillas, numeradas del 1 al 49, los 6 n\u00fameros de la combinaci\u00f3n principal, m\u00e1s un n\u00famero de bonificaci\u00f3n especial conocido como Superzahl, de una lista [&hellip;]<\/p>\n","protected":false},"author":2,"featured_media":0,"parent":184,"menu_order":13,"comment_status":"closed","ping_status":"closed","template":"lotto-german.php","meta":{"_et_pb_use_builder":"","_et_pb_old_content":"","_et_gb_content_width":"","exclude_from_search":false,"footnotes":""},"class_list":["post-6219","page","type-page","status-publish","hentry"],"yoast_head":"<!-- This site is optimized with the Yoast SEO plugin v23.7 - https:\/\/yoast.com\/wordpress\/plugins\/seo\/ -->\n<title>Jugar a Lotto 6aus49, loter\u00eda alemana - LottoHoy.com<\/title>\n<meta name=\"description\" content=\"Una alternativa interesante es jugar a Lotto 6aus49, la loter\u00eda de Alemania que cada semana genera nuevos afortunados y felices ganadores.\" \/>\n<meta name=\"robots\" content=\"index, follow, max-snippet:-1, max-image-preview:large, max-video-preview:-1\" \/>\n<link rel=\"canonical\" href=\"https:\/\/lottohoy.com\/es\/jugar\/lotto-6aus49\/\" \/>\n<meta property=\"og:locale\" content=\"es_ES\" \/>\n<meta property=\"og:type\" content=\"article\" \/>\n<meta property=\"og:title\" content=\"Jugar a Lotto 6aus49, loter\u00eda alemana - LottoHoy.com\" \/>\n<meta property=\"og:description\" content=\"Una alternativa interesante es jugar a Lotto 6aus49, la loter\u00eda de Alemania que cada semana genera nuevos afortunados y felices ganadores.\" \/>\n<meta property=\"og:url\" content=\"https:\/\/lottohoy.com\/es\/jugar\/lotto-6aus49\/\" \/>\n<meta property=\"og:site_name\" content=\"Lottohoy\" \/>\n<meta property=\"article:modified_time\" content=\"2025-02-11T17:30:43+00:00\" \/>\n<meta name=\"twitter:card\" content=\"summary_large_image\" \/>\n<meta name=\"twitter:label1\" content=\"Tiempo de lectura\" \/>\n\t<meta name=\"twitter:data1\" content=\"3 minutos\" \/>\n<script type=\"application\/ld+json\" class=\"yoast-schema-graph\">{\"@context\":\"https:\/\/schema.org\",\"@graph\":[{\"@type\":\"WebPage\",\"@id\":\"https:\/\/lottohoy.com\/es\/jugar\/lotto-6aus49\/\",\"url\":\"https:\/\/lottohoy.com\/es\/jugar\/lotto-6aus49\/\",\"name\":\"Jugar a Lotto 6aus49, loter\u00eda alemana - LottoHoy.com\",\"isPartOf\":{\"@id\":\"https:\/\/lottohoy.com\/es\/#website\"},\"datePublished\":\"2020-08-10T21:50:30+00:00\",\"dateModified\":\"2025-02-11T17:30:43+00:00\",\"description\":\"Una alternativa interesante es jugar a Lotto 6aus49, la loter\u00eda de Alemania que cada semana genera nuevos afortunados y felices ganadores.\",\"breadcrumb\":{\"@id\":\"https:\/\/lottohoy.com\/es\/jugar\/lotto-6aus49\/#breadcrumb\"},\"inLanguage\":\"es\",\"potentialAction\":[{\"@type\":\"ReadAction\",\"target\":[\"https:\/\/lottohoy.com\/es\/jugar\/lotto-6aus49\/\"]}]},{\"@type\":\"BreadcrumbList\",\"@id\":\"https:\/\/lottohoy.com\/es\/jugar\/lotto-6aus49\/#breadcrumb\",\"itemListElement\":[{\"@type\":\"ListItem\",\"position\":1,\"name\":\"Home\",\"item\":\"https:\/\/lottohoy.com\/es\/\"},{\"@type\":\"ListItem\",\"position\":2,\"name\":\"Comprar loter\u00eda online\",\"item\":\"https:\/\/lottohoy.com\/es\/jugar\/\"},{\"@type\":\"ListItem\",\"position\":3,\"name\":\"Jugar Lotto 6aus49\"}]},{\"@type\":\"WebSite\",\"@id\":\"https:\/\/lottohoy.com\/es\/#website\",\"url\":\"https:\/\/lottohoy.com\/es\/\",\"name\":\"Lottohoy\",\"description\":\"\",\"potentialAction\":[{\"@type\":\"SearchAction\",\"target\":{\"@type\":\"EntryPoint\",\"urlTemplate\":\"https:\/\/lottohoy.com\/es\/?s={search_term_string}\"},\"query-input\":{\"@type\":\"PropertyValueSpecification\",\"valueRequired\":true,\"valueName\":\"search_term_string\"}}],\"inLanguage\":\"es\"}]}<\/script>\n<!-- \/ Yoast SEO plugin. -->","yoast_head_json":{"title":"Jugar a Lotto 6aus49, loter\u00eda alemana - LottoHoy.com","description":"Una alternativa interesante es jugar a Lotto 6aus49, la loter\u00eda de Alemania que cada semana genera nuevos afortunados y felices ganadores.","robots":{"index":"index","follow":"follow","max-snippet":"max-snippet:-1","max-image-preview":"max-image-preview:large","max-video-preview":"max-video-preview:-1"},"canonical":"https:\/\/lottohoy.com\/es\/jugar\/lotto-6aus49\/","og_locale":"es_ES","og_type":"article","og_title":"Jugar a Lotto 6aus49, loter\u00eda alemana - LottoHoy.com","og_description":"Una alternativa interesante es jugar a Lotto 6aus49, la loter\u00eda de Alemania que cada semana genera nuevos afortunados y felices ganadores.","og_url":"https:\/\/lottohoy.com\/es\/jugar\/lotto-6aus49\/","og_site_name":"Lottohoy","article_modified_time":"2025-02-11T17:30:43+00:00","twitter_card":"summary_large_image","twitter_misc":{"Tiempo de lectura":"3 minutos"},"schema":{"@context":"https:\/\/schema.org","@graph":[{"@type":"WebPage","@id":"https:\/\/lottohoy.com\/es\/jugar\/lotto-6aus49\/","url":"https:\/\/lottohoy.com\/es\/jugar\/lotto-6aus49\/","name":"Jugar a Lotto 6aus49, loter\u00eda alemana - LottoHoy.com","isPartOf":{"@id":"https:\/\/lottohoy.com\/es\/#website"},"datePublished":"2020-08-10T21:50:30+00:00","dateModified":"2025-02-11T17:30:43+00:00","description":"Una alternativa interesante es jugar a Lotto 6aus49, la loter\u00eda de Alemania que cada semana genera nuevos afortunados y felices ganadores.","breadcrumb":{"@id":"https:\/\/lottohoy.com\/es\/jugar\/lotto-6aus49\/#breadcrumb"},"inLanguage":"es","potentialAction":[{"@type":"ReadAction","target":["https:\/\/lottohoy.com\/es\/jugar\/lotto-6aus49\/"]}]},{"@type":"BreadcrumbList","@id":"https:\/\/lottohoy.com\/es\/jugar\/lotto-6aus49\/#breadcrumb","itemListElement":[{"@type":"ListItem","position":1,"name":"Home","item":"https:\/\/lottohoy.com\/es\/"},{"@type":"ListItem","position":2,"name":"Comprar loter\u00eda online","item":"https:\/\/lottohoy.com\/es\/jugar\/"},{"@type":"ListItem","position":3,"name":"Jugar Lotto 6aus49"}]},{"@type":"WebSite","@id":"https:\/\/lottohoy.com\/es\/#website","url":"https:\/\/lottohoy.com\/es\/","name":"Lottohoy","description":"","potentialAction":[{"@type":"SearchAction","target":{"@type":"EntryPoint","urlTemplate":"https:\/\/lottohoy.com\/es\/?s={search_term_string}"},"query-input":{"@type":"PropertyValueSpecification","valueRequired":true,"valueName":"search_term_string"}}],"inLanguage":"es"}]}},"_links":{"self":[{"href":"https:\/\/lottohoy.com\/es\/wp-json\/wp\/v2\/pages\/6219","targetHints":{"allow":["GET"]}}],"collection":[{"href":"https:\/\/lottohoy.com\/es\/wp-json\/wp\/v2\/pages"}],"about":[{"href":"https:\/\/lottohoy.com\/es\/wp-json\/wp\/v2\/types\/page"}],"author":[{"embeddable":true,"href":"https:\/\/lottohoy.com\/es\/wp-json\/wp\/v2\/users\/2"}],"replies":[{"embeddable":true,"href":"https:\/\/lottohoy.com\/es\/wp-json\/wp\/v2\/comments?post=6219"}],"version-history":[{"count":3,"href":"https:\/\/lottohoy.com\/es\/wp-json\/wp\/v2\/pages\/6219\/revisions"}],"predecessor-version":[{"id":14643,"href":"https:\/\/lottohoy.com\/es\/wp-json\/wp\/v2\/pages\/6219\/revisions\/14643"}],"up":[{"embeddable":true,"href":"https:\/\/lottohoy.com\/es\/wp-json\/wp\/v2\/pages\/184"}],"wp:attachment":[{"href":"https:\/\/lottohoy.com\/es\/wp-json\/wp\/v2\/media?parent=6219"}],"curies":[{"name":"wp","href":"https:\/\/api.w.org\/{rel}","templated":true}]}}