{"id":6211,"date":"2020-08-10T22:53:11","date_gmt":"2020-08-10T21:53:11","guid":{"rendered":"https:\/\/www.lottohoy.com\/?page_id=6211"},"modified":"2025-03-25T14:50:23","modified_gmt":"2025-03-25T14:50:23","slug":"lotto-6aus49","status":"publish","type":"page","link":"https:\/\/lottohoy.com\/es\/informacion\/lotto-6aus49\/","title":{"rendered":"Lotto 6aus49 Informaci\u00f3n"},"content":{"rendered":"<h2><strong>La loter\u00eda alemana, tambi\u00e9n conocida como Lotto 6aus49,<\/strong><\/h2>\n<p>Es una de las loter\u00edas europeas m\u00e1s antiguos, su primer sorteo data del 9 de octubre de 1955. Esta loter\u00eda, esta actualmente operada por Deutscher Lotto- und Totoblock, un grupo de 16 operadores de loter\u00eda en Alemania.<\/p>\n<p>Cada una de estas loter\u00edas se turnan para dirigir el grupo, y cada tres a\u00f1os se encarga de dirigir el grupo uno de ellos.<\/p>\n<p>Los sorteos de la loter\u00eda alemana, inicialmente se llevaban a cabo una vez a la semana todos los s\u00e1bados, pero en 1982 se agreg\u00f3 un nuevo sorteo semanal, todos de mi\u00e9rcoles.<\/p>\n<p>Originalmente la matriz del juego era 7\/38, es decir seleccionar 7 n\u00famero de 38 que compon\u00edan el tablero. En junio de 1986, se paso a 6\/40 que es la actual, y en mayo de 2013, fue cuando se agreg\u00f3 el Superzahl, lo que mejor\u00f3 sensiblemente las probabilidades de ganar un premio, pasando de un total de 1 en 54 a 1 en 31.<\/p>\n<h2><strong>Ventajas de jugar Lotto 6aus49 online<\/strong><\/h2>\n<ul>\n<li>Una de las grandes ventajas de jugar a la 6aus49 alemana, es la <strong>comodidad de poder hacerlo a cualquier hora del d\u00eda o la noche, 24\/7 los 365 d\u00edas del a\u00f1o<\/strong>. Simplemente disponiendo de un dispositivo m\u00f3vil, una Tablet o equipo de escritorio, y desde cualquier lugar del mundo.<\/li>\n<li>Los no residentes en Alemania, a trav\u00e9s de plataformas online como LottoHoy.com tienen la posibilidad real de acceder a esta jugosa loter\u00eda y sus grandes botes.<\/li>\n<li>Se compra directamente el boleto al establecimiento autorizado y de esa forma la participaci\u00f3n es real.<\/li>\n<li>Se Ingresan de manera instant\u00e1nea los premios conseguidos, hasta 2500 \u20ac, tras la publicaci\u00f3n de los resultados oficiales<\/li>\n<li>Se dispone tambi\u00e9n de un banco de informaci\u00f3n de todas las operaciones realizadas, la custodia de los boletos adquiridos, evitando de esa manera las posibles p\u00e9rdidas u olvidos.<\/li>\n<li>Informaci\u00f3n puntual de todos los botes a medida que se vayan acumulando para que no se pierda la ocasi\u00f3n de participar en ellos.<\/li>\n<li>Una amplia variedad de m\u00e9todos de pago, ingresos y retiros.<\/li>\n<\/ul>\n<h2><strong>Probabilidad de ganar un premio en Lotto 6aus49<\/strong><\/h2>\n<p>Consulta en el cuadro siguiente, la cantidad promedio de dinero que se puede ganar en cada una de las categor\u00edas, adem\u00e1s de la probabilidad estad\u00edstica de que conseguir ganar el bote o alguno de los otros premios de las restantes 8 categor\u00edas.<\/p>\n<p><!--more--><\/p>\n","protected":false},"excerpt":{"rendered":"<p>La loter\u00eda alemana, tambi\u00e9n conocida como Lotto 6aus49, Es una de las loter\u00edas europeas m\u00e1s antiguos, su primer sorteo data del 9 de octubre de 1955. Esta loter\u00eda, esta actualmente operada por Deutscher Lotto- und Totoblock, un grupo de 16 operadores de loter\u00eda en Alemania. Cada una de estas loter\u00edas se turnan para dirigir el [&hellip;]<\/p>\n","protected":false},"author":2,"featured_media":0,"parent":166,"menu_order":13,"comment_status":"closed","ping_status":"closed","template":"lotto-german-info.php","meta":{"_et_pb_use_builder":"","_et_pb_old_content":"","_et_gb_content_width":"","exclude_from_search":false,"footnotes":""},"class_list":["post-6211","page","type-page","status-publish","hentry"],"yoast_head":"<!-- This site is optimized with the Yoast SEO plugin v23.7 - https:\/\/yoast.com\/wordpress\/plugins\/seo\/ -->\n<title>Toda la informaci\u00f3n de lotto 6aus49 \u2013 LottoHoy.com<\/title>\n<meta name=\"description\" content=\"Tendr\u00e1s en tu mano la informaci\u00f3n de lotto 6aus49, para tus apuestas de loter\u00eda sean estudiadas en todo momento\" \/>\n<meta name=\"robots\" content=\"index, follow, max-snippet:-1, max-image-preview:large, max-video-preview:-1\" \/>\n<link rel=\"canonical\" href=\"https:\/\/lottohoy.com\/es\/informacion\/lotto-6aus49\/\" \/>\n<meta property=\"og:locale\" content=\"es_ES\" \/>\n<meta property=\"og:type\" content=\"article\" \/>\n<meta property=\"og:title\" content=\"Toda la informaci\u00f3n de lotto 6aus49 \u2013 LottoHoy.com\" \/>\n<meta property=\"og:description\" content=\"Tendr\u00e1s en tu mano la informaci\u00f3n de lotto 6aus49, para tus apuestas de loter\u00eda sean estudiadas en todo momento\" \/>\n<meta property=\"og:url\" content=\"https:\/\/lottohoy.com\/es\/informacion\/lotto-6aus49\/\" \/>\n<meta property=\"og:site_name\" content=\"Lottohoy\" \/>\n<meta property=\"article:modified_time\" content=\"2025-03-25T14:50:23+00:00\" \/>\n<meta name=\"twitter:card\" content=\"summary_large_image\" \/>\n<meta name=\"twitter:label1\" content=\"Tiempo de lectura\" \/>\n\t<meta name=\"twitter:data1\" content=\"2 minutos\" \/>\n<script type=\"application\/ld+json\" class=\"yoast-schema-graph\">{\"@context\":\"https:\/\/schema.org\",\"@graph\":[{\"@type\":\"WebPage\",\"@id\":\"https:\/\/lottohoy.com\/es\/informacion\/lotto-6aus49\/\",\"url\":\"https:\/\/lottohoy.com\/es\/informacion\/lotto-6aus49\/\",\"name\":\"Toda la informaci\u00f3n de lotto 6aus49 \u2013 LottoHoy.com\",\"isPartOf\":{\"@id\":\"https:\/\/lottohoy.com\/es\/#website\"},\"datePublished\":\"2020-08-10T21:53:11+00:00\",\"dateModified\":\"2025-03-25T14:50:23+00:00\",\"description\":\"Tendr\u00e1s en tu mano la informaci\u00f3n de lotto 6aus49, para tus apuestas de loter\u00eda sean estudiadas en todo momento\",\"breadcrumb\":{\"@id\":\"https:\/\/lottohoy.com\/es\/informacion\/lotto-6aus49\/#breadcrumb\"},\"inLanguage\":\"es\",\"potentialAction\":[{\"@type\":\"ReadAction\",\"target\":[\"https:\/\/lottohoy.com\/es\/informacion\/lotto-6aus49\/\"]}]},{\"@type\":\"BreadcrumbList\",\"@id\":\"https:\/\/lottohoy.com\/es\/informacion\/lotto-6aus49\/#breadcrumb\",\"itemListElement\":[{\"@type\":\"ListItem\",\"position\":1,\"name\":\"Home\",\"item\":\"https:\/\/lottohoy.com\/es\/\"},{\"@type\":\"ListItem\",\"position\":2,\"name\":\"Todo sobre la loter\u00eda online\",\"item\":\"https:\/\/lottohoy.com\/es\/informacion\/\"},{\"@type\":\"ListItem\",\"position\":3,\"name\":\"Lotto 6aus49 Informaci\u00f3n\"}]},{\"@type\":\"WebSite\",\"@id\":\"https:\/\/lottohoy.com\/es\/#website\",\"url\":\"https:\/\/lottohoy.com\/es\/\",\"name\":\"Lottohoy\",\"description\":\"\",\"potentialAction\":[{\"@type\":\"SearchAction\",\"target\":{\"@type\":\"EntryPoint\",\"urlTemplate\":\"https:\/\/lottohoy.com\/es\/?s={search_term_string}\"},\"query-input\":{\"@type\":\"PropertyValueSpecification\",\"valueRequired\":true,\"valueName\":\"search_term_string\"}}],\"inLanguage\":\"es\"}]}<\/script>\n<!-- \/ Yoast SEO plugin. -->","yoast_head_json":{"title":"Toda la informaci\u00f3n de lotto 6aus49 \u2013 LottoHoy.com","description":"Tendr\u00e1s en tu mano la informaci\u00f3n de lotto 6aus49, para tus apuestas de loter\u00eda sean estudiadas en todo momento","robots":{"index":"index","follow":"follow","max-snippet":"max-snippet:-1","max-image-preview":"max-image-preview:large","max-video-preview":"max-video-preview:-1"},"canonical":"https:\/\/lottohoy.com\/es\/informacion\/lotto-6aus49\/","og_locale":"es_ES","og_type":"article","og_title":"Toda la informaci\u00f3n de lotto 6aus49 \u2013 LottoHoy.com","og_description":"Tendr\u00e1s en tu mano la informaci\u00f3n de lotto 6aus49, para tus apuestas de loter\u00eda sean estudiadas en todo momento","og_url":"https:\/\/lottohoy.com\/es\/informacion\/lotto-6aus49\/","og_site_name":"Lottohoy","article_modified_time":"2025-03-25T14:50:23+00:00","twitter_card":"summary_large_image","twitter_misc":{"Tiempo de lectura":"2 minutos"},"schema":{"@context":"https:\/\/schema.org","@graph":[{"@type":"WebPage","@id":"https:\/\/lottohoy.com\/es\/informacion\/lotto-6aus49\/","url":"https:\/\/lottohoy.com\/es\/informacion\/lotto-6aus49\/","name":"Toda la informaci\u00f3n de lotto 6aus49 \u2013 LottoHoy.com","isPartOf":{"@id":"https:\/\/lottohoy.com\/es\/#website"},"datePublished":"2020-08-10T21:53:11+00:00","dateModified":"2025-03-25T14:50:23+00:00","description":"Tendr\u00e1s en tu mano la informaci\u00f3n de lotto 6aus49, para tus apuestas de loter\u00eda sean estudiadas en todo momento","breadcrumb":{"@id":"https:\/\/lottohoy.com\/es\/informacion\/lotto-6aus49\/#breadcrumb"},"inLanguage":"es","potentialAction":[{"@type":"ReadAction","target":["https:\/\/lottohoy.com\/es\/informacion\/lotto-6aus49\/"]}]},{"@type":"BreadcrumbList","@id":"https:\/\/lottohoy.com\/es\/informacion\/lotto-6aus49\/#breadcrumb","itemListElement":[{"@type":"ListItem","position":1,"name":"Home","item":"https:\/\/lottohoy.com\/es\/"},{"@type":"ListItem","position":2,"name":"Todo sobre la loter\u00eda online","item":"https:\/\/lottohoy.com\/es\/informacion\/"},{"@type":"ListItem","position":3,"name":"Lotto 6aus49 Informaci\u00f3n"}]},{"@type":"WebSite","@id":"https:\/\/lottohoy.com\/es\/#website","url":"https:\/\/lottohoy.com\/es\/","name":"Lottohoy","description":"","potentialAction":[{"@type":"SearchAction","target":{"@type":"EntryPoint","urlTemplate":"https:\/\/lottohoy.com\/es\/?s={search_term_string}"},"query-input":{"@type":"PropertyValueSpecification","valueRequired":true,"valueName":"search_term_string"}}],"inLanguage":"es"}]}},"_links":{"self":[{"href":"https:\/\/lottohoy.com\/es\/wp-json\/wp\/v2\/pages\/6211","targetHints":{"allow":["GET"]}}],"collection":[{"href":"https:\/\/lottohoy.com\/es\/wp-json\/wp\/v2\/pages"}],"about":[{"href":"https:\/\/lottohoy.com\/es\/wp-json\/wp\/v2\/types\/page"}],"author":[{"embeddable":true,"href":"https:\/\/lottohoy.com\/es\/wp-json\/wp\/v2\/users\/2"}],"replies":[{"embeddable":true,"href":"https:\/\/lottohoy.com\/es\/wp-json\/wp\/v2\/comments?post=6211"}],"version-history":[{"count":1,"href":"https:\/\/lottohoy.com\/es\/wp-json\/wp\/v2\/pages\/6211\/revisions"}],"predecessor-version":[{"id":10871,"href":"https:\/\/lottohoy.com\/es\/wp-json\/wp\/v2\/pages\/6211\/revisions\/10871"}],"up":[{"embeddable":true,"href":"https:\/\/lottohoy.com\/es\/wp-json\/wp\/v2\/pages\/166"}],"wp:attachment":[{"href":"https:\/\/lottohoy.com\/es\/wp-json\/wp\/v2\/media?parent=6211"}],"curies":[{"name":"wp","href":"https:\/\/api.w.org\/{rel}","templated":true}]}}