{"id":6155,"date":"2020-08-10T21:38:27","date_gmt":"2020-08-10T20:38:27","guid":{"rendered":"https:\/\/www.lottohoy.com\/?page_id=6155"},"modified":"2025-02-11T18:04:42","modified_gmt":"2025-02-11T18:04:42","slug":"lotto-america","status":"publish","type":"page","link":"https:\/\/lottohoy.com\/es\/jugar\/lotto-america\/","title":{"rendered":"Jugar Lotto Am\u00e9rica"},"content":{"rendered":"<h2><strong>\u00bfC\u00f3mo se juega a Lotto Am\u00e9rica online?<\/strong><\/h2>\n<p>La columna de juego est\u00e1 compuesta por 52 casillas numeradas del 1 al 52, para los n\u00fameros principales, y un segundo cuadro con numeraci\u00f3n de 1 al 10 respectivamente, para la bola estrella (Lotto America Star Ball)<\/p>\n<p>El jugador deber\u00e1 seleccionar 5 n\u00fameros de cuadro principal entre el 1 y el 52, y otro entre los enumerados del 1 al 10 para la Star Ball.<\/p>\n<p>Esta selecci\u00f3n puede hacerse de manera manual eligiendo y marcando en la columna los 5+1 n\u00fameros de la combinaci\u00f3n para jugar, o bien seleccionar la casilla de \u201cSelecci\u00f3n r\u00e1pida\u201d que aparece al pasar el cursor sobre la parte superior de la columna, y permitir de esta manera que sea el propio sistema quien elija al azar de manera aleatoria la combinaci\u00f3n para jugar.<\/p>\n<h2><strong>\u00bfQu\u00e9 d\u00edas se juega Lotto Am\u00e9rica?<\/strong><\/h2>\n<p>Los sorteos de Lotto America se llevan a cabo en Tallahassee, Florida, cada mi\u00e9rcoles y s\u00e1bado alrededor de las 23:15h \u00a0\/ 22:15h en horario local, dependiendo del estado.<\/p>\n<p>La venta de boletos online generalmente se cierra 2 hora antes del sorteo por cuestiones administrativas de la plataforma y para seguridad con los agentes colaboradores.<\/p>\n<h2><strong>\u00bfCu\u00e1nto cuestan los boletos de Lotto Am\u00e9rica?<\/strong><\/h2>\n<p>En Lottohoy puedes comprar tus boletos oficiales de Lotto America desde 2 \u20ac, (Este importe puede variar en funci\u00f3n de la cotizaci\u00f3n del d\u00f3lar vs euro)<\/p>\n<h2><strong>Como comprar Lotto Am\u00e9rica online<\/strong><\/h2>\n<p>Comprar boletos y jugar a la loter\u00eda Lotto America es realmente f\u00e1cil y c\u00f3modo a trav\u00e9s de nuestra plataforma online.<\/p>\n<p>En la p\u00e1gina de jugar Lotto America puede realizar las apuestas que se deseen. Se muestra una plantilla de 5 columnas (<em>tambi\u00e9n llamadas l\u00edneas<\/em>), pero que se pueden ampliar tantas veces como se desee simplemente clicando sobre el recuadro \u201c<strong>M\u00e1s l\u00edneas<\/strong>\u201d.<\/p>\n<p>En cada columna se deben marcar 5 casillas entre el 1 y 51, y 1 entre el 1 y el 10 en el recuadro inferior<\/p>\n<p>Esta elecci\u00f3n se puede realizar manualmente marcando sobre cada casilla, o bien permitir que el sistema elija de forma aleatoria una combinaci\u00f3n.<\/p>\n<p>Haciendo click en \u201cContinuar\u201d, se accede a la p\u00e1gina de pagos. El jugador puede confirmar o agregar m\u00e1s billetes a sus apuestas.<\/p>\n<h2><strong>Premios de Lotto Am\u00e9rica<\/strong><\/h2>\n<p>Se parte de un bote m\u00ednimo de 2.000.000 de d\u00f3lares que se va acumulando para sorteos posteriores en el caso de no haber acertantes de primera categor\u00eda.<\/p>\n<p>Hay 9 categor\u00edas de premio<\/p>\n<ul>\n<li>La <strong>primera categor\u00eda,<\/strong> para aquellos acertantes de la combinaci\u00f3n ganadora completa (5 n\u00fameros principales + Star Ball).<\/li>\n<li><strong>Segunda categor\u00eda<\/strong>, para los acertantes de la combinaci\u00f3n 5 n\u00fameros principales<\/li>\n<li><strong>Tercera categor\u00eda<\/strong>, para los acertantes de 4 n\u00fameros principales + Star Ball<\/li>\n<li><strong>Cuarta categor\u00eda<\/strong>, para los acertantes de 4 n\u00fameros principales<\/li>\n<li><strong>Quinta categor\u00eda. <\/strong>Para los acertantes de 3 n\u00fameros principales + Star Ball<\/li>\n<li><strong>Sexta categor\u00eda<\/strong>. Para los acertantes de 3 n\u00fameros,<\/li>\n<li><strong>S\u00e9ptima categor\u00eda<\/strong>. Para loa acertantes de 2 n\u00fameros principales + Star Ball<\/li>\n<li><strong>Octava categor\u00eda. <\/strong>Para los acertantes de 1 n\u00fameros principales + Star Ball<\/li>\n<li><strong>Novena categor\u00eda: <\/strong>Para aquellos acertantes de solo la Star Ball<\/li>\n<\/ul>\n","protected":false},"excerpt":{"rendered":"<p>\u00bfC\u00f3mo se juega a Lotto Am\u00e9rica online? La columna de juego est\u00e1 compuesta por 52 casillas numeradas del 1 al 52, para los n\u00fameros principales, y un segundo cuadro con numeraci\u00f3n de 1 al 10 respectivamente, para la bola estrella (Lotto America Star Ball) El jugador deber\u00e1 seleccionar 5 n\u00fameros de cuadro principal entre el [&hellip;]<\/p>\n","protected":false},"author":2,"featured_media":0,"parent":184,"menu_order":15,"comment_status":"closed","ping_status":"closed","template":"lotto-america.php","meta":{"_et_pb_use_builder":"","_et_pb_old_content":"","_et_gb_content_width":"","exclude_from_search":false,"footnotes":""},"class_list":["post-6155","page","type-page","status-publish","hentry"],"yoast_head":"<!-- This site is optimized with the Yoast SEO plugin v23.7 - https:\/\/yoast.com\/wordpress\/plugins\/seo\/ -->\n<title>Jugar Lotto Am\u00e9rica, una loter\u00eda USA \u2013 LottoHoy.com<\/title>\n<meta name=\"description\" content=\"Entre la amplia variedad de loter\u00edas USA, proponemos jugar a Lotto Am\u00e9rica, y disfrutar de sus 9 categor\u00edas de permios\" \/>\n<meta name=\"robots\" content=\"index, follow, max-snippet:-1, max-image-preview:large, max-video-preview:-1\" \/>\n<link rel=\"canonical\" href=\"https:\/\/lottohoy.com\/es\/jugar\/lotto-america\/\" \/>\n<meta property=\"og:locale\" content=\"es_ES\" \/>\n<meta property=\"og:type\" content=\"article\" \/>\n<meta property=\"og:title\" content=\"Jugar Lotto Am\u00e9rica, una loter\u00eda USA \u2013 LottoHoy.com\" \/>\n<meta property=\"og:description\" content=\"Entre la amplia variedad de loter\u00edas USA, proponemos jugar a Lotto Am\u00e9rica, y disfrutar de sus 9 categor\u00edas de permios\" \/>\n<meta property=\"og:url\" content=\"https:\/\/lottohoy.com\/es\/jugar\/lotto-america\/\" \/>\n<meta property=\"og:site_name\" content=\"Lottohoy\" \/>\n<meta property=\"article:modified_time\" content=\"2025-02-11T18:04:42+00:00\" \/>\n<meta name=\"twitter:card\" content=\"summary_large_image\" \/>\n<meta name=\"twitter:label1\" content=\"Tiempo de lectura\" \/>\n\t<meta name=\"twitter:data1\" content=\"3 minutos\" \/>\n<script type=\"application\/ld+json\" class=\"yoast-schema-graph\">{\"@context\":\"https:\/\/schema.org\",\"@graph\":[{\"@type\":\"WebPage\",\"@id\":\"https:\/\/lottohoy.com\/es\/jugar\/lotto-america\/\",\"url\":\"https:\/\/lottohoy.com\/es\/jugar\/lotto-america\/\",\"name\":\"Jugar Lotto Am\u00e9rica, una loter\u00eda USA \u2013 LottoHoy.com\",\"isPartOf\":{\"@id\":\"https:\/\/lottohoy.com\/es\/#website\"},\"datePublished\":\"2020-08-10T20:38:27+00:00\",\"dateModified\":\"2025-02-11T18:04:42+00:00\",\"description\":\"Entre la amplia variedad de loter\u00edas USA, proponemos jugar a Lotto Am\u00e9rica, y disfrutar de sus 9 categor\u00edas de permios\",\"breadcrumb\":{\"@id\":\"https:\/\/lottohoy.com\/es\/jugar\/lotto-america\/#breadcrumb\"},\"inLanguage\":\"es\",\"potentialAction\":[{\"@type\":\"ReadAction\",\"target\":[\"https:\/\/lottohoy.com\/es\/jugar\/lotto-america\/\"]}]},{\"@type\":\"BreadcrumbList\",\"@id\":\"https:\/\/lottohoy.com\/es\/jugar\/lotto-america\/#breadcrumb\",\"itemListElement\":[{\"@type\":\"ListItem\",\"position\":1,\"name\":\"Home\",\"item\":\"https:\/\/lottohoy.com\/es\/\"},{\"@type\":\"ListItem\",\"position\":2,\"name\":\"Comprar loter\u00eda online\",\"item\":\"https:\/\/lottohoy.com\/es\/jugar\/\"},{\"@type\":\"ListItem\",\"position\":3,\"name\":\"Jugar Lotto Am\u00e9rica\"}]},{\"@type\":\"WebSite\",\"@id\":\"https:\/\/lottohoy.com\/es\/#website\",\"url\":\"https:\/\/lottohoy.com\/es\/\",\"name\":\"Lottohoy\",\"description\":\"\",\"potentialAction\":[{\"@type\":\"SearchAction\",\"target\":{\"@type\":\"EntryPoint\",\"urlTemplate\":\"https:\/\/lottohoy.com\/es\/?s={search_term_string}\"},\"query-input\":{\"@type\":\"PropertyValueSpecification\",\"valueRequired\":true,\"valueName\":\"search_term_string\"}}],\"inLanguage\":\"es\"}]}<\/script>\n<!-- \/ Yoast SEO plugin. -->","yoast_head_json":{"title":"Jugar Lotto Am\u00e9rica, una loter\u00eda USA \u2013 LottoHoy.com","description":"Entre la amplia variedad de loter\u00edas USA, proponemos jugar a Lotto Am\u00e9rica, y disfrutar de sus 9 categor\u00edas de permios","robots":{"index":"index","follow":"follow","max-snippet":"max-snippet:-1","max-image-preview":"max-image-preview:large","max-video-preview":"max-video-preview:-1"},"canonical":"https:\/\/lottohoy.com\/es\/jugar\/lotto-america\/","og_locale":"es_ES","og_type":"article","og_title":"Jugar Lotto Am\u00e9rica, una loter\u00eda USA \u2013 LottoHoy.com","og_description":"Entre la amplia variedad de loter\u00edas USA, proponemos jugar a Lotto Am\u00e9rica, y disfrutar de sus 9 categor\u00edas de permios","og_url":"https:\/\/lottohoy.com\/es\/jugar\/lotto-america\/","og_site_name":"Lottohoy","article_modified_time":"2025-02-11T18:04:42+00:00","twitter_card":"summary_large_image","twitter_misc":{"Tiempo de lectura":"3 minutos"},"schema":{"@context":"https:\/\/schema.org","@graph":[{"@type":"WebPage","@id":"https:\/\/lottohoy.com\/es\/jugar\/lotto-america\/","url":"https:\/\/lottohoy.com\/es\/jugar\/lotto-america\/","name":"Jugar Lotto Am\u00e9rica, una loter\u00eda USA \u2013 LottoHoy.com","isPartOf":{"@id":"https:\/\/lottohoy.com\/es\/#website"},"datePublished":"2020-08-10T20:38:27+00:00","dateModified":"2025-02-11T18:04:42+00:00","description":"Entre la amplia variedad de loter\u00edas USA, proponemos jugar a Lotto Am\u00e9rica, y disfrutar de sus 9 categor\u00edas de permios","breadcrumb":{"@id":"https:\/\/lottohoy.com\/es\/jugar\/lotto-america\/#breadcrumb"},"inLanguage":"es","potentialAction":[{"@type":"ReadAction","target":["https:\/\/lottohoy.com\/es\/jugar\/lotto-america\/"]}]},{"@type":"BreadcrumbList","@id":"https:\/\/lottohoy.com\/es\/jugar\/lotto-america\/#breadcrumb","itemListElement":[{"@type":"ListItem","position":1,"name":"Home","item":"https:\/\/lottohoy.com\/es\/"},{"@type":"ListItem","position":2,"name":"Comprar loter\u00eda online","item":"https:\/\/lottohoy.com\/es\/jugar\/"},{"@type":"ListItem","position":3,"name":"Jugar Lotto Am\u00e9rica"}]},{"@type":"WebSite","@id":"https:\/\/lottohoy.com\/es\/#website","url":"https:\/\/lottohoy.com\/es\/","name":"Lottohoy","description":"","potentialAction":[{"@type":"SearchAction","target":{"@type":"EntryPoint","urlTemplate":"https:\/\/lottohoy.com\/es\/?s={search_term_string}"},"query-input":{"@type":"PropertyValueSpecification","valueRequired":true,"valueName":"search_term_string"}}],"inLanguage":"es"}]}},"_links":{"self":[{"href":"https:\/\/lottohoy.com\/es\/wp-json\/wp\/v2\/pages\/6155","targetHints":{"allow":["GET"]}}],"collection":[{"href":"https:\/\/lottohoy.com\/es\/wp-json\/wp\/v2\/pages"}],"about":[{"href":"https:\/\/lottohoy.com\/es\/wp-json\/wp\/v2\/types\/page"}],"author":[{"embeddable":true,"href":"https:\/\/lottohoy.com\/es\/wp-json\/wp\/v2\/users\/2"}],"replies":[{"embeddable":true,"href":"https:\/\/lottohoy.com\/es\/wp-json\/wp\/v2\/comments?post=6155"}],"version-history":[{"count":3,"href":"https:\/\/lottohoy.com\/es\/wp-json\/wp\/v2\/pages\/6155\/revisions"}],"predecessor-version":[{"id":14656,"href":"https:\/\/lottohoy.com\/es\/wp-json\/wp\/v2\/pages\/6155\/revisions\/14656"}],"up":[{"embeddable":true,"href":"https:\/\/lottohoy.com\/es\/wp-json\/wp\/v2\/pages\/184"}],"wp:attachment":[{"href":"https:\/\/lottohoy.com\/es\/wp-json\/wp\/v2\/media?parent=6155"}],"curies":[{"name":"wp","href":"https:\/\/api.w.org\/{rel}","templated":true}]}}