{"id":6147,"date":"2020-08-10T21:42:04","date_gmt":"2020-08-10T20:42:04","guid":{"rendered":"https:\/\/www.lottohoy.com\/?page_id=6147"},"modified":"2025-03-25T14:58:52","modified_gmt":"2025-03-25T14:58:52","slug":"lotto-america","status":"publish","type":"page","link":"https:\/\/lottohoy.com\/es\/informacion\/lotto-america\/","title":{"rendered":"Informaci\u00f3n Lotto Am\u00e9rica"},"content":{"rendered":"<p>Lotto America es una loter\u00eda multiestatal que nace en 1988 operada por el Multi-State Lottery Association con la participaci\u00f3n de 7 estados inicialmente y se desarrollo durante a\u00f1os hasta 1992 por la aparici\u00f3n de la actual Powerball. En noviembre de 2017 se vuelve a relanzar con su actual sistema. brindando a los participantes la oportunidad de ganar premios en nueve categor\u00edas diferentes.<\/p>\n<h2><strong>Normas de Lotto America<\/strong><\/h2>\n<p>Lotto America, es una loter\u00eda f\u00e1cil de entender y de jugar. En el boleto de la apuesta simple el jugador deber\u00e1 elegir 5 n\u00fameros de entre 52 posibles en el primer cuadrante, y 1 n\u00famero m\u00e1s para la bola star de entre 1l 1 y el 10, del recuadro inferior de la columna.<\/p>\n<p>Adicionalmente con el mismo boleto se puede complementar la jugada principal con la All Star, que por el costo adicional, brinda a los jugadores la posibilidad de ganar el premio (excepto de primera categor\u00eda) multiplicado por 2, 3 o 4 veces. (La funci\u00f3n All Star, no disponible en LottoHoy por el momento).<\/p>\n<p>Para jugar Lotto America es necesario ser mayor de edad legal (en el estado de Iowa, la mayor\u00eda de edad legal es a los 21 a\u00f1os)<\/p>\n<h2><strong>Ventajas de jugar Lotto America online<\/strong><\/h2>\n<p>No hay necesidad de desplazarse hasta cualquiera de los estados USA que forman parte de esta loter\u00eda (Delaware, Idaho, Iowa, Kansas, Maine, Minnesota, Montana, Nuevo Mexico, Dkota del Norte, Dakota del Sur, Oklahoma, Tennessee, Virginia del Oeste, para participar de sus botes millonarios.<\/p>\n<p>A trav\u00e9s de nuestra plataforma se tiene acceso para poder jugar loter\u00edas de todo el mundo, como es el caso de Lotto America. Desde cualquier dispositivo m\u00f3vil, tableta o equipo de escritorio.<\/p>\n<p>Se dispone de informaci\u00f3n constante sobre todos los sorteos, los botes que se acumulan, los premios que se consiguen y muchas cosas m\u00e1s.<\/p>\n<p>Jugar Lotto America a traves de una plataforma online como LottoHoy.com es seguro y fiable en todas las transacciones para realizar dep\u00f3sitos o retiros.<\/p>\n<p>Si ganas un premio, autom\u00e1ticamente el importe de dicho premio, hasta 2500 \u20ac, es ingresado en tu cuenta de usuario de manera inmediata<\/p>\n<h2><strong>\u00bfLos premios del Lotto Am\u00e9rica est\u00e1n sujetos a impuestos?<\/strong><\/h2>\n<p>Si, todos los premios superiores a 600 US$ tienen una retenci\u00f3n de tasa federal equivalente al 28% (los no residentes o jugadores de otros pa\u00edses, 30%).<\/p>\n<h2><strong>\u00bfQu\u00e9 probabilidades hay de ganar el bote de Lotto Am\u00e9rica?<\/strong><\/h2>\n<p><strong>\u00a0<\/strong>Las probabilidades de ganar el premio mayor de Lotto Am\u00e9rica es de 1 entre 25.989.600. Lo que hacen que sea una de las loter\u00edas con una de las probabilidades m\u00e1s altas de premio.<\/p>\n<p><strong>\u00a0<\/strong><\/p>\n<h2><strong>\u00bfQu\u00e9 probabilidades de ganar un premio cualquiera de Lotto Am\u00e9rica?<\/strong><\/h2>\n<p>Las probabilidades de ganar un premio cualquiera de las categor\u00edas en el juego est\u00e1ndar, es de 1 entre 17.<\/p>\n<p><!--more--><\/p>\n","protected":false},"excerpt":{"rendered":"<p>Lotto America es una loter\u00eda multiestatal que nace en 1988 operada por el Multi-State Lottery Association con la participaci\u00f3n de 7 estados inicialmente y se desarrollo durante a\u00f1os hasta 1992 por la aparici\u00f3n de la actual Powerball. En noviembre de 2017 se vuelve a relanzar con su actual sistema. brindando a los participantes la oportunidad [&hellip;]<\/p>\n","protected":false},"author":2,"featured_media":0,"parent":166,"menu_order":15,"comment_status":"closed","ping_status":"closed","template":"lotto-america-info.php","meta":{"_et_pb_use_builder":"","_et_pb_old_content":"","_et_gb_content_width":"","exclude_from_search":false,"footnotes":""},"class_list":["post-6147","page","type-page","status-publish","hentry"],"yoast_head":"<!-- This site is optimized with the Yoast SEO plugin v23.7 - https:\/\/yoast.com\/wordpress\/plugins\/seo\/ -->\n<title>Informaci\u00f3n de Lotto Am\u00e9rica, reglas y normas \u2013 LottoHoy.com<\/title>\n<meta name=\"description\" content=\"Ocho de las nueve categor\u00edas con premios fijo y una primera categor\u00eda con premio especial y Jackpot progresivo, Informaci\u00f3n de Lotto Am\u00e9rica\" \/>\n<meta name=\"robots\" content=\"index, follow, max-snippet:-1, max-image-preview:large, max-video-preview:-1\" \/>\n<link rel=\"canonical\" href=\"https:\/\/lottohoy.com\/es\/informacion\/lotto-america\/\" \/>\n<meta property=\"og:locale\" content=\"es_ES\" \/>\n<meta property=\"og:type\" content=\"article\" \/>\n<meta property=\"og:title\" content=\"Informaci\u00f3n de Lotto Am\u00e9rica, reglas y normas \u2013 LottoHoy.com\" \/>\n<meta property=\"og:description\" content=\"Ocho de las nueve categor\u00edas con premios fijo y una primera categor\u00eda con premio especial y Jackpot progresivo, Informaci\u00f3n de Lotto Am\u00e9rica\" \/>\n<meta property=\"og:url\" content=\"https:\/\/lottohoy.com\/es\/informacion\/lotto-america\/\" \/>\n<meta property=\"og:site_name\" content=\"Lottohoy\" \/>\n<meta property=\"article:modified_time\" content=\"2025-03-25T14:58:52+00:00\" \/>\n<meta name=\"twitter:card\" content=\"summary_large_image\" \/>\n<meta name=\"twitter:label1\" content=\"Tiempo de lectura\" \/>\n\t<meta name=\"twitter:data1\" content=\"2 minutos\" \/>\n<script type=\"application\/ld+json\" class=\"yoast-schema-graph\">{\"@context\":\"https:\/\/schema.org\",\"@graph\":[{\"@type\":\"WebPage\",\"@id\":\"https:\/\/lottohoy.com\/es\/informacion\/lotto-america\/\",\"url\":\"https:\/\/lottohoy.com\/es\/informacion\/lotto-america\/\",\"name\":\"Informaci\u00f3n de Lotto Am\u00e9rica, reglas y normas \u2013 LottoHoy.com\",\"isPartOf\":{\"@id\":\"https:\/\/lottohoy.com\/es\/#website\"},\"datePublished\":\"2020-08-10T20:42:04+00:00\",\"dateModified\":\"2025-03-25T14:58:52+00:00\",\"description\":\"Ocho de las nueve categor\u00edas con premios fijo y una primera categor\u00eda con premio especial y Jackpot progresivo, Informaci\u00f3n de Lotto Am\u00e9rica\",\"breadcrumb\":{\"@id\":\"https:\/\/lottohoy.com\/es\/informacion\/lotto-america\/#breadcrumb\"},\"inLanguage\":\"es\",\"potentialAction\":[{\"@type\":\"ReadAction\",\"target\":[\"https:\/\/lottohoy.com\/es\/informacion\/lotto-america\/\"]}]},{\"@type\":\"BreadcrumbList\",\"@id\":\"https:\/\/lottohoy.com\/es\/informacion\/lotto-america\/#breadcrumb\",\"itemListElement\":[{\"@type\":\"ListItem\",\"position\":1,\"name\":\"Home\",\"item\":\"https:\/\/lottohoy.com\/es\/\"},{\"@type\":\"ListItem\",\"position\":2,\"name\":\"Todo sobre la loter\u00eda online\",\"item\":\"https:\/\/lottohoy.com\/es\/informacion\/\"},{\"@type\":\"ListItem\",\"position\":3,\"name\":\"Informaci\u00f3n Lotto Am\u00e9rica\"}]},{\"@type\":\"WebSite\",\"@id\":\"https:\/\/lottohoy.com\/es\/#website\",\"url\":\"https:\/\/lottohoy.com\/es\/\",\"name\":\"Lottohoy\",\"description\":\"\",\"potentialAction\":[{\"@type\":\"SearchAction\",\"target\":{\"@type\":\"EntryPoint\",\"urlTemplate\":\"https:\/\/lottohoy.com\/es\/?s={search_term_string}\"},\"query-input\":{\"@type\":\"PropertyValueSpecification\",\"valueRequired\":true,\"valueName\":\"search_term_string\"}}],\"inLanguage\":\"es\"}]}<\/script>\n<!-- \/ Yoast SEO plugin. -->","yoast_head_json":{"title":"Informaci\u00f3n de Lotto Am\u00e9rica, reglas y normas \u2013 LottoHoy.com","description":"Ocho de las nueve categor\u00edas con premios fijo y una primera categor\u00eda con premio especial y Jackpot progresivo, Informaci\u00f3n de Lotto Am\u00e9rica","robots":{"index":"index","follow":"follow","max-snippet":"max-snippet:-1","max-image-preview":"max-image-preview:large","max-video-preview":"max-video-preview:-1"},"canonical":"https:\/\/lottohoy.com\/es\/informacion\/lotto-america\/","og_locale":"es_ES","og_type":"article","og_title":"Informaci\u00f3n de Lotto Am\u00e9rica, reglas y normas \u2013 LottoHoy.com","og_description":"Ocho de las nueve categor\u00edas con premios fijo y una primera categor\u00eda con premio especial y Jackpot progresivo, Informaci\u00f3n de Lotto Am\u00e9rica","og_url":"https:\/\/lottohoy.com\/es\/informacion\/lotto-america\/","og_site_name":"Lottohoy","article_modified_time":"2025-03-25T14:58:52+00:00","twitter_card":"summary_large_image","twitter_misc":{"Tiempo de lectura":"2 minutos"},"schema":{"@context":"https:\/\/schema.org","@graph":[{"@type":"WebPage","@id":"https:\/\/lottohoy.com\/es\/informacion\/lotto-america\/","url":"https:\/\/lottohoy.com\/es\/informacion\/lotto-america\/","name":"Informaci\u00f3n de Lotto Am\u00e9rica, reglas y normas \u2013 LottoHoy.com","isPartOf":{"@id":"https:\/\/lottohoy.com\/es\/#website"},"datePublished":"2020-08-10T20:42:04+00:00","dateModified":"2025-03-25T14:58:52+00:00","description":"Ocho de las nueve categor\u00edas con premios fijo y una primera categor\u00eda con premio especial y Jackpot progresivo, Informaci\u00f3n de Lotto Am\u00e9rica","breadcrumb":{"@id":"https:\/\/lottohoy.com\/es\/informacion\/lotto-america\/#breadcrumb"},"inLanguage":"es","potentialAction":[{"@type":"ReadAction","target":["https:\/\/lottohoy.com\/es\/informacion\/lotto-america\/"]}]},{"@type":"BreadcrumbList","@id":"https:\/\/lottohoy.com\/es\/informacion\/lotto-america\/#breadcrumb","itemListElement":[{"@type":"ListItem","position":1,"name":"Home","item":"https:\/\/lottohoy.com\/es\/"},{"@type":"ListItem","position":2,"name":"Todo sobre la loter\u00eda online","item":"https:\/\/lottohoy.com\/es\/informacion\/"},{"@type":"ListItem","position":3,"name":"Informaci\u00f3n Lotto Am\u00e9rica"}]},{"@type":"WebSite","@id":"https:\/\/lottohoy.com\/es\/#website","url":"https:\/\/lottohoy.com\/es\/","name":"Lottohoy","description":"","potentialAction":[{"@type":"SearchAction","target":{"@type":"EntryPoint","urlTemplate":"https:\/\/lottohoy.com\/es\/?s={search_term_string}"},"query-input":{"@type":"PropertyValueSpecification","valueRequired":true,"valueName":"search_term_string"}}],"inLanguage":"es"}]}},"_links":{"self":[{"href":"https:\/\/lottohoy.com\/es\/wp-json\/wp\/v2\/pages\/6147","targetHints":{"allow":["GET"]}}],"collection":[{"href":"https:\/\/lottohoy.com\/es\/wp-json\/wp\/v2\/pages"}],"about":[{"href":"https:\/\/lottohoy.com\/es\/wp-json\/wp\/v2\/types\/page"}],"author":[{"embeddable":true,"href":"https:\/\/lottohoy.com\/es\/wp-json\/wp\/v2\/users\/2"}],"replies":[{"embeddable":true,"href":"https:\/\/lottohoy.com\/es\/wp-json\/wp\/v2\/comments?post=6147"}],"version-history":[{"count":1,"href":"https:\/\/lottohoy.com\/es\/wp-json\/wp\/v2\/pages\/6147\/revisions"}],"predecessor-version":[{"id":10865,"href":"https:\/\/lottohoy.com\/es\/wp-json\/wp\/v2\/pages\/6147\/revisions\/10865"}],"up":[{"embeddable":true,"href":"https:\/\/lottohoy.com\/es\/wp-json\/wp\/v2\/pages\/166"}],"wp:attachment":[{"href":"https:\/\/lottohoy.com\/es\/wp-json\/wp\/v2\/media?parent=6147"}],"curies":[{"name":"wp","href":"https:\/\/api.w.org\/{rel}","templated":true}]}}