{"id":6139,"date":"2020-08-10T21:40:33","date_gmt":"2020-08-10T20:40:33","guid":{"rendered":"https:\/\/www.lottohoy.com\/?page_id=6139"},"modified":"2025-03-26T05:55:14","modified_gmt":"2025-03-26T05:55:14","slug":"lotto-america","status":"publish","type":"page","link":"https:\/\/lottohoy.com\/es\/resultados\/lotto-america\/","title":{"rendered":"Resultados de Lotto Am\u00e9rica"},"content":{"rendered":"<p><!--more--><\/p>\n<p>En esta p\u00e1gina se muestran un desglose detallado de los resultados de los sorteos de <strong>Lotto Am\u00e9rica<\/strong> as\u00ed como el bote estimado (<em>a la espera del escrutinio final)<\/em>\u00a0para el sorteo celebrado y otros datos de inter\u00e9s.<\/p>\n<h2><strong>\u00daltimos resultados de Lotto Am\u00e9rica<\/strong><\/h2>\n<p>En esta pantalla se puede ver un cuadro que muestra los resultados del \u00faltimo sorteo celebrado y la distribuci\u00f3n de premios para cada una de las categor\u00edas de premio, el n\u00famero estimado de ganadores por categor\u00eda y el importe a repartir entre ellos.<\/p>\n<h2><strong>Todos los resultados de Lotto Am\u00e9rica<\/strong><\/h2>\n<p>Adem\u00e1s de los resultados mostrados en el recuadro para este \u00faltimo sorteo, tambi\u00e9n en esta p\u00e1gina se puede acceder para poder ver los resultados de todos los sorteos anteriores celebrados durante los 2 \u00faltimos a\u00f1os.<\/p>\n<p>Puedes seleccionar la fecha concreta de la cual quieres comprobar el resultado y los premios repartidos en cada nivel de premios.<\/p>\n","protected":false},"excerpt":{"rendered":"","protected":false},"author":2,"featured_media":0,"parent":174,"menu_order":15,"comment_status":"closed","ping_status":"closed","template":"lotto-america-results.php","meta":{"_et_pb_use_builder":"","_et_pb_old_content":"","_et_gb_content_width":"","exclude_from_search":false,"footnotes":""},"class_list":["post-6139","page","type-page","status-publish","hentry"],"yoast_head":"<!-- This site is optimized with the Yoast SEO plugin v23.7 - https:\/\/yoast.com\/wordpress\/plugins\/seo\/ -->\n<title>Lotto Am\u00e9rica, resultados de los sorteos \u2013 LottoHoy.com<\/title>\n<meta name=\"description\" content=\"Comprobar los resultados de Lotto Am\u00e9rica, el desglose de las ocho categor\u00edas de premios fijos y el premio de primera categor\u00eda o jackpot\" \/>\n<meta name=\"robots\" content=\"index, follow, max-snippet:-1, max-image-preview:large, max-video-preview:-1\" \/>\n<link rel=\"canonical\" href=\"https:\/\/lottohoy.com\/es\/resultados\/lotto-america\/\" \/>\n<meta property=\"og:locale\" content=\"es_ES\" \/>\n<meta property=\"og:type\" content=\"article\" \/>\n<meta property=\"og:title\" content=\"Lotto Am\u00e9rica, resultados de los sorteos \u2013 LottoHoy.com\" \/>\n<meta property=\"og:description\" content=\"Comprobar los resultados de Lotto Am\u00e9rica, el desglose de las ocho categor\u00edas de premios fijos y el premio de primera categor\u00eda o jackpot\" \/>\n<meta property=\"og:url\" content=\"https:\/\/lottohoy.com\/es\/resultados\/lotto-america\/\" \/>\n<meta property=\"og:site_name\" content=\"Lottohoy\" \/>\n<meta property=\"article:modified_time\" content=\"2025-03-26T05:55:14+00:00\" \/>\n<meta name=\"twitter:card\" content=\"summary_large_image\" \/>\n<meta name=\"twitter:label1\" content=\"Tiempo de lectura\" \/>\n\t<meta name=\"twitter:data1\" content=\"1 minuto\" \/>\n<script type=\"application\/ld+json\" class=\"yoast-schema-graph\">{\"@context\":\"https:\/\/schema.org\",\"@graph\":[{\"@type\":\"WebPage\",\"@id\":\"https:\/\/lottohoy.com\/es\/resultados\/lotto-america\/\",\"url\":\"https:\/\/lottohoy.com\/es\/resultados\/lotto-america\/\",\"name\":\"Lotto Am\u00e9rica, resultados de los sorteos \u2013 LottoHoy.com\",\"isPartOf\":{\"@id\":\"https:\/\/lottohoy.com\/es\/#website\"},\"datePublished\":\"2020-08-10T20:40:33+00:00\",\"dateModified\":\"2025-03-26T05:55:14+00:00\",\"description\":\"Comprobar los resultados de Lotto Am\u00e9rica, el desglose de las ocho categor\u00edas de premios fijos y el premio de primera categor\u00eda o jackpot\",\"breadcrumb\":{\"@id\":\"https:\/\/lottohoy.com\/es\/resultados\/lotto-america\/#breadcrumb\"},\"inLanguage\":\"es\",\"potentialAction\":[{\"@type\":\"ReadAction\",\"target\":[\"https:\/\/lottohoy.com\/es\/resultados\/lotto-america\/\"]}]},{\"@type\":\"BreadcrumbList\",\"@id\":\"https:\/\/lottohoy.com\/es\/resultados\/lotto-america\/#breadcrumb\",\"itemListElement\":[{\"@type\":\"ListItem\",\"position\":1,\"name\":\"Home\",\"item\":\"https:\/\/lottohoy.com\/es\/\"},{\"@type\":\"ListItem\",\"position\":2,\"name\":\"Resultados de loter\u00eda\",\"item\":\"https:\/\/lottohoy.com\/es\/resultados\/\"},{\"@type\":\"ListItem\",\"position\":3,\"name\":\"Resultados de Lotto Am\u00e9rica\"}]},{\"@type\":\"WebSite\",\"@id\":\"https:\/\/lottohoy.com\/es\/#website\",\"url\":\"https:\/\/lottohoy.com\/es\/\",\"name\":\"Lottohoy\",\"description\":\"\",\"potentialAction\":[{\"@type\":\"SearchAction\",\"target\":{\"@type\":\"EntryPoint\",\"urlTemplate\":\"https:\/\/lottohoy.com\/es\/?s={search_term_string}\"},\"query-input\":{\"@type\":\"PropertyValueSpecification\",\"valueRequired\":true,\"valueName\":\"search_term_string\"}}],\"inLanguage\":\"es\"}]}<\/script>\n<!-- \/ Yoast SEO plugin. -->","yoast_head_json":{"title":"Lotto Am\u00e9rica, resultados de los sorteos \u2013 LottoHoy.com","description":"Comprobar los resultados de Lotto Am\u00e9rica, el desglose de las ocho categor\u00edas de premios fijos y el premio de primera categor\u00eda o jackpot","robots":{"index":"index","follow":"follow","max-snippet":"max-snippet:-1","max-image-preview":"max-image-preview:large","max-video-preview":"max-video-preview:-1"},"canonical":"https:\/\/lottohoy.com\/es\/resultados\/lotto-america\/","og_locale":"es_ES","og_type":"article","og_title":"Lotto Am\u00e9rica, resultados de los sorteos \u2013 LottoHoy.com","og_description":"Comprobar los resultados de Lotto Am\u00e9rica, el desglose de las ocho categor\u00edas de premios fijos y el premio de primera categor\u00eda o jackpot","og_url":"https:\/\/lottohoy.com\/es\/resultados\/lotto-america\/","og_site_name":"Lottohoy","article_modified_time":"2025-03-26T05:55:14+00:00","twitter_card":"summary_large_image","twitter_misc":{"Tiempo de lectura":"1 minuto"},"schema":{"@context":"https:\/\/schema.org","@graph":[{"@type":"WebPage","@id":"https:\/\/lottohoy.com\/es\/resultados\/lotto-america\/","url":"https:\/\/lottohoy.com\/es\/resultados\/lotto-america\/","name":"Lotto Am\u00e9rica, resultados de los sorteos \u2013 LottoHoy.com","isPartOf":{"@id":"https:\/\/lottohoy.com\/es\/#website"},"datePublished":"2020-08-10T20:40:33+00:00","dateModified":"2025-03-26T05:55:14+00:00","description":"Comprobar los resultados de Lotto Am\u00e9rica, el desglose de las ocho categor\u00edas de premios fijos y el premio de primera categor\u00eda o jackpot","breadcrumb":{"@id":"https:\/\/lottohoy.com\/es\/resultados\/lotto-america\/#breadcrumb"},"inLanguage":"es","potentialAction":[{"@type":"ReadAction","target":["https:\/\/lottohoy.com\/es\/resultados\/lotto-america\/"]}]},{"@type":"BreadcrumbList","@id":"https:\/\/lottohoy.com\/es\/resultados\/lotto-america\/#breadcrumb","itemListElement":[{"@type":"ListItem","position":1,"name":"Home","item":"https:\/\/lottohoy.com\/es\/"},{"@type":"ListItem","position":2,"name":"Resultados de loter\u00eda","item":"https:\/\/lottohoy.com\/es\/resultados\/"},{"@type":"ListItem","position":3,"name":"Resultados de Lotto Am\u00e9rica"}]},{"@type":"WebSite","@id":"https:\/\/lottohoy.com\/es\/#website","url":"https:\/\/lottohoy.com\/es\/","name":"Lottohoy","description":"","potentialAction":[{"@type":"SearchAction","target":{"@type":"EntryPoint","urlTemplate":"https:\/\/lottohoy.com\/es\/?s={search_term_string}"},"query-input":{"@type":"PropertyValueSpecification","valueRequired":true,"valueName":"search_term_string"}}],"inLanguage":"es"}]}},"_links":{"self":[{"href":"https:\/\/lottohoy.com\/es\/wp-json\/wp\/v2\/pages\/6139","targetHints":{"allow":["GET"]}}],"collection":[{"href":"https:\/\/lottohoy.com\/es\/wp-json\/wp\/v2\/pages"}],"about":[{"href":"https:\/\/lottohoy.com\/es\/wp-json\/wp\/v2\/types\/page"}],"author":[{"embeddable":true,"href":"https:\/\/lottohoy.com\/es\/wp-json\/wp\/v2\/users\/2"}],"replies":[{"embeddable":true,"href":"https:\/\/lottohoy.com\/es\/wp-json\/wp\/v2\/comments?post=6139"}],"version-history":[{"count":1,"href":"https:\/\/lottohoy.com\/es\/wp-json\/wp\/v2\/pages\/6139\/revisions"}],"predecessor-version":[{"id":10864,"href":"https:\/\/lottohoy.com\/es\/wp-json\/wp\/v2\/pages\/6139\/revisions\/10864"}],"up":[{"embeddable":true,"href":"https:\/\/lottohoy.com\/es\/wp-json\/wp\/v2\/pages\/174"}],"wp:attachment":[{"href":"https:\/\/lottohoy.com\/es\/wp-json\/wp\/v2\/media?parent=6139"}],"curies":[{"name":"wp","href":"https:\/\/api.w.org\/{rel}","templated":true}]}}