{"id":6125,"date":"2020-08-10T17:39:45","date_gmt":"2020-08-10T16:39:45","guid":{"rendered":"https:\/\/www.lottohoy.com\/?page_id=6125"},"modified":"2025-03-26T06:31:23","modified_gmt":"2025-03-26T06:31:23","slug":"thunderball","status":"publish","type":"page","link":"https:\/\/lottohoy.com\/es\/jugar\/thunderball\/","title":{"rendered":"Jugar a Thunderball"},"content":{"rendered":"<h2><strong>Jugar a la Thunderball online<\/strong><\/h2>\n<p>Thunderball es una loter\u00eda at\u00edpica con un premio fijo de 500.000 \u00a3 para cada uno de los ganadores de primera categor\u00eda, que gestiona The National Lottery a trav\u00e9s de Camelot. Para jugar online a la loter\u00eda Thunderball se puede utilizar una plataforma de loter\u00eda online como la nuestra, que aporta toda la comodidad desde su hogar y la fiabilidad de los datos y transacciones encriptadas para mayor seguridad. Como en la inmensa mayor\u00eda de loter\u00edas se requiere que la persona que juegue sea mayor de edad legal, para poder reclamar los premios, si ese fuera el caso. Una vez que se accede a la p\u00e1gina de juego de Thunderball a trav\u00e9s de nuestra plataforma, aparece una plantilla con diversas columnas donde realizar sus apuestas, tambi\u00e9n las llamamos l\u00edneas de juego. Cada columna o l\u00ednea corresponder\u00e1 a una apuesta. Estas columnas iniciales, se pueden ampliar clicando sobre el recuadro M\u00c1S LINEAS, y aparecen otras columnas m\u00e1s, donde poder realizar m\u00e1s apuestas en la misma jugada. Esto se puede repetir en tantas ocasiones como la cantidad de columnas o l\u00edneas se desee apostar. Para realizar la apuesta en una columna, se deber\u00e1n <strong>marcar 5 casillas de las 39 que figuran en el primer cuadro m\u00e1s un n\u00famero de los c\u00edrculos numerados entre el 1 y el 14<\/strong> La apuesta se puede realizar de dos maneras, manualmente, es decir marcando directamente la casilla de cada n\u00famero que quiera que formen parte de su combinaci\u00f3n de apuesta. O bien, si lo desea, puede permitir que sea el propio sistema quien elija la combinaci\u00f3n de apuesta de manera aleatoria, pasando el cursor por la parte superior de la columna en la que aparecer\u00e1 un recuadro que dice \u201cselecci\u00f3n r\u00e1pida\u201d y clicar sobre el recuadro En caso de que la apuesta resulte premiada, el importe del premio se ingresa de manera autom\u00e1ticamente en la cuenta de usuario.<\/p>\n<h2><strong>\u00bfCu\u00e1ndo se sortea Thunderball?<\/strong><\/h2>\n<p>Originalmente solo hab\u00eda un sorteo los s\u00e1bados, en la actualidad, Thunderball se sortea todos los martes, mi\u00e9rcoles, viernes y s\u00e1bados a las 20:00 h. GMT La admisi\u00f3n de boletos online a trav\u00e9s de nuestra plataforma, se cierra aproximadamente 2 horas antes del horario oficial del sorteo y se reabre de nuevo al acabar el sorteo, para validar boletos del siguiente sorteo.<\/p>\n<h2><strong>\u00bfQu\u00e9 ventajas tiene comprar Thunderball online<\/strong><\/h2>\n<p>Comprar Thunderball online, a trav\u00e9s de nuestra plataforma,\u00a0 permite a jugadores de todo el mundo, comprar sus boletos, independientemente del pa\u00eds en que residan y desde cualquier situaci\u00f3n, con una simple conexi\u00f3n a internet y a trav\u00e9s de cualquier dispositivo, tableta, m\u00f3vil o PC Entre otras muchas, estas son algunas de las principales ventajas de jugar a trav\u00e9s de LottoHoy:<\/p>\n<ul>\n<li><strong>Seguridad<\/strong> en \u00a0todas las transacciones econ\u00f3micas y de datos<\/li>\n<li><strong>Acceso 24\/7 todos los d\u00edas del a\u00f1o<\/strong> para sus compras y apuestas.<\/li>\n<li>Comprar tus boletos desde cualquier punto de la geograf\u00eda mundial, <strong>sin colas y sin desplazamientos y a cualquier hora del d\u00eda o la noche<\/strong><\/li>\n<li>Con la compra online, se <strong>evitan extrav\u00edos o p\u00e9rdidas<\/strong>, el boleto siempre permanece a buen recaudo reflejado en la cuenta de usuario, y el boleto oficial en la c\u00e1mara de seguridad.<\/li>\n<li><strong>Los premios ganados son ingresados de manera inmediata<\/strong> en la cuenta de usuario, y disponibles desde el primer momento. Tras la celebraci\u00f3n del sorteo y una vez publicados los\u00a0resultados oficiales, los importes de premio ganado, son ingresados en la cuenta de usuario.<\/li>\n<li>Estar <strong>informado de los botes acumulados y de sorteos extraordinarios<\/strong>.<\/li>\n<\/ul>\n","protected":false},"excerpt":{"rendered":"<p>Jugar a la Thunderball online Thunderball es una loter\u00eda at\u00edpica con un premio fijo de 500.000 \u00a3 para cada uno de los ganadores de primera categor\u00eda, que gestiona The National Lottery a trav\u00e9s de Camelot. Para jugar online a la loter\u00eda Thunderball se puede utilizar una plataforma de loter\u00eda online como la nuestra, que aporta [&hellip;]<\/p>\n","protected":false},"author":2,"featured_media":0,"parent":184,"menu_order":10,"comment_status":"closed","ping_status":"closed","template":"thunderball.php","meta":{"_et_pb_use_builder":"","_et_pb_old_content":"","_et_gb_content_width":"","exclude_from_search":false,"footnotes":""},"class_list":["post-6125","page","type-page","status-publish","hentry"],"yoast_head":"<!-- This site is optimized with the Yoast SEO plugin v23.7 - https:\/\/yoast.com\/wordpress\/plugins\/seo\/ -->\n<title>Apostar online a la loter\u00eda Thunderball \u2013 Lottohoy.com<\/title>\n<meta name=\"description\" content=\"Jugar esta loter\u00eda de manera online facilita a mucho jugadores la posibilidad de acceder a sus premios fijos en todas las categor\u00edas\" \/>\n<meta name=\"robots\" content=\"index, follow, max-snippet:-1, max-image-preview:large, max-video-preview:-1\" \/>\n<link rel=\"canonical\" href=\"https:\/\/lottohoy.com\/es\/jugar\/thunderball\/\" \/>\n<meta property=\"og:locale\" content=\"es_ES\" \/>\n<meta property=\"og:type\" content=\"article\" \/>\n<meta property=\"og:title\" content=\"Apostar online a la loter\u00eda Thunderball \u2013 Lottohoy.com\" \/>\n<meta property=\"og:description\" content=\"Jugar esta loter\u00eda de manera online facilita a mucho jugadores la posibilidad de acceder a sus premios fijos en todas las categor\u00edas\" \/>\n<meta property=\"og:url\" content=\"https:\/\/lottohoy.com\/es\/jugar\/thunderball\/\" \/>\n<meta property=\"og:site_name\" content=\"Lottohoy\" \/>\n<meta property=\"article:modified_time\" content=\"2025-03-26T06:31:23+00:00\" \/>\n<meta name=\"twitter:card\" content=\"summary_large_image\" \/>\n<meta name=\"twitter:label1\" content=\"Tiempo de lectura\" \/>\n\t<meta name=\"twitter:data1\" content=\"3 minutos\" \/>\n<script type=\"application\/ld+json\" class=\"yoast-schema-graph\">{\"@context\":\"https:\/\/schema.org\",\"@graph\":[{\"@type\":\"WebPage\",\"@id\":\"https:\/\/lottohoy.com\/es\/jugar\/thunderball\/\",\"url\":\"https:\/\/lottohoy.com\/es\/jugar\/thunderball\/\",\"name\":\"Apostar online a la loter\u00eda Thunderball \u2013 Lottohoy.com\",\"isPartOf\":{\"@id\":\"https:\/\/lottohoy.com\/es\/#website\"},\"datePublished\":\"2020-08-10T16:39:45+00:00\",\"dateModified\":\"2025-03-26T06:31:23+00:00\",\"description\":\"Jugar esta loter\u00eda de manera online facilita a mucho jugadores la posibilidad de acceder a sus premios fijos en todas las categor\u00edas\",\"breadcrumb\":{\"@id\":\"https:\/\/lottohoy.com\/es\/jugar\/thunderball\/#breadcrumb\"},\"inLanguage\":\"es\",\"potentialAction\":[{\"@type\":\"ReadAction\",\"target\":[\"https:\/\/lottohoy.com\/es\/jugar\/thunderball\/\"]}]},{\"@type\":\"BreadcrumbList\",\"@id\":\"https:\/\/lottohoy.com\/es\/jugar\/thunderball\/#breadcrumb\",\"itemListElement\":[{\"@type\":\"ListItem\",\"position\":1,\"name\":\"Home\",\"item\":\"https:\/\/lottohoy.com\/es\/\"},{\"@type\":\"ListItem\",\"position\":2,\"name\":\"Comprar loter\u00eda online\",\"item\":\"https:\/\/lottohoy.com\/es\/jugar\/\"},{\"@type\":\"ListItem\",\"position\":3,\"name\":\"Jugar a Thunderball\"}]},{\"@type\":\"WebSite\",\"@id\":\"https:\/\/lottohoy.com\/es\/#website\",\"url\":\"https:\/\/lottohoy.com\/es\/\",\"name\":\"Lottohoy\",\"description\":\"\",\"potentialAction\":[{\"@type\":\"SearchAction\",\"target\":{\"@type\":\"EntryPoint\",\"urlTemplate\":\"https:\/\/lottohoy.com\/es\/?s={search_term_string}\"},\"query-input\":{\"@type\":\"PropertyValueSpecification\",\"valueRequired\":true,\"valueName\":\"search_term_string\"}}],\"inLanguage\":\"es\"}]}<\/script>\n<!-- \/ Yoast SEO plugin. -->","yoast_head_json":{"title":"Apostar online a la loter\u00eda Thunderball \u2013 Lottohoy.com","description":"Jugar esta loter\u00eda de manera online facilita a mucho jugadores la posibilidad de acceder a sus premios fijos en todas las categor\u00edas","robots":{"index":"index","follow":"follow","max-snippet":"max-snippet:-1","max-image-preview":"max-image-preview:large","max-video-preview":"max-video-preview:-1"},"canonical":"https:\/\/lottohoy.com\/es\/jugar\/thunderball\/","og_locale":"es_ES","og_type":"article","og_title":"Apostar online a la loter\u00eda Thunderball \u2013 Lottohoy.com","og_description":"Jugar esta loter\u00eda de manera online facilita a mucho jugadores la posibilidad de acceder a sus premios fijos en todas las categor\u00edas","og_url":"https:\/\/lottohoy.com\/es\/jugar\/thunderball\/","og_site_name":"Lottohoy","article_modified_time":"2025-03-26T06:31:23+00:00","twitter_card":"summary_large_image","twitter_misc":{"Tiempo de lectura":"3 minutos"},"schema":{"@context":"https:\/\/schema.org","@graph":[{"@type":"WebPage","@id":"https:\/\/lottohoy.com\/es\/jugar\/thunderball\/","url":"https:\/\/lottohoy.com\/es\/jugar\/thunderball\/","name":"Apostar online a la loter\u00eda Thunderball \u2013 Lottohoy.com","isPartOf":{"@id":"https:\/\/lottohoy.com\/es\/#website"},"datePublished":"2020-08-10T16:39:45+00:00","dateModified":"2025-03-26T06:31:23+00:00","description":"Jugar esta loter\u00eda de manera online facilita a mucho jugadores la posibilidad de acceder a sus premios fijos en todas las categor\u00edas","breadcrumb":{"@id":"https:\/\/lottohoy.com\/es\/jugar\/thunderball\/#breadcrumb"},"inLanguage":"es","potentialAction":[{"@type":"ReadAction","target":["https:\/\/lottohoy.com\/es\/jugar\/thunderball\/"]}]},{"@type":"BreadcrumbList","@id":"https:\/\/lottohoy.com\/es\/jugar\/thunderball\/#breadcrumb","itemListElement":[{"@type":"ListItem","position":1,"name":"Home","item":"https:\/\/lottohoy.com\/es\/"},{"@type":"ListItem","position":2,"name":"Comprar loter\u00eda online","item":"https:\/\/lottohoy.com\/es\/jugar\/"},{"@type":"ListItem","position":3,"name":"Jugar a Thunderball"}]},{"@type":"WebSite","@id":"https:\/\/lottohoy.com\/es\/#website","url":"https:\/\/lottohoy.com\/es\/","name":"Lottohoy","description":"","potentialAction":[{"@type":"SearchAction","target":{"@type":"EntryPoint","urlTemplate":"https:\/\/lottohoy.com\/es\/?s={search_term_string}"},"query-input":{"@type":"PropertyValueSpecification","valueRequired":true,"valueName":"search_term_string"}}],"inLanguage":"es"}]}},"_links":{"self":[{"href":"https:\/\/lottohoy.com\/es\/wp-json\/wp\/v2\/pages\/6125","targetHints":{"allow":["GET"]}}],"collection":[{"href":"https:\/\/lottohoy.com\/es\/wp-json\/wp\/v2\/pages"}],"about":[{"href":"https:\/\/lottohoy.com\/es\/wp-json\/wp\/v2\/types\/page"}],"author":[{"embeddable":true,"href":"https:\/\/lottohoy.com\/es\/wp-json\/wp\/v2\/users\/2"}],"replies":[{"embeddable":true,"href":"https:\/\/lottohoy.com\/es\/wp-json\/wp\/v2\/comments?post=6125"}],"version-history":[{"count":4,"href":"https:\/\/lottohoy.com\/es\/wp-json\/wp\/v2\/pages\/6125\/revisions"}],"predecessor-version":[{"id":17048,"href":"https:\/\/lottohoy.com\/es\/wp-json\/wp\/v2\/pages\/6125\/revisions\/17048"}],"up":[{"embeddable":true,"href":"https:\/\/lottohoy.com\/es\/wp-json\/wp\/v2\/pages\/184"}],"wp:attachment":[{"href":"https:\/\/lottohoy.com\/es\/wp-json\/wp\/v2\/media?parent=6125"}],"curies":[{"name":"wp","href":"https:\/\/api.w.org\/{rel}","templated":true}]}}