{"id":6117,"date":"2020-08-10T17:42:35","date_gmt":"2020-08-10T16:42:35","guid":{"rendered":"https:\/\/www.lottohoy.com\/?page_id=6117"},"modified":"2025-03-25T13:20:14","modified_gmt":"2025-03-25T13:20:14","slug":"thunderball","status":"publish","type":"page","link":"https:\/\/lottohoy.com\/es\/informacion\/thunderball\/","title":{"rendered":"Informaci\u00f3n sobre Thunderball"},"content":{"rendered":"<h2><strong>Informaci\u00f3n de la loter\u00eda Thunderball<\/strong><\/h2>\n<p>Actualmente, los sorteos de Thunderball se realizan cuatro veces a la semana: los martes, mi\u00e9rcoles, viernes y los s\u00e1bados). El primer sorteo del Thunderball se realiz\u00f3 en junio de 1999.<\/p>\n<p>Inicialmente solo se realizaba un sorteo semanal los s\u00e1bados, y posteriormente se incluyo el sorteo de los mi\u00e9rcoles.<\/p>\n<p>Hasta mayo de 2010, la combinaci\u00f3n se extra\u00eda de entre los n\u00fameros 1 y 34, el premio para primera categor\u00eda era de 250,000 \u00a3, y no exist\u00eda la novena categor\u00eda de premio como ahora en que se premia el acierto \u00fanico de la bola Thunderball.<\/p>\n<p>Despu\u00e9s de esta fecha, se introdujo tambi\u00e9n el sorteo del viernes, junto a los sorteos del mi\u00e9rcoles y s\u00e1bado, mientras que el sorteo del martes se a\u00f1adi\u00f3 en enero de 2018.<\/p>\n<p>Esos cambios produjeron un aumento en el premio de primera categor\u00eda pasando a las actuales 500.000 \u00a3, mientras que el resto de premios pr\u00e1cticamente se reduc\u00eda a la mitad.<\/p>\n<h2><strong>Ventajas de jugar Thunderball online<\/strong><\/h2>\n<ul>\n<li>Una de las grandes ventajas de jugar a la Thunderball, es la <strong>comodidad de poder hacerlo a cualquier hora del d\u00eda o la noche, 24\/7 los 365 d\u00edas del a\u00f1o<\/strong>. Simplemente disponiendo de un dispositivo m\u00f3vil, una Tablet o equipo de escritorio, y desde cualquier lugar del mundo.<\/li>\n<li>Los no residentes en Reino Unido, a trav\u00e9s de plataformas online como LottoHoy.com tienen la posibilidad real de acceder a esta jugosa loter\u00eda con premios fijos para cada categor\u00eda, independientemente de la recaudaci\u00f3n.<\/li>\n<li>Se compra directamente el boleto al establecimiento autorizado y de esa forma la participaci\u00f3n es real.<\/li>\n<li>Se Ingresan de manera instant\u00e1nea los premios conseguidos, hasta 2500 \u20ac, tras la publicaci\u00f3n de los resultados oficiales<\/li>\n<li>Se dispone tambi\u00e9n de un banco de informaci\u00f3n de todas las operaciones realizadas, la custodia de los boletos adquiridos, evitando de esa manera las posibles p\u00e9rdidas u olvidos.<\/li>\n<li>Informaci\u00f3n puntual de todos los botes a medida que se vayan acumulando para que no se pierda la ocasi\u00f3n de participar en ellos.<\/li>\n<li>Una amplia variedad de m\u00e9todos de pago, ingresos y retiros.<\/li>\n<\/ul>\n<h2><strong>Probabilidad de ganar un premio en Thunderball<\/strong><\/h2>\n<p>Consulta en el cuadro siguiente, la cantidad promedio de dinero que se puede ganar en cada una de las categor\u00edas, adem\u00e1s de la probabilidad estad\u00edstica de que conseguir ganar el bote o alguno de los otros premios de las restantes 8 categor\u00edas.<\/p>\n<p><!--more--><\/p>\n","protected":false},"excerpt":{"rendered":"<p>Informaci\u00f3n de la loter\u00eda Thunderball Actualmente, los sorteos de Thunderball se realizan cuatro veces a la semana: los martes, mi\u00e9rcoles, viernes y los s\u00e1bados). El primer sorteo del Thunderball se realiz\u00f3 en junio de 1999. Inicialmente solo se realizaba un sorteo semanal los s\u00e1bados, y posteriormente se incluyo el sorteo de los mi\u00e9rcoles. Hasta mayo [&hellip;]<\/p>\n","protected":false},"author":2,"featured_media":0,"parent":166,"menu_order":10,"comment_status":"closed","ping_status":"closed","template":"thunderball-info.php","meta":{"_et_pb_use_builder":"","_et_pb_old_content":"","_et_gb_content_width":"","exclude_from_search":false,"footnotes":""},"class_list":["post-6117","page","type-page","status-publish","hentry"],"yoast_head":"<!-- This site is optimized with the Yoast SEO plugin v23.7 - https:\/\/yoast.com\/wordpress\/plugins\/seo\/ -->\n<title>Toda la informaci\u00f3n de la loter\u00eda Thunderball \u2013 LottoHoy.com<\/title>\n<meta name=\"description\" content=\"Premios fijos establecidos para cada una de las categor\u00edas de Thunderball. Una buena opci\u00f3n sabiendo previamente las posibles ganancias.\" \/>\n<meta name=\"robots\" content=\"index, follow, max-snippet:-1, max-image-preview:large, max-video-preview:-1\" \/>\n<link rel=\"canonical\" href=\"https:\/\/lottohoy.com\/es\/informacion\/thunderball\/\" \/>\n<meta property=\"og:locale\" content=\"es_ES\" \/>\n<meta property=\"og:type\" content=\"article\" \/>\n<meta property=\"og:title\" content=\"Toda la informaci\u00f3n de la loter\u00eda Thunderball \u2013 LottoHoy.com\" \/>\n<meta property=\"og:description\" content=\"Premios fijos establecidos para cada una de las categor\u00edas de Thunderball. Una buena opci\u00f3n sabiendo previamente las posibles ganancias.\" \/>\n<meta property=\"og:url\" content=\"https:\/\/lottohoy.com\/es\/informacion\/thunderball\/\" \/>\n<meta property=\"og:site_name\" content=\"Lottohoy\" \/>\n<meta property=\"article:modified_time\" content=\"2025-03-25T13:20:14+00:00\" \/>\n<meta name=\"twitter:card\" content=\"summary_large_image\" \/>\n<meta name=\"twitter:label1\" content=\"Tiempo de lectura\" \/>\n\t<meta name=\"twitter:data1\" content=\"2 minutos\" \/>\n<script type=\"application\/ld+json\" class=\"yoast-schema-graph\">{\"@context\":\"https:\/\/schema.org\",\"@graph\":[{\"@type\":\"WebPage\",\"@id\":\"https:\/\/lottohoy.com\/es\/informacion\/thunderball\/\",\"url\":\"https:\/\/lottohoy.com\/es\/informacion\/thunderball\/\",\"name\":\"Toda la informaci\u00f3n de la loter\u00eda Thunderball \u2013 LottoHoy.com\",\"isPartOf\":{\"@id\":\"https:\/\/lottohoy.com\/es\/#website\"},\"datePublished\":\"2020-08-10T16:42:35+00:00\",\"dateModified\":\"2025-03-25T13:20:14+00:00\",\"description\":\"Premios fijos establecidos para cada una de las categor\u00edas de Thunderball. Una buena opci\u00f3n sabiendo previamente las posibles ganancias.\",\"breadcrumb\":{\"@id\":\"https:\/\/lottohoy.com\/es\/informacion\/thunderball\/#breadcrumb\"},\"inLanguage\":\"es\",\"potentialAction\":[{\"@type\":\"ReadAction\",\"target\":[\"https:\/\/lottohoy.com\/es\/informacion\/thunderball\/\"]}]},{\"@type\":\"BreadcrumbList\",\"@id\":\"https:\/\/lottohoy.com\/es\/informacion\/thunderball\/#breadcrumb\",\"itemListElement\":[{\"@type\":\"ListItem\",\"position\":1,\"name\":\"Home\",\"item\":\"https:\/\/lottohoy.com\/es\/\"},{\"@type\":\"ListItem\",\"position\":2,\"name\":\"Todo sobre la loter\u00eda online\",\"item\":\"https:\/\/lottohoy.com\/es\/informacion\/\"},{\"@type\":\"ListItem\",\"position\":3,\"name\":\"Informaci\u00f3n sobre Thunderball\"}]},{\"@type\":\"WebSite\",\"@id\":\"https:\/\/lottohoy.com\/es\/#website\",\"url\":\"https:\/\/lottohoy.com\/es\/\",\"name\":\"Lottohoy\",\"description\":\"\",\"potentialAction\":[{\"@type\":\"SearchAction\",\"target\":{\"@type\":\"EntryPoint\",\"urlTemplate\":\"https:\/\/lottohoy.com\/es\/?s={search_term_string}\"},\"query-input\":{\"@type\":\"PropertyValueSpecification\",\"valueRequired\":true,\"valueName\":\"search_term_string\"}}],\"inLanguage\":\"es\"}]}<\/script>\n<!-- \/ Yoast SEO plugin. -->","yoast_head_json":{"title":"Toda la informaci\u00f3n de la loter\u00eda Thunderball \u2013 LottoHoy.com","description":"Premios fijos establecidos para cada una de las categor\u00edas de Thunderball. Una buena opci\u00f3n sabiendo previamente las posibles ganancias.","robots":{"index":"index","follow":"follow","max-snippet":"max-snippet:-1","max-image-preview":"max-image-preview:large","max-video-preview":"max-video-preview:-1"},"canonical":"https:\/\/lottohoy.com\/es\/informacion\/thunderball\/","og_locale":"es_ES","og_type":"article","og_title":"Toda la informaci\u00f3n de la loter\u00eda Thunderball \u2013 LottoHoy.com","og_description":"Premios fijos establecidos para cada una de las categor\u00edas de Thunderball. Una buena opci\u00f3n sabiendo previamente las posibles ganancias.","og_url":"https:\/\/lottohoy.com\/es\/informacion\/thunderball\/","og_site_name":"Lottohoy","article_modified_time":"2025-03-25T13:20:14+00:00","twitter_card":"summary_large_image","twitter_misc":{"Tiempo de lectura":"2 minutos"},"schema":{"@context":"https:\/\/schema.org","@graph":[{"@type":"WebPage","@id":"https:\/\/lottohoy.com\/es\/informacion\/thunderball\/","url":"https:\/\/lottohoy.com\/es\/informacion\/thunderball\/","name":"Toda la informaci\u00f3n de la loter\u00eda Thunderball \u2013 LottoHoy.com","isPartOf":{"@id":"https:\/\/lottohoy.com\/es\/#website"},"datePublished":"2020-08-10T16:42:35+00:00","dateModified":"2025-03-25T13:20:14+00:00","description":"Premios fijos establecidos para cada una de las categor\u00edas de Thunderball. Una buena opci\u00f3n sabiendo previamente las posibles ganancias.","breadcrumb":{"@id":"https:\/\/lottohoy.com\/es\/informacion\/thunderball\/#breadcrumb"},"inLanguage":"es","potentialAction":[{"@type":"ReadAction","target":["https:\/\/lottohoy.com\/es\/informacion\/thunderball\/"]}]},{"@type":"BreadcrumbList","@id":"https:\/\/lottohoy.com\/es\/informacion\/thunderball\/#breadcrumb","itemListElement":[{"@type":"ListItem","position":1,"name":"Home","item":"https:\/\/lottohoy.com\/es\/"},{"@type":"ListItem","position":2,"name":"Todo sobre la loter\u00eda online","item":"https:\/\/lottohoy.com\/es\/informacion\/"},{"@type":"ListItem","position":3,"name":"Informaci\u00f3n sobre Thunderball"}]},{"@type":"WebSite","@id":"https:\/\/lottohoy.com\/es\/#website","url":"https:\/\/lottohoy.com\/es\/","name":"Lottohoy","description":"","potentialAction":[{"@type":"SearchAction","target":{"@type":"EntryPoint","urlTemplate":"https:\/\/lottohoy.com\/es\/?s={search_term_string}"},"query-input":{"@type":"PropertyValueSpecification","valueRequired":true,"valueName":"search_term_string"}}],"inLanguage":"es"}]}},"_links":{"self":[{"href":"https:\/\/lottohoy.com\/es\/wp-json\/wp\/v2\/pages\/6117","targetHints":{"allow":["GET"]}}],"collection":[{"href":"https:\/\/lottohoy.com\/es\/wp-json\/wp\/v2\/pages"}],"about":[{"href":"https:\/\/lottohoy.com\/es\/wp-json\/wp\/v2\/types\/page"}],"author":[{"embeddable":true,"href":"https:\/\/lottohoy.com\/es\/wp-json\/wp\/v2\/users\/2"}],"replies":[{"embeddable":true,"href":"https:\/\/lottohoy.com\/es\/wp-json\/wp\/v2\/comments?post=6117"}],"version-history":[{"count":1,"href":"https:\/\/lottohoy.com\/es\/wp-json\/wp\/v2\/pages\/6117\/revisions"}],"predecessor-version":[{"id":10862,"href":"https:\/\/lottohoy.com\/es\/wp-json\/wp\/v2\/pages\/6117\/revisions\/10862"}],"up":[{"embeddable":true,"href":"https:\/\/lottohoy.com\/es\/wp-json\/wp\/v2\/pages\/166"}],"wp:attachment":[{"href":"https:\/\/lottohoy.com\/es\/wp-json\/wp\/v2\/media?parent=6117"}],"curies":[{"name":"wp","href":"https:\/\/api.w.org\/{rel}","templated":true}]}}