{"id":6109,"date":"2020-08-10T17:41:07","date_gmt":"2020-08-10T16:41:07","guid":{"rendered":"https:\/\/www.lottohoy.com\/?page_id=6109"},"modified":"2025-03-18T16:30:46","modified_gmt":"2025-03-18T16:30:46","slug":"thunderball","status":"publish","type":"page","link":"https:\/\/lottohoy.com\/es\/resultados\/thunderball\/","title":{"rendered":"Thunderball Resultados"},"content":{"rendered":"<p><!--more--><\/p>\n<h2><strong>\u00bfComo comprobar los resultados de Thunderball?<\/strong><\/h2>\n<p>Para ver\u00a0la combinaci\u00f3n ganadora de los sorteos de la loter\u00eda Thunderball, bastar\u00e1 con comparar los n\u00fameros de la combinaci\u00f3n que aparece en su boleto, con el resultado que se muestra en esta misma p\u00e1gina. Tambi\u00e9n se puede acceder a la cuenta de usuario, donde estar\u00e1 reflejados todos los movimientos, inclusive los premios obtenidos<\/p>\n<p>En esta misma p\u00e1gina, tambi\u00e9n puedes consultar el acumulado, los ganadores y los premios en cada una de las categor\u00edas y los sorteos anteriores con una antig\u00fcedad de hasta 24 meses.<\/p>\n<h2><strong>\u00bfC\u00f3mo se distribuyen los premios en la Thunderball?<\/strong><\/h2>\n<p>Thunderball es una loter\u00eda que reparte hasta 9 categor\u00edas de premios, de manera que acertando simplemente el n\u00famero Thunderball complementario ya se obtiene premio, con una posibilidad entre 36.<\/p>\n<p>En caso de ser usuario registrado, los premios obtenidos se depositan directamente en la cuenta de usuario, pudiendo disponer de dinero en su balance, para que de nuevo y si se desea, se pueda\u00a0jugar o solicitar un retiro de fondos<\/p>\n<h2><strong>El premio mayor <\/strong><strong>de Thunderball<\/strong><\/h2>\n<p>Se establece un premio fijo de 500.000 \u00a3 para todos y cada uno de los acertantes de primera categor\u00eda.<\/p>\n<p>En caso de no haber acertantes de esa primera categor\u00eda, el premio no se acumula, ya que siempre ser\u00e1 del mimo importe 500.000 \u00a3<\/p>\n<p>Las restantes categor\u00edas tambi\u00e9n tienen establecido un premio fijo para cada uno de los acertantes de dicha categor\u00eda<\/p>\n<p><strong>\u00a0<\/strong><\/p>\n<h2><strong>\u00bfCu\u00e1les son las probabilidades de ganar un premio?<\/strong><\/h2>\n<p>Las probabilidades de ganar el premio mayor son de 1 entre 8.060.598.<\/p>\n<p>Mientras que las probabilidades de ganar un premio cualquiera son de 1 entre 13.<\/p>\n","protected":false},"excerpt":{"rendered":"","protected":false},"author":2,"featured_media":0,"parent":174,"menu_order":10,"comment_status":"closed","ping_status":"closed","template":"thunderball-results.php","meta":{"_et_pb_use_builder":"","_et_pb_old_content":"","_et_gb_content_width":"","exclude_from_search":false,"footnotes":""},"class_list":["post-6109","page","type-page","status-publish","hentry"],"yoast_head":"<!-- This site is optimized with the Yoast SEO plugin v23.7 - https:\/\/yoast.com\/wordpress\/plugins\/seo\/ -->\n<title>Comprobar los resultados del sorteo de Thunderball - LottoHoy<\/title>\n<meta name=\"description\" content=\"Ver los resultados de Thunderball de este \u00faltimo sorteo, y tambi\u00e9n de los anteriores para ver si ha tenido suerte y es ganador de premios\" \/>\n<meta name=\"robots\" content=\"index, follow, max-snippet:-1, max-image-preview:large, max-video-preview:-1\" \/>\n<link rel=\"canonical\" href=\"https:\/\/lottohoy.com\/es\/resultados\/thunderball\/\" \/>\n<meta property=\"og:locale\" content=\"es_ES\" \/>\n<meta property=\"og:type\" content=\"article\" \/>\n<meta property=\"og:title\" content=\"Comprobar los resultados del sorteo de Thunderball - LottoHoy\" \/>\n<meta property=\"og:description\" content=\"Ver los resultados de Thunderball de este \u00faltimo sorteo, y tambi\u00e9n de los anteriores para ver si ha tenido suerte y es ganador de premios\" \/>\n<meta property=\"og:url\" content=\"https:\/\/lottohoy.com\/es\/resultados\/thunderball\/\" \/>\n<meta property=\"og:site_name\" content=\"Lottohoy\" \/>\n<meta property=\"article:modified_time\" content=\"2025-03-18T16:30:46+00:00\" \/>\n<meta name=\"twitter:card\" content=\"summary_large_image\" \/>\n<meta name=\"twitter:label1\" content=\"Tiempo de lectura\" \/>\n\t<meta name=\"twitter:data1\" content=\"2 minutos\" \/>\n<script type=\"application\/ld+json\" class=\"yoast-schema-graph\">{\"@context\":\"https:\/\/schema.org\",\"@graph\":[{\"@type\":\"WebPage\",\"@id\":\"https:\/\/lottohoy.com\/es\/resultados\/thunderball\/\",\"url\":\"https:\/\/lottohoy.com\/es\/resultados\/thunderball\/\",\"name\":\"Comprobar los resultados del sorteo de Thunderball - LottoHoy\",\"isPartOf\":{\"@id\":\"https:\/\/lottohoy.com\/es\/#website\"},\"datePublished\":\"2020-08-10T16:41:07+00:00\",\"dateModified\":\"2025-03-18T16:30:46+00:00\",\"description\":\"Ver los resultados de Thunderball de este \u00faltimo sorteo, y tambi\u00e9n de los anteriores para ver si ha tenido suerte y es ganador de premios\",\"breadcrumb\":{\"@id\":\"https:\/\/lottohoy.com\/es\/resultados\/thunderball\/#breadcrumb\"},\"inLanguage\":\"es\",\"potentialAction\":[{\"@type\":\"ReadAction\",\"target\":[\"https:\/\/lottohoy.com\/es\/resultados\/thunderball\/\"]}]},{\"@type\":\"BreadcrumbList\",\"@id\":\"https:\/\/lottohoy.com\/es\/resultados\/thunderball\/#breadcrumb\",\"itemListElement\":[{\"@type\":\"ListItem\",\"position\":1,\"name\":\"Home\",\"item\":\"https:\/\/lottohoy.com\/es\/\"},{\"@type\":\"ListItem\",\"position\":2,\"name\":\"Resultados de loter\u00eda\",\"item\":\"https:\/\/lottohoy.com\/es\/resultados\/\"},{\"@type\":\"ListItem\",\"position\":3,\"name\":\"Thunderball Resultados\"}]},{\"@type\":\"WebSite\",\"@id\":\"https:\/\/lottohoy.com\/es\/#website\",\"url\":\"https:\/\/lottohoy.com\/es\/\",\"name\":\"Lottohoy\",\"description\":\"\",\"potentialAction\":[{\"@type\":\"SearchAction\",\"target\":{\"@type\":\"EntryPoint\",\"urlTemplate\":\"https:\/\/lottohoy.com\/es\/?s={search_term_string}\"},\"query-input\":{\"@type\":\"PropertyValueSpecification\",\"valueRequired\":true,\"valueName\":\"search_term_string\"}}],\"inLanguage\":\"es\"}]}<\/script>\n<!-- \/ Yoast SEO plugin. -->","yoast_head_json":{"title":"Comprobar los resultados del sorteo de Thunderball - LottoHoy","description":"Ver los resultados de Thunderball de este \u00faltimo sorteo, y tambi\u00e9n de los anteriores para ver si ha tenido suerte y es ganador de premios","robots":{"index":"index","follow":"follow","max-snippet":"max-snippet:-1","max-image-preview":"max-image-preview:large","max-video-preview":"max-video-preview:-1"},"canonical":"https:\/\/lottohoy.com\/es\/resultados\/thunderball\/","og_locale":"es_ES","og_type":"article","og_title":"Comprobar los resultados del sorteo de Thunderball - LottoHoy","og_description":"Ver los resultados de Thunderball de este \u00faltimo sorteo, y tambi\u00e9n de los anteriores para ver si ha tenido suerte y es ganador de premios","og_url":"https:\/\/lottohoy.com\/es\/resultados\/thunderball\/","og_site_name":"Lottohoy","article_modified_time":"2025-03-18T16:30:46+00:00","twitter_card":"summary_large_image","twitter_misc":{"Tiempo de lectura":"2 minutos"},"schema":{"@context":"https:\/\/schema.org","@graph":[{"@type":"WebPage","@id":"https:\/\/lottohoy.com\/es\/resultados\/thunderball\/","url":"https:\/\/lottohoy.com\/es\/resultados\/thunderball\/","name":"Comprobar los resultados del sorteo de Thunderball - LottoHoy","isPartOf":{"@id":"https:\/\/lottohoy.com\/es\/#website"},"datePublished":"2020-08-10T16:41:07+00:00","dateModified":"2025-03-18T16:30:46+00:00","description":"Ver los resultados de Thunderball de este \u00faltimo sorteo, y tambi\u00e9n de los anteriores para ver si ha tenido suerte y es ganador de premios","breadcrumb":{"@id":"https:\/\/lottohoy.com\/es\/resultados\/thunderball\/#breadcrumb"},"inLanguage":"es","potentialAction":[{"@type":"ReadAction","target":["https:\/\/lottohoy.com\/es\/resultados\/thunderball\/"]}]},{"@type":"BreadcrumbList","@id":"https:\/\/lottohoy.com\/es\/resultados\/thunderball\/#breadcrumb","itemListElement":[{"@type":"ListItem","position":1,"name":"Home","item":"https:\/\/lottohoy.com\/es\/"},{"@type":"ListItem","position":2,"name":"Resultados de loter\u00eda","item":"https:\/\/lottohoy.com\/es\/resultados\/"},{"@type":"ListItem","position":3,"name":"Thunderball Resultados"}]},{"@type":"WebSite","@id":"https:\/\/lottohoy.com\/es\/#website","url":"https:\/\/lottohoy.com\/es\/","name":"Lottohoy","description":"","potentialAction":[{"@type":"SearchAction","target":{"@type":"EntryPoint","urlTemplate":"https:\/\/lottohoy.com\/es\/?s={search_term_string}"},"query-input":{"@type":"PropertyValueSpecification","valueRequired":true,"valueName":"search_term_string"}}],"inLanguage":"es"}]}},"_links":{"self":[{"href":"https:\/\/lottohoy.com\/es\/wp-json\/wp\/v2\/pages\/6109","targetHints":{"allow":["GET"]}}],"collection":[{"href":"https:\/\/lottohoy.com\/es\/wp-json\/wp\/v2\/pages"}],"about":[{"href":"https:\/\/lottohoy.com\/es\/wp-json\/wp\/v2\/types\/page"}],"author":[{"embeddable":true,"href":"https:\/\/lottohoy.com\/es\/wp-json\/wp\/v2\/users\/2"}],"replies":[{"embeddable":true,"href":"https:\/\/lottohoy.com\/es\/wp-json\/wp\/v2\/comments?post=6109"}],"version-history":[{"count":1,"href":"https:\/\/lottohoy.com\/es\/wp-json\/wp\/v2\/pages\/6109\/revisions"}],"predecessor-version":[{"id":10861,"href":"https:\/\/lottohoy.com\/es\/wp-json\/wp\/v2\/pages\/6109\/revisions\/10861"}],"up":[{"embeddable":true,"href":"https:\/\/lottohoy.com\/es\/wp-json\/wp\/v2\/pages\/174"}],"wp:attachment":[{"href":"https:\/\/lottohoy.com\/es\/wp-json\/wp\/v2\/media?parent=6109"}],"curies":[{"name":"wp","href":"https:\/\/api.w.org\/{rel}","templated":true}]}}