{"id":6102,"date":"2020-08-10T15:56:27","date_gmt":"2020-08-10T14:56:27","guid":{"rendered":"https:\/\/www.lottohoy.com\/?page_id=6102"},"modified":"2025-02-12T09:47:33","modified_gmt":"2025-02-12T09:47:33","slug":"mega-sena","status":"publish","type":"page","link":"https:\/\/lottohoy.com\/es\/jugar\/mega-sena\/","title":{"rendered":"Jugar Mega Sena"},"content":{"rendered":"<h2><strong>Apostar Mega Sena online<\/strong><\/h2>\n<p>Mega-Sena es la loter\u00eda m\u00e1s grande de Brasil y de toda Am\u00e9rica del Sur. Est\u00e1 organizada por el banco federal Caixa Econ\u00f3mica, desde marzo de 1996.<\/p>\n<p>Para jugar online a la loter\u00eda Mega Sena, el jugador puede hacerlo directamente a trav\u00e9s de plataformas de loter\u00edas como la nuestra. Apostar a Mega Sena es indispensable ser mayor de 18 a\u00f1os de edad, requerido por el organizador.<\/p>\n<p>Una vez que se accede a la p\u00e1gina de juego de Mega Sena a trav\u00e9s de nuestra plataforma, aparece una plantilla con diversas columnas (tambi\u00e9n las llamamos l\u00edneas) de juego donde se deber\u00e1 indicar la jugada que se desee realizar (Cada columna o l\u00ednea corresponder\u00e1 a una apuesta). Estas columnas iniciales, se pueden ampliar clicando sobre el recuadro M\u00c1S LINEAS, y aparecen otras columnas m\u00e1s, donde poder realizar m\u00e1s apuestas en la misma jugada.<\/p>\n<p>Esto se puede repetir en tantas ocasiones como la cantidad de columnas o l\u00edneas se desee apostar.<\/p>\n<p>Para realizar la apuesta en una columna, se deber\u00e1n <strong>marcar 6 casillas de las 60 que figuran en el primer cuadro.<\/strong><\/p>\n<p>Esta jugada se puede realizar de manera manual, es decir marcando directamente sobre cada uno de los n\u00fameros que quiera que formen parte de su combinaci\u00f3n de apuesta. Y tambi\u00e9n, si lo desea, puede permitir que sea el propio sistema quien elija la combinaci\u00f3n de apuesta de manera aleatoria.<\/p>\n<p>En caso de que la apuesta resulte premiada, el importe del premio se ingresa de manera autom\u00e1ticamente en la cuenta de usuario.<\/p>\n<h2><strong>\u00bfQu\u00e9 d\u00edas se sortea?<\/strong><\/h2>\n<p>Mega Sena celebra dos sorteos cada semana, los mi\u00e9rcoles y los s\u00e1bados a las 20:00h. horario local. (UTC-3)<\/p>\n<p>La admisi\u00f3n de boletos online se cierra oficial aproximadamente 3 horas antes del horario oficial de y se reabre de nuevo al acabar el sorteo, para validar boletos de nuevos sorteos.<\/p>\n<h2><strong>Ventajas de comprar Mega Sena online<\/strong><\/h2>\n<p>Son m\u00faltiples las ventajas de efectuar las apuestas de Mega Sena online, a trav\u00e9s de nuestra plataforma, lo que permite a jugadores de todo el mundo, comprar sus boletos, independientemente del pa\u00eds en que residan.<\/p>\n<p>Entre otras muchas, estas son algunas de las principales ventajas de jugar a trav\u00e9s de LottoHoy:<\/p>\n<ul>\n<li><strong>Seguridad<\/strong> en las transacciones.<\/li>\n<li><strong>Acceso 24\/7 todos los d\u00edas del a\u00f1o<\/strong> para las compras y apuestas.\u00a0.<\/li>\n<li>Comprar tus boletos desde cualquier punto de la geograf\u00eda mundial, <strong>sin colas y sin desplazamientos.<\/strong><\/li>\n<li>Con la compra online, se <strong>evitan extrav\u00edos o p\u00e9rdidas<\/strong>, el boleto siempre permanece a buen recaudo en la cuenta de usuario.<\/li>\n<li><strong>Los premios ganados son ingresados de manera inmediata<\/strong> en tu cuenta de usuario, y disponibles desde el primer momento, tras la celebraci\u00f3n del sorteo y una vez publicados los\u00a0resultados oficiales, los importes de premio ganado, son ingresados en la cuenta de usuario.<\/li>\n<li>Estar <strong>informado de los botes acumulados y de sorteos extraordinarios<\/strong>.<\/li>\n<\/ul>\n","protected":false},"excerpt":{"rendered":"<p>Apostar Mega Sena online Mega-Sena es la loter\u00eda m\u00e1s grande de Brasil y de toda Am\u00e9rica del Sur. Est\u00e1 organizada por el banco federal Caixa Econ\u00f3mica, desde marzo de 1996. Para jugar online a la loter\u00eda Mega Sena, el jugador puede hacerlo directamente a trav\u00e9s de plataformas de loter\u00edas como la nuestra. Apostar a Mega [&hellip;]<\/p>\n","protected":false},"author":2,"featured_media":0,"parent":184,"menu_order":16,"comment_status":"closed","ping_status":"closed","template":"megasena.php","meta":{"_et_pb_use_builder":"","_et_pb_old_content":"","_et_gb_content_width":"","exclude_from_search":false,"footnotes":""},"class_list":["post-6102","page","type-page","status-publish","hentry"],"yoast_head":"<!-- This site is optimized with the Yoast SEO plugin v23.7 - https:\/\/yoast.com\/wordpress\/plugins\/seo\/ -->\n<title>Jugar online a la loteria Mega Sena - LottoHoy.com<\/title>\n<meta name=\"description\" content=\"Apostar en cualquier momento del dia o de la noche, jugar online a la loteria de Mega Sena, sin hacer colas y sin desplazamientos\" \/>\n<meta name=\"robots\" content=\"index, follow, max-snippet:-1, max-image-preview:large, max-video-preview:-1\" \/>\n<link rel=\"canonical\" href=\"https:\/\/lottohoy.com\/es\/jugar\/mega-sena\/\" \/>\n<meta property=\"og:locale\" content=\"es_ES\" \/>\n<meta property=\"og:type\" content=\"article\" \/>\n<meta property=\"og:title\" content=\"Jugar online a la loteria Mega Sena - LottoHoy.com\" \/>\n<meta property=\"og:description\" content=\"Apostar en cualquier momento del dia o de la noche, jugar online a la loteria de Mega Sena, sin hacer colas y sin desplazamientos\" \/>\n<meta property=\"og:url\" content=\"https:\/\/lottohoy.com\/es\/jugar\/mega-sena\/\" \/>\n<meta property=\"og:site_name\" content=\"Lottohoy\" \/>\n<meta property=\"article:modified_time\" content=\"2025-02-12T09:47:33+00:00\" \/>\n<meta name=\"twitter:card\" content=\"summary_large_image\" \/>\n<meta name=\"twitter:label1\" content=\"Tiempo de lectura\" \/>\n\t<meta name=\"twitter:data1\" content=\"3 minutos\" \/>\n<script type=\"application\/ld+json\" class=\"yoast-schema-graph\">{\"@context\":\"https:\/\/schema.org\",\"@graph\":[{\"@type\":\"WebPage\",\"@id\":\"https:\/\/lottohoy.com\/es\/jugar\/mega-sena\/\",\"url\":\"https:\/\/lottohoy.com\/es\/jugar\/mega-sena\/\",\"name\":\"Jugar online a la loteria Mega Sena - LottoHoy.com\",\"isPartOf\":{\"@id\":\"https:\/\/lottohoy.com\/es\/#website\"},\"datePublished\":\"2020-08-10T14:56:27+00:00\",\"dateModified\":\"2025-02-12T09:47:33+00:00\",\"description\":\"Apostar en cualquier momento del dia o de la noche, jugar online a la loteria de Mega Sena, sin hacer colas y sin desplazamientos\",\"breadcrumb\":{\"@id\":\"https:\/\/lottohoy.com\/es\/jugar\/mega-sena\/#breadcrumb\"},\"inLanguage\":\"es\",\"potentialAction\":[{\"@type\":\"ReadAction\",\"target\":[\"https:\/\/lottohoy.com\/es\/jugar\/mega-sena\/\"]}]},{\"@type\":\"BreadcrumbList\",\"@id\":\"https:\/\/lottohoy.com\/es\/jugar\/mega-sena\/#breadcrumb\",\"itemListElement\":[{\"@type\":\"ListItem\",\"position\":1,\"name\":\"Home\",\"item\":\"https:\/\/lottohoy.com\/es\/\"},{\"@type\":\"ListItem\",\"position\":2,\"name\":\"Comprar loter\u00eda online\",\"item\":\"https:\/\/lottohoy.com\/es\/jugar\/\"},{\"@type\":\"ListItem\",\"position\":3,\"name\":\"Jugar Mega Sena\"}]},{\"@type\":\"WebSite\",\"@id\":\"https:\/\/lottohoy.com\/es\/#website\",\"url\":\"https:\/\/lottohoy.com\/es\/\",\"name\":\"Lottohoy\",\"description\":\"\",\"potentialAction\":[{\"@type\":\"SearchAction\",\"target\":{\"@type\":\"EntryPoint\",\"urlTemplate\":\"https:\/\/lottohoy.com\/es\/?s={search_term_string}\"},\"query-input\":{\"@type\":\"PropertyValueSpecification\",\"valueRequired\":true,\"valueName\":\"search_term_string\"}}],\"inLanguage\":\"es\"}]}<\/script>\n<!-- \/ Yoast SEO plugin. -->","yoast_head_json":{"title":"Jugar online a la loteria Mega Sena - LottoHoy.com","description":"Apostar en cualquier momento del dia o de la noche, jugar online a la loteria de Mega Sena, sin hacer colas y sin desplazamientos","robots":{"index":"index","follow":"follow","max-snippet":"max-snippet:-1","max-image-preview":"max-image-preview:large","max-video-preview":"max-video-preview:-1"},"canonical":"https:\/\/lottohoy.com\/es\/jugar\/mega-sena\/","og_locale":"es_ES","og_type":"article","og_title":"Jugar online a la loteria Mega Sena - LottoHoy.com","og_description":"Apostar en cualquier momento del dia o de la noche, jugar online a la loteria de Mega Sena, sin hacer colas y sin desplazamientos","og_url":"https:\/\/lottohoy.com\/es\/jugar\/mega-sena\/","og_site_name":"Lottohoy","article_modified_time":"2025-02-12T09:47:33+00:00","twitter_card":"summary_large_image","twitter_misc":{"Tiempo de lectura":"3 minutos"},"schema":{"@context":"https:\/\/schema.org","@graph":[{"@type":"WebPage","@id":"https:\/\/lottohoy.com\/es\/jugar\/mega-sena\/","url":"https:\/\/lottohoy.com\/es\/jugar\/mega-sena\/","name":"Jugar online a la loteria Mega Sena - LottoHoy.com","isPartOf":{"@id":"https:\/\/lottohoy.com\/es\/#website"},"datePublished":"2020-08-10T14:56:27+00:00","dateModified":"2025-02-12T09:47:33+00:00","description":"Apostar en cualquier momento del dia o de la noche, jugar online a la loteria de Mega Sena, sin hacer colas y sin desplazamientos","breadcrumb":{"@id":"https:\/\/lottohoy.com\/es\/jugar\/mega-sena\/#breadcrumb"},"inLanguage":"es","potentialAction":[{"@type":"ReadAction","target":["https:\/\/lottohoy.com\/es\/jugar\/mega-sena\/"]}]},{"@type":"BreadcrumbList","@id":"https:\/\/lottohoy.com\/es\/jugar\/mega-sena\/#breadcrumb","itemListElement":[{"@type":"ListItem","position":1,"name":"Home","item":"https:\/\/lottohoy.com\/es\/"},{"@type":"ListItem","position":2,"name":"Comprar loter\u00eda online","item":"https:\/\/lottohoy.com\/es\/jugar\/"},{"@type":"ListItem","position":3,"name":"Jugar Mega Sena"}]},{"@type":"WebSite","@id":"https:\/\/lottohoy.com\/es\/#website","url":"https:\/\/lottohoy.com\/es\/","name":"Lottohoy","description":"","potentialAction":[{"@type":"SearchAction","target":{"@type":"EntryPoint","urlTemplate":"https:\/\/lottohoy.com\/es\/?s={search_term_string}"},"query-input":{"@type":"PropertyValueSpecification","valueRequired":true,"valueName":"search_term_string"}}],"inLanguage":"es"}]}},"_links":{"self":[{"href":"https:\/\/lottohoy.com\/es\/wp-json\/wp\/v2\/pages\/6102","targetHints":{"allow":["GET"]}}],"collection":[{"href":"https:\/\/lottohoy.com\/es\/wp-json\/wp\/v2\/pages"}],"about":[{"href":"https:\/\/lottohoy.com\/es\/wp-json\/wp\/v2\/types\/page"}],"author":[{"embeddable":true,"href":"https:\/\/lottohoy.com\/es\/wp-json\/wp\/v2\/users\/2"}],"replies":[{"embeddable":true,"href":"https:\/\/lottohoy.com\/es\/wp-json\/wp\/v2\/comments?post=6102"}],"version-history":[{"count":3,"href":"https:\/\/lottohoy.com\/es\/wp-json\/wp\/v2\/pages\/6102\/revisions"}],"predecessor-version":[{"id":14678,"href":"https:\/\/lottohoy.com\/es\/wp-json\/wp\/v2\/pages\/6102\/revisions\/14678"}],"up":[{"embeddable":true,"href":"https:\/\/lottohoy.com\/es\/wp-json\/wp\/v2\/pages\/184"}],"wp:attachment":[{"href":"https:\/\/lottohoy.com\/es\/wp-json\/wp\/v2\/media?parent=6102"}],"curies":[{"name":"wp","href":"https:\/\/api.w.org\/{rel}","templated":true}]}}