{"id":6091,"date":"2020-08-10T17:04:41","date_gmt":"2020-08-10T16:04:41","guid":{"rendered":"https:\/\/www.lottohoy.com\/?page_id=6091"},"modified":"2025-02-11T16:43:50","modified_gmt":"2025-02-11T16:43:50","slug":"set-for-life-uk","status":"publish","type":"page","link":"https:\/\/lottohoy.com\/es\/jugar\/set-for-life-uk\/","title":{"rendered":"Jugar a Set for Life (UK)"},"content":{"rendered":"<h2><strong>Jugar Set for Life (UK)<\/strong><\/h2>\n<p>Set for Life es una loter\u00eda de The National Lottery, operada por Camelot y que ofrece la posibilidad de ganar 10.000 \u00a3 al mes durante 30 a\u00f1os para los acertantes de primera categor\u00eda. No obstante, para los jugadores no residentes en UK, Camelot le proporcionar\u00e1 una alternativa en efectivo total equivalente al lo que hubiese tenido que pagar en anualidades o el importe acumulado para ese sorteo en su primera categor\u00eda<\/p>\n<p>La forma de jugar es muy sencilla, los jugadores deber\u00e1n seleccionar de una tabla que consta de 47 casillas, numeradas del 1 al 47, los 5 n\u00fameros de la combinaci\u00f3n principal, m\u00e1s un n\u00famero de bonificaci\u00f3n especial conocido como Life Ball de una lista numerada del 1 al 10<\/p>\n<h2><strong>\u00bfC\u00f3mo jugar a Set for Life (UK) online?<\/strong><\/h2>\n<p>Jugar a Set for Life (UK) online, es realmente f\u00e1cil, simplemente se ha de crear una cuenta de usuario en LottoHoy para poder acceder a toda la informaci\u00f3n sobre cobros, pagos, abonos, tickets comprados, estad\u00edsticas, etc\u2026<\/p>\n<p>En la p\u00e1gina de juego, se muestran cinco columnas de apuestas (tambi\u00e9n llamadas l\u00edneas), cada una de las 5 columnas cuenta con casilleros numerados del 1 al 47 como n\u00fameros principales, y elegir otro n\u00famero en la parte inferior de la columna con los c\u00edrculos numerados del 1 al 10) y<\/p>\n<p>Se pueden rellenar tantas columnas o l\u00edneas de apuestas como se desea. Clicando sobre el recuadro \u201cm\u00e1s l\u00edneas\u201d aparecen otras cinco columnas y asi sucesivamente hasta que lo desee. Cada columna se refiere a una apuesta simple cuyo precio es de 4 Euros, dependiendo del cambio con la Libra Esterlina<\/p>\n<p>El sistema permite rellenar manualmente estas casillas o bien mediante el cuadro de selecci\u00f3n r\u00e1pida, que aparece encima de cada tablero, dejar que el propio sistema de una manera aleatoria elija la combinaci\u00f3n de nuestra apuesta.<\/p>\n<p>Una vez efectuada la selecci\u00f3n de n\u00fameros en una o varias columnas, ir al recuadro CONTINUAR, y proceder al pago de la misma. As\u00ed de sencillo.<\/p>\n<h2><strong>\u00bfQu\u00e9 premios reparte Set for Life (UK)?<\/strong><\/h2>\n<p>Set for Life (UK) tiene ocho (8) categor\u00edas de premios diferentes. Para ganar el premio mayor, debes acertar los cinco n\u00fameros principales y la Life Ball.<\/p>\n<p>Hay ocho categor\u00edas para los resultados de Set for Life(UK)<\/p>\n<ul>\n<li><strong>Primera categor\u00eda<\/strong>: \u00a0Para los acertantes de los 5 n\u00fameros + Life Ball<\/li>\n<li><strong>Segunda categor\u00eda<\/strong>: 5aciertos de la combinaci\u00f3n principal<\/li>\n<li><strong>Tercera categor\u00eda<\/strong>:4 aciertos de la combinaci\u00f3n + Life Ball<\/li>\n<li><strong>Cuarta categor\u00eda<\/strong>: 4 aciertos de la combinaci\u00f3n.<\/li>\n<li><strong>Quinta categor\u00eda<\/strong>: 3 aciertos de la combinaci\u00f3n + Life Ball<\/li>\n<li><strong>Sexta categor\u00eda<\/strong>: 3 aciertos combinaci\u00f3n principal<\/li>\n<li><strong>S\u00e9ptima categor\u00eda: <\/strong>2 aciertos + Life Ball<\/li>\n<li><strong>Octava categor\u00eda: <\/strong>2 aciertos<\/li>\n<\/ul>\n<h2><strong>\u00bfCu\u00e1ndo se sortea Set for Life (UK)?<\/strong><\/h2>\n<p>De manera ordinaria los sorteos de la loter\u00eda Set for Life (UK) se realizan todos los lunes y los jueves, ambos a las 20:00 h. GMT<\/p>\n<p>Para la venta online, se cierra la admisi\u00f3n de compras 2 horas antes de la celebraci\u00f3n de los sorteos, para cuestiones de administraci\u00f3n y seguridad.<\/p>\n<h2><strong>\u00bfCu\u00e1nto cuesta jugar a Set for Life (UK)?<\/strong><\/h2>\n<p>El precio de cada boleto de Set for Life (UK) en LottoHoy es a partir de 4 \u20ac e incluye todos los costes de manipulaci\u00f3n y gesti\u00f3n de compra a trav\u00e9s de vendedores oficiales y\/o similares.<\/p>\n","protected":false},"excerpt":{"rendered":"<p>Jugar Set for Life (UK) Set for Life es una loter\u00eda de The National Lottery, operada por Camelot y que ofrece la posibilidad de ganar 10.000 \u00a3 al mes durante 30 a\u00f1os para los acertantes de primera categor\u00eda. No obstante, para los jugadores no residentes en UK, Camelot le proporcionar\u00e1 una alternativa en efectivo total [&hellip;]<\/p>\n","protected":false},"author":2,"featured_media":0,"parent":184,"menu_order":11,"comment_status":"closed","ping_status":"closed","template":"set-for-life.php","meta":{"_et_pb_use_builder":"","_et_pb_old_content":"","_et_gb_content_width":"","exclude_from_search":false,"footnotes":""},"class_list":["post-6091","page","type-page","status-publish","hentry"],"yoast_head":"<!-- This site is optimized with the Yoast SEO plugin v23.7 - https:\/\/yoast.com\/wordpress\/plugins\/seo\/ -->\n<title>Busca la suerte al jugar loter\u00eda Set For Life (UK) -LottoHoy.com<\/title>\n<meta name=\"description\" content=\"Puede hacer la selecci\u00f3n y jugar online a Set for Life (UK) de una manera sencilla en los sorteos que desee, sin perderse ninguno\" \/>\n<meta name=\"robots\" content=\"index, follow, max-snippet:-1, max-image-preview:large, max-video-preview:-1\" \/>\n<link rel=\"canonical\" href=\"https:\/\/lottohoy.com\/es\/jugar\/set-for-life-uk\/\" \/>\n<meta property=\"og:locale\" content=\"es_ES\" \/>\n<meta property=\"og:type\" content=\"article\" \/>\n<meta property=\"og:title\" content=\"Busca la suerte al jugar loter\u00eda Set For Life (UK) -LottoHoy.com\" \/>\n<meta property=\"og:description\" content=\"Puede hacer la selecci\u00f3n y jugar online a Set for Life (UK) de una manera sencilla en los sorteos que desee, sin perderse ninguno\" \/>\n<meta property=\"og:url\" content=\"https:\/\/lottohoy.com\/es\/jugar\/set-for-life-uk\/\" \/>\n<meta property=\"og:site_name\" content=\"Lottohoy\" \/>\n<meta property=\"article:modified_time\" content=\"2025-02-11T16:43:50+00:00\" \/>\n<meta name=\"twitter:card\" content=\"summary_large_image\" \/>\n<meta name=\"twitter:label1\" content=\"Tiempo de lectura\" \/>\n\t<meta name=\"twitter:data1\" content=\"3 minutos\" \/>\n<script type=\"application\/ld+json\" class=\"yoast-schema-graph\">{\"@context\":\"https:\/\/schema.org\",\"@graph\":[{\"@type\":\"WebPage\",\"@id\":\"https:\/\/lottohoy.com\/es\/jugar\/set-for-life-uk\/\",\"url\":\"https:\/\/lottohoy.com\/es\/jugar\/set-for-life-uk\/\",\"name\":\"Busca la suerte al jugar loter\u00eda Set For Life (UK) -LottoHoy.com\",\"isPartOf\":{\"@id\":\"https:\/\/lottohoy.com\/es\/#website\"},\"datePublished\":\"2020-08-10T16:04:41+00:00\",\"dateModified\":\"2025-02-11T16:43:50+00:00\",\"description\":\"Puede hacer la selecci\u00f3n y jugar online a Set for Life (UK) de una manera sencilla en los sorteos que desee, sin perderse ninguno\",\"breadcrumb\":{\"@id\":\"https:\/\/lottohoy.com\/es\/jugar\/set-for-life-uk\/#breadcrumb\"},\"inLanguage\":\"es\",\"potentialAction\":[{\"@type\":\"ReadAction\",\"target\":[\"https:\/\/lottohoy.com\/es\/jugar\/set-for-life-uk\/\"]}]},{\"@type\":\"BreadcrumbList\",\"@id\":\"https:\/\/lottohoy.com\/es\/jugar\/set-for-life-uk\/#breadcrumb\",\"itemListElement\":[{\"@type\":\"ListItem\",\"position\":1,\"name\":\"Home\",\"item\":\"https:\/\/lottohoy.com\/es\/\"},{\"@type\":\"ListItem\",\"position\":2,\"name\":\"Comprar loter\u00eda online\",\"item\":\"https:\/\/lottohoy.com\/es\/jugar\/\"},{\"@type\":\"ListItem\",\"position\":3,\"name\":\"Jugar a Set for Life (UK)\"}]},{\"@type\":\"WebSite\",\"@id\":\"https:\/\/lottohoy.com\/es\/#website\",\"url\":\"https:\/\/lottohoy.com\/es\/\",\"name\":\"Lottohoy\",\"description\":\"\",\"potentialAction\":[{\"@type\":\"SearchAction\",\"target\":{\"@type\":\"EntryPoint\",\"urlTemplate\":\"https:\/\/lottohoy.com\/es\/?s={search_term_string}\"},\"query-input\":{\"@type\":\"PropertyValueSpecification\",\"valueRequired\":true,\"valueName\":\"search_term_string\"}}],\"inLanguage\":\"es\"}]}<\/script>\n<!-- \/ Yoast SEO plugin. -->","yoast_head_json":{"title":"Busca la suerte al jugar loter\u00eda Set For Life (UK) -LottoHoy.com","description":"Puede hacer la selecci\u00f3n y jugar online a Set for Life (UK) de una manera sencilla en los sorteos que desee, sin perderse ninguno","robots":{"index":"index","follow":"follow","max-snippet":"max-snippet:-1","max-image-preview":"max-image-preview:large","max-video-preview":"max-video-preview:-1"},"canonical":"https:\/\/lottohoy.com\/es\/jugar\/set-for-life-uk\/","og_locale":"es_ES","og_type":"article","og_title":"Busca la suerte al jugar loter\u00eda Set For Life (UK) -LottoHoy.com","og_description":"Puede hacer la selecci\u00f3n y jugar online a Set for Life (UK) de una manera sencilla en los sorteos que desee, sin perderse ninguno","og_url":"https:\/\/lottohoy.com\/es\/jugar\/set-for-life-uk\/","og_site_name":"Lottohoy","article_modified_time":"2025-02-11T16:43:50+00:00","twitter_card":"summary_large_image","twitter_misc":{"Tiempo de lectura":"3 minutos"},"schema":{"@context":"https:\/\/schema.org","@graph":[{"@type":"WebPage","@id":"https:\/\/lottohoy.com\/es\/jugar\/set-for-life-uk\/","url":"https:\/\/lottohoy.com\/es\/jugar\/set-for-life-uk\/","name":"Busca la suerte al jugar loter\u00eda Set For Life (UK) -LottoHoy.com","isPartOf":{"@id":"https:\/\/lottohoy.com\/es\/#website"},"datePublished":"2020-08-10T16:04:41+00:00","dateModified":"2025-02-11T16:43:50+00:00","description":"Puede hacer la selecci\u00f3n y jugar online a Set for Life (UK) de una manera sencilla en los sorteos que desee, sin perderse ninguno","breadcrumb":{"@id":"https:\/\/lottohoy.com\/es\/jugar\/set-for-life-uk\/#breadcrumb"},"inLanguage":"es","potentialAction":[{"@type":"ReadAction","target":["https:\/\/lottohoy.com\/es\/jugar\/set-for-life-uk\/"]}]},{"@type":"BreadcrumbList","@id":"https:\/\/lottohoy.com\/es\/jugar\/set-for-life-uk\/#breadcrumb","itemListElement":[{"@type":"ListItem","position":1,"name":"Home","item":"https:\/\/lottohoy.com\/es\/"},{"@type":"ListItem","position":2,"name":"Comprar loter\u00eda online","item":"https:\/\/lottohoy.com\/es\/jugar\/"},{"@type":"ListItem","position":3,"name":"Jugar a Set for Life (UK)"}]},{"@type":"WebSite","@id":"https:\/\/lottohoy.com\/es\/#website","url":"https:\/\/lottohoy.com\/es\/","name":"Lottohoy","description":"","potentialAction":[{"@type":"SearchAction","target":{"@type":"EntryPoint","urlTemplate":"https:\/\/lottohoy.com\/es\/?s={search_term_string}"},"query-input":{"@type":"PropertyValueSpecification","valueRequired":true,"valueName":"search_term_string"}}],"inLanguage":"es"}]}},"_links":{"self":[{"href":"https:\/\/lottohoy.com\/es\/wp-json\/wp\/v2\/pages\/6091","targetHints":{"allow":["GET"]}}],"collection":[{"href":"https:\/\/lottohoy.com\/es\/wp-json\/wp\/v2\/pages"}],"about":[{"href":"https:\/\/lottohoy.com\/es\/wp-json\/wp\/v2\/types\/page"}],"author":[{"embeddable":true,"href":"https:\/\/lottohoy.com\/es\/wp-json\/wp\/v2\/users\/2"}],"replies":[{"embeddable":true,"href":"https:\/\/lottohoy.com\/es\/wp-json\/wp\/v2\/comments?post=6091"}],"version-history":[{"count":2,"href":"https:\/\/lottohoy.com\/es\/wp-json\/wp\/v2\/pages\/6091\/revisions"}],"predecessor-version":[{"id":14620,"href":"https:\/\/lottohoy.com\/es\/wp-json\/wp\/v2\/pages\/6091\/revisions\/14620"}],"up":[{"embeddable":true,"href":"https:\/\/lottohoy.com\/es\/wp-json\/wp\/v2\/pages\/184"}],"wp:attachment":[{"href":"https:\/\/lottohoy.com\/es\/wp-json\/wp\/v2\/media?parent=6091"}],"curies":[{"name":"wp","href":"https:\/\/api.w.org\/{rel}","templated":true}]}}