{"id":6083,"date":"2020-08-10T17:08:14","date_gmt":"2020-08-10T16:08:14","guid":{"rendered":"https:\/\/www.lottohoy.com\/?page_id=6083"},"modified":"2025-03-25T13:28:57","modified_gmt":"2025-03-25T13:28:57","slug":"set-for-life-uk","status":"publish","type":"page","link":"https:\/\/lottohoy.com\/es\/informacion\/set-for-life-uk\/","title":{"rendered":"Informaci\u00f3n de Set for Life (UK)"},"content":{"rendered":"<h2><strong>La loter\u00eda Set for Life (UK) de The National Lottery<\/strong><\/h2>\n<p>Buscando una forma diferente de premiar a los jugadores de la Loter\u00eda Nacional en UK, se creo el juego Set for Life, tambi\u00e9n llamado de \u201canualidades\u201d que establec\u00eda como principal atractivo los pagos para la primera y la segunda categor\u00eda de premios, de manera que los ganadores percibiesen un pago cada mes de un importe considerable.<\/p>\n<p>Para la primera categor\u00eda, se estableci\u00f3 un pago de 10.000 \u00a3 mensuales durante 30 a\u00f1os para cada uno de los posibles 4 \u00fanicos acertantes, y en caso de haber mas acertantes de esa primera categor\u00eda, el premio m\u00e1ximo previsto de 80.000 \u00a3 mensuales, se repartir\u00eda proporcionalmente entre los ganadores de esa primara categor\u00eda<\/p>\n<p>En el caso de la segunda categor\u00eda, el premio consist\u00eda en pago de 10.000 \u00a3 mensuales durante toda una anualidad. En ese sentido hay una limitaci\u00f3n de m\u00e1ximo hasta 2.000.000 \u00a3 a repartir en caso de que fuesen m\u00e1s de 4 los acertantes de esa categor\u00eda<\/p>\n<p>Tambi\u00e9n se puede solicitar un pago \u00fanico. Los no residentes en UK, solo pueden acceder al premio en pago \u00fanico.<\/p>\n<p>Los sorteos de la loter\u00eda Set for Life, se celebran todos los lunes y jueves a las 20:00h. GMT<\/p>\n<h2><strong>Ventajas de jugar Set for Life UK online<\/strong><\/h2>\n<ul>\n<li>Una de las grandes ventajas de jugar a la Set for Life UK, es la <strong>comodidad de poder hacerlo a cualquier hora del d\u00eda o la noche, 24\/7 los 365 d\u00edas del a\u00f1o<\/strong>. Simplemente disponiendo de un dispositivo m\u00f3vil, una Tablet o equipo de escritorio, y desde cualquier lugar del mundo.<\/li>\n<li>Los no residentes en Reino Unido, a trav\u00e9s de plataformas online como LottoHoy.com tienen la posibilidad real de acceder a esta jugosa loter\u00eda y sus grandes botes.<\/li>\n<li>Se compra directamente el boleto al establecimiento autorizado y de esa forma la participaci\u00f3n es real.<\/li>\n<li>Se Ingresan de manera instant\u00e1nea los premios conseguidos, hasta 2500 \u20ac, tras la publicaci\u00f3n de los resultados oficiales<\/li>\n<li>Se dispone tambi\u00e9n de un banco de informaci\u00f3n de todas las operaciones realizadas, la custodia de los boletos adquiridos, evitando de esa manera las posibles p\u00e9rdidas u olvidos.<\/li>\n<li>Informaci\u00f3n puntual de todos los botes a medida que se vayan acumulando para que no se pierda la ocasi\u00f3n de participar en ellos.<\/li>\n<li>Una amplia variedad de m\u00e9todos de pago, ingresos y retiros.<\/li>\n<\/ul>\n<h2><strong>Posibilidades de premio en Set for Life (UK)<\/strong><\/h2>\n<p>Las posibilidades de acertar la combinaci\u00f3n de la primera categor\u00eda, es de 1 entre 15 millones, aproximadamente<\/p>\n<p>Mientras que las probabilidades de acierto para la segunda categor\u00eda son de 1 entre 1, 7 millones, aproximadamente.<\/p>\n<p>Obtener uno cualquiera de los premios que ofrece Set for Life, es de 1 probabilidad entre 12, aproximadamente.<\/p>\n<p><!--more--><\/p>\n","protected":false},"excerpt":{"rendered":"<p>La loter\u00eda Set for Life (UK) de The National Lottery Buscando una forma diferente de premiar a los jugadores de la Loter\u00eda Nacional en UK, se creo el juego Set for Life, tambi\u00e9n llamado de \u201canualidades\u201d que establec\u00eda como principal atractivo los pagos para la primera y la segunda categor\u00eda de premios, de manera que [&hellip;]<\/p>\n","protected":false},"author":2,"featured_media":0,"parent":166,"menu_order":11,"comment_status":"closed","ping_status":"closed","template":"set-for-life-info.php","meta":{"_et_pb_use_builder":"","_et_pb_old_content":"","_et_gb_content_width":"","exclude_from_search":false,"footnotes":""},"class_list":["post-6083","page","type-page","status-publish","hentry"],"yoast_head":"<!-- This site is optimized with the Yoast SEO plugin v23.7 - https:\/\/yoast.com\/wordpress\/plugins\/seo\/ -->\n<title>Toda la informaci\u00f3n sobre la loter\u00eda Set for Life (UK) \u2013 LottoHoy.com<\/title>\n<meta name=\"description\" content=\"Una loter\u00eda diferente. El premio mayor puede cobrarse en pagos de 20.000 \u20ac\/mes durante 30 a\u00f1os. Ver la informaci\u00f3n sobre Set for Life (UK)\" \/>\n<meta name=\"robots\" content=\"index, follow, max-snippet:-1, max-image-preview:large, max-video-preview:-1\" \/>\n<link rel=\"canonical\" href=\"https:\/\/lottohoy.com\/es\/informacion\/set-for-life-uk\/\" \/>\n<meta property=\"og:locale\" content=\"es_ES\" \/>\n<meta property=\"og:type\" content=\"article\" \/>\n<meta property=\"og:title\" content=\"Toda la informaci\u00f3n sobre la loter\u00eda Set for Life (UK) \u2013 LottoHoy.com\" \/>\n<meta property=\"og:description\" content=\"Una loter\u00eda diferente. El premio mayor puede cobrarse en pagos de 20.000 \u20ac\/mes durante 30 a\u00f1os. Ver la informaci\u00f3n sobre Set for Life (UK)\" \/>\n<meta property=\"og:url\" content=\"https:\/\/lottohoy.com\/es\/informacion\/set-for-life-uk\/\" \/>\n<meta property=\"og:site_name\" content=\"Lottohoy\" \/>\n<meta property=\"article:modified_time\" content=\"2025-03-25T13:28:57+00:00\" \/>\n<meta name=\"twitter:card\" content=\"summary_large_image\" \/>\n<meta name=\"twitter:label1\" content=\"Tiempo de lectura\" \/>\n\t<meta name=\"twitter:data1\" content=\"2 minutos\" \/>\n<script type=\"application\/ld+json\" class=\"yoast-schema-graph\">{\"@context\":\"https:\/\/schema.org\",\"@graph\":[{\"@type\":\"WebPage\",\"@id\":\"https:\/\/lottohoy.com\/es\/informacion\/set-for-life-uk\/\",\"url\":\"https:\/\/lottohoy.com\/es\/informacion\/set-for-life-uk\/\",\"name\":\"Toda la informaci\u00f3n sobre la loter\u00eda Set for Life (UK) \u2013 LottoHoy.com\",\"isPartOf\":{\"@id\":\"https:\/\/lottohoy.com\/es\/#website\"},\"datePublished\":\"2020-08-10T16:08:14+00:00\",\"dateModified\":\"2025-03-25T13:28:57+00:00\",\"description\":\"Una loter\u00eda diferente. El premio mayor puede cobrarse en pagos de 20.000 \u20ac\/mes durante 30 a\u00f1os. Ver la informaci\u00f3n sobre Set for Life (UK)\",\"breadcrumb\":{\"@id\":\"https:\/\/lottohoy.com\/es\/informacion\/set-for-life-uk\/#breadcrumb\"},\"inLanguage\":\"es\",\"potentialAction\":[{\"@type\":\"ReadAction\",\"target\":[\"https:\/\/lottohoy.com\/es\/informacion\/set-for-life-uk\/\"]}]},{\"@type\":\"BreadcrumbList\",\"@id\":\"https:\/\/lottohoy.com\/es\/informacion\/set-for-life-uk\/#breadcrumb\",\"itemListElement\":[{\"@type\":\"ListItem\",\"position\":1,\"name\":\"Home\",\"item\":\"https:\/\/lottohoy.com\/es\/\"},{\"@type\":\"ListItem\",\"position\":2,\"name\":\"Todo sobre la loter\u00eda online\",\"item\":\"https:\/\/lottohoy.com\/es\/informacion\/\"},{\"@type\":\"ListItem\",\"position\":3,\"name\":\"Informaci\u00f3n de Set for Life (UK)\"}]},{\"@type\":\"WebSite\",\"@id\":\"https:\/\/lottohoy.com\/es\/#website\",\"url\":\"https:\/\/lottohoy.com\/es\/\",\"name\":\"Lottohoy\",\"description\":\"\",\"potentialAction\":[{\"@type\":\"SearchAction\",\"target\":{\"@type\":\"EntryPoint\",\"urlTemplate\":\"https:\/\/lottohoy.com\/es\/?s={search_term_string}\"},\"query-input\":{\"@type\":\"PropertyValueSpecification\",\"valueRequired\":true,\"valueName\":\"search_term_string\"}}],\"inLanguage\":\"es\"}]}<\/script>\n<!-- \/ Yoast SEO plugin. -->","yoast_head_json":{"title":"Toda la informaci\u00f3n sobre la loter\u00eda Set for Life (UK) \u2013 LottoHoy.com","description":"Una loter\u00eda diferente. El premio mayor puede cobrarse en pagos de 20.000 \u20ac\/mes durante 30 a\u00f1os. Ver la informaci\u00f3n sobre Set for Life (UK)","robots":{"index":"index","follow":"follow","max-snippet":"max-snippet:-1","max-image-preview":"max-image-preview:large","max-video-preview":"max-video-preview:-1"},"canonical":"https:\/\/lottohoy.com\/es\/informacion\/set-for-life-uk\/","og_locale":"es_ES","og_type":"article","og_title":"Toda la informaci\u00f3n sobre la loter\u00eda Set for Life (UK) \u2013 LottoHoy.com","og_description":"Una loter\u00eda diferente. El premio mayor puede cobrarse en pagos de 20.000 \u20ac\/mes durante 30 a\u00f1os. Ver la informaci\u00f3n sobre Set for Life (UK)","og_url":"https:\/\/lottohoy.com\/es\/informacion\/set-for-life-uk\/","og_site_name":"Lottohoy","article_modified_time":"2025-03-25T13:28:57+00:00","twitter_card":"summary_large_image","twitter_misc":{"Tiempo de lectura":"2 minutos"},"schema":{"@context":"https:\/\/schema.org","@graph":[{"@type":"WebPage","@id":"https:\/\/lottohoy.com\/es\/informacion\/set-for-life-uk\/","url":"https:\/\/lottohoy.com\/es\/informacion\/set-for-life-uk\/","name":"Toda la informaci\u00f3n sobre la loter\u00eda Set for Life (UK) \u2013 LottoHoy.com","isPartOf":{"@id":"https:\/\/lottohoy.com\/es\/#website"},"datePublished":"2020-08-10T16:08:14+00:00","dateModified":"2025-03-25T13:28:57+00:00","description":"Una loter\u00eda diferente. El premio mayor puede cobrarse en pagos de 20.000 \u20ac\/mes durante 30 a\u00f1os. Ver la informaci\u00f3n sobre Set for Life (UK)","breadcrumb":{"@id":"https:\/\/lottohoy.com\/es\/informacion\/set-for-life-uk\/#breadcrumb"},"inLanguage":"es","potentialAction":[{"@type":"ReadAction","target":["https:\/\/lottohoy.com\/es\/informacion\/set-for-life-uk\/"]}]},{"@type":"BreadcrumbList","@id":"https:\/\/lottohoy.com\/es\/informacion\/set-for-life-uk\/#breadcrumb","itemListElement":[{"@type":"ListItem","position":1,"name":"Home","item":"https:\/\/lottohoy.com\/es\/"},{"@type":"ListItem","position":2,"name":"Todo sobre la loter\u00eda online","item":"https:\/\/lottohoy.com\/es\/informacion\/"},{"@type":"ListItem","position":3,"name":"Informaci\u00f3n de Set for Life (UK)"}]},{"@type":"WebSite","@id":"https:\/\/lottohoy.com\/es\/#website","url":"https:\/\/lottohoy.com\/es\/","name":"Lottohoy","description":"","potentialAction":[{"@type":"SearchAction","target":{"@type":"EntryPoint","urlTemplate":"https:\/\/lottohoy.com\/es\/?s={search_term_string}"},"query-input":{"@type":"PropertyValueSpecification","valueRequired":true,"valueName":"search_term_string"}}],"inLanguage":"es"}]}},"_links":{"self":[{"href":"https:\/\/lottohoy.com\/es\/wp-json\/wp\/v2\/pages\/6083","targetHints":{"allow":["GET"]}}],"collection":[{"href":"https:\/\/lottohoy.com\/es\/wp-json\/wp\/v2\/pages"}],"about":[{"href":"https:\/\/lottohoy.com\/es\/wp-json\/wp\/v2\/types\/page"}],"author":[{"embeddable":true,"href":"https:\/\/lottohoy.com\/es\/wp-json\/wp\/v2\/users\/2"}],"replies":[{"embeddable":true,"href":"https:\/\/lottohoy.com\/es\/wp-json\/wp\/v2\/comments?post=6083"}],"version-history":[{"count":1,"href":"https:\/\/lottohoy.com\/es\/wp-json\/wp\/v2\/pages\/6083\/revisions"}],"predecessor-version":[{"id":10858,"href":"https:\/\/lottohoy.com\/es\/wp-json\/wp\/v2\/pages\/6083\/revisions\/10858"}],"up":[{"embeddable":true,"href":"https:\/\/lottohoy.com\/es\/wp-json\/wp\/v2\/pages\/166"}],"wp:attachment":[{"href":"https:\/\/lottohoy.com\/es\/wp-json\/wp\/v2\/media?parent=6083"}],"curies":[{"name":"wp","href":"https:\/\/api.w.org\/{rel}","templated":true}]}}