{"id":6075,"date":"2020-08-10T17:06:25","date_gmt":"2020-08-10T16:06:25","guid":{"rendered":"https:\/\/www.lottohoy.com\/?page_id=6075"},"modified":"2025-03-26T05:19:26","modified_gmt":"2025-03-26T05:19:26","slug":"set-for-life-uk","status":"publish","type":"page","link":"https:\/\/lottohoy.com\/es\/resultados\/set-for-life-uk\/","title":{"rendered":"Set for Life (UK) Resultados"},"content":{"rendered":"<p><!--more--><\/p>\n<p>Para comprobar si ha resultado premiada la jugada de Set for Life, bastar\u00e1 con cotejar los n\u00fameros de la combinaci\u00f3n elegida en su boleto, con el resultado que se muestra en esta misma p\u00e1gina.<\/p>\n<p>En caso de resultar agraciado con alg\u00fan premio en las diversas\u00a0categor\u00edas que tiene Set for Life UK el importe de sus ganancias, se reflejar\u00e1 autom\u00e1ticamente en su cuenta de usuario, quedando disponible desde ese mismo momento.<\/p>\n<h2><strong>Resultado de la Set for Life (UK)<\/strong><\/h2>\n<p>En esta p\u00e1gina se reflejan al detalle, los resultados de los sorteos de la Set for Life UK el bote estimado para este sorteo, as\u00ed como otros detalles de m\u00e1ximo inter\u00e9s para el pron\u00f3stico de tus futuros juegos.<\/p>\n<p>Tambi\u00e9n puedes consultar el\u00a0bote\u00a0acumulado, los ganadores y los premios en cada una de las categor\u00edas y los sorteos anteriores con una antig\u00fcedad de hasta 24 meses.<\/p>\n<p>A la derecha de la combinaci\u00f3n ganadora de este \u00faltimo sorteo, existen tres cuadrados. El cuadrado central muestra la fecha del \u00faltimo sorteo, y a ambos lados de este cuadro central hay sendas flechas a derecha e izquierda para visitar fechas de sorteos anteriores y avanzar desde dichos sorteos hasta la fecha m\u00e1s actual.<\/p>\n<h2><strong>Comprobar resultados y premios del \u00faltimo sorteo<\/strong><\/h2>\n<p>Se muestra una gran tabla con los resultados y reparto de premios por categor\u00edas del \u00faltimo sorteo de Set for Life UK en el d\u00eda de hoy.<\/p>\n<p>Las categor\u00edas de premios (hasta 8 categor\u00edas diferentes), los aciertos necesarios para optar a alguna de las categor\u00edas de premios.<\/p>\n<p>Los ganadores de cada una de las categor\u00edas, y tambi\u00e9n el premio que obtiene cada uno de los ganadores.<\/p>\n<p>Cerrando este gran recuadro, se indica el n\u00famero total de ganadores habidos en este sorteo, y el total de dinero que se reparte entre la totalidad de ganadores.<\/p>\n","protected":false},"excerpt":{"rendered":"","protected":false},"author":2,"featured_media":0,"parent":174,"menu_order":11,"comment_status":"closed","ping_status":"closed","template":"set-for-life-results.php","meta":{"_et_pb_use_builder":"","_et_pb_old_content":"","_et_gb_content_width":"","exclude_from_search":false,"footnotes":""},"class_list":["post-6075","page","type-page","status-publish","hentry"],"yoast_head":"<!-- This site is optimized with the Yoast SEO plugin v23.7 - https:\/\/yoast.com\/wordpress\/plugins\/seo\/ -->\n<title>Comprobar los resultados de los sorteos Set for Life (UK)<\/title>\n<meta name=\"description\" content=\"En esta p\u00e1gina puede consultar todos los resultados de los sorteos de Set for Life (UK) y cotejar sus boletos con los premios obtenido\" \/>\n<meta name=\"robots\" content=\"index, follow, max-snippet:-1, max-image-preview:large, max-video-preview:-1\" \/>\n<link rel=\"canonical\" href=\"https:\/\/lottohoy.com\/es\/resultados\/set-for-life-uk\/\" \/>\n<meta property=\"og:locale\" content=\"es_ES\" \/>\n<meta property=\"og:type\" content=\"article\" \/>\n<meta property=\"og:title\" content=\"Comprobar los resultados de los sorteos Set for Life (UK)\" \/>\n<meta property=\"og:description\" content=\"En esta p\u00e1gina puede consultar todos los resultados de los sorteos de Set for Life (UK) y cotejar sus boletos con los premios obtenido\" \/>\n<meta property=\"og:url\" content=\"https:\/\/lottohoy.com\/es\/resultados\/set-for-life-uk\/\" \/>\n<meta property=\"og:site_name\" content=\"Lottohoy\" \/>\n<meta property=\"article:modified_time\" content=\"2025-03-26T05:19:26+00:00\" \/>\n<meta name=\"twitter:card\" content=\"summary_large_image\" \/>\n<meta name=\"twitter:label1\" content=\"Tiempo de lectura\" \/>\n\t<meta name=\"twitter:data1\" content=\"2 minutos\" \/>\n<script type=\"application\/ld+json\" class=\"yoast-schema-graph\">{\"@context\":\"https:\/\/schema.org\",\"@graph\":[{\"@type\":\"WebPage\",\"@id\":\"https:\/\/lottohoy.com\/es\/resultados\/set-for-life-uk\/\",\"url\":\"https:\/\/lottohoy.com\/es\/resultados\/set-for-life-uk\/\",\"name\":\"Comprobar los resultados de los sorteos Set for Life (UK)\",\"isPartOf\":{\"@id\":\"https:\/\/lottohoy.com\/es\/#website\"},\"datePublished\":\"2020-08-10T16:06:25+00:00\",\"dateModified\":\"2025-03-26T05:19:26+00:00\",\"description\":\"En esta p\u00e1gina puede consultar todos los resultados de los sorteos de Set for Life (UK) y cotejar sus boletos con los premios obtenido\",\"breadcrumb\":{\"@id\":\"https:\/\/lottohoy.com\/es\/resultados\/set-for-life-uk\/#breadcrumb\"},\"inLanguage\":\"es\",\"potentialAction\":[{\"@type\":\"ReadAction\",\"target\":[\"https:\/\/lottohoy.com\/es\/resultados\/set-for-life-uk\/\"]}]},{\"@type\":\"BreadcrumbList\",\"@id\":\"https:\/\/lottohoy.com\/es\/resultados\/set-for-life-uk\/#breadcrumb\",\"itemListElement\":[{\"@type\":\"ListItem\",\"position\":1,\"name\":\"Home\",\"item\":\"https:\/\/lottohoy.com\/es\/\"},{\"@type\":\"ListItem\",\"position\":2,\"name\":\"Resultados de loter\u00eda\",\"item\":\"https:\/\/lottohoy.com\/es\/resultados\/\"},{\"@type\":\"ListItem\",\"position\":3,\"name\":\"Set for Life (UK) Resultados\"}]},{\"@type\":\"WebSite\",\"@id\":\"https:\/\/lottohoy.com\/es\/#website\",\"url\":\"https:\/\/lottohoy.com\/es\/\",\"name\":\"Lottohoy\",\"description\":\"\",\"potentialAction\":[{\"@type\":\"SearchAction\",\"target\":{\"@type\":\"EntryPoint\",\"urlTemplate\":\"https:\/\/lottohoy.com\/es\/?s={search_term_string}\"},\"query-input\":{\"@type\":\"PropertyValueSpecification\",\"valueRequired\":true,\"valueName\":\"search_term_string\"}}],\"inLanguage\":\"es\"}]}<\/script>\n<!-- \/ Yoast SEO plugin. -->","yoast_head_json":{"title":"Comprobar los resultados de los sorteos Set for Life (UK)","description":"En esta p\u00e1gina puede consultar todos los resultados de los sorteos de Set for Life (UK) y cotejar sus boletos con los premios obtenido","robots":{"index":"index","follow":"follow","max-snippet":"max-snippet:-1","max-image-preview":"max-image-preview:large","max-video-preview":"max-video-preview:-1"},"canonical":"https:\/\/lottohoy.com\/es\/resultados\/set-for-life-uk\/","og_locale":"es_ES","og_type":"article","og_title":"Comprobar los resultados de los sorteos Set for Life (UK)","og_description":"En esta p\u00e1gina puede consultar todos los resultados de los sorteos de Set for Life (UK) y cotejar sus boletos con los premios obtenido","og_url":"https:\/\/lottohoy.com\/es\/resultados\/set-for-life-uk\/","og_site_name":"Lottohoy","article_modified_time":"2025-03-26T05:19:26+00:00","twitter_card":"summary_large_image","twitter_misc":{"Tiempo de lectura":"2 minutos"},"schema":{"@context":"https:\/\/schema.org","@graph":[{"@type":"WebPage","@id":"https:\/\/lottohoy.com\/es\/resultados\/set-for-life-uk\/","url":"https:\/\/lottohoy.com\/es\/resultados\/set-for-life-uk\/","name":"Comprobar los resultados de los sorteos Set for Life (UK)","isPartOf":{"@id":"https:\/\/lottohoy.com\/es\/#website"},"datePublished":"2020-08-10T16:06:25+00:00","dateModified":"2025-03-26T05:19:26+00:00","description":"En esta p\u00e1gina puede consultar todos los resultados de los sorteos de Set for Life (UK) y cotejar sus boletos con los premios obtenido","breadcrumb":{"@id":"https:\/\/lottohoy.com\/es\/resultados\/set-for-life-uk\/#breadcrumb"},"inLanguage":"es","potentialAction":[{"@type":"ReadAction","target":["https:\/\/lottohoy.com\/es\/resultados\/set-for-life-uk\/"]}]},{"@type":"BreadcrumbList","@id":"https:\/\/lottohoy.com\/es\/resultados\/set-for-life-uk\/#breadcrumb","itemListElement":[{"@type":"ListItem","position":1,"name":"Home","item":"https:\/\/lottohoy.com\/es\/"},{"@type":"ListItem","position":2,"name":"Resultados de loter\u00eda","item":"https:\/\/lottohoy.com\/es\/resultados\/"},{"@type":"ListItem","position":3,"name":"Set for Life (UK) Resultados"}]},{"@type":"WebSite","@id":"https:\/\/lottohoy.com\/es\/#website","url":"https:\/\/lottohoy.com\/es\/","name":"Lottohoy","description":"","potentialAction":[{"@type":"SearchAction","target":{"@type":"EntryPoint","urlTemplate":"https:\/\/lottohoy.com\/es\/?s={search_term_string}"},"query-input":{"@type":"PropertyValueSpecification","valueRequired":true,"valueName":"search_term_string"}}],"inLanguage":"es"}]}},"_links":{"self":[{"href":"https:\/\/lottohoy.com\/es\/wp-json\/wp\/v2\/pages\/6075","targetHints":{"allow":["GET"]}}],"collection":[{"href":"https:\/\/lottohoy.com\/es\/wp-json\/wp\/v2\/pages"}],"about":[{"href":"https:\/\/lottohoy.com\/es\/wp-json\/wp\/v2\/types\/page"}],"author":[{"embeddable":true,"href":"https:\/\/lottohoy.com\/es\/wp-json\/wp\/v2\/users\/2"}],"replies":[{"embeddable":true,"href":"https:\/\/lottohoy.com\/es\/wp-json\/wp\/v2\/comments?post=6075"}],"version-history":[{"count":2,"href":"https:\/\/lottohoy.com\/es\/wp-json\/wp\/v2\/pages\/6075\/revisions"}],"predecessor-version":[{"id":16984,"href":"https:\/\/lottohoy.com\/es\/wp-json\/wp\/v2\/pages\/6075\/revisions\/16984"}],"up":[{"embeddable":true,"href":"https:\/\/lottohoy.com\/es\/wp-json\/wp\/v2\/pages\/174"}],"wp:attachment":[{"href":"https:\/\/lottohoy.com\/es\/wp-json\/wp\/v2\/media?parent=6075"}],"curies":[{"name":"wp","href":"https:\/\/api.w.org\/{rel}","templated":true}]}}