{"id":6020,"date":"2020-08-10T16:00:00","date_gmt":"2020-08-10T15:00:00","guid":{"rendered":"https:\/\/www.lottohoy.com\/?page_id=6020"},"modified":"2025-03-25T15:06:24","modified_gmt":"2025-03-25T15:06:24","slug":"mega-sena","status":"publish","type":"page","link":"https:\/\/lottohoy.com\/es\/informacion\/mega-sena\/","title":{"rendered":"Mega Sena Informaci\u00f3n"},"content":{"rendered":"<h2><strong>\u00bfQu\u00e9 es Mega Sena?<\/strong><\/h2>\n<p>Esta loter\u00eda se cre\u00f3 en el mes de marzo de 1996, siendo operada a trav\u00e9s del banco federal Caixa Econ\u00f3mica, una instituci\u00f3n financiera que depende del gobierno federal brasile\u00f1o como empresa p\u00fablica, con el 100% del capital<\/p>\n<p>Esta loter\u00eda, la m\u00e1s grande de todo el sur de Am\u00e9rica, dispone un premio m\u00ednimo garantizado de 2.000.000 R$ para los acertantes de primera categor\u00eda (6 aciertos)<\/p>\n<p>En caso de no haber acertante alguno de la primera categor\u00eda, el importe se ira acumulando de manera indefinida para los siguientes sorteos, has que haya ganador o ganadores.<\/p>\n<h2><strong>\u00bfC\u00f3mo se juega Mega Sena?<\/strong><\/h2>\n<p>Para jugar de los sorteos de la Mega Sena online, el jugador debe configurar su pron\u00f3stico seleccionando 6 n\u00fameros entre 1 y el 60, y puede hacerlo a la manera tradicional, es decir marcando las seis casillas de manera manual, o bien permitiendo que el propio sistema elija la combinaci\u00f3n de manera aleatoria.<\/p>\n<p>Las apuestas m\u00faltiples, qu\u00e9 si pueden hacerse con los boletos f\u00edsicos, no es posible (al menos por el momento) en nuestra plataforma online<\/p>\n<h2><strong>Precio de las apuestas<br \/>\n<\/strong><\/h2>\n<p>El precio de cada apuesta de Mega Sena en LottoHoy es de 2 \u20ac.<\/p>\n<h2><strong>Sorteo especial fin de a\u00f1o de Mega Sena<\/strong><\/h2>\n<p>Hay un sorteo especial que se celebra a finales de a\u00f1os, y cuyo premio se acumula de recoger el 5% de la recaudaci\u00f3n en los sorteos normales durante todo el a\u00f1o.<\/p>\n<p>Este sorteo especial se llama <strong>Mega Sena da Virada, <\/strong>y se comercializa la venta de boletos entre los meses de noviembre y diciembre para el sorteo del d\u00eda 31 de diciembre.<\/p>\n<p>El reparto de premios es muy similar a los sorteos normales de cada semana, un 62% de los recaudado ser\u00e1 para los acertantes de primera categor\u00eda (6 aciertos) tambi\u00e9n llamada <strong>Sena<\/strong>,<\/p>\n<p>La segunda categor\u00eda de premios (o <strong>Kina<\/strong> 5 aciertos) de Mega Virada, reparte el 19% de lo recaudado, al igual la tercera categor\u00eda (<strong>Quadra <\/strong>4 aciertos)<\/p>\n<p>En caso de no haber acertantes en primera categor\u00eda, el premio se acumular\u00e1 para los posibles acertantes de segunda categor\u00eda, y en caso de no haber acertantes de primera y segunda categor\u00eda, el premio se repartir\u00eda entre los acertantes de 4 aciertos en la tercera categor\u00eda.<\/p>\n<p>Si no hubiese acertante alguno en ninguna de las categor\u00edas, el importe de los premios se acumula para el pr\u00f3ximo sorteo en sus categor\u00edas respectivas.<\/p>\n<h2>Sorteos extraordinarios de loter\u00eda Mega Sena<\/h2>\n<p>Adem\u00e1s del sorteo extraordinario de fin de a\u00f1o Maga Sena da Virada, hay un par de sorteos m\u00e1s en los que el jugador puede tentar la suerte.<\/p>\n<p>La <strong>Lotof\u00e1cil da independencia<\/strong>, que coincide con la fecha de independencia del pa\u00eds, el 7 de septiembre.<\/p>\n<p>Y la DuplaSena que coincide con la Pascua, y se denomina D<strong>upla de Pascoa<\/strong><\/p>\n<p><strong>Categor\u00edas de premios<\/strong><\/p>\n<p>Hay 3 categor\u00edas de premios en total, como se puede apreciar en el cuadro siguientes<\/p>\n<p><!--more--><\/p>\n","protected":false},"excerpt":{"rendered":"<p>\u00bfQu\u00e9 es Mega Sena? Esta loter\u00eda se cre\u00f3 en el mes de marzo de 1996, siendo operada a trav\u00e9s del banco federal Caixa Econ\u00f3mica, una instituci\u00f3n financiera que depende del gobierno federal brasile\u00f1o como empresa p\u00fablica, con el 100% del capital Esta loter\u00eda, la m\u00e1s grande de todo el sur de Am\u00e9rica, dispone un premio [&hellip;]<\/p>\n","protected":false},"author":2,"featured_media":0,"parent":166,"menu_order":16,"comment_status":"closed","ping_status":"closed","template":"megasena-info.php","meta":{"_et_pb_use_builder":"","_et_pb_old_content":"","_et_gb_content_width":"","exclude_from_search":false,"footnotes":""},"class_list":["post-6020","page","type-page","status-publish","hentry"],"yoast_head":"<!-- This site is optimized with the Yoast SEO plugin v23.7 - https:\/\/yoast.com\/wordpress\/plugins\/seo\/ -->\n<title>Informaci\u00f3n sobre la loter\u00eda Mega Sena \u2013 Lottohoy.com<\/title>\n<meta name=\"description\" content=\"Todos los detalles e informaci\u00f3n sobre la loter\u00eda Mega Sena, detalles sobre precios, jugadas, y ventajas de jugar online\" \/>\n<meta name=\"robots\" content=\"index, follow, max-snippet:-1, max-image-preview:large, max-video-preview:-1\" \/>\n<link rel=\"canonical\" href=\"https:\/\/lottohoy.com\/es\/informacion\/mega-sena\/\" \/>\n<meta property=\"og:locale\" content=\"es_ES\" \/>\n<meta property=\"og:type\" content=\"article\" \/>\n<meta property=\"og:title\" content=\"Informaci\u00f3n sobre la loter\u00eda Mega Sena \u2013 Lottohoy.com\" \/>\n<meta property=\"og:description\" content=\"Todos los detalles e informaci\u00f3n sobre la loter\u00eda Mega Sena, detalles sobre precios, jugadas, y ventajas de jugar online\" \/>\n<meta property=\"og:url\" content=\"https:\/\/lottohoy.com\/es\/informacion\/mega-sena\/\" \/>\n<meta property=\"og:site_name\" content=\"Lottohoy\" \/>\n<meta property=\"article:modified_time\" content=\"2025-03-25T15:06:24+00:00\" \/>\n<meta name=\"twitter:card\" content=\"summary_large_image\" \/>\n<meta name=\"twitter:label1\" content=\"Tiempo de lectura\" \/>\n\t<meta name=\"twitter:data1\" content=\"3 minutos\" \/>\n<script type=\"application\/ld+json\" class=\"yoast-schema-graph\">{\"@context\":\"https:\/\/schema.org\",\"@graph\":[{\"@type\":\"WebPage\",\"@id\":\"https:\/\/lottohoy.com\/es\/informacion\/mega-sena\/\",\"url\":\"https:\/\/lottohoy.com\/es\/informacion\/mega-sena\/\",\"name\":\"Informaci\u00f3n sobre la loter\u00eda Mega Sena \u2013 Lottohoy.com\",\"isPartOf\":{\"@id\":\"https:\/\/lottohoy.com\/es\/#website\"},\"datePublished\":\"2020-08-10T15:00:00+00:00\",\"dateModified\":\"2025-03-25T15:06:24+00:00\",\"description\":\"Todos los detalles e informaci\u00f3n sobre la loter\u00eda Mega Sena, detalles sobre precios, jugadas, y ventajas de jugar online\",\"breadcrumb\":{\"@id\":\"https:\/\/lottohoy.com\/es\/informacion\/mega-sena\/#breadcrumb\"},\"inLanguage\":\"es\",\"potentialAction\":[{\"@type\":\"ReadAction\",\"target\":[\"https:\/\/lottohoy.com\/es\/informacion\/mega-sena\/\"]}]},{\"@type\":\"BreadcrumbList\",\"@id\":\"https:\/\/lottohoy.com\/es\/informacion\/mega-sena\/#breadcrumb\",\"itemListElement\":[{\"@type\":\"ListItem\",\"position\":1,\"name\":\"Home\",\"item\":\"https:\/\/lottohoy.com\/es\/\"},{\"@type\":\"ListItem\",\"position\":2,\"name\":\"Todo sobre la loter\u00eda online\",\"item\":\"https:\/\/lottohoy.com\/es\/informacion\/\"},{\"@type\":\"ListItem\",\"position\":3,\"name\":\"Mega Sena Informaci\u00f3n\"}]},{\"@type\":\"WebSite\",\"@id\":\"https:\/\/lottohoy.com\/es\/#website\",\"url\":\"https:\/\/lottohoy.com\/es\/\",\"name\":\"Lottohoy\",\"description\":\"\",\"potentialAction\":[{\"@type\":\"SearchAction\",\"target\":{\"@type\":\"EntryPoint\",\"urlTemplate\":\"https:\/\/lottohoy.com\/es\/?s={search_term_string}\"},\"query-input\":{\"@type\":\"PropertyValueSpecification\",\"valueRequired\":true,\"valueName\":\"search_term_string\"}}],\"inLanguage\":\"es\"}]}<\/script>\n<!-- \/ Yoast SEO plugin. -->","yoast_head_json":{"title":"Informaci\u00f3n sobre la loter\u00eda Mega Sena \u2013 Lottohoy.com","description":"Todos los detalles e informaci\u00f3n sobre la loter\u00eda Mega Sena, detalles sobre precios, jugadas, y ventajas de jugar online","robots":{"index":"index","follow":"follow","max-snippet":"max-snippet:-1","max-image-preview":"max-image-preview:large","max-video-preview":"max-video-preview:-1"},"canonical":"https:\/\/lottohoy.com\/es\/informacion\/mega-sena\/","og_locale":"es_ES","og_type":"article","og_title":"Informaci\u00f3n sobre la loter\u00eda Mega Sena \u2013 Lottohoy.com","og_description":"Todos los detalles e informaci\u00f3n sobre la loter\u00eda Mega Sena, detalles sobre precios, jugadas, y ventajas de jugar online","og_url":"https:\/\/lottohoy.com\/es\/informacion\/mega-sena\/","og_site_name":"Lottohoy","article_modified_time":"2025-03-25T15:06:24+00:00","twitter_card":"summary_large_image","twitter_misc":{"Tiempo de lectura":"3 minutos"},"schema":{"@context":"https:\/\/schema.org","@graph":[{"@type":"WebPage","@id":"https:\/\/lottohoy.com\/es\/informacion\/mega-sena\/","url":"https:\/\/lottohoy.com\/es\/informacion\/mega-sena\/","name":"Informaci\u00f3n sobre la loter\u00eda Mega Sena \u2013 Lottohoy.com","isPartOf":{"@id":"https:\/\/lottohoy.com\/es\/#website"},"datePublished":"2020-08-10T15:00:00+00:00","dateModified":"2025-03-25T15:06:24+00:00","description":"Todos los detalles e informaci\u00f3n sobre la loter\u00eda Mega Sena, detalles sobre precios, jugadas, y ventajas de jugar online","breadcrumb":{"@id":"https:\/\/lottohoy.com\/es\/informacion\/mega-sena\/#breadcrumb"},"inLanguage":"es","potentialAction":[{"@type":"ReadAction","target":["https:\/\/lottohoy.com\/es\/informacion\/mega-sena\/"]}]},{"@type":"BreadcrumbList","@id":"https:\/\/lottohoy.com\/es\/informacion\/mega-sena\/#breadcrumb","itemListElement":[{"@type":"ListItem","position":1,"name":"Home","item":"https:\/\/lottohoy.com\/es\/"},{"@type":"ListItem","position":2,"name":"Todo sobre la loter\u00eda online","item":"https:\/\/lottohoy.com\/es\/informacion\/"},{"@type":"ListItem","position":3,"name":"Mega Sena Informaci\u00f3n"}]},{"@type":"WebSite","@id":"https:\/\/lottohoy.com\/es\/#website","url":"https:\/\/lottohoy.com\/es\/","name":"Lottohoy","description":"","potentialAction":[{"@type":"SearchAction","target":{"@type":"EntryPoint","urlTemplate":"https:\/\/lottohoy.com\/es\/?s={search_term_string}"},"query-input":{"@type":"PropertyValueSpecification","valueRequired":true,"valueName":"search_term_string"}}],"inLanguage":"es"}]}},"_links":{"self":[{"href":"https:\/\/lottohoy.com\/es\/wp-json\/wp\/v2\/pages\/6020","targetHints":{"allow":["GET"]}}],"collection":[{"href":"https:\/\/lottohoy.com\/es\/wp-json\/wp\/v2\/pages"}],"about":[{"href":"https:\/\/lottohoy.com\/es\/wp-json\/wp\/v2\/types\/page"}],"author":[{"embeddable":true,"href":"https:\/\/lottohoy.com\/es\/wp-json\/wp\/v2\/users\/2"}],"replies":[{"embeddable":true,"href":"https:\/\/lottohoy.com\/es\/wp-json\/wp\/v2\/comments?post=6020"}],"version-history":[{"count":2,"href":"https:\/\/lottohoy.com\/es\/wp-json\/wp\/v2\/pages\/6020\/revisions"}],"predecessor-version":[{"id":14889,"href":"https:\/\/lottohoy.com\/es\/wp-json\/wp\/v2\/pages\/6020\/revisions\/14889"}],"up":[{"embeddable":true,"href":"https:\/\/lottohoy.com\/es\/wp-json\/wp\/v2\/pages\/166"}],"wp:attachment":[{"href":"https:\/\/lottohoy.com\/es\/wp-json\/wp\/v2\/media?parent=6020"}],"curies":[{"name":"wp","href":"https:\/\/api.w.org\/{rel}","templated":true}]}}