{"id":6010,"date":"2020-08-10T15:58:35","date_gmt":"2020-08-10T14:58:35","guid":{"rendered":"https:\/\/www.lottohoy.com\/?page_id=6010"},"modified":"2025-03-26T06:01:51","modified_gmt":"2025-03-26T06:01:51","slug":"mega-sena","status":"publish","type":"page","link":"https:\/\/lottohoy.com\/es\/resultados\/mega-sena\/","title":{"rendered":"Resultados Mega Sena"},"content":{"rendered":"<p><!--more--><\/p>\n<h2><strong>Comprobar los resultados de Mega Sena<\/strong><\/h2>\n<p>Para comprobar\u00a0la combinaci\u00f3n ganadora de los sorteos de la loter\u00eda Mega Sena, bastar\u00e1 con comparar los n\u00fameros de la combinaci\u00f3n que se muestra en su boleto, con el resultado que se muestra en esta misma p\u00e1gina.<\/p>\n<p>Tambi\u00e9n se puede acceder a la cuenta de usuario, donde estar\u00e1 reflejados todos los movimientos, inclusive los premios obtenidos<\/p>\n<p>En esta misma p\u00e1gina, tambi\u00e9n puedes consultar el acumulado, los ganadores y los premios en cada una de las categor\u00edas y los sorteos anteriores con una antig\u00fcedad de hasta 24 meses.<\/p>\n<h2><strong>\u00bfC\u00f3mo es el reparto de premios?<\/strong><\/h2>\n<p>En esta p\u00e1gina, se muestra la combinaci\u00f3n ganadora del \u00faltimo sorteo y el reparto de premios correspondiente a cada una de las categor\u00edas.<\/p>\n<p>En caso de ser usuario registrado, los premios obtenidos se depositan directamente en la cuenta de usuario, pudiendo disponer de dinero en su balance, para que de nuevo y si se desea, se pueda\u00a0jugar o solicitar un retiro de fondos<\/p>\n<h2><strong>Mayores premios y botes de la loter\u00eda Mega Sena<\/strong><\/h2>\n<p>El premio m\u00ednimo garantizado es de 2.000.000 R$. La primera categor\u00eda de premio es acumulativa en caso de no haber acertante alguno en el sorteo, y el premio se sigue acumulando sin limite.<\/p>\n<p>El mayor bote acumulados en la historia de esta loter\u00eda fue en el a\u00f1o 2017, que alcanz\u00f3 un record de 306.718.743, 71 R$ (equivalente a 49.074.999 \u20ac)<\/p>\n<p>Mega Sena<strong>,<\/strong> es una loter\u00eda de las que podr\u00edamos considerar \u201cf\u00e1cil\u201d y a pesar de que tiene un premio m\u00ednimo garantizado de 2.000.000 \u20ac para los acertantes de primera categor\u00eda (6 aciertos), no suelen conseguirse botes acumulativos de cantidades supermillonarias como otras loter\u00edas europeas o americanas. Y ello es porque se consigue acertar con frecuencia y son muchos los millonarios que ha creado esta loter\u00eda.<\/p>\n<h2><strong>Los n\u00fameros m\u00e1s frecuentes en Mega Sena<\/strong><\/h2>\n<p>Desde el inicio de los sorteos en marzo de 1996, los n\u00fameros que con m\u00e1s frecuencia han salido han sido:<\/p>\n<p>Los llamados \u201c<strong>n\u00fameros calientes<\/strong>\u201d 10, 53, 23, 5, 4 y 33<\/p>\n<p>Los llamados \u201c<strong>n\u00fameros fr\u00edos<\/strong>\u201d 25, 55, 21, 22, 3 y 15<\/p>\n<p>De entre los n\u00fameros principales, los que m\u00e1s apariciones han tenido son:<\/p>\n<ul>\n<li>El n\u00famero 10, con 262 apariciones<\/li>\n<li>El n\u00famero 55, con 261 apariciones<\/li>\n<\/ul>\n<p>Por el contrario, al ver los n\u00fameros que menos veces han salido, vemos que el n\u00famero 26, tan solo ha tenido 187 apariciones<\/p>\n<p>Y para los amantes de las estad\u00edsticas:<\/p>\n<ul>\n<li>Los pares m\u00e1s comunes han sido el 5 y 33 o el 5 y 27<\/li>\n<li>Los pares consecutivos han sido el 51 y 52 o el 41 y 42<\/li>\n<li>Los tr\u00edos m\u00e1s comunes han sido: 24-25 y 42<\/li>\n<li>Y por \u00faltimo los tr\u00edos consecutivos fueron: 6-7 y 8<\/li>\n<\/ul>\n","protected":false},"excerpt":{"rendered":"","protected":false},"author":2,"featured_media":0,"parent":174,"menu_order":16,"comment_status":"closed","ping_status":"closed","template":"megasena-results.php","meta":{"_et_pb_use_builder":"","_et_pb_old_content":"","_et_gb_content_width":"","exclude_from_search":false,"footnotes":""},"class_list":["post-6010","page","type-page","status-publish","hentry"],"yoast_head":"<!-- This site is optimized with the Yoast SEO plugin v23.7 - https:\/\/yoast.com\/wordpress\/plugins\/seo\/ -->\n<title>Se muestran los resultados de Mega Sena \u2013 LottoHoy.com<\/title>\n<meta name=\"description\" content=\"Comprobar si se ha obtenido premio en los sorteos y cotejar la apuesta realizada, se muestran los resultados de Mega Sena del \u00faltimo sorteo.\" \/>\n<meta name=\"robots\" content=\"index, follow, max-snippet:-1, max-image-preview:large, max-video-preview:-1\" \/>\n<link rel=\"canonical\" href=\"https:\/\/lottohoy.com\/es\/resultados\/mega-sena\/\" \/>\n<meta property=\"og:locale\" content=\"es_ES\" \/>\n<meta property=\"og:type\" content=\"article\" \/>\n<meta property=\"og:title\" content=\"Se muestran los resultados de Mega Sena \u2013 LottoHoy.com\" \/>\n<meta property=\"og:description\" content=\"Comprobar si se ha obtenido premio en los sorteos y cotejar la apuesta realizada, se muestran los resultados de Mega Sena del \u00faltimo sorteo.\" \/>\n<meta property=\"og:url\" content=\"https:\/\/lottohoy.com\/es\/resultados\/mega-sena\/\" \/>\n<meta property=\"og:site_name\" content=\"Lottohoy\" \/>\n<meta property=\"article:modified_time\" content=\"2025-03-26T06:01:51+00:00\" \/>\n<meta name=\"twitter:card\" content=\"summary_large_image\" \/>\n<meta name=\"twitter:label1\" content=\"Tiempo de lectura\" \/>\n\t<meta name=\"twitter:data1\" content=\"2 minutos\" \/>\n<script type=\"application\/ld+json\" class=\"yoast-schema-graph\">{\"@context\":\"https:\/\/schema.org\",\"@graph\":[{\"@type\":\"WebPage\",\"@id\":\"https:\/\/lottohoy.com\/es\/resultados\/mega-sena\/\",\"url\":\"https:\/\/lottohoy.com\/es\/resultados\/mega-sena\/\",\"name\":\"Se muestran los resultados de Mega Sena \u2013 LottoHoy.com\",\"isPartOf\":{\"@id\":\"https:\/\/lottohoy.com\/es\/#website\"},\"datePublished\":\"2020-08-10T14:58:35+00:00\",\"dateModified\":\"2025-03-26T06:01:51+00:00\",\"description\":\"Comprobar si se ha obtenido premio en los sorteos y cotejar la apuesta realizada, se muestran los resultados de Mega Sena del \u00faltimo sorteo.\",\"breadcrumb\":{\"@id\":\"https:\/\/lottohoy.com\/es\/resultados\/mega-sena\/#breadcrumb\"},\"inLanguage\":\"es\",\"potentialAction\":[{\"@type\":\"ReadAction\",\"target\":[\"https:\/\/lottohoy.com\/es\/resultados\/mega-sena\/\"]}]},{\"@type\":\"BreadcrumbList\",\"@id\":\"https:\/\/lottohoy.com\/es\/resultados\/mega-sena\/#breadcrumb\",\"itemListElement\":[{\"@type\":\"ListItem\",\"position\":1,\"name\":\"Home\",\"item\":\"https:\/\/lottohoy.com\/es\/\"},{\"@type\":\"ListItem\",\"position\":2,\"name\":\"Resultados de loter\u00eda\",\"item\":\"https:\/\/lottohoy.com\/es\/resultados\/\"},{\"@type\":\"ListItem\",\"position\":3,\"name\":\"Resultados Mega Sena\"}]},{\"@type\":\"WebSite\",\"@id\":\"https:\/\/lottohoy.com\/es\/#website\",\"url\":\"https:\/\/lottohoy.com\/es\/\",\"name\":\"Lottohoy\",\"description\":\"\",\"potentialAction\":[{\"@type\":\"SearchAction\",\"target\":{\"@type\":\"EntryPoint\",\"urlTemplate\":\"https:\/\/lottohoy.com\/es\/?s={search_term_string}\"},\"query-input\":{\"@type\":\"PropertyValueSpecification\",\"valueRequired\":true,\"valueName\":\"search_term_string\"}}],\"inLanguage\":\"es\"}]}<\/script>\n<!-- \/ Yoast SEO plugin. -->","yoast_head_json":{"title":"Se muestran los resultados de Mega Sena \u2013 LottoHoy.com","description":"Comprobar si se ha obtenido premio en los sorteos y cotejar la apuesta realizada, se muestran los resultados de Mega Sena del \u00faltimo sorteo.","robots":{"index":"index","follow":"follow","max-snippet":"max-snippet:-1","max-image-preview":"max-image-preview:large","max-video-preview":"max-video-preview:-1"},"canonical":"https:\/\/lottohoy.com\/es\/resultados\/mega-sena\/","og_locale":"es_ES","og_type":"article","og_title":"Se muestran los resultados de Mega Sena \u2013 LottoHoy.com","og_description":"Comprobar si se ha obtenido premio en los sorteos y cotejar la apuesta realizada, se muestran los resultados de Mega Sena del \u00faltimo sorteo.","og_url":"https:\/\/lottohoy.com\/es\/resultados\/mega-sena\/","og_site_name":"Lottohoy","article_modified_time":"2025-03-26T06:01:51+00:00","twitter_card":"summary_large_image","twitter_misc":{"Tiempo de lectura":"2 minutos"},"schema":{"@context":"https:\/\/schema.org","@graph":[{"@type":"WebPage","@id":"https:\/\/lottohoy.com\/es\/resultados\/mega-sena\/","url":"https:\/\/lottohoy.com\/es\/resultados\/mega-sena\/","name":"Se muestran los resultados de Mega Sena \u2013 LottoHoy.com","isPartOf":{"@id":"https:\/\/lottohoy.com\/es\/#website"},"datePublished":"2020-08-10T14:58:35+00:00","dateModified":"2025-03-26T06:01:51+00:00","description":"Comprobar si se ha obtenido premio en los sorteos y cotejar la apuesta realizada, se muestran los resultados de Mega Sena del \u00faltimo sorteo.","breadcrumb":{"@id":"https:\/\/lottohoy.com\/es\/resultados\/mega-sena\/#breadcrumb"},"inLanguage":"es","potentialAction":[{"@type":"ReadAction","target":["https:\/\/lottohoy.com\/es\/resultados\/mega-sena\/"]}]},{"@type":"BreadcrumbList","@id":"https:\/\/lottohoy.com\/es\/resultados\/mega-sena\/#breadcrumb","itemListElement":[{"@type":"ListItem","position":1,"name":"Home","item":"https:\/\/lottohoy.com\/es\/"},{"@type":"ListItem","position":2,"name":"Resultados de loter\u00eda","item":"https:\/\/lottohoy.com\/es\/resultados\/"},{"@type":"ListItem","position":3,"name":"Resultados Mega Sena"}]},{"@type":"WebSite","@id":"https:\/\/lottohoy.com\/es\/#website","url":"https:\/\/lottohoy.com\/es\/","name":"Lottohoy","description":"","potentialAction":[{"@type":"SearchAction","target":{"@type":"EntryPoint","urlTemplate":"https:\/\/lottohoy.com\/es\/?s={search_term_string}"},"query-input":{"@type":"PropertyValueSpecification","valueRequired":true,"valueName":"search_term_string"}}],"inLanguage":"es"}]}},"_links":{"self":[{"href":"https:\/\/lottohoy.com\/es\/wp-json\/wp\/v2\/pages\/6010","targetHints":{"allow":["GET"]}}],"collection":[{"href":"https:\/\/lottohoy.com\/es\/wp-json\/wp\/v2\/pages"}],"about":[{"href":"https:\/\/lottohoy.com\/es\/wp-json\/wp\/v2\/types\/page"}],"author":[{"embeddable":true,"href":"https:\/\/lottohoy.com\/es\/wp-json\/wp\/v2\/users\/2"}],"replies":[{"embeddable":true,"href":"https:\/\/lottohoy.com\/es\/wp-json\/wp\/v2\/comments?post=6010"}],"version-history":[{"count":1,"href":"https:\/\/lottohoy.com\/es\/wp-json\/wp\/v2\/pages\/6010\/revisions"}],"predecessor-version":[{"id":10855,"href":"https:\/\/lottohoy.com\/es\/wp-json\/wp\/v2\/pages\/6010\/revisions\/10855"}],"up":[{"embeddable":true,"href":"https:\/\/lottohoy.com\/es\/wp-json\/wp\/v2\/pages\/174"}],"wp:attachment":[{"href":"https:\/\/lottohoy.com\/es\/wp-json\/wp\/v2\/media?parent=6010"}],"curies":[{"name":"wp","href":"https:\/\/api.w.org\/{rel}","templated":true}]}}