{"id":3704,"date":"2019-03-22T16:10:01","date_gmt":"2019-03-22T16:10:01","guid":{"rendered":"https:\/\/www.lottohoy.com\/?page_id=3704"},"modified":"2025-03-17T17:39:06","modified_gmt":"2025-03-17T17:39:06","slug":"lotto-fr","status":"publish","type":"page","link":"https:\/\/lottohoy.com\/es\/informacion\/lotto-fr\/","title":{"rendered":"Informaci\u00f3n de French Lotto"},"content":{"rendered":"<p><!--more--><\/p>\n<h2><b>\u00bfQu\u00e9 es French Lotto?<\/b><\/h2>\n<p><span style=\"font-weight: 400;\">Esta loter\u00eda se cre\u00f3 en 1976, siendo operada por el gobierno franc\u00e9s, aunque desde 2018, se hace p\u00fablica en un 50% con la idea de hacerlo m\u00e1s competitiva.<\/span><\/p>\n<p><span style=\"font-weight: 400;\">El bote m\u00ednimo garantizado para los acertantes de primera categor\u00eda (5+1) es de 2.000.000 \u20ac. Esta cantidad se incrementa en 1.000.000 \u20ac si no hay acertantes, configurando un bote que puede llegar a acumularse por un m\u00e1ximo de 34 sorteos.<\/span><\/p>\n<p><span style=\"font-weight: 400;\">En caso de no haber acertante alguno transcurridas esas 34 ocasiones, el importe acumulado se repartir\u00e1 entre las siguientes categor\u00edas en el siguiente sorteo.<\/span><\/p>\n<h2><b>\u00bfC\u00f3mo se juega French Lotto?<\/b><\/h2>\n<p><span style=\"font-weight: 400;\">Para jugar de los sorteos de la <a href=\"https:\/\/lottohoy.com\/es\/jugar\/lotto-fr\/\">Loter\u00eda de Francia<\/a>, el jugador debe configurar su pron\u00f3stico seleccionando 5 n\u00fameros entre el 1 y el 49, y una bola extra numeradas del 1 al 10 ambas inclusive.<\/span><\/p>\n<h2><strong>Categor\u00edas de premios<\/strong><\/h2>\n<p><span style=\"font-weight: 400;\">Hay 9 categor\u00edas de premios en total. A excepci\u00f3n de la primera categor\u00eda que opta al jackpot, el resto de categor\u00edas de premios tienen establecido una cantidad fija para cada categor\u00eda, como vemos en el siguiente recuadro:<\/span><\/p>\n<table>\n<tbody>\n<tr>\n<td><b>Categor\u00edas<\/b><\/td>\n<td><b>Aciertos<\/b><\/td>\n<td><b>Cantidad de premio<\/b><\/td>\n<\/tr>\n<tr>\n<td><span style=\"font-weight: 400;\">1ra. Categor\u00eda<\/span><\/td>\n<td><span style=\"font-weight: 400;\">5 aciertos + bola chance<\/span><\/td>\n<td><span style=\"font-weight: 400;\">Bote o Jackpot<\/span><\/td>\n<\/tr>\n<tr>\n<td><span style=\"font-weight: 400;\">2da. Categor\u00eda<\/span><\/td>\n<td><span style=\"font-weight: 400;\">5 aciertos<\/span><\/td>\n<td><span style=\"font-weight: 400;\">100.000 \u20ac<\/span><\/td>\n<\/tr>\n<tr>\n<td><span style=\"font-weight: 400;\">3ra. Categor\u00eda<\/span><\/td>\n<td><span style=\"font-weight: 400;\">4 aciertos + bola chance<\/span><\/td>\n<td><span style=\"font-weight: 400;\">1000 \u20ac<\/span><\/td>\n<\/tr>\n<tr>\n<td><span style=\"font-weight: 400;\">4ta. Categor\u00eda<\/span><\/td>\n<td><span style=\"font-weight: 400;\">4 aciertos<\/span><\/td>\n<td><span style=\"font-weight: 400;\">500 \u20ac<\/span><\/td>\n<\/tr>\n<tr>\n<td><span style=\"font-weight: 400;\">5ta. Categor\u00eda<\/span><\/td>\n<td><span style=\"font-weight: 400;\">3 aciertos + bola chance<\/span><\/td>\n<td><span style=\"font-weight: 400;\">50 \u20ac<\/span><\/td>\n<\/tr>\n<tr>\n<td><span style=\"font-weight: 400;\">6ta. Categor\u00eda<\/span><\/td>\n<td><span style=\"font-weight: 400;\">3 aciertos<\/span><\/td>\n<td><span style=\"font-weight: 400;\">20 \u20ac<\/span><\/td>\n<\/tr>\n<tr>\n<td><span style=\"font-weight: 400;\">7ma. Categor\u00eda<\/span><\/td>\n<td><span style=\"font-weight: 400;\">2 aciertos + bola chance<\/span><\/td>\n<td><span style=\"font-weight: 400;\">10 \u20ac<\/span><\/td>\n<\/tr>\n<tr>\n<td><span style=\"font-weight: 400;\">8va.Categor\u00eda<\/span><\/td>\n<td><span style=\"font-weight: 400;\">2 aciertos<\/span><\/td>\n<td><span style=\"font-weight: 400;\">5 \u20ac<\/span><\/td>\n<\/tr>\n<tr>\n<td><span style=\"font-weight: 400;\">9na.Categor\u00eda<\/span><\/td>\n<td><span style=\"font-weight: 400;\">Bola chance<\/span><\/td>\n<td><span style=\"font-weight: 400;\">2,20 \u20ac<\/span><\/td>\n<\/tr>\n<\/tbody>\n<\/table>\n<p><span style=\"font-weight: 400;\">Adem\u00e1s, entran en juego 10 premios de 20.000 \u20ac en cada sorteo en formato de rifa, de manera que todos los boletos f\u00edsicos entran en juego, y las probabilidades de ganar dependen de el n\u00famero de participantes que participen en el sorteo.<\/span><\/p>\n<h2><b>Precio apuestas de la French Lotto<\/b><\/h2>\n<p><span style=\"font-weight: 400;\">El precio de cada apuesta de French Lotto en LottoHoy es de 3,50 \u20ac. <\/span><\/p>\n<h2><b>Sorteos especiales de French Lotto<\/b><\/h2>\n<p><span style=\"font-weight: 400;\">B\u00e1sicamente hay dos sorteos especiales: El <\/span><b>sorteo del Viernes 13<\/b><span style=\"font-weight: 400;\">, y <\/span><b>Grand Loto de No\u00ebl:<\/b><\/p>\n<p><b>El sorteo de los Viernes 13<\/b><span style=\"font-weight: 400;\">.- En cada ocasi\u00f3n en que coincide el d\u00eda 13 en viernes, se celebra un sorteo extraordinario con un premio especial de 13.000.000 \u20ac m\u00e1s 50 premios fijos de en sistema de rifa de 20.000 \u20ac.<\/span><\/p>\n<p><span style=\"font-weight: 400;\">Para muchos, la fecha de viernes 13, es una fecha de superstici\u00f3n, pero en el caso de French Lotto, es algo especial porque el primer sorteo de la Loter\u00eda Nacional francesa, se celebr\u00f3 el viernes 13 de 1930.<\/span><\/p>\n<p><b>Grand Loto de No\u00ebl<\/b><span style=\"font-weight: 400;\">.- El Grand Loto de No\u00ebl, es otro sorteo especial que se celebra en Francia todos los 22 de diciembre, al igual que el <\/span><b>Gordo de Navidad en Espa\u00f1a<\/b><span style=\"font-weight: 400;\">. <\/span><\/p>\n<p><span style=\"font-weight: 400;\">El premio de primera categor\u00eda est\u00e1 valorado en valorado en 20.000.000 \u20ac y adem\u00e1s de los premios en las otras 8 categor\u00edas, hay una rifa especial para 100 c\u00f3digos de rifa, con un premio garantizado de 20.000 \u20ac cada uno.<\/span><\/p>\n<h2><b>Probabilidades de ganar la French Lotto<\/b><\/h2>\n<p><span style=\"font-weight: 400;\">Las probabilidades de ganar el premio de primera categor\u00eda, es de 1 entre 19.068.840, acertando los 5 n\u00fameros principales m\u00e1s la bola chance. <\/span><\/p>\n<p><span style=\"font-weight: 400;\">Mientras que para obtener uno cualquiera de los premios que ofrece, las probabilidades son de 1 entre 5,99<\/span><\/p>\n<p><span style=\"font-weight: 400;\">Podemos ver en siguiente recuadro todas las probabilidades matem\u00e1ticas:<\/span><\/p>\n","protected":false},"excerpt":{"rendered":"","protected":false},"author":2,"featured_media":0,"parent":166,"menu_order":12,"comment_status":"closed","ping_status":"closed","template":"lotto-fr-info.php","meta":{"_et_pb_use_builder":"","_et_pb_old_content":"","_et_gb_content_width":"","exclude_from_search":false,"footnotes":""},"class_list":["post-3704","page","type-page","status-publish","hentry"],"yoast_head":"<!-- This site is optimized with the Yoast SEO plugin v23.7 - https:\/\/yoast.com\/wordpress\/plugins\/seo\/ -->\n<title>Toda la informaci\u00f3n sobre la Loto de Francia en LottoHoy<\/title>\n<meta name=\"description\" content=\"La loter\u00eda francesa e suna de las m\u00e1s antiguas y que reparte m\u00e1s premios. Encuentra toda informaci\u00f3n sobre premios, probabilidades de ganar.\" \/>\n<meta name=\"robots\" content=\"index, follow, max-snippet:-1, max-image-preview:large, max-video-preview:-1\" \/>\n<link rel=\"canonical\" href=\"https:\/\/lottohoy.com\/es\/informacion\/lotto-fr\/\" \/>\n<meta property=\"og:locale\" content=\"es_ES\" \/>\n<meta property=\"og:type\" content=\"article\" \/>\n<meta property=\"og:title\" content=\"Toda la informaci\u00f3n sobre la Loto de Francia en LottoHoy\" \/>\n<meta property=\"og:description\" content=\"La loter\u00eda francesa e suna de las m\u00e1s antiguas y que reparte m\u00e1s premios. Encuentra toda informaci\u00f3n sobre premios, probabilidades de ganar.\" \/>\n<meta property=\"og:url\" content=\"https:\/\/lottohoy.com\/es\/informacion\/lotto-fr\/\" \/>\n<meta property=\"og:site_name\" content=\"Lottohoy\" \/>\n<meta property=\"article:modified_time\" content=\"2025-03-17T17:39:06+00:00\" \/>\n<meta name=\"twitter:card\" content=\"summary_large_image\" \/>\n<meta name=\"twitter:label1\" content=\"Tiempo de lectura\" \/>\n\t<meta name=\"twitter:data1\" content=\"3 minutos\" \/>\n<script type=\"application\/ld+json\" class=\"yoast-schema-graph\">{\"@context\":\"https:\/\/schema.org\",\"@graph\":[{\"@type\":\"WebPage\",\"@id\":\"https:\/\/lottohoy.com\/es\/informacion\/lotto-fr\/\",\"url\":\"https:\/\/lottohoy.com\/es\/informacion\/lotto-fr\/\",\"name\":\"Toda la informaci\u00f3n sobre la Loto de Francia en LottoHoy\",\"isPartOf\":{\"@id\":\"https:\/\/lottohoy.com\/es\/#website\"},\"datePublished\":\"2019-03-22T16:10:01+00:00\",\"dateModified\":\"2025-03-17T17:39:06+00:00\",\"description\":\"La loter\u00eda francesa e suna de las m\u00e1s antiguas y que reparte m\u00e1s premios. Encuentra toda informaci\u00f3n sobre premios, probabilidades de ganar.\",\"breadcrumb\":{\"@id\":\"https:\/\/lottohoy.com\/es\/informacion\/lotto-fr\/#breadcrumb\"},\"inLanguage\":\"es\",\"potentialAction\":[{\"@type\":\"ReadAction\",\"target\":[\"https:\/\/lottohoy.com\/es\/informacion\/lotto-fr\/\"]}]},{\"@type\":\"BreadcrumbList\",\"@id\":\"https:\/\/lottohoy.com\/es\/informacion\/lotto-fr\/#breadcrumb\",\"itemListElement\":[{\"@type\":\"ListItem\",\"position\":1,\"name\":\"Home\",\"item\":\"https:\/\/lottohoy.com\/es\/\"},{\"@type\":\"ListItem\",\"position\":2,\"name\":\"Todo sobre la loter\u00eda online\",\"item\":\"https:\/\/lottohoy.com\/es\/informacion\/\"},{\"@type\":\"ListItem\",\"position\":3,\"name\":\"Informaci\u00f3n de French Lotto\"}]},{\"@type\":\"WebSite\",\"@id\":\"https:\/\/lottohoy.com\/es\/#website\",\"url\":\"https:\/\/lottohoy.com\/es\/\",\"name\":\"Lottohoy\",\"description\":\"\",\"potentialAction\":[{\"@type\":\"SearchAction\",\"target\":{\"@type\":\"EntryPoint\",\"urlTemplate\":\"https:\/\/lottohoy.com\/es\/?s={search_term_string}\"},\"query-input\":{\"@type\":\"PropertyValueSpecification\",\"valueRequired\":true,\"valueName\":\"search_term_string\"}}],\"inLanguage\":\"es\"}]}<\/script>\n<!-- \/ Yoast SEO plugin. -->","yoast_head_json":{"title":"Toda la informaci\u00f3n sobre la Loto de Francia en LottoHoy","description":"La loter\u00eda francesa e suna de las m\u00e1s antiguas y que reparte m\u00e1s premios. Encuentra toda informaci\u00f3n sobre premios, probabilidades de ganar.","robots":{"index":"index","follow":"follow","max-snippet":"max-snippet:-1","max-image-preview":"max-image-preview:large","max-video-preview":"max-video-preview:-1"},"canonical":"https:\/\/lottohoy.com\/es\/informacion\/lotto-fr\/","og_locale":"es_ES","og_type":"article","og_title":"Toda la informaci\u00f3n sobre la Loto de Francia en LottoHoy","og_description":"La loter\u00eda francesa e suna de las m\u00e1s antiguas y que reparte m\u00e1s premios. Encuentra toda informaci\u00f3n sobre premios, probabilidades de ganar.","og_url":"https:\/\/lottohoy.com\/es\/informacion\/lotto-fr\/","og_site_name":"Lottohoy","article_modified_time":"2025-03-17T17:39:06+00:00","twitter_card":"summary_large_image","twitter_misc":{"Tiempo de lectura":"3 minutos"},"schema":{"@context":"https:\/\/schema.org","@graph":[{"@type":"WebPage","@id":"https:\/\/lottohoy.com\/es\/informacion\/lotto-fr\/","url":"https:\/\/lottohoy.com\/es\/informacion\/lotto-fr\/","name":"Toda la informaci\u00f3n sobre la Loto de Francia en LottoHoy","isPartOf":{"@id":"https:\/\/lottohoy.com\/es\/#website"},"datePublished":"2019-03-22T16:10:01+00:00","dateModified":"2025-03-17T17:39:06+00:00","description":"La loter\u00eda francesa e suna de las m\u00e1s antiguas y que reparte m\u00e1s premios. Encuentra toda informaci\u00f3n sobre premios, probabilidades de ganar.","breadcrumb":{"@id":"https:\/\/lottohoy.com\/es\/informacion\/lotto-fr\/#breadcrumb"},"inLanguage":"es","potentialAction":[{"@type":"ReadAction","target":["https:\/\/lottohoy.com\/es\/informacion\/lotto-fr\/"]}]},{"@type":"BreadcrumbList","@id":"https:\/\/lottohoy.com\/es\/informacion\/lotto-fr\/#breadcrumb","itemListElement":[{"@type":"ListItem","position":1,"name":"Home","item":"https:\/\/lottohoy.com\/es\/"},{"@type":"ListItem","position":2,"name":"Todo sobre la loter\u00eda online","item":"https:\/\/lottohoy.com\/es\/informacion\/"},{"@type":"ListItem","position":3,"name":"Informaci\u00f3n de French Lotto"}]},{"@type":"WebSite","@id":"https:\/\/lottohoy.com\/es\/#website","url":"https:\/\/lottohoy.com\/es\/","name":"Lottohoy","description":"","potentialAction":[{"@type":"SearchAction","target":{"@type":"EntryPoint","urlTemplate":"https:\/\/lottohoy.com\/es\/?s={search_term_string}"},"query-input":{"@type":"PropertyValueSpecification","valueRequired":true,"valueName":"search_term_string"}}],"inLanguage":"es"}]}},"_links":{"self":[{"href":"https:\/\/lottohoy.com\/es\/wp-json\/wp\/v2\/pages\/3704","targetHints":{"allow":["GET"]}}],"collection":[{"href":"https:\/\/lottohoy.com\/es\/wp-json\/wp\/v2\/pages"}],"about":[{"href":"https:\/\/lottohoy.com\/es\/wp-json\/wp\/v2\/types\/page"}],"author":[{"embeddable":true,"href":"https:\/\/lottohoy.com\/es\/wp-json\/wp\/v2\/users\/2"}],"replies":[{"embeddable":true,"href":"https:\/\/lottohoy.com\/es\/wp-json\/wp\/v2\/comments?post=3704"}],"version-history":[{"count":3,"href":"https:\/\/lottohoy.com\/es\/wp-json\/wp\/v2\/pages\/3704\/revisions"}],"predecessor-version":[{"id":14865,"href":"https:\/\/lottohoy.com\/es\/wp-json\/wp\/v2\/pages\/3704\/revisions\/14865"}],"up":[{"embeddable":true,"href":"https:\/\/lottohoy.com\/es\/wp-json\/wp\/v2\/pages\/166"}],"wp:attachment":[{"href":"https:\/\/lottohoy.com\/es\/wp-json\/wp\/v2\/media?parent=3704"}],"curies":[{"name":"wp","href":"https:\/\/api.w.org\/{rel}","templated":true}]}}