{"id":3698,"date":"2024-10-23T06:14:09","date_gmt":"2024-10-23T05:14:09","guid":{"rendered":"https:\/\/www.lottohoy.com\/?page_id=3698"},"modified":"2025-03-26T05:26:32","modified_gmt":"2025-03-26T05:26:32","slug":"lotto-fr","status":"publish","type":"page","link":"https:\/\/lottohoy.com\/es\/resultados\/lotto-fr\/","title":{"rendered":"Resultados de French Lotto"},"content":{"rendered":"<h2><b>Comprobar resultados de French Lotto<\/b><\/h2>\n<p><span style=\"font-weight: 400;\">Para comprobar\u00a0la combinaci\u00f3n ganadora de los sorteos de French Lotto, tambi\u00e9n conocida como Loto Franc\u00e9s, bastar\u00e1 con comparar los n\u00fameros de la combinaci\u00f3n que se muestra en su boleto, con el resultado que se muestra en esta misma p\u00e1gina. Y si has comprado un boleto lo ver\u00e1s en tu perfil de usuario.<\/span><\/p>\n<p><span style=\"font-weight: 400;\">Tambi\u00e9n puedes consultar el\u00a0<\/span><a href=\"https:\/\/lottohoy.com\/es\/botes\/\"><span style=\"font-weight: 400;\">bote de hoy<\/span><\/a><span style=\"font-weight: 400;\">\u00a0acumulado, los ganadores y los premios en cada una de las categor\u00edas y los sorteos anteriores con una antig\u00fcedad de hasta 24 meses.<\/span><\/p>\n<h2><b>Reparto de premios de la loter\u00eda de Francia<\/b><\/h2>\n<p><span style=\"font-weight: 400;\">En caso de ser usuario registrado, los premios obtenidos se depositan directamente en la cuenta de usuario para que de nuevo y si se desea, se pueda\u00a0<\/span><a href=\"https:\/\/lottohoy.com\/es\/jugar\/lotto-fr\/\"><span style=\"font-weight: 400;\">jugar a French Lotto<\/span><\/a><span style=\"font-weight: 400;\">, con fondos en dep\u00f3sito.<\/span><\/p>\n<p><span style=\"font-weight: 400;\">En esta p\u00e1gina, se muestra la combinaci\u00f3n ganadora del \u00faltimo sorteo y el reparto de premios correspondiente a cada una de las categor\u00edas. <\/span><\/p>\n<p><span style=\"font-weight: 400;\">El cuadro nos muestra la combinaci\u00f3n de los 5 n\u00fameros principales m\u00e1s el n\u00famero extra, tambi\u00e9n llamado <\/span><i><span style=\"font-weight: 400;\">\u201cchance\u201d<\/span><\/i><span style=\"font-weight: 400;\"> que determinan el premio de primera categor\u00eda<\/span><\/p>\n<h2><b>Mayores premios y botes de French Lotto<\/b><\/h2>\n<p><span style=\"font-weight: 400;\">Los mayores botes acumulados en la historia de esta loter\u00eda son:<\/span><\/p>\n<ul>\n<li style=\"font-weight: 400;\"><span style=\"font-weight: 400;\">El sorteo celebrado en fecha 16 de junio de 2011, en el que un solo acertante se adjudic\u00f3 un premio de 24 millones de euros.<\/span><\/li>\n<li style=\"font-weight: 400;\"><span style=\"font-weight: 400;\">El 19 de mayo de 2014, en que se alcanz\u00f3 un premio total de primera categor\u00eda con un importe de 23 millones de euros.<\/span><\/li>\n<\/ul>\n<p><span style=\"font-weight: 400;\">French Lotto<\/span><b>,<\/b><span style=\"font-weight: 400;\"> es una loter\u00eda de las que podr\u00edamos considerar \u201cf\u00e1cil\u201d y a pesar de que tiene un premio m\u00ednimo garantizado de 2.000.000 \u20ac para los acertantes de primera categor\u00eda (5+1), no suelen conseguirse botes acumulativos de cantidades supermillonarias como otras loter\u00edas europeas o americanas. Y ello es porque se consigue acertar con frecuencia y son muchos los millonarios que ha creado esta loter\u00eda.<\/span><\/p>\n<p><span style=\"font-weight: 400;\">Y para muestra, el caso de un afortunado jugador en el sur de Francia, concretamente en Montpellier, quien se llev\u00f3 el<\/span><b>\u00a0<\/b><span style=\"font-weight: 400;\">premio mayor de esta loter\u00eda francesa dos veces, en el a\u00f1o 1996 y luego otra vez en el 2011 ganando un total de 5.800.000 \u20ac<\/span><\/p>\n<h2><b>N\u00fameros m\u00e1s frecuentes en los sorteos de French Lotto<\/b><\/h2>\n<p><span style=\"font-weight: 400;\">En los 35 sorteos celebrados en este a\u00f1o 2019, desde el primero, el d\u00eda 2 de enero y hasta el sorteo del 23 de marzo, se da la circunstancia de que hay n\u00fameros que suelen salir con m\u00e1s frecuencia (algunos les llaman \u201c<\/span><b><i>n\u00fameros calientes<\/i><\/b><span style=\"font-weight: 400;\">\u201d) y al mismo tiempo otros n\u00fameros que son m\u00e1s reacios a salir y tienen menos apariciones (conocidos como <\/span><b><i>\u201cn\u00fameros frios\u201d)<\/i><\/b><\/p>\n<p><span style=\"font-weight: 400;\">Haciendo un peque\u00f1o estudio sobre estos 35 \u00faltimos sorteos, vemos con curiosidad que dentro de los n\u00fameros considerados \u201c<\/span><i><span style=\"font-weight: 400;\">frios<\/span><\/i><span style=\"font-weight: 400;\">\u201d, el n\u00famero 49 no ha salido en ninguno de ellos. <\/span><i><span style=\"font-weight: 400;\">\u00a1Ser\u00e1 porque es muy fr\u00edo!<\/span><\/i><\/p>\n<p><span style=\"font-weight: 400;\">De entre los n\u00fameros principales, los que m\u00e1s apariciones han tenido son:<\/span><\/p>\n<ul>\n<li style=\"font-weight: 400;\"><span style=\"font-weight: 400;\">El n\u00famero 15, con 10 apariciones (28,57%)<\/span><\/li>\n<li style=\"font-weight: 400;\"><span style=\"font-weight: 400;\">Los n\u00fameros 7, 11 y 25 con 7 apariciones cada uno (20%)<\/span><\/li>\n<li style=\"font-weight: 400;\"><span style=\"font-weight: 400;\">El n\u00famero 1 con 6 apariciones (17,14%)<\/span><\/li>\n<\/ul>\n<p><span style=\"font-weight: 400;\">Por el contrario, al ver los n\u00fameros que menos veces han salido, adem\u00e1s del ya indicado n\u00famero 49 que no ha salido ni una sola vez, tenemos:<\/span><\/p>\n<ul>\n<li style=\"font-weight: 400;\"><span style=\"font-weight: 400;\">Los n\u00fameros 9, 27, 28 y 39 que tan solo han salido en 1 ocasi\u00f3n (2,86%)<\/span><\/li>\n<\/ul>\n<p><span style=\"font-weight: 400;\">Y respecto a los n\u00fameros extra o \u201cchance\u201d, tambi\u00e9n vemos que el n\u00famero 4, no ha salido en ninguna ocasi\u00f3n, mientras que el n\u00famero 10, ha salido en 6 ocasiones.<\/span><\/p>\n","protected":false},"excerpt":{"rendered":"<p>Comprobar resultados de French Lotto Para comprobar\u00a0la combinaci\u00f3n ganadora de los sorteos de French Lotto, tambi\u00e9n conocida como Loto Franc\u00e9s, bastar\u00e1 con comparar los n\u00fameros de la combinaci\u00f3n que se muestra en su boleto, con el resultado que se muestra en esta misma p\u00e1gina. Y si has comprado un boleto lo ver\u00e1s en tu perfil [&hellip;]<\/p>\n","protected":false},"author":2,"featured_media":0,"parent":174,"menu_order":12,"comment_status":"closed","ping_status":"closed","template":"lotto-fr-results.php","meta":{"_et_pb_use_builder":"","_et_pb_old_content":"","_et_gb_content_width":"","exclude_from_search":false,"footnotes":""},"class_list":["post-3698","page","type-page","status-publish","hentry"],"yoast_head":"<!-- This site is optimized with the Yoast SEO plugin v23.7 - https:\/\/yoast.com\/wordpress\/plugins\/seo\/ -->\n<title>\u25b7 Resultados French Lotto \u21d2 Loto Franc\u00eas \u21d2 LottoHoy<\/title>\n<meta name=\"description\" content=\"Comprueba si tu \u00faltimo boleto de la loter\u00eda de Francia ha sido premiado y cu\u00e1nto te ha correspondido, adem\u00e1s de consultar el pr\u00f3ximo bote.\" \/>\n<meta name=\"robots\" content=\"index, follow, max-snippet:-1, max-image-preview:large, max-video-preview:-1\" \/>\n<link rel=\"canonical\" href=\"https:\/\/lottohoy.com\/es\/resultados\/lotto-fr\/\" \/>\n<meta property=\"og:locale\" content=\"es_ES\" \/>\n<meta property=\"og:type\" content=\"article\" \/>\n<meta property=\"og:title\" content=\"\u25b7 Resultados French Lotto \u21d2 Loto Franc\u00eas \u21d2 LottoHoy\" \/>\n<meta property=\"og:description\" content=\"Comprueba si tu \u00faltimo boleto de la loter\u00eda de Francia ha sido premiado y cu\u00e1nto te ha correspondido, adem\u00e1s de consultar el pr\u00f3ximo bote.\" \/>\n<meta property=\"og:url\" content=\"https:\/\/lottohoy.com\/es\/resultados\/lotto-fr\/\" \/>\n<meta property=\"og:site_name\" content=\"Lottohoy\" \/>\n<meta property=\"article:modified_time\" content=\"2025-03-26T05:26:32+00:00\" \/>\n<meta name=\"twitter:card\" content=\"summary_large_image\" \/>\n<meta name=\"twitter:label1\" content=\"Tiempo de lectura\" \/>\n\t<meta name=\"twitter:data1\" content=\"3 minutos\" \/>\n<script type=\"application\/ld+json\" class=\"yoast-schema-graph\">{\"@context\":\"https:\/\/schema.org\",\"@graph\":[{\"@type\":\"WebPage\",\"@id\":\"https:\/\/lottohoy.com\/es\/resultados\/lotto-fr\/\",\"url\":\"https:\/\/lottohoy.com\/es\/resultados\/lotto-fr\/\",\"name\":\"\u25b7 Resultados French Lotto \u21d2 Loto Franc\u00eas \u21d2 LottoHoy\",\"isPartOf\":{\"@id\":\"https:\/\/lottohoy.com\/es\/#website\"},\"datePublished\":\"2024-10-23T05:14:09+00:00\",\"dateModified\":\"2025-03-26T05:26:32+00:00\",\"description\":\"Comprueba si tu \u00faltimo boleto de la loter\u00eda de Francia ha sido premiado y cu\u00e1nto te ha correspondido, adem\u00e1s de consultar el pr\u00f3ximo bote.\",\"breadcrumb\":{\"@id\":\"https:\/\/lottohoy.com\/es\/resultados\/lotto-fr\/#breadcrumb\"},\"inLanguage\":\"es\",\"potentialAction\":[{\"@type\":\"ReadAction\",\"target\":[\"https:\/\/lottohoy.com\/es\/resultados\/lotto-fr\/\"]}]},{\"@type\":\"BreadcrumbList\",\"@id\":\"https:\/\/lottohoy.com\/es\/resultados\/lotto-fr\/#breadcrumb\",\"itemListElement\":[{\"@type\":\"ListItem\",\"position\":1,\"name\":\"Home\",\"item\":\"https:\/\/lottohoy.com\/es\/\"},{\"@type\":\"ListItem\",\"position\":2,\"name\":\"Resultados de loter\u00eda\",\"item\":\"https:\/\/lottohoy.com\/es\/resultados\/\"},{\"@type\":\"ListItem\",\"position\":3,\"name\":\"Resultados de French Lotto\"}]},{\"@type\":\"WebSite\",\"@id\":\"https:\/\/lottohoy.com\/es\/#website\",\"url\":\"https:\/\/lottohoy.com\/es\/\",\"name\":\"Lottohoy\",\"description\":\"\",\"potentialAction\":[{\"@type\":\"SearchAction\",\"target\":{\"@type\":\"EntryPoint\",\"urlTemplate\":\"https:\/\/lottohoy.com\/es\/?s={search_term_string}\"},\"query-input\":{\"@type\":\"PropertyValueSpecification\",\"valueRequired\":true,\"valueName\":\"search_term_string\"}}],\"inLanguage\":\"es\"}]}<\/script>\n<!-- \/ Yoast SEO plugin. -->","yoast_head_json":{"title":"\u25b7 Resultados French Lotto \u21d2 Loto Franc\u00eas \u21d2 LottoHoy","description":"Comprueba si tu \u00faltimo boleto de la loter\u00eda de Francia ha sido premiado y cu\u00e1nto te ha correspondido, adem\u00e1s de consultar el pr\u00f3ximo bote.","robots":{"index":"index","follow":"follow","max-snippet":"max-snippet:-1","max-image-preview":"max-image-preview:large","max-video-preview":"max-video-preview:-1"},"canonical":"https:\/\/lottohoy.com\/es\/resultados\/lotto-fr\/","og_locale":"es_ES","og_type":"article","og_title":"\u25b7 Resultados French Lotto \u21d2 Loto Franc\u00eas \u21d2 LottoHoy","og_description":"Comprueba si tu \u00faltimo boleto de la loter\u00eda de Francia ha sido premiado y cu\u00e1nto te ha correspondido, adem\u00e1s de consultar el pr\u00f3ximo bote.","og_url":"https:\/\/lottohoy.com\/es\/resultados\/lotto-fr\/","og_site_name":"Lottohoy","article_modified_time":"2025-03-26T05:26:32+00:00","twitter_card":"summary_large_image","twitter_misc":{"Tiempo de lectura":"3 minutos"},"schema":{"@context":"https:\/\/schema.org","@graph":[{"@type":"WebPage","@id":"https:\/\/lottohoy.com\/es\/resultados\/lotto-fr\/","url":"https:\/\/lottohoy.com\/es\/resultados\/lotto-fr\/","name":"\u25b7 Resultados French Lotto \u21d2 Loto Franc\u00eas \u21d2 LottoHoy","isPartOf":{"@id":"https:\/\/lottohoy.com\/es\/#website"},"datePublished":"2024-10-23T05:14:09+00:00","dateModified":"2025-03-26T05:26:32+00:00","description":"Comprueba si tu \u00faltimo boleto de la loter\u00eda de Francia ha sido premiado y cu\u00e1nto te ha correspondido, adem\u00e1s de consultar el pr\u00f3ximo bote.","breadcrumb":{"@id":"https:\/\/lottohoy.com\/es\/resultados\/lotto-fr\/#breadcrumb"},"inLanguage":"es","potentialAction":[{"@type":"ReadAction","target":["https:\/\/lottohoy.com\/es\/resultados\/lotto-fr\/"]}]},{"@type":"BreadcrumbList","@id":"https:\/\/lottohoy.com\/es\/resultados\/lotto-fr\/#breadcrumb","itemListElement":[{"@type":"ListItem","position":1,"name":"Home","item":"https:\/\/lottohoy.com\/es\/"},{"@type":"ListItem","position":2,"name":"Resultados de loter\u00eda","item":"https:\/\/lottohoy.com\/es\/resultados\/"},{"@type":"ListItem","position":3,"name":"Resultados de French Lotto"}]},{"@type":"WebSite","@id":"https:\/\/lottohoy.com\/es\/#website","url":"https:\/\/lottohoy.com\/es\/","name":"Lottohoy","description":"","potentialAction":[{"@type":"SearchAction","target":{"@type":"EntryPoint","urlTemplate":"https:\/\/lottohoy.com\/es\/?s={search_term_string}"},"query-input":{"@type":"PropertyValueSpecification","valueRequired":true,"valueName":"search_term_string"}}],"inLanguage":"es"}]}},"_links":{"self":[{"href":"https:\/\/lottohoy.com\/es\/wp-json\/wp\/v2\/pages\/3698","targetHints":{"allow":["GET"]}}],"collection":[{"href":"https:\/\/lottohoy.com\/es\/wp-json\/wp\/v2\/pages"}],"about":[{"href":"https:\/\/lottohoy.com\/es\/wp-json\/wp\/v2\/types\/page"}],"author":[{"embeddable":true,"href":"https:\/\/lottohoy.com\/es\/wp-json\/wp\/v2\/users\/2"}],"replies":[{"embeddable":true,"href":"https:\/\/lottohoy.com\/es\/wp-json\/wp\/v2\/comments?post=3698"}],"version-history":[{"count":2,"href":"https:\/\/lottohoy.com\/es\/wp-json\/wp\/v2\/pages\/3698\/revisions"}],"predecessor-version":[{"id":16992,"href":"https:\/\/lottohoy.com\/es\/wp-json\/wp\/v2\/pages\/3698\/revisions\/16992"}],"up":[{"embeddable":true,"href":"https:\/\/lottohoy.com\/es\/wp-json\/wp\/v2\/pages\/174"}],"wp:attachment":[{"href":"https:\/\/lottohoy.com\/es\/wp-json\/wp\/v2\/media?parent=3698"}],"curies":[{"name":"wp","href":"https:\/\/api.w.org\/{rel}","templated":true}]}}