{"id":3679,"date":"2019-03-22T15:50:45","date_gmt":"2019-03-22T15:50:45","guid":{"rendered":"https:\/\/www.lottohoy.com\/?page_id=3679"},"modified":"2024-10-23T08:41:47","modified_gmt":"2024-10-23T07:41:47","slug":"lotto-fr","status":"publish","type":"page","link":"https:\/\/lottohoy.com\/es\/jugar\/lotto-fr\/","title":{"rendered":"Jugar a French Lotto"},"content":{"rendered":"<h2><b>Jugar French Lotto online<\/b><\/h2>\n<p><span style=\"font-weight: 400\">La Loter\u00eda francesa es uno de los juegos m\u00e1s populares ofrecidos por Fran\u00e7aise des Jeux (FDJ), el operador de todos los juegos de loter\u00eda en Francia.&nbsp;<\/span><\/p>\n<p><span style=\"font-weight: 400\">Como la mayor\u00eda de loter\u00edas a nivel mundial, French Lotto est\u00e1 reservada para jugadores mayores de edad. En este caso, Francia como pa\u00eds organizador tiene establecido la edad de 18 a\u00f1os para poder participar y cobrar en todos sus juegos.<\/span><\/p>\n<h2><b>\u00bfC\u00f3mo jugar a la French Lotto?<\/b><\/h2>\n<p><span style=\"font-weight: 400\">Para jugar online a la French Lotto, b\u00e1sicamente hay dos posibilidades: hacerlo directamente a trav\u00e9s de la propia web de La Fran\u00e7aise des Jeux desde Francia o a trav\u00e9s de LottoHoy.<\/span><\/p>\n<p><span style=\"font-weight: 400\">Una vez que se accede a la p\u00e1gina de juego de French Lotto a trav\u00e9s de LottoHoy.com, aparece una plantilla con 5 columnas o l\u00edneas de juego donde se deber\u00e1 indicar la jugada que se desee realizar (Cada columna corresponder\u00e1 a una apuesta). Estas 5 columnas iniciales, se pueden ampliar clicando sobre el recuadro M\u00c1S LINEAS, y aparecen otras 5 columnas mas donde poder realizar m\u00e1s apuestas en la misma jugada.<\/span><\/p>\n<p><span style=\"font-weight: 400\">Esto se puede repetir en tantas ocasiones como la cantidad de columnas o l\u00edneas se desee apostar.<\/span><\/p>\n<p><span style=\"font-weight: 400\">Para realizar la apuesta en una columna, se deber\u00e1n <\/span><b>marcar 5 casillas de las 49 del que figuran en el primer cuadrante, y tambi\u00e9n otro n\u00famero del segundo recuadro entre los c\u00edrculos numerados del 1 al 10.<\/b><\/p>\n<p><span style=\"font-weight: 400\">Esta jugada se puede realizar de manera manual, es decir marcando directamente sobre sobre cada uno de los n\u00fameros que quiera que formen parte de su combinaci\u00f3n de apuesta. Y tambi\u00e9n, si lo desea, puede permitir que sea el propio sistema quien elija la combinaci\u00f3n de apuesta de manera aleatoria.<\/span><\/p>\n<p><span style=\"font-weight: 400\">En caso de que la apuesta resulte premiada, el importe del premio se ingresa de manera autom\u00e1ticamente en la cuenta de usuario.<\/span><\/p>\n<h2><b>\u00bfQu\u00e9 d\u00edas se sortea Loter\u00eda de Francia?<\/b><\/h2>\n<p><span style=\"font-weight: 400\">El Loto Franc\u00e9s celebra tres sorteos cada semana, los lunes, mi\u00e9rcoles y s\u00e1bados a las 20:35h. horario local.<\/span><\/p>\n<p><span style=\"font-weight: 400\">La admisi\u00f3n de boletos se cierra oficialmente a las 18:00 h. en horario local y se reabre de nuevo al acabar el sorteo, para validar boletos de nuevos sorteos.<\/span><\/p>\n<h2><b>Ventajas de comprar French Lotto online<\/b><\/h2>\n<p><span style=\"font-weight: 400\">Son m\u00faltiples las ventajas de efectuar las apuestas de French Lotto online, m\u00e1xime teniendo en cuenta los nuevos h\u00e1bitos de los consumidores y la comodidad que ello conlleva.&nbsp;<\/span><\/p>\n<p><span style=\"font-weight: 400\">Entre otras muchas, estas son algunas de las principales ventajas de jugar a trav\u00e9s de LottoHoy:<\/span><\/p>\n<ul>\n<li style=\"font-weight: 400\"><span style=\"font-weight: 400\">La seguridad en las transacciones.<\/span><\/li>\n<li style=\"font-weight: 400\"><span style=\"font-weight: 400\">Poder acceder 24\/7 todos los d\u00edas del a\u00f1o para las compras y apuestas.&nbsp;.<\/span><\/li>\n<li style=\"font-weight: 400\"><span style=\"font-weight: 400\">Comprar tus boletos desde cualquier punto de la geograf\u00eda mundial, sin colas y sin desplazamientos.<\/span><\/li>\n<li style=\"font-weight: 400\"><span style=\"font-weight: 400\">Con la compra online, se evitan extrav\u00edos o p\u00e9rdidas, el boleto siempre permanece a buen recaudo en la cuenta de usuario.&nbsp;<\/span><\/li>\n<li style=\"font-weight: 400\"><span style=\"font-weight: 400\">Los premios ganados son ingresados de manera inmediata en tu cuenta de usuario.&nbsp;Tras la celebraci\u00f3n del sorteo y una vez publicados los&nbsp;<\/span><a href=\"https:\/\/lottohoy.com\/es\/resultados\/lotto-fr\/\"><span style=\"font-weight: 400\">resultados de French Lotto<\/span><\/a><span style=\"font-weight: 400\">, el premio es ingresado en la cuenta de usuario los importes ganados.<\/span><\/li>\n<li style=\"font-weight: 400\"><span style=\"font-weight: 400\">Estar informado de los botes acumulados y de sorteos extraordinarios.<\/span><\/li>\n<\/ul>\n","protected":false},"excerpt":{"rendered":"<p>Jugar French Lotto online La Loter\u00eda francesa es uno de los juegos m\u00e1s populares ofrecidos por Fran\u00e7aise des Jeux (FDJ), el operador de todos los juegos de loter\u00eda en Francia.&nbsp; Como la mayor\u00eda de loter\u00edas a nivel mundial, French Lotto est\u00e1 reservada para jugadores mayores de edad. En este caso, Francia como pa\u00eds organizador tiene [&hellip;]<\/p>\n","protected":false},"author":2,"featured_media":0,"parent":184,"menu_order":12,"comment_status":"closed","ping_status":"closed","template":"lotto-fr.php","meta":{"_et_pb_use_builder":"","_et_pb_old_content":"","_et_gb_content_width":"","exclude_from_search":false,"footnotes":""},"class_list":["post-3679","page","type-page","status-publish","hentry"],"yoast_head":"<!-- This site is optimized with the Yoast SEO plugin v23.7 - https:\/\/yoast.com\/wordpress\/plugins\/seo\/ -->\n<title>French Lotto - C\u00f3mo Jugar Loto Online<\/title>\n<meta name=\"description\" content=\"La French Lotto es el juego de loter\u00eda m\u00e1s popular de Francia. Ahora puedes jugar desde casa y recibir los premios autom\u00e1ticamente.\" \/>\n<meta name=\"robots\" content=\"index, follow, max-snippet:-1, max-image-preview:large, max-video-preview:-1\" \/>\n<link rel=\"canonical\" href=\"https:\/\/lottohoy.com\/es\/jugar\/lotto-fr\/\" \/>\n<meta property=\"og:locale\" content=\"es_ES\" \/>\n<meta property=\"og:type\" content=\"article\" \/>\n<meta property=\"og:title\" content=\"French Lotto - C\u00f3mo Jugar Loto Online\" \/>\n<meta property=\"og:description\" content=\"La French Lotto es el juego de loter\u00eda m\u00e1s popular de Francia. Ahora puedes jugar desde casa y recibir los premios autom\u00e1ticamente.\" \/>\n<meta property=\"og:url\" content=\"https:\/\/lottohoy.com\/es\/jugar\/lotto-fr\/\" \/>\n<meta property=\"og:site_name\" content=\"Lottohoy\" \/>\n<meta property=\"article:modified_time\" content=\"2024-10-23T07:41:47+00:00\" \/>\n<meta name=\"twitter:card\" content=\"summary_large_image\" \/>\n<meta name=\"twitter:label1\" content=\"Tiempo de lectura\" \/>\n\t<meta name=\"twitter:data1\" content=\"3 minutos\" \/>\n<script type=\"application\/ld+json\" class=\"yoast-schema-graph\">{\"@context\":\"https:\/\/schema.org\",\"@graph\":[{\"@type\":\"WebPage\",\"@id\":\"https:\/\/lottohoy.com\/es\/jugar\/lotto-fr\/\",\"url\":\"https:\/\/lottohoy.com\/es\/jugar\/lotto-fr\/\",\"name\":\"French Lotto - C\u00f3mo Jugar Loto Online\",\"isPartOf\":{\"@id\":\"https:\/\/lottohoy.com\/es\/#website\"},\"datePublished\":\"2019-03-22T15:50:45+00:00\",\"dateModified\":\"2024-10-23T07:41:47+00:00\",\"description\":\"La French Lotto es el juego de loter\u00eda m\u00e1s popular de Francia. Ahora puedes jugar desde casa y recibir los premios autom\u00e1ticamente.\",\"breadcrumb\":{\"@id\":\"https:\/\/lottohoy.com\/es\/jugar\/lotto-fr\/#breadcrumb\"},\"inLanguage\":\"es\",\"potentialAction\":[{\"@type\":\"ReadAction\",\"target\":[\"https:\/\/lottohoy.com\/es\/jugar\/lotto-fr\/\"]}]},{\"@type\":\"BreadcrumbList\",\"@id\":\"https:\/\/lottohoy.com\/es\/jugar\/lotto-fr\/#breadcrumb\",\"itemListElement\":[{\"@type\":\"ListItem\",\"position\":1,\"name\":\"Home\",\"item\":\"https:\/\/lottohoy.com\/es\/\"},{\"@type\":\"ListItem\",\"position\":2,\"name\":\"Comprar loter\u00eda online\",\"item\":\"https:\/\/lottohoy.com\/es\/jugar\/\"},{\"@type\":\"ListItem\",\"position\":3,\"name\":\"Jugar a French Lotto\"}]},{\"@type\":\"WebSite\",\"@id\":\"https:\/\/lottohoy.com\/es\/#website\",\"url\":\"https:\/\/lottohoy.com\/es\/\",\"name\":\"Lottohoy\",\"description\":\"\",\"potentialAction\":[{\"@type\":\"SearchAction\",\"target\":{\"@type\":\"EntryPoint\",\"urlTemplate\":\"https:\/\/lottohoy.com\/es\/?s={search_term_string}\"},\"query-input\":{\"@type\":\"PropertyValueSpecification\",\"valueRequired\":true,\"valueName\":\"search_term_string\"}}],\"inLanguage\":\"es\"}]}<\/script>\n<!-- \/ Yoast SEO plugin. -->","yoast_head_json":{"title":"French Lotto - C\u00f3mo Jugar Loto Online","description":"La French Lotto es el juego de loter\u00eda m\u00e1s popular de Francia. Ahora puedes jugar desde casa y recibir los premios autom\u00e1ticamente.","robots":{"index":"index","follow":"follow","max-snippet":"max-snippet:-1","max-image-preview":"max-image-preview:large","max-video-preview":"max-video-preview:-1"},"canonical":"https:\/\/lottohoy.com\/es\/jugar\/lotto-fr\/","og_locale":"es_ES","og_type":"article","og_title":"French Lotto - C\u00f3mo Jugar Loto Online","og_description":"La French Lotto es el juego de loter\u00eda m\u00e1s popular de Francia. Ahora puedes jugar desde casa y recibir los premios autom\u00e1ticamente.","og_url":"https:\/\/lottohoy.com\/es\/jugar\/lotto-fr\/","og_site_name":"Lottohoy","article_modified_time":"2024-10-23T07:41:47+00:00","twitter_card":"summary_large_image","twitter_misc":{"Tiempo de lectura":"3 minutos"},"schema":{"@context":"https:\/\/schema.org","@graph":[{"@type":"WebPage","@id":"https:\/\/lottohoy.com\/es\/jugar\/lotto-fr\/","url":"https:\/\/lottohoy.com\/es\/jugar\/lotto-fr\/","name":"French Lotto - C\u00f3mo Jugar Loto Online","isPartOf":{"@id":"https:\/\/lottohoy.com\/es\/#website"},"datePublished":"2019-03-22T15:50:45+00:00","dateModified":"2024-10-23T07:41:47+00:00","description":"La French Lotto es el juego de loter\u00eda m\u00e1s popular de Francia. Ahora puedes jugar desde casa y recibir los premios autom\u00e1ticamente.","breadcrumb":{"@id":"https:\/\/lottohoy.com\/es\/jugar\/lotto-fr\/#breadcrumb"},"inLanguage":"es","potentialAction":[{"@type":"ReadAction","target":["https:\/\/lottohoy.com\/es\/jugar\/lotto-fr\/"]}]},{"@type":"BreadcrumbList","@id":"https:\/\/lottohoy.com\/es\/jugar\/lotto-fr\/#breadcrumb","itemListElement":[{"@type":"ListItem","position":1,"name":"Home","item":"https:\/\/lottohoy.com\/es\/"},{"@type":"ListItem","position":2,"name":"Comprar loter\u00eda online","item":"https:\/\/lottohoy.com\/es\/jugar\/"},{"@type":"ListItem","position":3,"name":"Jugar a French Lotto"}]},{"@type":"WebSite","@id":"https:\/\/lottohoy.com\/es\/#website","url":"https:\/\/lottohoy.com\/es\/","name":"Lottohoy","description":"","potentialAction":[{"@type":"SearchAction","target":{"@type":"EntryPoint","urlTemplate":"https:\/\/lottohoy.com\/es\/?s={search_term_string}"},"query-input":{"@type":"PropertyValueSpecification","valueRequired":true,"valueName":"search_term_string"}}],"inLanguage":"es"}]}},"_links":{"self":[{"href":"https:\/\/lottohoy.com\/es\/wp-json\/wp\/v2\/pages\/3679","targetHints":{"allow":["GET"]}}],"collection":[{"href":"https:\/\/lottohoy.com\/es\/wp-json\/wp\/v2\/pages"}],"about":[{"href":"https:\/\/lottohoy.com\/es\/wp-json\/wp\/v2\/types\/page"}],"author":[{"embeddable":true,"href":"https:\/\/lottohoy.com\/es\/wp-json\/wp\/v2\/users\/2"}],"replies":[{"embeddable":true,"href":"https:\/\/lottohoy.com\/es\/wp-json\/wp\/v2\/comments?post=3679"}],"version-history":[{"count":1,"href":"https:\/\/lottohoy.com\/es\/wp-json\/wp\/v2\/pages\/3679\/revisions"}],"predecessor-version":[{"id":10851,"href":"https:\/\/lottohoy.com\/es\/wp-json\/wp\/v2\/pages\/3679\/revisions\/10851"}],"up":[{"embeddable":true,"href":"https:\/\/lottohoy.com\/es\/wp-json\/wp\/v2\/pages\/184"}],"wp:attachment":[{"href":"https:\/\/lottohoy.com\/es\/wp-json\/wp\/v2\/media?parent=3679"}],"curies":[{"name":"wp","href":"https:\/\/api.w.org\/{rel}","templated":true}]}}