{"id":2472,"date":"2019-02-13T18:30:53","date_gmt":"2019-02-13T18:30:53","guid":{"rendered":"https:\/\/www.lottohoy.com\/?page_id=2472"},"modified":"2025-03-25T13:00:57","modified_gmt":"2025-03-25T13:00:57","slug":"el-gordo-primitiva","status":"publish","type":"page","link":"https:\/\/lottohoy.com\/es\/informacion\/el-gordo-primitiva\/","title":{"rendered":"Informaci\u00f3n el Gordo de la Primitiva"},"content":{"rendered":"<p><!--more--> <span style=\"font-weight: 400;\">El juego de el Gordo de la Primitiva lo crea Loter\u00edas y Apuestas del estado (LAE) en Espa\u00f1a, como complemento a los otros dos juegos de loto (la Primitiva y la BonoLoto).<\/span> <span style=\"font-weight: 400;\">El primer sorteo se celebra el 31 de octubre de 1993, y nace con la peculiaridad de celebrarse un solo sorteo mensual, el \u00faltimo domingo de mes.<\/span> <span style=\"font-weight: 400;\">Con un precio inicial de 500 Pts. (el equivalente hoy en d\u00eda a 3,00 \u20ac) se daba a los jugadores una doble posibilidad de participaci\u00f3n en el juego. Se pod\u00eda optar por la compra de un boleto pre-impreso con la combinaci\u00f3n de los 5 n\u00fameros principales m\u00e1s el n\u00famero del reintegro. O bien que fuese el propio jugador quien mediante un boleto de color diferente marcase el directamente la combinaci\u00f3n de n\u00fameros que fuesen de su agrado.<\/span> <span style=\"font-weight: 400;\">Este sistema se mantiene hasta cuatro a\u00f1os m\u00e1s tarde, cuando en octubre de 1997, los sorteos pasan a ser semanales, pero siempre como fecha el d\u00eda domingo y con unos cambios importantes en su reglamentaci\u00f3n.<\/span> <span style=\"font-weight: 400;\">Para los siguientes sorteos se determinan y reservan para los acertantes de primera categor\u00eda la posibilidad de acceder a un bote acumulativo en caso de no haber acertante alguno en el sorteo anterior, as\u00ed mismo se rebaja el valor de la apuesta a 250 Pts. <\/span> <span style=\"font-weight: 400;\">El 31 de enero de 2005, hay un cambio importante en la reglamentaci\u00f3n, incorporando un premio m\u00ednimo garantizado de 5.000.000 \u20ac, y hasta ocho categor\u00edas de premio, m\u00e1s el reintegro. Con lo que las expectativas de obtener premio aumentan considerablemente.<\/span><\/p>\n<h2><b>\u00bfQu\u00e9 es el Gordo de la Primitiva?<\/b><\/h2>\n<p><span style=\"font-weight: 400;\">El Gordo de la Primitiva es b\u00e1sicamente, un juego de azar, en el que el jugador ha de conseguir acertar la mayor cantidad de n\u00fameros posible.<\/span> <span style=\"font-weight: 400;\">Cuando se celebra el sorteo, se extraen aleatoriamente de un bombo 5 bolas de entre las 54 que contiene, con n\u00fameros entre el 1 y el 54.<\/span> <span style=\"font-weight: 400;\">As\u00ed mismo y de un segundo bombo se extrae una bola de entre 10, numeradas del 0 al 9 que consiste en el n\u00famero clave o reintegro. <\/span> <span style=\"font-weight: 400;\">El jugador puede realizar tantas apuesta como desee, y puede hacerlo manualmente decidiendo \u00e9l mismo los n\u00fameros o permitiendo que el sistema elija una combinaci\u00f3n aleatoriamente.<\/span><\/p>\n<h2><b>Precio del Gordo de la Primitiva<\/b><\/h2>\n<p><span style=\"font-weight: 400;\">Cada boleto del Gordo de la Primitiva tiene un coste a partir de 3 \u20ac, y puede realizar tantas apuestas como desee.<\/span><\/p>\n<h2><b>Probabilidades de ganar el Gordo de la Primitiva<\/b><\/h2>\n<p><span style=\"font-weight: 400;\">Las probabilidades de obtener un premio son de 1 entre 19 (acertar 2 n\u00fameros principales), mientras que las probabilidades de obtener el premio de primera categor\u00eda se elevan a 1 entre 31.625.100.<\/span> <span style=\"font-weight: 400;\">Puede parecer muy lejano si lo comparamos con <\/span><b>La Primitiva<\/b><span style=\"font-weight: 400;\">, donde las probabilidades son de 1 entre 13.983.816, y mucho m\u00e1s f\u00e1cil que Euromillones en que las probabilidades son de 1 entre 76.275.360 <\/span><\/p>\n<h2><b>N\u00fameros m\u00e1s premiados del Gordo<\/b><\/h2>\n<p><span style=\"font-weight: 400;\">Si buscamos los 10 n\u00fameros que en m\u00e1s ocasiones han salido en las combinaciones ganadoras desde el primer sorteo, vemos que son por este orden de m\u00e1s a menos: 3, 6, 18, 21, 23, 11, 34, 27, 9 y 4<\/span> <span style=\"font-weight: 400;\">Mientras que en sentido contrario, aquellos n\u00fameros m\u00e1s reacios a salir han sido de menos a m\u00e1s: 52, 50, 54, 51, 49, 46, 48, 47, 43 y 53. \u00a0<\/span> <span style=\"font-weight: 400;\">Curioso \u00bfNo? Que los n\u00fameros que en menos ocasiones han salido del bombo sean precisamente lo n\u00fameros m\u00e1s altos.<\/span><\/p>\n","protected":false},"excerpt":{"rendered":"","protected":false},"author":2,"featured_media":0,"parent":166,"menu_order":6,"comment_status":"closed","ping_status":"closed","template":"el-gordo-info.php","meta":{"_et_pb_use_builder":"","_et_pb_old_content":"","_et_gb_content_width":"","exclude_from_search":false,"footnotes":""},"class_list":["post-2472","page","type-page","status-publish","hentry"],"yoast_head":"<!-- This site is optimized with the Yoast SEO plugin v23.7 - https:\/\/yoast.com\/wordpress\/plugins\/seo\/ -->\n<title>C\u00f3mo se Juega el Gordo de la Primitiva<\/title>\n<meta name=\"description\" content=\"\u00bfQu\u00e9 es el Gordo de la Primitiva? \u00bfCu\u00e1nto cuesta? \u00bfPuedo participar? Todas las respuestas est\u00e1n en esta gu\u00eda sobre el sorteo de El Gordo.\" \/>\n<meta name=\"robots\" content=\"index, follow, max-snippet:-1, max-image-preview:large, max-video-preview:-1\" \/>\n<link rel=\"canonical\" href=\"https:\/\/lottohoy.com\/es\/informacion\/el-gordo-primitiva\/\" \/>\n<meta property=\"og:locale\" content=\"es_ES\" \/>\n<meta property=\"og:type\" content=\"article\" \/>\n<meta property=\"og:title\" content=\"C\u00f3mo se Juega el Gordo de la Primitiva\" \/>\n<meta property=\"og:description\" content=\"\u00bfQu\u00e9 es el Gordo de la Primitiva? \u00bfCu\u00e1nto cuesta? \u00bfPuedo participar? Todas las respuestas est\u00e1n en esta gu\u00eda sobre el sorteo de El Gordo.\" \/>\n<meta property=\"og:url\" content=\"https:\/\/lottohoy.com\/es\/informacion\/el-gordo-primitiva\/\" \/>\n<meta property=\"og:site_name\" content=\"Lottohoy\" \/>\n<meta property=\"article:modified_time\" content=\"2025-03-25T13:00:57+00:00\" \/>\n<meta name=\"twitter:card\" content=\"summary_large_image\" \/>\n<meta name=\"twitter:label1\" content=\"Tiempo de lectura\" \/>\n\t<meta name=\"twitter:data1\" content=\"3 minutos\" \/>\n<script type=\"application\/ld+json\" class=\"yoast-schema-graph\">{\"@context\":\"https:\/\/schema.org\",\"@graph\":[{\"@type\":\"WebPage\",\"@id\":\"https:\/\/lottohoy.com\/es\/informacion\/el-gordo-primitiva\/\",\"url\":\"https:\/\/lottohoy.com\/es\/informacion\/el-gordo-primitiva\/\",\"name\":\"C\u00f3mo se Juega el Gordo de la Primitiva\",\"isPartOf\":{\"@id\":\"https:\/\/lottohoy.com\/es\/#website\"},\"datePublished\":\"2019-02-13T18:30:53+00:00\",\"dateModified\":\"2025-03-25T13:00:57+00:00\",\"description\":\"\u00bfQu\u00e9 es el Gordo de la Primitiva? \u00bfCu\u00e1nto cuesta? \u00bfPuedo participar? Todas las respuestas est\u00e1n en esta gu\u00eda sobre el sorteo de El Gordo.\",\"breadcrumb\":{\"@id\":\"https:\/\/lottohoy.com\/es\/informacion\/el-gordo-primitiva\/#breadcrumb\"},\"inLanguage\":\"es\",\"potentialAction\":[{\"@type\":\"ReadAction\",\"target\":[\"https:\/\/lottohoy.com\/es\/informacion\/el-gordo-primitiva\/\"]}]},{\"@type\":\"BreadcrumbList\",\"@id\":\"https:\/\/lottohoy.com\/es\/informacion\/el-gordo-primitiva\/#breadcrumb\",\"itemListElement\":[{\"@type\":\"ListItem\",\"position\":1,\"name\":\"Home\",\"item\":\"https:\/\/lottohoy.com\/es\/\"},{\"@type\":\"ListItem\",\"position\":2,\"name\":\"Todo sobre la loter\u00eda online\",\"item\":\"https:\/\/lottohoy.com\/es\/informacion\/\"},{\"@type\":\"ListItem\",\"position\":3,\"name\":\"Informaci\u00f3n el Gordo de la Primitiva\"}]},{\"@type\":\"WebSite\",\"@id\":\"https:\/\/lottohoy.com\/es\/#website\",\"url\":\"https:\/\/lottohoy.com\/es\/\",\"name\":\"Lottohoy\",\"description\":\"\",\"potentialAction\":[{\"@type\":\"SearchAction\",\"target\":{\"@type\":\"EntryPoint\",\"urlTemplate\":\"https:\/\/lottohoy.com\/es\/?s={search_term_string}\"},\"query-input\":{\"@type\":\"PropertyValueSpecification\",\"valueRequired\":true,\"valueName\":\"search_term_string\"}}],\"inLanguage\":\"es\"}]}<\/script>\n<!-- \/ Yoast SEO plugin. -->","yoast_head_json":{"title":"C\u00f3mo se Juega el Gordo de la Primitiva","description":"\u00bfQu\u00e9 es el Gordo de la Primitiva? \u00bfCu\u00e1nto cuesta? \u00bfPuedo participar? Todas las respuestas est\u00e1n en esta gu\u00eda sobre el sorteo de El Gordo.","robots":{"index":"index","follow":"follow","max-snippet":"max-snippet:-1","max-image-preview":"max-image-preview:large","max-video-preview":"max-video-preview:-1"},"canonical":"https:\/\/lottohoy.com\/es\/informacion\/el-gordo-primitiva\/","og_locale":"es_ES","og_type":"article","og_title":"C\u00f3mo se Juega el Gordo de la Primitiva","og_description":"\u00bfQu\u00e9 es el Gordo de la Primitiva? \u00bfCu\u00e1nto cuesta? \u00bfPuedo participar? Todas las respuestas est\u00e1n en esta gu\u00eda sobre el sorteo de El Gordo.","og_url":"https:\/\/lottohoy.com\/es\/informacion\/el-gordo-primitiva\/","og_site_name":"Lottohoy","article_modified_time":"2025-03-25T13:00:57+00:00","twitter_card":"summary_large_image","twitter_misc":{"Tiempo de lectura":"3 minutos"},"schema":{"@context":"https:\/\/schema.org","@graph":[{"@type":"WebPage","@id":"https:\/\/lottohoy.com\/es\/informacion\/el-gordo-primitiva\/","url":"https:\/\/lottohoy.com\/es\/informacion\/el-gordo-primitiva\/","name":"C\u00f3mo se Juega el Gordo de la Primitiva","isPartOf":{"@id":"https:\/\/lottohoy.com\/es\/#website"},"datePublished":"2019-02-13T18:30:53+00:00","dateModified":"2025-03-25T13:00:57+00:00","description":"\u00bfQu\u00e9 es el Gordo de la Primitiva? \u00bfCu\u00e1nto cuesta? \u00bfPuedo participar? Todas las respuestas est\u00e1n en esta gu\u00eda sobre el sorteo de El Gordo.","breadcrumb":{"@id":"https:\/\/lottohoy.com\/es\/informacion\/el-gordo-primitiva\/#breadcrumb"},"inLanguage":"es","potentialAction":[{"@type":"ReadAction","target":["https:\/\/lottohoy.com\/es\/informacion\/el-gordo-primitiva\/"]}]},{"@type":"BreadcrumbList","@id":"https:\/\/lottohoy.com\/es\/informacion\/el-gordo-primitiva\/#breadcrumb","itemListElement":[{"@type":"ListItem","position":1,"name":"Home","item":"https:\/\/lottohoy.com\/es\/"},{"@type":"ListItem","position":2,"name":"Todo sobre la loter\u00eda online","item":"https:\/\/lottohoy.com\/es\/informacion\/"},{"@type":"ListItem","position":3,"name":"Informaci\u00f3n el Gordo de la Primitiva"}]},{"@type":"WebSite","@id":"https:\/\/lottohoy.com\/es\/#website","url":"https:\/\/lottohoy.com\/es\/","name":"Lottohoy","description":"","potentialAction":[{"@type":"SearchAction","target":{"@type":"EntryPoint","urlTemplate":"https:\/\/lottohoy.com\/es\/?s={search_term_string}"},"query-input":{"@type":"PropertyValueSpecification","valueRequired":true,"valueName":"search_term_string"}}],"inLanguage":"es"}]}},"_links":{"self":[{"href":"https:\/\/lottohoy.com\/es\/wp-json\/wp\/v2\/pages\/2472","targetHints":{"allow":["GET"]}}],"collection":[{"href":"https:\/\/lottohoy.com\/es\/wp-json\/wp\/v2\/pages"}],"about":[{"href":"https:\/\/lottohoy.com\/es\/wp-json\/wp\/v2\/types\/page"}],"author":[{"embeddable":true,"href":"https:\/\/lottohoy.com\/es\/wp-json\/wp\/v2\/users\/2"}],"replies":[{"embeddable":true,"href":"https:\/\/lottohoy.com\/es\/wp-json\/wp\/v2\/comments?post=2472"}],"version-history":[{"count":4,"href":"https:\/\/lottohoy.com\/es\/wp-json\/wp\/v2\/pages\/2472\/revisions"}],"predecessor-version":[{"id":16817,"href":"https:\/\/lottohoy.com\/es\/wp-json\/wp\/v2\/pages\/2472\/revisions\/16817"}],"up":[{"embeddable":true,"href":"https:\/\/lottohoy.com\/es\/wp-json\/wp\/v2\/pages\/166"}],"wp:attachment":[{"href":"https:\/\/lottohoy.com\/es\/wp-json\/wp\/v2\/media?parent=2472"}],"curies":[{"name":"wp","href":"https:\/\/api.w.org\/{rel}","templated":true}]}}