{"id":2466,"date":"2019-02-13T18:37:04","date_gmt":"2019-02-13T18:37:04","guid":{"rendered":"https:\/\/www.lottohoy.com\/?page_id=2466"},"modified":"2025-03-26T04:35:19","modified_gmt":"2025-03-26T04:35:19","slug":"el-gordo-primitiva","status":"publish","type":"page","link":"https:\/\/lottohoy.com\/es\/resultados\/el-gordo-primitiva\/","title":{"rendered":"Comprobar Gordo de la Primitiva"},"content":{"rendered":"<p><!--more--><\/p>\n<p><span style=\"font-weight: 400;\">Para comprobar si ha resultado premiada la apuesta de El Gordo de la Primitiva, bastar\u00e1 con cotejar los n\u00fameros de la combinaci\u00f3n que se muestra en su boleto, con el resultado que se muestra en esta misma p\u00e1gina.<\/span><\/p>\n<p><span style=\"font-weight: 400;\">En caso de resultar agraciado con alg\u00fan premio en las diversas\u00a0<\/span><b>categor\u00edas del Gordo de la Primitiva<\/b><span style=\"font-weight: 400;\">, los n\u00fameros premiados y el importe de tu ganancia, se reflejar\u00e1 autom\u00e1ticamente en tu cuenta de usuario, quedando disponible desde ese mismo momento.<\/span><\/p>\n<p><span style=\"font-weight: 400;\">Tambi\u00e9n puedes consultar el\u00a0bote\u00a0acumulado, los ganadores y los premios en cada una de las categor\u00edas y los sorteos anteriores con una antig\u00fcedad de hasta 24 meses.<\/span><\/p>\n<h2><b>Resultados Gordo de la Primitiva<\/b><\/h2>\n<p><span style=\"font-weight: 400;\">En esta p\u00e1gina se reflejan al detalle, los resultados de los sorteos de el Gordo de la Primitiva, el bote estimado para este sorteo, as\u00ed como otros detalles de m\u00e1ximo inter\u00e9s para el pron\u00f3stico de tus futuros juegos.<\/span><\/p>\n<p><span style=\"font-weight: 400;\">A la derecha de la combinaci\u00f3n ganadora de este \u00faltimo sorteo, existen tres cuadrados. El cuadrado central muestra la fecha del sorteo que se examina, y a ambos lados de este cuadro central hay sendas flechas a derecha e izquierda para visitar fechas de sorteos anteriores y avanzar desde dichos sorteos hasta la fecha m\u00e1s actual.<\/span><\/p>\n<h2><b>Comprueba el Gordo de la Primitiva hoy<\/b><\/h2>\n<p><span style=\"font-weight: 400;\">Se muestra una gran tabla con los resultados y reparto de premios por categor\u00edas del \u00faltimo sorteo de el Gordo en el d\u00eda de hoy.<\/span><\/p>\n<p><span style=\"font-weight: 400;\">Las categor\u00edas de premios (hasta 9 categor\u00edas diferentes), los aciertos necesarios para optar a alguna de las categor\u00edas de premios.<\/span><\/p>\n<p><span style=\"font-weight: 400;\">Los ganadores de cada una de las categor\u00edas, y tambi\u00e9n el premio que obtiene cada uno de los ganadores.<\/span><\/p>\n<p><span style=\"font-weight: 400;\">Cerrando este gran recuadro, se indica el n\u00famero total de ganadores habidos en este sorteo, y el total de dinero que se reparte entre la totalidad de ganadores.<\/span><\/p>\n<h2><b>Premios de el Gordo de la Primitiva<\/b><\/h2>\n<p><span style=\"font-weight: 400;\">Con tan solo dos n\u00fameros principales, se obtiene un premio fijo de 3 \u20ac, mientras que si solamente se acierta el n\u00famero clave o reintegro, la ganancia es el retorno del importe b\u00e1sico de la apuesta.<\/span><\/p>\n<p><span style=\"font-weight: 400;\">El valor de los premios var\u00eda de un sorteo a otro, ya que se basan en la venta de boletos y en los ganadores de cada categor\u00eda.<\/span><\/p>\n<p><span style=\"font-weight: 400;\">En la siguiente tabla se muestran las diferentes categor\u00edas de premios, junto con el porcentaje sobre recaudaci\u00f3n que se otorga a cada una de ellas.<\/span><\/p>\n<table style=\"width: 572px;\">\n<tbody>\n<tr>\n<td style=\"width: 191px;\"><b>Categor\u00edas de premios<\/b><\/td>\n<td style=\"width: 174px;\"><b>N\u00famero de aciertos<\/b><\/td>\n<td style=\"width: 197px;\"><b>Porcentaje <\/b><b>asignado<\/b><\/td>\n<\/tr>\n<tr>\n<td style=\"width: 191px;\"><span style=\"font-weight: 400;\">Primera categor\u00eda (Bote)<\/span><\/td>\n<td style=\"width: 174px;\"><span style=\"font-weight: 400;\">5 n\u00fameros + reintegro<\/span><\/td>\n<td style=\"width: 197px; text-align: center;\"><span style=\"font-weight: 400;\">22%<\/span><\/td>\n<\/tr>\n<tr>\n<td style=\"width: 191px;\"><span style=\"font-weight: 400;\">Segunda categor\u00eda<\/span><\/td>\n<td style=\"width: 174px;\"><span style=\"font-weight: 400;\">5 n\u00fameros<\/span><\/td>\n<td style=\"width: 197px; text-align: center;\"><span style=\"font-weight: 400;\">33%<\/span><\/td>\n<\/tr>\n<tr>\n<td style=\"width: 191px;\"><span style=\"font-weight: 400;\">Tercera categor\u00eda<\/span><\/td>\n<td style=\"width: 174px;\"><span style=\"font-weight: 400;\">4 n\u00fameros + reintegro<\/span><\/td>\n<td style=\"width: 197px; text-align: center;\"><span style=\"font-weight: 400;\">6%<\/span><\/td>\n<\/tr>\n<tr>\n<td style=\"width: 191px;\"><span style=\"font-weight: 400;\">Cuarta categor\u00eda<\/span><\/td>\n<td style=\"width: 174px;\"><span style=\"font-weight: 400;\">4 n\u00fameros<\/span><\/td>\n<td style=\"width: 197px; text-align: center;\"><span style=\"font-weight: 400;\">7%<\/span><\/td>\n<\/tr>\n<tr>\n<td style=\"width: 191px;\"><span style=\"font-weight: 400;\">Quinta categor\u00eda<\/span><\/td>\n<td style=\"width: 174px;\"><span style=\"font-weight: 400;\">3 n\u00fameros + reintegro<\/span><\/td>\n<td style=\"width: 197px; text-align: center;\"><span style=\"font-weight: 400;\">8%<\/span><\/td>\n<\/tr>\n<tr>\n<td style=\"width: 191px;\"><span style=\"font-weight: 400;\">Sexta categor\u00eda<\/span><\/td>\n<td style=\"width: 174px;\"><span style=\"font-weight: 400;\">3 n\u00fameros<\/span><\/td>\n<td style=\"width: 197px; text-align: center;\"><span style=\"font-weight: 400;\">26%<\/span><\/td>\n<\/tr>\n<tr>\n<td style=\"width: 191px;\"><span style=\"font-weight: 400;\">S\u00e9ptima categor\u00eda<\/span><\/td>\n<td style=\"width: 174px;\"><span style=\"font-weight: 400;\">2 n\u00fameros + reintegro<\/span><\/td>\n<td style=\"width: 197px; text-align: center;\"><span style=\"font-weight: 400;\">20%<\/span><\/td>\n<\/tr>\n<tr>\n<td style=\"width: 191px;\"><span style=\"font-weight: 400;\">Octava categor\u00eda<\/span><\/td>\n<td style=\"width: 174px;\"><span style=\"font-weight: 400;\">2 n\u00fameros<\/span><\/td>\n<td style=\"width: 197px; text-align: center;\"><span style=\"font-weight: 400;\">Fijo 3 \u20ac<\/span><\/td>\n<\/tr>\n<tr>\n<td style=\"width: 191px;\"><span style=\"font-weight: 400;\">Reintegro<\/span><\/td>\n<td style=\"width: 174px;\"><span style=\"font-weight: 400;\">N\u00famero clave<\/span><\/td>\n<td style=\"width: 197px; text-align: center;\"><span style=\"font-weight: 400;\">10%<\/span><\/td>\n<\/tr>\n<\/tbody>\n<\/table>\n<h2><b>Bote del Gordo de la Primitiva<\/b><\/h2>\n<p><span style=\"font-weight: 400;\">Existe un bote m\u00ednimo garantizado para el Gordo de la Primitiva de 5 millones de euros y se acumula para el siguiente sorteo si no hay ganador de primera categor\u00eda. <\/span><\/p>\n<p><span style=\"font-weight: 400;\">El bote puede seguir creciendo de manera ilimitada hasta que haya un ganador que acierte los 5 n\u00fameros principales y el reintegro o clave.<\/span><\/p>\n<p><span style=\"font-weight: 400;\">Los mayores botes acumulados por el sorteo de El Gordo de la Primitiva desde su creaci\u00f3n en 1993 hasta la actualidad son las siguientes:<\/span><\/p>\n<table style=\"width: 212px; height: 181px;\">\n<tbody>\n<tr>\n<td style=\"width: 76px;\"><b>Fecha<\/b><\/td>\n<td style=\"width: 122px;\" colspan=\"2\"><b>Importe<\/b><\/td>\n<td style=\"width: 4px;\" colspan=\"2\"><\/td>\n<\/tr>\n<tr>\n<td style=\"width: 76px;\"><span style=\"font-weight: 400;\">19\/9\/2010<\/span><\/td>\n<td style=\"width: 119px;\"><span style=\"font-weight: 400;\">36.675.630,47 \u20ac<\/span><\/td>\n<td style=\"width: 5px;\" colspan=\"2\"><\/td>\n<\/tr>\n<tr>\n<td style=\"width: 76px;\"><span style=\"font-weight: 400;\">12\/9\/2010<\/span><\/td>\n<td style=\"width: 119px;\"><span style=\"font-weight: 400;\">34.230.938,33 \u20ac<\/span><\/td>\n<td style=\"width: 5px;\" colspan=\"2\"><\/td>\n<\/tr>\n<tr>\n<td style=\"width: 76px;\"><span style=\"font-weight: 400;\">14\/8\/2011<\/span><\/td>\n<td style=\"width: 119px;\"><span style=\"font-weight: 400;\">30.000.000,00 \u20ac<\/span><\/td>\n<td style=\"width: 5px;\" colspan=\"2\"><\/td>\n<\/tr>\n<tr>\n<td style=\"width: 76px;\"><span style=\"font-weight: 400;\">5\/9\/2010<\/span><\/td>\n<td style=\"width: 119px;\"><span style=\"font-weight: 400;\">32.390.368,22 \u20ac<\/span><\/td>\n<td style=\"width: 5px;\" colspan=\"2\"><\/td>\n<\/tr>\n<tr>\n<td style=\"width: 76px;\"><span style=\"font-weight: 400;\">14\/8\/2011<\/span><\/td>\n<td style=\"width: 119px;\"><span style=\"font-weight: 400;\">31.626.895,12 \u20ac<\/span><\/td>\n<td style=\"width: 5px;\" colspan=\"2\"><\/td>\n<\/tr>\n<tr>\n<td style=\"width: 76px;\"><span style=\"font-weight: 400;\">20\/8\/2010<\/span><\/td>\n<td style=\"width: 119px;\"><span style=\"font-weight: 400;\">30.714.123,47 \u20ac<\/span><\/td>\n<td style=\"width: 5px;\" colspan=\"2\"><\/td>\n<\/tr>\n<\/tbody>\n<\/table>\n","protected":false},"excerpt":{"rendered":"","protected":false},"author":2,"featured_media":0,"parent":174,"menu_order":6,"comment_status":"closed","ping_status":"closed","template":"el-gordo-results.php","meta":{"_et_pb_use_builder":"","_et_pb_old_content":"","_et_gb_content_width":"","exclude_from_search":false,"footnotes":""},"class_list":["post-2466","page","type-page","status-publish","hentry"],"yoast_head":"<!-- This site is optimized with the Yoast SEO plugin v23.7 - https:\/\/yoast.com\/wordpress\/plugins\/seo\/ -->\n<title>Comprobar Gordo de la Primitiva de Hoy - Resultados<\/title>\n<meta name=\"description\" content=\"Comprueba si eres el ganador del sorteo de El Gordo de La Primitiva. Resultados actualizados y al alcance de tu mano.\" \/>\n<meta name=\"robots\" content=\"index, follow, max-snippet:-1, max-image-preview:large, max-video-preview:-1\" \/>\n<link rel=\"canonical\" href=\"https:\/\/lottohoy.com\/es\/resultados\/el-gordo-primitiva\/\" \/>\n<meta property=\"og:locale\" content=\"es_ES\" \/>\n<meta property=\"og:type\" content=\"article\" \/>\n<meta property=\"og:title\" content=\"Comprobar Gordo de la Primitiva de Hoy - Resultados\" \/>\n<meta property=\"og:description\" content=\"Comprueba si eres el ganador del sorteo de El Gordo de La Primitiva. Resultados actualizados y al alcance de tu mano.\" \/>\n<meta property=\"og:url\" content=\"https:\/\/lottohoy.com\/es\/resultados\/el-gordo-primitiva\/\" \/>\n<meta property=\"og:site_name\" content=\"Lottohoy\" \/>\n<meta property=\"article:modified_time\" content=\"2025-03-26T04:35:19+00:00\" \/>\n<meta name=\"twitter:card\" content=\"summary_large_image\" \/>\n<meta name=\"twitter:label1\" content=\"Tiempo de lectura\" \/>\n\t<meta name=\"twitter:data1\" content=\"3 minutos\" \/>\n<script type=\"application\/ld+json\" class=\"yoast-schema-graph\">{\"@context\":\"https:\/\/schema.org\",\"@graph\":[{\"@type\":\"WebPage\",\"@id\":\"https:\/\/lottohoy.com\/es\/resultados\/el-gordo-primitiva\/\",\"url\":\"https:\/\/lottohoy.com\/es\/resultados\/el-gordo-primitiva\/\",\"name\":\"Comprobar Gordo de la Primitiva de Hoy - Resultados\",\"isPartOf\":{\"@id\":\"https:\/\/lottohoy.com\/es\/#website\"},\"datePublished\":\"2019-02-13T18:37:04+00:00\",\"dateModified\":\"2025-03-26T04:35:19+00:00\",\"description\":\"Comprueba si eres el ganador del sorteo de El Gordo de La Primitiva. Resultados actualizados y al alcance de tu mano.\",\"breadcrumb\":{\"@id\":\"https:\/\/lottohoy.com\/es\/resultados\/el-gordo-primitiva\/#breadcrumb\"},\"inLanguage\":\"es\",\"potentialAction\":[{\"@type\":\"ReadAction\",\"target\":[\"https:\/\/lottohoy.com\/es\/resultados\/el-gordo-primitiva\/\"]}]},{\"@type\":\"BreadcrumbList\",\"@id\":\"https:\/\/lottohoy.com\/es\/resultados\/el-gordo-primitiva\/#breadcrumb\",\"itemListElement\":[{\"@type\":\"ListItem\",\"position\":1,\"name\":\"Home\",\"item\":\"https:\/\/lottohoy.com\/es\/\"},{\"@type\":\"ListItem\",\"position\":2,\"name\":\"Resultados de loter\u00eda\",\"item\":\"https:\/\/lottohoy.com\/es\/resultados\/\"},{\"@type\":\"ListItem\",\"position\":3,\"name\":\"Comprobar Gordo de la Primitiva\"}]},{\"@type\":\"WebSite\",\"@id\":\"https:\/\/lottohoy.com\/es\/#website\",\"url\":\"https:\/\/lottohoy.com\/es\/\",\"name\":\"Lottohoy\",\"description\":\"\",\"potentialAction\":[{\"@type\":\"SearchAction\",\"target\":{\"@type\":\"EntryPoint\",\"urlTemplate\":\"https:\/\/lottohoy.com\/es\/?s={search_term_string}\"},\"query-input\":{\"@type\":\"PropertyValueSpecification\",\"valueRequired\":true,\"valueName\":\"search_term_string\"}}],\"inLanguage\":\"es\"}]}<\/script>\n<!-- \/ Yoast SEO plugin. -->","yoast_head_json":{"title":"Comprobar Gordo de la Primitiva de Hoy - Resultados","description":"Comprueba si eres el ganador del sorteo de El Gordo de La Primitiva. Resultados actualizados y al alcance de tu mano.","robots":{"index":"index","follow":"follow","max-snippet":"max-snippet:-1","max-image-preview":"max-image-preview:large","max-video-preview":"max-video-preview:-1"},"canonical":"https:\/\/lottohoy.com\/es\/resultados\/el-gordo-primitiva\/","og_locale":"es_ES","og_type":"article","og_title":"Comprobar Gordo de la Primitiva de Hoy - Resultados","og_description":"Comprueba si eres el ganador del sorteo de El Gordo de La Primitiva. Resultados actualizados y al alcance de tu mano.","og_url":"https:\/\/lottohoy.com\/es\/resultados\/el-gordo-primitiva\/","og_site_name":"Lottohoy","article_modified_time":"2025-03-26T04:35:19+00:00","twitter_card":"summary_large_image","twitter_misc":{"Tiempo de lectura":"3 minutos"},"schema":{"@context":"https:\/\/schema.org","@graph":[{"@type":"WebPage","@id":"https:\/\/lottohoy.com\/es\/resultados\/el-gordo-primitiva\/","url":"https:\/\/lottohoy.com\/es\/resultados\/el-gordo-primitiva\/","name":"Comprobar Gordo de la Primitiva de Hoy - Resultados","isPartOf":{"@id":"https:\/\/lottohoy.com\/es\/#website"},"datePublished":"2019-02-13T18:37:04+00:00","dateModified":"2025-03-26T04:35:19+00:00","description":"Comprueba si eres el ganador del sorteo de El Gordo de La Primitiva. Resultados actualizados y al alcance de tu mano.","breadcrumb":{"@id":"https:\/\/lottohoy.com\/es\/resultados\/el-gordo-primitiva\/#breadcrumb"},"inLanguage":"es","potentialAction":[{"@type":"ReadAction","target":["https:\/\/lottohoy.com\/es\/resultados\/el-gordo-primitiva\/"]}]},{"@type":"BreadcrumbList","@id":"https:\/\/lottohoy.com\/es\/resultados\/el-gordo-primitiva\/#breadcrumb","itemListElement":[{"@type":"ListItem","position":1,"name":"Home","item":"https:\/\/lottohoy.com\/es\/"},{"@type":"ListItem","position":2,"name":"Resultados de loter\u00eda","item":"https:\/\/lottohoy.com\/es\/resultados\/"},{"@type":"ListItem","position":3,"name":"Comprobar Gordo de la Primitiva"}]},{"@type":"WebSite","@id":"https:\/\/lottohoy.com\/es\/#website","url":"https:\/\/lottohoy.com\/es\/","name":"Lottohoy","description":"","potentialAction":[{"@type":"SearchAction","target":{"@type":"EntryPoint","urlTemplate":"https:\/\/lottohoy.com\/es\/?s={search_term_string}"},"query-input":{"@type":"PropertyValueSpecification","valueRequired":true,"valueName":"search_term_string"}}],"inLanguage":"es"}]}},"_links":{"self":[{"href":"https:\/\/lottohoy.com\/es\/wp-json\/wp\/v2\/pages\/2466","targetHints":{"allow":["GET"]}}],"collection":[{"href":"https:\/\/lottohoy.com\/es\/wp-json\/wp\/v2\/pages"}],"about":[{"href":"https:\/\/lottohoy.com\/es\/wp-json\/wp\/v2\/types\/page"}],"author":[{"embeddable":true,"href":"https:\/\/lottohoy.com\/es\/wp-json\/wp\/v2\/users\/2"}],"replies":[{"embeddable":true,"href":"https:\/\/lottohoy.com\/es\/wp-json\/wp\/v2\/comments?post=2466"}],"version-history":[{"count":2,"href":"https:\/\/lottohoy.com\/es\/wp-json\/wp\/v2\/pages\/2466\/revisions"}],"predecessor-version":[{"id":16955,"href":"https:\/\/lottohoy.com\/es\/wp-json\/wp\/v2\/pages\/2466\/revisions\/16955"}],"up":[{"embeddable":true,"href":"https:\/\/lottohoy.com\/es\/wp-json\/wp\/v2\/pages\/174"}],"wp:attachment":[{"href":"https:\/\/lottohoy.com\/es\/wp-json\/wp\/v2\/media?parent=2466"}],"curies":[{"name":"wp","href":"https:\/\/api.w.org\/{rel}","templated":true}]}}