{"id":2459,"date":"2019-02-13T18:44:38","date_gmt":"2019-02-13T18:44:38","guid":{"rendered":"https:\/\/www.lottohoy.com\/?page_id=2459"},"modified":"2025-03-17T11:46:28","modified_gmt":"2025-03-17T11:46:28","slug":"el-gordo-primitiva","status":"publish","type":"page","link":"https:\/\/lottohoy.com\/es\/jugar\/el-gordo-primitiva\/","title":{"rendered":"Jugar al Gordo de la Primitiva"},"content":{"rendered":"<p><!--more--><\/p>\n<h2><b>Jugar al Gordo Online<\/b><\/h2>\n<p><span style=\"font-weight: 400;\">El 31 de octubre de 1993 fue el primer sorteo de el Gordo de la Primitiva, un sorteo que actualmente se celebra todos los domingos, aunque los primeros sorteos solo se realizaban una vez al mes, el \u00faltimo domingo de mes.<\/span><\/p>\n<p><span style=\"font-weight: 400;\">Esta forma de sorteo se mantuvo hasta el sorteo del 12 de octubre de 1997.<\/span><\/p>\n<p><span style=\"font-weight: 400;\">Ahora jugar al Gordo de la Primitiva en l\u00ednea es muy sencillo. Te ofrecemos la posibilidad de comprar tus boletos todos los d\u00edas de la semana, 24 horas al d\u00eda y por solamente 3\u20ac.\u00a0<\/span><\/p>\n<h2><b>\u00bfC\u00f3mo se juega al Gordo de la Primitiva?<\/b><\/h2>\n<p><span style=\"font-weight: 400;\">Jugar el Gordo de la Primitiva consiste en seleccionar 5 n\u00fameros de una tabla que contiene 54 casillas numeradas del 1 al 54, y de un bloque adicional, seleccionar 1 n\u00famero clave de las casillas numeradas del 0 al 9. <\/span><\/p>\n<p><span style=\"font-weight: 400;\">Existen b\u00e1sicamente dos formas de jugar el Gordo Primitiva, la apuesta sencilla, y la apuesta m\u00faltiple:<\/span><\/p>\n<p><span style=\"font-weight: 400;\">La <\/span><b>apuesta sencilla<\/b><span style=\"font-weight: 400;\">, consiste en elegir 5 n\u00fameros de la primera tabla que contiene 54 casillas numeradas del 1 al 54 respectivamente, y un n\u00famero clave (tambi\u00e9n llamado reintegro) de una segunda tabla que ofrece el boleto y que contiene 10 casillas numeradas del 0 al 9. El precio de cada ticket de El Gordo de La Primitiva es de 3 EUR. en Lottohoy.<\/span><\/p>\n<p><span style=\"font-weight: 400;\">Este n\u00famero clave o reintegro, es com\u00fan para todas las apuestas o bloque que se ponen en juego en el boleto simple.<\/span><\/p>\n<p><span style=\"font-weight: 400;\">La <\/span><b>apuesta m\u00faltiple<\/b><span style=\"font-weight: 400;\">, se realiza exclusivamente en el primer bloque del boleto, y se pueden marcar un m\u00ednimo de 6 casillas, y un m\u00e1ximo de 11 de la primera tabla, m\u00e1s el n\u00famero clave o reintegro de la tabla adjunta.<\/span><\/p>\n<p><span style=\"font-weight: 400;\">Al rellenar una apuesta m\u00faltiple la cantidad de n\u00fameros que se marquen, ir\u00e1 directamente ligado a las apuestas que se realizan, y al coste de las mismas.<\/span><\/p>\n<table>\n<tbody>\n<tr>\n<td><b>N\u00fameros marcados<\/b><\/td>\n<td><b>Apuestas totales<\/b><\/td>\n<\/tr>\n<tr>\n<td><span style=\"font-weight: 400;\">6<\/span><\/td>\n<td><span style=\"font-weight: 400;\">6<\/span><\/td>\n<\/tr>\n<tr>\n<td><span style=\"font-weight: 400;\">7<\/span><\/td>\n<td><span style=\"font-weight: 400;\">21<\/span><\/td>\n<\/tr>\n<tr>\n<td><span style=\"font-weight: 400;\">8<\/span><\/td>\n<td><span style=\"font-weight: 400;\">56<\/span><\/td>\n<\/tr>\n<tr>\n<td><span style=\"font-weight: 400;\">9<\/span><\/td>\n<td><span style=\"font-weight: 400;\">126<\/span><\/td>\n<\/tr>\n<tr>\n<td><span style=\"font-weight: 400;\">10<\/span><\/td>\n<td><span style=\"font-weight: 400;\">252<\/span><\/td>\n<\/tr>\n<tr>\n<td><span style=\"font-weight: 400;\">11<\/span><\/td>\n<td><span style=\"font-weight: 400;\">462<\/span><\/td>\n<\/tr>\n<\/tbody>\n<\/table>\n<h2><b>\u00bfQu\u00e9 d\u00eda se juega el Gordo de la Primitiva?<\/b><\/h2>\n<p><span style=\"font-weight: 400;\">El Gordo de la Primitiva tiene un \u00fanico sorteo semanal, los domingos y se celebra a las 21:30 h. (CET) en Madrid.<\/span><\/p>\n<p><span style=\"font-weight: 400;\">Para acceder a estos sorteos, se ha de tener en cuenta los horarios de cierre.<\/span><\/p>\n<p><span style=\"font-weight: 400;\">Jugando online, el horario normalizado es sobre las 13:00 h., dependiendo del Pa\u00eds del proveedor donde se juegue (recomendado consultar previamente).<\/span><\/p>\n<h2><b>Juega al Gordo de la Primitiva Online<\/b><\/h2>\n<p><span style=\"font-weight: 400;\">Jugar online al Gordo de la Primitiva tiene muchas ventajas en comparaci\u00f3n con el juego tradicional de sellar el boleto de manera f\u00edsica en las administraciones de loter\u00eda.<\/span><\/p>\n<p><span style=\"font-weight: 400;\">Con la llegada de las nuevas tecnolog\u00edas, se han facilitado muchas actividades para lograr comodidad, ganar tiempo y seguridad.<\/span><\/p>\n<p><span style=\"font-weight: 400;\">Las probabilidades de ganar cualquier premio de el Gordo de la Primitiva jugando online, son exactamente las mismas que haci\u00e9ndolo al comprar un ticket f\u00edsico en una Administraci\u00f3n de Loter\u00edas, y plataformas le loter\u00edas online como la nuestra, lo hace muy f\u00e1cil.<\/span><\/p>\n<p><span style=\"font-weight: 400;\">Simplemente tienes que creara una cuenta de usuario en LottoHoy, y de esta manera acceder a toda la informaci\u00f3n sobre cobros, pagos, abonos con total seguridad.<\/span><\/p>\n<p><span style=\"font-weight: 400;\">Cuando accedes dentro de nuestra plataforma a la secci\u00f3n del juego del Gordo de la Primitiva, En la parte superior aparece una barra de men\u00fa con cuatro opciones:<\/span><\/p>\n<ul>\n<li style=\"font-weight: 400;\"><b>Jugar Gordo Primitiva<\/b><span style=\"font-weight: 400;\">: Secci\u00f3n en la que podr\u00e1s seleccionar tus n\u00fameros favoritos en todas las columnas que desees. En principio se muestran 5 columnas, perotu apuesta se puede ampliar a tantas columnas como desees, simplemente clicando en el cuadro situado debajo de la primera columna que dice \u201cm\u00e1s l\u00edneas\u201d<\/span><\/li>\n<li style=\"font-weight: 400;\"><b>Resultados del Gordo de la Primitiva:<\/b><span style=\"font-weight: 400;\">\u00a0Con la informaci\u00f3n sobre el \u00faltimo sorteo celebrado, la combinaci\u00f3n ganadora, y el reparto de premios de las diversas categor\u00edas. Tambi\u00e9n puede acceder a la informaci\u00f3n de sorteos anteriores y las cantidades de sus premios.<\/span><\/li>\n<li style=\"font-weight: 400;\"><b>Informaci\u00f3n del Gordo de la Primitiva:<\/b><span style=\"font-weight: 400;\">\u00a0Toda la informaci\u00f3n relacionada con este juego, las categor\u00edas de premios, los porcentajes de recaudaci\u00f3n asignados a cada categor\u00eda y las posibilidades de ganancia en cada categor\u00eda.\u00a0<\/span><\/li>\n<li style=\"font-weight: 400;\"><b>Noticias del Gordo de la Primitiva<\/b><span style=\"font-weight: 400;\">: Todo lo referente a la actualidad sobre esta modalidad de loter\u00eda.<\/span><\/li>\n<\/ul>\n<p><span style=\"font-weight: 400;\">Justo debajo, se muestra la primera l\u00ednea de juego, compuesta por cinco columnas (o boletos). Puedes jugar una sola columna o todas las que quieras, incluso puedes a\u00f1adir m\u00e1s filas y as\u00ed jugar m\u00e1s n\u00fameros.<\/span><span style=\"font-weight: 400;\"><br \/>\n<\/span><span style=\"font-weight: 400;\">Cada uno de las columnas o l\u00edneas est\u00e1 numerado del 1 al 54 y es donde se debe realizar el pron\u00f3stico que se desea, partiendo de la base que\u00a0<\/span><b>se deben marcar 5 casillas o n\u00fameros <\/b><span style=\"font-weight: 400;\">para una jugada simple.<\/span><\/p>\n<p><span style=\"font-weight: 400;\">El sistema permite rellenar\u00a0manualmente\u00a0estas casillas con nuestros n\u00fameros favoritos, o bien mediante la opci\u00f3n de selecci\u00f3n r\u00e1pida que aparece encima de cada tablero. De esta manera es el propio sistema quien de una\u00a0manera aleatoria\u00a0elige la combinaci\u00f3n con la que jugaremos.<\/span><\/p>\n","protected":false},"excerpt":{"rendered":"","protected":false},"author":2,"featured_media":0,"parent":184,"menu_order":6,"comment_status":"closed","ping_status":"closed","template":"el-gordo.php","meta":{"_et_pb_use_builder":"","_et_pb_old_content":"","_et_gb_content_width":"","exclude_from_search":false,"footnotes":""},"class_list":["post-2459","page","type-page","status-publish","hentry"],"yoast_head":"<!-- This site is optimized with the Yoast SEO plugin v23.7 - https:\/\/yoast.com\/wordpress\/plugins\/seo\/ -->\n<title>Jugar Gordo de la Primitiva online - Jugar en Lottohoy<\/title>\n<meta name=\"description\" content=\"Consigue ya tu ticket para el pr\u00f3ximo sorteo de El Gordo de La Primitiva. Descubre tambi\u00e9n los n\u00fameros m\u00e1s premiados. Haz realidad tus sue\u00f1os con Lottohoy.\" \/>\n<meta name=\"robots\" content=\"index, follow, max-snippet:-1, max-image-preview:large, max-video-preview:-1\" \/>\n<link rel=\"canonical\" href=\"https:\/\/lottohoy.com\/es\/jugar\/el-gordo-primitiva\/\" \/>\n<meta property=\"og:locale\" content=\"es_ES\" \/>\n<meta property=\"og:type\" content=\"article\" \/>\n<meta property=\"og:title\" content=\"Jugar Gordo de la Primitiva online - Jugar en Lottohoy\" \/>\n<meta property=\"og:description\" content=\"Consigue ya tu ticket para el pr\u00f3ximo sorteo de El Gordo de La Primitiva. Descubre tambi\u00e9n los n\u00fameros m\u00e1s premiados. Haz realidad tus sue\u00f1os con Lottohoy.\" \/>\n<meta property=\"og:url\" content=\"https:\/\/lottohoy.com\/es\/jugar\/el-gordo-primitiva\/\" \/>\n<meta property=\"og:site_name\" content=\"Lottohoy\" \/>\n<meta property=\"article:modified_time\" content=\"2025-03-17T11:46:28+00:00\" \/>\n<meta name=\"twitter:card\" content=\"summary_large_image\" \/>\n<meta name=\"twitter:label1\" content=\"Tiempo de lectura\" \/>\n\t<meta name=\"twitter:data1\" content=\"4 minutos\" \/>\n<script type=\"application\/ld+json\" class=\"yoast-schema-graph\">{\"@context\":\"https:\/\/schema.org\",\"@graph\":[{\"@type\":\"WebPage\",\"@id\":\"https:\/\/lottohoy.com\/es\/jugar\/el-gordo-primitiva\/\",\"url\":\"https:\/\/lottohoy.com\/es\/jugar\/el-gordo-primitiva\/\",\"name\":\"Jugar Gordo de la Primitiva online - Jugar en Lottohoy\",\"isPartOf\":{\"@id\":\"https:\/\/lottohoy.com\/es\/#website\"},\"datePublished\":\"2019-02-13T18:44:38+00:00\",\"dateModified\":\"2025-03-17T11:46:28+00:00\",\"description\":\"Consigue ya tu ticket para el pr\u00f3ximo sorteo de El Gordo de La Primitiva. Descubre tambi\u00e9n los n\u00fameros m\u00e1s premiados. Haz realidad tus sue\u00f1os con Lottohoy.\",\"breadcrumb\":{\"@id\":\"https:\/\/lottohoy.com\/es\/jugar\/el-gordo-primitiva\/#breadcrumb\"},\"inLanguage\":\"es\",\"potentialAction\":[{\"@type\":\"ReadAction\",\"target\":[\"https:\/\/lottohoy.com\/es\/jugar\/el-gordo-primitiva\/\"]}]},{\"@type\":\"BreadcrumbList\",\"@id\":\"https:\/\/lottohoy.com\/es\/jugar\/el-gordo-primitiva\/#breadcrumb\",\"itemListElement\":[{\"@type\":\"ListItem\",\"position\":1,\"name\":\"Home\",\"item\":\"https:\/\/lottohoy.com\/es\/\"},{\"@type\":\"ListItem\",\"position\":2,\"name\":\"Comprar loter\u00eda online\",\"item\":\"https:\/\/lottohoy.com\/es\/jugar\/\"},{\"@type\":\"ListItem\",\"position\":3,\"name\":\"Jugar al Gordo de la Primitiva\"}]},{\"@type\":\"WebSite\",\"@id\":\"https:\/\/lottohoy.com\/es\/#website\",\"url\":\"https:\/\/lottohoy.com\/es\/\",\"name\":\"Lottohoy\",\"description\":\"\",\"potentialAction\":[{\"@type\":\"SearchAction\",\"target\":{\"@type\":\"EntryPoint\",\"urlTemplate\":\"https:\/\/lottohoy.com\/es\/?s={search_term_string}\"},\"query-input\":{\"@type\":\"PropertyValueSpecification\",\"valueRequired\":true,\"valueName\":\"search_term_string\"}}],\"inLanguage\":\"es\"}]}<\/script>\n<!-- \/ Yoast SEO plugin. -->","yoast_head_json":{"title":"Jugar Gordo de la Primitiva online - Jugar en Lottohoy","description":"Consigue ya tu ticket para el pr\u00f3ximo sorteo de El Gordo de La Primitiva. Descubre tambi\u00e9n los n\u00fameros m\u00e1s premiados. Haz realidad tus sue\u00f1os con Lottohoy.","robots":{"index":"index","follow":"follow","max-snippet":"max-snippet:-1","max-image-preview":"max-image-preview:large","max-video-preview":"max-video-preview:-1"},"canonical":"https:\/\/lottohoy.com\/es\/jugar\/el-gordo-primitiva\/","og_locale":"es_ES","og_type":"article","og_title":"Jugar Gordo de la Primitiva online - Jugar en Lottohoy","og_description":"Consigue ya tu ticket para el pr\u00f3ximo sorteo de El Gordo de La Primitiva. Descubre tambi\u00e9n los n\u00fameros m\u00e1s premiados. Haz realidad tus sue\u00f1os con Lottohoy.","og_url":"https:\/\/lottohoy.com\/es\/jugar\/el-gordo-primitiva\/","og_site_name":"Lottohoy","article_modified_time":"2025-03-17T11:46:28+00:00","twitter_card":"summary_large_image","twitter_misc":{"Tiempo de lectura":"4 minutos"},"schema":{"@context":"https:\/\/schema.org","@graph":[{"@type":"WebPage","@id":"https:\/\/lottohoy.com\/es\/jugar\/el-gordo-primitiva\/","url":"https:\/\/lottohoy.com\/es\/jugar\/el-gordo-primitiva\/","name":"Jugar Gordo de la Primitiva online - Jugar en Lottohoy","isPartOf":{"@id":"https:\/\/lottohoy.com\/es\/#website"},"datePublished":"2019-02-13T18:44:38+00:00","dateModified":"2025-03-17T11:46:28+00:00","description":"Consigue ya tu ticket para el pr\u00f3ximo sorteo de El Gordo de La Primitiva. Descubre tambi\u00e9n los n\u00fameros m\u00e1s premiados. Haz realidad tus sue\u00f1os con Lottohoy.","breadcrumb":{"@id":"https:\/\/lottohoy.com\/es\/jugar\/el-gordo-primitiva\/#breadcrumb"},"inLanguage":"es","potentialAction":[{"@type":"ReadAction","target":["https:\/\/lottohoy.com\/es\/jugar\/el-gordo-primitiva\/"]}]},{"@type":"BreadcrumbList","@id":"https:\/\/lottohoy.com\/es\/jugar\/el-gordo-primitiva\/#breadcrumb","itemListElement":[{"@type":"ListItem","position":1,"name":"Home","item":"https:\/\/lottohoy.com\/es\/"},{"@type":"ListItem","position":2,"name":"Comprar loter\u00eda online","item":"https:\/\/lottohoy.com\/es\/jugar\/"},{"@type":"ListItem","position":3,"name":"Jugar al Gordo de la Primitiva"}]},{"@type":"WebSite","@id":"https:\/\/lottohoy.com\/es\/#website","url":"https:\/\/lottohoy.com\/es\/","name":"Lottohoy","description":"","potentialAction":[{"@type":"SearchAction","target":{"@type":"EntryPoint","urlTemplate":"https:\/\/lottohoy.com\/es\/?s={search_term_string}"},"query-input":{"@type":"PropertyValueSpecification","valueRequired":true,"valueName":"search_term_string"}}],"inLanguage":"es"}]}},"_links":{"self":[{"href":"https:\/\/lottohoy.com\/es\/wp-json\/wp\/v2\/pages\/2459","targetHints":{"allow":["GET"]}}],"collection":[{"href":"https:\/\/lottohoy.com\/es\/wp-json\/wp\/v2\/pages"}],"about":[{"href":"https:\/\/lottohoy.com\/es\/wp-json\/wp\/v2\/types\/page"}],"author":[{"embeddable":true,"href":"https:\/\/lottohoy.com\/es\/wp-json\/wp\/v2\/users\/2"}],"replies":[{"embeddable":true,"href":"https:\/\/lottohoy.com\/es\/wp-json\/wp\/v2\/comments?post=2459"}],"version-history":[{"count":2,"href":"https:\/\/lottohoy.com\/es\/wp-json\/wp\/v2\/pages\/2459\/revisions"}],"predecessor-version":[{"id":14550,"href":"https:\/\/lottohoy.com\/es\/wp-json\/wp\/v2\/pages\/2459\/revisions\/14550"}],"up":[{"embeddable":true,"href":"https:\/\/lottohoy.com\/es\/wp-json\/wp\/v2\/pages\/184"}],"wp:attachment":[{"href":"https:\/\/lottohoy.com\/es\/wp-json\/wp\/v2\/media?parent=2459"}],"curies":[{"name":"wp","href":"https:\/\/api.w.org\/{rel}","templated":true}]}}