{"id":20581,"date":"2025-06-13T13:21:14","date_gmt":"2025-06-13T12:21:14","guid":{"rendered":"https:\/\/lottohoy.com\/?page_id=20581"},"modified":"2025-06-14T16:05:31","modified_gmt":"2025-06-14T15:05:31","slug":"resultados-euromillones-uk","status":"publish","type":"page","link":"https:\/\/lottohoy.com\/es\/resultados\/resultados-euromillones-uk\/","title":{"rendered":"Resultados Euromillones UK"},"content":{"rendered":"<h1 data-start=\"313\" data-end=\"373\">Resultados actualizados del Euromillones UK \u2013 Consulta tus premios en segundos<\/h1>\n<p data-start=\"375\" data-end=\"612\">Para comprobar los resultados del sorteo de Euromillones UK \u2014incluyendo tambi\u00e9n el n\u00famero premiado del <strong data-start=\"478\" data-end=\"502\">UK Millionaire Maker<\/strong>\u2014 solo necesitas comparar los n\u00fameros de tu boleto con la combinaci\u00f3n ganadora publicada en esta misma p\u00e1gina.<\/p>\n<p data-start=\"614\" data-end=\"936\">En caso de haber realizado la compra de tu boleto de forma offline, te recomendamos verificar cuidadosamente los resultados m\u00e1s de una vez. A veces, por descuido, podr\u00edas desechar un boleto v\u00e1lido que contiene una combinaci\u00f3n ganadora, perdiendo la oportunidad de reclamar importantes premios o incluso un bote millonario.<\/p>\n<p data-start=\"938\" data-end=\"1200\">Adem\u00e1s, en LottoHoy puedes acceder al <strong data-start=\"976\" data-end=\"1001\">bote acumulado de hoy<\/strong>, consultar los ganadores por categor\u00eda y repasar los resultados de sorteos anteriores con una antig\u00fcedad de hasta <strong data-start=\"1116\" data-end=\"1128\">24 meses<\/strong>, lo que te permite verificar cualquier jugada pasada de forma sencilla.<\/p>\n<h2 data-start=\"1207\" data-end=\"1266\">Ventaja de comprobar Euromillones UK online en LottoHoy<\/h2>\n<p data-start=\"1268\" data-end=\"1447\">Al crear tu cuenta de usuario gratuita en nuestra plataforma, podr\u00e1s consultar directamente si has sido uno de los ganadores, sin necesidad de buscar los resultados por tu cuenta.<\/p>\n<p data-start=\"1449\" data-end=\"1697\">Si tu jugada resulta premiada en el sorteo del martes o viernes, y el importe del premio es igual o inferior a <strong data-start=\"1562\" data-end=\"1575\">2.500 \u20ac\/\u00a3<\/strong>, el importe se abona de forma <strong data-start=\"1606\" data-end=\"1620\">autom\u00e1tica<\/strong> en tu cuenta de usuario, quedando disponible para usar o retirar en el acto.<\/p>\n<p data-start=\"1699\" data-end=\"1947\">Para premios de mayor valor, nuestro equipo legal se pondr\u00e1 en contacto contigo para guiarte paso a paso durante todo el proceso de validaci\u00f3n y cobro. Te ofrecemos un <strong data-start=\"1871\" data-end=\"1917\">asesoramiento personalizado y confidencial<\/strong> para garantizar tu seguridad.<\/p>\n<h2 data-start=\"1954\" data-end=\"1992\">Reparto de premios Euromillones UK<\/h2>\n<p data-start=\"1994\" data-end=\"2192\">A continuaci\u00f3n, puedes consultar la tabla con la <strong data-start=\"2043\" data-end=\"2085\">combinaci\u00f3n ganadora del \u00faltimo sorteo<\/strong> de Euromillones UK, junto con el <strong data-start=\"2119\" data-end=\"2141\">reparto de premios<\/strong> para cada una de las <strong data-start=\"2163\" data-end=\"2180\">13 categor\u00edas<\/strong> existentes.<\/p>\n<p data-start=\"2194\" data-end=\"2217\">Esta tabla te mostrar\u00e1:<\/p>\n<ul data-start=\"2219\" data-end=\"2470\">\n<li data-start=\"2219\" data-end=\"2301\">\n<p data-start=\"2221\" data-end=\"2301\">La combinaci\u00f3n de n\u00fameros y estrellas necesarios para ganar en cada categor\u00eda.<\/p>\n<\/li>\n<li data-start=\"2302\" data-end=\"2355\">\n<p data-start=\"2304\" data-end=\"2355\">El n\u00famero de ganadores registrados por categor\u00eda.<\/p>\n<\/li>\n<li data-start=\"2356\" data-end=\"2470\">\n<p data-start=\"2358\" data-end=\"2470\">El importe en <strong data-start=\"2372\" data-end=\"2385\">euros (\u20ac)<\/strong> que corresponde a cada acierto. <em data-start=\"2418\" data-end=\"2470\">(El pago final se realiza en libras esterlinas \u00a3).<\/em><\/p>\n<\/li>\n<\/ul>\n<p data-start=\"2472\" data-end=\"2634\">\ud83d\udc49 Tambi\u00e9n puedes revisar el <strong data-start=\"2501\" data-end=\"2523\">historial de botes<\/strong> m\u00e1s recientes desde este enlace directo: <a href=\"https:\/\/lottohoy.com\/es\/botes\/\">https:\/\/lottohoy.com\/es\/botes\/<\/a><\/p>\n<p data-start=\"2472\" data-end=\"2634\">\ud83d\udc49\u00a0 Y si a\u00fan no tienes cuenta, puedes registrarte gratis aqu\u00ed: <a href=\"https:\/\/lottohoy.com\/es\/registration\/\">https:\/\/lottohoy.com\/es\/registration\/<\/a><\/p>\n","protected":false},"excerpt":{"rendered":"<p>Resultados actualizados del Euromillones UK \u2013 Consulta tus premios en segundos Para comprobar los resultados del sorteo de Euromillones UK \u2014incluyendo tambi\u00e9n el n\u00famero premiado del UK Millionaire Maker\u2014 solo necesitas comparar los n\u00fameros de tu boleto con la combinaci\u00f3n ganadora publicada en esta misma p\u00e1gina. En caso de haber realizado la compra de tu [&hellip;]<\/p>\n","protected":false},"author":8,"featured_media":0,"parent":174,"menu_order":0,"comment_status":"closed","ping_status":"closed","template":"euromillions-results.php","meta":{"_et_pb_use_builder":"","_et_pb_old_content":"","_et_gb_content_width":"","exclude_from_search":false,"footnotes":""},"class_list":["post-20581","page","type-page","status-publish","hentry"],"yoast_head":"<!-- This site is optimized with the Yoast SEO plugin v23.7 - https:\/\/yoast.com\/wordpress\/plugins\/seo\/ -->\n<title>Resultados Euromillones UK online \u2013 Consulta tu boleto y cobra premios<\/title>\n<meta name=\"description\" content=\"Consulta los resultados del Euromillones UK online. Verifica tus boletos, descubre si has ganado y cobra tus premios f\u00e1cilmente desde LottoHoy.\" \/>\n<meta name=\"robots\" content=\"index, follow, max-snippet:-1, max-image-preview:large, max-video-preview:-1\" \/>\n<link rel=\"canonical\" href=\"https:\/\/lottohoy.com\/es\/resultados\/resultados-euromillones-uk\/\" \/>\n<meta property=\"og:locale\" content=\"es_ES\" \/>\n<meta property=\"og:type\" content=\"article\" \/>\n<meta property=\"og:title\" content=\"Resultados Euromillones UK online \u2013 Consulta tu boleto y cobra premios\" \/>\n<meta property=\"og:description\" content=\"Consulta los resultados del Euromillones UK online. Verifica tus boletos, descubre si has ganado y cobra tus premios f\u00e1cilmente desde LottoHoy.\" \/>\n<meta property=\"og:url\" content=\"https:\/\/lottohoy.com\/es\/resultados\/resultados-euromillones-uk\/\" \/>\n<meta property=\"og:site_name\" content=\"Lottohoy\" \/>\n<meta property=\"article:modified_time\" content=\"2025-06-14T15:05:31+00:00\" \/>\n<meta name=\"twitter:card\" content=\"summary_large_image\" \/>\n<meta name=\"twitter:label1\" content=\"Tiempo de lectura\" \/>\n\t<meta name=\"twitter:data1\" content=\"2 minutos\" \/>\n<script type=\"application\/ld+json\" class=\"yoast-schema-graph\">{\"@context\":\"https:\/\/schema.org\",\"@graph\":[{\"@type\":\"WebPage\",\"@id\":\"https:\/\/lottohoy.com\/es\/resultados\/resultados-euromillones-uk\/\",\"url\":\"https:\/\/lottohoy.com\/es\/resultados\/resultados-euromillones-uk\/\",\"name\":\"Resultados Euromillones UK online \u2013 Consulta tu boleto y cobra premios\",\"isPartOf\":{\"@id\":\"https:\/\/lottohoy.com\/es\/#website\"},\"datePublished\":\"2025-06-13T12:21:14+00:00\",\"dateModified\":\"2025-06-14T15:05:31+00:00\",\"description\":\"Consulta los resultados del Euromillones UK online. Verifica tus boletos, descubre si has ganado y cobra tus premios f\u00e1cilmente desde LottoHoy.\",\"breadcrumb\":{\"@id\":\"https:\/\/lottohoy.com\/es\/resultados\/resultados-euromillones-uk\/#breadcrumb\"},\"inLanguage\":\"es\",\"potentialAction\":[{\"@type\":\"ReadAction\",\"target\":[\"https:\/\/lottohoy.com\/es\/resultados\/resultados-euromillones-uk\/\"]}]},{\"@type\":\"BreadcrumbList\",\"@id\":\"https:\/\/lottohoy.com\/es\/resultados\/resultados-euromillones-uk\/#breadcrumb\",\"itemListElement\":[{\"@type\":\"ListItem\",\"position\":1,\"name\":\"Home\",\"item\":\"https:\/\/lottohoy.com\/es\/\"},{\"@type\":\"ListItem\",\"position\":2,\"name\":\"Resultados de loter\u00eda\",\"item\":\"https:\/\/lottohoy.com\/es\/resultados\/\"},{\"@type\":\"ListItem\",\"position\":3,\"name\":\"Resultados Euromillones UK\"}]},{\"@type\":\"WebSite\",\"@id\":\"https:\/\/lottohoy.com\/es\/#website\",\"url\":\"https:\/\/lottohoy.com\/es\/\",\"name\":\"Lottohoy\",\"description\":\"\",\"potentialAction\":[{\"@type\":\"SearchAction\",\"target\":{\"@type\":\"EntryPoint\",\"urlTemplate\":\"https:\/\/lottohoy.com\/es\/?s={search_term_string}\"},\"query-input\":{\"@type\":\"PropertyValueSpecification\",\"valueRequired\":true,\"valueName\":\"search_term_string\"}}],\"inLanguage\":\"es\"}]}<\/script>\n<!-- \/ Yoast SEO plugin. -->","yoast_head_json":{"title":"Resultados Euromillones UK online \u2013 Consulta tu boleto y cobra premios","description":"Consulta los resultados del Euromillones UK online. Verifica tus boletos, descubre si has ganado y cobra tus premios f\u00e1cilmente desde LottoHoy.","robots":{"index":"index","follow":"follow","max-snippet":"max-snippet:-1","max-image-preview":"max-image-preview:large","max-video-preview":"max-video-preview:-1"},"canonical":"https:\/\/lottohoy.com\/es\/resultados\/resultados-euromillones-uk\/","og_locale":"es_ES","og_type":"article","og_title":"Resultados Euromillones UK online \u2013 Consulta tu boleto y cobra premios","og_description":"Consulta los resultados del Euromillones UK online. Verifica tus boletos, descubre si has ganado y cobra tus premios f\u00e1cilmente desde LottoHoy.","og_url":"https:\/\/lottohoy.com\/es\/resultados\/resultados-euromillones-uk\/","og_site_name":"Lottohoy","article_modified_time":"2025-06-14T15:05:31+00:00","twitter_card":"summary_large_image","twitter_misc":{"Tiempo de lectura":"2 minutos"},"schema":{"@context":"https:\/\/schema.org","@graph":[{"@type":"WebPage","@id":"https:\/\/lottohoy.com\/es\/resultados\/resultados-euromillones-uk\/","url":"https:\/\/lottohoy.com\/es\/resultados\/resultados-euromillones-uk\/","name":"Resultados Euromillones UK online \u2013 Consulta tu boleto y cobra premios","isPartOf":{"@id":"https:\/\/lottohoy.com\/es\/#website"},"datePublished":"2025-06-13T12:21:14+00:00","dateModified":"2025-06-14T15:05:31+00:00","description":"Consulta los resultados del Euromillones UK online. Verifica tus boletos, descubre si has ganado y cobra tus premios f\u00e1cilmente desde LottoHoy.","breadcrumb":{"@id":"https:\/\/lottohoy.com\/es\/resultados\/resultados-euromillones-uk\/#breadcrumb"},"inLanguage":"es","potentialAction":[{"@type":"ReadAction","target":["https:\/\/lottohoy.com\/es\/resultados\/resultados-euromillones-uk\/"]}]},{"@type":"BreadcrumbList","@id":"https:\/\/lottohoy.com\/es\/resultados\/resultados-euromillones-uk\/#breadcrumb","itemListElement":[{"@type":"ListItem","position":1,"name":"Home","item":"https:\/\/lottohoy.com\/es\/"},{"@type":"ListItem","position":2,"name":"Resultados de loter\u00eda","item":"https:\/\/lottohoy.com\/es\/resultados\/"},{"@type":"ListItem","position":3,"name":"Resultados Euromillones UK"}]},{"@type":"WebSite","@id":"https:\/\/lottohoy.com\/es\/#website","url":"https:\/\/lottohoy.com\/es\/","name":"Lottohoy","description":"","potentialAction":[{"@type":"SearchAction","target":{"@type":"EntryPoint","urlTemplate":"https:\/\/lottohoy.com\/es\/?s={search_term_string}"},"query-input":{"@type":"PropertyValueSpecification","valueRequired":true,"valueName":"search_term_string"}}],"inLanguage":"es"}]}},"_links":{"self":[{"href":"https:\/\/lottohoy.com\/es\/wp-json\/wp\/v2\/pages\/20581","targetHints":{"allow":["GET"]}}],"collection":[{"href":"https:\/\/lottohoy.com\/es\/wp-json\/wp\/v2\/pages"}],"about":[{"href":"https:\/\/lottohoy.com\/es\/wp-json\/wp\/v2\/types\/page"}],"author":[{"embeddable":true,"href":"https:\/\/lottohoy.com\/es\/wp-json\/wp\/v2\/users\/8"}],"replies":[{"embeddable":true,"href":"https:\/\/lottohoy.com\/es\/wp-json\/wp\/v2\/comments?post=20581"}],"version-history":[{"count":1,"href":"https:\/\/lottohoy.com\/es\/wp-json\/wp\/v2\/pages\/20581\/revisions"}],"predecessor-version":[{"id":20582,"href":"https:\/\/lottohoy.com\/es\/wp-json\/wp\/v2\/pages\/20581\/revisions\/20582"}],"up":[{"embeddable":true,"href":"https:\/\/lottohoy.com\/es\/wp-json\/wp\/v2\/pages\/174"}],"wp:attachment":[{"href":"https:\/\/lottohoy.com\/es\/wp-json\/wp\/v2\/media?parent=20581"}],"curies":[{"name":"wp","href":"https:\/\/api.w.org\/{rel}","templated":true}]}}