{"id":20513,"date":"2025-06-13T12:40:52","date_gmt":"2025-06-13T11:40:52","guid":{"rendered":"https:\/\/lottohoy.com\/?page_id=20513"},"modified":"2025-06-14T12:07:17","modified_gmt":"2025-06-14T11:07:17","slug":"jugar-euromillones-uk","status":"publish","type":"page","link":"https:\/\/lottohoy.com\/es\/jugar\/jugar-euromillones-uk\/","title":{"rendered":"Jugar Euromillones UK"},"content":{"rendered":"<div class=\"page\" title=\"Page 1\">\n<div class=\"section\">\n<div class=\"layoutArea\">\n<div class=\"column\">\n<h1>Jugar Euromillones UK &#8211; Introduccio\u0301n<\/h1>\n<p>Euromillones es un juego de loteri\u0301a independiente de cada uno de los pai\u0301ses participantes. Se creo\u0301 en el an\u0303o 2004, siendo sus principales impulsores, la compan\u0303i\u0301a francesa \u201cFranc\u0327aise des Jeux\u201d, La loteri\u0301a espan\u0303ola \u201c Loterias y Apuestas del Estado\u201d y la brita\u0301nica \u201cCamelot\u201d a las que posteriormente se fueron incorporando las loterias oficiales de otros pai\u0301ses europeos hasta un total de 9 (Francia, Espan\u0303a, Reino Unido, Austria, Be\u0301lgica, Irlanda, Luxemburgo, Portugal y Suiza)<\/p>\n<p>Tras el Brexit, Reino Unido dejo\u0301 de formar parte de la Comunidad Europea, pero sigue participando de la loteri\u0301a Euromillones, con las mismas reglas que el resto de pai\u0301ses europeos, con pequen\u0303os matices que la diferencian. (Ver informacio\u0301n)<\/p>\n<p>Con juego ordinario de Euromillones, en Reino Unido se complementa el boleto con la participacio\u0301n de UK Millionaire Maker, un juego de un co\u0301digo u\u0301nico en el que siempre hay un ganador en cada sorteo con premio fijo de \u20a41,000,000<\/p>\n<h2>\u00bfCo\u0301mo Jugar este boleto de Euromillones online?<\/h2>\n<p>Es muy sencillo, lo primero es crear una <a href=\"https:\/\/lottohoy.com\/es\/registration\/\">cuenta de usuario en lottohoy.com<\/a> para poder tener acceso a todas las posibilidades que ofrece la plataforma: Consola de juego, Informacio\u0301n sobre la loteri\u0301a, los resultados de todos los sorteos y un apartado de noticias con todo lo referente a la actualidad de esta loteri\u0301a.<\/p>\n<p>En la consola de juego, aparecen 5 tablas (equivalente cada una a una apuesta) con todos los nu\u0301meros disponibles para jugar separados en dos partes una con los nu\u0301meros principales (del 1 al 50), y una segunda parte con los complementarios o estrellas (1 al 12).<\/p>\n<p>El sistema nos permite rellenar la combinacio\u0301n para nuestra apuesta en cada tabla, de manera manual, eligiendo los nu\u0301mero que el jugador desea, o bien permitiendo que sea el propio sistema quien de manera aleatoria eligio\u0301 la combinacio\u0301n para la apuesta.<\/p>\n<p>Es importante conocer las diferentes formas de realizar las apuestas:<\/p>\n<h2>La Apuesta de Euromillones UK<\/h2>\n<p>La apuesta consiste en utilizar cada casillero como una apuesta unitaria, en la que se debera\u0301n marcar 5 nu\u0301meros de entre las casillas numeradas del 1 al 50, y adema\u0301s marcar 2 nu\u0301meros en la parte inferior de la tabla correspondiente a los nu\u0301meros complementarios o tambie\u0301n llamadas estrellas.<\/p>\n<\/div>\n<\/div>\n<\/div>\n<\/div>\n<div class=\"page\" title=\"Page 2\">\n<div class=\"section\">\n<div class=\"layoutArea\">\n<div class=\"column\">\n<h3>Apuesta mu\u0301ltiple de Euromillones UK<\/h3>\n<p>Jugando Euromillones online a trave\u0301s de nuestra plataforma, hoy porhoy, no es posible hacer apuestas mu\u0301ltiples, pero&#8230;. nuestros ingenieros informa\u0301ticos esta\u0301n trabajando en la posibilidad de incluirlo<\/p>\n<p>A ti\u0301tulo informativo, en el juego offline, si es posible cuando el jugador lo desea.<br \/>\nDebe utilizar solamente la primera tabla para realizar una apuesta mu\u0301ltiple completando desde 6 y hasta un ma\u0301ximo de 10 nu\u0301meros de los principales (del 1 al 50), y de 2 a 6 nu\u0301meros complementarios de la parte inferior de la tabla (las estrellas del 1 al 12)). Lo\u0301gicamente cuantas ma\u0301s apuestas desee realizar el importe total de la jugada sera\u0301 ma\u0301s alto.<\/p>\n<p>Aqui\u0301 le mostramos a modo orientativo las posibles combinaciones y el nu\u0301mero total de apuestas. Solo necesitara\u0301 multiplicar el importe de una apuesta simple por el nu\u0301mero de apuestas que contenga su apuesta mu\u0301ltiple.<\/p>\n<\/div>\n<\/div>\n<div class=\"layoutArea\">\n<div class=\"column\">\n<table>\n<thead>\n<tr>\n<th>Stars \\ Numbers<\/th>\n<th>5<\/th>\n<th>6<\/th>\n<th>7<\/th>\n<th>8<\/th>\n<th>9<\/th>\n<th>10<\/th>\n<\/tr>\n<\/thead>\n<tbody>\n<tr>\n<td style=\"text-align: center\">2<\/td>\n<td>&#8211;<\/td>\n<td>6<\/td>\n<td>21<\/td>\n<td>56<\/td>\n<td>126<\/td>\n<td>252<\/td>\n<\/tr>\n<tr>\n<td style=\"text-align: center\">3<\/td>\n<td>3<\/td>\n<td>18<\/td>\n<td>63<\/td>\n<td>168<\/td>\n<td>378<\/td>\n<td>756<\/td>\n<\/tr>\n<tr>\n<td style=\"text-align: center\">4<\/td>\n<td>6<\/td>\n<td>36<\/td>\n<td>126<\/td>\n<td>336<\/td>\n<td>756<\/td>\n<td>1,512<\/td>\n<\/tr>\n<tr>\n<td style=\"text-align: center\">5<\/td>\n<td>10<\/td>\n<td>60<\/td>\n<td>210<\/td>\n<td>560<\/td>\n<td>1,260<\/td>\n<td>2,520<\/td>\n<\/tr>\n<\/tbody>\n<\/table>\n<\/div>\n<div class=\"column\">\n<div class=\"page\" title=\"Page 2\">\n<div class=\"section\">\n<div class=\"layoutArea\">\n<div class=\"column\"><\/div>\n<div class=\"column\">\n<p>&nbsp;<\/p>\n<\/div>\n<\/div>\n<\/div>\n<\/div>\n<\/div>\n<\/div>\n<div class=\"layoutArea\">\n<div class=\"column\">\n<h3>La apuesta reducida de Euromillones UK<\/h3>\n<p>Igual que en caso anterior, esta posibilidad de juego solo esta\u0301 disponible para el juego offline. No obstante lo indicamos a nivel informativo.<\/p>\n<p>Es una variante del juego que puede englobar las apuestas simples y la apuesta mu\u0301ltiple, de manera que a la pra\u0301ctica, el jugador en un solo boleto puede participar de varios nu\u0301meros principales y complementarios, como si jugase varias apuestas sencillas en la que se repiten algunos de los di\u0301gitos marcados.<\/p>\n<p>Veamos algu\u0301n ejemplo:<\/p>\n<p>\u25cf \u00a0Marcar 10 nu\u0301meros y 2 estrellas, equivale a 14 apuestas (respecto de 252 directas)<\/p>\n<p>\u25cf \u00a0Marcar 10 nu\u0301meros y 4 estrellas, equivale a 28 apuestas (respecto de 1512 directas)<\/p>\n<p>\u25cf \u00a0Marcar 10 nu\u0301meros y 3 estrellas, equivale a 84 apuestas (respecto de 1512 directas)<\/p>\n<p>\u25cf \u00a0Marcar 12 nu\u0301meros y 3 estrellas, equivale a 114 apuestas (respecto de 2376 directas)<\/p>\n<\/div>\n<\/div>\n<\/div>\n<\/div>\n<div class=\"page\" title=\"Page 3\">\n<div class=\"section\">\n<div class=\"layoutArea\">\n<div class=\"column\">\n<p>\u25cf Marcar 15 nu\u0301meros y 4 estrellas, equivale a 30 apuestas (respecto de 18018 directas)<\/p>\n<\/div>\n<\/div>\n<div class=\"layoutArea\">\n<div class=\"column\">\n<h2>\u00bfCua\u0301ndo son los sorteos de Euromillones?<\/h2>\n<p>Al tratarse de una misma loteri\u0301a u\u0301nica de Euromillones, los sorteos se realizan martes y viernes a las 21:30 (horario central Europeo).<\/p>\n<\/div>\n<\/div>\n<div class=\"layoutArea\">\n<div class=\"column\">\n<p>Nuestra plataforma cierra la posibilidad de compra de boletos unas horas antes del sorteo (se informa en la pantalla de juego) para facilitar el trabajo de nuestros corresponsales en cada pai\u0301s donde se celebran los sorteos de loteri\u0301as.<\/p>\n<\/div>\n<\/div>\n<div class=\"layoutArea\">\n<div class=\"column\">\n<p>Si las compras se realizan fuera del horario previsto por esta plataforma y atendiendo al horario que tiene establecido el organizador, la compra y el boleto de Euromillones correspondiente se validara\u0301 para el sorteo siguiente, pero en las mismas condiciones.<\/p>\n<\/div>\n<\/div>\n<div class=\"layoutArea\">\n<div class=\"column\">\n<p>Si desea jugar varios sorteos de fechas recurrentes, so\u0301lo el primer sorteo necesitara\u0301 realizarse horas antes del cierre oficial del organizador, mientras que para los siguientes sorteos ya queda premarcado la compra con tiempo suficiente.<\/p>\n<h2>Ventajas de comprar los boletos de Euromillones online<\/h2>\n<\/div>\n<\/div>\n<div class=\"layoutArea\">\n<div class=\"column\">\n<p>Las Tendencias y los nuevos ha\u0301bitos de compra y la comodidad que representa, hacen posible las ventajas que este modo facilita:<\/p>\n<\/div>\n<\/div>\n<div class=\"section\">\n<div class=\"layoutArea\">\n<div class=\"column\">\n<ul>\n<li><strong>Una mayor seguridad en las transacciones<\/strong> : Compra segura a trave\u0301s de protocolo HTTPS:\/\/,Es importante verificar este punto.<\/li>\n<li><strong>Diversidad de sistemas de pagos y reintegros<\/strong> con plena confianza, disponibles a tu comodidad.<\/li>\n<li><strong>Acceso a compra 24\/7 todos los di\u0301as del an\u0303o:<\/strong> No sera\u0301 necesario estar pendiente de los horarios de apertura y cierre de las. administraciones de loteri\u0301a. Jugando online tu ventanilla esta\u0301 abierta las 24 horas del di\u0301a, todos los di\u0301as del an\u0303o.<\/li>\n<li><strong>Desde cualquier lugar, sin colas ni desplazamientos<\/strong>:Simplemente teniendo un dispositivo mo\u0301vil, una tableta o de escritorio con conexio\u0301n a internet y desde cualquier punto. Ya no existen barreras geogra\u0301ficas para poder jugar a Euromillones.<\/li>\n<li><strong>Sin miedo a perder el boleto, todo queda registrado en la cuenta<\/strong> del usuario<\/li>\n<li><strong>Recibes los premios ganados en tu cuenta de usuario<\/strong>: Tras la celebracio\u0301n del sorteo y una vez efectuado el escrutinio correspondiente, te sera\u0301n ingresados en tu cuenta los importes ganados.<\/li>\n<li><strong>Estara\u0301s puntualmente informado de los <a href=\"\/\/lottohoy.com\/es\/botes\/\">botes acumulados<\/a>, sorteos<\/strong><strong>extraordinarios y novedades<\/strong>: Directamente consultando nuestra plataforma o comunica\u0301ndote a trave\u0301s de email. De esta manera podra\u0301s conocer con antelacio\u0301n los botes ma\u0301s importantes y podra\u0301s ajustar las apuestas para conseguir un bote su\u0301per millonario.<\/li>\n<li><strong>Mantenerte al tanto de los resultados de sorteos de Euromillones<\/strong> de manera automa\u0301tica gracias a nuestro sistema de informacio\u0301n por correo electro\u0301nico.<\/li>\n<\/ul>\n<\/div>\n<\/div>\n<\/div>\n<\/div>\n<\/div>\n","protected":false},"excerpt":{"rendered":"<p>Jugar Euromillones UK &#8211; Introduccio\u0301n Euromillones es un juego de loteri\u0301a independiente de cada uno de los pai\u0301ses participantes. Se creo\u0301 en el an\u0303o 2004, siendo sus principales impulsores, la compan\u0303i\u0301a francesa \u201cFranc\u0327aise des Jeux\u201d, La loteri\u0301a espan\u0303ola \u201c Loterias y Apuestas del Estado\u201d y la brita\u0301nica \u201cCamelot\u201d a las que posteriormente se fueron incorporando [&hellip;]<\/p>\n","protected":false},"author":8,"featured_media":0,"parent":184,"menu_order":0,"comment_status":"closed","ping_status":"closed","template":"euromillions.php","meta":{"_et_pb_use_builder":"","_et_pb_old_content":"","_et_gb_content_width":"","exclude_from_search":false,"footnotes":""},"class_list":["post-20513","page","type-page","status-publish","hentry"],"yoast_head":"<!-- This site is optimized with the Yoast SEO plugin v23.7 - https:\/\/yoast.com\/wordpress\/plugins\/seo\/ -->\n<title>Juegar Euromillones UK en l\u00ednea: c\u00f3mo funciona, consejos y beneficios<\/title>\n<meta name=\"description\" content=\"Descubre c\u00f3mo jugar al Euromillones UK online con LottoHoy. Obtenga informaci\u00f3n sobre apuestas simples y m\u00faltiples, calendarios de sorteos y recompensas exclusivas de Millionaire Maker del Reino Unido.\" \/>\n<meta name=\"robots\" content=\"index, follow, max-snippet:-1, max-image-preview:large, max-video-preview:-1\" \/>\n<link rel=\"canonical\" href=\"https:\/\/lottohoy.com\/es\/jugar\/jugar-euromillones-uk\/\" \/>\n<meta property=\"og:locale\" content=\"es_ES\" \/>\n<meta property=\"og:type\" content=\"article\" \/>\n<meta property=\"og:title\" content=\"Juegar Euromillones UK en l\u00ednea: c\u00f3mo funciona, consejos y beneficios\" \/>\n<meta property=\"og:description\" content=\"Descubre c\u00f3mo jugar al Euromillones UK online con LottoHoy. Obtenga informaci\u00f3n sobre apuestas simples y m\u00faltiples, calendarios de sorteos y recompensas exclusivas de Millionaire Maker del Reino Unido.\" \/>\n<meta property=\"og:url\" content=\"https:\/\/lottohoy.com\/es\/jugar\/jugar-euromillones-uk\/\" \/>\n<meta property=\"og:site_name\" content=\"Lottohoy\" \/>\n<meta property=\"article:modified_time\" content=\"2025-06-14T11:07:17+00:00\" \/>\n<meta name=\"twitter:card\" content=\"summary_large_image\" \/>\n<meta name=\"twitter:label1\" content=\"Tiempo de lectura\" \/>\n\t<meta name=\"twitter:data1\" content=\"5 minutos\" \/>\n<script type=\"application\/ld+json\" class=\"yoast-schema-graph\">{\"@context\":\"https:\/\/schema.org\",\"@graph\":[{\"@type\":\"WebPage\",\"@id\":\"https:\/\/lottohoy.com\/es\/jugar\/jugar-euromillones-uk\/\",\"url\":\"https:\/\/lottohoy.com\/es\/jugar\/jugar-euromillones-uk\/\",\"name\":\"Juegar Euromillones UK en l\u00ednea: c\u00f3mo funciona, consejos y beneficios\",\"isPartOf\":{\"@id\":\"https:\/\/lottohoy.com\/es\/#website\"},\"datePublished\":\"2025-06-13T11:40:52+00:00\",\"dateModified\":\"2025-06-14T11:07:17+00:00\",\"description\":\"Descubre c\u00f3mo jugar al Euromillones UK online con LottoHoy. Obtenga informaci\u00f3n sobre apuestas simples y m\u00faltiples, calendarios de sorteos y recompensas exclusivas de Millionaire Maker del Reino Unido.\",\"breadcrumb\":{\"@id\":\"https:\/\/lottohoy.com\/es\/jugar\/jugar-euromillones-uk\/#breadcrumb\"},\"inLanguage\":\"es\",\"potentialAction\":[{\"@type\":\"ReadAction\",\"target\":[\"https:\/\/lottohoy.com\/es\/jugar\/jugar-euromillones-uk\/\"]}]},{\"@type\":\"BreadcrumbList\",\"@id\":\"https:\/\/lottohoy.com\/es\/jugar\/jugar-euromillones-uk\/#breadcrumb\",\"itemListElement\":[{\"@type\":\"ListItem\",\"position\":1,\"name\":\"Home\",\"item\":\"https:\/\/lottohoy.com\/es\/\"},{\"@type\":\"ListItem\",\"position\":2,\"name\":\"Comprar loter\u00eda online\",\"item\":\"https:\/\/lottohoy.com\/es\/jugar\/\"},{\"@type\":\"ListItem\",\"position\":3,\"name\":\"Jugar Euromillones UK\"}]},{\"@type\":\"WebSite\",\"@id\":\"https:\/\/lottohoy.com\/es\/#website\",\"url\":\"https:\/\/lottohoy.com\/es\/\",\"name\":\"Lottohoy\",\"description\":\"\",\"potentialAction\":[{\"@type\":\"SearchAction\",\"target\":{\"@type\":\"EntryPoint\",\"urlTemplate\":\"https:\/\/lottohoy.com\/es\/?s={search_term_string}\"},\"query-input\":{\"@type\":\"PropertyValueSpecification\",\"valueRequired\":true,\"valueName\":\"search_term_string\"}}],\"inLanguage\":\"es\"}]}<\/script>\n<!-- \/ Yoast SEO plugin. -->","yoast_head_json":{"title":"Juegar Euromillones UK en l\u00ednea: c\u00f3mo funciona, consejos y beneficios","description":"Descubre c\u00f3mo jugar al Euromillones UK online con LottoHoy. Obtenga informaci\u00f3n sobre apuestas simples y m\u00faltiples, calendarios de sorteos y recompensas exclusivas de Millionaire Maker del Reino Unido.","robots":{"index":"index","follow":"follow","max-snippet":"max-snippet:-1","max-image-preview":"max-image-preview:large","max-video-preview":"max-video-preview:-1"},"canonical":"https:\/\/lottohoy.com\/es\/jugar\/jugar-euromillones-uk\/","og_locale":"es_ES","og_type":"article","og_title":"Juegar Euromillones UK en l\u00ednea: c\u00f3mo funciona, consejos y beneficios","og_description":"Descubre c\u00f3mo jugar al Euromillones UK online con LottoHoy. Obtenga informaci\u00f3n sobre apuestas simples y m\u00faltiples, calendarios de sorteos y recompensas exclusivas de Millionaire Maker del Reino Unido.","og_url":"https:\/\/lottohoy.com\/es\/jugar\/jugar-euromillones-uk\/","og_site_name":"Lottohoy","article_modified_time":"2025-06-14T11:07:17+00:00","twitter_card":"summary_large_image","twitter_misc":{"Tiempo de lectura":"5 minutos"},"schema":{"@context":"https:\/\/schema.org","@graph":[{"@type":"WebPage","@id":"https:\/\/lottohoy.com\/es\/jugar\/jugar-euromillones-uk\/","url":"https:\/\/lottohoy.com\/es\/jugar\/jugar-euromillones-uk\/","name":"Juegar Euromillones UK en l\u00ednea: c\u00f3mo funciona, consejos y beneficios","isPartOf":{"@id":"https:\/\/lottohoy.com\/es\/#website"},"datePublished":"2025-06-13T11:40:52+00:00","dateModified":"2025-06-14T11:07:17+00:00","description":"Descubre c\u00f3mo jugar al Euromillones UK online con LottoHoy. Obtenga informaci\u00f3n sobre apuestas simples y m\u00faltiples, calendarios de sorteos y recompensas exclusivas de Millionaire Maker del Reino Unido.","breadcrumb":{"@id":"https:\/\/lottohoy.com\/es\/jugar\/jugar-euromillones-uk\/#breadcrumb"},"inLanguage":"es","potentialAction":[{"@type":"ReadAction","target":["https:\/\/lottohoy.com\/es\/jugar\/jugar-euromillones-uk\/"]}]},{"@type":"BreadcrumbList","@id":"https:\/\/lottohoy.com\/es\/jugar\/jugar-euromillones-uk\/#breadcrumb","itemListElement":[{"@type":"ListItem","position":1,"name":"Home","item":"https:\/\/lottohoy.com\/es\/"},{"@type":"ListItem","position":2,"name":"Comprar loter\u00eda online","item":"https:\/\/lottohoy.com\/es\/jugar\/"},{"@type":"ListItem","position":3,"name":"Jugar Euromillones UK"}]},{"@type":"WebSite","@id":"https:\/\/lottohoy.com\/es\/#website","url":"https:\/\/lottohoy.com\/es\/","name":"Lottohoy","description":"","potentialAction":[{"@type":"SearchAction","target":{"@type":"EntryPoint","urlTemplate":"https:\/\/lottohoy.com\/es\/?s={search_term_string}"},"query-input":{"@type":"PropertyValueSpecification","valueRequired":true,"valueName":"search_term_string"}}],"inLanguage":"es"}]}},"_links":{"self":[{"href":"https:\/\/lottohoy.com\/es\/wp-json\/wp\/v2\/pages\/20513","targetHints":{"allow":["GET"]}}],"collection":[{"href":"https:\/\/lottohoy.com\/es\/wp-json\/wp\/v2\/pages"}],"about":[{"href":"https:\/\/lottohoy.com\/es\/wp-json\/wp\/v2\/types\/page"}],"author":[{"embeddable":true,"href":"https:\/\/lottohoy.com\/es\/wp-json\/wp\/v2\/users\/8"}],"replies":[{"embeddable":true,"href":"https:\/\/lottohoy.com\/es\/wp-json\/wp\/v2\/comments?post=20513"}],"version-history":[{"count":1,"href":"https:\/\/lottohoy.com\/es\/wp-json\/wp\/v2\/pages\/20513\/revisions"}],"predecessor-version":[{"id":20514,"href":"https:\/\/lottohoy.com\/es\/wp-json\/wp\/v2\/pages\/20513\/revisions\/20514"}],"up":[{"embeddable":true,"href":"https:\/\/lottohoy.com\/es\/wp-json\/wp\/v2\/pages\/184"}],"wp:attachment":[{"href":"https:\/\/lottohoy.com\/es\/wp-json\/wp\/v2\/media?parent=20513"}],"curies":[{"name":"wp","href":"https:\/\/api.w.org\/{rel}","templated":true}]}}