{"id":191,"date":"2018-05-03T14:23:28","date_gmt":"2018-05-03T13:23:28","guid":{"rendered":"https:\/\/www.lottohoy.com\/jugar\/lotto-uk\/"},"modified":"2025-02-10T11:57:27","modified_gmt":"2025-02-10T11:57:27","slug":"lotto-uk","status":"publish","type":"page","link":"https:\/\/lottohoy.com\/es\/jugar\/lotto-uk\/","title":{"rendered":"Jugar Lotto UK"},"content":{"rendered":"<p><!--more--><\/p>\n<h2><b>Jugar Lotto UK online<\/b><\/h2>\n<p><span style=\"font-weight: 400;\">La Lotto UK es la loter\u00eda nacional de Reino Unido, el reglamento indica que pueden jugar y por lo tanto cobrar premios los mayores de 18 a\u00f1os y que residan o est\u00e9n presentes en el momento de cobrar en Reino Unido o la Isla de Man.\u00a0<\/span><span style=\"font-weight: 400;\">Afortunadamente tambi\u00e9n es factible jugar a esta loter\u00eda por medio de plataformas online como LottoHoy.com. donde el precio de la apuesta sencilla es 4,75 Euros.<\/span><\/p>\n<p><span style=\"font-weight: 400;\">En caso de resultar premiado, el importe del premio se ingresa de manera autom\u00e1ticamente en la cuenta de usuario, y si se trata de una cantidad muy alta, ofrecemos todo el soporte necesario para poder cobrar el premio de la forma m\u00e1s sencilla.<\/span><\/p>\n<h2><b>\u00bfC\u00f3mo jugar Lotto UK online?<\/b><\/h2>\n<p><span style=\"font-weight: 400;\">Una vez en la p\u00e1gina de juego la Lotto UK, aparece una fila con 5 boletos de juego. Cada uno de ellos dispone 59 casillas numeradas del 1 al 59 respectivamente.<\/span><\/p>\n<p><span style=\"font-weight: 400;\">Cada apuesta consiste en marcar 6 de las 59 casillas para obtener el pron\u00f3stico sobre el que se desea apostar, y repetir esta acci\u00f3n en tantas columnas como quieras jugar.<br \/>\n<\/span><span style=\"font-weight: 400;\">Cada columna corresponde a una apuesta, y por consiguiente el importe a pagar ser\u00e1 el resultante de multiplicar el importe de la apuesta por el n\u00famero de bloques jugados.<\/span><\/p>\n<p><span style=\"font-weight: 400;\">La loter\u00eda de Reino Unido cuenta con unos c\u00f3digos compuesto por cuatro c\u00edrculos de color con una letra en cada circulo y seguido de una serie de 8 n\u00fameros. Es lo que se llama \u201cRifa Millonaria\u201d, v\u00e1lido para el mismo d\u00eda del sorteo en que se juega.<\/span><\/p>\n<h2><b>\u00bfQu\u00e9 d\u00edas se sortea la LottoUK?<\/b><\/h2>\n<p><span style=\"font-weight: 400;\">Los sorteos de Lotto UK se celebran todos los mi\u00e9rcoles a la 20:00h. GMT y s\u00e1bados a las 20:30h. GMT . Y l<\/span><span style=\"font-weight: 400;\">a venta de boletos se cierra oficialmente a la 19:30 h GMT.<\/span><\/p>\n<h2><b>Ventajas de comprar Lotto UK online<\/b><\/h2>\n<p><span style=\"font-weight: 400;\">Son muchas las ventajas de efectuar la compra de Lotto UK online, m\u00e1xime teniendo en cuenta los nuevos h\u00e1bitos de los consumidores y la comodidad que ello conlleva.\u00a0<\/span><\/p>\n<p>Estas son algunas de las principales ventajas de jugar en LottoHoy:<\/p>\n<ul>\n<li><b>Seguridad en las transacciones <\/b><span style=\"font-weight: 400;\">con protocolo HTTPS:\/\/ y varios sistemas de pagos y reintegros de plena confianza.<\/span><\/li>\n<li><b>Puedes comprar los boletos 24\/7 todos los d\u00edas del a\u00f1o<\/b><b>. <\/b><span style=\"font-weight: 400;\">Ya<\/span> <span style=\"font-weight: 400;\">no es necesario estar pendiente de los horarios de apertura y cierre de los puntos de venta.<\/span><\/li>\n<li><b>Desde cualquier lugar, sin colas y sin desplazamientos. <\/b><span style=\"font-weight: 400;\">Simplemente teniendo un dispositivo m\u00f3vil, una tableta o un ordenador con conexi\u00f3n a internet. Ya no existen barreras geogr\u00e1ficas para poder jugar a la Lotto de UK.<\/span><\/li>\n<li><b>Con la compra online, nunca perder\u00e1s el boleto, siempre permanece en tu cuenta. <\/b><span style=\"font-weight: 400;\">Con la compra online a trav\u00e9s de nuestra plataforma no solo mantendr\u00e1s siempre tendr\u00e1s constancia del boleto adquirido, si no que adem\u00e1s y en caso de premio ser\u00e1s informado inmediatamente a trav\u00e9s de tu cuenta de usuario.<\/span><\/li>\n<li><b>Recibes de manera inmediata los premios ganados en tu cuenta de usuario. <\/b><span style=\"font-weight: 400;\">Tras la celebraci\u00f3n del sorteo y una vez publicados los <a href=\"https:\/\/lottohoy.com\/es\/resultados\/lotto-uk\/\">resultados de la lotto UK<\/a>, te ser\u00e1 ingresado en tu cuenta de usuario los importes ganados.<\/span><\/li>\n<li><b>Estar informado de los botes acumulados y de sorteos extraordinarios. <\/b><span style=\"font-weight: 400;\">De esta manera podr\u00e1s conocer con antelaci\u00f3n los botes m\u00e1s importantes y podr\u00e1s ajustar tu apuesta para conseguir un bote s\u00faper millonario.<\/span><\/li>\n<\/ul>\n","protected":false},"excerpt":{"rendered":"","protected":false},"author":2,"featured_media":0,"parent":184,"menu_order":9,"comment_status":"closed","ping_status":"closed","template":"lotto-uk.php","meta":{"_et_pb_use_builder":"","_et_pb_old_content":"","_et_gb_content_width":"","exclude_from_search":false,"footnotes":""},"class_list":["post-191","page","type-page","status-publish","hentry"],"yoast_head":"<!-- This site is optimized with the Yoast SEO plugin v23.7 - https:\/\/yoast.com\/wordpress\/plugins\/seo\/ -->\n<title>Jugar Lotto UK online - F\u00e1cil, r\u00e1pido y seguro<\/title>\n<meta name=\"description\" content=\"La Lotto UK es la loter\u00eda nacional de UK y gracias a LottoHoy.com podr\u00e1s jugar online. Compra tus boletos y recibe tus premios al momento.\" \/>\n<meta name=\"robots\" content=\"index, follow, max-snippet:-1, max-image-preview:large, max-video-preview:-1\" \/>\n<link rel=\"canonical\" href=\"https:\/\/lottohoy.com\/es\/jugar\/lotto-uk\/\" \/>\n<meta property=\"og:locale\" content=\"es_ES\" \/>\n<meta property=\"og:type\" content=\"article\" \/>\n<meta property=\"og:title\" content=\"Jugar Lotto UK online - F\u00e1cil, r\u00e1pido y seguro\" \/>\n<meta property=\"og:description\" content=\"La Lotto UK es la loter\u00eda nacional de UK y gracias a LottoHoy.com podr\u00e1s jugar online. Compra tus boletos y recibe tus premios al momento.\" \/>\n<meta property=\"og:url\" content=\"https:\/\/lottohoy.com\/es\/jugar\/lotto-uk\/\" \/>\n<meta property=\"og:site_name\" content=\"Lottohoy\" \/>\n<meta property=\"article:modified_time\" content=\"2025-02-10T11:57:27+00:00\" \/>\n<meta name=\"twitter:card\" content=\"summary_large_image\" \/>\n<meta name=\"twitter:label1\" content=\"Tiempo de lectura\" \/>\n\t<meta name=\"twitter:data1\" content=\"3 minutos\" \/>\n<script type=\"application\/ld+json\" class=\"yoast-schema-graph\">{\"@context\":\"https:\/\/schema.org\",\"@graph\":[{\"@type\":\"WebPage\",\"@id\":\"https:\/\/lottohoy.com\/es\/jugar\/lotto-uk\/\",\"url\":\"https:\/\/lottohoy.com\/es\/jugar\/lotto-uk\/\",\"name\":\"Jugar Lotto UK online - F\u00e1cil, r\u00e1pido y seguro\",\"isPartOf\":{\"@id\":\"https:\/\/lottohoy.com\/es\/#website\"},\"datePublished\":\"2018-05-03T13:23:28+00:00\",\"dateModified\":\"2025-02-10T11:57:27+00:00\",\"description\":\"La Lotto UK es la loter\u00eda nacional de UK y gracias a LottoHoy.com podr\u00e1s jugar online. Compra tus boletos y recibe tus premios al momento.\",\"breadcrumb\":{\"@id\":\"https:\/\/lottohoy.com\/es\/jugar\/lotto-uk\/#breadcrumb\"},\"inLanguage\":\"es\",\"potentialAction\":[{\"@type\":\"ReadAction\",\"target\":[\"https:\/\/lottohoy.com\/es\/jugar\/lotto-uk\/\"]}]},{\"@type\":\"BreadcrumbList\",\"@id\":\"https:\/\/lottohoy.com\/es\/jugar\/lotto-uk\/#breadcrumb\",\"itemListElement\":[{\"@type\":\"ListItem\",\"position\":1,\"name\":\"Home\",\"item\":\"https:\/\/lottohoy.com\/es\/\"},{\"@type\":\"ListItem\",\"position\":2,\"name\":\"Comprar loter\u00eda online\",\"item\":\"https:\/\/lottohoy.com\/es\/jugar\/\"},{\"@type\":\"ListItem\",\"position\":3,\"name\":\"Jugar Lotto UK\"}]},{\"@type\":\"WebSite\",\"@id\":\"https:\/\/lottohoy.com\/es\/#website\",\"url\":\"https:\/\/lottohoy.com\/es\/\",\"name\":\"Lottohoy\",\"description\":\"\",\"potentialAction\":[{\"@type\":\"SearchAction\",\"target\":{\"@type\":\"EntryPoint\",\"urlTemplate\":\"https:\/\/lottohoy.com\/es\/?s={search_term_string}\"},\"query-input\":{\"@type\":\"PropertyValueSpecification\",\"valueRequired\":true,\"valueName\":\"search_term_string\"}}],\"inLanguage\":\"es\"}]}<\/script>\n<!-- \/ Yoast SEO plugin. -->","yoast_head_json":{"title":"Jugar Lotto UK online - F\u00e1cil, r\u00e1pido y seguro","description":"La Lotto UK es la loter\u00eda nacional de UK y gracias a LottoHoy.com podr\u00e1s jugar online. Compra tus boletos y recibe tus premios al momento.","robots":{"index":"index","follow":"follow","max-snippet":"max-snippet:-1","max-image-preview":"max-image-preview:large","max-video-preview":"max-video-preview:-1"},"canonical":"https:\/\/lottohoy.com\/es\/jugar\/lotto-uk\/","og_locale":"es_ES","og_type":"article","og_title":"Jugar Lotto UK online - F\u00e1cil, r\u00e1pido y seguro","og_description":"La Lotto UK es la loter\u00eda nacional de UK y gracias a LottoHoy.com podr\u00e1s jugar online. Compra tus boletos y recibe tus premios al momento.","og_url":"https:\/\/lottohoy.com\/es\/jugar\/lotto-uk\/","og_site_name":"Lottohoy","article_modified_time":"2025-02-10T11:57:27+00:00","twitter_card":"summary_large_image","twitter_misc":{"Tiempo de lectura":"3 minutos"},"schema":{"@context":"https:\/\/schema.org","@graph":[{"@type":"WebPage","@id":"https:\/\/lottohoy.com\/es\/jugar\/lotto-uk\/","url":"https:\/\/lottohoy.com\/es\/jugar\/lotto-uk\/","name":"Jugar Lotto UK online - F\u00e1cil, r\u00e1pido y seguro","isPartOf":{"@id":"https:\/\/lottohoy.com\/es\/#website"},"datePublished":"2018-05-03T13:23:28+00:00","dateModified":"2025-02-10T11:57:27+00:00","description":"La Lotto UK es la loter\u00eda nacional de UK y gracias a LottoHoy.com podr\u00e1s jugar online. Compra tus boletos y recibe tus premios al momento.","breadcrumb":{"@id":"https:\/\/lottohoy.com\/es\/jugar\/lotto-uk\/#breadcrumb"},"inLanguage":"es","potentialAction":[{"@type":"ReadAction","target":["https:\/\/lottohoy.com\/es\/jugar\/lotto-uk\/"]}]},{"@type":"BreadcrumbList","@id":"https:\/\/lottohoy.com\/es\/jugar\/lotto-uk\/#breadcrumb","itemListElement":[{"@type":"ListItem","position":1,"name":"Home","item":"https:\/\/lottohoy.com\/es\/"},{"@type":"ListItem","position":2,"name":"Comprar loter\u00eda online","item":"https:\/\/lottohoy.com\/es\/jugar\/"},{"@type":"ListItem","position":3,"name":"Jugar Lotto UK"}]},{"@type":"WebSite","@id":"https:\/\/lottohoy.com\/es\/#website","url":"https:\/\/lottohoy.com\/es\/","name":"Lottohoy","description":"","potentialAction":[{"@type":"SearchAction","target":{"@type":"EntryPoint","urlTemplate":"https:\/\/lottohoy.com\/es\/?s={search_term_string}"},"query-input":{"@type":"PropertyValueSpecification","valueRequired":true,"valueName":"search_term_string"}}],"inLanguage":"es"}]}},"_links":{"self":[{"href":"https:\/\/lottohoy.com\/es\/wp-json\/wp\/v2\/pages\/191","targetHints":{"allow":["GET"]}}],"collection":[{"href":"https:\/\/lottohoy.com\/es\/wp-json\/wp\/v2\/pages"}],"about":[{"href":"https:\/\/lottohoy.com\/es\/wp-json\/wp\/v2\/types\/page"}],"author":[{"embeddable":true,"href":"https:\/\/lottohoy.com\/es\/wp-json\/wp\/v2\/users\/2"}],"replies":[{"embeddable":true,"href":"https:\/\/lottohoy.com\/es\/wp-json\/wp\/v2\/comments?post=191"}],"version-history":[{"count":2,"href":"https:\/\/lottohoy.com\/es\/wp-json\/wp\/v2\/pages\/191\/revisions"}],"predecessor-version":[{"id":14558,"href":"https:\/\/lottohoy.com\/es\/wp-json\/wp\/v2\/pages\/191\/revisions\/14558"}],"up":[{"embeddable":true,"href":"https:\/\/lottohoy.com\/es\/wp-json\/wp\/v2\/pages\/184"}],"wp:attachment":[{"href":"https:\/\/lottohoy.com\/es\/wp-json\/wp\/v2\/media?parent=191"}],"curies":[{"name":"wp","href":"https:\/\/api.w.org\/{rel}","templated":true}]}}