{"id":190,"date":"2018-05-03T14:23:27","date_gmt":"2018-05-03T13:23:27","guid":{"rendered":"https:\/\/www.lottohoy.com\/jugar\/superenalotto\/"},"modified":"2025-02-09T16:35:20","modified_gmt":"2025-02-09T16:35:20","slug":"superenalotto","status":"publish","type":"page","link":"https:\/\/lottohoy.com\/es\/jugar\/superenalotto\/","title":{"rendered":"Jugar SuperEnalotto"},"content":{"rendered":"<p><!--more--><\/p>\n<h2><b>Jugar Superenalotto online<\/b><\/h2>\n<p><span style=\"font-weight: 400;\">El Superenalotto es el juego m\u00e1s conocido de Italia y a la vez, uno de los m\u00e1s importantes de toda Europa, por los grandes botes que llegan a alcanzarse.<\/span><\/p>\n<p><span style=\"font-weight: 400;\">La forma de jugar es muy sencilla: de una tabla que consta de 90 casillas, numeradas del 1 al 90, se deben seleccionar 6 y as\u00ed conseguir la combinaci\u00f3n ganadora del bote.<\/span><\/p>\n<p><span style=\"font-weight: 400;\">La extracci\u00f3n de estos n\u00fameros se realiza a trav\u00e9s de dos m\u00e1quinas. De la primera se extraen las bolas numeradas (6 principales + 1 extra para el comod\u00edn o Bola Jolly) y de la otra m\u00e1quina se extrae una bola para determinar el n\u00famero S\u00faper Star.<\/span><\/p>\n<p><span style=\"font-weight: 400;\">\u00c9ste n\u00famero extra o comod\u00edn Jolly, puede ser elegido por el propio jugador o bien permitir que el sistema lo elija aleatoriamente al azar, y conlleva un costo al margen.<\/span><\/p>\n<h2><b>\u00bfC\u00f3mo jugar a Superenalotto online?<\/b><\/h2>\n<p><span style=\"font-weight: 400;\">Jugar a Superenalotto online, es realmente f\u00e1cil, simplemente se ha de crear una cuenta de usuario en LottoHoy para poder acceder a toda la informaci\u00f3n sobre cobros, pagos, abonos, tickets comprados, estad\u00edsticas, etc\u2026<\/span><\/p>\n<p><span style=\"font-weight: 400;\">En esta misma p\u00e1gina se muestran cinco columnas de juego, cada una de las 5 columnas cuenta con casilleros numerados del 1 al 90, y\u00a0<\/span><span style=\"font-weight: 400;\">se pueden rellenar tantas como quieras.\u00a0Cada columna se refiere a una apuesta simple cuyo precio es de 3.00 Euros.<\/span><\/p>\n<p><span style=\"font-weight: 400;\">En estas columnas o l\u00edneas de 90 n\u00fameros es donde se debe realizar el pron\u00f3stico que se desea, partiendo de la base que se deben marcar 6 n\u00fameros para una jugada simple.<br \/>\n<\/span><span style=\"font-weight: 400;\">El sistema nos permite rellenar manualmente estas casillas o bien mediante el cuadro de selecci\u00f3n r\u00e1pida, que aparece encima de cada tablero, dejar que el propio sistema de una manera aleatoria elija la combinaci\u00f3n de nuestra apuesta.<\/span><\/p>\n<p><span style=\"font-weight: 400;\">Una vez efectuada la selecci\u00f3n de n\u00fameros en una o varias columnas, ir al recuadro CONTINUAR, y proceder al pago de la misma. As\u00ed de sencillo.<\/span><\/p>\n<h2><b>Los premios de Superenalotto Italia<\/b><\/h2>\n<p><span style=\"font-weight: 400;\">Superenalotto tiene diversas formas de repartir premios, hasta un total de 15, entre los premios principales, los premios de S\u00faper Star y el Gana al Instante.\u00a0La cuant\u00eda de los premios para repartir entre las diversas categor\u00edas var\u00eda en funci\u00f3n de las cantidades recaudadas.<\/span><\/p>\n<p><span style=\"font-weight: 400;\">Aqu\u00ed nos centraremos en los premios principales que son a los que se puede acceder desde la plataforma online.<\/span><\/p>\n<p><span style=\"font-weight: 400;\">Hay seis categor\u00edas para los <a href=\"https:\/\/lottohoy.com\/es\/resultados\/superenalotto\/\">resultados de Superenalotto<\/a>:<\/span><\/p>\n<ul>\n<li><b>Primera categor\u00eda<\/b><span style=\"font-weight: 400;\">: \u00a0Para los acertantes de los 6 n\u00fameros de la combinaci\u00f3n.<\/span><\/li>\n<li><b>Segunda categor\u00eda<\/b><span style=\"font-weight: 400;\">: 5 aciertos mas la bola comod\u00edn , tambi\u00e9n llamada Jolly.<\/span><\/li>\n<li><b>Tercera categor\u00eda<\/b><span style=\"font-weight: 400;\">: 5 aciertos de la combinaci\u00f3n.<\/span><\/li>\n<li><b>Cuarta categor\u00eda<\/b><span style=\"font-weight: 400;\">: 4 aciertos de la combinaci\u00f3n.<\/span><\/li>\n<li><b>Quinta categor\u00eda<\/b><span style=\"font-weight: 400;\">: 3 aciertos de la combinaci\u00f3n.<\/span><\/li>\n<li><b>Sexta categor\u00eda<\/b><span style=\"font-weight: 400;\">: para los acertante de 2 n\u00fameros de la combinaci\u00f3n.<\/span><\/li>\n<\/ul>\n<h2><b>\u00bfCu\u00e1ndo se sortea la Superenalotto?<\/b><\/h2>\n<p><span style=\"font-weight: 400;\">De manera ordinaria los sorteos de la loter\u00eda Superenalotto se realizan todos los martes, jueves y s\u00e1bados a las 20:00 GTM.<br \/>\n<\/span><span style=\"font-weight: 400;\">No obstante alguna estas fechas puede ser sustituido el d\u00eda en el caso de que coincida con alguna fecha se\u00f1alada como festividad general (D\u00eda de la Rep\u00fablica, todos los Santos, la inmaculada Concepci\u00f3n, Navidad, etc\u2026<\/span><\/p>\n<p><span style=\"font-weight: 400;\">Al tratarse de unos sorteos en d\u00edas tan seguidos (martes-jueves-s\u00e1bado) pudiera darse la circunstancia que no fuese posible trasladar el sorteo a un d\u00eda anterior o siguiente, y en este caso debe modificarse varias fechas de sorteos a la vez. Por lo general en estos casos, los sorteos est\u00e1n reprogramados de antemano.<\/span><\/p>\n<h2><b>\u00bfCu\u00e1nto cuesta jugar a Superenalotto?<\/b><\/h2>\n<p><span style=\"font-weight: 400;\">El precio de cada boleto de SuperEnalotto en LottoHoy es a partir de 3\u20ac e incluye todos los costes de manipulaci\u00f3n y gesti\u00f3n de compra a trav\u00e9s de vendedores oficiales y\/o similares.\u00a0<\/span><\/p>\n","protected":false},"excerpt":{"rendered":"","protected":false},"author":2,"featured_media":0,"parent":184,"menu_order":5,"comment_status":"closed","ping_status":"closed","template":"superenalotto.php","meta":{"_et_pb_use_builder":"","_et_pb_old_content":"","_et_gb_content_width":"","exclude_from_search":false,"footnotes":""},"class_list":["post-190","page","type-page","status-publish","hentry"],"yoast_head":"<!-- This site is optimized with the Yoast SEO plugin v23.7 - https:\/\/yoast.com\/wordpress\/plugins\/seo\/ -->\n<title>Superenalotto Italia - Jugar Online<\/title>\n<meta name=\"description\" content=\"El Superenalotto es el juego m\u00e1s conocido de Italia y uno de los m\u00e1s importantes de toda Europa por los grandes botes que ofrece.\" \/>\n<meta name=\"robots\" content=\"index, follow, max-snippet:-1, max-image-preview:large, max-video-preview:-1\" \/>\n<link rel=\"canonical\" href=\"https:\/\/lottohoy.com\/es\/jugar\/superenalotto\/\" \/>\n<meta property=\"og:locale\" content=\"es_ES\" \/>\n<meta property=\"og:type\" content=\"article\" \/>\n<meta property=\"og:title\" content=\"Superenalotto Italia - Jugar Online\" \/>\n<meta property=\"og:description\" content=\"El Superenalotto es el juego m\u00e1s conocido de Italia y uno de los m\u00e1s importantes de toda Europa por los grandes botes que ofrece.\" \/>\n<meta property=\"og:url\" content=\"https:\/\/lottohoy.com\/es\/jugar\/superenalotto\/\" \/>\n<meta property=\"og:site_name\" content=\"Lottohoy\" \/>\n<meta property=\"article:modified_time\" content=\"2025-02-09T16:35:20+00:00\" \/>\n<meta name=\"twitter:card\" content=\"summary_large_image\" \/>\n<meta name=\"twitter:label1\" content=\"Tiempo de lectura\" \/>\n\t<meta name=\"twitter:data1\" content=\"3 minutos\" \/>\n<script type=\"application\/ld+json\" class=\"yoast-schema-graph\">{\"@context\":\"https:\/\/schema.org\",\"@graph\":[{\"@type\":\"WebPage\",\"@id\":\"https:\/\/lottohoy.com\/es\/jugar\/superenalotto\/\",\"url\":\"https:\/\/lottohoy.com\/es\/jugar\/superenalotto\/\",\"name\":\"Superenalotto Italia - Jugar Online\",\"isPartOf\":{\"@id\":\"https:\/\/lottohoy.com\/es\/#website\"},\"datePublished\":\"2018-05-03T13:23:27+00:00\",\"dateModified\":\"2025-02-09T16:35:20+00:00\",\"description\":\"El Superenalotto es el juego m\u00e1s conocido de Italia y uno de los m\u00e1s importantes de toda Europa por los grandes botes que ofrece.\",\"breadcrumb\":{\"@id\":\"https:\/\/lottohoy.com\/es\/jugar\/superenalotto\/#breadcrumb\"},\"inLanguage\":\"es\",\"potentialAction\":[{\"@type\":\"ReadAction\",\"target\":[\"https:\/\/lottohoy.com\/es\/jugar\/superenalotto\/\"]}]},{\"@type\":\"BreadcrumbList\",\"@id\":\"https:\/\/lottohoy.com\/es\/jugar\/superenalotto\/#breadcrumb\",\"itemListElement\":[{\"@type\":\"ListItem\",\"position\":1,\"name\":\"Home\",\"item\":\"https:\/\/lottohoy.com\/es\/\"},{\"@type\":\"ListItem\",\"position\":2,\"name\":\"Comprar loter\u00eda online\",\"item\":\"https:\/\/lottohoy.com\/es\/jugar\/\"},{\"@type\":\"ListItem\",\"position\":3,\"name\":\"Jugar SuperEnalotto\"}]},{\"@type\":\"WebSite\",\"@id\":\"https:\/\/lottohoy.com\/es\/#website\",\"url\":\"https:\/\/lottohoy.com\/es\/\",\"name\":\"Lottohoy\",\"description\":\"\",\"potentialAction\":[{\"@type\":\"SearchAction\",\"target\":{\"@type\":\"EntryPoint\",\"urlTemplate\":\"https:\/\/lottohoy.com\/es\/?s={search_term_string}\"},\"query-input\":{\"@type\":\"PropertyValueSpecification\",\"valueRequired\":true,\"valueName\":\"search_term_string\"}}],\"inLanguage\":\"es\"}]}<\/script>\n<!-- \/ Yoast SEO plugin. -->","yoast_head_json":{"title":"Superenalotto Italia - Jugar Online","description":"El Superenalotto es el juego m\u00e1s conocido de Italia y uno de los m\u00e1s importantes de toda Europa por los grandes botes que ofrece.","robots":{"index":"index","follow":"follow","max-snippet":"max-snippet:-1","max-image-preview":"max-image-preview:large","max-video-preview":"max-video-preview:-1"},"canonical":"https:\/\/lottohoy.com\/es\/jugar\/superenalotto\/","og_locale":"es_ES","og_type":"article","og_title":"Superenalotto Italia - Jugar Online","og_description":"El Superenalotto es el juego m\u00e1s conocido de Italia y uno de los m\u00e1s importantes de toda Europa por los grandes botes que ofrece.","og_url":"https:\/\/lottohoy.com\/es\/jugar\/superenalotto\/","og_site_name":"Lottohoy","article_modified_time":"2025-02-09T16:35:20+00:00","twitter_card":"summary_large_image","twitter_misc":{"Tiempo de lectura":"3 minutos"},"schema":{"@context":"https:\/\/schema.org","@graph":[{"@type":"WebPage","@id":"https:\/\/lottohoy.com\/es\/jugar\/superenalotto\/","url":"https:\/\/lottohoy.com\/es\/jugar\/superenalotto\/","name":"Superenalotto Italia - Jugar Online","isPartOf":{"@id":"https:\/\/lottohoy.com\/es\/#website"},"datePublished":"2018-05-03T13:23:27+00:00","dateModified":"2025-02-09T16:35:20+00:00","description":"El Superenalotto es el juego m\u00e1s conocido de Italia y uno de los m\u00e1s importantes de toda Europa por los grandes botes que ofrece.","breadcrumb":{"@id":"https:\/\/lottohoy.com\/es\/jugar\/superenalotto\/#breadcrumb"},"inLanguage":"es","potentialAction":[{"@type":"ReadAction","target":["https:\/\/lottohoy.com\/es\/jugar\/superenalotto\/"]}]},{"@type":"BreadcrumbList","@id":"https:\/\/lottohoy.com\/es\/jugar\/superenalotto\/#breadcrumb","itemListElement":[{"@type":"ListItem","position":1,"name":"Home","item":"https:\/\/lottohoy.com\/es\/"},{"@type":"ListItem","position":2,"name":"Comprar loter\u00eda online","item":"https:\/\/lottohoy.com\/es\/jugar\/"},{"@type":"ListItem","position":3,"name":"Jugar SuperEnalotto"}]},{"@type":"WebSite","@id":"https:\/\/lottohoy.com\/es\/#website","url":"https:\/\/lottohoy.com\/es\/","name":"Lottohoy","description":"","potentialAction":[{"@type":"SearchAction","target":{"@type":"EntryPoint","urlTemplate":"https:\/\/lottohoy.com\/es\/?s={search_term_string}"},"query-input":{"@type":"PropertyValueSpecification","valueRequired":true,"valueName":"search_term_string"}}],"inLanguage":"es"}]}},"_links":{"self":[{"href":"https:\/\/lottohoy.com\/es\/wp-json\/wp\/v2\/pages\/190","targetHints":{"allow":["GET"]}}],"collection":[{"href":"https:\/\/lottohoy.com\/es\/wp-json\/wp\/v2\/pages"}],"about":[{"href":"https:\/\/lottohoy.com\/es\/wp-json\/wp\/v2\/types\/page"}],"author":[{"embeddable":true,"href":"https:\/\/lottohoy.com\/es\/wp-json\/wp\/v2\/users\/2"}],"replies":[{"embeddable":true,"href":"https:\/\/lottohoy.com\/es\/wp-json\/wp\/v2\/comments?post=190"}],"version-history":[{"count":2,"href":"https:\/\/lottohoy.com\/es\/wp-json\/wp\/v2\/pages\/190\/revisions"}],"predecessor-version":[{"id":14523,"href":"https:\/\/lottohoy.com\/es\/wp-json\/wp\/v2\/pages\/190\/revisions\/14523"}],"up":[{"embeddable":true,"href":"https:\/\/lottohoy.com\/es\/wp-json\/wp\/v2\/pages\/184"}],"wp:attachment":[{"href":"https:\/\/lottohoy.com\/es\/wp-json\/wp\/v2\/media?parent=190"}],"curies":[{"name":"wp","href":"https:\/\/api.w.org\/{rel}","templated":true}]}}