{"id":189,"date":"2018-05-03T14:23:27","date_gmt":"2018-05-03T13:23:27","guid":{"rendered":"https:\/\/www.lottohoy.com\/jugar\/powerball\/"},"modified":"2025-02-24T10:41:13","modified_gmt":"2025-02-24T10:41:13","slug":"powerball","status":"publish","type":"page","link":"https:\/\/lottohoy.com\/es\/jugar\/powerball\/","title":{"rendered":"Jugar Powerball en l\u00ednea"},"content":{"rendered":"<p><!--more--><\/p>\n<h2><b>\u00bfC\u00f3mo se juega a Powerball?<\/b><\/h2>\n<p><span style=\"font-weight: 400;\"><strong>Jugar al Powerball<\/strong> es tan sencillo como escoger 5 n\u00fameros entre el 1 y el 69, y luego un n\u00famero extra (llamado Powerball) entre el 1 y el 26. En nuestra web puedes comprar boletos para esta loter\u00eda en cualquier momento.<\/span><\/p>\n<p><span style=\"font-weight: 400;\">Pero vayamos por partes, para realizar la apuesta, lo primero que debes hacer es <a href=\"https:\/\/lottohoy.com\/es\/registro-abrir-tu-cuenta-de-jugador\/\">registrarte en Lottohoy<\/a>.\u00a0Una vez registrado\/a en esta misma secci\u00f3n podr\u00e1s realizar tus apuestas siguiendo estas instrucciones:<\/span><\/p>\n<ul>\n<li><span style=\"font-weight: 400;\">En la secci\u00f3n de juego aparece una l\u00ednea o fila compuesta por 5 columnas. Cada una de estas columnas es un <strong>boleto oficial de juego<\/strong>.<\/span><\/li>\n<li>Cada boleto simple de Powerball cuesta solamente <strong>3.50 EUROS<\/strong>, uno de los mejores precios que se pueden encontrar online. (Este importe puede variar en funci\u00f3n de la cotizaci\u00f3n del d\u00f3lar vs euro)<\/li>\n<li><span style=\"font-weight: 400;\">En la parte superior de la columna, est\u00e1n las casillas del 1 al 69, de las cuales se han de seleccionar <strong>5 n\u00fameros<\/strong>.<\/span><\/li>\n<li><span style=\"font-weight: 400;\">En la parte inferior de dicha tabla aparecen 26 c\u00edrculos, de los cuales se ha de seleccionar 1. Este n\u00famero es el <strong>Powerball<\/strong>.<\/span><\/li>\n<\/ul>\n<p><span style=\"font-weight: 400;\">Tambi\u00e9n si lo prefieres puedes usar el <strong>bot\u00f3n de selecci\u00f3n r\u00e1pida<\/strong> o \u00a0Quick Pick para que la combinaci\u00f3n se consiga de manera aleatoria por el propio sistema.<\/span><\/p>\n<p>Recuerda que si quieres comprar m\u00e1s de 5 boletos a la vez, puedes a\u00f1adir todas las filas que necesites haciendo click en el bot\u00f3n de \u00ab<strong>M\u00e1s l\u00edneas<\/strong>\u00ab. De esta manera, al jugar m\u00e1s n\u00fameros, incrementa la probabilidad de ganar el Powerball y de llevarte un premio.<\/p>\n<h2><b>Precios loter\u00eda americana Powerball<\/b><\/h2>\n<p><span style=\"font-weight: 400;\">En LottoHoy puedes <strong>comprar boletos de Powerball<\/strong> desde \u20ac3.50 por ticket. (Este importe puede variar en funci\u00f3n de la cotizaci\u00f3n del d\u00f3lar vs euro). Actualmente no encontrar\u00e1s ninguna plataforma que ofrezca mejor precio de venta de boletos de Powerball Lotto y que est\u00e9 completamente regulada garantizando que vayas a recibir tus premios.<\/span><\/p>\n<p style=\"text-align: center;\"><img loading=\"lazy\" decoding=\"async\" class=\"alignnone size-full wp-image-7110\" src=\"https:\/\/lottohoy.com\/wp-content\/uploads\/sites\/4\/jugar-powerball.png\" alt=\"\" width=\"250\" height=\"250\" \/><\/p>\n<h2><b>Tabla de premios Powerball<\/b><\/h2>\n<p><span style=\"font-weight: 400;\">Hay nueve maneras de ganar un <strong>premio de la loter\u00eda Powerball<\/strong>. Aqu\u00ed te presentamos una tabla con todas las opciones de combinaciones ganadoras y sus respectivos premios.<\/span><\/p>\n<div>\n<table class=\"table table-results-detailed aligncenter\">\n<tbody>\n<tr style=\"height: 24px;\">\n<td>Tier<\/td>\n<td>#<span style=\"color: #3366ff;\">x<\/span> + <span style=\"color: #339966;\">x<\/span><\/td>\n<td>Premio<\/td>\n<\/tr>\n<tr style=\"height: 79px;\">\n<td>I<\/td>\n<td>5+1<\/td>\n<td><span style=\"color: #99cc00;\">Premio mayor<\/span><\/td>\n<\/tr>\n<tr style=\"height: 79px;\">\n<td>II<\/td>\n<td>5+0<\/td>\n<td><span style=\"color: #99cc00;\">1.000.000$<\/span><\/td>\n<\/tr>\n<tr style=\"height: 79px;\">\n<td>III<\/td>\n<td>4+1<\/td>\n<td><span style=\"color: #99cc00;\">50.000$<\/span><\/td>\n<\/tr>\n<tr style=\"height: 79px;\">\n<td>IV<\/td>\n<td>4+0<\/td>\n<td><span style=\"color: #99cc00;\">100$<\/span><\/td>\n<\/tr>\n<tr style=\"height: 79px;\">\n<td>V<\/td>\n<td>3+1<\/td>\n<td><span style=\"color: #99cc00;\">100$<\/span><\/td>\n<\/tr>\n<tr style=\"height: 79px;\">\n<td>VI<\/td>\n<td>3+0<\/td>\n<td><span style=\"color: #99cc00;\">7$<\/span><\/td>\n<\/tr>\n<tr style=\"height: 79px;\">\n<td>VII<\/td>\n<td>2+1<\/td>\n<td><span style=\"color: #99cc00;\">7$<\/span><\/td>\n<\/tr>\n<tr style=\"height: 79px;\">\n<td>VIII<\/td>\n<td>1+1<\/td>\n<td><span style=\"color: #99cc00;\">4$<\/span><\/td>\n<\/tr>\n<tr style=\"height: 79px;\">\n<td>IX<\/td>\n<td>0+1<\/td>\n<td><span style=\"color: #99cc00;\">4$\u00a0<\/span><\/td>\n<\/tr>\n<\/tbody>\n<\/table>\n<\/div>\n<p><span style=\"font-weight: 400;\"><br \/>\n<\/span><span style=\"font-weight: 400;\">El monto del premio mayor o <strong>bote de Powerball<\/strong> se acumular\u00e1 para el siguiente sorteo si no hay ganador y continuar\u00e1 acumul\u00e1ndose hasta que haya uno. <\/span><span style=\"font-weight: 400;\">Si no hay ganadores en cualquiera de las dem\u00e1s categor\u00edas, esa cantidad de dinero se sumar\u00e1 en la MISMA categor\u00eda de premio para el siguiente sorteo.<\/span><\/p>\n<p><span style=\"font-weight: 400;\">En total y hasta la fecha, ha habido un total de 366 <a href=\"https:\/\/lottohoy.com\/es\/botes\/\">grandes botes<\/a> que han tenido ganador o ganadores. Curiosamente en tres ocasiones no fueron reclamados. Uno vendido en el estado de Georgia, otro en Indiana y un tercero en Florida.<\/span><\/p>\n<h3><b>Ranking de botes o Jackpot entregados hasta hoy:<\/b><\/h3>\n<ul>\n<li style=\"list-style-type: none;\">\n<ul>\n<li><strong>$2.040 millones<\/strong>, es a fecha actual en 2025, el mayor bote entregado por la loteria Powerball<\/li>\n<li><span style=\"font-weight: 400;\"><strong>$1.556 millones<\/strong> de d\u00f3lares, el 13-1-2016 repartido entre tres ganadores<\/span><\/li>\n<\/ul>\n<\/li>\n<\/ul>\n<ul>\n<li style=\"list-style-type: none;\">\n<ul>\n<li style=\"font-weight: 400;\"><span style=\"font-weight: 400;\"><strong>$758 millones<\/strong> de d\u00f3lares, el 23 de Agosto de 2017 para un \u00fanico ganador<\/span><\/li>\n<\/ul>\n<\/li>\n<\/ul>\n<ul>\n<li style=\"list-style-type: none;\">\n<ul>\n<li style=\"font-weight: 400;\"><span style=\"font-weight: 400;\"><strong>$590 millones<\/strong> de d\u00f3lares, el 18 de Mayo de 2013 para un solo ganador<\/span><\/li>\n<\/ul>\n<\/li>\n<\/ul>\n<ul>\n<li style=\"list-style-type: none;\">\n<ul>\n<li style=\"font-weight: 400;\"><span style=\"font-weight: 400;\"><strong>$587 millones<\/strong> de d\u00f3lares, el 28 de Noviembre de 2012 con dos ganadores<\/span><\/li>\n<\/ul>\n<\/li>\n<\/ul>\n<ul>\n<li style=\"list-style-type: none;\">\n<ul>\n<li style=\"font-weight: 400;\"><span style=\"font-weight: 400;\"><strong>$564 millones<\/strong> de d\u00f3lares, el 11 de Febrero de 2015 para tres ganadores<\/span><\/li>\n<\/ul>\n<\/li>\n<\/ul>\n<ul>\n<li style=\"list-style-type: none;\">\n<ul>\n<li style=\"font-weight: 400;\"><span style=\"font-weight: 400;\"><strong>$488 millones<\/strong> de d\u00f3lares, 7 de Agosto de 2013 para tres ganadores<\/span><\/li>\n<li style=\"font-weight: 400;\"><span style=\"font-weight: 400;\"><span style=\"font-weight: 400;\"><strong>$477 millones<\/strong> de d\u00f3lares, el 10 de Junio de 2017 con un solo ganador<\/span><\/span><\/li>\n<\/ul>\n<\/li>\n<\/ul>\n<h2><b>\u00bfPuedo comprar Powerball online?<\/b><\/h2>\n<p><span style=\"font-weight: 400;\">Por supuesto que s\u00ed, a trav\u00e9s de LottoHoy.com\u00a0 puedes realizar tu <strong>compra de boletos de Powerball<\/strong> ya que tus tickets son adquiridos a trav\u00e9s de agentes oficiales en establecimientos autorizados.<\/span><\/p>\n<p><span style=\"font-weight: 400;\"><strong>Comprar el Powerball online<\/strong> tiene muchas ventajas en comparaci\u00f3n con la compra f\u00edsica:<\/span><\/p>\n<ol>\n<li><span style=\"font-weight: 400;\"><strong>No es necesario desplazarse<\/strong> hasta el establecimiento.<\/span><\/li>\n<li><span style=\"font-weight: 400;\">No te tienes que preocupar por los <strong>horarios de apertura y cierre<\/strong>.<\/span><\/li>\n<li><span style=\"font-weight: 400;\">Seguridad de mantener bajo buen recaudo tu <strong>boleto de Powerball<\/strong> de manera que no se pierde o se olvida.<\/span><\/li>\n<li><span style=\"font-weight: 400;\">Se puede realizar la <strong>compra<\/strong> desde cualquier punto geogr\u00e1fico, simplemente disponiendo de una conexi\u00f3n a internet, y ya sea con m\u00f3vil, Tablet o equipo de escritorio.<\/span><\/li>\n<li><span style=\"font-weight: 400;\">Comprar Powerball por internet tiene la ventaja a\u00f1adida de que la \u201cventanilla\u201d est\u00e1 <strong>abierta 24\/7<\/strong> (<\/span><i><span style=\"font-weight: 400;\">respetando los horarios que marca la organizaci\u00f3n como l\u00edmite para la compra<\/span><\/i><span style=\"font-weight: 400;\">)<\/span><\/li>\n<li>Puedes comprobar los <a href=\"https:\/\/lottohoy.com\/es\/resultados\/powerball\/\">resultados de PowerBall<\/a> en cualquier momento.<\/li>\n<\/ol>\n","protected":false},"excerpt":{"rendered":"","protected":false},"author":2,"featured_media":0,"parent":184,"menu_order":1,"comment_status":"closed","ping_status":"closed","template":"powerball-usa.php","meta":{"_et_pb_use_builder":"","_et_pb_old_content":"","_et_gb_content_width":"","exclude_from_search":false,"footnotes":""},"class_list":["post-189","page","type-page","status-publish","hentry"],"yoast_head":"<!-- This site is optimized with the Yoast SEO plugin v23.7 - https:\/\/yoast.com\/wordpress\/plugins\/seo\/ -->\n<title>Jugar PowerBall Online | Juega a Powerball - 100% Seguro<\/title>\n<meta name=\"description\" content=\"Escoge 5 n\u00fameros entre el 1 y el 69, y un n\u00famero extra (llamado Powerball) entre el 1 y el 26. En LottoHoy podr\u00e1s ganar grandes premios. \u00bfA qu\u00e9 esperas?\" \/>\n<meta name=\"robots\" content=\"index, follow, max-snippet:-1, max-image-preview:large, max-video-preview:-1\" \/>\n<link rel=\"canonical\" href=\"https:\/\/lottohoy.com\/es\/jugar\/powerball\/\" \/>\n<meta property=\"og:locale\" content=\"es_ES\" \/>\n<meta property=\"og:type\" content=\"article\" \/>\n<meta property=\"og:title\" content=\"Jugar PowerBall Online | Juega a Powerball - 100% Seguro\" \/>\n<meta property=\"og:description\" content=\"Escoge 5 n\u00fameros entre el 1 y el 69, y un n\u00famero extra (llamado Powerball) entre el 1 y el 26. En LottoHoy podr\u00e1s ganar grandes premios. \u00bfA qu\u00e9 esperas?\" \/>\n<meta property=\"og:url\" content=\"https:\/\/lottohoy.com\/es\/jugar\/powerball\/\" \/>\n<meta property=\"og:site_name\" content=\"Lottohoy\" \/>\n<meta property=\"article:modified_time\" content=\"2025-02-24T10:41:13+00:00\" \/>\n<meta property=\"og:image\" content=\"https:\/\/lottohoy.com\/wp-content\/uploads\/sites\/4\/jugar-powerball.png\" \/>\n<meta name=\"twitter:card\" content=\"summary_large_image\" \/>\n<meta name=\"twitter:label1\" content=\"Tiempo de lectura\" \/>\n\t<meta name=\"twitter:data1\" content=\"4 minutos\" \/>\n<script type=\"application\/ld+json\" class=\"yoast-schema-graph\">{\"@context\":\"https:\/\/schema.org\",\"@graph\":[{\"@type\":\"WebPage\",\"@id\":\"https:\/\/lottohoy.com\/es\/jugar\/powerball\/\",\"url\":\"https:\/\/lottohoy.com\/es\/jugar\/powerball\/\",\"name\":\"Jugar PowerBall Online | Juega a Powerball - 100% Seguro\",\"isPartOf\":{\"@id\":\"https:\/\/lottohoy.com\/es\/#website\"},\"primaryImageOfPage\":{\"@id\":\"https:\/\/lottohoy.com\/es\/jugar\/powerball\/#primaryimage\"},\"image\":{\"@id\":\"https:\/\/lottohoy.com\/es\/jugar\/powerball\/#primaryimage\"},\"thumbnailUrl\":\"https:\/\/lottohoy.com\/wp-content\/uploads\/sites\/4\/jugar-powerball.png\",\"datePublished\":\"2018-05-03T13:23:27+00:00\",\"dateModified\":\"2025-02-24T10:41:13+00:00\",\"description\":\"Escoge 5 n\u00fameros entre el 1 y el 69, y un n\u00famero extra (llamado Powerball) entre el 1 y el 26. En LottoHoy podr\u00e1s ganar grandes premios. \u00bfA qu\u00e9 esperas?\",\"breadcrumb\":{\"@id\":\"https:\/\/lottohoy.com\/es\/jugar\/powerball\/#breadcrumb\"},\"inLanguage\":\"es\",\"potentialAction\":[{\"@type\":\"ReadAction\",\"target\":[\"https:\/\/lottohoy.com\/es\/jugar\/powerball\/\"]}]},{\"@type\":\"ImageObject\",\"inLanguage\":\"es\",\"@id\":\"https:\/\/lottohoy.com\/es\/jugar\/powerball\/#primaryimage\",\"url\":\"https:\/\/lottohoy.com\/wp-content\/uploads\/sites\/4\/jugar-powerball.png\",\"contentUrl\":\"https:\/\/lottohoy.com\/wp-content\/uploads\/sites\/4\/jugar-powerball.png\"},{\"@type\":\"BreadcrumbList\",\"@id\":\"https:\/\/lottohoy.com\/es\/jugar\/powerball\/#breadcrumb\",\"itemListElement\":[{\"@type\":\"ListItem\",\"position\":1,\"name\":\"Home\",\"item\":\"https:\/\/lottohoy.com\/es\/\"},{\"@type\":\"ListItem\",\"position\":2,\"name\":\"Comprar loter\u00eda online\",\"item\":\"https:\/\/lottohoy.com\/es\/jugar\/\"},{\"@type\":\"ListItem\",\"position\":3,\"name\":\"Jugar Powerball en l\u00ednea\"}]},{\"@type\":\"WebSite\",\"@id\":\"https:\/\/lottohoy.com\/es\/#website\",\"url\":\"https:\/\/lottohoy.com\/es\/\",\"name\":\"Lottohoy\",\"description\":\"\",\"potentialAction\":[{\"@type\":\"SearchAction\",\"target\":{\"@type\":\"EntryPoint\",\"urlTemplate\":\"https:\/\/lottohoy.com\/es\/?s={search_term_string}\"},\"query-input\":{\"@type\":\"PropertyValueSpecification\",\"valueRequired\":true,\"valueName\":\"search_term_string\"}}],\"inLanguage\":\"es\"}]}<\/script>\n<!-- \/ Yoast SEO plugin. -->","yoast_head_json":{"title":"Jugar PowerBall Online | Juega a Powerball - 100% Seguro","description":"Escoge 5 n\u00fameros entre el 1 y el 69, y un n\u00famero extra (llamado Powerball) entre el 1 y el 26. En LottoHoy podr\u00e1s ganar grandes premios. \u00bfA qu\u00e9 esperas?","robots":{"index":"index","follow":"follow","max-snippet":"max-snippet:-1","max-image-preview":"max-image-preview:large","max-video-preview":"max-video-preview:-1"},"canonical":"https:\/\/lottohoy.com\/es\/jugar\/powerball\/","og_locale":"es_ES","og_type":"article","og_title":"Jugar PowerBall Online | Juega a Powerball - 100% Seguro","og_description":"Escoge 5 n\u00fameros entre el 1 y el 69, y un n\u00famero extra (llamado Powerball) entre el 1 y el 26. En LottoHoy podr\u00e1s ganar grandes premios. \u00bfA qu\u00e9 esperas?","og_url":"https:\/\/lottohoy.com\/es\/jugar\/powerball\/","og_site_name":"Lottohoy","article_modified_time":"2025-02-24T10:41:13+00:00","og_image":[{"url":"https:\/\/lottohoy.com\/wp-content\/uploads\/sites\/4\/jugar-powerball.png"}],"twitter_card":"summary_large_image","twitter_misc":{"Tiempo de lectura":"4 minutos"},"schema":{"@context":"https:\/\/schema.org","@graph":[{"@type":"WebPage","@id":"https:\/\/lottohoy.com\/es\/jugar\/powerball\/","url":"https:\/\/lottohoy.com\/es\/jugar\/powerball\/","name":"Jugar PowerBall Online | Juega a Powerball - 100% Seguro","isPartOf":{"@id":"https:\/\/lottohoy.com\/es\/#website"},"primaryImageOfPage":{"@id":"https:\/\/lottohoy.com\/es\/jugar\/powerball\/#primaryimage"},"image":{"@id":"https:\/\/lottohoy.com\/es\/jugar\/powerball\/#primaryimage"},"thumbnailUrl":"https:\/\/lottohoy.com\/wp-content\/uploads\/sites\/4\/jugar-powerball.png","datePublished":"2018-05-03T13:23:27+00:00","dateModified":"2025-02-24T10:41:13+00:00","description":"Escoge 5 n\u00fameros entre el 1 y el 69, y un n\u00famero extra (llamado Powerball) entre el 1 y el 26. En LottoHoy podr\u00e1s ganar grandes premios. \u00bfA qu\u00e9 esperas?","breadcrumb":{"@id":"https:\/\/lottohoy.com\/es\/jugar\/powerball\/#breadcrumb"},"inLanguage":"es","potentialAction":[{"@type":"ReadAction","target":["https:\/\/lottohoy.com\/es\/jugar\/powerball\/"]}]},{"@type":"ImageObject","inLanguage":"es","@id":"https:\/\/lottohoy.com\/es\/jugar\/powerball\/#primaryimage","url":"https:\/\/lottohoy.com\/wp-content\/uploads\/sites\/4\/jugar-powerball.png","contentUrl":"https:\/\/lottohoy.com\/wp-content\/uploads\/sites\/4\/jugar-powerball.png"},{"@type":"BreadcrumbList","@id":"https:\/\/lottohoy.com\/es\/jugar\/powerball\/#breadcrumb","itemListElement":[{"@type":"ListItem","position":1,"name":"Home","item":"https:\/\/lottohoy.com\/es\/"},{"@type":"ListItem","position":2,"name":"Comprar loter\u00eda online","item":"https:\/\/lottohoy.com\/es\/jugar\/"},{"@type":"ListItem","position":3,"name":"Jugar Powerball en l\u00ednea"}]},{"@type":"WebSite","@id":"https:\/\/lottohoy.com\/es\/#website","url":"https:\/\/lottohoy.com\/es\/","name":"Lottohoy","description":"","potentialAction":[{"@type":"SearchAction","target":{"@type":"EntryPoint","urlTemplate":"https:\/\/lottohoy.com\/es\/?s={search_term_string}"},"query-input":{"@type":"PropertyValueSpecification","valueRequired":true,"valueName":"search_term_string"}}],"inLanguage":"es"}]}},"_links":{"self":[{"href":"https:\/\/lottohoy.com\/es\/wp-json\/wp\/v2\/pages\/189","targetHints":{"allow":["GET"]}}],"collection":[{"href":"https:\/\/lottohoy.com\/es\/wp-json\/wp\/v2\/pages"}],"about":[{"href":"https:\/\/lottohoy.com\/es\/wp-json\/wp\/v2\/types\/page"}],"author":[{"embeddable":true,"href":"https:\/\/lottohoy.com\/es\/wp-json\/wp\/v2\/users\/2"}],"replies":[{"embeddable":true,"href":"https:\/\/lottohoy.com\/es\/wp-json\/wp\/v2\/comments?post=189"}],"version-history":[{"count":3,"href":"https:\/\/lottohoy.com\/es\/wp-json\/wp\/v2\/pages\/189\/revisions"}],"predecessor-version":[{"id":15585,"href":"https:\/\/lottohoy.com\/es\/wp-json\/wp\/v2\/pages\/189\/revisions\/15585"}],"up":[{"embeddable":true,"href":"https:\/\/lottohoy.com\/es\/wp-json\/wp\/v2\/pages\/184"}],"wp:attachment":[{"href":"https:\/\/lottohoy.com\/es\/wp-json\/wp\/v2\/media?parent=189"}],"curies":[{"name":"wp","href":"https:\/\/api.w.org\/{rel}","templated":true}]}}