{"id":187,"date":"2018-05-03T14:23:26","date_gmt":"2018-05-03T13:23:26","guid":{"rendered":"https:\/\/www.lottohoy.com\/jugar\/mega-millions\/"},"modified":"2025-05-27T16:15:59","modified_gmt":"2025-05-27T15:15:59","slug":"mega-millions","status":"publish","type":"page","link":"https:\/\/lottohoy.com\/es\/jugar\/mega-millions\/","title":{"rendered":"Jugar Mega Millions"},"content":{"rendered":"<p><!--more--><\/p>\n<h1><b>Jugar Mega Millions online<\/b><\/h1>\n<p><span style=\"font-weight: 400\">La loter\u00eda Mega Millions, junto con <\/span><a href=\"https:\/\/lottohoy.com\/es\/jugar\/powerball\/\"><span style=\"font-weight: 400\">Powerball<\/span><\/a><span style=\"font-weight: 400\">, es la loter\u00eda que mayores premios reparte a los acertantes de la primera categor\u00eda. Y <\/span><b>ahora con la nueva reformulaci\u00f3n de juego <\/b><span style=\"font-weight: 400\">los acertantes de las categor\u00edas despu\u00e9s del premio principal (jackpot) pueden ver incrementados de manera exponencial sus premios.<\/span><\/p>\n<p><span style=\"font-weight: 400\">En esta nueva etapa <\/span><b>todos los boletos llevan incorporado lleva un multiplicador <\/b><span style=\"font-weight: 400\">que es seleccionado aleatoriamente por el sistema, de manera que el premio( salvo el premio mayor) puede ser multiplicado x2, x3, x4, x5 o incluso x10.<\/span><\/p>\n<p><span style=\"font-weight: 400\">A trav\u00e9s de LottoHoy, se puede jugar en l\u00ednea y aprovechar sus ventajas: <\/span><b>seguridad en las transacciones<\/b><span style=\"font-weight: 400\">, <\/span><b>servicio r\u00e1pid<\/b><span style=\"font-weight: 400\">o y <\/span><b>\u00e1gil de soporte <\/b><span style=\"font-weight: 400\">para cualquier duda que pudiese surgir, y lo que es mejor no es necesario visitar los EE.UU para poder jugar.<\/span><\/p>\n<p><span style=\"font-weight: 400\">Jugar a Mega Millions es tan sencillo como seleccionar 5 n\u00fameros entre el 1 y el 70, y un n\u00famero especial, llamado Mega Ball entre el 1 y el 25. Para ello solo necesitas disponer de una conexi\u00f3n a internet, y cualquier dispositivo m\u00f3vil, tablet u ordenador.<\/span><\/p>\n<p><span style=\"font-weight: 400\">El precio de una apuesta simple es de <\/span><span style=\"font-weight: 400\">11 EUROS <\/span><span style=\"font-weight: 400\">(Este importe puede variar en funci\u00f3n de la cotizaci\u00f3n del d\u00f3lar vs euro)<\/span><\/p>\n<p><b>Y lo m\u00e1s importante<\/b><span style=\"font-weight: 400\">, los premios obtenidos hasta un importe de +\/- 2500 $\/\u20ac son ingresados de manera autom\u00e1tica en la cuenta del usuario, por lo que su <\/span><b>disponibilidad es inmediata.<\/b><\/p>\n<h2><\/h2>\n<h2><b>Premios de Mega Millions<\/b><\/h2>\n<p><span style=\"font-weight: 400\">El premio previsto para los ganadores del bote de Mega Millions (5 n\u00fameros + Mega Ball) se inicia con un m\u00ednimo de (<\/span><span style=\"font-weight: 400\">20 millones de d\u00f3lares)<\/span><span style=\"font-weight: 400\">. <\/span><b>Actualmente son 50 millones<\/b><span style=\"font-weight: 400\">.<\/span><\/p>\n<p><span style=\"font-weight: 400\">Este importe se incrementa en funci\u00f3n de la cantidad de dinero recogida para ese sorteo y en caso de no haber ning\u00fan acertante de primera categor\u00eda, dicha cantidad se acumular\u00e1 para el siguiente sorteo.<\/span><\/p>\n<p><span style=\"font-weight: 400\">Algo a tener en cuenta es que a diferencia de otras loter\u00edas, en el Mega Millions <\/span><b>no hay un bote m\u00e1ximo<\/b><span style=\"font-weight: 400\">, por lo tanto se pueden llegar a alcanzar cifras realmente astron\u00f3micas.<\/span><\/p>\n<p><span style=\"font-weight: 400\">Adem\u00e1s de esa primera categor\u00eda, Megamillions dispone de otras 8 categor\u00edas de premio, pero estas s\u00ed que cuentan con cantidades de premio fijas para cada categor\u00eda.<\/span><\/p>\n<table>\n<tbody>\n<tr>\n<td><span style=\"font-weight: 400\">Categoria<\/span><\/td>\n<td><span style=\"font-weight: 400\">Aciertos<\/span><\/td>\n<td><span style=\"font-weight: 400\">Premio<\/span><\/td>\n<\/tr>\n<tr>\n<td><span style=\"font-weight: 400\">I<\/span><\/td>\n<td><span style=\"font-weight: 400\">5+1<\/span><\/td>\n<td><span style=\"font-weight: 400\">Premio mayor<\/span><\/td>\n<\/tr>\n<tr>\n<td><span style=\"font-weight: 400\">II<\/span><\/td>\n<td><span style=\"font-weight: 400\">5+0<\/span><\/td>\n<td><span style=\"font-weight: 400\">$1.000.000<\/span><\/td>\n<\/tr>\n<tr>\n<td><span style=\"font-weight: 400\">III<\/span><\/td>\n<td><span style=\"font-weight: 400\">4+1<\/span><\/td>\n<td><span style=\"font-weight: 400\">10.000$<\/span><\/td>\n<\/tr>\n<tr>\n<td><span style=\"font-weight: 400\">IV<\/span><\/td>\n<td><span style=\"font-weight: 400\">4+0<\/span><\/td>\n<td><span style=\"font-weight: 400\">500$<\/span><\/td>\n<\/tr>\n<tr>\n<td><span style=\"font-weight: 400\">V<\/span><\/td>\n<td><span style=\"font-weight: 400\">3+1<\/span><\/td>\n<td><span style=\"font-weight: 400\">200$<\/span><\/td>\n<\/tr>\n<tr>\n<td><span style=\"font-weight: 400\">VI<\/span><\/td>\n<td><span style=\"font-weight: 400\">3+0<\/span><\/td>\n<td><span style=\"font-weight: 400\">10$<\/span><\/td>\n<\/tr>\n<tr>\n<td><span style=\"font-weight: 400\">VII<\/span><\/td>\n<td><span style=\"font-weight: 400\">2+1<\/span><\/td>\n<td><span style=\"font-weight: 400\">10$<\/span><\/td>\n<\/tr>\n<tr>\n<td><span style=\"font-weight: 400\">VIII<\/span><\/td>\n<td><span style=\"font-weight: 400\">1+1<\/span><\/td>\n<td><span style=\"font-weight: 400\">7$<\/span><\/td>\n<\/tr>\n<tr>\n<td><span style=\"font-weight: 400\">IX<\/span><\/td>\n<td><span style=\"font-weight: 400\">0+1<\/span><\/td>\n<td><span style=\"font-weight: 400\">5$<\/span><\/td>\n<\/tr>\n<\/tbody>\n<\/table>\n<h2><\/h2>\n<p><span style=\"font-weight: 400\">Y ahora desde abril del 2025, entra en juego el multiplicador autom\u00e1tico en cada apuesta, por los que cualquiera de las categor\u00edas II a la IX inclusive, se puede ver incrementada x2, x3, x4, x5 o x10<\/span><\/p>\n<p><span style=\"font-weight: 400\">Es decir un premio de segunda categor\u00eda, con premio de $1,000,000, con un multiplicador de x10, se convierte en un premio de $10,000,000<\/span><\/p>\n<p><span style=\"font-weight: 400\">O acierto en la categor\u00eda IV con $500, pueden convertirse en $1,000, y hasta $5,000<\/span><\/p>\n<h2><b>Los botes y premios millonarios de Mega Millions<\/b><\/h2>\n<p><span style=\"font-weight: 400\">En Mega Millions, como hemos comentado, si no hay ganadores del bote, \u00e9ste se acumula indefinidamente. Gracias a esto, algunos de los premios entregados son enormes. A continuaci\u00f3n tienes algunos ejemplos:<\/span><\/p>\n<ul>\n<li style=\"font-weight: 400\"><span style=\"font-weight: 400\">$1,602 mil millones (Mega Millions): 9 de agosto de 2023<\/span><\/li>\n<li style=\"font-weight: 400\"><span style=\"font-weight: 400\">$1,537 mil millones (Mega Millions): 23 de octubre de 2018; Carolina del Sur<\/span><\/li>\n<li style=\"font-weight: 400\"><span style=\"font-weight: 400\">$1,348 mil millones (Mega Millions): 13 de enero de 2023; Maine<\/span><\/li>\n<li style=\"font-weight: 400\"><span style=\"font-weight: 400\">$1,337 mil millones (Mega Millions): 29 de julio de 2022; Illinois<\/span><\/li>\n<li style=\"font-weight: 400\"><span style=\"font-weight: 400\">$1,250 millones (Mega Millions): sorteo el 4 de agosto de 2023 Puedes consultar todos los <\/span><a href=\"https:\/\/lottohoy.com\/es\/resultados\/mega-millions\/\"><span style=\"font-weight: 400\">resultados Mega millions<\/span><\/a><span style=\"font-weight: 400\">.<\/span><span style=\"font-weight: 400\"><br \/>\n<\/span><\/li>\n<\/ul>\n<h2><b>\u00bfQu\u00e9 d\u00edas se sortea el Mega Millions?<\/b><\/h2>\n<p><span style=\"font-weight: 400\">Los sorteos de la loter\u00eda Mega Millions se realizan todos los martes y viernes, a las 23:00 EST (03:00 GMT ), y el sorteo se realiza en Atlanta, Georgia.<\/span><\/p>\n<p><span style=\"font-weight: 400\">Por lo general las ventas se cierran una hora antes, pero en el caso de jugar online, se debe consultar a trav\u00e9s de la propia plataforma.<\/span><\/p>\n<h2><b>\u00bfCu\u00e1nto cuesta el Mega Millions?<\/b><\/h2>\n<p><span style=\"font-weight: 400\">El precio de la apuesta de Mega Millions en nuestra plataforma es a partir d<\/span><span style=\"font-weight: 400\">e 11 \u20ac<\/span><span style=\"font-weight: 400\">, <\/span><span style=\"font-weight: 400\">importe que te dar\u00e1 la oportunidad de optar a un s\u00faper botes de millones de d\u00f3lares.<\/span><\/p>\n<p><span style=\"font-weight: 400\">\u00c9ste importe variar\u00e1 dependiendo del cambio $\/\u20ac y de la cantidad de boletos seleccionados. Recuerda que puedes a\u00f1adir tantas l\u00edneas como quieras para as\u00ed comprar m\u00e1s tickets, y incrementar tus oportunidades de ganar.<\/span><\/p>\n<p><span style=\"font-weight: 400\">Para comprar tu boleto de Mega Millions solamente debes <\/span><a href=\"https:\/\/lottohoy.com\/es\/registro-abrir-tu-cuenta-de-jugador\/\"><span style=\"font-weight: 400\">registrarte en Lottohoy<\/span><\/a> <span style=\"font-weight: 400\">y escoger tus n\u00famero favoritos. \u00bfA qu\u00e9 esperas?<\/span><\/p>\n","protected":false},"excerpt":{"rendered":"","protected":false},"author":2,"featured_media":0,"parent":184,"menu_order":2,"comment_status":"closed","ping_status":"closed","template":"megamillion.php","meta":{"_et_pb_use_builder":"","_et_pb_old_content":"","_et_gb_content_width":"","exclude_from_search":false,"footnotes":""},"class_list":["post-187","page","type-page","status-publish","hentry"],"yoast_head":"<!-- This site is optimized with the Yoast SEO plugin v23.7 - https:\/\/yoast.com\/wordpress\/plugins\/seo\/ -->\n<title>Jugar Mega Millions online - Loter\u00eda de USA - LottoHoy.com<\/title>\n<meta name=\"description\" content=\"Jugar a Mega Millions es muy sencillo. Aprende sus reglas en nuestra web y compra tu boleto para el siguiente sorteo de Megamillions de manera segura.\" \/>\n<meta name=\"robots\" content=\"index, follow, max-snippet:-1, max-image-preview:large, max-video-preview:-1\" \/>\n<link rel=\"canonical\" href=\"https:\/\/lottohoy.com\/es\/jugar\/mega-millions\/\" \/>\n<meta property=\"og:locale\" content=\"es_ES\" \/>\n<meta property=\"og:type\" content=\"article\" \/>\n<meta property=\"og:title\" content=\"Jugar Mega Millions online - Loter\u00eda de USA - LottoHoy.com\" \/>\n<meta property=\"og:description\" content=\"Jugar a Mega Millions es muy sencillo. Aprende sus reglas en nuestra web y compra tu boleto para el siguiente sorteo de Megamillions de manera segura.\" \/>\n<meta property=\"og:url\" content=\"https:\/\/lottohoy.com\/es\/jugar\/mega-millions\/\" \/>\n<meta property=\"og:site_name\" content=\"Lottohoy\" \/>\n<meta property=\"article:modified_time\" content=\"2025-05-27T15:15:59+00:00\" \/>\n<meta name=\"twitter:card\" content=\"summary_large_image\" \/>\n<meta name=\"twitter:label1\" content=\"Tiempo de lectura\" \/>\n\t<meta name=\"twitter:data1\" content=\"4 minutos\" \/>\n<script type=\"application\/ld+json\" class=\"yoast-schema-graph\">{\"@context\":\"https:\/\/schema.org\",\"@graph\":[{\"@type\":\"WebPage\",\"@id\":\"https:\/\/lottohoy.com\/es\/jugar\/mega-millions\/\",\"url\":\"https:\/\/lottohoy.com\/es\/jugar\/mega-millions\/\",\"name\":\"Jugar Mega Millions online - Loter\u00eda de USA - LottoHoy.com\",\"isPartOf\":{\"@id\":\"https:\/\/lottohoy.com\/es\/#website\"},\"datePublished\":\"2018-05-03T13:23:26+00:00\",\"dateModified\":\"2025-05-27T15:15:59+00:00\",\"description\":\"Jugar a Mega Millions es muy sencillo. Aprende sus reglas en nuestra web y compra tu boleto para el siguiente sorteo de Megamillions de manera segura.\",\"breadcrumb\":{\"@id\":\"https:\/\/lottohoy.com\/es\/jugar\/mega-millions\/#breadcrumb\"},\"inLanguage\":\"es\",\"potentialAction\":[{\"@type\":\"ReadAction\",\"target\":[\"https:\/\/lottohoy.com\/es\/jugar\/mega-millions\/\"]}]},{\"@type\":\"BreadcrumbList\",\"@id\":\"https:\/\/lottohoy.com\/es\/jugar\/mega-millions\/#breadcrumb\",\"itemListElement\":[{\"@type\":\"ListItem\",\"position\":1,\"name\":\"Home\",\"item\":\"https:\/\/lottohoy.com\/es\/\"},{\"@type\":\"ListItem\",\"position\":2,\"name\":\"Comprar loter\u00eda online\",\"item\":\"https:\/\/lottohoy.com\/es\/jugar\/\"},{\"@type\":\"ListItem\",\"position\":3,\"name\":\"Jugar Mega Millions\"}]},{\"@type\":\"WebSite\",\"@id\":\"https:\/\/lottohoy.com\/es\/#website\",\"url\":\"https:\/\/lottohoy.com\/es\/\",\"name\":\"Lottohoy\",\"description\":\"\",\"potentialAction\":[{\"@type\":\"SearchAction\",\"target\":{\"@type\":\"EntryPoint\",\"urlTemplate\":\"https:\/\/lottohoy.com\/es\/?s={search_term_string}\"},\"query-input\":{\"@type\":\"PropertyValueSpecification\",\"valueRequired\":true,\"valueName\":\"search_term_string\"}}],\"inLanguage\":\"es\"}]}<\/script>\n<!-- \/ Yoast SEO plugin. -->","yoast_head_json":{"title":"Jugar Mega Millions online - Loter\u00eda de USA - LottoHoy.com","description":"Jugar a Mega Millions es muy sencillo. Aprende sus reglas en nuestra web y compra tu boleto para el siguiente sorteo de Megamillions de manera segura.","robots":{"index":"index","follow":"follow","max-snippet":"max-snippet:-1","max-image-preview":"max-image-preview:large","max-video-preview":"max-video-preview:-1"},"canonical":"https:\/\/lottohoy.com\/es\/jugar\/mega-millions\/","og_locale":"es_ES","og_type":"article","og_title":"Jugar Mega Millions online - Loter\u00eda de USA - LottoHoy.com","og_description":"Jugar a Mega Millions es muy sencillo. Aprende sus reglas en nuestra web y compra tu boleto para el siguiente sorteo de Megamillions de manera segura.","og_url":"https:\/\/lottohoy.com\/es\/jugar\/mega-millions\/","og_site_name":"Lottohoy","article_modified_time":"2025-05-27T15:15:59+00:00","twitter_card":"summary_large_image","twitter_misc":{"Tiempo de lectura":"4 minutos"},"schema":{"@context":"https:\/\/schema.org","@graph":[{"@type":"WebPage","@id":"https:\/\/lottohoy.com\/es\/jugar\/mega-millions\/","url":"https:\/\/lottohoy.com\/es\/jugar\/mega-millions\/","name":"Jugar Mega Millions online - Loter\u00eda de USA - LottoHoy.com","isPartOf":{"@id":"https:\/\/lottohoy.com\/es\/#website"},"datePublished":"2018-05-03T13:23:26+00:00","dateModified":"2025-05-27T15:15:59+00:00","description":"Jugar a Mega Millions es muy sencillo. Aprende sus reglas en nuestra web y compra tu boleto para el siguiente sorteo de Megamillions de manera segura.","breadcrumb":{"@id":"https:\/\/lottohoy.com\/es\/jugar\/mega-millions\/#breadcrumb"},"inLanguage":"es","potentialAction":[{"@type":"ReadAction","target":["https:\/\/lottohoy.com\/es\/jugar\/mega-millions\/"]}]},{"@type":"BreadcrumbList","@id":"https:\/\/lottohoy.com\/es\/jugar\/mega-millions\/#breadcrumb","itemListElement":[{"@type":"ListItem","position":1,"name":"Home","item":"https:\/\/lottohoy.com\/es\/"},{"@type":"ListItem","position":2,"name":"Comprar loter\u00eda online","item":"https:\/\/lottohoy.com\/es\/jugar\/"},{"@type":"ListItem","position":3,"name":"Jugar Mega Millions"}]},{"@type":"WebSite","@id":"https:\/\/lottohoy.com\/es\/#website","url":"https:\/\/lottohoy.com\/es\/","name":"Lottohoy","description":"","potentialAction":[{"@type":"SearchAction","target":{"@type":"EntryPoint","urlTemplate":"https:\/\/lottohoy.com\/es\/?s={search_term_string}"},"query-input":{"@type":"PropertyValueSpecification","valueRequired":true,"valueName":"search_term_string"}}],"inLanguage":"es"}]}},"_links":{"self":[{"href":"https:\/\/lottohoy.com\/es\/wp-json\/wp\/v2\/pages\/187","targetHints":{"allow":["GET"]}}],"collection":[{"href":"https:\/\/lottohoy.com\/es\/wp-json\/wp\/v2\/pages"}],"about":[{"href":"https:\/\/lottohoy.com\/es\/wp-json\/wp\/v2\/types\/page"}],"author":[{"embeddable":true,"href":"https:\/\/lottohoy.com\/es\/wp-json\/wp\/v2\/users\/2"}],"replies":[{"embeddable":true,"href":"https:\/\/lottohoy.com\/es\/wp-json\/wp\/v2\/comments?post=187"}],"version-history":[{"count":7,"href":"https:\/\/lottohoy.com\/es\/wp-json\/wp\/v2\/pages\/187\/revisions"}],"predecessor-version":[{"id":19823,"href":"https:\/\/lottohoy.com\/es\/wp-json\/wp\/v2\/pages\/187\/revisions\/19823"}],"up":[{"embeddable":true,"href":"https:\/\/lottohoy.com\/es\/wp-json\/wp\/v2\/pages\/184"}],"wp:attachment":[{"href":"https:\/\/lottohoy.com\/es\/wp-json\/wp\/v2\/media?parent=187"}],"curies":[{"name":"wp","href":"https:\/\/api.w.org\/{rel}","templated":true}]}}