{"id":186,"date":"2018-05-03T14:23:26","date_gmt":"2018-05-03T13:23:26","guid":{"rendered":"https:\/\/www.lottohoy.com\/jugar\/euromillions\/"},"modified":"2025-06-13T16:17:59","modified_gmt":"2025-06-13T15:17:59","slug":"euromillions","status":"publish","type":"page","link":"https:\/\/lottohoy.com\/es\/jugar\/euromillions\/","title":{"rendered":"Jugar EuroMillones"},"content":{"rendered":"<p><!--more--><\/p>\n<h2><b>Juega al Euromillones online<\/b><\/h2>\n<p><strong>Euromillones<\/strong> es la loter\u00eda a la que m\u00e1s gente juega en Europa. Lo organizan las 9 organismos a cargo de las loter\u00edas de los siguientes pa\u00edses: Espa\u00f1a (Loter\u00eda y Apuestas del Estado), Francia (La Fran\u00e7aise des Jeux) y Reino Unido (Loter\u00eda Nacional), que fueron los tres pioneros, a la cual se unieron unos meses m\u00e1s tarde: Austria, B\u00e9lgica, Irlanda, Luxemburgo, Portugal y Suiza.<\/p>\n<p><span style=\"font-weight: 400\">Es evidente que los tiempos avanzan y que las nuevas tecnolog\u00edas facilitan muchas actividades, como <strong>jugar euromillones<\/strong> para lograr m\u00e1s comodidad, ganar tiempo y seguridad.\u00a0<\/span><\/p>\n<p><span style=\"font-weight: 400\">En este sentido abrimos la posibilidad de <strong>jugar a la loter\u00eda de Euromillones<\/strong> por internet, a trav\u00e9s de nuestra plataforma, disfrutando de las ventajas que ello conlleva. \u00a1Tus premios!<br \/>\n<\/span><\/p>\n<p><span style=\"font-weight: 400\">Las probabilidades de ganar cualquier premio al echar tu boleto de Euromillones para el sorteo del martes o del viernes, inclusive los <a href=\"https:\/\/lottohoy.com\/es\/botes\/\">grandes botes<\/a> de millones de euros, son exactamente las mismas jugando online que haci\u00e9ndolo a trav\u00e9s de un boleto de loter\u00eda f\u00edsico adquirido en una administraci\u00f3n de loter\u00eda autorizada.<\/span><\/p>\n<h2><b>\u00bfC\u00f3mo jugar Euromillones online?<\/b><\/h2>\n<p><span style=\"font-weight: 400\">Jugar a Euromillones online, es realmente f\u00e1cil, simplemente tienes que <a href=\"https:\/\/lottohoy.com\/es\/registro-abrir-tu-cuenta-de-jugador\/\">crear una cuenta de usuario<\/a> en LottoHoy , y as\u00ed tendr\u00e1s acceso a toda la informaci\u00f3n sobre cobros, pagos, abonos, estad\u00edsticas, tus boletos, etc. y podr\u00e1s realizar tus apuestas de Euromillones, incluso creando tus combinaciones aleatorias.<br \/>\n<\/span><\/p>\n<p><span style=\"font-weight: 400\">En la parte superior de esta misma secci\u00f3n, aparece una barra de men\u00fa con cuatro opciones: <\/span><\/p>\n<ul>\n<li><b>Jugar al Euromillones<\/b><span style=\"font-weight: 400\"> : Secci\u00f3n en la que podr\u00e1s seleccionar tus n\u00fameros favoritos para las apuestas sencillas.<br \/>\n<\/span><\/li>\n<li><b><a href=\"https:\/\/lottohoy.com\/es\/resultados\/euromillions\/\">Resultados Euromillones<\/a>:<\/b><span style=\"font-weight: 400\"> Con la informaci\u00f3n, comprobar loter\u00eda sobre el \u00faltimo sorteo celebrado, la combinaci\u00f3n ganadora, y el reparto de premios de las diversas categor\u00edas. Tambi\u00e9n puede acceder a la informaci\u00f3n de sorteos anteriores y las cantidades de sus premios.<\/span><\/li>\n<li><b>Euromillones informaci\u00f3n:<\/b><span style=\"font-weight: 400\"> Toda la informaci\u00f3n relacionada de tus boletos con este juego, las categor\u00edas de premios, los porcentajes de recaudaci\u00f3n asignados a cada categor\u00eda y las posibilidades de ganar el sorteo en cada categor\u00eda.\u00a0<\/span><\/li>\n<li><b>Euromillones noticias<\/b><span style=\"font-weight: 400\">: Todo lo referente a la actualidad sobre esta modalidad de loter\u00eda, los resultados y los permios de euromillones.<br \/>\n<\/span><\/li>\n<\/ul>\n<p><span style=\"font-weight: 400\">A continuaci\u00f3n se muestra la primera l\u00ednea de juego, compuesta por cinco columnas (o boletos). Puedes jugar una sola columna o todas las que quieras, incluso puedes a\u00f1adir m\u00e1s filas si deseas jugar m\u00e1s n\u00fameros.<\/span><\/p>\n<p><span style=\"font-weight: 400\">Cada uno de los boletos de Euromillones cuesta 4,25 EUROS y est\u00e1 numerado del 1 al 50, y justo debajo otras 12 casillas reservadas para las estrellas.<\/span><\/p>\n<p><span style=\"font-weight: 400\">En estos tableros de 50 n\u00fameros y 12 estrellas es donde se debe realizar el pron\u00f3stico que se desea, partiendo de la base que <strong>se deben marcar 5 casillas o n\u00fameros y 2 estrellas<\/strong> para una jugada simple.<\/span><\/p>\n<p><span style=\"font-weight: 400\">El sistema nos permite rellenar <strong>manualmente<\/strong> estas casillas con nuestros n\u00fameros favoritos, o bien mediante la opci\u00f3n de selecci\u00f3n r\u00e1pida que aparece encima de cada tablero. De esta manera es el propio sistema quien de una <strong>manera aleatoria<\/strong> elige la combinaci\u00f3n con la que jugaremos.<\/span><\/p>\n<p><span style=\"font-weight: 400\">Como ya sabes, \u00e9sta es la loter\u00eda m\u00e1s grande de Europa y la que otorga m\u00e1s premios. Por lo tanto, es importante conocer los diferentes <strong>tipos de apuestas de Euromillones<\/strong> que puedes hacer para aumentar tus posibilidades de ganar el premio m\u00e1s grande.<\/span><\/p>\n<p><span style=\"font-weight: 400\">Existen varias modalidades de juego:<\/span><b><br \/>\n<\/b><\/p>\n<h3><b>Apuesta simple de Euromillones<\/b><\/h3>\n<p><span style=\"font-weight: 400\">La <strong>apuesta simple<\/strong> consiste en utilizar cada tablero o columna de manera unitaria para jugar una apuesta. Simplemente es necesario marcar <strong>5 casillas o n\u00fameros y 2 estrellas<\/strong>.<\/span><\/p>\n<p><span style=\"font-weight: 400\">Se pueden rellenar tantas columnas o boletos\u00a0 como apuestas se deseen realizar. Y adem\u00e1s, tienes la opci\u00f3n de a\u00f1adir m\u00e1s l\u00edneas. La puesta simple de Euromillones cuesta 4,25 \u20ac al jugar en Lottohoy.<\/span><\/p>\n<h3><b>Apuesta m\u00faltiple de Euromillones<\/b><\/h3>\n<p><span style=\"font-weight: 400\">Para realizar <strong>apuestas m\u00faltiples<\/strong>, simplemente deber\u00e1 rellenarse en cada columna un m\u00ednimo de 6 n\u00fameros y hasta un m\u00e1ximo de 10 n\u00fameros. Y desde 2 estrellas hasta un m\u00e1ximo de 6.<\/span><\/p>\n<table style=\"height: 181px\" summary=\"apuestas autorizadas euromillones\" width=\"369\">\n<thead>\n<tr>\n<th class=\"centrov\" style=\"width: 84.9844px;text-align: center\" rowspan=\"2\">Estrellas<\/th>\n<th style=\"width: 268.016px;text-align: center\" colspan=\"6\">N\u00fameros<\/th>\n<\/tr>\n<tr>\n<th class=\"clnumero\" style=\"width: 37.9844px;text-align: center\">5<\/th>\n<th class=\"clnumero\" style=\"width: 32.9844px;text-align: center\">6<\/th>\n<th class=\"clnumero\" style=\"width: 39.9844px;text-align: center\">7<\/th>\n<th class=\"clnumero\" style=\"width: 40.9844px;text-align: center\">8<\/th>\n<th class=\"clnumero\" style=\"width: 35.0469px;text-align: center\">9<\/th>\n<th class=\"clnumero\" style=\"width: 51.0312px;text-align: center\">10<\/th>\n<\/tr>\n<\/thead>\n<tbody>\n<tr>\n<td class=\"clestrella\" style=\"width: 84.9844px;text-align: center\">2<\/td>\n<td style=\"width: 37.9844px;text-align: center\">&#8211;<\/td>\n<td style=\"width: 32.9844px;text-align: center\">6<\/td>\n<td style=\"width: 39.9844px;text-align: center\">21<\/td>\n<td style=\"width: 40.9844px;text-align: center\">56<\/td>\n<td style=\"width: 35.0469px;text-align: center\">126<\/td>\n<td style=\"width: 51.0312px;text-align: center\">252<\/td>\n<\/tr>\n<tr>\n<td class=\"clestrella\" style=\"width: 84.9844px;text-align: center\">3<\/td>\n<td style=\"width: 37.9844px;text-align: center\">3<\/td>\n<td style=\"width: 32.9844px;text-align: center\">18<\/td>\n<td style=\"width: 39.9844px;text-align: center\">63<\/td>\n<td style=\"width: 40.9844px;text-align: center\">168<\/td>\n<td style=\"width: 35.0469px;text-align: center\">378<\/td>\n<td style=\"width: 51.0312px;text-align: center\">756<\/td>\n<\/tr>\n<tr>\n<td class=\"clestrella\" style=\"width: 84.9844px;text-align: center\">4<\/td>\n<td style=\"width: 37.9844px;text-align: center\">6<\/td>\n<td style=\"width: 32.9844px;text-align: center\">36<\/td>\n<td style=\"width: 39.9844px;text-align: center\">126<\/td>\n<td style=\"width: 40.9844px;text-align: center\">336<\/td>\n<td style=\"width: 35.0469px;text-align: center\">756<\/td>\n<td style=\"width: 51.0312px;text-align: center\">1.512<\/td>\n<\/tr>\n<tr>\n<td class=\"clestrella\" style=\"width: 84.9844px;text-align: center\">5<\/td>\n<td style=\"width: 37.9844px;text-align: center\">10<\/td>\n<td style=\"width: 32.9844px;text-align: center\">60<\/td>\n<td style=\"width: 39.9844px;text-align: center\">210<\/td>\n<td style=\"width: 40.9844px;text-align: center\">560<\/td>\n<td style=\"width: 35.0469px;text-align: center\">1.260<\/td>\n<td style=\"width: 51.0312px;text-align: center\">2.520<\/td>\n<\/tr>\n<\/tbody>\n<\/table>\n<p><span style=\"font-weight: 400\">El precio resultante es el de multiplicar el n\u00famero de apuestas resultante por el importe unitario de cada apuesta<\/span><\/p>\n<p><span style=\"font-weight: 400\">Tomamos por ejemplos:<\/span><\/p>\n<ul>\n<li><span style=\"font-weight: 400\">Una combinaci\u00f3n m\u00faltiple de 7 n\u00fameros y 3 estrellas, equivale a 63 apuestas. <\/span><\/li>\n<li><span style=\"font-weight: 400\">Una combinaci\u00f3n m\u00faltiple de 9 n\u00fameros y 5 estrelles, equivale a 1.260 apuestas.<\/span><\/li>\n<\/ul>\n<p><span style=\"font-weight: 400\">Exactamente igual que en el caso de la apuesta simple, tambi\u00e9n en las apuestas de Euromill\u00f3n m\u00faltiples se puede optar porque sea el sistema quien elija aleatoriamente las jugadas.<\/span><\/p>\n<p>Muchos jugadores utilizan las apuestas m\u00faltiples para aumentar sus probabilidades de ganar el sorteo o, al menos, salir premiado.<\/p>\n<h4><b>C<i>u\u00e1nto cuesta la apuesta m\u00faltiple de Euromillones<\/i><\/b><\/h4>\n<p><span style=\"font-weight: 400\">La cantidad de apuestas totales que se pueden jugar nace de la combinaci\u00f3n entre los pron\u00f3sticos de la tabla de n\u00fameros y estrellas que figuran a continuaci\u00f3n:<\/span><\/p>\n<h3><b>Apuesta reducida para Euromillones<\/b><\/h3>\n<p><span style=\"font-weight: 400\">El sistema de <strong>apuesta reducida para Euromillones<\/strong> consiste en algo tan simple como buscar unas combinaciones que nos permitan jugar m\u00e1s n\u00fameros por menos dinero.<\/span><\/p>\n<p><span style=\"font-weight: 400\">Las reducciones posibles son las siguientes:<\/span><\/p>\n<ol>\n<li><span style=\"font-weight: 400\">Marcar <strong>10 n\u00fameros y 2 estrellas<\/strong>, equivale a 14 apuestas (respecto de 252 directas)<\/span><\/li>\n<li><span style=\"font-weight: 400\">Marcar <strong>10 n\u00fameros y 4 estrellas<\/strong>, equivale a 28 apuestas (respecto de 1512 directas)<\/span><\/li>\n<li><span style=\"font-weight: 400\">Marcar <strong>10 n\u00fameros y 3 estrellas<\/strong>, equivale a 84 apuestas (respecto de 1512 directas)<\/span><\/li>\n<li><span style=\"font-weight: 400\">Marcar <strong>12 n\u00fameros y 3 estrellas<\/strong>, equivale a 114 apuestas (respecto de 2376 directas)<\/span><\/li>\n<li><span style=\"font-weight: 400\">Marcar <strong>15 n\u00fameros y 4 estrellas<\/strong>, equivale a 30 apuestas (respecto de 18018 directas)<\/span><\/li>\n<\/ol>\n<h2><b>\u00bfQu\u00e9 d\u00edas se sortea la loter\u00eda Euromillones?<\/b><\/h2>\n<p><span style=\"font-weight: 400\">El <strong>sorteo del Euromillones<\/strong> se celebra cada <strong>martes y viernes a las 21:30 (horario central Europeo)<\/strong> y se realizan desde Par\u00eds, siendo la combinaci\u00f3n ganadora y el escrutinio com\u00fan para todos los pa\u00edses participantes.<\/span><\/p>\n<p><span style=\"font-weight: 400\">Se puede participar en el sorteo comprando la apuesta o apuestas como m\u00e1ximo hasta <strong>una hora antes<\/strong> de la celebraci\u00f3n del sorteo.\u00a0<\/span><span style=\"font-weight: 400\">Igualmente se puede jugar a dos sorteos mediante un abono semanal o para todos los sorteos de Euromillones que quieras. <\/span><\/p>\n<p><span style=\"font-weight: 400\">Inexcusablemente la primera apuesta de estos sorteos se ha de validar con <strong>una hora de antelaci\u00f3n<\/strong> a la fecha del primero de ellos, mientras que el resto de sorteos se validar\u00e1n autom\u00e1ticamente y ya no te tendr\u00e1s que preocupar de nada m\u00e1s.<\/span><\/p>\n<p><span style=\"font-weight: 400\">La combinaci\u00f3n ganadora consiste de <strong>dos fases<\/strong>: Por un lado, acertar los 5 n\u00fameros correspondientes a 5 bolas numeradas entre el 1 y el 50 depositadas en un bombo, y por otro lado acertar otros 2 n\u00fameros correspondientes a las estrellas de otro bombo especial que tambi\u00e9n van numeradas del 1 al 12.<\/span><\/p>\n<p><span style=\"font-weight: 400\">Es decir, para obtener la combinaci\u00f3n ganadora en su primera categor\u00eda, se han de acertar el total de <strong>7 signos<\/strong> (5 n\u00fameros m\u00e1s 2 estrellas).<\/span><\/p>\n<h2><b>\u00bfHasta que hora se puede echar el Euromill\u00f3n?<\/b><\/h2>\n<p><span style=\"font-weight: 400\">Hay dos sorteos semanales del Euromillones, los martes y los viernes, que se celebran a las 20:30 h. GMT. Una hora antes, a las 19:30 h. GMT, se cierra la <strong>admisi\u00f3n de boletos<\/strong> para el sorteo de ese d\u00eda (Euromillones del Martes o del Viernes)<\/span><\/p>\n<p><span style=\"font-weight: 400\">Una vez celebrado el sorteo y reveladas las apuestas ganadoras, a partir de las 22:00 h. la organizaci\u00f3n vuelve a aceptar la compra y validaci\u00f3n de boletos para los siguientes sorteos.\u00a0<\/span><\/p>\n<p><span style=\"font-weight: 400\">Echar Euromillones online, tiene entre otras la ventaja que est\u00e1 <strong>abierto 24\/7<\/strong>, y que se puede jugar en cualquier momento del d\u00eda.<\/span><\/p>\n<p><span style=\"font-weight: 400\">As\u00ed mismo, se puede realizar la compra de manera recurrente para diversos sorteos, sin necesidad de ajustarse a un d\u00eda y sorteo determinado.<\/span><\/p>\n<p><span style=\"font-weight: 400\">Siempre, por supuesto atendiendo al horario oficial del organizador, si se realiza la compra fuera del horario m\u00e1ximo previsto para un sorteo, la compra y el boleto de Euromillones correspondiente se validar\u00e1n para el sorteo siguiente, pero en las mismas condiciones.<\/span><\/p>\n<h2><b>Ventajas de comprar boletos online de Euromillones<\/b><\/h2>\n<p><span style=\"font-weight: 400\">Cada d\u00eda que pasa se hacen mas evidentes las ventajas de <a href=\"https:\/\/lottohoy.com\/es\/jugar\/\">jugar loter\u00eda online<\/a>, y ello se debe de un lado a la tendencia y los nuevos h\u00e1bitos de los consumidores, y por otro lado a la comodidad y ventajas que este modo facilita.<\/span><\/p>\n<p><span style=\"font-weight: 400\">El \u00fanico requisito es tener al menos la <strong>edad legal<\/strong> para jugar en su pa\u00eds de residencia. En la mayor\u00eda de los pa\u00edses, esta edad es de 18 o 21 a\u00f1os.<\/span><\/p>\n<p><span style=\"font-weight: 400\">Son muchas las ventajas de comprar Euromillones online. Te enumeramos algunas:<\/span><\/p>\n<ul>\n<li><strong>Seguridad en las transacciones<\/strong> :<b>\u00a0<\/b><span style=\"font-weight: 400\"><span style=\"font-weight: 400\">Se ofrece la compra segura a trav\u00e9s de protocolo HTTPS:\/\/, recordando que la \u201cs\u201d indica que se trata de un sitio seguro (\u00absecure\u00bb en ingl\u00e9s). Es importante verificar este punto.<\/span><\/span><\/li>\n<li><span style=\"font-weight: 400\"><span style=\"font-weight: 400\"><strong>Variados sistemas de pagos<\/strong> y reintegros con plena confianza, disponibles a tu comodidad.<\/span><\/span><\/li>\n<li><strong>Puedes comprar los boletos 24\/7 todos los d\u00edas del a\u00f1o<\/strong>: No ser\u00e1 necesario estar pendiente de los horarios de apertura y cierre de las administraciones de loter\u00eda. Jugando online tu ventanilla est\u00e1 abierta las 24 horas del d\u00eda, todos los d\u00edas del a\u00f1o.<\/li>\n<li><strong>Desde cualquier lugar, sin colas ni desplazamientos:<\/strong> Simplemente teniendo un dispositivo m\u00f3vil, una tableta o de escritorio con conexi\u00f3n a internet y desde cualquier punto. Ya no existen barreras geogr\u00e1ficas para poder jugar a Euromillones.<\/li>\n<li><strong><strong>Nunca perder\u00e1s el boleto, siempre permanece en tu cuenta<\/strong><\/strong><\/li>\n<li><strong>Recibes de manera inmediata los premios ganados en tu cuenta de usuario:\u00a0<\/strong>Tras la celebraci\u00f3n del sorteo y una vez efectuado el escrutinio correspondiente, te ser\u00e1n ingresados en tu cuenta de usuario los importes ganados.<\/li>\n<li><strong>Estar informado de los <a href=\"https:\/\/lottohoy.com\/es\/botes\/\">botes acumulados<\/a> y de sorteos extraordinarios: <\/strong>Ya sea a trav\u00e9s de nuestra web o trav\u00e9s de email.\u00a0De esta manera podr\u00e1s conocer con antelaci\u00f3n los botes m\u00e1s importantes y podr\u00e1s ajustar tu apuesta para conseguir un bote s\u00faper millonario.<\/li>\n<li><strong>Mantenerte al tanto de los resultados de sorteos de Euromillones<\/strong> de manera autom\u00e1tica gracias a nuestro sistema de informaci\u00f3n por correo electr\u00f3nico.<\/li>\n<\/ul>\n<h2><\/h2>\n","protected":false},"excerpt":{"rendered":"","protected":false},"author":2,"featured_media":0,"parent":184,"menu_order":3,"comment_status":"closed","ping_status":"closed","template":"euromillions-at.php","meta":{"_et_pb_use_builder":"","_et_pb_old_content":"","_et_gb_content_width":"","exclude_from_search":false,"footnotes":""},"class_list":["post-186","page","type-page","status-publish","hentry"],"yoast_head":"<!-- This site is optimized with the Yoast SEO plugin v23.7 - https:\/\/yoast.com\/wordpress\/plugins\/seo\/ -->\n<title>\u25b7 Jugar Euromillones Online | Comprar Euromill\u00f3n 100% Seguro<\/title>\n<meta name=\"description\" content=\"Hazte con tu boleto para el pr\u00f3ximo sorteo de Euromillones de manera r\u00e1pida, sencilla y segura \u2612 \u00bfA qu\u00e9 esperas para ganar?\" \/>\n<meta name=\"robots\" content=\"index, follow, max-snippet:-1, max-image-preview:large, max-video-preview:-1\" \/>\n<link rel=\"canonical\" href=\"https:\/\/lottohoy.com\/es\/jugar\/euromillions\/\" \/>\n<meta property=\"og:locale\" content=\"es_ES\" \/>\n<meta property=\"og:type\" content=\"article\" \/>\n<meta property=\"og:title\" content=\"\u25b7 Jugar Euromillones Online | Comprar Euromill\u00f3n 100% Seguro\" \/>\n<meta property=\"og:description\" content=\"Hazte con tu boleto para el pr\u00f3ximo sorteo de Euromillones de manera r\u00e1pida, sencilla y segura \u2612 \u00bfA qu\u00e9 esperas para ganar?\" \/>\n<meta property=\"og:url\" content=\"https:\/\/lottohoy.com\/es\/jugar\/euromillions\/\" \/>\n<meta property=\"og:site_name\" content=\"Lottohoy\" \/>\n<meta property=\"article:modified_time\" content=\"2025-06-13T15:17:59+00:00\" \/>\n<meta name=\"twitter:card\" content=\"summary_large_image\" \/>\n<meta name=\"twitter:label1\" content=\"Tiempo de lectura\" \/>\n\t<meta name=\"twitter:data1\" content=\"8 minutos\" \/>\n<script type=\"application\/ld+json\" class=\"yoast-schema-graph\">{\"@context\":\"https:\/\/schema.org\",\"@graph\":[{\"@type\":\"WebPage\",\"@id\":\"https:\/\/lottohoy.com\/es\/jugar\/euromillions\/\",\"url\":\"https:\/\/lottohoy.com\/es\/jugar\/euromillions\/\",\"name\":\"\u25b7 Jugar Euromillones Online | Comprar Euromill\u00f3n 100% Seguro\",\"isPartOf\":{\"@id\":\"https:\/\/lottohoy.com\/es\/#website\"},\"datePublished\":\"2018-05-03T13:23:26+00:00\",\"dateModified\":\"2025-06-13T15:17:59+00:00\",\"description\":\"Hazte con tu boleto para el pr\u00f3ximo sorteo de Euromillones de manera r\u00e1pida, sencilla y segura \u2612 \u00bfA qu\u00e9 esperas para ganar?\",\"breadcrumb\":{\"@id\":\"https:\/\/lottohoy.com\/es\/jugar\/euromillions\/#breadcrumb\"},\"inLanguage\":\"es\",\"potentialAction\":[{\"@type\":\"ReadAction\",\"target\":[\"https:\/\/lottohoy.com\/es\/jugar\/euromillions\/\"]}]},{\"@type\":\"BreadcrumbList\",\"@id\":\"https:\/\/lottohoy.com\/es\/jugar\/euromillions\/#breadcrumb\",\"itemListElement\":[{\"@type\":\"ListItem\",\"position\":1,\"name\":\"Home\",\"item\":\"https:\/\/lottohoy.com\/es\/\"},{\"@type\":\"ListItem\",\"position\":2,\"name\":\"Comprar loter\u00eda online\",\"item\":\"https:\/\/lottohoy.com\/es\/jugar\/\"},{\"@type\":\"ListItem\",\"position\":3,\"name\":\"Jugar EuroMillones\"}]},{\"@type\":\"WebSite\",\"@id\":\"https:\/\/lottohoy.com\/es\/#website\",\"url\":\"https:\/\/lottohoy.com\/es\/\",\"name\":\"Lottohoy\",\"description\":\"\",\"potentialAction\":[{\"@type\":\"SearchAction\",\"target\":{\"@type\":\"EntryPoint\",\"urlTemplate\":\"https:\/\/lottohoy.com\/es\/?s={search_term_string}\"},\"query-input\":{\"@type\":\"PropertyValueSpecification\",\"valueRequired\":true,\"valueName\":\"search_term_string\"}}],\"inLanguage\":\"es\"}]}<\/script>\n<!-- \/ Yoast SEO plugin. -->","yoast_head_json":{"title":"\u25b7 Jugar Euromillones Online | Comprar Euromill\u00f3n 100% Seguro","description":"Hazte con tu boleto para el pr\u00f3ximo sorteo de Euromillones de manera r\u00e1pida, sencilla y segura \u2612 \u00bfA qu\u00e9 esperas para ganar?","robots":{"index":"index","follow":"follow","max-snippet":"max-snippet:-1","max-image-preview":"max-image-preview:large","max-video-preview":"max-video-preview:-1"},"canonical":"https:\/\/lottohoy.com\/es\/jugar\/euromillions\/","og_locale":"es_ES","og_type":"article","og_title":"\u25b7 Jugar Euromillones Online | Comprar Euromill\u00f3n 100% Seguro","og_description":"Hazte con tu boleto para el pr\u00f3ximo sorteo de Euromillones de manera r\u00e1pida, sencilla y segura \u2612 \u00bfA qu\u00e9 esperas para ganar?","og_url":"https:\/\/lottohoy.com\/es\/jugar\/euromillions\/","og_site_name":"Lottohoy","article_modified_time":"2025-06-13T15:17:59+00:00","twitter_card":"summary_large_image","twitter_misc":{"Tiempo de lectura":"8 minutos"},"schema":{"@context":"https:\/\/schema.org","@graph":[{"@type":"WebPage","@id":"https:\/\/lottohoy.com\/es\/jugar\/euromillions\/","url":"https:\/\/lottohoy.com\/es\/jugar\/euromillions\/","name":"\u25b7 Jugar Euromillones Online | Comprar Euromill\u00f3n 100% Seguro","isPartOf":{"@id":"https:\/\/lottohoy.com\/es\/#website"},"datePublished":"2018-05-03T13:23:26+00:00","dateModified":"2025-06-13T15:17:59+00:00","description":"Hazte con tu boleto para el pr\u00f3ximo sorteo de Euromillones de manera r\u00e1pida, sencilla y segura \u2612 \u00bfA qu\u00e9 esperas para ganar?","breadcrumb":{"@id":"https:\/\/lottohoy.com\/es\/jugar\/euromillions\/#breadcrumb"},"inLanguage":"es","potentialAction":[{"@type":"ReadAction","target":["https:\/\/lottohoy.com\/es\/jugar\/euromillions\/"]}]},{"@type":"BreadcrumbList","@id":"https:\/\/lottohoy.com\/es\/jugar\/euromillions\/#breadcrumb","itemListElement":[{"@type":"ListItem","position":1,"name":"Home","item":"https:\/\/lottohoy.com\/es\/"},{"@type":"ListItem","position":2,"name":"Comprar loter\u00eda online","item":"https:\/\/lottohoy.com\/es\/jugar\/"},{"@type":"ListItem","position":3,"name":"Jugar EuroMillones"}]},{"@type":"WebSite","@id":"https:\/\/lottohoy.com\/es\/#website","url":"https:\/\/lottohoy.com\/es\/","name":"Lottohoy","description":"","potentialAction":[{"@type":"SearchAction","target":{"@type":"EntryPoint","urlTemplate":"https:\/\/lottohoy.com\/es\/?s={search_term_string}"},"query-input":{"@type":"PropertyValueSpecification","valueRequired":true,"valueName":"search_term_string"}}],"inLanguage":"es"}]}},"_links":{"self":[{"href":"https:\/\/lottohoy.com\/es\/wp-json\/wp\/v2\/pages\/186","targetHints":{"allow":["GET"]}}],"collection":[{"href":"https:\/\/lottohoy.com\/es\/wp-json\/wp\/v2\/pages"}],"about":[{"href":"https:\/\/lottohoy.com\/es\/wp-json\/wp\/v2\/types\/page"}],"author":[{"embeddable":true,"href":"https:\/\/lottohoy.com\/es\/wp-json\/wp\/v2\/users\/2"}],"replies":[{"embeddable":true,"href":"https:\/\/lottohoy.com\/es\/wp-json\/wp\/v2\/comments?post=186"}],"version-history":[{"count":7,"href":"https:\/\/lottohoy.com\/es\/wp-json\/wp\/v2\/pages\/186\/revisions"}],"predecessor-version":[{"id":20492,"href":"https:\/\/lottohoy.com\/es\/wp-json\/wp\/v2\/pages\/186\/revisions\/20492"}],"up":[{"embeddable":true,"href":"https:\/\/lottohoy.com\/es\/wp-json\/wp\/v2\/pages\/184"}],"wp:attachment":[{"href":"https:\/\/lottohoy.com\/es\/wp-json\/wp\/v2\/media?parent=186"}],"curies":[{"name":"wp","href":"https:\/\/api.w.org\/{rel}","templated":true}]}}