{"id":185,"date":"2018-05-03T14:23:25","date_gmt":"2018-05-03T13:23:25","guid":{"rendered":"https:\/\/www.lottohoy.com\/jugar\/eurojackpot\/"},"modified":"2025-02-09T11:41:54","modified_gmt":"2025-02-09T11:41:54","slug":"eurojackpot","status":"publish","type":"page","link":"https:\/\/lottohoy.com\/es\/jugar\/eurojackpot\/","title":{"rendered":"Jugar Eurojackpot"},"content":{"rendered":"<p><!--more--><\/p>\n<p><span style=\"font-weight: 400;\">El <strong>Eurojackpot<\/strong> es un juego de caracter\u00edsticas similares al <a href=\"https:\/\/lottohoy.com\/es\/jugar\/euromillions\/\">Euromillones<\/a>. Consiste en elegir al menos <strong>5 n\u00fameros<\/strong> de las casillas comprendidas y numeradas del 1 al 50 respectivamente en el primer cuerpo de los billetes de loter\u00eda. <\/span><\/p>\n<p><span style=\"font-weight: 400;\">As\u00ed mismo se debe elegir de manera obligatoria <strong>2 n\u00fameros extra<\/strong>, denominados \u201csoles\u201d del segundo cuerpo con casillas numeradas del 1 al 12 inclusive.<\/span><\/p>\n<p><span style=\"font-weight: 400;\">Cuantos m\u00e1s n\u00fameros y m\u00e1s soles aciertes, mayor es el premio que puedes ganar en el sorteo de Eurojackpot.<\/span><\/p>\n<p><span style=\"font-weight: 400;\"> Hay un <strong>premio especial al acertante de primera<\/strong> <strong>categor\u00eda<\/strong> con los 5 n\u00fameros principales y con dos soles (el <a href=\"https:\/\/lottohoy.com\/es\/botes\/\">bote<\/a>), y otras 11 categor\u00edas de premios inferiores.<\/span><\/p>\n<p>El <strong>Eurojackpot<\/strong> es una loter\u00eda de car\u00e1cter europeo que se juega entoda Europa, pero en su organizaci\u00f3nfueros <strong>18 los pa\u00edses participantes<\/strong>: Alemania, Croacia, Dinamarca, Eslovaquia, Eslovenia, Espa\u00f1a, Estonia, Finlandia, Hungr\u00eda, Italia, Islandia, Lituania, Letonia, Noruega, Pa\u00edses Bajos, Polinia, Rep\u00fablica Checa y Suecia.<\/p>\n<p>Los sorteos se celebran todos los viernes, en la ciudad de H<span data-sheets-value=\"{&quot;1&quot;:2,&quot;2&quot;:&quot;helsinki finlandia&quot;}\" data-sheets-userformat=\"{&quot;2&quot;:513,&quot;3&quot;:{&quot;1&quot;:0},&quot;12&quot;:0}\">elsinki, Finlandia<\/span><\/p>\n<h2><b>\u00bfC\u00f3mo se juega al Eurojackpot?<\/b><\/h2>\n<p>Realizar una <strong>apuesta sencilla en el Eurojackpot<\/strong> es muy sencillo. \u00danicamente debes crear una combinaci\u00f3n de tus <strong>5 n\u00fameros<\/strong> favoritos entre el 1 y el 50, y otros <strong>2 n\u00fameros<\/strong> entre el 1 y el 12.<\/p>\n<p>Comprar boletois de Eurojackpot es sencillo es hacerlo a trav\u00e9s de LottoHoy. El precio de una apuesta simple es de solamente 3.95 Euros.<\/p>\n<p><span style=\"font-weight: 400;\">Para jugar disponemos de 5 columnas\u00a0 iniciales por l\u00ednea (ampliables hasta 8, mediante el recuadro de <strong>MAS LINEAS<\/strong>).<br \/>\n<\/span><\/p>\n<p><span style=\"font-weight: 400;\">La selecci\u00f3n de n\u00fameros se puede hacer de manera directa marcando sobre los n\u00fameros elegidos para que se refleje en color, o bien dejar que el propio sistema de elija, de manera aleatoria, los n\u00fameros de una combinaci\u00f3n mediante el recuadro <strong>SELECCI\u00d3N R\u00c1PIDA<\/strong>.<\/span><\/p>\n<p><span style=\"font-weight: 400;\">Una vez completada la columna o columnas en que se desea participar, simplemente hacemos click en <strong>continuar<\/strong> y procedemos a realizar el pago de nuestras apuestas. <a href=\"https:\/\/lottohoy.com\/es\/registro-abrir-tu-cuenta-de-jugador\/\">Abre tu cuenta<\/a> y participa en el pr\u00f3ximo sorteo de Eurojackpot. Cuantas m\u00e1s apuestas realices, m\u00e1s posibilidaes de ganarlo.<br \/>\n<\/span><\/p>\n<h3><b>Apuestas m\u00faltiples en Eurojackpot<\/b><\/h3>\n<p><span style=\"font-weight: 400;\">A diferencia de la <strong>apuesta sencilla<\/strong> en la que se marcan 5 + 2 n\u00fameros en cada una de las columnas o boletos en que se quiera jugar, en la <strong>apuesta m\u00faltiple<\/strong> s<\/span><span style=\"font-weight: 400;\">e utilizar\u00e1 \u00fanicamente la primera columna del ticket, y se marcar\u00e1n 5, 6, 7, 8, 9 o 10 n\u00fameros de las casillas entre el 1 y el 50 de la matriz principal.<\/span><\/p>\n<p><span style=\"font-weight: 400;\">Tambi\u00e9n se pueden marcar 2, 3, 4 o 5 n\u00fameros en esa primera columna pero de la matriz secundar\u00eda, los soles.<\/span><\/p>\n<p><span style=\"font-weight: 400;\">En el siguiente cuadro se muestran las posibles combinaciones y el <strong>total de apuestas<\/strong> que forman cada combinaci\u00f3n de n\u00fameros y soles.<\/span><\/p>\n<table summary=\"apuestas autorizadas euromillones\" width=\"384\">\n<thead>\n<tr>\n<th class=\"centrov\" style=\"text-align: center; width: 60.3438px;\" rowspan=\"2\">Stars<\/th>\n<th style=\"text-align: center; width: 307.656px;\" colspan=\"6\">Numbers<\/th>\n<\/tr>\n<tr>\n<th class=\"clnumero\" style=\"text-align: center; width: 43.25px;\">5<\/th>\n<th class=\"clnumero\" style=\"text-align: center; width: 43.25px;\">6<\/th>\n<th class=\"clnumero\" style=\"text-align: center; width: 47.2656px;\">7<\/th>\n<th class=\"clnumero\" style=\"text-align: center; width: 45.2656px;\">8<\/th>\n<th class=\"clnumero\" style=\"text-align: center; width: 38.2188px;\">9<\/th>\n<th class=\"clnumero\" style=\"text-align: center; width: 60.4062px;\">10<\/th>\n<\/tr>\n<\/thead>\n<tbody>\n<tr>\n<td class=\"clestrella\" style=\"text-align: center; width: 60.3438px;\">2<\/td>\n<td style=\"text-align: center; width: 43.25px;\">\u2013<\/td>\n<td style=\"text-align: center; width: 43.25px;\">6<\/td>\n<td style=\"text-align: center; width: 47.2656px;\">21<\/td>\n<td style=\"text-align: center; width: 45.2656px;\">56<\/td>\n<td style=\"text-align: center; width: 38.2188px;\">126<\/td>\n<td style=\"text-align: center; width: 60.4062px;\">252<\/td>\n<\/tr>\n<tr>\n<td class=\"clestrella\" style=\"text-align: center; width: 60.3438px;\">3<\/td>\n<td style=\"text-align: center; width: 43.25px;\">3<\/td>\n<td style=\"text-align: center; width: 43.25px;\">18<\/td>\n<td style=\"text-align: center; width: 47.2656px;\">63<\/td>\n<td style=\"text-align: center; width: 45.2656px;\">168<\/td>\n<td style=\"text-align: center; width: 38.2188px;\">378<\/td>\n<td style=\"text-align: center; width: 60.4062px;\">756<\/td>\n<\/tr>\n<tr>\n<td class=\"clestrella\" style=\"text-align: center; width: 60.3438px;\">4<\/td>\n<td style=\"text-align: center; width: 43.25px;\">6<\/td>\n<td style=\"text-align: center; width: 43.25px;\">36<\/td>\n<td style=\"text-align: center; width: 47.2656px;\">126<\/td>\n<td style=\"text-align: center; width: 45.2656px;\">336<\/td>\n<td style=\"text-align: center; width: 38.2188px;\">756<\/td>\n<td style=\"text-align: center; width: 60.4062px;\">1.512<\/td>\n<\/tr>\n<tr>\n<td class=\"clestrella\" style=\"text-align: center; width: 60.3438px;\">5<\/td>\n<td style=\"text-align: center; width: 43.25px;\">10<\/td>\n<td style=\"text-align: center; width: 43.25px;\">60<\/td>\n<td style=\"text-align: center; width: 47.2656px;\">210<\/td>\n<td style=\"text-align: center; width: 45.2656px;\">560<\/td>\n<td style=\"text-align: center; width: 38.2188px;\">1.260<\/td>\n<td style=\"text-align: center; width: 60.4062px;\">2.520<\/td>\n<\/tr>\n<\/tbody>\n<\/table>\n<h2><b>Los premios de Eurojackpot<\/b><\/h2>\n<p><span style=\"font-weight: 400;\">Eurojackpot establece un <strong>bote m\u00ednimo<\/strong> inicial de <strong>\u20ac10.000.000<\/strong>. De no haber acertantes de la primera categor\u00eda, esa cantidad\u00a0 se acumula para el siguiente sorteo.<\/span><\/p>\n<p><span style=\"font-weight: 400;\">El 50% del total recaudado se destina a premios para distribuirse entre las 12 categor\u00edas de premios seg\u00fan el reglamento.\u00a0<\/span><\/p>\n<p><span style=\"font-weight: 400;\">De igual manera pasar\u00e1 con los importes destinados para las siguientes categor\u00edas, es decir, si en alguna de ellas no hubiese acertante alguno, esa cantidad se acumula para la misma categor\u00eda del siguiente sorteo. <\/span><\/p>\n<p><span style=\"font-weight: 400;\">De esta manera es posible obtener un bote para cada categor\u00eda.<\/span><\/p>\n<h3 style=\"text-align: left;\"><b>Tabla de premios de Eurojackpot<\/b><\/h3>\n<p><span style=\"font-weight: 400;\">Hay doce categor\u00edas de premios en los <a href=\"https:\/\/lottohoy.com\/es\/resultados\/eurojackpot\/\">resultados de eurojackpot<\/a> repartidos de la siguiente manera:<\/span><\/p>\n<div>\n<table class=\"table table-results-detailed aligncenter\" style=\"width: 357px; height: 1051px;\">\n<tbody>\n<tr style=\"height: 79px;\">\n<td style=\"width: 82.2656px; height: 75px;\"><strong>Categor\u00edas<\/strong><\/td>\n<td style=\"width: 115.281px; height: 75px;\"><strong>Combinaciones<\/strong><\/td>\n<td style=\"width: 137.453px; height: 75px;\"><strong>Premio estimado<\/strong><\/td>\n<\/tr>\n<tr style=\"height: 79px;\">\n<td style=\"width: 82.2656px; height: 75px;\">I<\/td>\n<td style=\"width: 115.281px; height: 75px;\">5+2<\/td>\n<td style=\"width: 137.453px; height: 75px;\"><span style=\"color: #99cc00;\">Jackpot<\/span><\/td>\n<\/tr>\n<tr style=\"height: 79px;\">\n<td style=\"width: 82.2656px; height: 75px;\">II<\/td>\n<td style=\"width: 115.281px; height: 75px;\">5+1<\/td>\n<td style=\"width: 137.453px; height: 75px;\"><span style=\"color: #99cc00;\">811.146\u20ac<\/span><\/td>\n<\/tr>\n<tr style=\"height: 79px;\">\n<td style=\"width: 82.2656px; height: 75px;\">III<\/td>\n<td style=\"width: 115.281px; height: 75px;\">5+0<\/td>\n<td style=\"width: 137.453px; height: 75px;\"><span style=\"color: #99cc00;\">150.558\u20ac<\/span><\/td>\n<\/tr>\n<tr style=\"height: 79px;\">\n<td style=\"width: 82.2656px; height: 75px;\">IV<\/td>\n<td style=\"width: 115.281px; height: 75px;\">4+2<\/td>\n<td style=\"width: 137.453px; height: 75px;\"><span style=\"color: #99cc00;\">4.733\u20ac<\/span><\/td>\n<\/tr>\n<tr style=\"height: 79px;\">\n<td style=\"width: 82.2656px; height: 75px;\">V<\/td>\n<td style=\"width: 115.281px; height: 75px;\">4+1<\/td>\n<td style=\"width: 137.453px; height: 75px;\"><span style=\"color: #99cc00;\">249\u20ac<\/span><\/td>\n<\/tr>\n<tr style=\"height: 79px;\">\n<td style=\"width: 82.2656px; height: 75px;\">VI<\/td>\n<td style=\"width: 115.281px; height: 75px;\">4+0<\/td>\n<td style=\"width: 137.453px; height: 75px;\"><span style=\"color: #99cc00;\">111\u20ac<\/span><\/td>\n<\/tr>\n<tr style=\"height: 79px;\">\n<td style=\"width: 82.2656px; height: 75px;\">VII<\/td>\n<td style=\"width: 115.281px; height: 75px;\">3+2<\/td>\n<td style=\"width: 137.453px; height: 75px;\"><span style=\"color: #99cc00;\">61\u20ac<\/span><\/td>\n<\/tr>\n<tr style=\"height: 79px;\">\n<td style=\"width: 82.2656px; height: 75px;\">VIII<\/td>\n<td style=\"width: 115.281px; height: 75px;\">2+2<\/td>\n<td style=\"width: 137.453px; height: 75px;\"><span style=\"color: #99cc00;\">22\u20ac<\/span><\/td>\n<\/tr>\n<tr style=\"height: 79px;\">\n<td style=\"width: 82.2656px; height: 75px;\">IX<\/td>\n<td style=\"width: 115.281px; height: 75px;\">3+1<\/td>\n<td style=\"width: 137.453px; height: 75px;\"><span style=\"color: #99cc00;\">18\u20ac<\/span><\/td>\n<\/tr>\n<tr style=\"height: 79px;\">\n<td style=\"width: 82.2656px; height: 75px;\">X<\/td>\n<td style=\"width: 115.281px; height: 75px;\">3+0<\/td>\n<td style=\"width: 137.453px; height: 75px;\"><span style=\"color: #99cc00;\">15\u20ac<\/span><\/td>\n<\/tr>\n<tr style=\"height: 79px;\">\n<td style=\"width: 82.2656px; height: 75px;\">XI<\/td>\n<td style=\"width: 115.281px; height: 75px;\">1+2<\/td>\n<td style=\"width: 137.453px; height: 75px;\"><span style=\"color: #99cc00;\">10\u20ac<\/span><\/td>\n<\/tr>\n<tr style=\"height: 79px;\">\n<td style=\"width: 82.2656px; height: 73px;\">XII<\/td>\n<td style=\"width: 115.281px; height: 73px;\">2+1<\/td>\n<td style=\"width: 137.453px; height: 73px;\"><span style=\"color: #99cc00;\">8\u20ac<\/span><\/td>\n<\/tr>\n<\/tbody>\n<\/table>\n<\/div>\n<p>&nbsp;<\/p>\n<p>&nbsp;<\/p>\n<p><span style=\"font-weight: 400;\">Sobre la cantidad total recaudada, se reserva un 12% para un fondo de refuerzo para garantizar el bote m\u00ednimo de <strong>10 millones de euros<\/strong>.<\/span><\/p>\n<h2><b>Botes de Eurojackpot<\/b><\/h2>\n<p><span style=\"font-weight: 400;\">El juego de loter\u00eda Eurojackpot establece un bote m\u00ednimo de 10 millones de euros para el pago de premios de primera categor\u00eda. <\/span><\/p>\n<p><span style=\"font-weight: 400;\">As\u00ed mismo el reglamento indica que el premio para primera categor\u00eda con botes acumulados, no puede sobrepasar los 120<strong>\u00a0millones de euros<\/strong>. Superado ese importe en un sorteo, la cantidad que sobrepasase se destinar\u00e1 a incrementar el premio a la segunda categor\u00eda de premios.<\/span><\/p>\n<p>A continuaci\u00f3n se detallan algunos de los<a href=\"https:\/\/lottohoy.com\/es\/botes\/\"> botes de loter\u00eda<\/a> de mayor cuant\u00eda entregados:<\/p>\n<ul>\n<li>viernes 6 de diciembre de 2024 120.000.000 \u20ac<\/li>\n<li>martes 4 de junio de 2024 120.000.000 \u20ac<\/li>\n<li>martes 23 de abril de 2024 120.000.000 \u20ac<\/li>\n<li>martes 16 de enero de 2024 120.000.000 \u20ac<\/li>\n<li>viernes 23 de junio de 2023 120.000.000 \u20ac<\/li>\n<li>martes 8 de noviembre de 2022 120.000.000 \u20ac<\/li>\n<li>viernes 22 de julio de 2022 120.000.000 \u20ac<\/li>\n<li>viernes 13 de agosto de 2021 90.000.000 \u20ac<\/li>\n<\/ul>\n<p><span style=\"font-weight: 400;\">Si en 12 sorteos consecutivos no hubiese acertante alguno de primera categor\u00eda, en el siguiente sorteo se repartir\u00eda de manera obligatoria el <strong>total del bote acumulado<\/strong> hasta esa fecha.<\/span><\/p>\n<p><span style=\"font-weight: 400;\">El primer <strong>bote de Eurojackpot<\/strong>, lo gan\u00f3 un ciudadano alem\u00e1n el 11 de Mayo de 2012, llev\u00e1ndose la bonita cantidad de <strong>19,2 millones de euros<\/strong>.<\/span><\/p>\n<p><span style=\"font-weight: 400;\">Y tambi\u00e9n los Jugadores de <\/span><b><i>Argentina, Brasil, Chile, Costa Rica, El Salvador, Honduras, Panam\u00e1, Paraguay, Per\u00fa, Uruguay, Venezuela<\/i><\/b><span style=\"font-weight: 400;\">\u2026 ya forman parte de la familia LottoHoy.com.<\/span><\/p>\n<p><span style=\"font-weight: 400;\">Nuestros servicios est\u00e1n a la disposici\u00f3n de los jugadores en Am\u00e9rica latina, para ofrecerles la posibilidad de participar en diversas loter\u00edas mundiales, y tambi\u00e9n la loter\u00eda de Eurojackpot. <\/span><\/p>\n<p><span style=\"font-weight: 400;\">Ahora se puedes realizar tu compras de boletos y jugar online en la loter\u00eda Eurojackpot, ser uno de los acertantes, y conseguir millones de euros con el premio gordo.<br \/>\n<\/span><\/p>\n","protected":false},"excerpt":{"rendered":"","protected":false},"author":2,"featured_media":0,"parent":184,"menu_order":4,"comment_status":"closed","ping_status":"closed","template":"eurojackpot.php","meta":{"_et_pb_use_builder":"","_et_pb_old_content":"","_et_gb_content_width":"","exclude_from_search":false,"footnotes":""},"class_list":["post-185","page","type-page","status-publish","hentry"],"yoast_head":"<!-- This site is optimized with the Yoast SEO plugin v23.7 - https:\/\/yoast.com\/wordpress\/plugins\/seo\/ -->\n<title>Juega a Eurojackpot Online \u2714 Loter\u00eda Online en LottoHoy<\/title>\n<meta name=\"description\" content=\"Ahora es posible jugar a Eurojackpot online. Consigue tu boleto de manera r\u00e1pida y segura. Juega a Eurojackpot en y gana grandes premios!\" \/>\n<meta name=\"robots\" content=\"index, follow, max-snippet:-1, max-image-preview:large, max-video-preview:-1\" \/>\n<link rel=\"canonical\" href=\"https:\/\/lottohoy.com\/es\/jugar\/eurojackpot\/\" \/>\n<meta property=\"og:locale\" content=\"es_ES\" \/>\n<meta property=\"og:type\" content=\"article\" \/>\n<meta property=\"og:title\" content=\"Juega a Eurojackpot Online \u2714 Loter\u00eda Online en LottoHoy\" \/>\n<meta property=\"og:description\" content=\"Ahora es posible jugar a Eurojackpot online. Consigue tu boleto de manera r\u00e1pida y segura. Juega a Eurojackpot en y gana grandes premios!\" \/>\n<meta property=\"og:url\" content=\"https:\/\/lottohoy.com\/es\/jugar\/eurojackpot\/\" \/>\n<meta property=\"og:site_name\" content=\"Lottohoy\" \/>\n<meta property=\"article:modified_time\" content=\"2025-02-09T11:41:54+00:00\" \/>\n<meta name=\"twitter:card\" content=\"summary_large_image\" \/>\n<meta name=\"twitter:label1\" content=\"Tiempo de lectura\" \/>\n\t<meta name=\"twitter:data1\" content=\"5 minutos\" \/>\n<script type=\"application\/ld+json\" class=\"yoast-schema-graph\">{\"@context\":\"https:\/\/schema.org\",\"@graph\":[{\"@type\":\"WebPage\",\"@id\":\"https:\/\/lottohoy.com\/es\/jugar\/eurojackpot\/\",\"url\":\"https:\/\/lottohoy.com\/es\/jugar\/eurojackpot\/\",\"name\":\"Juega a Eurojackpot Online \u2714 Loter\u00eda Online en LottoHoy\",\"isPartOf\":{\"@id\":\"https:\/\/lottohoy.com\/es\/#website\"},\"datePublished\":\"2018-05-03T13:23:25+00:00\",\"dateModified\":\"2025-02-09T11:41:54+00:00\",\"description\":\"Ahora es posible jugar a Eurojackpot online. Consigue tu boleto de manera r\u00e1pida y segura. Juega a Eurojackpot en y gana grandes premios!\",\"breadcrumb\":{\"@id\":\"https:\/\/lottohoy.com\/es\/jugar\/eurojackpot\/#breadcrumb\"},\"inLanguage\":\"es\",\"potentialAction\":[{\"@type\":\"ReadAction\",\"target\":[\"https:\/\/lottohoy.com\/es\/jugar\/eurojackpot\/\"]}]},{\"@type\":\"BreadcrumbList\",\"@id\":\"https:\/\/lottohoy.com\/es\/jugar\/eurojackpot\/#breadcrumb\",\"itemListElement\":[{\"@type\":\"ListItem\",\"position\":1,\"name\":\"Home\",\"item\":\"https:\/\/lottohoy.com\/es\/\"},{\"@type\":\"ListItem\",\"position\":2,\"name\":\"Comprar loter\u00eda online\",\"item\":\"https:\/\/lottohoy.com\/es\/jugar\/\"},{\"@type\":\"ListItem\",\"position\":3,\"name\":\"Jugar Eurojackpot\"}]},{\"@type\":\"WebSite\",\"@id\":\"https:\/\/lottohoy.com\/es\/#website\",\"url\":\"https:\/\/lottohoy.com\/es\/\",\"name\":\"Lottohoy\",\"description\":\"\",\"potentialAction\":[{\"@type\":\"SearchAction\",\"target\":{\"@type\":\"EntryPoint\",\"urlTemplate\":\"https:\/\/lottohoy.com\/es\/?s={search_term_string}\"},\"query-input\":{\"@type\":\"PropertyValueSpecification\",\"valueRequired\":true,\"valueName\":\"search_term_string\"}}],\"inLanguage\":\"es\"}]}<\/script>\n<!-- \/ Yoast SEO plugin. -->","yoast_head_json":{"title":"Juega a Eurojackpot Online \u2714 Loter\u00eda Online en LottoHoy","description":"Ahora es posible jugar a Eurojackpot online. Consigue tu boleto de manera r\u00e1pida y segura. Juega a Eurojackpot en y gana grandes premios!","robots":{"index":"index","follow":"follow","max-snippet":"max-snippet:-1","max-image-preview":"max-image-preview:large","max-video-preview":"max-video-preview:-1"},"canonical":"https:\/\/lottohoy.com\/es\/jugar\/eurojackpot\/","og_locale":"es_ES","og_type":"article","og_title":"Juega a Eurojackpot Online \u2714 Loter\u00eda Online en LottoHoy","og_description":"Ahora es posible jugar a Eurojackpot online. Consigue tu boleto de manera r\u00e1pida y segura. Juega a Eurojackpot en y gana grandes premios!","og_url":"https:\/\/lottohoy.com\/es\/jugar\/eurojackpot\/","og_site_name":"Lottohoy","article_modified_time":"2025-02-09T11:41:54+00:00","twitter_card":"summary_large_image","twitter_misc":{"Tiempo de lectura":"5 minutos"},"schema":{"@context":"https:\/\/schema.org","@graph":[{"@type":"WebPage","@id":"https:\/\/lottohoy.com\/es\/jugar\/eurojackpot\/","url":"https:\/\/lottohoy.com\/es\/jugar\/eurojackpot\/","name":"Juega a Eurojackpot Online \u2714 Loter\u00eda Online en LottoHoy","isPartOf":{"@id":"https:\/\/lottohoy.com\/es\/#website"},"datePublished":"2018-05-03T13:23:25+00:00","dateModified":"2025-02-09T11:41:54+00:00","description":"Ahora es posible jugar a Eurojackpot online. Consigue tu boleto de manera r\u00e1pida y segura. Juega a Eurojackpot en y gana grandes premios!","breadcrumb":{"@id":"https:\/\/lottohoy.com\/es\/jugar\/eurojackpot\/#breadcrumb"},"inLanguage":"es","potentialAction":[{"@type":"ReadAction","target":["https:\/\/lottohoy.com\/es\/jugar\/eurojackpot\/"]}]},{"@type":"BreadcrumbList","@id":"https:\/\/lottohoy.com\/es\/jugar\/eurojackpot\/#breadcrumb","itemListElement":[{"@type":"ListItem","position":1,"name":"Home","item":"https:\/\/lottohoy.com\/es\/"},{"@type":"ListItem","position":2,"name":"Comprar loter\u00eda online","item":"https:\/\/lottohoy.com\/es\/jugar\/"},{"@type":"ListItem","position":3,"name":"Jugar Eurojackpot"}]},{"@type":"WebSite","@id":"https:\/\/lottohoy.com\/es\/#website","url":"https:\/\/lottohoy.com\/es\/","name":"Lottohoy","description":"","potentialAction":[{"@type":"SearchAction","target":{"@type":"EntryPoint","urlTemplate":"https:\/\/lottohoy.com\/es\/?s={search_term_string}"},"query-input":{"@type":"PropertyValueSpecification","valueRequired":true,"valueName":"search_term_string"}}],"inLanguage":"es"}]}},"_links":{"self":[{"href":"https:\/\/lottohoy.com\/es\/wp-json\/wp\/v2\/pages\/185","targetHints":{"allow":["GET"]}}],"collection":[{"href":"https:\/\/lottohoy.com\/es\/wp-json\/wp\/v2\/pages"}],"about":[{"href":"https:\/\/lottohoy.com\/es\/wp-json\/wp\/v2\/types\/page"}],"author":[{"embeddable":true,"href":"https:\/\/lottohoy.com\/es\/wp-json\/wp\/v2\/users\/2"}],"replies":[{"embeddable":true,"href":"https:\/\/lottohoy.com\/es\/wp-json\/wp\/v2\/comments?post=185"}],"version-history":[{"count":6,"href":"https:\/\/lottohoy.com\/es\/wp-json\/wp\/v2\/pages\/185\/revisions"}],"predecessor-version":[{"id":14513,"href":"https:\/\/lottohoy.com\/es\/wp-json\/wp\/v2\/pages\/185\/revisions\/14513"}],"up":[{"embeddable":true,"href":"https:\/\/lottohoy.com\/es\/wp-json\/wp\/v2\/pages\/184"}],"wp:attachment":[{"href":"https:\/\/lottohoy.com\/es\/wp-json\/wp\/v2\/media?parent=185"}],"curies":[{"name":"wp","href":"https:\/\/api.w.org\/{rel}","templated":true}]}}