{"id":184,"date":"2018-05-03T14:23:25","date_gmt":"2018-05-03T13:23:25","guid":{"rendered":"https:\/\/www.lottohoy.com\/jugar\/"},"modified":"2025-03-25T07:07:58","modified_gmt":"2025-03-25T07:07:58","slug":"jugar","status":"publish","type":"page","link":"https:\/\/lottohoy.com\/es\/jugar\/","title":{"rendered":"Comprar loter\u00eda online"},"content":{"rendered":"<p><span style=\"font-weight: 400;\">Comprar loter\u00eda online con LottoHoy es m\u00e1s simple, r\u00e1pido y c\u00f3modo que hacerlo en adinistraciones de loter\u00eda:<\/span><span style=\"font-weight: 400;\"><br \/>\n<\/span><\/p>\n<p><b>Es simple<\/b><span style=\"font-weight: 400;\"> porque se puede realizar la compra desde cualquier punto del mundo, siempre que se disponga de una conexi\u00f3n a internet, y a trav\u00e9s de cualquier medio: m\u00f3vil\/celular, Tablet u ordenador.<\/span><\/p>\n<p><b>Es r\u00e1pido<\/b><span style=\"font-weight: 400;\">. en tan solo unos segundos se puede determinar la loter\u00eda a la que se quiere jugar de entre la amplia variedad de juegos que ofrecemos.<br \/>\n<\/span><\/p>\n<p><span style=\"font-weight: 400;\">Se elige la combinaci\u00f3n de n\u00fameros que configuran la apuesta, y se efect\u00faa el pago eligiendo el m\u00e9todo que mejor convenga y \u2026 \u00a1Ya est\u00e1!<br \/>\n<\/span><\/p>\n<p><b>Es seguro<\/b><span style=\"font-weight: 400;\">, porque una vez realizada la compra, esta queda reflejada en la cuenta de usuario de una forma segura, hasta que se realiza el sorteo y se recibe confirmaci\u00f3n v\u00eda electr\u00f3nica. <a href=\"https:\/\/lottohoy.com\/es\/registro-abrir-tu-cuenta-de-jugador\/\">Abre tu cuenta<\/a> hoy mismo y comienza a jugar con nosotros!<\/span><\/p>\n<p>Pronto, esperamos incorporar tambien la Loter\u00eda de Navidad, ese sorteo tabn especial que se celebra cada a\u00f1os el d\u00eda 22 de diciembre y que los n\u00fameros y premios son cantador presencialmente por los ni\u00f1os de San Ildefonso. Ese dia todos a la espectativa del \u00abGordo\u00bb de Navidad, y con la ilusi\u00f3n tambien del otro sorteo extraordinario, el sorteo de la loter\u00eda del ni\u00f1o, tambi\u00e9n conocido como el sorteo de Reyes\u00bb<\/p>\n<h2><b>C\u00f3mo comprar loter\u00eda online<\/b><\/h2>\n<p><span style=\"font-weight: 400;\">Al entrar en nuestra plataforma de juego, dispones de una <strong>variada selecci\u00f3n de loter\u00edas<\/strong>. Puedes entrar en aquella o aquellas en las que quieras participar y realizar tus apuestas, encontrar\u00e1s amplia informaci\u00f3n que te ayudar\u00e1 a determinar los pron\u00f3sticos sobre la apuesta que se desees realizar, y las caracter\u00edsticas y reglamento de juego.<\/span><\/p>\n<p><span style=\"font-weight: 400;\">Se puede escoger la combinaci\u00f3n de n\u00fameros y bolas de <strong>manera manual<\/strong> marcando sobre las casillas correspondientes en cada columna aquellos n\u00fameros que cada uno crea ser\u00e1n los ganadores y tu n\u00famero favorito. O Tambi\u00e9n se puede dejar que sea el propio sistema el que escoja la combinaci\u00f3n de n\u00fameros y bolas de <strong>manera aleatoria<\/strong>.<\/span><\/p>\n<p><span style=\"font-weight: 400;\">Una vez definida la jugada, se confirma procediendo al pago de la misma, (<\/span><i><span style=\"font-weight: 400;\">esta operaci\u00f3n se puede realizar para tantas loter\u00edas como se quiera participar<\/span><\/i><span style=\"font-weight: 400;\">), y se elige la forma de pago que se ponen a t\u00fa disposici\u00f3n.<\/span><\/p>\n<h2><b>C\u00f3mo cobrar loter\u00eda online<\/b><\/h2>\n<p><span style=\"font-weight: 400;\">Todos los <strong>premios de loter\u00eda<\/strong> repartidos y ganados en los diferentes sorteos se ingresan inmediatamente en la cuenta del usuario, para que est\u00e9 disponible y a su disposici\u00f3n.<\/span><\/p>\n<p><span style=\"font-weight: 400;\">Cuando la cantidad de tus premios pueda ser de mayor cuant\u00eda, se te asesora sobre las mejores soluciones para poder acceder a esos premios.<\/span><\/p>\n<p><span style=\"font-weight: 400;\">Cada loter\u00eda se rige por la <a href=\"https:\/\/lottohoy.com\/es\/ipuestos-loterias-en-espana\/\">Ley fiscal<\/a> del pa\u00eds donde se organiza, ya que pueden existir costos fiscales y de otra \u00edndole que puede incidir sobre las cantidades premiadas.<\/span><\/p>\n<h2><b>Ventajas de jugar loter\u00eda online<\/b><\/h2>\n<ul>\n<li style=\"list-style-type: none;\">\n<ul>\n<li style=\"font-weight: 400;\"><span style=\"font-weight: 400;\">El <strong>ahorro de tiempo<\/strong> es quiz\u00e1s la mayor de las ventajas que ofrece jugar la loter\u00eda por internet . No hay forma m\u00e1s r\u00e1pida de jugar, que jugar online.<br \/>\n<\/span><\/li>\n<\/ul>\n<\/li>\n<\/ul>\n<ul>\n<li style=\"list-style-type: none;\">\n<ul>\n<li style=\"font-weight: 400;\"><span style=\"font-weight: 400;\">A trav\u00e9s de LottoHoy, se puede <strong>comprar loter\u00eda en cualquier momento<\/strong>, las 24 horas los 7 d\u00edas de la semana y los 365 d\u00edas del a\u00f1o, sin vacaciones, sin horarios de establecimientos f\u00edsicos.<\/span><\/li>\n<\/ul>\n<\/li>\n<\/ul>\n<ul>\n<li style=\"list-style-type: none;\">\n<ul>\n<li style=\"font-weight: 400;\"><span style=\"font-weight: 400;\"><strong>Sin desplazamientos<\/strong> hasta el punto f\u00edsico de venta, sin colas y sin horarios.<\/span><\/li>\n<\/ul>\n<\/li>\n<\/ul>\n<ul>\n<li style=\"list-style-type: none;\">\n<ul>\n<li style=\"font-weight: 400;\"><span style=\"font-weight: 400;\">La disponibilidad de tener al alcance de unos pocos clics, una <strong>ampl\u00edsima variedad de loter\u00edas<\/strong> de todo el mundo. Aquellas loter\u00edas que ofrecen la posibilidad de\u00a0 que toque un premio, y con los mejores <a href=\"https:\/\/lottohoy.com\/es\/botes\/\">botes de loter\u00edas.<\/a><\/span><\/li>\n<\/ul>\n<\/li>\n<\/ul>\n<ul>\n<li style=\"list-style-type: none;\">\n<ul>\n<li style=\"font-weight: 400;\"><span style=\"font-weight: 400;\">Poder comprar y jugar a todos los botes de la semana,\u00a0<strong> desde cualquier lugar<\/strong> en cualquier momento, en casa, en el trabajo, esperando el autob\u00fas o en cualquier circunstancia de la vida diaria. Simplemente disponiendo de una conexi\u00f3n a internet y desde cualquier tipo de dispositivo: versi\u00f3n m\u00f3vil, Tablet u ordenador portatil o de sobremesa.<br \/>\n<\/span><\/li>\n<\/ul>\n<\/li>\n<\/ul>\n<ul>\n<li style=\"list-style-type: none;\">\n<ul>\n<li style=\"font-weight: 400;\"><span style=\"font-weight: 400;\">Sin olvidar la <strong>seguridad<\/strong> que representa no perder la oportunidad de acceder a algunos premios de la loter\u00eda, y quizas ganar millones de euros,\u00a0 porque se hubiese extraviado el boleto, o simplemente porque no se consult\u00f3 el <a href=\"https:\/\/lottohoy.com\/es\/resultados\/\">resultado del sorteo<\/a>, pudiendo vencer el plazo para reclamarlo.<\/span><\/li>\n<\/ul>\n<\/li>\n<\/ul>\n<ul>\n<li style=\"list-style-type: none;\">\n<ul>\n<li style=\"font-weight: 400;\"><span style=\"font-weight: 400;\">Desde el mismo momento de la compra, queda reflejado en la <strong>cuenta de usuario<\/strong> dicha compra y el pron\u00f3stico realizado.<\/span><\/li>\n<li style=\"font-weight: 400;\">En caso de premio se <strong>ingresa inmediatamente<\/strong> el importe ganado en el balance del usuario.<\/li>\n<\/ul>\n<\/li>\n<\/ul>\n","protected":false},"excerpt":{"rendered":"<p>Comprar loter\u00eda online con LottoHoy es m\u00e1s simple, r\u00e1pido y c\u00f3modo que hacerlo en adinistraciones de loter\u00eda: Es simple porque se puede realizar la compra desde cualquier punto del mundo, siempre que se disponga de una conexi\u00f3n a internet, y a trav\u00e9s de cualquier medio: m\u00f3vil\/celular, Tablet u ordenador. Es r\u00e1pido. en tan solo unos [&hellip;]<\/p>\n","protected":false},"author":2,"featured_media":0,"parent":0,"menu_order":2,"comment_status":"closed","ping_status":"closed","template":"Play-all.php","meta":{"_et_pb_use_builder":"","_et_pb_old_content":"","_et_gb_content_width":"","exclude_from_search":false,"footnotes":""},"class_list":["post-184","page","type-page","status-publish","hentry"],"yoast_head":"<!-- This site is optimized with the Yoast SEO plugin v23.7 - https:\/\/yoast.com\/wordpress\/plugins\/seo\/ -->\n<title>Comprar loter\u00eda online - Juega Todas las Loter\u00edas del Mundo<\/title>\n<meta name=\"description\" content=\"En LottoHoy ofrecemos una gran selecci\u00f3n para jugar loter\u00edas del mundo online. Escoge tu preferida, juega y compra tu ticket 100% seguro\" \/>\n<meta name=\"robots\" content=\"index, follow, max-snippet:-1, max-image-preview:large, max-video-preview:-1\" \/>\n<link rel=\"canonical\" href=\"https:\/\/lottohoy.com\/es\/jugar\/\" \/>\n<meta property=\"og:locale\" content=\"es_ES\" \/>\n<meta property=\"og:type\" content=\"article\" \/>\n<meta property=\"og:title\" content=\"Comprar loter\u00eda online - Juega Todas las Loter\u00edas del Mundo\" \/>\n<meta property=\"og:description\" content=\"En LottoHoy ofrecemos una gran selecci\u00f3n para jugar loter\u00edas del mundo online. Escoge tu preferida, juega y compra tu ticket 100% seguro\" \/>\n<meta property=\"og:url\" content=\"https:\/\/lottohoy.com\/es\/jugar\/\" \/>\n<meta property=\"og:site_name\" content=\"Lottohoy\" \/>\n<meta property=\"article:modified_time\" content=\"2025-03-25T07:07:58+00:00\" \/>\n<meta name=\"twitter:card\" content=\"summary_large_image\" \/>\n<meta name=\"twitter:label1\" content=\"Tiempo de lectura\" \/>\n\t<meta name=\"twitter:data1\" content=\"4 minutos\" \/>\n<script type=\"application\/ld+json\" class=\"yoast-schema-graph\">{\"@context\":\"https:\/\/schema.org\",\"@graph\":[{\"@type\":\"WebPage\",\"@id\":\"https:\/\/lottohoy.com\/es\/jugar\/\",\"url\":\"https:\/\/lottohoy.com\/es\/jugar\/\",\"name\":\"Comprar loter\u00eda online - Juega Todas las Loter\u00edas del Mundo\",\"isPartOf\":{\"@id\":\"https:\/\/lottohoy.com\/es\/#website\"},\"datePublished\":\"2018-05-03T13:23:25+00:00\",\"dateModified\":\"2025-03-25T07:07:58+00:00\",\"description\":\"En LottoHoy ofrecemos una gran selecci\u00f3n para jugar loter\u00edas del mundo online. Escoge tu preferida, juega y compra tu ticket 100% seguro\",\"breadcrumb\":{\"@id\":\"https:\/\/lottohoy.com\/es\/jugar\/#breadcrumb\"},\"inLanguage\":\"es\",\"potentialAction\":[{\"@type\":\"ReadAction\",\"target\":[\"https:\/\/lottohoy.com\/es\/jugar\/\"]}]},{\"@type\":\"BreadcrumbList\",\"@id\":\"https:\/\/lottohoy.com\/es\/jugar\/#breadcrumb\",\"itemListElement\":[{\"@type\":\"ListItem\",\"position\":1,\"name\":\"Home\",\"item\":\"https:\/\/lottohoy.com\/es\/\"},{\"@type\":\"ListItem\",\"position\":2,\"name\":\"Comprar loter\u00eda online\"}]},{\"@type\":\"WebSite\",\"@id\":\"https:\/\/lottohoy.com\/es\/#website\",\"url\":\"https:\/\/lottohoy.com\/es\/\",\"name\":\"Lottohoy\",\"description\":\"\",\"potentialAction\":[{\"@type\":\"SearchAction\",\"target\":{\"@type\":\"EntryPoint\",\"urlTemplate\":\"https:\/\/lottohoy.com\/es\/?s={search_term_string}\"},\"query-input\":{\"@type\":\"PropertyValueSpecification\",\"valueRequired\":true,\"valueName\":\"search_term_string\"}}],\"inLanguage\":\"es\"}]}<\/script>\n<!-- \/ Yoast SEO plugin. -->","yoast_head_json":{"title":"Comprar loter\u00eda online - Juega Todas las Loter\u00edas del Mundo","description":"En LottoHoy ofrecemos una gran selecci\u00f3n para jugar loter\u00edas del mundo online. Escoge tu preferida, juega y compra tu ticket 100% seguro","robots":{"index":"index","follow":"follow","max-snippet":"max-snippet:-1","max-image-preview":"max-image-preview:large","max-video-preview":"max-video-preview:-1"},"canonical":"https:\/\/lottohoy.com\/es\/jugar\/","og_locale":"es_ES","og_type":"article","og_title":"Comprar loter\u00eda online - Juega Todas las Loter\u00edas del Mundo","og_description":"En LottoHoy ofrecemos una gran selecci\u00f3n para jugar loter\u00edas del mundo online. Escoge tu preferida, juega y compra tu ticket 100% seguro","og_url":"https:\/\/lottohoy.com\/es\/jugar\/","og_site_name":"Lottohoy","article_modified_time":"2025-03-25T07:07:58+00:00","twitter_card":"summary_large_image","twitter_misc":{"Tiempo de lectura":"4 minutos"},"schema":{"@context":"https:\/\/schema.org","@graph":[{"@type":"WebPage","@id":"https:\/\/lottohoy.com\/es\/jugar\/","url":"https:\/\/lottohoy.com\/es\/jugar\/","name":"Comprar loter\u00eda online - Juega Todas las Loter\u00edas del Mundo","isPartOf":{"@id":"https:\/\/lottohoy.com\/es\/#website"},"datePublished":"2018-05-03T13:23:25+00:00","dateModified":"2025-03-25T07:07:58+00:00","description":"En LottoHoy ofrecemos una gran selecci\u00f3n para jugar loter\u00edas del mundo online. Escoge tu preferida, juega y compra tu ticket 100% seguro","breadcrumb":{"@id":"https:\/\/lottohoy.com\/es\/jugar\/#breadcrumb"},"inLanguage":"es","potentialAction":[{"@type":"ReadAction","target":["https:\/\/lottohoy.com\/es\/jugar\/"]}]},{"@type":"BreadcrumbList","@id":"https:\/\/lottohoy.com\/es\/jugar\/#breadcrumb","itemListElement":[{"@type":"ListItem","position":1,"name":"Home","item":"https:\/\/lottohoy.com\/es\/"},{"@type":"ListItem","position":2,"name":"Comprar loter\u00eda online"}]},{"@type":"WebSite","@id":"https:\/\/lottohoy.com\/es\/#website","url":"https:\/\/lottohoy.com\/es\/","name":"Lottohoy","description":"","potentialAction":[{"@type":"SearchAction","target":{"@type":"EntryPoint","urlTemplate":"https:\/\/lottohoy.com\/es\/?s={search_term_string}"},"query-input":{"@type":"PropertyValueSpecification","valueRequired":true,"valueName":"search_term_string"}}],"inLanguage":"es"}]}},"_links":{"self":[{"href":"https:\/\/lottohoy.com\/es\/wp-json\/wp\/v2\/pages\/184","targetHints":{"allow":["GET"]}}],"collection":[{"href":"https:\/\/lottohoy.com\/es\/wp-json\/wp\/v2\/pages"}],"about":[{"href":"https:\/\/lottohoy.com\/es\/wp-json\/wp\/v2\/types\/page"}],"author":[{"embeddable":true,"href":"https:\/\/lottohoy.com\/es\/wp-json\/wp\/v2\/users\/2"}],"replies":[{"embeddable":true,"href":"https:\/\/lottohoy.com\/es\/wp-json\/wp\/v2\/comments?post=184"}],"version-history":[{"count":2,"href":"https:\/\/lottohoy.com\/es\/wp-json\/wp\/v2\/pages\/184\/revisions"}],"predecessor-version":[{"id":16593,"href":"https:\/\/lottohoy.com\/es\/wp-json\/wp\/v2\/pages\/184\/revisions\/16593"}],"wp:attachment":[{"href":"https:\/\/lottohoy.com\/es\/wp-json\/wp\/v2\/media?parent=184"}],"curies":[{"name":"wp","href":"https:\/\/api.w.org\/{rel}","templated":true}]}}