{"id":181,"date":"2018-05-03T14:23:39","date_gmt":"2018-05-03T13:23:39","guid":{"rendered":"https:\/\/www.lottohoy.com\/resultados\/powerball\/"},"modified":"2025-03-25T15:37:15","modified_gmt":"2025-03-25T15:37:15","slug":"powerball","status":"publish","type":"page","link":"https:\/\/lottohoy.com\/es\/resultados\/powerball\/","title":{"rendered":"Resultados del Powerball"},"content":{"rendered":"<h2><b>N\u00fameros ganadores del PowerBall<\/b><\/h2>\n<p>En la tabla anterior puedes consultar los n\u00fameros agraciados en el \u00faltimo <strong>sorteo de Powerball<\/strong>, as\u00ed como tambi\u00e9n los premios en repartidos en cada una de sus categor\u00edas y el n\u00famero de ganadores de powerball. Esta tabla se actualiza autom\u00e1ticamente despu\u00e9s de cada sorteo, as\u00ed que puedes consultarla siempre que lo necesites para estar al d\u00eda de los \u00faltimos resultados y poder <a href=\"https:\/\/lottohoy.com\/es\/jugar\/powerball\/\">jugar Powerball<\/a> si has ganado alg\u00fan premio. <!--more--><\/p>\n<h2><b>Anteriores sorteos de la loter\u00eda Powerball<\/b><\/h2>\n<p><span style=\"font-weight: 400;\">En esta p\u00e1gina de <strong>resultados de Powerball<\/strong>, podemos ver los resultados de los sorteos de esta loter\u00eda de estados unidos. <\/span> <span style=\"font-weight: 400;\">En primer plano la \u00faltima combinaci\u00f3n ganadora y el reparto de premios por las nueve categor\u00edas. <\/span> <span style=\"font-weight: 400;\">As\u00ed mismo, podemos ver en la parte superior derecha tres recuadros en color gris, con unas flechas de direcci\u00f3n que permiten ver los <strong>resultados de anteriores sorteos.<\/strong><\/span> <span style=\"font-weight: 400;\">Utilizando esta funcionalidad de calendario podemos ver el resultado inmediatamente anterior haciendo click en la flecha de la izquierda. <\/span> <span style=\"font-weight: 400;\">Si por el contrario prefieres seleccionar la fecha concreta del sorteo puedes hacer click e<\/span><span style=\"font-weight: 400;\">n el recuadro central, lo que permite abrir un desplegable con los sorteos de los \u00faltimos 20 meses.<\/span><\/p>\n<h3>N\u00fameros m\u00e1s y menos frecuentes en Powerball<\/h3>\n<p><span style=\"font-weight: 400;\">Los n\u00fameros que en m\u00e1s ocasiones han salido en combinaci\u00f3n ganadora han sido: <strong>8, 26, 22, 23, y 36<\/strong> para las bolas blancas del primer cuadro de 69. Y las <strong>9, 6, 21, 24 y 19<\/strong> de las bolas rojas en el cuadro inferior de 26 n\u00fameros.<\/span> <span style=\"font-weight: 400;\">Por el contrario los n\u00fameros que han aparecido en menos ocasiones han sido: <strong>15, 51, 37, 47, 12, 4 y 24<\/strong> de las bolas blancas en el primer cuadro de 69. Y el 1<strong>4, 23, 1, 2 y 16<\/strong> de las bolas rojas de Powerball en el cuadro inferior de 26.<\/span><\/p>\n<h2><b>Grandes botes de Powerball<\/b><\/h2>\n<p><span style=\"font-weight: 400;\"><strong>Powerball<\/strong> es quiz\u00e1s la loter\u00eda que da la oportunidad \u00a0de ganar los <a href=\"https:\/\/lottohoy.com\/es\/botes\/\">premios de loter\u00eda m\u00e1s grandes del mundo<\/a> ya que p<\/span><span style=\"font-weight: 400;\">arte siempre de un bote m\u00ednimo inicial de <strong>$40.000.000<\/strong> (un jackpot muy superior al de otras loter\u00edas) que se va incrementando en caso de no tener acertante alguno. <\/span> <span style=\"font-weight: 400;\">Y lo que es mejor, se va acumulando sin l\u00edmite de cantidad, para que un afortunado ganador se convierte en multi-millonario. <\/span> <span style=\"font-weight: 400;\">El <a href=\"https:\/\/lottohoy.com\/es\/el-bote-mas-grande-de-la-historia-de-powerball\/\">mayor premio de Powerball<\/a> registrado hasta la fecha en el sorteo de powerball, ha sido de algo m\u00e1s de <del><strong>1.500 millones de d\u00f3lares<\/strong>, que se reparti\u00f3 entre tres \u00fanicos ganadores<\/del>. <\/span>En noviembre de 2022 supero esa cifra; dejando record hasta hasta fecha actual en $2.040 M<\/p>\n","protected":false},"excerpt":{"rendered":"<p>N\u00fameros ganadores del PowerBall En la tabla anterior puedes consultar los n\u00fameros agraciados en el \u00faltimo sorteo de Powerball, as\u00ed como tambi\u00e9n los premios en repartidos en cada una de sus categor\u00edas y el n\u00famero de ganadores de powerball. Esta tabla se actualiza autom\u00e1ticamente despu\u00e9s de cada sorteo, as\u00ed que puedes consultarla siempre que lo [&hellip;]<\/p>\n","protected":false},"author":2,"featured_media":0,"parent":174,"menu_order":1,"comment_status":"closed","ping_status":"closed","template":"powerball-usa-results.php","meta":{"_et_pb_use_builder":"","_et_pb_old_content":"","_et_gb_content_width":"","exclude_from_search":false,"footnotes":""},"class_list":["post-181","page","type-page","status-publish","hentry"],"yoast_head":"<!-- This site is optimized with the Yoast SEO plugin v23.7 - https:\/\/yoast.com\/wordpress\/plugins\/seo\/ -->\n<title>Resultados del Powerball | Resultados Powerball de Hoy<\/title>\n<meta name=\"description\" content=\"\u00daltimos resultados de Powerball. Comprueba tu boleto ya. Todos los n\u00fameros agraciados en los \u00faltimos sorteos de Powerball, as\u00ed como premios.\" \/>\n<meta name=\"robots\" content=\"index, follow, max-snippet:-1, max-image-preview:large, max-video-preview:-1\" \/>\n<link rel=\"canonical\" href=\"https:\/\/lottohoy.com\/es\/resultados\/powerball\/\" \/>\n<meta property=\"og:locale\" content=\"es_ES\" \/>\n<meta property=\"og:type\" content=\"article\" \/>\n<meta property=\"og:title\" content=\"Resultados del Powerball | Resultados Powerball de Hoy\" \/>\n<meta property=\"og:description\" content=\"\u00daltimos resultados de Powerball. Comprueba tu boleto ya. Todos los n\u00fameros agraciados en los \u00faltimos sorteos de Powerball, as\u00ed como premios.\" \/>\n<meta property=\"og:url\" content=\"https:\/\/lottohoy.com\/es\/resultados\/powerball\/\" \/>\n<meta property=\"og:site_name\" content=\"Lottohoy\" \/>\n<meta property=\"article:modified_time\" content=\"2025-03-25T15:37:15+00:00\" \/>\n<meta name=\"twitter:card\" content=\"summary_large_image\" \/>\n<meta name=\"twitter:label1\" content=\"Tiempo de lectura\" \/>\n\t<meta name=\"twitter:data1\" content=\"2 minutos\" \/>\n<script type=\"application\/ld+json\" class=\"yoast-schema-graph\">{\"@context\":\"https:\/\/schema.org\",\"@graph\":[{\"@type\":\"WebPage\",\"@id\":\"https:\/\/lottohoy.com\/es\/resultados\/powerball\/\",\"url\":\"https:\/\/lottohoy.com\/es\/resultados\/powerball\/\",\"name\":\"Resultados del Powerball | Resultados Powerball de Hoy\",\"isPartOf\":{\"@id\":\"https:\/\/lottohoy.com\/es\/#website\"},\"datePublished\":\"2018-05-03T13:23:39+00:00\",\"dateModified\":\"2025-03-25T15:37:15+00:00\",\"description\":\"\u00daltimos resultados de Powerball. Comprueba tu boleto ya. Todos los n\u00fameros agraciados en los \u00faltimos sorteos de Powerball, as\u00ed como premios.\",\"breadcrumb\":{\"@id\":\"https:\/\/lottohoy.com\/es\/resultados\/powerball\/#breadcrumb\"},\"inLanguage\":\"es\",\"potentialAction\":[{\"@type\":\"ReadAction\",\"target\":[\"https:\/\/lottohoy.com\/es\/resultados\/powerball\/\"]}]},{\"@type\":\"BreadcrumbList\",\"@id\":\"https:\/\/lottohoy.com\/es\/resultados\/powerball\/#breadcrumb\",\"itemListElement\":[{\"@type\":\"ListItem\",\"position\":1,\"name\":\"Home\",\"item\":\"https:\/\/lottohoy.com\/es\/\"},{\"@type\":\"ListItem\",\"position\":2,\"name\":\"Resultados de loter\u00eda\",\"item\":\"https:\/\/lottohoy.com\/es\/resultados\/\"},{\"@type\":\"ListItem\",\"position\":3,\"name\":\"Resultados del Powerball\"}]},{\"@type\":\"WebSite\",\"@id\":\"https:\/\/lottohoy.com\/es\/#website\",\"url\":\"https:\/\/lottohoy.com\/es\/\",\"name\":\"Lottohoy\",\"description\":\"\",\"potentialAction\":[{\"@type\":\"SearchAction\",\"target\":{\"@type\":\"EntryPoint\",\"urlTemplate\":\"https:\/\/lottohoy.com\/es\/?s={search_term_string}\"},\"query-input\":{\"@type\":\"PropertyValueSpecification\",\"valueRequired\":true,\"valueName\":\"search_term_string\"}}],\"inLanguage\":\"es\"}]}<\/script>\n<!-- \/ Yoast SEO plugin. -->","yoast_head_json":{"title":"Resultados del Powerball | Resultados Powerball de Hoy","description":"\u00daltimos resultados de Powerball. Comprueba tu boleto ya. Todos los n\u00fameros agraciados en los \u00faltimos sorteos de Powerball, as\u00ed como premios.","robots":{"index":"index","follow":"follow","max-snippet":"max-snippet:-1","max-image-preview":"max-image-preview:large","max-video-preview":"max-video-preview:-1"},"canonical":"https:\/\/lottohoy.com\/es\/resultados\/powerball\/","og_locale":"es_ES","og_type":"article","og_title":"Resultados del Powerball | Resultados Powerball de Hoy","og_description":"\u00daltimos resultados de Powerball. Comprueba tu boleto ya. Todos los n\u00fameros agraciados en los \u00faltimos sorteos de Powerball, as\u00ed como premios.","og_url":"https:\/\/lottohoy.com\/es\/resultados\/powerball\/","og_site_name":"Lottohoy","article_modified_time":"2025-03-25T15:37:15+00:00","twitter_card":"summary_large_image","twitter_misc":{"Tiempo de lectura":"2 minutos"},"schema":{"@context":"https:\/\/schema.org","@graph":[{"@type":"WebPage","@id":"https:\/\/lottohoy.com\/es\/resultados\/powerball\/","url":"https:\/\/lottohoy.com\/es\/resultados\/powerball\/","name":"Resultados del Powerball | Resultados Powerball de Hoy","isPartOf":{"@id":"https:\/\/lottohoy.com\/es\/#website"},"datePublished":"2018-05-03T13:23:39+00:00","dateModified":"2025-03-25T15:37:15+00:00","description":"\u00daltimos resultados de Powerball. Comprueba tu boleto ya. Todos los n\u00fameros agraciados en los \u00faltimos sorteos de Powerball, as\u00ed como premios.","breadcrumb":{"@id":"https:\/\/lottohoy.com\/es\/resultados\/powerball\/#breadcrumb"},"inLanguage":"es","potentialAction":[{"@type":"ReadAction","target":["https:\/\/lottohoy.com\/es\/resultados\/powerball\/"]}]},{"@type":"BreadcrumbList","@id":"https:\/\/lottohoy.com\/es\/resultados\/powerball\/#breadcrumb","itemListElement":[{"@type":"ListItem","position":1,"name":"Home","item":"https:\/\/lottohoy.com\/es\/"},{"@type":"ListItem","position":2,"name":"Resultados de loter\u00eda","item":"https:\/\/lottohoy.com\/es\/resultados\/"},{"@type":"ListItem","position":3,"name":"Resultados del Powerball"}]},{"@type":"WebSite","@id":"https:\/\/lottohoy.com\/es\/#website","url":"https:\/\/lottohoy.com\/es\/","name":"Lottohoy","description":"","potentialAction":[{"@type":"SearchAction","target":{"@type":"EntryPoint","urlTemplate":"https:\/\/lottohoy.com\/es\/?s={search_term_string}"},"query-input":{"@type":"PropertyValueSpecification","valueRequired":true,"valueName":"search_term_string"}}],"inLanguage":"es"}]}},"_links":{"self":[{"href":"https:\/\/lottohoy.com\/es\/wp-json\/wp\/v2\/pages\/181","targetHints":{"allow":["GET"]}}],"collection":[{"href":"https:\/\/lottohoy.com\/es\/wp-json\/wp\/v2\/pages"}],"about":[{"href":"https:\/\/lottohoy.com\/es\/wp-json\/wp\/v2\/types\/page"}],"author":[{"embeddable":true,"href":"https:\/\/lottohoy.com\/es\/wp-json\/wp\/v2\/users\/2"}],"replies":[{"embeddable":true,"href":"https:\/\/lottohoy.com\/es\/wp-json\/wp\/v2\/comments?post=181"}],"version-history":[{"count":4,"href":"https:\/\/lottohoy.com\/es\/wp-json\/wp\/v2\/pages\/181\/revisions"}],"predecessor-version":[{"id":16899,"href":"https:\/\/lottohoy.com\/es\/wp-json\/wp\/v2\/pages\/181\/revisions\/16899"}],"up":[{"embeddable":true,"href":"https:\/\/lottohoy.com\/es\/wp-json\/wp\/v2\/pages\/174"}],"wp:attachment":[{"href":"https:\/\/lottohoy.com\/es\/wp-json\/wp\/v2\/media?parent=181"}],"curies":[{"name":"wp","href":"https:\/\/api.w.org\/{rel}","templated":true}]}}