{"id":180,"date":"2018-05-03T14:23:40","date_gmt":"2018-05-03T13:23:40","guid":{"rendered":"https:\/\/www.lottohoy.com\/resultados\/lotto-uk\/"},"modified":"2025-03-26T04:48:54","modified_gmt":"2025-03-26T04:48:54","slug":"lotto-uk","status":"publish","type":"page","link":"https:\/\/lottohoy.com\/es\/resultados\/lotto-uk\/","title":{"rendered":"Resultados Lotto UK"},"content":{"rendered":"<p>Estos son los \u00faltimos resultados de la Lotto UK, el total de jugadores premiados y el importe cobrado en cada categor\u00eda de premios.<\/p>\n<p><!--more-&gt;--><\/p>\n<h2><b>Reparto de premios de Lotto UK<\/b><\/h2>\n<p><span style=\"font-weight: 400;\">Esta p\u00e1gina contiene la combinaci\u00f3n ganadora del \u00faltimo sorteo y el reparto de premios correspondiente a cada una de las categor\u00edas. Recuerda que los premios obtenidos se depositan directamente en cuenta de usuario para que de nuevo puedas <a href=\"https:\/\/lottohoy.com\/es\/jugar\/lotto-uk\/\">jugar a la Lotto UK<\/a>.<\/span><\/p>\n<p><span style=\"font-weight: 400;\">El cuadro nos muestra la combinaci\u00f3n de los 6 n\u00fameros principales. Adem\u00e1s es posible seleccionar una bola extra llamada \u201cbonus\u201d para facilitar un premio a las personas que hayan acertado las 6 bolas principales.<br \/>\n<\/span><\/p>\n<h2><b>Anteriores sorteos Lotto UK <\/b><\/h2>\n<p><span style=\"font-weight: 400;\">En esta misma p\u00e1gina, tenemos opci\u00f3n de acceder a los sorteos anteriores, para ver no solo las combinaciones premiadas, si no tambi\u00e9n los repartos por las diversas categor\u00edas.<\/span><\/p>\n<p><span style=\"font-weight: 400;\">En la parte superior a la derecha en recuadro en gris, nos indica mediante unos signos de flechas las posibles direcciones que tenemos para acceder a los sorteos anteriores.\u00a0<\/span><span style=\"font-weight: 400;\">En el recuadro con flecha mirando a la izquierda, al clicar sobre el, nos conduce a la p\u00e1gina de resultados de sorteo inmediatamente anterior.<br \/>\n<\/span><span style=\"font-weight: 400;\">Mediante el recuadro central con la flecha indicando hacia abajo, se nos abre un desplegable con las fechas de los sorteos celebrados los \u00faltimos 2 a\u00f1os.<\/span><\/p>\n","protected":false},"excerpt":{"rendered":"<p>Estos son los \u00faltimos resultados de la Lotto UK, el total de jugadores premiados y el importe cobrado en cada categor\u00eda de premios.<\/p>\n","protected":false},"author":2,"featured_media":0,"parent":174,"menu_order":9,"comment_status":"closed","ping_status":"closed","template":"lotto-uk-results.php","meta":{"_et_pb_use_builder":"","_et_pb_old_content":"","_et_gb_content_width":"","exclude_from_search":false,"footnotes":""},"class_list":["post-180","page","type-page","status-publish","hentry"],"yoast_head":"<!-- This site is optimized with the Yoast SEO plugin v23.7 - https:\/\/yoast.com\/wordpress\/plugins\/seo\/ -->\n<title>Resultados Lotto UK - LottoHoy.com<\/title>\n<meta name=\"description\" content=\"En LottoHoy encontrar\u00e1s la combinaci\u00f3n ganadora de todos los sorteos de la Lotto UK y el reparto de premios correspondiente a cada una de las categor\u00edas.\" \/>\n<meta name=\"robots\" content=\"index, follow, max-snippet:-1, max-image-preview:large, max-video-preview:-1\" \/>\n<link rel=\"canonical\" href=\"https:\/\/lottohoy.com\/es\/resultados\/lotto-uk\/\" \/>\n<meta property=\"og:locale\" content=\"es_ES\" \/>\n<meta property=\"og:type\" content=\"article\" \/>\n<meta property=\"og:title\" content=\"Resultados Lotto UK - LottoHoy.com\" \/>\n<meta property=\"og:description\" content=\"En LottoHoy encontrar\u00e1s la combinaci\u00f3n ganadora de todos los sorteos de la Lotto UK y el reparto de premios correspondiente a cada una de las categor\u00edas.\" \/>\n<meta property=\"og:url\" content=\"https:\/\/lottohoy.com\/es\/resultados\/lotto-uk\/\" \/>\n<meta property=\"og:site_name\" content=\"Lottohoy\" \/>\n<meta property=\"article:modified_time\" content=\"2025-03-26T04:48:54+00:00\" \/>\n<meta name=\"twitter:card\" content=\"summary_large_image\" \/>\n<meta name=\"twitter:label1\" content=\"Tiempo de lectura\" \/>\n\t<meta name=\"twitter:data1\" content=\"1 minuto\" \/>\n<script type=\"application\/ld+json\" class=\"yoast-schema-graph\">{\"@context\":\"https:\/\/schema.org\",\"@graph\":[{\"@type\":\"WebPage\",\"@id\":\"https:\/\/lottohoy.com\/es\/resultados\/lotto-uk\/\",\"url\":\"https:\/\/lottohoy.com\/es\/resultados\/lotto-uk\/\",\"name\":\"Resultados Lotto UK - LottoHoy.com\",\"isPartOf\":{\"@id\":\"https:\/\/lottohoy.com\/es\/#website\"},\"datePublished\":\"2018-05-03T13:23:40+00:00\",\"dateModified\":\"2025-03-26T04:48:54+00:00\",\"description\":\"En LottoHoy encontrar\u00e1s la combinaci\u00f3n ganadora de todos los sorteos de la Lotto UK y el reparto de premios correspondiente a cada una de las categor\u00edas.\",\"breadcrumb\":{\"@id\":\"https:\/\/lottohoy.com\/es\/resultados\/lotto-uk\/#breadcrumb\"},\"inLanguage\":\"es\",\"potentialAction\":[{\"@type\":\"ReadAction\",\"target\":[\"https:\/\/lottohoy.com\/es\/resultados\/lotto-uk\/\"]}]},{\"@type\":\"BreadcrumbList\",\"@id\":\"https:\/\/lottohoy.com\/es\/resultados\/lotto-uk\/#breadcrumb\",\"itemListElement\":[{\"@type\":\"ListItem\",\"position\":1,\"name\":\"Home\",\"item\":\"https:\/\/lottohoy.com\/es\/\"},{\"@type\":\"ListItem\",\"position\":2,\"name\":\"Resultados de loter\u00eda\",\"item\":\"https:\/\/lottohoy.com\/es\/resultados\/\"},{\"@type\":\"ListItem\",\"position\":3,\"name\":\"Resultados Lotto UK\"}]},{\"@type\":\"WebSite\",\"@id\":\"https:\/\/lottohoy.com\/es\/#website\",\"url\":\"https:\/\/lottohoy.com\/es\/\",\"name\":\"Lottohoy\",\"description\":\"\",\"potentialAction\":[{\"@type\":\"SearchAction\",\"target\":{\"@type\":\"EntryPoint\",\"urlTemplate\":\"https:\/\/lottohoy.com\/es\/?s={search_term_string}\"},\"query-input\":{\"@type\":\"PropertyValueSpecification\",\"valueRequired\":true,\"valueName\":\"search_term_string\"}}],\"inLanguage\":\"es\"}]}<\/script>\n<!-- \/ Yoast SEO plugin. -->","yoast_head_json":{"title":"Resultados Lotto UK - LottoHoy.com","description":"En LottoHoy encontrar\u00e1s la combinaci\u00f3n ganadora de todos los sorteos de la Lotto UK y el reparto de premios correspondiente a cada una de las categor\u00edas.","robots":{"index":"index","follow":"follow","max-snippet":"max-snippet:-1","max-image-preview":"max-image-preview:large","max-video-preview":"max-video-preview:-1"},"canonical":"https:\/\/lottohoy.com\/es\/resultados\/lotto-uk\/","og_locale":"es_ES","og_type":"article","og_title":"Resultados Lotto UK - LottoHoy.com","og_description":"En LottoHoy encontrar\u00e1s la combinaci\u00f3n ganadora de todos los sorteos de la Lotto UK y el reparto de premios correspondiente a cada una de las categor\u00edas.","og_url":"https:\/\/lottohoy.com\/es\/resultados\/lotto-uk\/","og_site_name":"Lottohoy","article_modified_time":"2025-03-26T04:48:54+00:00","twitter_card":"summary_large_image","twitter_misc":{"Tiempo de lectura":"1 minuto"},"schema":{"@context":"https:\/\/schema.org","@graph":[{"@type":"WebPage","@id":"https:\/\/lottohoy.com\/es\/resultados\/lotto-uk\/","url":"https:\/\/lottohoy.com\/es\/resultados\/lotto-uk\/","name":"Resultados Lotto UK - LottoHoy.com","isPartOf":{"@id":"https:\/\/lottohoy.com\/es\/#website"},"datePublished":"2018-05-03T13:23:40+00:00","dateModified":"2025-03-26T04:48:54+00:00","description":"En LottoHoy encontrar\u00e1s la combinaci\u00f3n ganadora de todos los sorteos de la Lotto UK y el reparto de premios correspondiente a cada una de las categor\u00edas.","breadcrumb":{"@id":"https:\/\/lottohoy.com\/es\/resultados\/lotto-uk\/#breadcrumb"},"inLanguage":"es","potentialAction":[{"@type":"ReadAction","target":["https:\/\/lottohoy.com\/es\/resultados\/lotto-uk\/"]}]},{"@type":"BreadcrumbList","@id":"https:\/\/lottohoy.com\/es\/resultados\/lotto-uk\/#breadcrumb","itemListElement":[{"@type":"ListItem","position":1,"name":"Home","item":"https:\/\/lottohoy.com\/es\/"},{"@type":"ListItem","position":2,"name":"Resultados de loter\u00eda","item":"https:\/\/lottohoy.com\/es\/resultados\/"},{"@type":"ListItem","position":3,"name":"Resultados Lotto UK"}]},{"@type":"WebSite","@id":"https:\/\/lottohoy.com\/es\/#website","url":"https:\/\/lottohoy.com\/es\/","name":"Lottohoy","description":"","potentialAction":[{"@type":"SearchAction","target":{"@type":"EntryPoint","urlTemplate":"https:\/\/lottohoy.com\/es\/?s={search_term_string}"},"query-input":{"@type":"PropertyValueSpecification","valueRequired":true,"valueName":"search_term_string"}}],"inLanguage":"es"}]}},"_links":{"self":[{"href":"https:\/\/lottohoy.com\/es\/wp-json\/wp\/v2\/pages\/180","targetHints":{"allow":["GET"]}}],"collection":[{"href":"https:\/\/lottohoy.com\/es\/wp-json\/wp\/v2\/pages"}],"about":[{"href":"https:\/\/lottohoy.com\/es\/wp-json\/wp\/v2\/types\/page"}],"author":[{"embeddable":true,"href":"https:\/\/lottohoy.com\/es\/wp-json\/wp\/v2\/users\/2"}],"replies":[{"embeddable":true,"href":"https:\/\/lottohoy.com\/es\/wp-json\/wp\/v2\/comments?post=180"}],"version-history":[{"count":2,"href":"https:\/\/lottohoy.com\/es\/wp-json\/wp\/v2\/pages\/180\/revisions"}],"predecessor-version":[{"id":16971,"href":"https:\/\/lottohoy.com\/es\/wp-json\/wp\/v2\/pages\/180\/revisions\/16971"}],"up":[{"embeddable":true,"href":"https:\/\/lottohoy.com\/es\/wp-json\/wp\/v2\/pages\/174"}],"wp:attachment":[{"href":"https:\/\/lottohoy.com\/es\/wp-json\/wp\/v2\/media?parent=180"}],"curies":[{"name":"wp","href":"https:\/\/api.w.org\/{rel}","templated":true}]}}