{"id":179,"date":"2018-05-03T14:23:39","date_gmt":"2018-05-03T13:23:39","guid":{"rendered":"https:\/\/www.lottohoy.com\/resultados\/superenalotto\/"},"modified":"2025-03-26T04:28:17","modified_gmt":"2025-03-26T04:28:17","slug":"superenalotto","status":"publish","type":"page","link":"https:\/\/lottohoy.com\/es\/resultados\/superenalotto\/","title":{"rendered":"Resultados SuperEnalotto"},"content":{"rendered":"<p>&nbsp;<\/p>\n<p><!--more--><\/p>\n<h2><b>Resultados SuperEnalotto Italia<\/b><\/h2>\n<p><span style=\"font-weight: 400;\">Esta p\u00e1gina muestra la combinaci\u00f3n ganadora del \u00faltimo sorteo de Superenalotto y el reparto de premios oficial correspondiente a cada una de las categor\u00edas de premio. Recuerda que los premios son depositados en tu cuenta de jugador autom\u00e1ticamente y as\u00ed puedes <a href=\"https:\/\/lottohoy.com\/es\/jugar\/superenalotto\/\">jugar a Superenalotto<\/a> en cualquier momento.<\/span><\/p>\n<h2><b>Anteriores sorteos de la Superenalotto<\/b><\/h2>\n<p><span style=\"font-weight: 400;\">En esta misma p\u00e1gina, tenemos opci\u00f3n de acceder a los sorteos anteriores, lo que puede servir de gu\u00eda para estad\u00edsticas y futuras combinaciones de apuestas.\u00a0<\/span><span style=\"font-weight: 400;\">Adem\u00e1s, permite ver no solo las combinaciones premiadas, si no tambi\u00e9n los repartos de premios por las diversas categor\u00edas.<\/span><\/p>\n<p><span style=\"font-weight: 400;\">En la parte superior a la derecha en un recuadro gris encontramos la funci\u00f3n calendario, y podemos acceder tanto al resultado inmediatamente anterior, como seleccionar de una lista la fecha concreta que queremos consultar, de los \u00faltimos 2 a\u00f1os.<\/span><\/p>\n","protected":false},"excerpt":{"rendered":"<p>&nbsp;<\/p>\n","protected":false},"author":2,"featured_media":0,"parent":174,"menu_order":5,"comment_status":"closed","ping_status":"closed","template":"superenalotto-results.php","meta":{"_et_pb_use_builder":"","_et_pb_old_content":"","_et_gb_content_width":"","exclude_from_search":false,"footnotes":""},"class_list":["post-179","page","type-page","status-publish","hentry"],"yoast_head":"<!-- This site is optimized with the Yoast SEO plugin v23.7 - https:\/\/yoast.com\/wordpress\/plugins\/seo\/ -->\n<title>Superenalotto Resultados de Hoy \u25b7 Resultados SuperEnalotto<\/title>\n<meta name=\"description\" content=\"En LottoHoy te mostramos la combinaci\u00f3n ganadora del \u00faltimo sorteo de Superenalotto (y todos los anteriores), as\u00ed como el reparto de premios oficial.\" \/>\n<meta name=\"robots\" content=\"index, follow, max-snippet:-1, max-image-preview:large, max-video-preview:-1\" \/>\n<link rel=\"canonical\" href=\"https:\/\/lottohoy.com\/es\/resultados\/superenalotto\/\" \/>\n<meta property=\"og:locale\" content=\"es_ES\" \/>\n<meta property=\"og:type\" content=\"article\" \/>\n<meta property=\"og:title\" content=\"Superenalotto Resultados de Hoy \u25b7 Resultados SuperEnalotto\" \/>\n<meta property=\"og:description\" content=\"En LottoHoy te mostramos la combinaci\u00f3n ganadora del \u00faltimo sorteo de Superenalotto (y todos los anteriores), as\u00ed como el reparto de premios oficial.\" \/>\n<meta property=\"og:url\" content=\"https:\/\/lottohoy.com\/es\/resultados\/superenalotto\/\" \/>\n<meta property=\"og:site_name\" content=\"Lottohoy\" \/>\n<meta property=\"article:modified_time\" content=\"2025-03-26T04:28:17+00:00\" \/>\n<meta name=\"twitter:card\" content=\"summary_large_image\" \/>\n<meta name=\"twitter:label1\" content=\"Tiempo de lectura\" \/>\n\t<meta name=\"twitter:data1\" content=\"1 minuto\" \/>\n<script type=\"application\/ld+json\" class=\"yoast-schema-graph\">{\"@context\":\"https:\/\/schema.org\",\"@graph\":[{\"@type\":\"WebPage\",\"@id\":\"https:\/\/lottohoy.com\/es\/resultados\/superenalotto\/\",\"url\":\"https:\/\/lottohoy.com\/es\/resultados\/superenalotto\/\",\"name\":\"Superenalotto Resultados de Hoy \u25b7 Resultados SuperEnalotto\",\"isPartOf\":{\"@id\":\"https:\/\/lottohoy.com\/es\/#website\"},\"datePublished\":\"2018-05-03T13:23:39+00:00\",\"dateModified\":\"2025-03-26T04:28:17+00:00\",\"description\":\"En LottoHoy te mostramos la combinaci\u00f3n ganadora del \u00faltimo sorteo de Superenalotto (y todos los anteriores), as\u00ed como el reparto de premios oficial.\",\"breadcrumb\":{\"@id\":\"https:\/\/lottohoy.com\/es\/resultados\/superenalotto\/#breadcrumb\"},\"inLanguage\":\"es\",\"potentialAction\":[{\"@type\":\"ReadAction\",\"target\":[\"https:\/\/lottohoy.com\/es\/resultados\/superenalotto\/\"]}]},{\"@type\":\"BreadcrumbList\",\"@id\":\"https:\/\/lottohoy.com\/es\/resultados\/superenalotto\/#breadcrumb\",\"itemListElement\":[{\"@type\":\"ListItem\",\"position\":1,\"name\":\"Home\",\"item\":\"https:\/\/lottohoy.com\/es\/\"},{\"@type\":\"ListItem\",\"position\":2,\"name\":\"Resultados de loter\u00eda\",\"item\":\"https:\/\/lottohoy.com\/es\/resultados\/\"},{\"@type\":\"ListItem\",\"position\":3,\"name\":\"Resultados SuperEnalotto\"}]},{\"@type\":\"WebSite\",\"@id\":\"https:\/\/lottohoy.com\/es\/#website\",\"url\":\"https:\/\/lottohoy.com\/es\/\",\"name\":\"Lottohoy\",\"description\":\"\",\"potentialAction\":[{\"@type\":\"SearchAction\",\"target\":{\"@type\":\"EntryPoint\",\"urlTemplate\":\"https:\/\/lottohoy.com\/es\/?s={search_term_string}\"},\"query-input\":{\"@type\":\"PropertyValueSpecification\",\"valueRequired\":true,\"valueName\":\"search_term_string\"}}],\"inLanguage\":\"es\"}]}<\/script>\n<!-- \/ Yoast SEO plugin. -->","yoast_head_json":{"title":"Superenalotto Resultados de Hoy \u25b7 Resultados SuperEnalotto","description":"En LottoHoy te mostramos la combinaci\u00f3n ganadora del \u00faltimo sorteo de Superenalotto (y todos los anteriores), as\u00ed como el reparto de premios oficial.","robots":{"index":"index","follow":"follow","max-snippet":"max-snippet:-1","max-image-preview":"max-image-preview:large","max-video-preview":"max-video-preview:-1"},"canonical":"https:\/\/lottohoy.com\/es\/resultados\/superenalotto\/","og_locale":"es_ES","og_type":"article","og_title":"Superenalotto Resultados de Hoy \u25b7 Resultados SuperEnalotto","og_description":"En LottoHoy te mostramos la combinaci\u00f3n ganadora del \u00faltimo sorteo de Superenalotto (y todos los anteriores), as\u00ed como el reparto de premios oficial.","og_url":"https:\/\/lottohoy.com\/es\/resultados\/superenalotto\/","og_site_name":"Lottohoy","article_modified_time":"2025-03-26T04:28:17+00:00","twitter_card":"summary_large_image","twitter_misc":{"Tiempo de lectura":"1 minuto"},"schema":{"@context":"https:\/\/schema.org","@graph":[{"@type":"WebPage","@id":"https:\/\/lottohoy.com\/es\/resultados\/superenalotto\/","url":"https:\/\/lottohoy.com\/es\/resultados\/superenalotto\/","name":"Superenalotto Resultados de Hoy \u25b7 Resultados SuperEnalotto","isPartOf":{"@id":"https:\/\/lottohoy.com\/es\/#website"},"datePublished":"2018-05-03T13:23:39+00:00","dateModified":"2025-03-26T04:28:17+00:00","description":"En LottoHoy te mostramos la combinaci\u00f3n ganadora del \u00faltimo sorteo de Superenalotto (y todos los anteriores), as\u00ed como el reparto de premios oficial.","breadcrumb":{"@id":"https:\/\/lottohoy.com\/es\/resultados\/superenalotto\/#breadcrumb"},"inLanguage":"es","potentialAction":[{"@type":"ReadAction","target":["https:\/\/lottohoy.com\/es\/resultados\/superenalotto\/"]}]},{"@type":"BreadcrumbList","@id":"https:\/\/lottohoy.com\/es\/resultados\/superenalotto\/#breadcrumb","itemListElement":[{"@type":"ListItem","position":1,"name":"Home","item":"https:\/\/lottohoy.com\/es\/"},{"@type":"ListItem","position":2,"name":"Resultados de loter\u00eda","item":"https:\/\/lottohoy.com\/es\/resultados\/"},{"@type":"ListItem","position":3,"name":"Resultados SuperEnalotto"}]},{"@type":"WebSite","@id":"https:\/\/lottohoy.com\/es\/#website","url":"https:\/\/lottohoy.com\/es\/","name":"Lottohoy","description":"","potentialAction":[{"@type":"SearchAction","target":{"@type":"EntryPoint","urlTemplate":"https:\/\/lottohoy.com\/es\/?s={search_term_string}"},"query-input":{"@type":"PropertyValueSpecification","valueRequired":true,"valueName":"search_term_string"}}],"inLanguage":"es"}]}},"_links":{"self":[{"href":"https:\/\/lottohoy.com\/es\/wp-json\/wp\/v2\/pages\/179","targetHints":{"allow":["GET"]}}],"collection":[{"href":"https:\/\/lottohoy.com\/es\/wp-json\/wp\/v2\/pages"}],"about":[{"href":"https:\/\/lottohoy.com\/es\/wp-json\/wp\/v2\/types\/page"}],"author":[{"embeddable":true,"href":"https:\/\/lottohoy.com\/es\/wp-json\/wp\/v2\/users\/2"}],"replies":[{"embeddable":true,"href":"https:\/\/lottohoy.com\/es\/wp-json\/wp\/v2\/comments?post=179"}],"version-history":[{"count":2,"href":"https:\/\/lottohoy.com\/es\/wp-json\/wp\/v2\/pages\/179\/revisions"}],"predecessor-version":[{"id":16947,"href":"https:\/\/lottohoy.com\/es\/wp-json\/wp\/v2\/pages\/179\/revisions\/16947"}],"up":[{"embeddable":true,"href":"https:\/\/lottohoy.com\/es\/wp-json\/wp\/v2\/pages\/174"}],"wp:attachment":[{"href":"https:\/\/lottohoy.com\/es\/wp-json\/wp\/v2\/media?parent=179"}],"curies":[{"name":"wp","href":"https:\/\/api.w.org\/{rel}","templated":true}]}}