{"id":177,"date":"2018-05-03T14:23:38","date_gmt":"2018-05-03T13:23:38","guid":{"rendered":"https:\/\/www.lottohoy.com\/resultados\/mega-millions\/"},"modified":"2025-03-26T04:03:41","modified_gmt":"2025-03-26T04:03:41","slug":"mega-millions","status":"publish","type":"page","link":"https:\/\/lottohoy.com\/es\/resultados\/mega-millions\/","title":{"rendered":"Resultados MegaMillions"},"content":{"rendered":"<h2><b>MegaMillions resultados de hoy<\/b><\/h2>\n<p><span style=\"font-weight: 400;\">Aqu\u00ed puedes comprobar los \u00faltimos <strong>resultados actualizados del sorteo de la loter\u00eda MegaMillions<\/strong>.\u00a0 Si coinciden con la combinaci\u00f3n que escogiste, \u00a1Enhorabuena!. Eres un nuevo multimillonario.<\/span><\/p>\n<p><span style=\"font-weight: 400;\">Tambi\u00e9n puedes comprobar los resultados en los archivos para preparar tu estrategia y <a href=\"https:\/\/lottohoy.com\/es\/jugar\/mega-millions\/\">jugar los boletos de loter\u00eda MegaMillions<\/a>.<\/span><\/p>\n<p><!--more--><\/p>\n<h2><b>Todos los resultados de MegaMillions<\/b><\/h2>\n<p><span style=\"font-weight: 400;\">En esta pagina podr\u00e1s comprobar <strong>todos los resultados<\/strong>, de sus sorteos y reparto de premios anteriores de la loter\u00eda mega.<\/span><\/p>\n<p><span style=\"font-weight: 400;\">Si te diriges al margen superior derecho de la p\u00e1gina ver\u00e1s la funcionalidad de calendario que hemos desarrollado para que puedas seleccionar la fecha que quieres comprobar, incluidos los sorteos especiales.<\/span><\/p>\n<p><span style=\"font-weight: 400;\">La flecha hacia la izquierda, permite acceder al <strong>sorteo inmediatamente anterior<\/strong>, y e<\/span><span style=\"font-weight: 400;\">l recuadro central con la flecha hacia abajo, permite abrir un desplegable con todas las fechas de los <strong>\u00faltimos sorteos en 20 meses<\/strong>.<\/span><\/p>\n<p>Si quieres ser uno de los siguientes ganadores de estos grandes <a href=\"https:\/\/lottohoy.com\/es\/botes\/\">botes<\/a>, <a href=\"https:\/\/lottohoy.com\/es\/registro-abrir-tu-cuenta-de-jugador\/\">reg\u00edstrate ahora en LottoHoy<\/a> y selecciona tus n\u00fameros favoritos. \u00a1Juega MegaMilliosn! \u00bfA qu\u00e9 esperas?<\/p>\n","protected":false},"excerpt":{"rendered":"<p>MegaMillions resultados de hoy Aqu\u00ed puedes comprobar los \u00faltimos resultados actualizados del sorteo de la loter\u00eda MegaMillions.\u00a0 Si coinciden con la combinaci\u00f3n que escogiste, \u00a1Enhorabuena!. Eres un nuevo multimillonario. Tambi\u00e9n puedes comprobar los resultados en los archivos para preparar tu estrategia y jugar los boletos de loter\u00eda MegaMillions.<\/p>\n","protected":false},"author":2,"featured_media":0,"parent":174,"menu_order":2,"comment_status":"closed","ping_status":"closed","template":"megamillion-results.php","meta":{"_et_pb_use_builder":"","_et_pb_old_content":"","_et_gb_content_width":"","exclude_from_search":false,"footnotes":""},"class_list":["post-177","page","type-page","status-publish","hentry"],"yoast_head":"<!-- This site is optimized with the Yoast SEO plugin v23.7 - https:\/\/yoast.com\/wordpress\/plugins\/seo\/ -->\n<title>\u25b7 Resultados Mega Millions | N\u00fameros Ganadores Mega Millions<\/title>\n<meta name=\"description\" content=\"Comprueba los \u00faltimos resultados actualizados del sorteo de Mega Millions. Si coinciden con tu combinaci\u00f3n escogida, entonces eres un nuevo multimillonario.\" \/>\n<meta name=\"robots\" content=\"index, follow, max-snippet:-1, max-image-preview:large, max-video-preview:-1\" \/>\n<link rel=\"canonical\" href=\"https:\/\/lottohoy.com\/es\/resultados\/mega-millions\/\" \/>\n<meta property=\"og:locale\" content=\"es_ES\" \/>\n<meta property=\"og:type\" content=\"article\" \/>\n<meta property=\"og:title\" content=\"\u25b7 Resultados Mega Millions | N\u00fameros Ganadores Mega Millions\" \/>\n<meta property=\"og:description\" content=\"Comprueba los \u00faltimos resultados actualizados del sorteo de Mega Millions. Si coinciden con tu combinaci\u00f3n escogida, entonces eres un nuevo multimillonario.\" \/>\n<meta property=\"og:url\" content=\"https:\/\/lottohoy.com\/es\/resultados\/mega-millions\/\" \/>\n<meta property=\"og:site_name\" content=\"Lottohoy\" \/>\n<meta property=\"article:modified_time\" content=\"2025-03-26T04:03:41+00:00\" \/>\n<meta name=\"twitter:card\" content=\"summary_large_image\" \/>\n<meta name=\"twitter:label1\" content=\"Tiempo de lectura\" \/>\n\t<meta name=\"twitter:data1\" content=\"1 minuto\" \/>\n<script type=\"application\/ld+json\" class=\"yoast-schema-graph\">{\"@context\":\"https:\/\/schema.org\",\"@graph\":[{\"@type\":\"WebPage\",\"@id\":\"https:\/\/lottohoy.com\/es\/resultados\/mega-millions\/\",\"url\":\"https:\/\/lottohoy.com\/es\/resultados\/mega-millions\/\",\"name\":\"\u25b7 Resultados Mega Millions | N\u00fameros Ganadores Mega Millions\",\"isPartOf\":{\"@id\":\"https:\/\/lottohoy.com\/es\/#website\"},\"datePublished\":\"2018-05-03T13:23:38+00:00\",\"dateModified\":\"2025-03-26T04:03:41+00:00\",\"description\":\"Comprueba los \u00faltimos resultados actualizados del sorteo de Mega Millions. Si coinciden con tu combinaci\u00f3n escogida, entonces eres un nuevo multimillonario.\",\"breadcrumb\":{\"@id\":\"https:\/\/lottohoy.com\/es\/resultados\/mega-millions\/#breadcrumb\"},\"inLanguage\":\"es\",\"potentialAction\":[{\"@type\":\"ReadAction\",\"target\":[\"https:\/\/lottohoy.com\/es\/resultados\/mega-millions\/\"]}]},{\"@type\":\"BreadcrumbList\",\"@id\":\"https:\/\/lottohoy.com\/es\/resultados\/mega-millions\/#breadcrumb\",\"itemListElement\":[{\"@type\":\"ListItem\",\"position\":1,\"name\":\"Home\",\"item\":\"https:\/\/lottohoy.com\/es\/\"},{\"@type\":\"ListItem\",\"position\":2,\"name\":\"Resultados de loter\u00eda\",\"item\":\"https:\/\/lottohoy.com\/es\/resultados\/\"},{\"@type\":\"ListItem\",\"position\":3,\"name\":\"Resultados MegaMillions\"}]},{\"@type\":\"WebSite\",\"@id\":\"https:\/\/lottohoy.com\/es\/#website\",\"url\":\"https:\/\/lottohoy.com\/es\/\",\"name\":\"Lottohoy\",\"description\":\"\",\"potentialAction\":[{\"@type\":\"SearchAction\",\"target\":{\"@type\":\"EntryPoint\",\"urlTemplate\":\"https:\/\/lottohoy.com\/es\/?s={search_term_string}\"},\"query-input\":{\"@type\":\"PropertyValueSpecification\",\"valueRequired\":true,\"valueName\":\"search_term_string\"}}],\"inLanguage\":\"es\"}]}<\/script>\n<!-- \/ Yoast SEO plugin. -->","yoast_head_json":{"title":"\u25b7 Resultados Mega Millions | N\u00fameros Ganadores Mega Millions","description":"Comprueba los \u00faltimos resultados actualizados del sorteo de Mega Millions. Si coinciden con tu combinaci\u00f3n escogida, entonces eres un nuevo multimillonario.","robots":{"index":"index","follow":"follow","max-snippet":"max-snippet:-1","max-image-preview":"max-image-preview:large","max-video-preview":"max-video-preview:-1"},"canonical":"https:\/\/lottohoy.com\/es\/resultados\/mega-millions\/","og_locale":"es_ES","og_type":"article","og_title":"\u25b7 Resultados Mega Millions | N\u00fameros Ganadores Mega Millions","og_description":"Comprueba los \u00faltimos resultados actualizados del sorteo de Mega Millions. Si coinciden con tu combinaci\u00f3n escogida, entonces eres un nuevo multimillonario.","og_url":"https:\/\/lottohoy.com\/es\/resultados\/mega-millions\/","og_site_name":"Lottohoy","article_modified_time":"2025-03-26T04:03:41+00:00","twitter_card":"summary_large_image","twitter_misc":{"Tiempo de lectura":"1 minuto"},"schema":{"@context":"https:\/\/schema.org","@graph":[{"@type":"WebPage","@id":"https:\/\/lottohoy.com\/es\/resultados\/mega-millions\/","url":"https:\/\/lottohoy.com\/es\/resultados\/mega-millions\/","name":"\u25b7 Resultados Mega Millions | N\u00fameros Ganadores Mega Millions","isPartOf":{"@id":"https:\/\/lottohoy.com\/es\/#website"},"datePublished":"2018-05-03T13:23:38+00:00","dateModified":"2025-03-26T04:03:41+00:00","description":"Comprueba los \u00faltimos resultados actualizados del sorteo de Mega Millions. Si coinciden con tu combinaci\u00f3n escogida, entonces eres un nuevo multimillonario.","breadcrumb":{"@id":"https:\/\/lottohoy.com\/es\/resultados\/mega-millions\/#breadcrumb"},"inLanguage":"es","potentialAction":[{"@type":"ReadAction","target":["https:\/\/lottohoy.com\/es\/resultados\/mega-millions\/"]}]},{"@type":"BreadcrumbList","@id":"https:\/\/lottohoy.com\/es\/resultados\/mega-millions\/#breadcrumb","itemListElement":[{"@type":"ListItem","position":1,"name":"Home","item":"https:\/\/lottohoy.com\/es\/"},{"@type":"ListItem","position":2,"name":"Resultados de loter\u00eda","item":"https:\/\/lottohoy.com\/es\/resultados\/"},{"@type":"ListItem","position":3,"name":"Resultados MegaMillions"}]},{"@type":"WebSite","@id":"https:\/\/lottohoy.com\/es\/#website","url":"https:\/\/lottohoy.com\/es\/","name":"Lottohoy","description":"","potentialAction":[{"@type":"SearchAction","target":{"@type":"EntryPoint","urlTemplate":"https:\/\/lottohoy.com\/es\/?s={search_term_string}"},"query-input":{"@type":"PropertyValueSpecification","valueRequired":true,"valueName":"search_term_string"}}],"inLanguage":"es"}]}},"_links":{"self":[{"href":"https:\/\/lottohoy.com\/es\/wp-json\/wp\/v2\/pages\/177","targetHints":{"allow":["GET"]}}],"collection":[{"href":"https:\/\/lottohoy.com\/es\/wp-json\/wp\/v2\/pages"}],"about":[{"href":"https:\/\/lottohoy.com\/es\/wp-json\/wp\/v2\/types\/page"}],"author":[{"embeddable":true,"href":"https:\/\/lottohoy.com\/es\/wp-json\/wp\/v2\/users\/2"}],"replies":[{"embeddable":true,"href":"https:\/\/lottohoy.com\/es\/wp-json\/wp\/v2\/comments?post=177"}],"version-history":[{"count":3,"href":"https:\/\/lottohoy.com\/es\/wp-json\/wp\/v2\/pages\/177\/revisions"}],"predecessor-version":[{"id":19946,"href":"https:\/\/lottohoy.com\/es\/wp-json\/wp\/v2\/pages\/177\/revisions\/19946"}],"up":[{"embeddable":true,"href":"https:\/\/lottohoy.com\/es\/wp-json\/wp\/v2\/pages\/174"}],"wp:attachment":[{"href":"https:\/\/lottohoy.com\/es\/wp-json\/wp\/v2\/media?parent=177"}],"curies":[{"name":"wp","href":"https:\/\/api.w.org\/{rel}","templated":true}]}}