{"id":176,"date":"2018-05-03T14:23:37","date_gmt":"2018-05-03T13:23:37","guid":{"rendered":"https:\/\/www.lottohoy.com\/resultados\/euromillions\/"},"modified":"2025-03-26T04:11:28","modified_gmt":"2025-03-26T04:11:28","slug":"euromillions","status":"publish","type":"page","link":"https:\/\/lottohoy.com\/es\/resultados\/euromillions\/","title":{"rendered":"Resultados EuroMillones"},"content":{"rendered":"<p><!--more--><\/p>\n<h2><b>Comprobar los resultados del sorteo Euromillones<\/b><\/h2>\n<p><span style=\"font-weight: 400;\">Para comprobar el <strong>resultado de <\/strong><\/span><strong>euromill\u00f3n<\/strong><span style=\"font-weight: 400;\"> o los <strong>resultados de\u00a0 <\/strong><\/span><strong>euromillones<\/strong><span style=\"font-weight: 400;\">, (ambos nombres por los que se reconoce esta loter\u00eda europea), bastar\u00e1 con cotejar los n\u00fameros de la combinaci\u00f3n que se muestra en su boleto, con el resultado de la combinaci\u00f3n ganadores de euromillones que se muestra en esta misma p\u00e1gina.<\/span><\/p>\n<p><span style=\"font-weight: 400;\">Es aconsejable repasar varias veces y comprobar el <strong>boleto de Euromillones<\/strong> para tener completa seguridad, antes de desprenderse del boleto o boletos, ya que involuntariamente se puede perder una lluvia de millones de euros con los botes de EuroMillones.<br \/>\n<\/span><\/p>\n<p><span style=\"font-weight: 400;\">Tambi\u00e9n puedes consultar el\u00a0<\/span><a href=\"https:\/\/lottohoy.com\/es\/botes\/\"><b>bote de euromillones de hoy<\/b><\/a><span style=\"font-weight: 400;\">\u00a0acumulado, los ganadores y los premios en cada una de las categor\u00edas y los sorteos anteriores con una antig\u00fcedad de hasta 24 meses.<\/span><\/p>\n<h3><b>La ventaja de comprobar euromillones en LottoHoy<\/b><\/h3>\n<p><span style=\"font-weight: 400;\">Creando una <a href=\"https:\/\/lottohoy.com\/es\/registro-abrir-tu-cuenta-de-jugador\/\">cuenta de usuario<\/a> en nuestra plataforma, tendr\u00e1 informaci\u00f3n puntual de los resultados positivos que se hayan producido en todas y cada una de sus jugadas de loter\u00eda.<\/span><\/p>\n<p><span style=\"font-weight: 400;\">En caso de resultar agraciado con alg\u00fan premio en el sorteo de euromillones de los martes o en el sorteo de euromillones de los viernes, en las diversas <strong>categor\u00edas de premios Euromillones<\/strong>, los n\u00fameros premiados y el importe de tu ganancia, se reflejar\u00e1 autom\u00e1ticamente en tu cuenta de usuario, quedando disponible desde ese mismo momento.<\/span><\/p>\n<h2><b>Reparto de premios Euromillones<\/b><\/h2>\n<p><span style=\"font-weight: 400;\">Esta tabla nos muestra la combinaci\u00f3n ganadora del <strong>\u00faltimo sorteo de Euromillones<\/strong> y el reparto de premios correspondiente a cada una de las 13 categor\u00edas.<\/span><\/p>\n<p><span style=\"font-weight: 400;\">El cuadro nos muestra la combinaci\u00f3n de n\u00fameros y estrellas que se deben acertar para optar a premio de las categor\u00eda, los <strong>ganadores<\/strong> que ha habido en cada una de las categor\u00edas, y el <strong>importe en Euros<\/strong> (\u20ac) que corresponde a cada acertante.<\/span><\/p>\n<h2><b>Mayores premios y botes de Euromillones<\/b><\/h2>\n<p><span style=\"font-weight: 400;\">El <strong>bote m\u00ednimo garantizado en Euromillones<\/strong> destinado a los acertantes de primera categor\u00eda es de <strong>17.000.000\u20ac<\/strong>. Cada vez que alguien se lleva el bote, volvemos a comenzar. En el siguiente enlace puedes consultar los <a href=\"https:\/\/lottohoy.com\/es\/los-mayores-premios-de-la-historia-de-euromillones\/\">mayores botes repartidos por la Euromillones<\/a>.<\/span><\/p>\n<p><span style=\"font-weight: 400;\">Si no hay acertantes de primera categor\u00eda, el bote se va acumulando en cada sorteo hasta llegar a un <strong>m\u00e1ximo de \u20ac190.000.000 <\/strong>(a partir del 1 de febrero de 2020, esa cantidad pasar\u00e1 a ser de<strong>\u20ac 200.000.000).<\/strong>. Una vez alcanzada esta cantidad el bote se mantendr\u00e1 durante <strong>4 sorteos<\/strong>, y si no aparece ganador de esa categor\u00eda en ninguno de estos sorteos, a partir del siguiente el premio pasar\u00e1 a distribuirse con los acertantes de la categor\u00eda inmediatamente inferior, es decir, 5 n\u00fameros y una estrella.<br \/>\n<\/span><\/p>\n<p>Otro cambio importante que tendr\u00e1 en bote de Euromillones a partir de febrero de 2020, es que una vez entregado el premio de 200 millones al ganador de primera categor\u00eda o bien que ese premio se haya repartido entre los acertantes de la siguiente categor\u00eda, el importe para el premio, se incrementar\u00e1 en <strong>\u20ac 10.000.000<\/strong> para futuros sorteos, con lo que el premio m\u00e1ximo posible a alcanzar ser\u00e1 de <strong>\u20ac 210.00.000<\/strong>.\u00a0Y as\u00ed sucesivamente se ir\u00e1 incrementando el valor del bote en otros <strong>\u20ac 10.000.000<\/strong> hasta alcanzar el m\u00e1ximo de <strong>\u20ac 250.000.000<\/strong> que tiene previsto la organizaci\u00f3n que sea el mayor bote de las loter\u00edas en Europa<\/p>\n<h2><b>Los n\u00fameros m\u00e1s frecuentes en EuroMillones<\/b><\/h2>\n<p><span style=\"font-weight: 400;\">Para los amantes de las estad\u00edsticas, e incluso para aquellos que se basan en predicciones para preparar su propia estrategia y <a href=\"https:\/\/lottohoy.com\/es\/jugar\/euromillions\/\">jugar euromillones<\/a>, indicarles que los 10 n\u00fameros que con m\u00e1s frecuencia han salido en sorteos de euromillones, son: <\/span><b>50, 44, 4, 14, 19, 23, 10, 37, 38 y 26.<\/b><\/p>\n<p><span style=\"font-weight: 400;\">Por el contrario los 10 n\u00fameros que con menos frecuencia han salido son:.<\/span><b>46, 41, 33, 2, 47, 48, 22, 32, 9 y 8<\/b><\/p>\n<p><span style=\"font-weight: 400;\">Y respecto de las estrellas, las m\u00e1s frecuentes son el <\/span><b>8, 9 <\/b><span style=\"font-weight: 400;\">y<\/span><b> 2<\/b><\/p>\n<p><span style=\"font-weight: 400;\">Estos datos pueden servirte de orientaci\u00f3n para tu pr\u00f3ximo pronostico. \u00a1Suerte!<\/span><\/p>\n","protected":false},"excerpt":{"rendered":"","protected":false},"author":2,"featured_media":0,"parent":174,"menu_order":3,"comment_status":"closed","ping_status":"closed","template":"euromillions-results.php","meta":{"_et_pb_use_builder":"","_et_pb_old_content":"","_et_gb_content_width":"","exclude_from_search":false,"footnotes":""},"class_list":["post-176","page","type-page","status-publish","hentry"],"yoast_head":"<!-- This site is optimized with the Yoast SEO plugin v23.7 - https:\/\/yoast.com\/wordpress\/plugins\/seo\/ -->\n<title>Resultado de Euromillion - N\u00fameros Ganadores y Premios<\/title>\n<meta name=\"description\" content=\"Comprueba el resultado y los premios del Euromillones, as\u00ed como los n\u00fameros ganadores y los repartos de premios durante los \u00faltimos dos a\u00f1os!\" \/>\n<meta name=\"robots\" content=\"index, follow, max-snippet:-1, max-image-preview:large, max-video-preview:-1\" \/>\n<link rel=\"canonical\" href=\"https:\/\/lottohoy.com\/es\/resultados\/euromillions\/\" \/>\n<meta property=\"og:locale\" content=\"es_ES\" \/>\n<meta property=\"og:type\" content=\"article\" \/>\n<meta property=\"og:title\" content=\"Resultado de Euromillion - N\u00fameros Ganadores y Premios\" \/>\n<meta property=\"og:description\" content=\"Comprueba el resultado y los premios del Euromillones, as\u00ed como los n\u00fameros ganadores y los repartos de premios durante los \u00faltimos dos a\u00f1os!\" \/>\n<meta property=\"og:url\" content=\"https:\/\/lottohoy.com\/es\/resultados\/euromillions\/\" \/>\n<meta property=\"og:site_name\" content=\"Lottohoy\" \/>\n<meta property=\"article:modified_time\" content=\"2025-03-26T04:11:28+00:00\" \/>\n<meta name=\"twitter:card\" content=\"summary_large_image\" \/>\n<meta name=\"twitter:label1\" content=\"Tiempo de lectura\" \/>\n\t<meta name=\"twitter:data1\" content=\"3 minutos\" \/>\n<script type=\"application\/ld+json\" class=\"yoast-schema-graph\">{\"@context\":\"https:\/\/schema.org\",\"@graph\":[{\"@type\":\"WebPage\",\"@id\":\"https:\/\/lottohoy.com\/es\/resultados\/euromillions\/\",\"url\":\"https:\/\/lottohoy.com\/es\/resultados\/euromillions\/\",\"name\":\"Resultado de Euromillion - N\u00fameros Ganadores y Premios\",\"isPartOf\":{\"@id\":\"https:\/\/lottohoy.com\/es\/#website\"},\"datePublished\":\"2018-05-03T13:23:37+00:00\",\"dateModified\":\"2025-03-26T04:11:28+00:00\",\"description\":\"Comprueba el resultado y los premios del Euromillones, as\u00ed como los n\u00fameros ganadores y los repartos de premios durante los \u00faltimos dos a\u00f1os!\",\"breadcrumb\":{\"@id\":\"https:\/\/lottohoy.com\/es\/resultados\/euromillions\/#breadcrumb\"},\"inLanguage\":\"es\",\"potentialAction\":[{\"@type\":\"ReadAction\",\"target\":[\"https:\/\/lottohoy.com\/es\/resultados\/euromillions\/\"]}]},{\"@type\":\"BreadcrumbList\",\"@id\":\"https:\/\/lottohoy.com\/es\/resultados\/euromillions\/#breadcrumb\",\"itemListElement\":[{\"@type\":\"ListItem\",\"position\":1,\"name\":\"Home\",\"item\":\"https:\/\/lottohoy.com\/es\/\"},{\"@type\":\"ListItem\",\"position\":2,\"name\":\"Resultados de loter\u00eda\",\"item\":\"https:\/\/lottohoy.com\/es\/resultados\/\"},{\"@type\":\"ListItem\",\"position\":3,\"name\":\"Resultados EuroMillones\"}]},{\"@type\":\"WebSite\",\"@id\":\"https:\/\/lottohoy.com\/es\/#website\",\"url\":\"https:\/\/lottohoy.com\/es\/\",\"name\":\"Lottohoy\",\"description\":\"\",\"potentialAction\":[{\"@type\":\"SearchAction\",\"target\":{\"@type\":\"EntryPoint\",\"urlTemplate\":\"https:\/\/lottohoy.com\/es\/?s={search_term_string}\"},\"query-input\":{\"@type\":\"PropertyValueSpecification\",\"valueRequired\":true,\"valueName\":\"search_term_string\"}}],\"inLanguage\":\"es\"}]}<\/script>\n<!-- \/ Yoast SEO plugin. -->","yoast_head_json":{"title":"Resultado de Euromillion - N\u00fameros Ganadores y Premios","description":"Comprueba el resultado y los premios del Euromillones, as\u00ed como los n\u00fameros ganadores y los repartos de premios durante los \u00faltimos dos a\u00f1os!","robots":{"index":"index","follow":"follow","max-snippet":"max-snippet:-1","max-image-preview":"max-image-preview:large","max-video-preview":"max-video-preview:-1"},"canonical":"https:\/\/lottohoy.com\/es\/resultados\/euromillions\/","og_locale":"es_ES","og_type":"article","og_title":"Resultado de Euromillion - N\u00fameros Ganadores y Premios","og_description":"Comprueba el resultado y los premios del Euromillones, as\u00ed como los n\u00fameros ganadores y los repartos de premios durante los \u00faltimos dos a\u00f1os!","og_url":"https:\/\/lottohoy.com\/es\/resultados\/euromillions\/","og_site_name":"Lottohoy","article_modified_time":"2025-03-26T04:11:28+00:00","twitter_card":"summary_large_image","twitter_misc":{"Tiempo de lectura":"3 minutos"},"schema":{"@context":"https:\/\/schema.org","@graph":[{"@type":"WebPage","@id":"https:\/\/lottohoy.com\/es\/resultados\/euromillions\/","url":"https:\/\/lottohoy.com\/es\/resultados\/euromillions\/","name":"Resultado de Euromillion - N\u00fameros Ganadores y Premios","isPartOf":{"@id":"https:\/\/lottohoy.com\/es\/#website"},"datePublished":"2018-05-03T13:23:37+00:00","dateModified":"2025-03-26T04:11:28+00:00","description":"Comprueba el resultado y los premios del Euromillones, as\u00ed como los n\u00fameros ganadores y los repartos de premios durante los \u00faltimos dos a\u00f1os!","breadcrumb":{"@id":"https:\/\/lottohoy.com\/es\/resultados\/euromillions\/#breadcrumb"},"inLanguage":"es","potentialAction":[{"@type":"ReadAction","target":["https:\/\/lottohoy.com\/es\/resultados\/euromillions\/"]}]},{"@type":"BreadcrumbList","@id":"https:\/\/lottohoy.com\/es\/resultados\/euromillions\/#breadcrumb","itemListElement":[{"@type":"ListItem","position":1,"name":"Home","item":"https:\/\/lottohoy.com\/es\/"},{"@type":"ListItem","position":2,"name":"Resultados de loter\u00eda","item":"https:\/\/lottohoy.com\/es\/resultados\/"},{"@type":"ListItem","position":3,"name":"Resultados EuroMillones"}]},{"@type":"WebSite","@id":"https:\/\/lottohoy.com\/es\/#website","url":"https:\/\/lottohoy.com\/es\/","name":"Lottohoy","description":"","potentialAction":[{"@type":"SearchAction","target":{"@type":"EntryPoint","urlTemplate":"https:\/\/lottohoy.com\/es\/?s={search_term_string}"},"query-input":{"@type":"PropertyValueSpecification","valueRequired":true,"valueName":"search_term_string"}}],"inLanguage":"es"}]}},"_links":{"self":[{"href":"https:\/\/lottohoy.com\/es\/wp-json\/wp\/v2\/pages\/176","targetHints":{"allow":["GET"]}}],"collection":[{"href":"https:\/\/lottohoy.com\/es\/wp-json\/wp\/v2\/pages"}],"about":[{"href":"https:\/\/lottohoy.com\/es\/wp-json\/wp\/v2\/types\/page"}],"author":[{"embeddable":true,"href":"https:\/\/lottohoy.com\/es\/wp-json\/wp\/v2\/users\/2"}],"replies":[{"embeddable":true,"href":"https:\/\/lottohoy.com\/es\/wp-json\/wp\/v2\/comments?post=176"}],"version-history":[{"count":2,"href":"https:\/\/lottohoy.com\/es\/wp-json\/wp\/v2\/pages\/176\/revisions"}],"predecessor-version":[{"id":16930,"href":"https:\/\/lottohoy.com\/es\/wp-json\/wp\/v2\/pages\/176\/revisions\/16930"}],"up":[{"embeddable":true,"href":"https:\/\/lottohoy.com\/es\/wp-json\/wp\/v2\/pages\/174"}],"wp:attachment":[{"href":"https:\/\/lottohoy.com\/es\/wp-json\/wp\/v2\/media?parent=176"}],"curies":[{"name":"wp","href":"https:\/\/api.w.org\/{rel}","templated":true}]}}