{"id":175,"date":"2018-05-03T14:23:37","date_gmt":"2018-05-03T13:23:37","guid":{"rendered":"https:\/\/www.lottohoy.com\/resultados\/eurojackpot\/"},"modified":"2025-03-26T04:19:32","modified_gmt":"2025-03-26T04:19:32","slug":"eurojackpot","status":"publish","type":"page","link":"https:\/\/lottohoy.com\/es\/resultados\/eurojackpot\/","title":{"rendered":"Resultados de Eurojackpot"},"content":{"rendered":"<p><!--more--><\/p>\n<h2><b>Comprobar resultados del Eurojackpot<\/b><\/h2>\n<p><span style=\"font-weight: 400;\">Es importante cotejar los n\u00fameros de la combinaci\u00f3n que consta en el boleto con los que se muestran en la p\u00e1gina oficial de <strong>resultados de Eurojackpot<\/strong>. Para evitar alg\u00fan error de lectura y transcripci\u00f3n con el resultado oficial, se recomienda repasar varias veces la combinaci\u00f3n que consta en el boleto antes de llegar a desprenderse de \u00e9l.<\/span> <span style=\"font-weight: 400;\">A continuaci\u00f3n, se muestran los resultados del <strong>\u00faltimo sorteo de Eurojackpot<\/strong> y la distribuci\u00f3n de premios por categor\u00edas. Tambi\u00e9n puedes consultar el resultado de todas las loter\u00edas.<\/span><\/p>\n<h2><b>Resultados Eurojackpot de hoy<\/b><\/h2>\n<p><span style=\"font-weight: 400;\">En esta p\u00e1gina puedes consultar los resultados del \u00faltimo sorteo realizado del Eurojackpot, y tambi\u00e9n de los sorteos anteriores con una antig\u00fcedad de <strong>hasta 2 a\u00f1os<\/strong>. Adem\u00e1s, puedes consultar <\/span><a href=\"https:\/\/lottohoy.com\/es\/botes\/\"><b>el bote acumulado de Eurojackpo a fecha de hoy<\/b><\/a><span style=\"font-weight: 400;\">, los ganadores y los premios en cada una de las categor\u00edas.<\/span><\/p>\n<h3><b>La ventaja de comprobar Eurojackpot en LottoHoy<\/b><\/h3>\n<p><span style=\"font-weight: 400;\"><a href=\"https:\/\/lottohoy.com\/es\/registro-abrir-tu-cuenta-de-jugador\/\">Creando una cuenta de usuario<\/a> en nuestra plataforma, tendr\u00e1 informaci\u00f3n puntual de los resultados que se hayan producido en todas y cada una de sus jugadas de loter\u00eda.<\/span> <span style=\"font-weight: 400;\">En caso de resultar agraciado con alg\u00fan premio en las diversas <strong>categor\u00edas de Eurojackpot<\/strong>, los n\u00fameros premiados y el importe de tu ganancia, se reflejar\u00e1n autom\u00e1ticamente en tu cuenta de usuario, quedando disponible desde ese mismo momento.<\/span><\/p>\n<h2><b>Anteriores sorteos de Eurojackpot<\/b><\/h2>\n<p><span style=\"font-weight: 400;\">En la parte superior derecha de la p\u00e1gina se encuentra una <strong>funci\u00f3n de calendario<\/strong> mediante la cual puedes seleccionar la fecha correspondiente al sorteo que quieres consultar.\u00a0<\/span> <span style=\"font-weight: 400;\">Clicando sobre cualquiera de estas fechas conduce al escrutinio de ese sorteo , la combinaci\u00f3n ganadora y el reparto de premios por categor\u00edas. Y recuerda que si ganas un premio ser\u00e1 ingresado autom\u00e1ticamente en tu balance para que puedas\u00a0<\/span><a href=\"https:\/\/lottohoy.com\/es\/jugar\/eurojackpot\/\"><b>jugar al Eurojackpot<\/b><\/a><span style=\"font-weight: 400;\">\u00a0de nuevo.<\/span><\/p>\n<h2><b>Reparto de premios en Eurojackpot<\/b><\/h2>\n<p><span style=\"font-weight: 400;\">La tabla de resultados de esta p\u00e1gina, nos muestra adem\u00e1s de la combinaci\u00f3n ganadora del \u00faltimo sorteo celebrado, el reparto de premios que han correspondido a cada una de las <strong>12 categor\u00edas de premios<\/strong> que prev\u00e9 Eurojackpot.<\/span> <span style=\"font-weight: 400;\">El cuadro nos indica las diversas combinaciones de n\u00fameros y soles que se deber\u00e1n acertar para tener derecho a percibir el <strong>premio<\/strong> de alguna de las categor\u00edas, as\u00ed como el <strong>importe en Euros<\/strong> (\u20ac) que corresponder\u00edan a cada acertante.<\/span><\/p>\n<h2><b>Los mayores premios y botes otorgados en Eurojackpot.<\/b><\/h2>\n<p><span style=\"font-weight: 400;\">Existe un <strong>bote m\u00ednimo garantizado de 10.000.000 \u20ac<\/strong> para los acertantes de primera categor\u00eda, es decir los 5 n\u00fameros y los dos soles. En caso de no haber acertantes de primera categor\u00eda, la cantidad de premio prevista para esa categor\u00eda se ir\u00eda <strong>acumulando<\/strong> sucesivamente cada semana, hasta llegar al bote m\u00e1ximo de 120.000.000 \u20ac.<\/span> <span style=\"font-weight: 400;\">Cuando el bote acumulado alcanza el valor de 90 millones de euros, las cantidades restantes que se generen para esa categor\u00eda, pasan a incrementar la cantidad prevista para esa segunda categor\u00eda. La segunda categor\u00eda de premios, tambi\u00e9n tiene un <strong>l\u00edmite m\u00e1ximo de 120.000.000 \u20ac<\/strong> por las sucesivas acumulaciones, y el resto pasar\u00eda para las categor\u00edas inferiores sucesivamente.<\/span> <span style=\"font-weight: 400;\">Desde el inicio de este s\u00faper sorteo, en 7 ocasiones se ha llegado a entregar el <strong>bote m\u00e1ximo<\/strong> de los 120.000.000 \u20ac<\/span><\/p>\n<table class=\"t1\" style=\"width: 475px; height: 410px;\" cellspacing=\"0\" cellpadding=\"0\">\n<tbody>\n<tr style=\"height: 51px;\">\n<td class=\"td1\" style=\"width: 124.062px; text-align: center; height: 51px;\" valign=\"top\">\n<p class=\"p1\"><b>Fecha<\/b><\/p>\n<\/td>\n<td class=\"td1\" style=\"width: 183.734px; text-align: center; height: 51px;\" valign=\"top\">\n<p class=\"p1\"><b>Cantidad Ganada<\/b><\/p>\n<\/td>\n<td class=\"td1\" style=\"width: 159.203px; text-align: center; height: 51px;\" valign=\"top\">\n<p class=\"p1\"><b>Pa\u00eds<\/b><\/p>\n<\/td>\n<\/tr>\n<tr style=\"height: 51px;\">\n<td class=\"td1\" style=\"width: 124.062px; height: 51px; text-align: center;\" valign=\"top\">\n<p class=\"p2\"><span class=\"s1\" style=\"color: #808080;\">\u00a06\/12\/ 2024<\/span><\/p>\n<\/td>\n<td class=\"td1\" style=\"width: 183.734px; height: 51px; text-align: center;\" valign=\"top\">\n<p class=\"p1\">120.000.000 \u20ac<\/p>\n<\/td>\n<td class=\"td1\" style=\"width: 159.203px; text-align: center; height: 51px;\" valign=\"top\">\n<p class=\"p1\">Alemania<\/p>\n<\/td>\n<\/tr>\n<tr style=\"height: 51px;\">\n<td class=\"td1\" style=\"width: 124.062px; height: 51px; text-align: center;\" valign=\"top\">\n<p class=\"p2\"><span class=\"s1\" style=\"color: #808080;\">\u00a04\/6\/2024<\/span><\/p>\n<\/td>\n<td class=\"td1\" style=\"width: 183.734px; height: 51px; text-align: center;\" valign=\"top\">\n<p class=\"p1\">120.000.000 \u20ac<\/p>\n<\/td>\n<td class=\"td1\" style=\"width: 159.203px; text-align: center; height: 51px;\" valign=\"top\">\n<p class=\"p1\">Dinamarca<\/p>\n<\/td>\n<\/tr>\n<tr style=\"height: 53px;\">\n<td class=\"td1\" style=\"width: 124.062px; height: 53px; text-align: center;\" valign=\"top\">\n<p class=\"p2\"><span class=\"s1\" style=\"color: #808080;\">\u00a023 \/4\/ 2024<\/span><\/p>\n<\/td>\n<td class=\"td1\" style=\"width: 183.734px; height: 53px; text-align: center;\" valign=\"top\">\n<p class=\"p1\">120.000.000 \u20ac<\/p>\n<\/td>\n<td class=\"td1\" style=\"width: 159.203px; text-align: center; height: 53px;\" valign=\"top\">\n<p class=\"p1\">Alemania, Eslovenia<\/p>\n<\/td>\n<\/tr>\n<tr style=\"height: 51px;\">\n<td class=\"td1\" style=\"width: 124.062px; height: 51px; text-align: center;\" valign=\"top\">\n<p class=\"p2\"><span class=\"s1\" style=\"color: #808080;\">16 \/1\/2024<\/span><\/p>\n<\/td>\n<td class=\"td1\" style=\"width: 183.734px; height: 51px; text-align: center;\" valign=\"top\">\n<p class=\"p1\">120.000.000 \u20ac<\/p>\n<\/td>\n<td class=\"td1\" style=\"width: 159.203px; text-align: center; height: 51px;\" valign=\"top\">\n<p class=\"p1\">Noruega<\/p>\n<\/td>\n<\/tr>\n<tr style=\"height: 51px;\">\n<td class=\"td1\" style=\"width: 124.062px; height: 51px; text-align: center;\" valign=\"top\">\n<p class=\"p2\"><span class=\"s1\" style=\"color: #808080;\">23\/6\/ 2023<\/span><\/p>\n<\/td>\n<td class=\"td1\" style=\"width: 183.734px; height: 51px; text-align: center;\" valign=\"top\">\n<p class=\"p1\">120.000.000 \u20ac<\/p>\n<\/td>\n<td class=\"td1\" style=\"width: 159.203px; text-align: center; height: 51px;\" valign=\"top\">\n<p class=\"p1\">Alemania<\/p>\n<\/td>\n<\/tr>\n<tr style=\"height: 51px;\">\n<td class=\"td1\" style=\"width: 124.062px; height: 51px; text-align: center;\" valign=\"top\">\n<p class=\"p2\"><span class=\"s1\" style=\"color: #808080;\">8\/11\/2022<\/span><\/p>\n<\/td>\n<td class=\"td1\" style=\"width: 183.734px; height: 51px; text-align: center;\" valign=\"top\">\n<p class=\"p1\">120.000.000 \u20ac<\/p>\n<\/td>\n<td class=\"td1\" style=\"width: 159.203px; text-align: center; height: 51px;\" valign=\"top\">\n<p class=\"p1\">Alemania<\/p>\n<\/td>\n<\/tr>\n<tr style=\"height: 51px;\">\n<td class=\"td1\" style=\"width: 124.062px; height: 51px; text-align: center;\" valign=\"top\">\n<p class=\"p2\"><span class=\"s1\" style=\"color: #808080;\">22\/6\/ 2022<\/span><\/p>\n<\/td>\n<td class=\"td1\" style=\"width: 183.734px; height: 51px; text-align: center;\" valign=\"top\">\n<p class=\"p1\">120.000.000 \u20ac<\/p>\n<\/td>\n<td class=\"td1\" style=\"width: 159.203px; text-align: center; height: 51px;\" valign=\"top\">\n<p class=\"p1\">Dinamarca<\/p>\n<\/td>\n<\/tr>\n<\/tbody>\n<\/table>\n","protected":false},"excerpt":{"rendered":"","protected":false},"author":2,"featured_media":0,"parent":174,"menu_order":4,"comment_status":"closed","ping_status":"closed","template":"eurojackpot-results.php","meta":{"_et_pb_use_builder":"","_et_pb_old_content":"","_et_gb_content_width":"","exclude_from_search":false,"footnotes":""},"class_list":["post-175","page","type-page","status-publish","hentry"],"yoast_head":"<!-- This site is optimized with the Yoast SEO plugin v23.7 - https:\/\/yoast.com\/wordpress\/plugins\/seo\/ -->\n<title>Resultados Eurojackpot de Hoy \u25b7 Premios de Eurojackpot<\/title>\n<meta name=\"description\" content=\"Consulta los resultados de los \u00faltimos sorteos del Eurojackpot, botes acumulados, ganadores y premios en cada una de las categor\u00edas.\" \/>\n<meta name=\"robots\" content=\"index, follow, max-snippet:-1, max-image-preview:large, max-video-preview:-1\" \/>\n<link rel=\"canonical\" href=\"https:\/\/lottohoy.com\/es\/resultados\/eurojackpot\/\" \/>\n<meta property=\"og:locale\" content=\"es_ES\" \/>\n<meta property=\"og:type\" content=\"article\" \/>\n<meta property=\"og:title\" content=\"Resultados Eurojackpot de Hoy \u25b7 Premios de Eurojackpot\" \/>\n<meta property=\"og:description\" content=\"Consulta los resultados de los \u00faltimos sorteos del Eurojackpot, botes acumulados, ganadores y premios en cada una de las categor\u00edas.\" \/>\n<meta property=\"og:url\" content=\"https:\/\/lottohoy.com\/es\/resultados\/eurojackpot\/\" \/>\n<meta property=\"og:site_name\" content=\"Lottohoy\" \/>\n<meta property=\"article:modified_time\" content=\"2025-03-26T04:19:32+00:00\" \/>\n<meta name=\"twitter:card\" content=\"summary_large_image\" \/>\n<meta name=\"twitter:label1\" content=\"Tiempo de lectura\" \/>\n\t<meta name=\"twitter:data1\" content=\"3 minutos\" \/>\n<script type=\"application\/ld+json\" class=\"yoast-schema-graph\">{\"@context\":\"https:\/\/schema.org\",\"@graph\":[{\"@type\":\"WebPage\",\"@id\":\"https:\/\/lottohoy.com\/es\/resultados\/eurojackpot\/\",\"url\":\"https:\/\/lottohoy.com\/es\/resultados\/eurojackpot\/\",\"name\":\"Resultados Eurojackpot de Hoy \u25b7 Premios de Eurojackpot\",\"isPartOf\":{\"@id\":\"https:\/\/lottohoy.com\/es\/#website\"},\"datePublished\":\"2018-05-03T13:23:37+00:00\",\"dateModified\":\"2025-03-26T04:19:32+00:00\",\"description\":\"Consulta los resultados de los \u00faltimos sorteos del Eurojackpot, botes acumulados, ganadores y premios en cada una de las categor\u00edas.\",\"breadcrumb\":{\"@id\":\"https:\/\/lottohoy.com\/es\/resultados\/eurojackpot\/#breadcrumb\"},\"inLanguage\":\"es\",\"potentialAction\":[{\"@type\":\"ReadAction\",\"target\":[\"https:\/\/lottohoy.com\/es\/resultados\/eurojackpot\/\"]}]},{\"@type\":\"BreadcrumbList\",\"@id\":\"https:\/\/lottohoy.com\/es\/resultados\/eurojackpot\/#breadcrumb\",\"itemListElement\":[{\"@type\":\"ListItem\",\"position\":1,\"name\":\"Home\",\"item\":\"https:\/\/lottohoy.com\/es\/\"},{\"@type\":\"ListItem\",\"position\":2,\"name\":\"Resultados de loter\u00eda\",\"item\":\"https:\/\/lottohoy.com\/es\/resultados\/\"},{\"@type\":\"ListItem\",\"position\":3,\"name\":\"Resultados de Eurojackpot\"}]},{\"@type\":\"WebSite\",\"@id\":\"https:\/\/lottohoy.com\/es\/#website\",\"url\":\"https:\/\/lottohoy.com\/es\/\",\"name\":\"Lottohoy\",\"description\":\"\",\"potentialAction\":[{\"@type\":\"SearchAction\",\"target\":{\"@type\":\"EntryPoint\",\"urlTemplate\":\"https:\/\/lottohoy.com\/es\/?s={search_term_string}\"},\"query-input\":{\"@type\":\"PropertyValueSpecification\",\"valueRequired\":true,\"valueName\":\"search_term_string\"}}],\"inLanguage\":\"es\"}]}<\/script>\n<!-- \/ Yoast SEO plugin. -->","yoast_head_json":{"title":"Resultados Eurojackpot de Hoy \u25b7 Premios de Eurojackpot","description":"Consulta los resultados de los \u00faltimos sorteos del Eurojackpot, botes acumulados, ganadores y premios en cada una de las categor\u00edas.","robots":{"index":"index","follow":"follow","max-snippet":"max-snippet:-1","max-image-preview":"max-image-preview:large","max-video-preview":"max-video-preview:-1"},"canonical":"https:\/\/lottohoy.com\/es\/resultados\/eurojackpot\/","og_locale":"es_ES","og_type":"article","og_title":"Resultados Eurojackpot de Hoy \u25b7 Premios de Eurojackpot","og_description":"Consulta los resultados de los \u00faltimos sorteos del Eurojackpot, botes acumulados, ganadores y premios en cada una de las categor\u00edas.","og_url":"https:\/\/lottohoy.com\/es\/resultados\/eurojackpot\/","og_site_name":"Lottohoy","article_modified_time":"2025-03-26T04:19:32+00:00","twitter_card":"summary_large_image","twitter_misc":{"Tiempo de lectura":"3 minutos"},"schema":{"@context":"https:\/\/schema.org","@graph":[{"@type":"WebPage","@id":"https:\/\/lottohoy.com\/es\/resultados\/eurojackpot\/","url":"https:\/\/lottohoy.com\/es\/resultados\/eurojackpot\/","name":"Resultados Eurojackpot de Hoy \u25b7 Premios de Eurojackpot","isPartOf":{"@id":"https:\/\/lottohoy.com\/es\/#website"},"datePublished":"2018-05-03T13:23:37+00:00","dateModified":"2025-03-26T04:19:32+00:00","description":"Consulta los resultados de los \u00faltimos sorteos del Eurojackpot, botes acumulados, ganadores y premios en cada una de las categor\u00edas.","breadcrumb":{"@id":"https:\/\/lottohoy.com\/es\/resultados\/eurojackpot\/#breadcrumb"},"inLanguage":"es","potentialAction":[{"@type":"ReadAction","target":["https:\/\/lottohoy.com\/es\/resultados\/eurojackpot\/"]}]},{"@type":"BreadcrumbList","@id":"https:\/\/lottohoy.com\/es\/resultados\/eurojackpot\/#breadcrumb","itemListElement":[{"@type":"ListItem","position":1,"name":"Home","item":"https:\/\/lottohoy.com\/es\/"},{"@type":"ListItem","position":2,"name":"Resultados de loter\u00eda","item":"https:\/\/lottohoy.com\/es\/resultados\/"},{"@type":"ListItem","position":3,"name":"Resultados de Eurojackpot"}]},{"@type":"WebSite","@id":"https:\/\/lottohoy.com\/es\/#website","url":"https:\/\/lottohoy.com\/es\/","name":"Lottohoy","description":"","potentialAction":[{"@type":"SearchAction","target":{"@type":"EntryPoint","urlTemplate":"https:\/\/lottohoy.com\/es\/?s={search_term_string}"},"query-input":{"@type":"PropertyValueSpecification","valueRequired":true,"valueName":"search_term_string"}}],"inLanguage":"es"}]}},"_links":{"self":[{"href":"https:\/\/lottohoy.com\/es\/wp-json\/wp\/v2\/pages\/175","targetHints":{"allow":["GET"]}}],"collection":[{"href":"https:\/\/lottohoy.com\/es\/wp-json\/wp\/v2\/pages"}],"about":[{"href":"https:\/\/lottohoy.com\/es\/wp-json\/wp\/v2\/types\/page"}],"author":[{"embeddable":true,"href":"https:\/\/lottohoy.com\/es\/wp-json\/wp\/v2\/users\/2"}],"replies":[{"embeddable":true,"href":"https:\/\/lottohoy.com\/es\/wp-json\/wp\/v2\/comments?post=175"}],"version-history":[{"count":6,"href":"https:\/\/lottohoy.com\/es\/wp-json\/wp\/v2\/pages\/175\/revisions"}],"predecessor-version":[{"id":16937,"href":"https:\/\/lottohoy.com\/es\/wp-json\/wp\/v2\/pages\/175\/revisions\/16937"}],"up":[{"embeddable":true,"href":"https:\/\/lottohoy.com\/es\/wp-json\/wp\/v2\/pages\/174"}],"wp:attachment":[{"href":"https:\/\/lottohoy.com\/es\/wp-json\/wp\/v2\/media?parent=175"}],"curies":[{"name":"wp","href":"https:\/\/api.w.org\/{rel}","templated":true}]}}