{"id":174,"date":"2018-05-03T14:23:36","date_gmt":"2018-05-03T13:23:36","guid":{"rendered":"https:\/\/www.lottohoy.com\/resultados\/"},"modified":"2025-02-26T10:37:04","modified_gmt":"2025-02-26T10:37:04","slug":"resultados","status":"publish","type":"page","link":"https:\/\/lottohoy.com\/es\/resultados\/","title":{"rendered":"Resultados de loter\u00eda"},"content":{"rendered":"<p><span style=\"font-weight: 400;\">Una vez finalizados los sorteos, los organizadores de <a href=\"https:\/\/lottohoy.com\/es\/jugar\/\">todas las loter\u00edas<\/a> hacen oficial el resultado, y \u00e9ste se refleja en los medios y\/o p\u00e1ginas especializadas. En algunos casos inclusive los sorteos se pueden seguir en vivo o en diferido a trav\u00e9s de la televisi\u00f3n.<\/span><\/p>\n<p><span style=\"font-weight: 400;\">En LottoHoy, publicamos <strong>todos los resultados<\/strong> una vez ha finalizado el escrutinio seguidamente se refleja la distribuci\u00f3n de premios en las diversas categor\u00edas<\/span><\/p>\n<p><!--more--><\/p>\n<h2><b>C\u00f3mo comprobar resultados de loter\u00eda<\/b><\/h2>\n<p><span style=\"font-weight: 400;\">Para comprobar los resultados de loter\u00edas, se puede consultar los propios medios de los organizadores de la loter\u00eda en cuesti\u00f3n, o bien los medios de informaci\u00f3n general (<\/span><i><span style=\"font-weight: 400;\">r\u00e1dio y TV por su inmediatez, y prensa al d\u00eda siguiente<\/span><\/i><span style=\"font-weight: 400;\">).<\/span><\/p>\n<p><span style=\"font-weight: 400;\">Los usuarios de nuestra plataforma reciben informaci\u00f3n del resultado directamente y queda reflejado en su cuenta.\u00a0<\/span><span style=\"font-weight: 400;\">En caso de obtener premio, la cantidad se ingresa directamente en el balance de cada jugador..<\/span><\/p>\n<h2><b>Premios de loter\u00eda<\/b><\/h2>\n<p><span style=\"font-weight: 400;\">Los <strong>premios de las loter\u00edas<\/strong>, son muy diversos, y dependen de varios factores.<\/span><\/p>\n<p><span style=\"font-weight: 400;\">Cada loter\u00eda tiene su propio reglamento que indica el reparto de premios, las categor\u00edas que optan a dichos premios y los importes m\u00e1ximos y m\u00ednimos destinados a esas categor\u00edas.<\/span><\/p>\n<p><span style=\"font-weight: 400;\">En unos casos y a excepci\u00f3n del premio principal (jackpot, bote\u2026) la cantidad destinada a esas categor\u00edas viene determinada por unos porcentajes sobre la recaudaci\u00f3n para ese sorteo, y en otras loter\u00edas es una cantidad fijada de antemano.<\/span><\/p>\n<p><span style=\"font-weight: 400;\">El premio de primera categor\u00eda por lo general est\u00e1 formado por una cantidad fija m\u00ednima de inicio y un porcentaje sobre la recaudaci\u00f3n para ese sorteo.<\/span><\/p>\n<p><span style=\"font-weight: 400;\">En algunas loter\u00edas, en caso de no haber acertante alguno de primera categor\u00eda, el importe previsto para premio de esa categor\u00eda, se reparte entre los restantes niveles. <\/span><\/p>\n<p><span style=\"font-weight: 400;\">En otros casos, y aqu\u00ed es donde se hacen m\u00e1s atractivas algunas loter\u00edas, de no haber acertante alguno de esa primera categor\u00eda, ese importe se acumula y se suma para el siguiente sorteo, gener\u00e1ndose unos <a href=\"https:\/\/lottohoy.com\/es\/botes\/\">botes de loter\u00eda<\/a> que llegan a alcanzar cantidades astron\u00f3micas. Al<\/span><i><span style=\"font-weight: 400;\">gunas loter\u00edas limitan la cantidad m\u00e1xima y por un periodo determinado de sorteos sin acertantes<\/span><\/i><span style=\"font-weight: 400;\">.<\/span><\/p>\n<p><span style=\"font-weight: 400;\">El mayor (Jackpot, bote\u2026) acumulado hasta la fecha se dio en la loter\u00eda <\/span><a href=\"https:\/\/lottohoy.com\/es\/jugar\/powerball\/\"><b>Powerball<\/b><\/a><span style=\"font-weight: 400;\"> con un importe <del>estimado de 1.500 millones de d\u00f3lares<\/del>. En noviembre de 2022 se alcanz\u00f3 un nuevo record hasta la fecha actual, de 2.040 millones de d\u00f3lares.<\/span><\/p>\n","protected":false},"excerpt":{"rendered":"<p>Una vez finalizados los sorteos, los organizadores de todas las loter\u00edas hacen oficial el resultado, y \u00e9ste se refleja en los medios y\/o p\u00e1ginas especializadas. En algunos casos inclusive los sorteos se pueden seguir en vivo o en diferido a trav\u00e9s de la televisi\u00f3n. En LottoHoy, publicamos todos los resultados una vez ha finalizado el [&hellip;]<\/p>\n","protected":false},"author":2,"featured_media":0,"parent":0,"menu_order":4,"comment_status":"closed","ping_status":"closed","template":"Results.php","meta":{"_et_pb_use_builder":"","_et_pb_old_content":"","_et_gb_content_width":"","exclude_from_search":false,"footnotes":""},"class_list":["post-174","page","type-page","status-publish","hentry"],"yoast_head":"<!-- This site is optimized with the Yoast SEO plugin v23.7 - https:\/\/yoast.com\/wordpress\/plugins\/seo\/ -->\n<title>Resultados de Loter\u00eda \u25b7 Sorteos de Loter\u00eda Internacional<\/title>\n<meta name=\"description\" content=\"Resultados actualizados y casi inmediatos de las principales loter\u00edas internacionales as\u00ed como distribuci\u00f3n de premios, botes acumulados y mucho m\u00e1s.\" \/>\n<meta name=\"robots\" content=\"index, follow, max-snippet:-1, max-image-preview:large, max-video-preview:-1\" \/>\n<link rel=\"canonical\" href=\"https:\/\/lottohoy.com\/es\/resultados\/\" \/>\n<meta property=\"og:locale\" content=\"es_ES\" \/>\n<meta property=\"og:type\" content=\"article\" \/>\n<meta property=\"og:title\" content=\"Resultados de Loter\u00eda \u25b7 Sorteos de Loter\u00eda Internacional\" \/>\n<meta property=\"og:description\" content=\"Resultados actualizados y casi inmediatos de las principales loter\u00edas internacionales as\u00ed como distribuci\u00f3n de premios, botes acumulados y mucho m\u00e1s.\" \/>\n<meta property=\"og:url\" content=\"https:\/\/lottohoy.com\/es\/resultados\/\" \/>\n<meta property=\"og:site_name\" content=\"Lottohoy\" \/>\n<meta property=\"article:modified_time\" content=\"2025-02-26T10:37:04+00:00\" \/>\n<meta name=\"twitter:card\" content=\"summary_large_image\" \/>\n<meta name=\"twitter:label1\" content=\"Tiempo de lectura\" \/>\n\t<meta name=\"twitter:data1\" content=\"2 minutos\" \/>\n<script type=\"application\/ld+json\" class=\"yoast-schema-graph\">{\"@context\":\"https:\/\/schema.org\",\"@graph\":[{\"@type\":\"WebPage\",\"@id\":\"https:\/\/lottohoy.com\/es\/resultados\/\",\"url\":\"https:\/\/lottohoy.com\/es\/resultados\/\",\"name\":\"Resultados de Loter\u00eda \u25b7 Sorteos de Loter\u00eda Internacional\",\"isPartOf\":{\"@id\":\"https:\/\/lottohoy.com\/es\/#website\"},\"datePublished\":\"2018-05-03T13:23:36+00:00\",\"dateModified\":\"2025-02-26T10:37:04+00:00\",\"description\":\"Resultados actualizados y casi inmediatos de las principales loter\u00edas internacionales as\u00ed como distribuci\u00f3n de premios, botes acumulados y mucho m\u00e1s.\",\"breadcrumb\":{\"@id\":\"https:\/\/lottohoy.com\/es\/resultados\/#breadcrumb\"},\"inLanguage\":\"es\",\"potentialAction\":[{\"@type\":\"ReadAction\",\"target\":[\"https:\/\/lottohoy.com\/es\/resultados\/\"]}]},{\"@type\":\"BreadcrumbList\",\"@id\":\"https:\/\/lottohoy.com\/es\/resultados\/#breadcrumb\",\"itemListElement\":[{\"@type\":\"ListItem\",\"position\":1,\"name\":\"Home\",\"item\":\"https:\/\/lottohoy.com\/es\/\"},{\"@type\":\"ListItem\",\"position\":2,\"name\":\"Resultados de loter\u00eda\"}]},{\"@type\":\"WebSite\",\"@id\":\"https:\/\/lottohoy.com\/es\/#website\",\"url\":\"https:\/\/lottohoy.com\/es\/\",\"name\":\"Lottohoy\",\"description\":\"\",\"potentialAction\":[{\"@type\":\"SearchAction\",\"target\":{\"@type\":\"EntryPoint\",\"urlTemplate\":\"https:\/\/lottohoy.com\/es\/?s={search_term_string}\"},\"query-input\":{\"@type\":\"PropertyValueSpecification\",\"valueRequired\":true,\"valueName\":\"search_term_string\"}}],\"inLanguage\":\"es\"}]}<\/script>\n<!-- \/ Yoast SEO plugin. -->","yoast_head_json":{"title":"Resultados de Loter\u00eda \u25b7 Sorteos de Loter\u00eda Internacional","description":"Resultados actualizados y casi inmediatos de las principales loter\u00edas internacionales as\u00ed como distribuci\u00f3n de premios, botes acumulados y mucho m\u00e1s.","robots":{"index":"index","follow":"follow","max-snippet":"max-snippet:-1","max-image-preview":"max-image-preview:large","max-video-preview":"max-video-preview:-1"},"canonical":"https:\/\/lottohoy.com\/es\/resultados\/","og_locale":"es_ES","og_type":"article","og_title":"Resultados de Loter\u00eda \u25b7 Sorteos de Loter\u00eda Internacional","og_description":"Resultados actualizados y casi inmediatos de las principales loter\u00edas internacionales as\u00ed como distribuci\u00f3n de premios, botes acumulados y mucho m\u00e1s.","og_url":"https:\/\/lottohoy.com\/es\/resultados\/","og_site_name":"Lottohoy","article_modified_time":"2025-02-26T10:37:04+00:00","twitter_card":"summary_large_image","twitter_misc":{"Tiempo de lectura":"2 minutos"},"schema":{"@context":"https:\/\/schema.org","@graph":[{"@type":"WebPage","@id":"https:\/\/lottohoy.com\/es\/resultados\/","url":"https:\/\/lottohoy.com\/es\/resultados\/","name":"Resultados de Loter\u00eda \u25b7 Sorteos de Loter\u00eda Internacional","isPartOf":{"@id":"https:\/\/lottohoy.com\/es\/#website"},"datePublished":"2018-05-03T13:23:36+00:00","dateModified":"2025-02-26T10:37:04+00:00","description":"Resultados actualizados y casi inmediatos de las principales loter\u00edas internacionales as\u00ed como distribuci\u00f3n de premios, botes acumulados y mucho m\u00e1s.","breadcrumb":{"@id":"https:\/\/lottohoy.com\/es\/resultados\/#breadcrumb"},"inLanguage":"es","potentialAction":[{"@type":"ReadAction","target":["https:\/\/lottohoy.com\/es\/resultados\/"]}]},{"@type":"BreadcrumbList","@id":"https:\/\/lottohoy.com\/es\/resultados\/#breadcrumb","itemListElement":[{"@type":"ListItem","position":1,"name":"Home","item":"https:\/\/lottohoy.com\/es\/"},{"@type":"ListItem","position":2,"name":"Resultados de loter\u00eda"}]},{"@type":"WebSite","@id":"https:\/\/lottohoy.com\/es\/#website","url":"https:\/\/lottohoy.com\/es\/","name":"Lottohoy","description":"","potentialAction":[{"@type":"SearchAction","target":{"@type":"EntryPoint","urlTemplate":"https:\/\/lottohoy.com\/es\/?s={search_term_string}"},"query-input":{"@type":"PropertyValueSpecification","valueRequired":true,"valueName":"search_term_string"}}],"inLanguage":"es"}]}},"_links":{"self":[{"href":"https:\/\/lottohoy.com\/es\/wp-json\/wp\/v2\/pages\/174","targetHints":{"allow":["GET"]}}],"collection":[{"href":"https:\/\/lottohoy.com\/es\/wp-json\/wp\/v2\/pages"}],"about":[{"href":"https:\/\/lottohoy.com\/es\/wp-json\/wp\/v2\/types\/page"}],"author":[{"embeddable":true,"href":"https:\/\/lottohoy.com\/es\/wp-json\/wp\/v2\/users\/2"}],"replies":[{"embeddable":true,"href":"https:\/\/lottohoy.com\/es\/wp-json\/wp\/v2\/comments?post=174"}],"version-history":[{"count":3,"href":"https:\/\/lottohoy.com\/es\/wp-json\/wp\/v2\/pages\/174\/revisions"}],"predecessor-version":[{"id":14922,"href":"https:\/\/lottohoy.com\/es\/wp-json\/wp\/v2\/pages\/174\/revisions\/14922"}],"wp:attachment":[{"href":"https:\/\/lottohoy.com\/es\/wp-json\/wp\/v2\/media?parent=174"}],"curies":[{"name":"wp","href":"https:\/\/api.w.org\/{rel}","templated":true}]}}