{"id":173,"date":"2018-05-03T14:23:36","date_gmt":"2018-05-03T13:23:36","guid":{"rendered":"https:\/\/www.lottohoy.com\/informacion\/lotto-uk\/"},"modified":"2025-03-25T12:28:37","modified_gmt":"2025-03-25T12:28:37","slug":"lotto-uk","status":"publish","type":"page","link":"https:\/\/lottohoy.com\/es\/informacion\/lotto-uk\/","title":{"rendered":"Informaci\u00f3n de UK Lottery"},"content":{"rendered":"<p>La Lotto de UK, que se inici\u00f3 en 1994, es una loter\u00eda de Rino Unido que se celebra cada mi\u00e9rcoles y s\u00e1bados. Adem\u00e1s cuenta con un premio m\u00ednimo garantizado de \u00a32,500,000. <!--more--><\/p>\n<h2><b>\u00bfQu\u00e9 es Lotto UK?<\/b><\/h2>\n<p><span style=\"font-weight: 400;\">La Lotto UK es la loter\u00eda nacional del Reino Unido, como ya hemos mencionado fue creada en 1994 y desde entonces ha ido creciendo el inter\u00e9s sobre ella, de manera que se han producido algunos cambios en su reglamentaci\u00f3n.<\/span> <span style=\"font-weight: 400;\">Las bolas que componen y determinan las combinaciones ganadoras, son 59 en total, y curiosamente est\u00e1n divididas en colores de manera que cada decena de n\u00fameros es de un color diferente ( 1 al 9 son blancas, 10 a 19 azules, y le siguen rosa, verde, amarillo y violeta).<\/span> <span style=\"font-weight: 400;\">El sorteo consiste en extraer 6 bolas + una s\u00e9ptima como \u201cbonus\u201d, y con cada boleto de apuesta se adjunta un c\u00f3digo de letras y n\u00fameros para participar en la Rifa Millonaria sin costo alguno, en las administraciones f\u00edsicas.<\/span> <span style=\"font-weight: 400;\">El bote m\u00ednimo garantizado es de\u00a0<\/span>\u00a32,500,000, mientras\u00a0 que el\u00a0<span style=\"font-weight: 400;\">m\u00e1ximo que se puede alcanzar con diversas acumulaciones es de 22 millones de libras.<\/span> <span style=\"font-weight: 400;\">El reparto de premios se distribuye entre 7 categor\u00edas seg\u00fan detalle:<\/span><\/p>\n<ul>\n<li><b>Primera categor\u00eda<\/b><span style=\"font-weight: 400;\">. Acertando los 6 n\u00fameros de la combinaci\u00f3n extra\u00edda, gana el Bote.<\/span><\/li>\n<li><b>Segunda categor\u00eda<\/b><span style=\"font-weight: 400;\">. Acertando los 5 n\u00fameros + la bola de bonus, gana un premio estimado de 50.000 <\/span><span style=\"font-weight: 400;\">\u00a3.<\/span><\/li>\n<li><b>Tercera categor\u00eda<\/b><span style=\"font-weight: 400;\">. Acertando 5 n\u00fameros, gana un premio estimado de 1.000 \u00a3.<\/span><\/li>\n<li><b>Cuarta categor\u00eda<\/b><span style=\"font-weight: 400;\">. Acertando 4 n\u00fameros, gana un premio estimado de 100 \u00a3.<\/span><\/li>\n<li><b>Quinta categor\u00eda<\/b><span style=\"font-weight: 400;\">. Acertando 3 n\u00fameros, gana 25 \u00a3.<\/span><\/li>\n<li><b>Sexta categor\u00eda<\/b><span style=\"font-weight: 400;\">. Acertando 2 n\u00fameros, gana un boleto gratis de Lotto Lucky Dip.<\/span><\/li>\n<\/ul>\n<h2><b>\u00bfC\u00f3mo se juega a la Lotto UK?<\/b><\/h2>\n<p><span style=\"font-weight: 400;\">Jugar a la Lotto UK en LottoHoy.com es muy f\u00e1cil, si ya se dispones de una cuenta de usuario, simplemente es cuesti\u00f3n de entrar en la pantalla de Lotto UK, realizar las apuestas que se deseen y proceder al pago a trav\u00e9s de cualquiera de los medios de pago que ponemos a su disposici\u00f3n o bien de fondos propios en la cuenta, si los tiene.<\/span> <span style=\"font-weight: 400;\">Para aquellas personas que a\u00fan no dispongan de una cuenta de usuario, pueden registrarse en unos segundos y despu\u00e9s el procedimiento de entrada es el mismo.\u00a0<\/span> <span style=\"font-weight: 400;\">Una vez en la p\u00e1gina de <a href=\"https:\/\/lottohoy.com\/es\/jugar\/lotto-uk\/\">jugar a la Lotto UK<\/a> podemos ver 5 bloques o columnas con casillas numeradas del 1 al 59 respectivamente, y debemos elegir 6 n\u00fameros de la primera columna (<\/span><i><span style=\"font-weight: 400;\">un boleto)<\/span><\/i><span style=\"font-weight: 400;\"> si se desea hacer una apuesta \u00fanica.<\/span> <span style=\"font-weight: 400;\">Si desea jugar m\u00e1s columnas, en esta pagina se muestran hasta 5 columnas, pero clicando sobre el cuadrado que dice MAS LINEAS, se abre la posibilidad de disponer de 10 columnas para jugar.<\/span> <span style=\"font-weight: 400;\">Una vez decidido las columnas (apuestas) que se desea, simplemente debemos CONTINUAR y realizar el pago.<\/span><\/p>\n<h3><b>Precio de apuesta Lotto UK<\/b><\/h3>\n<p><span style=\"font-weight: 400;\">El precio oficial de cada apuesta de Lotto UK es de 4,75 \u20ac , pero este precio puede variar sensiblemente para aquellas personas que accedan a la compra fuera de Reino Unido y realicen la compra online.<\/span> <span style=\"font-weight: 400;\">La diferencia en el precio de la apuesta puede venir motivada por el pago de comisi\u00f3n al agente f\u00edsico que realiza la compra en Reino Unido y los gastos de gesti\u00f3n de la plataforma online.<\/span><\/p>\n<h2>Probabilidad de ganar UK Lotto<\/h2>\n<p>Todos queremos ganar la mayor cantidad de dinero posible cuando jugamos a la loter\u00eda. En la siguiente tabla puedes consultar\u00a0 qu\u00e9 probabilidades tienes de ganar alguno de los premios. Combina estas estad\u00edsticas con los \u00faltimos <a href=\"https:\/\/lottohoy.com\/es\/resultados\/lotto-uk\/\">resultados de Lotto UK<\/a> para sacar el mayor beneficio.<\/p>\n","protected":false},"excerpt":{"rendered":"<p>La Lotto de UK, que se inici\u00f3 en 1994, es una loter\u00eda de Rino Unido que se celebra cada mi\u00e9rcoles y s\u00e1bados. Adem\u00e1s cuenta con un premio m\u00ednimo garantizado de \u00a32,500,000.<\/p>\n","protected":false},"author":2,"featured_media":0,"parent":166,"menu_order":3,"comment_status":"closed","ping_status":"closed","template":"lotto-uk-info.php","meta":{"_et_pb_use_builder":"","_et_pb_old_content":"","_et_gb_content_width":"","exclude_from_search":false,"footnotes":""},"class_list":["post-173","page","type-page","status-publish","hentry"],"yoast_head":"<!-- This site is optimized with the Yoast SEO plugin v23.7 - https:\/\/yoast.com\/wordpress\/plugins\/seo\/ -->\n<title>Informaci\u00f3n de Lotto UK - Reglas, precio y premios - LottoHoy.com<\/title>\n<meta name=\"description\" content=\"La Lotto de UK es una loter\u00eda de Reino Unico que se celebra cada mi\u00e9rcoles y s\u00e1bado. Cuenta con un premio m\u00ednimo garantizado de \u00a32,500,000. Juega ahora!\" \/>\n<meta name=\"robots\" content=\"index, follow, max-snippet:-1, max-image-preview:large, max-video-preview:-1\" \/>\n<link rel=\"canonical\" href=\"https:\/\/lottohoy.com\/es\/informacion\/lotto-uk\/\" \/>\n<meta property=\"og:locale\" content=\"es_ES\" \/>\n<meta property=\"og:type\" content=\"article\" \/>\n<meta property=\"og:title\" content=\"Informaci\u00f3n de Lotto UK - Reglas, precio y premios - LottoHoy.com\" \/>\n<meta property=\"og:description\" content=\"La Lotto de UK es una loter\u00eda de Reino Unico que se celebra cada mi\u00e9rcoles y s\u00e1bado. Cuenta con un premio m\u00ednimo garantizado de \u00a32,500,000. Juega ahora!\" \/>\n<meta property=\"og:url\" content=\"https:\/\/lottohoy.com\/es\/informacion\/lotto-uk\/\" \/>\n<meta property=\"og:site_name\" content=\"Lottohoy\" \/>\n<meta property=\"article:modified_time\" content=\"2025-03-25T12:28:37+00:00\" \/>\n<meta name=\"twitter:card\" content=\"summary_large_image\" \/>\n<meta name=\"twitter:label1\" content=\"Tiempo de lectura\" \/>\n\t<meta name=\"twitter:data1\" content=\"3 minutos\" \/>\n<script type=\"application\/ld+json\" class=\"yoast-schema-graph\">{\"@context\":\"https:\/\/schema.org\",\"@graph\":[{\"@type\":\"WebPage\",\"@id\":\"https:\/\/lottohoy.com\/es\/informacion\/lotto-uk\/\",\"url\":\"https:\/\/lottohoy.com\/es\/informacion\/lotto-uk\/\",\"name\":\"Informaci\u00f3n de Lotto UK - Reglas, precio y premios - LottoHoy.com\",\"isPartOf\":{\"@id\":\"https:\/\/lottohoy.com\/es\/#website\"},\"datePublished\":\"2018-05-03T13:23:36+00:00\",\"dateModified\":\"2025-03-25T12:28:37+00:00\",\"description\":\"La Lotto de UK es una loter\u00eda de Reino Unico que se celebra cada mi\u00e9rcoles y s\u00e1bado. Cuenta con un premio m\u00ednimo garantizado de \u00a32,500,000. Juega ahora!\",\"breadcrumb\":{\"@id\":\"https:\/\/lottohoy.com\/es\/informacion\/lotto-uk\/#breadcrumb\"},\"inLanguage\":\"es\",\"potentialAction\":[{\"@type\":\"ReadAction\",\"target\":[\"https:\/\/lottohoy.com\/es\/informacion\/lotto-uk\/\"]}]},{\"@type\":\"BreadcrumbList\",\"@id\":\"https:\/\/lottohoy.com\/es\/informacion\/lotto-uk\/#breadcrumb\",\"itemListElement\":[{\"@type\":\"ListItem\",\"position\":1,\"name\":\"Home\",\"item\":\"https:\/\/lottohoy.com\/es\/\"},{\"@type\":\"ListItem\",\"position\":2,\"name\":\"Todo sobre la loter\u00eda online\",\"item\":\"https:\/\/lottohoy.com\/es\/informacion\/\"},{\"@type\":\"ListItem\",\"position\":3,\"name\":\"Informaci\u00f3n de UK Lottery\"}]},{\"@type\":\"WebSite\",\"@id\":\"https:\/\/lottohoy.com\/es\/#website\",\"url\":\"https:\/\/lottohoy.com\/es\/\",\"name\":\"Lottohoy\",\"description\":\"\",\"potentialAction\":[{\"@type\":\"SearchAction\",\"target\":{\"@type\":\"EntryPoint\",\"urlTemplate\":\"https:\/\/lottohoy.com\/es\/?s={search_term_string}\"},\"query-input\":{\"@type\":\"PropertyValueSpecification\",\"valueRequired\":true,\"valueName\":\"search_term_string\"}}],\"inLanguage\":\"es\"}]}<\/script>\n<!-- \/ Yoast SEO plugin. -->","yoast_head_json":{"title":"Informaci\u00f3n de Lotto UK - Reglas, precio y premios - LottoHoy.com","description":"La Lotto de UK es una loter\u00eda de Reino Unico que se celebra cada mi\u00e9rcoles y s\u00e1bado. Cuenta con un premio m\u00ednimo garantizado de \u00a32,500,000. Juega ahora!","robots":{"index":"index","follow":"follow","max-snippet":"max-snippet:-1","max-image-preview":"max-image-preview:large","max-video-preview":"max-video-preview:-1"},"canonical":"https:\/\/lottohoy.com\/es\/informacion\/lotto-uk\/","og_locale":"es_ES","og_type":"article","og_title":"Informaci\u00f3n de Lotto UK - Reglas, precio y premios - LottoHoy.com","og_description":"La Lotto de UK es una loter\u00eda de Reino Unico que se celebra cada mi\u00e9rcoles y s\u00e1bado. Cuenta con un premio m\u00ednimo garantizado de \u00a32,500,000. Juega ahora!","og_url":"https:\/\/lottohoy.com\/es\/informacion\/lotto-uk\/","og_site_name":"Lottohoy","article_modified_time":"2025-03-25T12:28:37+00:00","twitter_card":"summary_large_image","twitter_misc":{"Tiempo de lectura":"3 minutos"},"schema":{"@context":"https:\/\/schema.org","@graph":[{"@type":"WebPage","@id":"https:\/\/lottohoy.com\/es\/informacion\/lotto-uk\/","url":"https:\/\/lottohoy.com\/es\/informacion\/lotto-uk\/","name":"Informaci\u00f3n de Lotto UK - Reglas, precio y premios - LottoHoy.com","isPartOf":{"@id":"https:\/\/lottohoy.com\/es\/#website"},"datePublished":"2018-05-03T13:23:36+00:00","dateModified":"2025-03-25T12:28:37+00:00","description":"La Lotto de UK es una loter\u00eda de Reino Unico que se celebra cada mi\u00e9rcoles y s\u00e1bado. Cuenta con un premio m\u00ednimo garantizado de \u00a32,500,000. Juega ahora!","breadcrumb":{"@id":"https:\/\/lottohoy.com\/es\/informacion\/lotto-uk\/#breadcrumb"},"inLanguage":"es","potentialAction":[{"@type":"ReadAction","target":["https:\/\/lottohoy.com\/es\/informacion\/lotto-uk\/"]}]},{"@type":"BreadcrumbList","@id":"https:\/\/lottohoy.com\/es\/informacion\/lotto-uk\/#breadcrumb","itemListElement":[{"@type":"ListItem","position":1,"name":"Home","item":"https:\/\/lottohoy.com\/es\/"},{"@type":"ListItem","position":2,"name":"Todo sobre la loter\u00eda online","item":"https:\/\/lottohoy.com\/es\/informacion\/"},{"@type":"ListItem","position":3,"name":"Informaci\u00f3n de UK Lottery"}]},{"@type":"WebSite","@id":"https:\/\/lottohoy.com\/es\/#website","url":"https:\/\/lottohoy.com\/es\/","name":"Lottohoy","description":"","potentialAction":[{"@type":"SearchAction","target":{"@type":"EntryPoint","urlTemplate":"https:\/\/lottohoy.com\/es\/?s={search_term_string}"},"query-input":{"@type":"PropertyValueSpecification","valueRequired":true,"valueName":"search_term_string"}}],"inLanguage":"es"}]}},"_links":{"self":[{"href":"https:\/\/lottohoy.com\/es\/wp-json\/wp\/v2\/pages\/173","targetHints":{"allow":["GET"]}}],"collection":[{"href":"https:\/\/lottohoy.com\/es\/wp-json\/wp\/v2\/pages"}],"about":[{"href":"https:\/\/lottohoy.com\/es\/wp-json\/wp\/v2\/types\/page"}],"author":[{"embeddable":true,"href":"https:\/\/lottohoy.com\/es\/wp-json\/wp\/v2\/users\/2"}],"replies":[{"embeddable":true,"href":"https:\/\/lottohoy.com\/es\/wp-json\/wp\/v2\/comments?post=173"}],"version-history":[{"count":4,"href":"https:\/\/lottohoy.com\/es\/wp-json\/wp\/v2\/pages\/173\/revisions"}],"predecessor-version":[{"id":16790,"href":"https:\/\/lottohoy.com\/es\/wp-json\/wp\/v2\/pages\/173\/revisions\/16790"}],"up":[{"embeddable":true,"href":"https:\/\/lottohoy.com\/es\/wp-json\/wp\/v2\/pages\/166"}],"wp:attachment":[{"href":"https:\/\/lottohoy.com\/es\/wp-json\/wp\/v2\/media?parent=173"}],"curies":[{"name":"wp","href":"https:\/\/api.w.org\/{rel}","templated":true}]}}