{"id":172,"date":"2018-05-03T14:23:35","date_gmt":"2018-05-03T13:23:35","guid":{"rendered":"https:\/\/www.lottohoy.com\/informacion\/superenalotto\/"},"modified":"2025-03-25T12:53:07","modified_gmt":"2025-03-25T12:53:07","slug":"superenalotto","status":"publish","type":"page","link":"https:\/\/lottohoy.com\/es\/informacion\/superenalotto\/","title":{"rendered":"Informaci\u00f3n SuperEnalotto"},"content":{"rendered":"<p><!--more--><\/p>\n<h2><b>Loter\u00eda italiana SuperEnalotto<\/b><\/h2>\n<p><span style=\"font-weight: 400;\">SuperEnalotto existe desde 1997, a\u00f1o en que sustituy\u00f3 a su predecesora la loter\u00eda Enalotto. En un principio, la elaboraci\u00f3n de la combinaci\u00f3n ganadora era bastante compleja, ya que estaba basada en la extracci\u00f3n de la primera bola de cada una de las t\u00f3mbolas que se celebraban en las poblaciones de <\/span><i><span style=\"font-weight: 400;\">Bari, Florencia, Mil\u00e1n, Roma, N\u00e1poles y Palermo<\/span><\/i><span style=\"font-weight: 400;\">.<\/span><\/p>\n<p><span style=\"font-weight: 400;\">Es decir, cada una de estas t\u00f3mbolas efectuaban un sorteo propio, y la primera bola que se extra\u00eda de cada t\u00f3mbola, era la que conformaba la combinaci\u00f3n ganadora de SuperEnalotto. <\/span><span style=\"font-weight: 400;\">En el caso de que alguna de las bolas de una de las t\u00f3mbolas hubiese salido con el mismo n\u00famero que otras de las t\u00f3mbolas, \u00e9sta bola era sustitu\u00edda por la segunda, tercera , etc..<br \/>\n<\/span><span style=\"font-weight: 400;\">Para completar todo el juego, se tomaba la primera bola sacada de la t\u00f3mbola de Venecia, y a ese n\u00famero se le daba la categor\u00eda de Jolly, mientras que para determinar el S\u00faper Star, se recog\u00eda la primera bola extra\u00eda de la t\u00f3mbola nacional.<\/span><\/p>\n<p><span style=\"font-weight: 400;\">Toda esta complejidad se simplifico a partir de 2009, con la entrada en vigor del nuevo reglamento, procediendo a sustituir las bolas de las extracciones de aquellas t\u00f3mbolas para sacar las bolas directamente de dos \u00fanicos bombos.\u00a0<\/span><span style=\"font-weight: 400;\">Uno de ellos con las bolas que determinaran la combinaci\u00f3n de 6 n\u00fameros, m\u00e1s una s\u00e9ptima bola para el Jolly, y mediante el otro bombo extraer la bola para el S\u00faper Star.<\/span><\/p>\n<p><span style=\"font-weight: 400;\">La distribuci\u00f3n de premios se hace a partir de la recaudaci\u00f3n, repartiendo por las diversas categor\u00edas, y en caso de no haber acertantes de alguna de las categor\u00edas, esa cantidad prevista se acumula en un bote par el siguiente sorteo.<\/span><\/p>\n<p><span style=\"font-weight: 400;\">Por lo general y debido a la dificultad de conseguir la combinaci\u00f3n ganadora, es bastante frecuente que se creen botes multimillonarios.<\/span><\/p>\n<h2><b>Ventajas de jugar Superenalotto online<\/b><\/h2>\n<ul>\n<li><span style=\"font-weight: 400;\">Una de las grandes ventajas de <a href=\"https:\/\/lottohoy.com\/es\/jugar\/superenalotto\/\">jugar a Superenalotto online<\/a> es la <strong>comodidad de poder hacerlo a cualquier hora del d\u00eda o la noche, 24\/7 los 365 d\u00edas del a\u00f1o<\/strong>. Simplemente disponiendo de un dispositivo m\u00f3vil, una Tablet o equipo d escritorio, y desde cualquier lugar del mundo.<\/span><\/li>\n<li><span style=\"font-weight: 400;\">Los no residentes en Italia, a trav\u00e9s de LottoHoy.com tienen la posibilidad real de acceder a esta jugosa loter\u00eda y sus grandes botes.<\/span><\/li>\n<li><span style=\"font-weight: 400;\">Se compra directamente el boleto al establecimiento autorizado y de esa forma la participaci\u00f3n es real. O a trav\u00e9s de seguro.<\/span><\/li>\n<li><span style=\"font-weight: 400;\">Ingreso de manera instant\u00e1nea los premios conseguidos, tras la publicaci\u00f3n de los <a href=\"https:\/\/lottohoy.com\/es\/jugar\/superenalotto\/\">resultados de Superenalotto<\/a>.<\/span><\/li>\n<li><span style=\"font-weight: 400;\">Se dispone tambi\u00e9n de un banco de informaci\u00f3n de todas las operaciones realizadas, la custodia de los boletos adquiridos, evitando de esa manera las posibles p\u00e9rdidas u olvidos.<\/span><\/li>\n<li><span style=\"font-weight: 400;\">Informaci\u00f3n puntual de todos los botes a medida que se vayan acumulando para que no se pierda la ocasi\u00f3n de participar en ellos.<\/span><\/li>\n<li><span style=\"font-weight: 400;\">Una amplia variedad de m\u00e9todos de pago, ingresos y retiros.<\/span><\/li>\n<\/ul>\n<h2>Probabilidad de ganar un premio en SuperEnalotto<\/h2>\n<p>Consulta la cantidad media de dinero que se puede ganar en cada una de las categor\u00edas adem\u00e1s de la probabilidad estad\u00edstica de que consigas ganar el boto o alguno de los otros premios.<\/p>\n","protected":false},"excerpt":{"rendered":"","protected":false},"author":2,"featured_media":0,"parent":166,"menu_order":5,"comment_status":"closed","ping_status":"closed","template":"superenalotto-info.php","meta":{"_et_pb_use_builder":"","_et_pb_old_content":"","_et_gb_content_width":"","exclude_from_search":false,"footnotes":""},"class_list":["post-172","page","type-page","status-publish","hentry"],"yoast_head":"<!-- This site is optimized with the Yoast SEO plugin v23.7 - https:\/\/yoast.com\/wordpress\/plugins\/seo\/ -->\n<title>Todo sobre SuperEnalotto - Loter\u00eda de Italia Online<\/title>\n<meta name=\"description\" content=\"En Superenalotto, la loter\u00eda de Italia es bastante frecuente que se creen botes multimillonarios. \u00a1Consigue tu boleto online!\" \/>\n<meta name=\"robots\" content=\"index, follow, max-snippet:-1, max-image-preview:large, max-video-preview:-1\" \/>\n<link rel=\"canonical\" href=\"https:\/\/lottohoy.com\/es\/informacion\/superenalotto\/\" \/>\n<meta property=\"og:locale\" content=\"es_ES\" \/>\n<meta property=\"og:type\" content=\"article\" \/>\n<meta property=\"og:title\" content=\"Todo sobre SuperEnalotto - Loter\u00eda de Italia Online\" \/>\n<meta property=\"og:description\" content=\"En Superenalotto, la loter\u00eda de Italia es bastante frecuente que se creen botes multimillonarios. \u00a1Consigue tu boleto online!\" \/>\n<meta property=\"og:url\" content=\"https:\/\/lottohoy.com\/es\/informacion\/superenalotto\/\" \/>\n<meta property=\"og:site_name\" content=\"Lottohoy\" \/>\n<meta property=\"article:modified_time\" content=\"2025-03-25T12:53:07+00:00\" \/>\n<meta name=\"twitter:card\" content=\"summary_large_image\" \/>\n<meta name=\"twitter:label1\" content=\"Tiempo de lectura\" \/>\n\t<meta name=\"twitter:data1\" content=\"3 minutos\" \/>\n<script type=\"application\/ld+json\" class=\"yoast-schema-graph\">{\"@context\":\"https:\/\/schema.org\",\"@graph\":[{\"@type\":\"WebPage\",\"@id\":\"https:\/\/lottohoy.com\/es\/informacion\/superenalotto\/\",\"url\":\"https:\/\/lottohoy.com\/es\/informacion\/superenalotto\/\",\"name\":\"Todo sobre SuperEnalotto - Loter\u00eda de Italia Online\",\"isPartOf\":{\"@id\":\"https:\/\/lottohoy.com\/es\/#website\"},\"datePublished\":\"2018-05-03T13:23:35+00:00\",\"dateModified\":\"2025-03-25T12:53:07+00:00\",\"description\":\"En Superenalotto, la loter\u00eda de Italia es bastante frecuente que se creen botes multimillonarios. \u00a1Consigue tu boleto online!\",\"breadcrumb\":{\"@id\":\"https:\/\/lottohoy.com\/es\/informacion\/superenalotto\/#breadcrumb\"},\"inLanguage\":\"es\",\"potentialAction\":[{\"@type\":\"ReadAction\",\"target\":[\"https:\/\/lottohoy.com\/es\/informacion\/superenalotto\/\"]}]},{\"@type\":\"BreadcrumbList\",\"@id\":\"https:\/\/lottohoy.com\/es\/informacion\/superenalotto\/#breadcrumb\",\"itemListElement\":[{\"@type\":\"ListItem\",\"position\":1,\"name\":\"Home\",\"item\":\"https:\/\/lottohoy.com\/es\/\"},{\"@type\":\"ListItem\",\"position\":2,\"name\":\"Todo sobre la loter\u00eda online\",\"item\":\"https:\/\/lottohoy.com\/es\/informacion\/\"},{\"@type\":\"ListItem\",\"position\":3,\"name\":\"Informaci\u00f3n SuperEnalotto\"}]},{\"@type\":\"WebSite\",\"@id\":\"https:\/\/lottohoy.com\/es\/#website\",\"url\":\"https:\/\/lottohoy.com\/es\/\",\"name\":\"Lottohoy\",\"description\":\"\",\"potentialAction\":[{\"@type\":\"SearchAction\",\"target\":{\"@type\":\"EntryPoint\",\"urlTemplate\":\"https:\/\/lottohoy.com\/es\/?s={search_term_string}\"},\"query-input\":{\"@type\":\"PropertyValueSpecification\",\"valueRequired\":true,\"valueName\":\"search_term_string\"}}],\"inLanguage\":\"es\"}]}<\/script>\n<!-- \/ Yoast SEO plugin. -->","yoast_head_json":{"title":"Todo sobre SuperEnalotto - Loter\u00eda de Italia Online","description":"En Superenalotto, la loter\u00eda de Italia es bastante frecuente que se creen botes multimillonarios. \u00a1Consigue tu boleto online!","robots":{"index":"index","follow":"follow","max-snippet":"max-snippet:-1","max-image-preview":"max-image-preview:large","max-video-preview":"max-video-preview:-1"},"canonical":"https:\/\/lottohoy.com\/es\/informacion\/superenalotto\/","og_locale":"es_ES","og_type":"article","og_title":"Todo sobre SuperEnalotto - Loter\u00eda de Italia Online","og_description":"En Superenalotto, la loter\u00eda de Italia es bastante frecuente que se creen botes multimillonarios. \u00a1Consigue tu boleto online!","og_url":"https:\/\/lottohoy.com\/es\/informacion\/superenalotto\/","og_site_name":"Lottohoy","article_modified_time":"2025-03-25T12:53:07+00:00","twitter_card":"summary_large_image","twitter_misc":{"Tiempo de lectura":"3 minutos"},"schema":{"@context":"https:\/\/schema.org","@graph":[{"@type":"WebPage","@id":"https:\/\/lottohoy.com\/es\/informacion\/superenalotto\/","url":"https:\/\/lottohoy.com\/es\/informacion\/superenalotto\/","name":"Todo sobre SuperEnalotto - Loter\u00eda de Italia Online","isPartOf":{"@id":"https:\/\/lottohoy.com\/es\/#website"},"datePublished":"2018-05-03T13:23:35+00:00","dateModified":"2025-03-25T12:53:07+00:00","description":"En Superenalotto, la loter\u00eda de Italia es bastante frecuente que se creen botes multimillonarios. \u00a1Consigue tu boleto online!","breadcrumb":{"@id":"https:\/\/lottohoy.com\/es\/informacion\/superenalotto\/#breadcrumb"},"inLanguage":"es","potentialAction":[{"@type":"ReadAction","target":["https:\/\/lottohoy.com\/es\/informacion\/superenalotto\/"]}]},{"@type":"BreadcrumbList","@id":"https:\/\/lottohoy.com\/es\/informacion\/superenalotto\/#breadcrumb","itemListElement":[{"@type":"ListItem","position":1,"name":"Home","item":"https:\/\/lottohoy.com\/es\/"},{"@type":"ListItem","position":2,"name":"Todo sobre la loter\u00eda online","item":"https:\/\/lottohoy.com\/es\/informacion\/"},{"@type":"ListItem","position":3,"name":"Informaci\u00f3n SuperEnalotto"}]},{"@type":"WebSite","@id":"https:\/\/lottohoy.com\/es\/#website","url":"https:\/\/lottohoy.com\/es\/","name":"Lottohoy","description":"","potentialAction":[{"@type":"SearchAction","target":{"@type":"EntryPoint","urlTemplate":"https:\/\/lottohoy.com\/es\/?s={search_term_string}"},"query-input":{"@type":"PropertyValueSpecification","valueRequired":true,"valueName":"search_term_string"}}],"inLanguage":"es"}]}},"_links":{"self":[{"href":"https:\/\/lottohoy.com\/es\/wp-json\/wp\/v2\/pages\/172","targetHints":{"allow":["GET"]}}],"collection":[{"href":"https:\/\/lottohoy.com\/es\/wp-json\/wp\/v2\/pages"}],"about":[{"href":"https:\/\/lottohoy.com\/es\/wp-json\/wp\/v2\/types\/page"}],"author":[{"embeddable":true,"href":"https:\/\/lottohoy.com\/es\/wp-json\/wp\/v2\/users\/2"}],"replies":[{"embeddable":true,"href":"https:\/\/lottohoy.com\/es\/wp-json\/wp\/v2\/comments?post=172"}],"version-history":[{"count":2,"href":"https:\/\/lottohoy.com\/es\/wp-json\/wp\/v2\/pages\/172\/revisions"}],"predecessor-version":[{"id":16810,"href":"https:\/\/lottohoy.com\/es\/wp-json\/wp\/v2\/pages\/172\/revisions\/16810"}],"up":[{"embeddable":true,"href":"https:\/\/lottohoy.com\/es\/wp-json\/wp\/v2\/pages\/166"}],"wp:attachment":[{"href":"https:\/\/lottohoy.com\/es\/wp-json\/wp\/v2\/media?parent=172"}],"curies":[{"name":"wp","href":"https:\/\/api.w.org\/{rel}","templated":true}]}}