{"id":171,"date":"2018-05-03T14:23:34","date_gmt":"2018-05-03T13:23:34","guid":{"rendered":"https:\/\/www.lottohoy.com\/informacion\/powerball\/"},"modified":"2025-03-25T11:13:22","modified_gmt":"2025-03-25T11:13:22","slug":"powerball","status":"publish","type":"page","link":"https:\/\/lottohoy.com\/es\/informacion\/powerball\/","title":{"rendered":"Informaci\u00f3n de Powerball"},"content":{"rendered":"<p><span style=\"font-weight: 400;\">La <strong>Powerball<\/strong> es la loter\u00eda m\u00e1s importante de Am\u00e9rica (junto con la <a href=\"https:\/\/lottohoy.com\/es\/jugar\/mega-millions\/\">MegaMillions<\/a>), son las \u201cloter\u00edas\u201d con mayor repercusi\u00f3n de Am\u00e9rica. S<\/span><span style=\"font-weight: 400;\">e juega en 44 estados, adem\u00e1s de Puerto Rico y Las Islas V\u00edrgenes de EE.UU. Y a partir de ahora tambi\u00e9n puedes <a href=\"https:\/\/lottohoy.com\/es\/jugar\/powerball\/\">comprar Powerball online<\/a> en LottoHoy.<\/span> <!--more--><\/p>\n<h2><b>Powerball loter\u00eda<\/b><\/h2>\n<p><span style=\"font-weight: 400;\">Los rasgos m\u00e1s caracter\u00edsticos de esta loter\u00eda es que dispone un <strong>bote m\u00ednimo inicial de 40 millones de d\u00f3lares<\/strong> que se ir\u00e1 incrementando sin l\u00edmite en caso de no haber ganadores de la primera categor\u00eda. <\/span> <span style=\"font-weight: 400;\">Los <strong>ganadores del premio de categor\u00eda especial<\/strong> pueden optar por cobrar el premio en met\u00e1lico de una sola vez (<\/span><i><span style=\"font-weight: 400;\">descontando los impuestos y gastos)<\/span><\/i><span style=\"font-weight: 400;\"> o bien percibirlo repartido en 30 anualidades.<\/span> <span style=\"font-weight: 400;\">.No existe limite en la cantidad que pudiese acumularse los consecutivos botes. El \u00faltimo <a href=\"https:\/\/lottohoy.com\/es\/el-bote-mas-grande-de-la-historia-de-powerball\/\">gran bote de Powerball<\/a> <del>fue de <strong>1.500 millones<\/strong> de d\u00f3lares<\/del>. En noviembre de 2022 supero esa cifra; dejando record hasta hasta fecha actual en $2.040 M<\/span><\/p>\n<h2>\u00bfCu\u00e1nto cuestan los boletos de Powerball?<\/h2>\n<p>Puedes jugar Powerball online en LottoHoy desde 3,95\u20ac. Esta es la mejor opci\u00f3n que ofrece cualquier agente online. Recuerda que jugar Powerball en LottoHoy es c\u00f3mo hacerlo directamente en USA. Actuamos en su nombre, comprando el boleto en un minorista oficial para que tenga la garant\u00eda de recibir sus ganancias.<\/p>\n<h2><b>\u00bfCu\u00e1ndo se juega el Powerball?<\/b><\/h2>\n<p><span style=\"font-weight: 400;\">Los sorteos oficiales de Powerball se realizan todos los <strong>lunes<\/strong>, <strong>mi\u00e9rcoles y s\u00e1bados a las 22:59 h. (EAST time)<\/strong> en Florida, Estados Unidos.<\/span> <span style=\"font-weight: 400;\">Los sorteos son televisados para todo el Pa\u00eds, y poco tiempo despu\u00e9s, una vez realizado el escrutinio definitiva, ya se puede ver el <a href=\"https:\/\/lottohoy.com\/es\/resultados\/powerball\/\">resultado de\u00a0Powerball<\/a>\u00a0oficial en nuestra plataforma online.<\/span><\/p>\n<h2><b>\u00bfCu\u00e1nto tiene el bote de Powerball?<\/b><\/h2>\n<p><span style=\"font-weight: 400;\">La <strong>loter\u00eda americana Powerball<\/strong> tiene establecido en su reglamento un premio inicial m\u00ednimo de <strong>40 millones<\/strong> de d\u00f3lares para la primera categor\u00eda.\u00a0<\/span><span style=\"font-weight: 400;\">Este m\u00ednimo se incremente en funci\u00f3n del dinero recogido para el sorteo.<\/span> <span style=\"font-weight: 400;\">En caso de no haber acertante alguno de primer premio, todo el dinero previsto para esa categor\u00eda se acumula para el siguiente sorteo a la cantidad que corresponda a esa primera categor\u00eda, cre\u00e1ndose un <strong>gran bote o jackpot<\/strong>.<\/span><\/p>\n<h2><b>Ventajas de jugar Powerball online<\/b><\/h2>\n<p>Son muchas las ventajas que presenta <a href=\"https:\/\/lottohoy.com\/es\/jugar\/powerball\/\">jugar Powerball<\/a> en LottoHoy a hacerlo a trav\u00e9s de los puntos de venta f\u00edsico. A continuaci\u00f3n os presentamos alguna de ellas:<\/p>\n<ul>\n<li><span style=\"font-weight: 400;\">La comodidad de poder <strong>jugar a cualquier hora<\/strong> del d\u00eda o la noche, 24\/7.<\/span><\/li>\n<li><span style=\"font-weight: 400;\">Se puede <strong>jugar desde cualquier dispositivo<\/strong> m\u00f3vil, una Tablet o un ordenador.<\/span><\/li>\n<li><span style=\"font-weight: 400;\"><strong>Cualquier persona puede jugar<\/strong> desde cualquier punto geogr\u00e1fico con una simple conexi\u00f3n a internet.<\/span><\/li>\n<li><span style=\"font-weight: 400;\">Es <strong>100% seguro<\/strong>. Se compra directamente el boleto al establecimiento autorizado (u entidad que ofrece servicio) y de esa forma <strong>la participaci\u00f3n es real<\/strong>.<\/span><\/li>\n<li>Los <strong>premios se ingresan autom\u00e1ticamente<\/strong> en tu cuenta de usuario despu\u00e9s de cada sorteo.<\/li>\n<li><span style=\"font-weight: 400;\">Puedes consultar todas las operaciones realizadas desde tu <a href=\"https:\/\/lottohoy.com\/es\/registro-abrir-tu-cuenta-de-jugador\/\">perfil de usuario<\/a>.<\/span><\/li>\n<li><span style=\"font-weight: 400;\">La <strong>custodia de los boletos<\/strong> adquiridos, evitando de esa manera las posibles p\u00e9rdidas u olvidos.<\/span><\/li>\n<li><span style=\"font-weight: 400;\">Una <strong>amplia variedad de m\u00e9todos de pago<\/strong>, ingresos y retiros.<\/span><\/li>\n<\/ul>\n<h2><strong>Probabilidades de ganar el PowerBall<\/strong><\/h2>\n<p>A continuaci\u00f3n puedes ver la <strong>probabilidad de ser el ganador<\/strong> en cada una de las categor\u00edas de Powerball. <!--more--><\/p>\n","protected":false},"excerpt":{"rendered":"<p>La Powerball es la loter\u00eda m\u00e1s importante de Am\u00e9rica (junto con la MegaMillions), son las \u201cloter\u00edas\u201d con mayor repercusi\u00f3n de Am\u00e9rica. Se juega en 44 estados, adem\u00e1s de Puerto Rico y Las Islas V\u00edrgenes de EE.UU. Y a partir de ahora tambi\u00e9n puedes comprar Powerball online en LottoHoy.<\/p>\n","protected":false},"author":2,"featured_media":0,"parent":166,"menu_order":1,"comment_status":"closed","ping_status":"closed","template":"powerball-usa-info.php","meta":{"_et_pb_use_builder":"","_et_pb_old_content":"","_et_gb_content_width":"","exclude_from_search":false,"footnotes":""},"class_list":["post-171","page","type-page","status-publish","hentry"],"yoast_head":"<!-- This site is optimized with the Yoast SEO plugin v23.7 - https:\/\/yoast.com\/wordpress\/plugins\/seo\/ -->\n<title>Informaci\u00f3n de Powerball, la loter\u00eda de USA - LottoHoy.com<\/title>\n<meta name=\"description\" content=\"La Powerball es la loter\u00eda m\u00e1s importante de EEUU (junto con la MegaMillions). Y ahora puedes jugar desde cualquier parte del mundo con LottoHoy.\" \/>\n<meta name=\"robots\" content=\"index, follow, max-snippet:-1, max-image-preview:large, max-video-preview:-1\" \/>\n<link rel=\"canonical\" href=\"https:\/\/lottohoy.com\/es\/informacion\/powerball\/\" \/>\n<meta property=\"og:locale\" content=\"es_ES\" \/>\n<meta property=\"og:type\" content=\"article\" \/>\n<meta property=\"og:title\" content=\"Informaci\u00f3n de Powerball, la loter\u00eda de USA - LottoHoy.com\" \/>\n<meta property=\"og:description\" content=\"La Powerball es la loter\u00eda m\u00e1s importante de EEUU (junto con la MegaMillions). Y ahora puedes jugar desde cualquier parte del mundo con LottoHoy.\" \/>\n<meta property=\"og:url\" content=\"https:\/\/lottohoy.com\/es\/informacion\/powerball\/\" \/>\n<meta property=\"og:site_name\" content=\"Lottohoy\" \/>\n<meta property=\"article:modified_time\" content=\"2025-03-25T11:13:22+00:00\" \/>\n<meta name=\"twitter:card\" content=\"summary_large_image\" \/>\n<meta name=\"twitter:label1\" content=\"Tiempo de lectura\" \/>\n\t<meta name=\"twitter:data1\" content=\"3 minutos\" \/>\n<script type=\"application\/ld+json\" class=\"yoast-schema-graph\">{\"@context\":\"https:\/\/schema.org\",\"@graph\":[{\"@type\":\"WebPage\",\"@id\":\"https:\/\/lottohoy.com\/es\/informacion\/powerball\/\",\"url\":\"https:\/\/lottohoy.com\/es\/informacion\/powerball\/\",\"name\":\"Informaci\u00f3n de Powerball, la loter\u00eda de USA - LottoHoy.com\",\"isPartOf\":{\"@id\":\"https:\/\/lottohoy.com\/es\/#website\"},\"datePublished\":\"2018-05-03T13:23:34+00:00\",\"dateModified\":\"2025-03-25T11:13:22+00:00\",\"description\":\"La Powerball es la loter\u00eda m\u00e1s importante de EEUU (junto con la MegaMillions). Y ahora puedes jugar desde cualquier parte del mundo con LottoHoy.\",\"breadcrumb\":{\"@id\":\"https:\/\/lottohoy.com\/es\/informacion\/powerball\/#breadcrumb\"},\"inLanguage\":\"es\",\"potentialAction\":[{\"@type\":\"ReadAction\",\"target\":[\"https:\/\/lottohoy.com\/es\/informacion\/powerball\/\"]}]},{\"@type\":\"BreadcrumbList\",\"@id\":\"https:\/\/lottohoy.com\/es\/informacion\/powerball\/#breadcrumb\",\"itemListElement\":[{\"@type\":\"ListItem\",\"position\":1,\"name\":\"Home\",\"item\":\"https:\/\/lottohoy.com\/es\/\"},{\"@type\":\"ListItem\",\"position\":2,\"name\":\"Todo sobre la loter\u00eda online\",\"item\":\"https:\/\/lottohoy.com\/es\/informacion\/\"},{\"@type\":\"ListItem\",\"position\":3,\"name\":\"Informaci\u00f3n de Powerball\"}]},{\"@type\":\"WebSite\",\"@id\":\"https:\/\/lottohoy.com\/es\/#website\",\"url\":\"https:\/\/lottohoy.com\/es\/\",\"name\":\"Lottohoy\",\"description\":\"\",\"potentialAction\":[{\"@type\":\"SearchAction\",\"target\":{\"@type\":\"EntryPoint\",\"urlTemplate\":\"https:\/\/lottohoy.com\/es\/?s={search_term_string}\"},\"query-input\":{\"@type\":\"PropertyValueSpecification\",\"valueRequired\":true,\"valueName\":\"search_term_string\"}}],\"inLanguage\":\"es\"}]}<\/script>\n<!-- \/ Yoast SEO plugin. -->","yoast_head_json":{"title":"Informaci\u00f3n de Powerball, la loter\u00eda de USA - LottoHoy.com","description":"La Powerball es la loter\u00eda m\u00e1s importante de EEUU (junto con la MegaMillions). Y ahora puedes jugar desde cualquier parte del mundo con LottoHoy.","robots":{"index":"index","follow":"follow","max-snippet":"max-snippet:-1","max-image-preview":"max-image-preview:large","max-video-preview":"max-video-preview:-1"},"canonical":"https:\/\/lottohoy.com\/es\/informacion\/powerball\/","og_locale":"es_ES","og_type":"article","og_title":"Informaci\u00f3n de Powerball, la loter\u00eda de USA - LottoHoy.com","og_description":"La Powerball es la loter\u00eda m\u00e1s importante de EEUU (junto con la MegaMillions). Y ahora puedes jugar desde cualquier parte del mundo con LottoHoy.","og_url":"https:\/\/lottohoy.com\/es\/informacion\/powerball\/","og_site_name":"Lottohoy","article_modified_time":"2025-03-25T11:13:22+00:00","twitter_card":"summary_large_image","twitter_misc":{"Tiempo de lectura":"3 minutos"},"schema":{"@context":"https:\/\/schema.org","@graph":[{"@type":"WebPage","@id":"https:\/\/lottohoy.com\/es\/informacion\/powerball\/","url":"https:\/\/lottohoy.com\/es\/informacion\/powerball\/","name":"Informaci\u00f3n de Powerball, la loter\u00eda de USA - LottoHoy.com","isPartOf":{"@id":"https:\/\/lottohoy.com\/es\/#website"},"datePublished":"2018-05-03T13:23:34+00:00","dateModified":"2025-03-25T11:13:22+00:00","description":"La Powerball es la loter\u00eda m\u00e1s importante de EEUU (junto con la MegaMillions). Y ahora puedes jugar desde cualquier parte del mundo con LottoHoy.","breadcrumb":{"@id":"https:\/\/lottohoy.com\/es\/informacion\/powerball\/#breadcrumb"},"inLanguage":"es","potentialAction":[{"@type":"ReadAction","target":["https:\/\/lottohoy.com\/es\/informacion\/powerball\/"]}]},{"@type":"BreadcrumbList","@id":"https:\/\/lottohoy.com\/es\/informacion\/powerball\/#breadcrumb","itemListElement":[{"@type":"ListItem","position":1,"name":"Home","item":"https:\/\/lottohoy.com\/es\/"},{"@type":"ListItem","position":2,"name":"Todo sobre la loter\u00eda online","item":"https:\/\/lottohoy.com\/es\/informacion\/"},{"@type":"ListItem","position":3,"name":"Informaci\u00f3n de Powerball"}]},{"@type":"WebSite","@id":"https:\/\/lottohoy.com\/es\/#website","url":"https:\/\/lottohoy.com\/es\/","name":"Lottohoy","description":"","potentialAction":[{"@type":"SearchAction","target":{"@type":"EntryPoint","urlTemplate":"https:\/\/lottohoy.com\/es\/?s={search_term_string}"},"query-input":{"@type":"PropertyValueSpecification","valueRequired":true,"valueName":"search_term_string"}}],"inLanguage":"es"}]}},"_links":{"self":[{"href":"https:\/\/lottohoy.com\/es\/wp-json\/wp\/v2\/pages\/171","targetHints":{"allow":["GET"]}}],"collection":[{"href":"https:\/\/lottohoy.com\/es\/wp-json\/wp\/v2\/pages"}],"about":[{"href":"https:\/\/lottohoy.com\/es\/wp-json\/wp\/v2\/types\/page"}],"author":[{"embeddable":true,"href":"https:\/\/lottohoy.com\/es\/wp-json\/wp\/v2\/users\/2"}],"replies":[{"embeddable":true,"href":"https:\/\/lottohoy.com\/es\/wp-json\/wp\/v2\/comments?post=171"}],"version-history":[{"count":10,"href":"https:\/\/lottohoy.com\/es\/wp-json\/wp\/v2\/pages\/171\/revisions"}],"predecessor-version":[{"id":16757,"href":"https:\/\/lottohoy.com\/es\/wp-json\/wp\/v2\/pages\/171\/revisions\/16757"}],"up":[{"embeddable":true,"href":"https:\/\/lottohoy.com\/es\/wp-json\/wp\/v2\/pages\/166"}],"wp:attachment":[{"href":"https:\/\/lottohoy.com\/es\/wp-json\/wp\/v2\/media?parent=171"}],"curies":[{"name":"wp","href":"https:\/\/api.w.org\/{rel}","templated":true}]}}